{"id":10116,"date":"2023-09-07T20:16:05","date_gmt":"2023-09-07T20:16:05","guid":{"rendered":"https:\/\/natus.com\/olympic-vac-pac\/"},"modified":"2024-12-20T22:09:40","modified_gmt":"2024-12-20T22:09:40","slug":"olympic-vac-pac-pour-le-positionnement-du-patient","status":"publish","type":"page","link":"https:\/\/natus.com\/fr\/neuro\/olympic-vac-pac-pour-le-positionnement-du-patient\/","title":{"rendered":"Olympic Vac-Pac\u00ae pour le positionnement du patient"},"content":{"rendered":"","protected":false},"excerpt":{"rendered":"","protected":false},"author":3,"featured_media":0,"parent":10461,"menu_order":0,"comment_status":"closed","ping_status":"closed","template":"templates\/page-neuro-solutions-product-landing.php","meta":{"_acf_changed":false,"footnotes":""},"categories":[187],"tags":[],"class_list":["post-10116","page","type-page","status-publish","hentry","category-medical-chirurgical-fr"],"acf":{"content_blocks":[{"acf_fc_layout":"spacer","_acfe_flexible_toggle":"","spacer":{"module_options":{"":null,"module_id":"n65145318daa50","module_class":"","module_background_type":"color","module_background_color":"#00aaa7","module_background_image":false,"module_background_video":"","activate_custom_padding":false,"padding_top_desktop":"0","padding_top_tablet":"0","padding_top_mobile":"0","padding_bottom_desktop":"0","padding_bottom_tablet":"0","padding_bottom_mobile":"0","activate_custom_margin":false,"margin_top_desktop":"0","margin_top_tablet":"0","margin_top_mobile":"0","margin_bottom_desktop":"0","margin_bottom_tablet":"0","margin_bottom_mobile":"0","disable_on":[],"content_alignment_desktop":"left","content_alignment_tablet":"left","content_alignment_mobile":"left"},"height":"270"}},{"acf_fc_layout":"intro_with_sticky_image","_acfe_flexible_toggle":"","left_content_right_image_sticky":{"module_options":{"":null,"module_id":"n65145318e0fcb","module_class":"","module_background_type":"color","module_background_color":"#f1f1f1","module_background_image":false,"module_background_video":"","activate_custom_padding":false,"padding_top_desktop":"0","padding_top_tablet":"0","padding_top_mobile":"0","padding_bottom_desktop":"0","padding_bottom_tablet":"0","padding_bottom_mobile":"0","activate_custom_margin":false,"margin_top_desktop":"0","margin_top_tablet":"0","margin_top_mobile":"0","margin_bottom_desktop":"0","margin_bottom_tablet":"0","margin_bottom_mobile":"0","disable_on":[],"content_alignment_desktop":"left","content_alignment_tablet":"left","content_alignment_mobile":"left"},"":null,"title":"Olympic Vac-Pac\u00ae pour le positionnement du patient","subheader":"<p>M\u00e9thode de positionnement, de support et d\u2019immobilisation des patients de chirurgie. Olympic Vac-Pac<sup>\u00ae<\/sup>\u00a0prend la forme du corps du patient, le stabilise et l\u2019immobilise\u00a0tout en pr\u00e9servant l\u2019acc\u00e8s aux parties du corps \u00e0 soigner.<\/p>\n<p><span style=\"font-size: 11px;\"> Ce produit n\u2019est pas disponible dans tous les pays. Veuillez contacter Natus pour plus de d\u00e9tails \u00e0 ce sujet.<\/span><\/p>\n","icons":false,"quick_navigation":[{"quick_link":{"type":"url","value":"#contact-neuro","url":"#contact-neuro","name":"#contact-neuro","title":"Contactez Votre Repr\u00e9sentant Natus","target":""}},{"quick_link":{"type":"url","value":"#n6514531ac4c08","url":"#n6514531ac4c08","name":"#n6514531ac4c08","title":"Explorer plus de d\u00e9tails","target":""}}],"description":"","message_label":"Service et Assistance","message_title":"Vous recherchez un service de produit neuro ou une assistance technique ?","message_link":{"type":"post","value":"8358","url":"https:\/\/natus.com\/fr\/assistance\/","name":"Service et Assistance","title":"Service et Assistance Natus","target":""},"right_sticky_image":{"ID":4498,"id":4498,"title":"Vac Pac Main Product Photo - 800x450","filename":"Vac-Pac-Main-Product-Photo-800x450-1.png","filesize":296719,"url":"https:\/\/natus.com\/wp-content\/uploads\/Vac-Pac-Main-Product-Photo-800x450-1.png","link":"https:\/\/natus.com\/fr\/neuro\/olympic-vac-pac-pour-le-positionnement-du-patient\/vac-pac-main-product-photo-800x450-2\/","alt":"Olympic Vac-Pac\u00ae for Patient Positioning","author":"2","description":"","caption":"","name":"vac-pac-main-product-photo-800x450-2","status":"inherit","uploaded_to":10116,"date":"2023-09-14 23:45:37","modified":"2024-07-29 20:21:57","menu_order":0,"mime_type":"image\/png","type":"image","subtype":"png","icon":"https:\/\/natus.com\/wp-includes\/images\/media\/default.png","width":500,"height":850,"sizes":{"thumbnail":"https:\/\/natus.com\/wp-content\/uploads\/Vac-Pac-Main-Product-Photo-800x450-1.png","thumbnail-width":56,"thumbnail-height":96,"medium":"https:\/\/natus.com\/wp-content\/uploads\/Vac-Pac-Main-Product-Photo-800x450-1.png","medium-width":500,"medium-height":850,"medium_large":"https:\/\/natus.com\/wp-content\/uploads\/Vac-Pac-Main-Product-Photo-800x450-1.png","medium_large-width":500,"medium_large-height":850,"large":"https:\/\/natus.com\/wp-content\/uploads\/Vac-Pac-Main-Product-Photo-800x450-1.png","large-width":500,"large-height":850,"1536x1536":"https:\/\/natus.com\/wp-content\/uploads\/Vac-Pac-Main-Product-Photo-800x450-1.png","1536x1536-width":500,"1536x1536-height":850,"2048x2048":"https:\/\/natus.com\/wp-content\/uploads\/Vac-Pac-Main-Product-Photo-800x450-1.png","2048x2048-width":500,"2048x2048-height":850}}}},{"acf_fc_layout":"product_details_right_image_and_left_content","_acfe_flexible_toggle":"","right_image_left_content_single_cta_landing":{"module_options":{"":null,"module_id":"n65145318e8c37","module_class":"","module_background_type":"color","module_background_color":"","module_background_image":false,"module_background_video":"","activate_custom_padding":false,"padding_top_desktop":"0","padding_top_tablet":"0","padding_top_mobile":"0","padding_bottom_desktop":"0","padding_bottom_tablet":"0","padding_bottom_mobile":"0","activate_custom_margin":false,"margin_top_desktop":"0","margin_top_tablet":"0","margin_top_mobile":"0","margin_bottom_desktop":"0","margin_bottom_tablet":"0","margin_bottom_mobile":"0","disable_on":[],"content_alignment_desktop":"left","content_alignment_tablet":"left","content_alignment_mobile":"left"},"":null,"label":"","title":"Con\u00e7u pour le patient en priorit\u00e9","description":"<p><strong>Confortable par d\u00e9finition<\/strong><br \/>\nUne fois le patient orient\u00e9 sur la table d\u2019op\u00e9ration dans la position voulue par les chirurgiens, les coussinets souples du Vac-Pac se moulent autour du corps du patient. En 15 secondes, le vide est fait dans les coussinets de mani\u00e8re \u00e0 cr\u00e9er une pression atmosph\u00e9rique externe qui force les billes \u00e0 s\u2019agglutiner les unes aux autres. R\u00e9sultat : une coque ferme et solide qui stabilise le patient confortablement.<\/p>\n<p>&nbsp;<\/p>\n<p><strong>Intelligent par d\u00e9finition\u00a0<\/strong><br \/>\nIl existe 7 formes et tailles diff\u00e9rentes. Choisissez celle qui vous convient le mieux pour chaque positionnement. Les patients peuvent se positionner rapidement et sans peine. S\u2019il le faut, les patients peuvent \u00eatre repositionn\u00e9s. Chaque syst\u00e8me s\u2019utilise avec un source de vide quelconque, y compris avec les aspirateurs muraux et les pompes d\u2019aspiration.<\/p>\n<p>&nbsp;<\/p>\n<p><strong>S\u00fbr par d\u00e9finition <\/strong><br \/>\nLes Vac-Pacs se nettoient facilement avec des d\u00e9tergents liquides courants et se r\u00e9utilisent pendant des ann\u00e9es. Essuyez tout simplement la coque avec un agent de nettoyage apr\u00e8s chaque utilisation. S\u2019utilise en option avec des couvertures jetables Vac-Pac. Les couvertures sont fabriqu\u00e9es en drap chirurgical non st\u00e9rile et ne contiennent pas de latex de caoutchouc naturel. Voir les tarifs compl\u00e9mentaires ci-dessous.<\/p>\n<p>&nbsp;<\/p>\n<p><strong>Le Vac-Pac est bien utile dans de nombreuses proc\u00e9dures comme :<\/strong><br \/>\n<span style=\"font-size: 15px;\">\u2022 Les chirurgies plastiques et ophtalmologiques<\/span><br \/>\n<span style=\"font-size: 15px;\">\u2022 La chirurgie de la thyro\u00efde<\/span><br \/>\n<span style=\"font-size: 15px;\">\u2022 Les op\u00e9rations des reins<\/span><br \/>\n<span style=\"font-size: 15px;\">\u2022 Les proc\u00e9dures d\u2019obst\u00e9trique, de gyn\u00e9cologie ou d\u2019urologie<\/span><br \/>\n<span style=\"font-size: 15px;\">\u2022 L\u2019acc\u00e8s aux voies respiratoires<\/span><br \/>\n<span style=\"font-size: 15px;\">\u2022 Chirurgies par arthroscopie ou chirurgies ouvertes de l\u2019\u00e9paule<\/span><br \/>\n<span style=\"font-size: 15px;\">\u2022 Positionnement lat\u00e9ral pour les chirurgies de la hanche, de l\u2019\u00e9paule, les thoracotomies, les n\u00e9phrectomies, les liposuccions etc.<\/span><\/p>\n","link":null,"image":{"ID":6242,"id":6242,"title":"olympic_vac-pac_product_overview_resized","filename":"olympic_vac-pac_product_overview_resized.jpg","filesize":68124,"url":"https:\/\/natus.com\/wp-content\/uploads\/olympic_vac-pac_product_overview_resized.jpg","link":"https:\/\/natus.com\/fr\/neuro\/olympic-vac-pac-pour-le-positionnement-du-patient\/olympic_vac-pac_product_overview_resized-2\/","alt":"Olympic Vac-Pac Infographic","author":"3","description":"","caption":"","name":"olympic_vac-pac_product_overview_resized-2","status":"inherit","uploaded_to":10116,"date":"2023-09-21 18:14:41","modified":"2024-07-26 16:54:35","menu_order":0,"mime_type":"image\/jpeg","type":"image","subtype":"jpeg","icon":"https:\/\/natus.com\/wp-includes\/images\/media\/default.png","width":800,"height":450,"sizes":{"thumbnail":"https:\/\/natus.com\/wp-content\/uploads\/olympic_vac-pac_product_overview_resized.jpg","thumbnail-width":128,"thumbnail-height":72,"medium":"https:\/\/natus.com\/wp-content\/uploads\/olympic_vac-pac_product_overview_resized.jpg","medium-width":800,"medium-height":450,"medium_large":"https:\/\/natus.com\/wp-content\/uploads\/olympic_vac-pac_product_overview_resized-768x432.jpg","medium_large-width":768,"medium_large-height":432,"large":"https:\/\/natus.com\/wp-content\/uploads\/olympic_vac-pac_product_overview_resized.jpg","large-width":800,"large-height":450,"1536x1536":"https:\/\/natus.com\/wp-content\/uploads\/olympic_vac-pac_product_overview_resized.jpg","1536x1536-width":800,"1536x1536-height":450,"2048x2048":"https:\/\/natus.com\/wp-content\/uploads\/olympic_vac-pac_product_overview_resized.jpg","2048x2048-width":800,"2048x2048-height":450}},"activate_image_caption":false,"image_caption_description":""}},{"acf_fc_layout":"product_information","_acfe_flexible_toggle":"","left_accordion_right_image_landing":{"module_options":{"":null,"module_id":"n6514531ac4c08","module_class":"","module_background_type":"color","module_background_color":"","module_background_image":false,"module_background_video":"","activate_custom_padding":false,"padding_top_desktop":"0","padding_top_tablet":"0","padding_top_mobile":"0","padding_bottom_desktop":"0","padding_bottom_tablet":"0","padding_bottom_mobile":"0","activate_custom_margin":false,"margin_top_desktop":"0","margin_top_tablet":"0","margin_top_mobile":"0","margin_bottom_desktop":"0","margin_bottom_tablet":"0","margin_bottom_mobile":"0","disable_on":[],"content_alignment_desktop":"left","content_alignment_tablet":"left","content_alignment_mobile":"left"},"intro":"Information Produit","description":"","accordion":[{"title":"Tableau des tailles","accordion_content":[{"acf_fc_layout":"full_content","accordion_description":"<p><strong>Tableau des tailles de Vac-Pac<\/strong><\/p>\n<table style=\"width: 75%;\" border=\"1\" cellspacing=\"0\" cellpadding=\"0\">\n<thead>\n<tr>\n<th scope=\"col\">Taille<\/th>\n<th scope=\"col\">Description<\/th>\n<\/tr>\n<\/thead>\n<tbody>\n<tr>\n<td>\u00a0Taille 11<\/td>\n<td>\u00a0En U<\/td>\n<\/tr>\n<tr>\n<td>\u00a0Taille 23<\/td>\n<td>\u00a0Petite avec d\u00e9coupe en U<\/td>\n<\/tr>\n<tr>\n<td>\u00a0Taille 30<\/td>\n<td>\u00a0Moyenne avec d\u00e9coupe en U<\/td>\n<\/tr>\n<tr>\n<td>\u00a0Taille 31<\/td>\n<td>\u00a0Grande avec d\u00e9coupe en U<\/td>\n<\/tr>\n<tr>\n<td>\u00a0Taille 32<\/td>\n<td>\u00a0Tr\u00e8s grande avec d\u00e9coupe en U<\/td>\n<\/tr>\n<tr>\n<td>\u00a0Taille 35<\/td>\n<td>\u00a0En T avec rabats<\/td>\n<\/tr>\n<tr>\n<td>\u00a0Taille 40<\/td>\n<td>\u00a0Rectangle de grande taille<\/td>\n<\/tr>\n<\/tbody>\n<\/table>\n<p>&nbsp;<\/p>\n<p><strong>Couvertures jetables Vac-Pac<\/strong><\/p>\n<table style=\"width: 75%;\" border=\"1\" cellspacing=\"0\" cellpadding=\"0\">\n<thead>\n<tr>\n<th scope=\"col\">R\u00e9f\u00e9rence<\/th>\n<th scope=\"col\">Taille<\/th>\n<th scope=\"col\">Quantit\u00e9<\/th>\n<\/tr>\n<\/thead>\n<tbody>\n<tr>\n<td>\u00a0VPC30<\/td>\n<td>\u00a0Taille 30<\/td>\n<td>\u00a030 par bo\u00eete<\/td>\n<\/tr>\n<tr>\n<td>\u00a0VPC31<\/td>\n<td>\u00a0Taille 31<\/td>\n<td>\u00a030 par bo\u00eete<\/td>\n<\/tr>\n<tr>\n<td>\u00a0VPC32<\/td>\n<td>\u00a0Taille 32<\/td>\n<td>\u00a030 par bo\u00eete<\/td>\n<\/tr>\n<tr>\n<td>\u00a0VPC40<\/td>\n<td>\u00a0Taille 40<\/td>\n<td>\u00a015 par bo\u00eete<\/td>\n<\/tr>\n<\/tbody>\n<\/table>\n<p>&nbsp;<\/p>\n"}]},{"title":"T\u00e9l\u00e9chargement de la documentation produit","accordion_content":[{"acf_fc_layout":"full_content","accordion_description":"<p><a href=\"https:\/\/natus.bynder.com\/m\/862044c26dd00610\/original\/Olympic-Vac-Pac-Brochure.pdf\">Brochure de l\u2019Olympic Vac-Pac<\/a><\/p>\n"}]}],"image_left":false}},{"acf_fc_layout":"contact_form","_acfe_flexible_toggle":"","contact_form_landing":{"module_options":{"":null,"module_id":"contact-neuro","module_class":"","module_background_type":"color","module_background_color":"","module_background_image":false,"module_background_video":"","activate_custom_padding":false,"padding_top_desktop":"0","padding_top_tablet":"0","padding_top_mobile":"0","padding_bottom_desktop":"0","padding_bottom_tablet":"0","padding_bottom_mobile":"0","activate_custom_margin":false,"margin_top_desktop":"0","margin_top_tablet":"0","margin_top_mobile":"0","margin_bottom_desktop":"0","margin_bottom_tablet":"0","margin_bottom_mobile":"0","disable_on":[],"content_alignment_desktop":"left","content_alignment_tablet":"left","content_alignment_mobile":"left"},"":null,"activate_intro":true,"intro_text":"Contactez votre repr\u00e9sentant Natus","intro_text_color":"#005e63","intro_link":null,"activate_description":true,"description_title":"","description_copy":"Pour plus d'informations sur ce produit ou tout autre produit, veuillez nous envoyer un message \u00e0 l'aide du formulaire ci-dessous.","embed_code":"<script charset=\"utf-8\" type=\"text\/javascript\" src=\"\/\/js.hsforms.net\/forms\/embed\/v2.js\"><\/script>\r\n<script>\r\n  hbspt.forms.create({\r\n    region: \"na1\",\r\n    portalId: \"3002890\",\r\n    formId: \"0f52793d-5376-4e07-bfe5-62ef62c95d16\"\r\n  });\r\n<\/script>"}},{"acf_fc_layout":"simple_content","_acfe_flexible_toggle":"","content_full_width_landing":{"module_options":{"":null,"module_id":"n651453207902b","module_class":"","module_background_type":"color","module_background_color":"","module_background_image":false,"module_background_video":"","activate_custom_padding":false,"padding_top_desktop":"0","padding_top_tablet":"0","padding_top_mobile":"0","padding_bottom_desktop":"0","padding_bottom_tablet":"0","padding_bottom_mobile":"0","activate_custom_margin":false,"margin_top_desktop":"0","margin_top_tablet":"0","margin_top_mobile":"0","margin_bottom_desktop":"0","margin_bottom_tablet":"0","margin_bottom_mobile":"0","disable_on":[],"content_alignment_desktop":"left","content_alignment_tablet":"left","content_alignment_mobile":"left"},"content":"<p><span style=\"font-size: 11px;\">004495 RevG<\/span><\/p>\n"}}]},"_links":{"self":[{"href":"https:\/\/natus.com\/fr\/wp-json\/wp\/v2\/pages\/10116","targetHints":{"allow":["GET"]}}],"collection":[{"href":"https:\/\/natus.com\/fr\/wp-json\/wp\/v2\/pages"}],"about":[{"href":"https:\/\/natus.com\/fr\/wp-json\/wp\/v2\/types\/page"}],"author":[{"embeddable":true,"href":"https:\/\/natus.com\/fr\/wp-json\/wp\/v2\/users\/3"}],"replies":[{"embeddable":true,"href":"https:\/\/natus.com\/fr\/wp-json\/wp\/v2\/comments?post=10116"}],"version-history":[{"count":4,"href":"https:\/\/natus.com\/fr\/wp-json\/wp\/v2\/pages\/10116\/revisions"}],"predecessor-version":[{"id":20559,"href":"https:\/\/natus.com\/fr\/wp-json\/wp\/v2\/pages\/10116\/revisions\/20559"}],"up":[{"embeddable":true,"href":"https:\/\/natus.com\/fr\/wp-json\/wp\/v2\/pages\/10461"}],"wp:attachment":[{"href":"https:\/\/natus.com\/fr\/wp-json\/wp\/v2\/media?parent=10116"}],"wp:term":[{"taxonomy":"category","embeddable":true,"href":"https:\/\/natus.com\/fr\/wp-json\/wp\/v2\/categories?post=10116"},{"taxonomy":"post_tag","embeddable":true,"href":"https:\/\/natus.com\/fr\/wp-json\/wp\/v2\/tags?post=10116"}],"curies":[{"name":"wp","href":"https:\/\/api.w.org\/{rel}","templated":true}]}}