{"id":11197,"date":"2023-08-30T15:47:52","date_gmt":"2023-08-30T15:47:52","guid":{"rendered":"https:\/\/natus.com\/neuro\/natus-sleepworks-v44-psg-diagnostic-system\/"},"modified":"2026-01-29T18:24:05","modified_gmt":"2026-01-29T18:24:05","slug":"systeme-de-diagnostic-sleepworks-v44-psg-de-natus","status":"publish","type":"page","link":"https:\/\/natus.com\/fr\/neuro\/systeme-de-diagnostic-sleepworks-v44-psg-de-natus\/","title":{"rendered":"Syst\u00e8me de diagnostic SleepWorks\u2122 v44 PSG de Natus\u00ae"},"content":{"rendered":"","protected":false},"excerpt":{"rendered":"","protected":false},"author":3,"featured_media":0,"parent":10461,"menu_order":0,"comment_status":"closed","ping_status":"closed","template":"templates\/page-neuro-solutions-product-landing.php","meta":{"_acf_changed":false,"footnotes":""},"categories":[179],"tags":[241],"class_list":["post-11197","page","type-page","status-publish","hentry","category-psg-polysomnographie-fr","tag-tests-laboratoire-fr"],"acf":{"content_blocks":[{"acf_fc_layout":"spacer","_acfe_flexible_layout_title":null,"_acfe_flexible_toggle":null,"spacer":{"module_options":{"":null,"module_id":"n651450dc7c23d","module_class":"","module_background_type":"color","module_background_color":"#00aaa7","module_background_image":false,"module_background_video":"","activate_custom_padding":false,"padding_top_desktop":"0","padding_top_tablet":"0","padding_top_mobile":"0","padding_bottom_desktop":"0","padding_bottom_tablet":"0","padding_bottom_mobile":"0","activate_custom_margin":false,"margin_top_desktop":"0","margin_top_tablet":"0","margin_top_mobile":"0","margin_bottom_desktop":"0","margin_bottom_tablet":"0","margin_bottom_mobile":"0","disable_on":[],"content_alignment_desktop":"left","content_alignment_tablet":"left","content_alignment_mobile":"left"},"height":"270"}},{"acf_fc_layout":"intro_with_sticky_image","_acfe_flexible_layout_title":null,"_acfe_flexible_toggle":null,"left_content_right_image_sticky":{"module_options":{"":null,"module_id":"n651450dc837b2","module_class":"","module_background_type":"color","module_background_color":"#f1f1f1","module_background_image":false,"module_background_video":"","activate_custom_padding":false,"padding_top_desktop":"0","padding_top_tablet":"0","padding_top_mobile":"0","padding_bottom_desktop":"0","padding_bottom_tablet":"0","padding_bottom_mobile":"0","activate_custom_margin":false,"margin_top_desktop":"0","margin_top_tablet":"0","margin_top_mobile":"0","margin_bottom_desktop":"0","margin_bottom_tablet":"0","margin_bottom_mobile":"0","disable_on":[],"content_alignment_desktop":"left","content_alignment_tablet":"left","content_alignment_mobile":"left"},"":null,"title":"Syst\u00e8me de diagnostic SleepWorks\u2122 v44 PSG de Natus\u00ae","subheader":"<p>Avec l\u2019ensemble de ses fonctionnalit\u00e9s et combin\u00e9 \u00e0 l\u2019amplificateur V44, le syst\u00e8me de diagnostic du sommeil SleepWorks joue un r\u00f4le important pour \u00e9tablir le diagnostic des troubles du sommeil. Ce syst\u00e8me de diagnostic complet est con\u00e7u pour r\u00e9pondre aux besoins des cliniques priv\u00e9es, des cliniques du sommeil, des h\u00f4pitaux et des grandes institutions acad\u00e9miques\u00a0; il permet aux laboratoires de d\u00e9clarer leur conformit\u00e9 aux derni\u00e8res recommandations publi\u00e9es par l\u2019AASM (American Academy of Sleep Medicine).<\/p>\n<p>Depuis le lancement d\u2019une \u00e9tude apr\u00e8s que les donn\u00e9es d\u00e9mographiques du patient se renseignent automatiquement depuis le syst\u00e8me de DMI de l\u2019\u00e9tablissement au titrage des th\u00e9rapies avanc\u00e9es d\u2019aujourd\u2019hui, ce syst\u00e8me r\u00e9pond \u00e0 toutes les demandes de PSG, Tout en ayant une gestion des donn\u00e9es fiable et flexible, les fonctionnalit\u00e9s d&rsquo;acquisition et de r\u00e9vision sont les fondements d\u2019une solution robuste qui simplifie les diagnostics des maladies du sommeil.<\/p>\n<p><strong>Caract\u00e9ristiques principales\u00a0:<\/strong><\/p>\n<ul>\n<li>Une grande simplicit\u00e9 de configuration, de collecte et d\u2019analyse des donn\u00e9es et de reporting<\/li>\n<li>L\u2019\u00e9tude commence simplement dans une base de donn\u00e9es int\u00e9gr\u00e9<\/li>\n<li>Les solutions de r\u00e9seau avanc\u00e9es permettent de transmettre des donn\u00e9es depuis n\u2019importe quelle chambre de patient vers n\u2019importe quel syst\u00e8me d&rsquo;acquisition.<\/li>\n<li>Fonctionnalit\u00e9s de s\u00e9curit\u00e9 avanc\u00e9es<\/li>\n<\/ul>\n<p><span style=\"font-size: 11px;\">Disponible uniquement dans certains pays. Veuillez contacter votre distributeur local pour en savoir plus.<\/span><\/p>\n","icons":[{"icon":{"ID":2244,"id":2244,"title":"icon-channels","filename":"icon-channels.png","filesize":1062,"url":"https:\/\/natus.com\/wp-content\/uploads\/icon-channels.png","link":"https:\/\/natus.com\/fr\/neuro\/icon-channels-2\/","alt":"Icon - Channels","author":"2","description":"","caption":"","name":"icon-channels-2","status":"inherit","uploaded_to":10461,"date":"2023-09-07 23:18:48","modified":"2024-07-29 21:18:55","menu_order":0,"mime_type":"image\/png","type":"image","subtype":"png","icon":"https:\/\/natus.com\/wp-includes\/images\/media\/default.png","width":58,"height":43,"sizes":{"thumbnail":"https:\/\/natus.com\/wp-content\/uploads\/icon-channels.png","thumbnail-width":58,"thumbnail-height":43,"medium":"https:\/\/natus.com\/wp-content\/uploads\/icon-channels.png","medium-width":58,"medium-height":43,"medium_large":"https:\/\/natus.com\/wp-content\/uploads\/icon-channels.png","medium_large-width":58,"medium_large-height":43,"large":"https:\/\/natus.com\/wp-content\/uploads\/icon-channels.png","large-width":58,"large-height":43,"1536x1536":"https:\/\/natus.com\/wp-content\/uploads\/icon-channels.png","1536x1536-width":58,"1536x1536-height":43,"2048x2048":"https:\/\/natus.com\/wp-content\/uploads\/icon-channels.png","2048x2048-width":58,"2048x2048-height":43}},"icon_description":"44 Canaux"},{"icon":{"ID":2225,"id":2225,"title":"icon-feature","filename":"icon-feature.png","filesize":1408,"url":"https:\/\/natus.com\/wp-content\/uploads\/icon-feature.png","link":"https:\/\/natus.com\/fr\/neuro\/electromyographe-portatif-dantec-clavis\/icon-feature-2\/","alt":"star","author":"2","description":"Icon - Star","caption":"","name":"icon-feature-2","status":"inherit","uploaded_to":8326,"date":"2023-09-07 22:27:26","modified":"2024-07-29 21:19:16","menu_order":0,"mime_type":"image\/png","type":"image","subtype":"png","icon":"https:\/\/natus.com\/wp-includes\/images\/media\/default.png","width":43,"height":41,"sizes":{"thumbnail":"https:\/\/natus.com\/wp-content\/uploads\/icon-feature.png","thumbnail-width":43,"thumbnail-height":41,"medium":"https:\/\/natus.com\/wp-content\/uploads\/icon-feature.png","medium-width":43,"medium-height":41,"medium_large":"https:\/\/natus.com\/wp-content\/uploads\/icon-feature.png","medium_large-width":43,"medium_large-height":41,"large":"https:\/\/natus.com\/wp-content\/uploads\/icon-feature.png","large-width":43,"large-height":41,"1536x1536":"https:\/\/natus.com\/wp-content\/uploads\/icon-feature.png","1536x1536-width":43,"1536x1536-height":41,"2048x2048":"https:\/\/natus.com\/wp-content\/uploads\/icon-feature.png","2048x2048-width":43,"2048x2048-height":41}},"icon_description":"Contr\u00f4le Et <br \/>\r\nAnalyse \u00c0 <br \/>\r\nDistance"},{"icon":{"ID":2432,"id":2432,"title":"icon-options","filename":"icon-options.png","filesize":1971,"url":"https:\/\/natus.com\/wp-content\/uploads\/icon-options.png","link":"https:\/\/natus.com\/fr\/neuro\/icon-options-2\/","alt":"Icon - Multi Option","author":"2","description":"","caption":"","name":"icon-options-2","status":"inherit","uploaded_to":10461,"date":"2023-09-08 17:24:45","modified":"2024-07-29 21:17:09","menu_order":0,"mime_type":"image\/png","type":"image","subtype":"png","icon":"https:\/\/natus.com\/wp-includes\/images\/media\/default.png","width":47,"height":47,"sizes":{"thumbnail":"https:\/\/natus.com\/wp-content\/uploads\/icon-options.png","thumbnail-width":47,"thumbnail-height":47,"medium":"https:\/\/natus.com\/wp-content\/uploads\/icon-options.png","medium-width":47,"medium-height":47,"medium_large":"https:\/\/natus.com\/wp-content\/uploads\/icon-options.png","medium_large-width":47,"medium_large-height":47,"large":"https:\/\/natus.com\/wp-content\/uploads\/icon-options.png","large-width":47,"large-height":47,"1536x1536":"https:\/\/natus.com\/wp-content\/uploads\/icon-options.png","1536x1536-width":47,"1536x1536-height":47,"2048x2048":"https:\/\/natus.com\/wp-content\/uploads\/icon-options.png","2048x2048-width":47,"2048x2048-height":47}},"icon_description":"Multimodalit\u00e9s"}],"quick_navigation":[{"quick_link":{"type":"url","value":"#contact-neuro","url":"#contact-neuro","name":"#contact-neuro","title":"Contactez Votre Repr\u00e9sentant Natus","target":""}},{"quick_link":{"type":"url","value":"#n651450dc8c30e","url":"#n651450dc8c30e","name":"#n651450dc8c30e","title":"Explorer plus de d\u00e9tails","target":""}}],"description":"","message_label":"Service et Assistance","message_title":"Vous recherchez un service de produit neuro ou une assistance technique ?","message_link":{"type":"post","value":"8358","url":"https:\/\/natus.com\/fr\/assistance\/","name":"Service et Assistance","title":"Service et Assistance Natus","target":""},"right_sticky_image":{"ID":4568,"id":4568,"title":"NicoletOne v44 Sleep System Main Product Photo - 500x850","filename":"NicoletOne-v44-Sleep-System-Main-Product-Photo-500x850-1.png","filesize":289293,"url":"https:\/\/natus.com\/wp-content\/uploads\/NicoletOne-v44-Sleep-System-Main-Product-Photo-500x850-1.png","link":"https:\/\/natus.com\/fr\/neuro\/nicoletone-v44-sleep-system-main-product-photo-500x850-2\/","alt":"NicoletOne\u2122 v44 Sleep Diagnostic System","author":"2","description":"","caption":"","name":"nicoletone-v44-sleep-system-main-product-photo-500x850-2","status":"inherit","uploaded_to":10461,"date":"2023-09-15 01:38:43","modified":"2024-07-29 20:20:59","menu_order":0,"mime_type":"image\/png","type":"image","subtype":"png","icon":"https:\/\/natus.com\/wp-includes\/images\/media\/default.png","width":500,"height":850,"sizes":{"thumbnail":"https:\/\/natus.com\/wp-content\/uploads\/NicoletOne-v44-Sleep-System-Main-Product-Photo-500x850-1.png","thumbnail-width":56,"thumbnail-height":96,"medium":"https:\/\/natus.com\/wp-content\/uploads\/NicoletOne-v44-Sleep-System-Main-Product-Photo-500x850-1.png","medium-width":500,"medium-height":850,"medium_large":"https:\/\/natus.com\/wp-content\/uploads\/NicoletOne-v44-Sleep-System-Main-Product-Photo-500x850-1.png","medium_large-width":500,"medium_large-height":850,"large":"https:\/\/natus.com\/wp-content\/uploads\/NicoletOne-v44-Sleep-System-Main-Product-Photo-500x850-1.png","large-width":500,"large-height":850,"1536x1536":"https:\/\/natus.com\/wp-content\/uploads\/NicoletOne-v44-Sleep-System-Main-Product-Photo-500x850-1.png","1536x1536-width":500,"1536x1536-height":850,"2048x2048":"https:\/\/natus.com\/wp-content\/uploads\/NicoletOne-v44-Sleep-System-Main-Product-Photo-500x850-1.png","2048x2048-width":500,"2048x2048-height":850}}}},{"acf_fc_layout":"product_information","_acfe_flexible_layout_title":null,"_acfe_flexible_toggle":null,"left_accordion_right_image_landing":{"module_options":{"":null,"module_id":"n651450dc8c30e","module_class":"","module_background_type":"color","module_background_color":"#f1f1f1","module_background_image":false,"module_background_video":"","activate_custom_padding":false,"padding_top_desktop":"0","padding_top_tablet":"0","padding_top_mobile":"0","padding_bottom_desktop":"0","padding_bottom_tablet":"0","padding_bottom_mobile":"0","activate_custom_margin":false,"margin_top_desktop":"0","margin_top_tablet":"0","margin_top_mobile":"0","margin_bottom_desktop":"0","margin_bottom_tablet":"0","margin_bottom_mobile":"0","disable_on":[],"content_alignment_desktop":"left","content_alignment_tablet":"left","content_alignment_mobile":"left"},"intro":"Information Produit","description":"","accordion":[{"title":"Mat\u00e9riel","accordion_content":[{"acf_fc_layout":"full_content","accordion_description":"<ul>\n<li>Amplificateur 44 canaux\u00a0; 24 r\u00e9f\u00e9rentiels, 8 bipolaires\/r\u00e9f\u00e9rentiels, 12 CC, 3 SpO<sub>2<\/sub><\/li>\n<li>Taux d&rsquo;\u00e9chantillonnage\u00a0jusqu\u2019\u00e0 2 kHz<\/li>\n<li>Largeur de bande de 0,053\u00a0Hz \u00e0 500 Hz<\/li>\n<li>Capteur de SpO<sub>2<\/sub>\u00a0int\u00e9gr\u00e9<\/li>\n<li>Contr\u00f4le de l\u2019imp\u00e9dance depuis le contr\u00f4leur d\u2019interface ou le logiciel<\/li>\n<\/ul>\n"}]},{"title":"Logiciels","accordion_content":[{"acf_fc_layout":"full_content","accordion_description":"<p>Le\u00a0<a href=\"https:\/\/natus.com\/fr\/neuro\/logiciel-de-psg-sleepworks-de-natus\/\">logiciel SleepWorks de Natus<\/a>\u00a0est une solution de diagnostic du sommeil compl\u00e8te et robuste qui simplifie la configuration, la collecte des donn\u00e9es et leur consultation, l&rsquo;analyse et la g\u00e9n\u00e9ration de rapports pour les \u00e9tudes de sommeil exhaustives. Le rendement est optimis\u00e9 gr\u00e2ce aux interfaces HL7 permettant l\u2019\u00e9change bi-directionnel des donn\u00e9es avec le syst\u00e8me de dossiers patients informatis\u00e9s. Les donn\u00e9es vid\u00e9o et PSG sont analysables et consultables pendant que l&rsquo;\u00e9tude est en cours.<\/p>\n<ul>\n<li>Affichage \u00ab\u00a0Heads-Up\u00a0\u00bb<\/li>\n<li>Conformes aux directives de l\u2019AASM (American Academy of Sleep Medicine)<\/li>\n<li>Outils avanc\u00e9s\n<ul>\n<li>Boucle de volume du flux<\/li>\n<li>XactTrace<sup>\u2122<\/sup>\u00a0\u2013 Canaux XFlow<sup>\u2122<\/sup>, XSum<sup>\u2122<\/sup>, Phase, RMI, XVolume et de fr\u00e9quence respiratoire<\/li>\n<li>Analyse EEGq<\/li>\n<li>Marquage automatis\u00e9e des \u00e9v\u00e8nements<\/li>\n<\/ul>\n<\/li>\n<li>Transmet les donn\u00e9es directement \u00e0 un serveur pour garantir fiabilit\u00e9 et s\u00e9curit\u00e9<\/li>\n<li>Importation et exportation EDF\/EDF+.<\/li>\n<li>S\u00e9curit\u00e9 simplifi\u00e9e bas\u00e9e sur l\u2019attribution de r\u00f4les avec l&rsquo;int\u00e9gration Active Directory<\/li>\n<li>Partenaire Citrix<sup>\u00ae<\/sup><\/li>\n<li>Compatible avec le chiffrement de disque BitLocker<sup>\u2122<\/sup>\u00a0de Microsoft<sup>\u00ae<\/sup><\/li>\n<\/ul>\n"}]},{"title":"Sp\u00e9cifications physiques","accordion_content":[{"acf_fc_layout":"full_content","accordion_description":"<p><strong>Dimensions\u00a0:<\/strong>\u00a0(HxlxP)<\/p>\n<ul>\n<li><strong>Amplificateur v44\u00a0:\u00a0\u00a0<\/strong>23\u00a0cm x 14\u00a0cm x 6\u00a0cm (9\u00a0po x 5,5\u00a0po x 2,25\u00a0po)<\/li>\n<li><strong>T\u00eati\u00e8re HB-4 :<\/strong>\u00a0 16 cm x 4,5 cm x 0,75 cm\u00a0 (6,5\u00a0po x 4,5\u00a0po x 0,75\u00a0po)<\/li>\n<\/ul>\n<p><strong>Poids<\/strong>\u00a0:<\/p>\n<ul>\n<li><strong>Amplificateur v44\u00a0:\u00a0 \u00a0<\/strong>0,82\u00a0kg (1,8 lbs)<\/li>\n<li><strong>T\u00eati\u00e8re HB-4 :<\/strong>\u00a0 0,26 kg (0,6 livres)<\/li>\n<\/ul>\n"}]},{"title":"Consommables","accordion_content":[{"acf_fc_layout":"full_content","accordion_description":"<p>Natus Neuro offre une gamme compl\u00e8te de fournitures qui r\u00e9pondra \u00e0 tous vos besoins en mati\u00e8re de diagnostic du sommeil.<br \/>\n<img loading=\"lazy\" decoding=\"async\" class=\"size-full wp-image-4409 aligncenter\" src=\"https:\/\/natus.com\/wp-content\/uploads\/PSG-Supplies_500w.png\" alt=\"Natus sleep supplies for PSG testing\" width=\"500\" height=\"161\" \/><\/p>\n<ul>\n<li>\u00c9lectrodes \u00e0 cupule Grass<sup>\u00ae<\/sup>\u00a0Genuine Or<\/li>\n<li>\u00c9lectrodes Grass \u00e0 cupule \u00e0 usage unique<\/li>\n<li>Ceintures d&rsquo;effort respiratoire Embla<sup>\u00ae\u00a0<\/sup>XactTrace<sup>\u00ae\u00a0<\/sup>\n<ul>\n<li>\u00c0 usages multiples<\/li>\n<li>Usage unique.<\/li>\n<li>Coup\u00e9 sur mesure<\/li>\n<\/ul>\n<\/li>\n<li>Capteurs physiologiques<\/li>\n<li>Canules<\/li>\n<li>\u00c9lectrodes \u00e0 pression et c\u00e2bles<\/li>\n<li>Gels et p\u00e2tes \u00e0 \u00e9lectrodes<\/li>\n<li>Portail en ligne pratique &#8211; <a href=\"https:\/\/natus.com\/fr\/magasins-natus-medical\/\">Natus Medical Store<\/a> (disponible sur certains march\u00e9s)<\/li>\n<\/ul>\n"}]}],"image_left":false}},{"acf_fc_layout":"related_products","_acfe_flexible_layout_title":null,"_acfe_flexible_toggle":null,"tiles_3_columns_landing":{"module_options":{"":null,"module_id":"n651450dc967cf","module_class":"","module_background_type":"color","module_background_color":"#f1f1f1","module_background_image":false,"module_background_video":"","activate_custom_padding":false,"padding_top_desktop":"0","padding_top_tablet":"0","padding_top_mobile":"0","padding_bottom_desktop":"0","padding_bottom_tablet":"0","padding_bottom_mobile":"0","activate_custom_margin":false,"margin_top_desktop":"0","margin_top_tablet":"0","margin_top_mobile":"0","margin_bottom_desktop":"0","margin_bottom_tablet":"0","margin_bottom_mobile":"0","disable_on":[],"content_alignment_desktop":"left","content_alignment_tablet":"left","content_alignment_mobile":"left"},"intro_text":"Produits Neuro Connexes","intro_text_color":"#005e63","intro_link":{"type":"post","value":"8330","url":"https:\/\/natus.com\/fr\/produits-neuro\/","name":"Produits Neuro","title":"Voir Tous les Produits Neuro","target":""},"tiles":[{"label":"Tests au laboratoire","label_background_color":"#154284","image":{"ID":3557,"id":3557,"title":"Embla NDx Related Product Photo_500x400","filename":"Embla-NDx-Related-Product-500x400-1.png","filesize":198301,"url":"https:\/\/natus.com\/wp-content\/uploads\/Embla-NDx-Related-Product-500x400-1.png","link":"https:\/\/natus.com\/fr\/produits-neuro\/embla-ndx-related-product-photo_500x400-2\/","alt":"Embla NDx","author":"2","description":"","caption":"","name":"embla-ndx-related-product-photo_500x400-2","status":"inherit","uploaded_to":8330,"date":"2023-09-12 04:05:25","modified":"2024-07-29 20:58:28","menu_order":0,"mime_type":"image\/png","type":"image","subtype":"png","icon":"https:\/\/natus.com\/wp-includes\/images\/media\/default.png","width":500,"height":400,"sizes":{"thumbnail":"https:\/\/natus.com\/wp-content\/uploads\/Embla-NDx-Related-Product-500x400-1.png","thumbnail-width":120,"thumbnail-height":96,"medium":"https:\/\/natus.com\/wp-content\/uploads\/Embla-NDx-Related-Product-500x400-1.png","medium-width":500,"medium-height":400,"medium_large":"https:\/\/natus.com\/wp-content\/uploads\/Embla-NDx-Related-Product-500x400-1.png","medium_large-width":500,"medium_large-height":400,"large":"https:\/\/natus.com\/wp-content\/uploads\/Embla-NDx-Related-Product-500x400-1.png","large-width":500,"large-height":400,"1536x1536":"https:\/\/natus.com\/wp-content\/uploads\/Embla-NDx-Related-Product-500x400-1.png","1536x1536-width":500,"1536x1536-height":400,"2048x2048":"https:\/\/natus.com\/wp-content\/uploads\/Embla-NDx-Related-Product-500x400-1.png","2048x2048-width":500,"2048x2048-height":400}},"title":"Amplificateur de PSG Embla\u00ae NDx de Natus\u00ae","link":{"type":"post","value":"10081","url":"https:\/\/natus.com\/fr\/neuro\/amplificateur-de-psg-embla-ndx-de-natus\/","name":"Amplificateur de PSG Embla\u00ae NDx de Natus\u00ae","title":"En Savoir Plus","target":""}},{"label":"Tests au laboratoire","label_background_color":"#154284","image":{"ID":3542,"id":3542,"title":"Embletta Related Product Photo_500x400","filename":"Embletta-Related-Product-Photo_500x400.png","filesize":148924,"url":"https:\/\/natus.com\/wp-content\/uploads\/Embletta-Related-Product-Photo_500x400.png","link":"https:\/\/natus.com\/fr\/neuro\/polysomnographie-psg\/etudes-sommeil-exterieur-centre-medical\/embletta-related-product-photo_500x400-2\/","alt":"Embletta MPR","author":"2","description":"","caption":"","name":"embletta-related-product-photo_500x400-2","status":"inherit","uploaded_to":12686,"date":"2023-09-12 04:03:33","modified":"2024-07-29 20:58:34","menu_order":0,"mime_type":"image\/png","type":"image","subtype":"png","icon":"https:\/\/natus.com\/wp-includes\/images\/media\/default.png","width":500,"height":400,"sizes":{"thumbnail":"https:\/\/natus.com\/wp-content\/uploads\/Embletta-Related-Product-Photo_500x400.png","thumbnail-width":120,"thumbnail-height":96,"medium":"https:\/\/natus.com\/wp-content\/uploads\/Embletta-Related-Product-Photo_500x400.png","medium-width":500,"medium-height":400,"medium_large":"https:\/\/natus.com\/wp-content\/uploads\/Embletta-Related-Product-Photo_500x400.png","medium_large-width":500,"medium_large-height":400,"large":"https:\/\/natus.com\/wp-content\/uploads\/Embletta-Related-Product-Photo_500x400.png","large-width":500,"large-height":400,"1536x1536":"https:\/\/natus.com\/wp-content\/uploads\/Embletta-Related-Product-Photo_500x400.png","1536x1536-width":500,"1536x1536-height":400,"2048x2048":"https:\/\/natus.com\/wp-content\/uploads\/Embletta-Related-Product-Photo_500x400.png","2048x2048-width":500,"2048x2048-height":400}},"title":"Syst\u00e8me d\u2019\u00e9tude du sommeil Embletta\u00ae MPR","link":{"type":"post","value":"10900","url":"https:\/\/natus.com\/fr\/neuro\/systeme-sommeil-embletta-mpr\/","name":"Syst\u00e8me d\u2019\u00e9tude du sommeil Embletta\u00ae MPR","title":"En Savoir Plus","target":""}},{"label":"\u00c9tudes du sommeil \u00e0 l\u2019ext\u00e9rieur du centre m\u00e9dical (OCST)","label_background_color":"#154284","image":{"ID":3676,"id":3676,"title":"Trex HDM Related Product Photo_500x400","filename":"Trex-HDM-Related-Products-Image_500x400.png","filesize":232655,"url":"https:\/\/natus.com\/wp-content\/uploads\/Trex-HDM-Related-Products-Image_500x400.png","link":"https:\/\/natus.com\/fr\/neuro\/trex-hdm-related-product-photo_500x400-2\/","alt":"Trex HDM ","author":"2","description":"","caption":"","name":"trex-hdm-related-product-photo_500x400-2","status":"inherit","uploaded_to":10461,"date":"2023-09-12 18:44:25","modified":"2024-07-29 20:56:20","menu_order":0,"mime_type":"image\/png","type":"image","subtype":"png","icon":"https:\/\/natus.com\/wp-includes\/images\/media\/default.png","width":500,"height":400,"sizes":{"thumbnail":"https:\/\/natus.com\/wp-content\/uploads\/Trex-HDM-Related-Products-Image_500x400.png","thumbnail-width":120,"thumbnail-height":96,"medium":"https:\/\/natus.com\/wp-content\/uploads\/Trex-HDM-Related-Products-Image_500x400.png","medium-width":500,"medium-height":400,"medium_large":"https:\/\/natus.com\/wp-content\/uploads\/Trex-HDM-Related-Products-Image_500x400.png","medium_large-width":500,"medium_large-height":400,"large":"https:\/\/natus.com\/wp-content\/uploads\/Trex-HDM-Related-Products-Image_500x400.png","large-width":500,"large-height":400,"1536x1536":"https:\/\/natus.com\/wp-content\/uploads\/Trex-HDM-Related-Products-Image_500x400.png","1536x1536-width":500,"1536x1536-height":400,"2048x2048":"https:\/\/natus.com\/wp-content\/uploads\/Trex-HDM-Related-Products-Image_500x400.png","2048x2048-width":500,"2048x2048-height":400}},"title":"Syst\u00e8me d\u2019EEG ambulatoire vid\u00e9o de monitorage continu Trex\u2122 HD","link":{"type":"post","value":"9565","url":"https:\/\/natus.com\/fr\/neuro\/systeme-eeg-ambulatoire-video-trex-hd\/","name":"Syst\u00e8me EEG ambulatoire \u00e0 vid\u00e9o continue Trex HD Monitoring","title":"En Savoir Plus","target":""}}]}},{"acf_fc_layout":"contact_form","_acfe_flexible_layout_title":null,"_acfe_flexible_toggle":null,"contact_form_landing":{"module_options":{"":null,"module_id":"contact-neuro","module_class":"","module_background_type":"color","module_background_color":"#f1f1f1","module_background_image":false,"module_background_video":"","activate_custom_padding":false,"padding_top_desktop":"0","padding_top_tablet":"0","padding_top_mobile":"0","padding_bottom_desktop":"0","padding_bottom_tablet":"0","padding_bottom_mobile":"0","activate_custom_margin":false,"margin_top_desktop":"0","margin_top_tablet":"0","margin_top_mobile":"0","margin_bottom_desktop":"0","margin_bottom_tablet":"0","margin_bottom_mobile":"0","disable_on":[],"content_alignment_desktop":"left","content_alignment_tablet":"left","content_alignment_mobile":"left"},"":null,"activate_intro":true,"intro_text":"Contactez votre repr\u00e9sentant Natus","intro_text_color":"#005e63","intro_link":null,"activate_description":true,"description_title":"","description_copy":"Pour plus d'informations sur ce produit ou tout autre produit, veuillez nous envoyer un message \u00e0 l'aide du formulaire ci-dessous.","embed_code":"<script charset=\"utf-8\" type=\"text\/javascript\" src=\"\/\/js.hsforms.net\/forms\/embed\/v2.js\"><\/script>\r\n<script>\r\n  hbspt.forms.create({\r\n    region: \"na1\",\r\n    portalId: \"3002890\",\r\n    formId: \"0f52793d-5376-4e07-bfe5-62ef62c95d16\"\r\n  });\r\n<\/script>"}},{"acf_fc_layout":"simple_content","_acfe_flexible_layout_title":null,"_acfe_flexible_toggle":null,"content_full_width_landing":{"module_options":{"":null,"module_id":"n651450dca4bdd","module_class":"","module_background_type":"color","module_background_color":"","module_background_image":false,"module_background_video":"","activate_custom_padding":false,"padding_top_desktop":"0","padding_top_tablet":"0","padding_top_mobile":"0","padding_bottom_desktop":"0","padding_bottom_tablet":"0","padding_bottom_mobile":"0","activate_custom_margin":false,"margin_top_desktop":"0","margin_top_tablet":"0","margin_top_mobile":"0","margin_bottom_desktop":"0","margin_bottom_tablet":"0","margin_bottom_mobile":"0","disable_on":[],"content_alignment_desktop":"left","content_alignment_tablet":"left","content_alignment_mobile":"left"},"content":"<p><span style=\"font-size: 12px;\">035027 RevA1<\/span><\/p>\n"}}],"schema_markup":[{"acf_fc_layout":"schema_markup_product","_acfe_flexible_layout_title":null,"_acfe_flexible_toggle":null,"schema_markup_product":{"enable_schema":true,"":null,"device_name":"Syst\u00e8me de diagnostic SleepWorks\u2122 v44 PSG de Natus\u00ae","device_image":"https:\/\/natus.com\/wp-content\/uploads\/NicoletOne-v44-Sleep-System-Main-Product-Photo-500x850-1.png","device_desc":"Avec l\u2019ensemble de ses fonctionnalit\u00e9s et combin\u00e9 \u00e0 l\u2019amplificateur V44, le syst\u00e8me de diagnostic du sommeil SleepWorks joue un r\u00f4le important pour \u00e9tablir le diagnostic des troubles du sommeil.","device_purpose":"","manufacturer_name":"Natus Medical Incorporated","manufacturer_url":"https:\/\/natus.com","brand_name":"Natus","page_url":"https:\/\/natus.com\/fr\/neuro\/systeme-de-diagnostic-sleepworks-v44-psg-de-natus\/","in_language":"en","medical_specialty":["Neurologic"]}}]},"_links":{"self":[{"href":"https:\/\/natus.com\/fr\/wp-json\/wp\/v2\/pages\/11197","targetHints":{"allow":["GET"]}}],"collection":[{"href":"https:\/\/natus.com\/fr\/wp-json\/wp\/v2\/pages"}],"about":[{"href":"https:\/\/natus.com\/fr\/wp-json\/wp\/v2\/types\/page"}],"author":[{"embeddable":true,"href":"https:\/\/natus.com\/fr\/wp-json\/wp\/v2\/users\/3"}],"replies":[{"embeddable":true,"href":"https:\/\/natus.com\/fr\/wp-json\/wp\/v2\/comments?post=11197"}],"version-history":[{"count":6,"href":"https:\/\/natus.com\/fr\/wp-json\/wp\/v2\/pages\/11197\/revisions"}],"predecessor-version":[{"id":26108,"href":"https:\/\/natus.com\/fr\/wp-json\/wp\/v2\/pages\/11197\/revisions\/26108"}],"up":[{"embeddable":true,"href":"https:\/\/natus.com\/fr\/wp-json\/wp\/v2\/pages\/10461"}],"wp:attachment":[{"href":"https:\/\/natus.com\/fr\/wp-json\/wp\/v2\/media?parent=11197"}],"wp:term":[{"taxonomy":"category","embeddable":true,"href":"https:\/\/natus.com\/fr\/wp-json\/wp\/v2\/categories?post=11197"},{"taxonomy":"post_tag","embeddable":true,"href":"https:\/\/natus.com\/fr\/wp-json\/wp\/v2\/tags?post=11197"}],"curies":[{"name":"wp","href":"https:\/\/api.w.org\/{rel}","templated":true}]}}