{"id":11288,"date":"2023-08-16T21:23:20","date_gmt":"2023-08-16T21:23:20","guid":{"rendered":"https:\/\/natus.com\/about-us\/"},"modified":"2025-03-27T16:47:15","modified_gmt":"2025-03-27T16:47:15","slug":"a-propos-de-nous","status":"publish","type":"page","link":"https:\/\/natus.com\/fr\/a-propos-de-nous\/","title":{"rendered":"\u00c0 propos de nous"},"content":{"rendered":"","protected":false},"excerpt":{"rendered":"","protected":false},"author":1,"featured_media":0,"parent":0,"menu_order":0,"comment_status":"closed","ping_status":"closed","template":"","meta":{"_acf_changed":false,"footnotes":""},"categories":[],"tags":[],"class_list":["post-11288","page","type-page","status-publish","hentry"],"acf":{"content_blocks":[{"acf_fc_layout":"hero1","_acfe_flexible_toggle":"","hero_locations":{"unique_id":"n6508deb73cc20","background":{"ID":927,"id":927,"title":"locations-hero","filename":"locations-hero.jpg","filesize":249977,"url":"https:\/\/natus.com\/wp-content\/uploads\/locations-hero.jpg","link":"https:\/\/natus.com\/fr\/sites\/locations-hero-2\/","alt":"","author":"1","description":"","caption":"","name":"locations-hero-2","status":"inherit","uploaded_to":8336,"date":"2023-07-30 10:59:34","modified":"2023-09-21 15:29:51","menu_order":0,"mime_type":"image\/jpeg","type":"image","subtype":"jpeg","icon":"https:\/\/natus.com\/wp-includes\/images\/media\/default.png","width":1920,"height":500,"sizes":{"thumbnail":"https:\/\/natus.com\/wp-content\/uploads\/locations-hero.jpg","thumbnail-width":128,"thumbnail-height":33,"medium":"https:\/\/natus.com\/wp-content\/uploads\/locations-hero.jpg","medium-width":1920,"medium-height":500,"medium_large":"https:\/\/natus.com\/wp-content\/uploads\/locations-hero-768x200.jpg","medium_large-width":768,"medium_large-height":200,"large":"https:\/\/natus.com\/wp-content\/uploads\/locations-hero.jpg","large-width":1920,"large-height":500,"1536x1536":"https:\/\/natus.com\/wp-content\/uploads\/locations-hero-1536x400.jpg","1536x1536-width":1536,"1536x1536-height":400,"2048x2048":"https:\/\/natus.com\/wp-content\/uploads\/locations-hero.jpg","2048x2048-width":1920,"2048x2048-height":500}},"h1":"\u00c0 Propos de Nous ","description":""}},{"acf_fc_layout":"spacer","_acfe_flexible_toggle":"","spacer":{"module_options":{"":null,"module_id":"n651dd10f6d680","module_class":"","module_background_type":"color","module_background_color":"#f1f1f1","module_background_image":false,"module_background_video":"","activate_custom_padding":false,"padding_top_desktop":0,"padding_top_tablet":"","padding_top_mobile":"","padding_bottom_desktop":"","padding_bottom_tablet":"","padding_bottom_mobile":"","activate_custom_margin":false,"margin_top_desktop":"","margin_top_tablet":"","margin_top_mobile":"","margin_bottom_desktop":"","margin_bottom_tablet":"","margin_bottom_mobile":"","disable_on":[],"content_alignment_desktop":"left","content_alignment_tablet":"left","content_alignment_mobile":"left"},"height":"100"}},{"acf_fc_layout":"simple_content","_acfe_flexible_toggle":"","content_full_width_landing":{"module_options":{"":null,"module_id":"n6508e22db083b","module_class":"","module_background_type":"color","module_background_color":"rgba(0,170,167,0.9)","module_background_image":false,"module_background_video":"","activate_custom_padding":true,"padding_top_desktop":"60","padding_top_tablet":"50","padding_top_mobile":"50","padding_bottom_desktop":"60","padding_bottom_tablet":"50","padding_bottom_mobile":"50","activate_custom_margin":false,"margin_top_desktop":"0","margin_top_tablet":"0","margin_top_mobile":"0","margin_bottom_desktop":"0","margin_bottom_tablet":"0","margin_bottom_mobile":"0","disable_on":[],"content_alignment_desktop":"left","content_alignment_tablet":"left","content_alignment_mobile":"left"},"content":"<h3 style=\"text-align: left;\"><span style=\"color: #ffffff;\">Qui Sommes-Nous<\/span><\/h3>\n"}},{"acf_fc_layout":"right_image_left_content_single_cta","_acfe_flexible_toggle":"","right_image_left_content_single_cta_landing":{"module_options":{"":null,"module_id":"n6508e22db4acf","module_class":"","module_background_type":"color","module_background_color":"","module_background_image":false,"module_background_video":"","activate_custom_padding":false,"padding_top_desktop":"0","padding_top_tablet":"0","padding_top_mobile":"0","padding_bottom_desktop":"0","padding_bottom_tablet":"0","padding_bottom_mobile":"0","activate_custom_margin":false,"margin_top_desktop":"0","margin_top_tablet":"0","margin_top_mobile":"0","margin_bottom_desktop":"0","margin_bottom_tablet":"0","margin_bottom_mobile":"0","disable_on":[],"content_alignment_desktop":"left","content_alignment_tablet":"left","content_alignment_mobile":"left"},"":null,"label":"","title":"","description":"<h4>Donner un sens aux signaux du corps<\/h4>\n<p>Les professionnels de sant\u00e9 du monde entier font confiance aux solutions propos\u00e9es par Natus pour d\u00e9pister, diagnostiquer et traiter les troubles affectant le cerveau, les voies neuronales et les huit syst\u00e8mes nerveux sensoriels<\/p>\n<p>&nbsp;<\/p>\n<p>Nos meilleures solutions, accompagn\u00e9es de services de maintenance, d\u2019assistance sur le terrain et de <a href=\"https:\/\/natus.com\/education\/\">formation<\/a>, permettent aux cliniciens de faire progresser leur niveau de soins, d\u2019am\u00e9liorer les r\u00e9sultats obtenus chez les patients et la qualit\u00e9 de vie de ces derniers \u2014 dans le monde entier.<\/p>\n<p><strong><a class=\"btn-v1\" href=\"https:\/\/natus.com\/fr\/neuro\/\">Solutions Neuro<\/a>\u00a0 \u00a0<a class=\"btn-v1\" href=\"https:\/\/natus.com\/sensory\/\">\u00a0Solutions Sensory <\/a><\/strong><\/p>\n","link":null,"image":{"ID":5262,"id":5262,"title":"Natus Vision CTA Image","filename":"Natus-Vision-CTA-Image.png","filesize":291357,"url":"https:\/\/natus.com\/wp-content\/uploads\/Natus-Vision-CTA-Image.png","link":"https:\/\/natus.com\/fr\/a-propos-de-nous\/natus-vision-cta-image-2\/","alt":"Natus product areas logo","author":"2","description":"","caption":"","name":"natus-vision-cta-image-2","status":"inherit","uploaded_to":11288,"date":"2023-09-18 23:34:41","modified":"2024-07-26 17:07:28","menu_order":0,"mime_type":"image\/png","type":"image","subtype":"png","icon":"https:\/\/natus.com\/wp-includes\/images\/media\/default.png","width":800,"height":450,"sizes":{"thumbnail":"https:\/\/natus.com\/wp-content\/uploads\/Natus-Vision-CTA-Image.png","thumbnail-width":128,"thumbnail-height":72,"medium":"https:\/\/natus.com\/wp-content\/uploads\/Natus-Vision-CTA-Image.png","medium-width":800,"medium-height":450,"medium_large":"https:\/\/natus.com\/wp-content\/uploads\/Natus-Vision-CTA-Image-768x432.png","medium_large-width":768,"medium_large-height":432,"large":"https:\/\/natus.com\/wp-content\/uploads\/Natus-Vision-CTA-Image.png","large-width":800,"large-height":450,"1536x1536":"https:\/\/natus.com\/wp-content\/uploads\/Natus-Vision-CTA-Image.png","1536x1536-width":800,"1536x1536-height":450,"2048x2048":"https:\/\/natus.com\/wp-content\/uploads\/Natus-Vision-CTA-Image.png","2048x2048-width":800,"2048x2048-height":450}},"activate_image_caption":false,"image_caption_description":""}},{"acf_fc_layout":"simple_content","_acfe_flexible_toggle":"","content_full_width_landing":{"module_options":{"":null,"module_id":"n6508deb75af18","module_class":"","module_background_type":"color","module_background_color":"rgba(0,170,167,0.9)","module_background_image":false,"module_background_video":"","activate_custom_padding":true,"padding_top_desktop":"60","padding_top_tablet":"50","padding_top_mobile":"50","padding_bottom_desktop":"60","padding_bottom_tablet":"50","padding_bottom_mobile":"50","activate_custom_margin":false,"margin_top_desktop":"0","margin_top_tablet":"0","margin_top_mobile":"0","margin_bottom_desktop":"0","margin_bottom_tablet":"0","margin_bottom_mobile":"0","disable_on":[],"content_alignment_desktop":"left","content_alignment_tablet":"left","content_alignment_mobile":"left"},"content":"<h3><span style=\"color: #ffffff;\">Notre Approche<\/span><\/h3>\n"}},{"acf_fc_layout":"simple_content","_acfe_flexible_toggle":"","content_full_width_landing":{"module_options":{"":null,"module_id":"n6508deb760846","module_class":"","module_background_type":"color","module_background_color":"","module_background_image":false,"module_background_video":"","activate_custom_padding":false,"padding_top_desktop":"0","padding_top_tablet":"0","padding_top_mobile":"0","padding_bottom_desktop":"0","padding_bottom_tablet":"0","padding_bottom_mobile":"0","activate_custom_margin":false,"margin_top_desktop":"0","margin_top_tablet":"0","margin_top_mobile":"0","margin_bottom_desktop":"0","margin_bottom_tablet":"0","margin_bottom_mobile":"0","disable_on":[],"content_alignment_desktop":"left","content_alignment_tablet":"left","content_alignment_mobile":"left"},"content":"<p><strong>Faire toute la diff\u00e9rence pour les patients et les prestataires de soins<\/strong><\/p>\n<p>Nous sommes encourag\u00e9s par les r\u00e9sultats positifs obtenus par les patients et nous nous engageons \u00e0 aider les prestataires de soins de sant\u00e9 du monde entier afin qu\u2019ils sachent qu\u2019ils pourront obtenir les meilleurs r\u00e9sultats possibles. C\u2019est pourquoi nous donnons la priorit\u00e9 aux cliniciens dans l\u2019\u00e9tude et le d\u00e9veloppement de chaque solution que nous fournissons.<\/p>\n<p>&nbsp;<\/p>\n<p>Les retours fournis par de vrais cliniciens nous aident \u00e0 innover pour relever les d\u00e9fis actuels en mati\u00e8re de soins de sant\u00e9 et \u00e0 anticiper les besoins des prestataires dans les ann\u00e9es \u00e0 venir. En favorisant les relations \u00e0 long terme et en assurant une meilleure formation dans nos sp\u00e9cialit\u00e9s, nous pouvons partager nos connaissances et r\u00e9aliser des progr\u00e8s significatifs.<\/p>\n<p>&nbsp;<\/p>\n<p>En tant que leaders de notre secteur, nous sommes conscients du fait que nous sommes tenus de remplir notre mission de mani\u00e8re responsable, en ayant un impact \u00e9conomique, social et environnemental positif. <a href=\"https:\/\/natus.com\/fr\/a-propos-de-nous\/esg\/\">Cliquez ici pour en savoir plus sur nos pratiques environnementales, sociales et de gouvernance.\u00a0\u00a0<\/a><\/p>\n"}},{"acf_fc_layout":"video_modal","_acfe_flexible_toggle":"","video_modal":{"module_options":{"":null,"module_id":"n6508deb765dbb","module_class":"","module_background_type":"color","module_background_color":"","module_background_image":false,"module_background_video":"","activate_custom_padding":true,"padding_top_desktop":"10","padding_top_tablet":"5","padding_top_mobile":"5","padding_bottom_desktop":"60","padding_bottom_tablet":"60","padding_bottom_mobile":"60","activate_custom_margin":false,"margin_top_desktop":"0","margin_top_tablet":"0","margin_top_mobile":"0","margin_bottom_desktop":"0","margin_bottom_tablet":"0","margin_bottom_mobile":"0","disable_on":[],"content_alignment_desktop":"left","content_alignment_tablet":"left","content_alignment_mobile":"left"},"thumbnail":{"ID":11348,"id":11348,"title":"World of Difference Banner - FR","filename":"World-of-Difference-Banner-FR.jpg","filesize":32753,"url":"https:\/\/natus.com\/wp-content\/uploads\/World-of-Difference-Banner-FR.jpg","link":"https:\/\/natus.com\/fr\/a-propos-de-nous\/world-of-difference-banner-fr\/","alt":"","author":"2","description":"","caption":"","name":"world-of-difference-banner-fr","status":"inherit","uploaded_to":11288,"date":"2023-10-04 22:03:02","modified":"2023-10-04 22:03:02","menu_order":0,"mime_type":"image\/jpeg","type":"image","subtype":"jpeg","icon":"https:\/\/natus.com\/wp-includes\/images\/media\/default.png","width":1280,"height":720,"sizes":{"thumbnail":"https:\/\/natus.com\/wp-content\/uploads\/World-of-Difference-Banner-FR.jpg","thumbnail-width":128,"thumbnail-height":72,"medium":"https:\/\/natus.com\/wp-content\/uploads\/World-of-Difference-Banner-FR.jpg","medium-width":1280,"medium-height":720,"medium_large":"https:\/\/natus.com\/wp-content\/uploads\/World-of-Difference-Banner-FR-768x432.jpg","medium_large-width":768,"medium_large-height":432,"large":"https:\/\/natus.com\/wp-content\/uploads\/World-of-Difference-Banner-FR.jpg","large-width":1280,"large-height":720,"1536x1536":"https:\/\/natus.com\/wp-content\/uploads\/World-of-Difference-Banner-FR.jpg","1536x1536-width":1280,"1536x1536-height":720,"2048x2048":"https:\/\/natus.com\/wp-content\/uploads\/World-of-Difference-Banner-FR.jpg","2048x2048-width":1280,"2048x2048-height":720}},"thumbnail_size":"auto","source":"youtube","youtube_video_id":"kjGv73GAYOc","vimeo_video_id":""}},{"acf_fc_layout":"simple_content","_acfe_flexible_toggle":"","content_full_width_landing":{"module_options":{"":null,"module_id":"n6514377f5493c","module_class":"","module_background_type":"color","module_background_color":"rgba(0,170,167,0.9)","module_background_image":false,"module_background_video":"","activate_custom_padding":true,"padding_top_desktop":"60","padding_top_tablet":"50","padding_top_mobile":"50","padding_bottom_desktop":"60","padding_bottom_tablet":"50","padding_bottom_mobile":"50","activate_custom_margin":false,"margin_top_desktop":"0","margin_top_tablet":"0","margin_top_mobile":"0","margin_bottom_desktop":"0","margin_bottom_tablet":"0","margin_bottom_mobile":"0","disable_on":[],"content_alignment_desktop":"left","content_alignment_tablet":"left","content_alignment_mobile":"left"},"content":"<h3><span style=\"color: #ffffff;\">Patrimoine et Histoire<\/span><\/h3>\n"}},{"acf_fc_layout":"simple_content","_acfe_flexible_toggle":"","content_full_width_landing":{"module_options":{"":null,"module_id":"n6508deb77388e","module_class":"","module_background_type":"color","module_background_color":"","module_background_image":false,"module_background_video":"","activate_custom_padding":false,"padding_top_desktop":"0","padding_top_tablet":"0","padding_top_mobile":"0","padding_bottom_desktop":"0","padding_bottom_tablet":"0","padding_bottom_mobile":"0","activate_custom_margin":false,"margin_top_desktop":"0","margin_top_tablet":"0","margin_top_mobile":"0","margin_bottom_desktop":"0","margin_bottom_tablet":"0","margin_bottom_mobile":"0","disable_on":[],"content_alignment_desktop":"left","content_alignment_tablet":"left","content_alignment_mobile":"left"},"content":"<h4 style=\"text-align: left;\">Notre h\u00e9ritage pour faire progresser les soins<\/h4>\n<p style=\"text-align: left;\">Natus est un leader technologique novateur qui s\u2019engage \u00e0 \u00e9lever le niveau des soins apport\u00e9s aux patients.<\/p>\n<p>&nbsp;<\/p>\n<p style=\"text-align: left;\">Depuis plus de 80\u202fans, nous poursuivons nos recherches et innovons dans les disciplines technologiques les plus avanc\u00e9es afin de remplir notre mission et de cr\u00e9er les meilleures solutions pour les cliniciens du monde entier.<\/p>\n<p>&nbsp;<\/p>\n<p><img loading=\"lazy\" decoding=\"async\" class=\"wp-image-6827 aligncenter\" src=\"https:\/\/natus.com\/wp-content\/uploads\/Timeline-About-us-transparent.png\" alt=\"Natus Medical has a longstanding history of advancing care\" width=\"967\" height=\"664\" srcset=\"https:\/\/natus.com\/wp-content\/uploads\/Timeline-About-us-transparent.png 2048w, https:\/\/natus.com\/wp-content\/uploads\/Timeline-About-us-transparent-768x528.png 768w, https:\/\/natus.com\/wp-content\/uploads\/Timeline-About-us-transparent-1536x1055.png 1536w\" sizes=\"auto, (max-width: 967px) 100vw, 967px\" \/><\/p>\n<p>&nbsp;<\/p>\n"}},{"acf_fc_layout":"simple_content","_acfe_flexible_toggle":"","content_full_width_landing":{"module_options":{"":null,"module_id":"n6508deb779400","module_class":"","module_background_type":"color","module_background_color":"rgba(0,170,167,0.9)","module_background_image":false,"module_background_video":"","activate_custom_padding":true,"padding_top_desktop":"60","padding_top_tablet":"50","padding_top_mobile":"50","padding_bottom_desktop":"60","padding_bottom_tablet":"50","padding_bottom_mobile":"50","activate_custom_margin":false,"margin_top_desktop":"0","margin_top_tablet":"0","margin_top_mobile":"0","margin_bottom_desktop":"0","margin_bottom_tablet":"0","margin_bottom_mobile":"0","disable_on":[],"content_alignment_desktop":"left","content_alignment_tablet":"left","content_alignment_mobile":"left"},"content":"<h3><span style=\"color: #ffffff;\">La Culture Natus<\/span><\/h3>\n"}},{"acf_fc_layout":"right_image_left_content_single_cta","_acfe_flexible_toggle":"","right_image_left_content_single_cta_landing":{"module_options":{"":null,"module_id":"n650e1771a800b","module_class":"","module_background_type":"color","module_background_color":"","module_background_image":false,"module_background_video":"","activate_custom_padding":false,"padding_top_desktop":"0","padding_top_tablet":"0","padding_top_mobile":"0","padding_bottom_desktop":"0","padding_bottom_tablet":"0","padding_bottom_mobile":"0","activate_custom_margin":false,"margin_top_desktop":"0","margin_top_tablet":"0","margin_top_mobile":"0","margin_bottom_desktop":"0","margin_bottom_tablet":"0","margin_bottom_mobile":"0","disable_on":[],"content_alignment_desktop":"left","content_alignment_tablet":"left","content_alignment_mobile":"left"},"":null,"label":"","title":"","description":"<h4 style=\"text-align: left;\">Travailler ensemble pour faire la diff\u00e9rence<\/h4>\n<p style=\"text-align: left;\">Nous sommes passionn\u00e9s par l\u2019id\u00e9e de faire la diff\u00e9rence dans la vie des gens. Pas seulement dans la vie des patients et des prestataires de soins de sant\u00e9, mais aussi dans celle de nos employ\u00e9s du monde entier, dont le d\u00e9vouement est \u00e0 l\u2019origine notre r\u00e9ussite.<\/p>\n<p><a class=\"btn-v1\" href=\"https:\/\/natus.com\/careers\/\">D\u00e9couvrez les opportunit\u00e9s de carri\u00e8re chez Natus<\/a><\/p>\n","link":null,"image":{"ID":6631,"id":6631,"title":"We are Innovators","filename":"We-are-Innovators.png","filesize":598273,"url":"https:\/\/natus.com\/wp-content\/uploads\/We-are-Innovators.png","link":"https:\/\/natus.com\/fr\/opportunites-demploi\/we-are-innovators-2\/","alt":"Natus R&D team member hard at work","author":"3","description":"","caption":"","name":"we-are-innovators-2","status":"inherit","uploaded_to":11267,"date":"2023-09-22 19:15:43","modified":"2024-07-26 15:46:51","menu_order":0,"mime_type":"image\/png","type":"image","subtype":"png","icon":"https:\/\/natus.com\/wp-includes\/images\/media\/default.png","width":800,"height":450,"sizes":{"thumbnail":"https:\/\/natus.com\/wp-content\/uploads\/We-are-Innovators.png","thumbnail-width":128,"thumbnail-height":72,"medium":"https:\/\/natus.com\/wp-content\/uploads\/We-are-Innovators.png","medium-width":800,"medium-height":450,"medium_large":"https:\/\/natus.com\/wp-content\/uploads\/We-are-Innovators-768x432.png","medium_large-width":768,"medium_large-height":432,"large":"https:\/\/natus.com\/wp-content\/uploads\/We-are-Innovators.png","large-width":800,"large-height":450,"1536x1536":"https:\/\/natus.com\/wp-content\/uploads\/We-are-Innovators.png","1536x1536-width":800,"1536x1536-height":450,"2048x2048":"https:\/\/natus.com\/wp-content\/uploads\/We-are-Innovators.png","2048x2048-width":800,"2048x2048-height":450}},"activate_image_caption":false,"image_caption_description":""}},{"acf_fc_layout":"left_image_right_content_single_cta","_acfe_flexible_toggle":"","left_image_right_content_single_cta_landing":{"module_options":{"":null,"module_id":"n6508deb784c41","module_class":"","module_background_type":"color","module_background_color":"","module_background_image":false,"module_background_video":"","activate_custom_padding":false,"padding_top_desktop":"0","padding_top_tablet":"0","padding_top_mobile":"0","padding_bottom_desktop":"0","padding_bottom_tablet":"0","padding_bottom_mobile":"0","activate_custom_margin":false,"margin_top_desktop":"0","margin_top_tablet":"0","margin_top_mobile":"0","margin_bottom_desktop":"0","margin_bottom_tablet":"0","margin_bottom_mobile":"0","disable_on":[],"content_alignment_desktop":"left","content_alignment_tablet":"left","content_alignment_mobile":"left"},"":null,"image":{"ID":5257,"id":5257,"title":"World of Diff Contact - 800x450","filename":"World-of-Diff-Contact-800x450-1.jpg","filesize":336308,"url":"https:\/\/natus.com\/wp-content\/uploads\/World-of-Diff-Contact-800x450-1.jpg","link":"https:\/\/natus.com\/fr\/a-propos-de-nous\/world-of-diff-contact-800x450-2\/","alt":"Doctor image","author":"2","description":"","caption":"","name":"world-of-diff-contact-800x450-2","status":"inherit","uploaded_to":11288,"date":"2023-09-18 23:22:37","modified":"2024-07-26 17:07:44","menu_order":0,"mime_type":"image\/jpeg","type":"image","subtype":"jpeg","icon":"https:\/\/natus.com\/wp-includes\/images\/media\/default.png","width":800,"height":450,"sizes":{"thumbnail":"https:\/\/natus.com\/wp-content\/uploads\/World-of-Diff-Contact-800x450-1.jpg","thumbnail-width":128,"thumbnail-height":72,"medium":"https:\/\/natus.com\/wp-content\/uploads\/World-of-Diff-Contact-800x450-1.jpg","medium-width":800,"medium-height":450,"medium_large":"https:\/\/natus.com\/wp-content\/uploads\/World-of-Diff-Contact-800x450-1-768x432.jpg","medium_large-width":768,"medium_large-height":432,"large":"https:\/\/natus.com\/wp-content\/uploads\/World-of-Diff-Contact-800x450-1.jpg","large-width":800,"large-height":450,"1536x1536":"https:\/\/natus.com\/wp-content\/uploads\/World-of-Diff-Contact-800x450-1.jpg","1536x1536-width":800,"1536x1536-height":450,"2048x2048":"https:\/\/natus.com\/wp-content\/uploads\/World-of-Diff-Contact-800x450-1.jpg","2048x2048-width":800,"2048x2048-height":450}},"activate_image_caption":false,"image_caption_icon":false,"image_caption_title":"","image_caption_description":"","label":"Contact","title":"Cr\u00e9ons un monde de diff\u00e9rence pour nos patients. ","description":"<p>Nous sommes ici pour aider. Contactez un repr\u00e9sentant Natus pour b\u00e9n\u00e9ficier d&rsquo;un support client pratique ou pour en savoir plus sur l&rsquo;am\u00e9lioration de vos capacit\u00e9s gr\u00e2ce \u00e0 nos solutions de pointe.<\/p>\n","link":{"type":"post","value":"8336","url":"https:\/\/natus.com\/fr\/sites\/","name":"Sites","title":"Contactez Nous","target":""}}}]},"_links":{"self":[{"href":"https:\/\/natus.com\/fr\/wp-json\/wp\/v2\/pages\/11288","targetHints":{"allow":["GET"]}}],"collection":[{"href":"https:\/\/natus.com\/fr\/wp-json\/wp\/v2\/pages"}],"about":[{"href":"https:\/\/natus.com\/fr\/wp-json\/wp\/v2\/types\/page"}],"author":[{"embeddable":true,"href":"https:\/\/natus.com\/fr\/wp-json\/wp\/v2\/users\/1"}],"replies":[{"embeddable":true,"href":"https:\/\/natus.com\/fr\/wp-json\/wp\/v2\/comments?post=11288"}],"version-history":[{"count":8,"href":"https:\/\/natus.com\/fr\/wp-json\/wp\/v2\/pages\/11288\/revisions"}],"predecessor-version":[{"id":21897,"href":"https:\/\/natus.com\/fr\/wp-json\/wp\/v2\/pages\/11288\/revisions\/21897"}],"wp:attachment":[{"href":"https:\/\/natus.com\/fr\/wp-json\/wp\/v2\/media?parent=11288"}],"wp:term":[{"taxonomy":"category","embeddable":true,"href":"https:\/\/natus.com\/fr\/wp-json\/wp\/v2\/categories?post=11288"},{"taxonomy":"post_tag","embeddable":true,"href":"https:\/\/natus.com\/fr\/wp-json\/wp\/v2\/tags?post=11288"}],"curies":[{"name":"wp","href":"https:\/\/api.w.org\/{rel}","templated":true}]}}