{"id":11301,"date":"2023-08-17T19:14:13","date_gmt":"2023-08-17T19:14:13","guid":{"rendered":"https:\/\/natus.com\/education\/"},"modified":"2025-09-05T09:06:44","modified_gmt":"2025-09-05T09:06:44","slug":"connaissances","status":"publish","type":"page","link":"https:\/\/natus.com\/fr\/connaissances\/","title":{"rendered":"Connaissances"},"content":{"rendered":"","protected":false},"excerpt":{"rendered":"","protected":false},"author":1,"featured_media":0,"parent":0,"menu_order":0,"comment_status":"closed","ping_status":"closed","template":"","meta":{"_acf_changed":false,"footnotes":""},"categories":[],"tags":[],"class_list":["post-11301","page","type-page","status-publish","hentry"],"acf":{"content_blocks":[{"acf_fc_layout":"hero1","_acfe_flexible_toggle":"","hero_locations":{"unique_id":"n6511ace06c94c","background":{"ID":927,"id":927,"title":"locations-hero","filename":"locations-hero.jpg","filesize":249977,"url":"https:\/\/natus.com\/wp-content\/uploads\/locations-hero.jpg","link":"https:\/\/natus.com\/fr\/sites\/locations-hero-2\/","alt":"","author":"1","description":"","caption":"","name":"locations-hero-2","status":"inherit","uploaded_to":8336,"date":"2023-07-30 10:59:34","modified":"2023-09-21 15:29:51","menu_order":0,"mime_type":"image\/jpeg","type":"image","subtype":"jpeg","icon":"https:\/\/natus.com\/wp-includes\/images\/media\/default.png","width":1920,"height":500,"sizes":{"thumbnail":"https:\/\/natus.com\/wp-content\/uploads\/locations-hero.jpg","thumbnail-width":128,"thumbnail-height":33,"medium":"https:\/\/natus.com\/wp-content\/uploads\/locations-hero.jpg","medium-width":1920,"medium-height":500,"medium_large":"https:\/\/natus.com\/wp-content\/uploads\/locations-hero-768x200.jpg","medium_large-width":768,"medium_large-height":200,"large":"https:\/\/natus.com\/wp-content\/uploads\/locations-hero.jpg","large-width":1920,"large-height":500,"1536x1536":"https:\/\/natus.com\/wp-content\/uploads\/locations-hero-1536x400.jpg","1536x1536-width":1536,"1536x1536-height":400,"2048x2048":"https:\/\/natus.com\/wp-content\/uploads\/locations-hero.jpg","2048x2048-width":1920,"2048x2048-height":500}},"h1":"Connaissances","description":""}},{"acf_fc_layout":"divider","_acfe_flexible_toggle":"","divider":{"module_options":{"":null,"module_id":"n6514d1d1b66a0","module_class":"","module_background_type":"color","module_background_color":"","module_background_image":false,"module_background_video":"","activate_custom_padding":false,"padding_top_desktop":0,"padding_top_tablet":"","padding_top_mobile":"","padding_bottom_desktop":"","padding_bottom_tablet":"","padding_bottom_mobile":"","activate_custom_margin":false,"margin_top_desktop":"","margin_top_tablet":"","margin_top_mobile":"","margin_bottom_desktop":"","margin_bottom_tablet":"","margin_bottom_mobile":"","disable_on":[],"content_alignment_desktop":"left","content_alignment_tablet":"left","content_alignment_mobile":"left"},"color":"#00aaa7","height":"12"}},{"acf_fc_layout":"simple_content","_acfe_flexible_toggle":"","content_full_width_landing":{"module_options":{"":null,"module_id":"n6514d1d1bceb1","module_class":"","module_background_type":"color","module_background_color":"","module_background_image":false,"module_background_video":"","activate_custom_padding":true,"padding_top_desktop":"10","padding_top_tablet":"10","padding_top_mobile":"10","padding_bottom_desktop":"50","padding_bottom_tablet":"70","padding_bottom_mobile":"70","activate_custom_margin":false,"margin_top_desktop":"","margin_top_tablet":"","margin_top_mobile":"","margin_bottom_desktop":"","margin_bottom_tablet":"","margin_bottom_mobile":"","disable_on":[],"content_alignment_desktop":"left","content_alignment_tablet":"left","content_alignment_mobile":"left"},"content":"<h4 style=\"text-align: center;\"><span style=\"color: #005e63;\">Gardez une longueur d\u2019avance dans les soins de sant\u00e9 gr\u00e2ce \u00e0 nos acad\u00e9mies<\/span><\/h4>\n"}},{"acf_fc_layout":"content_multiple_columns","_acfe_flexible_toggle":"","content_multiple_columns":{"module_options":{"":null,"module_id":"n6511b0fddb3e1","module_class":"","module_background_type":"color","module_background_color":"","module_background_image":false,"module_background_video":"","activate_custom_padding":true,"padding_top_desktop":"100","padding_top_tablet":"20","padding_top_mobile":"20","padding_bottom_desktop":"100","padding_bottom_tablet":"20","padding_bottom_mobile":"20","activate_custom_margin":false,"margin_top_desktop":"","margin_top_tablet":"","margin_top_mobile":"","margin_bottom_desktop":"","margin_bottom_tablet":"","margin_bottom_mobile":"","disable_on":[],"content_alignment_desktop":"left","content_alignment_tablet":"left","content_alignment_mobile":"left"},"columns_per_rows_desktop":"3","columns_per_rows_tablet":"1","columns_per_rows_mobile":"1","columns":[{"column_background":"#ffffff","column_size":"one-third","column_alignment":"align-left","activate_top_right_border_radius":true,"content_type":[{"acf_fc_layout":"simple_content","content":"<p><img loading=\"lazy\" decoding=\"async\" class=\"size-full wp-image-7038 alignleft\" src=\"\/wp-content\/uploads\/registered_members_icon_teal.png\" alt=\"\" width=\"100\" height=\"100\" \/><br \/>\n<strong><span style=\"font-size: 22px;\"><span style=\"color: #008c9a;\">Plus de 18 000 membres inscrits<\/span><\/span><\/strong><\/p>\n"}]},{"column_background":"#ffffff","column_size":"one-third","column_alignment":"align-left","activate_top_right_border_radius":true,"content_type":[{"acf_fc_layout":"simple_content","content":"<p><img loading=\"lazy\" decoding=\"async\" class=\"size-full wp-image-7033 alignleft\" src=\"\/wp-content\/uploads\/500_courses_icon_teal.png\" alt=\"\" width=\"100\" height=\"100\" \/><\/p>\n<p>&nbsp;<\/p>\n<p><strong><span style=\"font-size: 22px;\"><span style=\"color: #008c9a;\">Accr\u00e9dit\u00e9 possibilit\u00e9s <\/span><\/span><\/strong><strong><span style=\"font-size: 22px;\"><span style=\"color: #008c9a;\">de formation<\/span><\/span><\/strong><\/p>\n"}]},{"column_background":"#ffffff","column_size":"one-third","column_alignment":"align-left","activate_top_right_border_radius":true,"content_type":[{"acf_fc_layout":"simple_content","content":"<p><img loading=\"lazy\" decoding=\"async\" class=\"size-full wp-image-7043 alignleft\" src=\"\/wp-content\/uploads\/product_training_icon_teal.png\" alt=\"\" width=\"100\" height=\"100\" \/><\/p>\n<p>&nbsp;<\/p>\n<p><strong><span style=\"font-size: 22px;\"><span style=\"color: #008c9a;\">500+ produits et cours cliniques<\/span><\/span><\/strong><\/p>\n"}]}]}},{"acf_fc_layout":"content_multiple_columns","_acfe_flexible_toggle":"","content_multiple_columns":{"module_options":{"":null,"module_id":"n6511b0fdddaa0","module_class":"","module_background_type":"color","module_background_color":"","module_background_image":false,"module_background_video":"","activate_custom_padding":true,"padding_top_desktop":"40","padding_top_tablet":"0","padding_top_mobile":"0","padding_bottom_desktop":"0","padding_bottom_tablet":"0","padding_bottom_mobile":"0","activate_custom_margin":false,"margin_top_desktop":"-100","margin_top_tablet":"-20","margin_top_mobile":"-20","margin_bottom_desktop":"-100","margin_bottom_tablet":"-20","margin_bottom_mobile":"-20","disable_on":[],"content_alignment_desktop":"left","content_alignment_tablet":"left","content_alignment_mobile":"left"},"columns_per_rows_desktop":"2","columns_per_rows_tablet":"1","columns_per_rows_mobile":"1","columns":[{"column_background":"#f1f1f1","column_size":"one-third","column_alignment":"align-left","activate_top_right_border_radius":false,"content_type":[{"acf_fc_layout":"simple_content","content":"<h4>Fournir des connaissances sp\u00e9cialis\u00e9es, une expertise clinique et une formation avanc\u00e9e \u2013 quel que soit votre r\u00f4le, o\u00f9 que vous travailliez.<\/h4>\n<p>Bas\u00e9e sur notre engagement ferme envers la formation continue, l\u2019offre Natus Academy est sp\u00e9cifiquement con\u00e7ue pour fournir aux membres un acc\u00e8s exclusif aux derni\u00e8res avanc\u00e9es scientifiques dans le domaine. Cette communaut\u00e9 interactive exclusive aide les membres \u00e0 explorer les derni\u00e8res tendances, offre des ressources \u00e9ducatives en ligne et une formation approfondie sur les produits.<\/p>\n<p>Nous offrons des cours de formation pratique dirig\u00e9s par des experts de l\u2019industrie. D\u00e9couvrez le plein potentiel de chaque produit a \u00e0 offrir.<\/p>\n"}]},{"column_background":"#008b96","column_size":"one-third","column_alignment":"align-left","activate_top_right_border_radius":true,"content_type":[{"acf_fc_layout":"simple_content","content":"<p>&nbsp;<\/p>\n<h5><span style=\"color: #ffffff;\"><strong>Notre mission : <\/strong>Cr\u00e9er, pr\u00e9senter et diffuser les connaissances cliniques et l\u2019expertise produit pour former nos clients afin de leur permettre d\u2019am\u00e9liorer et de faire progresser les soins aux patients et le flux de travail des cliniciens.<\/span><\/h5>\n"}]}]}},{"acf_fc_layout":"simple_content","_acfe_flexible_toggle":"","content_full_width_landing":{"module_options":{"":null,"module_id":"n651464d5779e5","module_class":"","module_background_type":"color","module_background_color":"","module_background_image":false,"module_background_video":"","activate_custom_padding":false,"padding_top_desktop":0,"padding_top_tablet":"","padding_top_mobile":"","padding_bottom_desktop":"","padding_bottom_tablet":"","padding_bottom_mobile":"","activate_custom_margin":false,"margin_top_desktop":"","margin_top_tablet":"","margin_top_mobile":"","margin_bottom_desktop":"","margin_bottom_tablet":"","margin_bottom_mobile":"","disable_on":[],"content_alignment_desktop":"left","content_alignment_tablet":"left","content_alignment_mobile":"left"},"content":"<p><img loading=\"lazy\" decoding=\"async\" class=\" wp-image-7146 alignleft\" src=\"https:\/\/natus.com\/wp-content\/uploads\/nta-logo.png\" alt=\"\" width=\"456\" height=\"228\" \/><\/p>\n<p>La Natus Neuro Training Academy se concentre sur des programmes de formation pour les professionnels de la neurologie, promouvant des connaissances cliniques avanc\u00e9es et un soutien \u00e0 nos clients dans l&rsquo;utilisation et l&rsquo;optimisation des produits de neurologie Natus. L&rsquo;adh\u00e9sion est GRATUITE.<\/p>\n<p>&nbsp;<\/p>\n<p>Notre facult\u00e9 d&rsquo;experts comprend des m\u00e9decins, des infirmi\u00e8res, des sp\u00e9cialistes des applications cliniques, des ing\u00e9nieurs et d&rsquo;autres professionnels qualifi\u00e9s poss\u00e9dant des ann\u00e9es d&rsquo;exp\u00e9rience dans un large \u00e9ventail de domaines cliniques.<\/p>\n<p><a class=\"btn-v1\" href=\"https:\/\/neuro-training.academy\/\" target=\"_blank\" rel=\"noopener\">VISITEZ LA NEURO TRAINING ACADEMY<\/a><\/p>\n<p>&nbsp;<\/p>\n"}}]},"_links":{"self":[{"href":"https:\/\/natus.com\/fr\/wp-json\/wp\/v2\/pages\/11301","targetHints":{"allow":["GET"]}}],"collection":[{"href":"https:\/\/natus.com\/fr\/wp-json\/wp\/v2\/pages"}],"about":[{"href":"https:\/\/natus.com\/fr\/wp-json\/wp\/v2\/types\/page"}],"author":[{"embeddable":true,"href":"https:\/\/natus.com\/fr\/wp-json\/wp\/v2\/users\/1"}],"replies":[{"embeddable":true,"href":"https:\/\/natus.com\/fr\/wp-json\/wp\/v2\/comments?post=11301"}],"version-history":[{"count":8,"href":"https:\/\/natus.com\/fr\/wp-json\/wp\/v2\/pages\/11301\/revisions"}],"predecessor-version":[{"id":24948,"href":"https:\/\/natus.com\/fr\/wp-json\/wp\/v2\/pages\/11301\/revisions\/24948"}],"wp:attachment":[{"href":"https:\/\/natus.com\/fr\/wp-json\/wp\/v2\/media?parent=11301"}],"wp:term":[{"taxonomy":"category","embeddable":true,"href":"https:\/\/natus.com\/fr\/wp-json\/wp\/v2\/categories?post=11301"},{"taxonomy":"post_tag","embeddable":true,"href":"https:\/\/natus.com\/fr\/wp-json\/wp\/v2\/tags?post=11301"}],"curies":[{"name":"wp","href":"https:\/\/api.w.org\/{rel}","templated":true}]}}