{"id":11369,"date":"2023-09-25T18:47:32","date_gmt":"2023-09-25T18:47:32","guid":{"rendered":"https:\/\/natus.com\/micromed-joins-natus\/"},"modified":"2023-10-16T21:00:56","modified_gmt":"2023-10-16T21:00:56","slug":"micromed-sassocie-natus","status":"publish","type":"page","link":"https:\/\/natus.com\/fr\/micromed-sassocie-natus\/","title":{"rendered":"Micromed s\u2019associe \u00e0 Natus"},"content":{"rendered":"","protected":false},"excerpt":{"rendered":"","protected":false},"author":3,"featured_media":0,"parent":0,"menu_order":0,"comment_status":"closed","ping_status":"closed","template":"","meta":{"_acf_changed":false,"footnotes":""},"categories":[],"tags":[],"class_list":["post-11369","page","type-page","status-publish","hentry"],"acf":{"content_blocks":[{"acf_fc_layout":"hero1","_acfe_flexible_toggle":"","hero_locations":{"unique_id":"n6511d7299d5ed","background":{"ID":11375,"id":11375,"title":"Micromed CoBrand Banner","filename":"Micromed-CoBrand-Banner.png","filesize":564518,"url":"https:\/\/natus.com\/wp-content\/uploads\/Micromed-CoBrand-Banner.png","link":"https:\/\/natus.com\/fr\/micromed-sassocie-natus\/micromed-cobrand-banner-2\/","alt":"Micromed CoBrand Banner","author":"2","description":"","caption":"","name":"micromed-cobrand-banner-2","status":"inherit","uploaded_to":11369,"date":"2023-10-04 23:06:29","modified":"2024-07-30 16:40:38","menu_order":0,"mime_type":"image\/png","type":"image","subtype":"png","icon":"https:\/\/natus.com\/wp-includes\/images\/media\/default.png","width":1920,"height":500,"sizes":{"thumbnail":"https:\/\/natus.com\/wp-content\/uploads\/Micromed-CoBrand-Banner.png","thumbnail-width":128,"thumbnail-height":33,"medium":"https:\/\/natus.com\/wp-content\/uploads\/Micromed-CoBrand-Banner.png","medium-width":1920,"medium-height":500,"medium_large":"https:\/\/natus.com\/wp-content\/uploads\/Micromed-CoBrand-Banner-768x200.png","medium_large-width":768,"medium_large-height":200,"large":"https:\/\/natus.com\/wp-content\/uploads\/Micromed-CoBrand-Banner.png","large-width":1920,"large-height":500,"1536x1536":"https:\/\/natus.com\/wp-content\/uploads\/Micromed-CoBrand-Banner-1536x400.png","1536x1536-width":1536,"1536x1536-height":400,"2048x2048":"https:\/\/natus.com\/wp-content\/uploads\/Micromed-CoBrand-Banner.png","2048x2048-width":1920,"2048x2048-height":500}},"h1":"Micromed s\u2019associe \u00e0 Natus<br \/>\r\n","description":""}},{"acf_fc_layout":"spacer","_acfe_flexible_toggle":"","spacer":{"module_options":{"":null,"module_id":"n6514d8ea654f6","module_class":"","module_background_type":"color","module_background_color":"#f1f1f1","module_background_image":false,"module_background_video":"","activate_custom_padding":false,"padding_top_desktop":"0","padding_top_tablet":"0","padding_top_mobile":"0","padding_bottom_desktop":"0","padding_bottom_tablet":"0","padding_bottom_mobile":"0","activate_custom_margin":false,"margin_top_desktop":"0","margin_top_tablet":"0","margin_top_mobile":"0","margin_bottom_desktop":"0","margin_bottom_tablet":"0","margin_bottom_mobile":"0","disable_on":[],"content_alignment_desktop":"left","content_alignment_tablet":"left","content_alignment_mobile":"left"},"height":"50"}},{"acf_fc_layout":"divider","_acfe_flexible_toggle":"","divider":{"module_options":{"":null,"module_id":"n6514d8ea8b939","module_class":"","module_background_type":"color","module_background_color":"","module_background_image":false,"module_background_video":"","activate_custom_padding":false,"padding_top_desktop":"0","padding_top_tablet":"0","padding_top_mobile":"0","padding_bottom_desktop":"0","padding_bottom_tablet":"0","padding_bottom_mobile":"0","activate_custom_margin":false,"margin_top_desktop":"0","margin_top_tablet":"0","margin_top_mobile":"0","margin_bottom_desktop":"0","margin_bottom_tablet":"0","margin_bottom_mobile":"0","disable_on":[],"content_alignment_desktop":"left","content_alignment_tablet":"left","content_alignment_mobile":"left"},"color":"#00aaa7","height":"12"}},{"acf_fc_layout":"simple_content","_acfe_flexible_toggle":"","content_full_width_landing":{"module_options":{"":null,"module_id":"n6514619ba87e0","module_class":"","module_background_type":"color","module_background_color":"","module_background_image":false,"module_background_video":"","activate_custom_padding":true,"padding_top_desktop":"75","padding_top_tablet":"75","padding_top_mobile":"75","padding_bottom_desktop":"75","padding_bottom_tablet":"75","padding_bottom_mobile":"75","activate_custom_margin":false,"margin_top_desktop":"0","margin_top_tablet":"0","margin_top_mobile":"0","margin_bottom_desktop":"0","margin_bottom_tablet":"0","margin_bottom_mobile":"0","disable_on":[],"content_alignment_desktop":"left","content_alignment_tablet":"left","content_alignment_mobile":"left"},"content":"<h4><span style=\"color: #008c9a;\">Natus est fier d\u2019accueillir le groupe Micromed dans la famille des produits Natus.<\/span><\/h4>\n<p>&nbsp;<\/p>\n<p>L\u2019acquisition de Micromed nous permet de r\u00e9unir l\u2019expertise innovante en neurodiagnostic et en monitorage de la fonction c\u00e9r\u00e9brale des deux entreprises, pour offrir \u00e0 nos clients une gamme de produits, de services et d\u2019assistance encore plus large.<\/p>\n<p>&nbsp;<\/p>\n<p>L\u2019h\u00e9ritage de Natus, fort de plus de 85 ans de leadership en neurodiagnostic gr\u00e2ce \u00e0 ses marques telles que NeuroWorks\u00ae\/ SleepWorks\u2122, Natus Quantum\u00ae, Grass \u00ae, Nicolet\u00ae, Xltek\u00ae, Embla\u00ae et Dantec\u2122 TECA\u00ae, est d\u00e9sormais associ\u00e9 \u00e0 la gamme compl\u00e8te de solutions Micromed, y compris BRAIN QUICK\u00ae\/MYOQUICK\u00ae, NEUROWERK\u00ae, SleepRT\u00ae et MOBERG.<\/p>\n<p>&nbsp;<\/p>\n<p>Ensemble, Natus et Micromed proposent \u00e0 leurs clients des solutions de pointe en neurodiagnostic et en monitorage de la fonction c\u00e9r\u00e9brale. Les lignes de produits combin\u00e9es offrent une plateforme de premi\u00e8re qualit\u00e9 pour le d\u00e9veloppement de nouveaux produits dans le domaine de l\u2019EEG, de la PSG, de l\u2019EMG et du monitorage en unit\u00e9 de soins intensifs, gr\u00e2ce \u00e0 l\u2019int\u00e9gration des principaux atouts des deux portefeuilles produits, notamment la r\u00e9trocompatibilit\u00e9.<\/p>\n<p>&nbsp;<\/p>\n<p><a class=\"btn-v1\" href=\"https:\/\/www.prnewswire.com\/news-releases\/natus-medical-incorporated-announces-closing-of-acquisition-of-micromed-holding-sas-301723718.html\"> en savoir plus sur l&rsquo;acquisition<\/a><\/p>\n<p>&nbsp;<\/p>\n<p>&nbsp;<\/p>\n"}},{"acf_fc_layout":"divider","_acfe_flexible_toggle":"","divider":{"module_options":{"":null,"module_id":"n6514d8ea8b939","module_class":"","module_background_type":"color","module_background_color":"","module_background_image":false,"module_background_video":"","activate_custom_padding":false,"padding_top_desktop":0,"padding_top_tablet":"","padding_top_mobile":"","padding_bottom_desktop":"","padding_bottom_tablet":"","padding_bottom_mobile":"","activate_custom_margin":false,"margin_top_desktop":"","margin_top_tablet":"","margin_top_mobile":"","margin_bottom_desktop":"","margin_bottom_tablet":"","margin_bottom_mobile":"","disable_on":[],"content_alignment_desktop":"left","content_alignment_tablet":"left","content_alignment_mobile":"left"},"color":"#00aaa7","height":"12"}},{"acf_fc_layout":"content_multiple_columns","_acfe_flexible_layout_title":null,"_acfe_flexible_toggle":"","content_multiple_columns":{"module_options":{"":null,"module_id":null,"module_class":"","module_background_type":"","module_background_color":"","module_background_image":false,"module_background_video":"","activate_custom_padding":false,"padding_top_desktop":0,"padding_top_tablet":"","padding_top_mobile":"","padding_bottom_desktop":"","padding_bottom_tablet":"","padding_bottom_mobile":"","activate_custom_margin":false,"margin_top_desktop":"","margin_top_tablet":"","margin_top_mobile":"","margin_bottom_desktop":"","margin_bottom_tablet":"","margin_bottom_mobile":"","disable_on":[],"content_alignment_desktop":false,"content_alignment_tablet":"left","content_alignment_mobile":"left"},"columns_per_rows_desktop":"","columns_per_rows_tablet":"","columns_per_rows_mobile":"1","columns":false}}]},"_links":{"self":[{"href":"https:\/\/natus.com\/fr\/wp-json\/wp\/v2\/pages\/11369","targetHints":{"allow":["GET"]}}],"collection":[{"href":"https:\/\/natus.com\/fr\/wp-json\/wp\/v2\/pages"}],"about":[{"href":"https:\/\/natus.com\/fr\/wp-json\/wp\/v2\/types\/page"}],"author":[{"embeddable":true,"href":"https:\/\/natus.com\/fr\/wp-json\/wp\/v2\/users\/3"}],"replies":[{"embeddable":true,"href":"https:\/\/natus.com\/fr\/wp-json\/wp\/v2\/comments?post=11369"}],"version-history":[{"count":6,"href":"https:\/\/natus.com\/fr\/wp-json\/wp\/v2\/pages\/11369\/revisions"}],"predecessor-version":[{"id":15911,"href":"https:\/\/natus.com\/fr\/wp-json\/wp\/v2\/pages\/11369\/revisions\/15911"}],"wp:attachment":[{"href":"https:\/\/natus.com\/fr\/wp-json\/wp\/v2\/media?parent=11369"}],"wp:term":[{"taxonomy":"category","embeddable":true,"href":"https:\/\/natus.com\/fr\/wp-json\/wp\/v2\/categories?post=11369"},{"taxonomy":"post_tag","embeddable":true,"href":"https:\/\/natus.com\/fr\/wp-json\/wp\/v2\/tags?post=11369"}],"curies":[{"name":"wp","href":"https:\/\/api.w.org\/{rel}","templated":true}]}}