{"id":11413,"date":"2023-07-26T14:38:46","date_gmt":"2023-07-26T14:38:46","guid":{"rendered":"https:\/\/natus.com\/neuro\/neurocritical-care-brain-injury\/"},"modified":"2026-03-13T20:45:20","modified_gmt":"2026-03-13T20:45:20","slug":"soins-intensifs-neurologiques-et-lesion-cerebrale","status":"publish","type":"page","link":"https:\/\/natus.com\/fr\/neuro\/soins-intensifs-neurologiques-et-lesion-cerebrale\/","title":{"rendered":"Soins Intensifs Neurologiques et L\u00e9sion C\u00e9r\u00e9brale"},"content":{"rendered":"","protected":false},"excerpt":{"rendered":"","protected":false},"author":1,"featured_media":0,"parent":10461,"menu_order":0,"comment_status":"closed","ping_status":"closed","template":"templates\/page-neuro-solutions-category-landing.php","meta":{"_acf_changed":false,"footnotes":""},"categories":[],"tags":[],"class_list":["post-11413","page","type-page","status-publish","hentry"],"acf":{"content_blocks":[{"acf_fc_layout":"hero","_acfe_flexible_layout_title":null,"_acfe_flexible_toggle":null,"hero_locations":{"unique_id":"n64ef176070e9e","background":{"ID":927,"id":927,"title":"locations-hero","filename":"locations-hero.jpg","filesize":249977,"url":"https:\/\/natus.com\/wp-content\/uploads\/locations-hero.jpg","link":"https:\/\/natus.com\/fr\/sites\/locations-hero-2\/","alt":"","author":"1","description":"","caption":"","name":"locations-hero-2","status":"inherit","uploaded_to":8336,"date":"2023-07-30 10:59:34","modified":"2023-09-21 15:29:51","menu_order":0,"mime_type":"image\/jpeg","type":"image","subtype":"jpeg","icon":"https:\/\/natus.com\/wp-includes\/images\/media\/default.png","width":1920,"height":500,"sizes":{"thumbnail":"https:\/\/natus.com\/wp-content\/uploads\/locations-hero.jpg","thumbnail-width":128,"thumbnail-height":33,"medium":"https:\/\/natus.com\/wp-content\/uploads\/locations-hero.jpg","medium-width":1920,"medium-height":500,"medium_large":"https:\/\/natus.com\/wp-content\/uploads\/locations-hero-768x200.jpg","medium_large-width":768,"medium_large-height":200,"large":"https:\/\/natus.com\/wp-content\/uploads\/locations-hero.jpg","large-width":1920,"large-height":500,"1536x1536":"https:\/\/natus.com\/wp-content\/uploads\/locations-hero-1536x400.jpg","1536x1536-width":1536,"1536x1536-height":400,"2048x2048":"https:\/\/natus.com\/wp-content\/uploads\/locations-hero.jpg","2048x2048-width":1920,"2048x2048-height":500}},"h1":"Soins Intensifs Neurologiques et L\u00e9sion C\u00e9r\u00e9brale","description":""}},{"acf_fc_layout":"intro","_acfe_flexible_layout_title":null,"_acfe_flexible_toggle":null,"intro_2_columns_landing":{"module_options":{"":null,"module_id":"n6514edc3615e0","module_class":"","module_background_type":"color","module_background_color":"","module_background_image":false,"module_background_video":"","activate_custom_padding":false,"padding_top_desktop":"0","padding_top_tablet":"0","padding_top_mobile":"0","padding_bottom_desktop":"0","padding_bottom_tablet":"0","padding_bottom_mobile":"0","activate_custom_margin":false,"margin_top_desktop":"0","margin_top_tablet":"0","margin_top_mobile":"0","margin_bottom_desktop":"0","margin_bottom_tablet":"0","margin_bottom_mobile":"0","disable_on":[],"content_alignment_desktop":"left","content_alignment_tablet":"left","content_alignment_mobile":"left"},"top_divider_colour":"#154284","title":"Fiable, \u00e9prouv\u00e9 et digne de confiance","description":"Parce que chaque seconde compte, les \u00e9quipes de soins intensifs neurologiques doivent pouvoir compter sur des solutions fiables, \u00e9prouv\u00e9es et dignes de confiance. Une \u00e9quipe de vente solide et des sp\u00e9cialistes cliniques Natus (tous infirmiers et infirmi\u00e8res dipl\u00f4m\u00e9(e)s en neurosciences) collaborent avec les fournisseurs afin de d\u00e9velopper et d\u2019offrir une suite de solutions de soins intensifs neurologiques qui constituent la norme du secteur en mati\u00e8re de s\u00e9curit\u00e9 et de pr\u00e9cision. "}},{"acf_fc_layout":"products_filter","_acfe_flexible_layout_title":null,"_acfe_flexible_toggle":null,"neuro_products_filter":{"module_options":{"":null,"module_id":"n6514edc36756b","module_class":"","module_background_type":"color","module_background_color":"#f1f1f1","module_background_image":false,"module_background_video":"","activate_custom_padding":false,"padding_top_desktop":"0","padding_top_tablet":"0","padding_top_mobile":"0","padding_bottom_desktop":"0","padding_bottom_tablet":"0","padding_bottom_mobile":"0","activate_custom_margin":false,"margin_top_desktop":"0","margin_top_tablet":"0","margin_top_mobile":"0","margin_bottom_desktop":"0","margin_bottom_tablet":"0","margin_bottom_mobile":"0","disable_on":[],"content_alignment_desktop":"left","content_alignment_tablet":"left","content_alignment_mobile":"left"},"products":[{"category_title":"","subcategories":[{"subcategory_title":"EEG dans l'USI","subcategory_products":[{"label":"EEG dans l'USI","image":{"ID":4266,"id":4266,"title":"NeuroWorks Related Product Photo - 500x400","filename":"Neuroworks-10-Related-Product-Photo-500x400-1.png","filesize":211965,"url":"https:\/\/natus.com\/wp-content\/uploads\/Neuroworks-10-Related-Product-Photo-500x400-1.png","link":"https:\/\/natus.com\/fr\/neuro\/systeme-eeg-ambulatoire-video-trex-hd\/neuroworks-related-product-photo-500x400-2\/","alt":"","author":"2","description":"","caption":"","name":"neuroworks-related-product-photo-500x400-2","status":"inherit","uploaded_to":9565,"date":"2023-09-14 18:10:52","modified":"2023-09-28 19:02:44","menu_order":0,"mime_type":"image\/png","type":"image","subtype":"png","icon":"https:\/\/natus.com\/wp-includes\/images\/media\/default.png","width":500,"height":400,"sizes":{"thumbnail":"https:\/\/natus.com\/wp-content\/uploads\/Neuroworks-10-Related-Product-Photo-500x400-1.png","thumbnail-width":120,"thumbnail-height":96,"medium":"https:\/\/natus.com\/wp-content\/uploads\/Neuroworks-10-Related-Product-Photo-500x400-1.png","medium-width":500,"medium-height":400,"medium_large":"https:\/\/natus.com\/wp-content\/uploads\/Neuroworks-10-Related-Product-Photo-500x400-1.png","medium_large-width":500,"medium_large-height":400,"large":"https:\/\/natus.com\/wp-content\/uploads\/Neuroworks-10-Related-Product-Photo-500x400-1.png","large-width":500,"large-height":400,"1536x1536":"https:\/\/natus.com\/wp-content\/uploads\/Neuroworks-10-Related-Product-Photo-500x400-1.png","1536x1536-width":500,"1536x1536-height":400,"2048x2048":"https:\/\/natus.com\/wp-content\/uploads\/Neuroworks-10-Related-Product-Photo-500x400-1.png","2048x2048-width":500,"2048x2048-height":400}},"title":"Logiciel d\u2019EEG Natus\u00ae NeuroWorks\u00ae","link":{"type":"post","value":"9421","url":"https:\/\/natus.com\/fr\/neuro\/logiciel-eeg-neuroworks\/","name":"Logiciel d\u2019EEG Natus\u00ae NeuroWorks\u00ae","title":"En Savoir Plus","target":""}},{"label":"EEG dans l'USI","image":{"ID":4214,"id":4214,"title":"Brain Monitor Related Product Photo - 500x400","filename":"Bain-Monitor-related-product-500x400-2.png","filesize":177168,"url":"https:\/\/natus.com\/wp-content\/uploads\/Bain-Monitor-related-product-500x400-2.png","link":"https:\/\/natus.com\/fr\/neuro\/logiciel-eeg-neuroworks\/brain-monitor-related-product-photo-500x400-2\/","alt":"Natus Brain Monitor","author":"2","description":"","caption":"","name":"brain-monitor-related-product-photo-500x400-2","status":"inherit","uploaded_to":9421,"date":"2023-09-14 14:44:16","modified":"2024-11-01 16:25:20","menu_order":0,"mime_type":"image\/jpeg","type":"image","subtype":"jpeg","icon":"https:\/\/natus.com\/wp-includes\/images\/media\/default.png","width":500,"height":400,"sizes":{"thumbnail":"https:\/\/natus.com\/wp-content\/uploads\/Bain-Monitor-related-product-500x400-2.png","thumbnail-width":120,"thumbnail-height":96,"medium":"https:\/\/natus.com\/wp-content\/uploads\/Bain-Monitor-related-product-500x400-2.png","medium-width":500,"medium-height":400,"medium_large":"https:\/\/natus.com\/wp-content\/uploads\/Bain-Monitor-related-product-500x400-2.png","medium_large-width":500,"medium_large-height":400,"large":"https:\/\/natus.com\/wp-content\/uploads\/Bain-Monitor-related-product-500x400-2.png","large-width":500,"large-height":400,"1536x1536":"https:\/\/natus.com\/wp-content\/uploads\/Bain-Monitor-related-product-500x400-2.png","1536x1536-width":500,"1536x1536-height":400,"2048x2048":"https:\/\/natus.com\/wp-content\/uploads\/Bain-Monitor-related-product-500x400-2.png","2048x2048-width":500,"2048x2048-height":400}},"title":"Amplificateur d\u2019EEG Brain Monitor de Natus\u00ae","link":{"type":"post","value":"9416","url":"https:\/\/natus.com\/fr\/neuro\/amplificateur-eeg-brain-monitor-natus\/","name":"Amplificateur d\u2019EEG Brain Monitor de Natus\u00ae","title":"En Savoir Plus","target":""}},{"label":"EEG dans l'USI","image":{"ID":5558,"id":5558,"title":"Brain Quick EEG Related Product Photo - 500x400","filename":"BQ-EEG-with-SD-PLUS-FLEXI_Related-Products-Image-500x400-1.png","filesize":157525,"url":"https:\/\/natus.com\/wp-content\/uploads\/BQ-EEG-with-SD-PLUS-FLEXI_Related-Products-Image-500x400-1.png","link":"https:\/\/natus.com\/fr\/neuro\/systeme-brain-quick-ltm\/brain-quick-eeg-related-product-photo-500x400-2\/","alt":"Brain Quick EEG ","author":"2","description":"","caption":"","name":"brain-quick-eeg-related-product-photo-500x400-2","status":"inherit","uploaded_to":9314,"date":"2023-09-19 23:40:32","modified":"2024-07-26 17:05:13","menu_order":0,"mime_type":"image\/png","type":"image","subtype":"png","icon":"https:\/\/natus.com\/wp-includes\/images\/media\/default.png","width":500,"height":400,"sizes":{"thumbnail":"https:\/\/natus.com\/wp-content\/uploads\/BQ-EEG-with-SD-PLUS-FLEXI_Related-Products-Image-500x400-1.png","thumbnail-width":120,"thumbnail-height":96,"medium":"https:\/\/natus.com\/wp-content\/uploads\/BQ-EEG-with-SD-PLUS-FLEXI_Related-Products-Image-500x400-1.png","medium-width":500,"medium-height":400,"medium_large":"https:\/\/natus.com\/wp-content\/uploads\/BQ-EEG-with-SD-PLUS-FLEXI_Related-Products-Image-500x400-1.png","medium_large-width":500,"medium_large-height":400,"large":"https:\/\/natus.com\/wp-content\/uploads\/BQ-EEG-with-SD-PLUS-FLEXI_Related-Products-Image-500x400-1.png","large-width":500,"large-height":400,"1536x1536":"https:\/\/natus.com\/wp-content\/uploads\/BQ-EEG-with-SD-PLUS-FLEXI_Related-Products-Image-500x400-1.png","1536x1536-width":500,"1536x1536-height":400,"2048x2048":"https:\/\/natus.com\/wp-content\/uploads\/BQ-EEG-with-SD-PLUS-FLEXI_Related-Products-Image-500x400-1.png","2048x2048-width":500,"2048x2048-height":400}},"title":"Syst\u00e8me BRAIN QUICK\u00ae ICU","link":{"type":"post","value":"9310","url":"https:\/\/natus.com\/fr\/neuro\/systeme-brain-quick-icu\/","name":"Syst\u00e8me BRAIN QUICK\u00ae ICU","title":"En Savoir Plus","target":""}},{"label":"EEG dans l'USI","image":{"ID":4271,"id":4271,"title":"Brainquick Software Related Product Photo - 500x400","filename":"Brain-quick-EEG-Software-Related-Product-Photo-500x400-1.png","filesize":184768,"url":"https:\/\/natus.com\/wp-content\/uploads\/Brain-quick-EEG-Software-Related-Product-Photo-500x400-1.png","link":"https:\/\/natus.com\/fr\/neuro\/soins-intensifs-neurologiques-et-lesion-cerebrale\/eeg-dans-usi\/brainquick-software-related-product-photo-500x400-2\/","alt":"BRAIN QUICK EEG Software","author":"2","description":"","caption":"","name":"brainquick-software-related-product-photo-500x400-2","status":"inherit","uploaded_to":12705,"date":"2023-09-14 18:13:12","modified":"2024-07-29 20:32:45","menu_order":0,"mime_type":"image\/png","type":"image","subtype":"png","icon":"https:\/\/natus.com\/wp-includes\/images\/media\/default.png","width":500,"height":400,"sizes":{"thumbnail":"https:\/\/natus.com\/wp-content\/uploads\/Brain-quick-EEG-Software-Related-Product-Photo-500x400-1.png","thumbnail-width":120,"thumbnail-height":96,"medium":"https:\/\/natus.com\/wp-content\/uploads\/Brain-quick-EEG-Software-Related-Product-Photo-500x400-1.png","medium-width":500,"medium-height":400,"medium_large":"https:\/\/natus.com\/wp-content\/uploads\/Brain-quick-EEG-Software-Related-Product-Photo-500x400-1.png","medium_large-width":500,"medium_large-height":400,"large":"https:\/\/natus.com\/wp-content\/uploads\/Brain-quick-EEG-Software-Related-Product-Photo-500x400-1.png","large-width":500,"large-height":400,"1536x1536":"https:\/\/natus.com\/wp-content\/uploads\/Brain-quick-EEG-Software-Related-Product-Photo-500x400-1.png","1536x1536-width":500,"1536x1536-height":400,"2048x2048":"https:\/\/natus.com\/wp-content\/uploads\/Brain-quick-EEG-Software-Related-Product-Photo-500x400-1.png","2048x2048-width":500,"2048x2048-height":400}},"title":"Logiciel BRAIN QUICK\u00ae EEG","link":{"type":"post","value":"9302","url":"https:\/\/natus.com\/fr\/neuro\/brain-quick-eeg-software\/","name":"BRAIN QUICK\u00ae EEG Software","title":"En Savoir Plus","target":""}}]}]},{"category_title":"","subcategories":[{"subcategory_title":"Moniteur de la Fonction C\u00e9r\u00e9brale","subcategory_products":[{"label":"Moniteur de la Fonction C\u00e9r\u00e9brale","image":{"ID":4954,"id":4954,"title":"OBM Related Product Photo - 500x400","filename":"OBM-500x400-2.png","filesize":215641,"url":"https:\/\/natus.com\/wp-content\/uploads\/OBM-500x400-2.png","link":"https:\/\/natus.com\/fr\/neuro\/eeg-aeeg\/aeeg\/obm-related-product-photo-500x400-2-2\/","alt":"CFM Olympic Brainz Monitor","author":"2","description":"","caption":"CFM Olympic Brainz Monitor","name":"obm-related-product-photo-500x400-2-2","status":"inherit","uploaded_to":12632,"date":"2023-09-18 14:37:04","modified":"2024-07-30 15:34:31","menu_order":0,"mime_type":"image\/png","type":"image","subtype":"png","icon":"https:\/\/natus.com\/wp-includes\/images\/media\/default.png","width":500,"height":400,"sizes":{"thumbnail":"https:\/\/natus.com\/wp-content\/uploads\/OBM-500x400-2.png","thumbnail-width":120,"thumbnail-height":96,"medium":"https:\/\/natus.com\/wp-content\/uploads\/OBM-500x400-2.png","medium-width":500,"medium-height":400,"medium_large":"https:\/\/natus.com\/wp-content\/uploads\/OBM-500x400-2.png","medium_large-width":500,"medium_large-height":400,"large":"https:\/\/natus.com\/wp-content\/uploads\/OBM-500x400-2.png","large-width":500,"large-height":400,"1536x1536":"https:\/\/natus.com\/wp-content\/uploads\/OBM-500x400-2.png","1536x1536-width":500,"1536x1536-height":400,"2048x2048":"https:\/\/natus.com\/wp-content\/uploads\/OBM-500x400-2.png","2048x2048-width":500,"2048x2048-height":400}},"title":"CFM Olympic Brainz Monitor","link":{"type":"post","value":"9333","url":"https:\/\/natus.com\/fr\/neuro\/cfm-olympic-brainz-monitor\/","name":"CFM Olympic Brainz Monitor","title":"En Savoir Plus","target":""}}]}]},{"category_title":"","subcategories":[{"subcategory_title":"Syst\u00e8mes et cath\u00e9ters de surveillance de la pression intracr\u00e2nienne","subcategory_products":[{"label":"Syst\u00e8mes et cath\u00e9ters de surveillance de la pression intracr\u00e2nienne","image":{"ID":3571,"id":3571,"title":"Camino ICP Monitor - CAM02 Related Product Photo - 500x400","filename":"CAM03-Related-Product-Photo-500x400-2.png","filesize":273788,"url":"https:\/\/natus.com\/wp-content\/uploads\/CAM03-Related-Product-Photo-500x400-2.png","link":"https:\/\/natus.com\/fr\/produits-neuro\/camino-icp-monitor-cam02-related-product-photo-500x400-2\/","alt":"","author":"2","description":"","caption":"","name":"camino-icp-monitor-cam02-related-product-photo-500x400-2","status":"inherit","uploaded_to":8330,"date":"2023-09-12 14:41:08","modified":"2023-10-07 00:59:19","menu_order":0,"mime_type":"image\/png","type":"image","subtype":"png","icon":"https:\/\/natus.com\/wp-includes\/images\/media\/default.png","width":500,"height":400,"sizes":{"thumbnail":"https:\/\/natus.com\/wp-content\/uploads\/CAM03-Related-Product-Photo-500x400-2.png","thumbnail-width":120,"thumbnail-height":96,"medium":"https:\/\/natus.com\/wp-content\/uploads\/CAM03-Related-Product-Photo-500x400-2.png","medium-width":500,"medium-height":400,"medium_large":"https:\/\/natus.com\/wp-content\/uploads\/CAM03-Related-Product-Photo-500x400-2.png","medium_large-width":500,"medium_large-height":400,"large":"https:\/\/natus.com\/wp-content\/uploads\/CAM03-Related-Product-Photo-500x400-2.png","large-width":500,"large-height":400,"1536x1536":"https:\/\/natus.com\/wp-content\/uploads\/CAM03-Related-Product-Photo-500x400-2.png","1536x1536-width":500,"1536x1536-height":400,"2048x2048":"https:\/\/natus.com\/wp-content\/uploads\/CAM03-Related-Product-Photo-500x400-2.png","2048x2048-width":500,"2048x2048-height":400}},"title":"Moniteur de pression intracr\u00e2nienne et de temp\u00e9rature Camino\u00ae","link":{"type":"post","value":"25437","url":"https:\/\/natus.com\/fr\/neuro\/moniteur-de-pression-intracranienne-et-de-temperature-camino\/","name":"Moniteur de pression intracr\u00e2nienne et de temp\u00e9rature Camino\u00ae | Natus","title":"En Savoir Plus","target":""}}]}]}]}},{"acf_fc_layout":"contact","_acfe_flexible_layout_title":null,"_acfe_flexible_toggle":null,"left_image_right_content_single_cta_landing":{"module_options":{"":null,"module_id":"n64e942b4323a5","module_class":"","module_background_type":"color","module_background_color":"#ffffff","module_background_image":false,"module_background_video":"","activate_custom_padding":false,"padding_top_desktop":"0","padding_top_tablet":"0","padding_top_mobile":"0","padding_bottom_desktop":"0","padding_bottom_tablet":"0","padding_bottom_mobile":"0","activate_custom_margin":false,"margin_top_desktop":"0","margin_top_tablet":"0","margin_top_mobile":"0","margin_bottom_desktop":"0","margin_bottom_tablet":"0","margin_bottom_mobile":"0","disable_on":[],"content_alignment_desktop":"left","content_alignment_tablet":"left","content_alignment_mobile":"left"},"":null,"image":{"ID":3844,"id":3844,"title":"NTA banner_800x450","filename":"NTA-banner_800x450.png","filesize":390422,"url":"https:\/\/natus.com\/wp-content\/uploads\/NTA-banner_800x450.png","link":"https:\/\/natus.com\/fr\/neuro\/eeg-aeeg\/nta-banner_800x450-2\/","alt":"NTA Banner image","author":"2","description":"","caption":"","name":"nta-banner_800x450-2","status":"inherit","uploaded_to":12084,"date":"2023-09-13 17:16:26","modified":"2024-07-29 20:42:14","menu_order":0,"mime_type":"image\/png","type":"image","subtype":"png","icon":"https:\/\/natus.com\/wp-includes\/images\/media\/default.png","width":800,"height":450,"sizes":{"thumbnail":"https:\/\/natus.com\/wp-content\/uploads\/NTA-banner_800x450.png","thumbnail-width":128,"thumbnail-height":72,"medium":"https:\/\/natus.com\/wp-content\/uploads\/NTA-banner_800x450.png","medium-width":800,"medium-height":450,"medium_large":"https:\/\/natus.com\/wp-content\/uploads\/NTA-banner_800x450-768x432.png","medium_large-width":768,"medium_large-height":432,"large":"https:\/\/natus.com\/wp-content\/uploads\/NTA-banner_800x450.png","large-width":800,"large-height":450,"1536x1536":"https:\/\/natus.com\/wp-content\/uploads\/NTA-banner_800x450.png","1536x1536-width":800,"1536x1536-height":450,"2048x2048":"https:\/\/natus.com\/wp-content\/uploads\/NTA-banner_800x450.png","2048x2048-width":800,"2048x2048-height":450}},"activate_image_caption":false,"image_caption_icon":false,"image_caption_title":"","image_caption_description":"","label":"Connaissances","title":"Neuro Training Academy","description":"<p>Si vous souhaitez approfondir vos connaissances cliniques, am\u00e9liorer vos comp\u00e9tences ou tirer le meilleur parti de vos solutions neurologiques Natus, d\u00e9couvrez les ressources de notre Acad\u00e9mie de formation en neurologie. Prenez connaissance des derniers d\u00e9veloppements scientifiques et technologiques aupr\u00e8s des leaders du domaine afin de faire la diff\u00e9rence pour vos patients.<\/p>\n","link":{"type":"url","value":"https:\/\/neuro-training.academy","url":"https:\/\/neuro-training.academy","name":"https:\/\/neuro-training.academy","title":"En Savoir Plus","target":"_blank"}}},{"acf_fc_layout":"contact","_acfe_flexible_layout_title":null,"_acfe_flexible_toggle":null,"left_image_right_content_single_cta_landing":{"module_options":{"":null,"module_id":"n64e942b43af35","module_class":"","module_background_type":"color","module_background_color":"#f1f1f1","module_background_image":false,"module_background_video":"","activate_custom_padding":false,"padding_top_desktop":"0","padding_top_tablet":"0","padding_top_mobile":"0","padding_bottom_desktop":"0","padding_bottom_tablet":"0","padding_bottom_mobile":"0","activate_custom_margin":false,"margin_top_desktop":"0","margin_top_tablet":"0","margin_top_mobile":"0","margin_bottom_desktop":"0","margin_bottom_tablet":"0","margin_bottom_mobile":"0","disable_on":[],"content_alignment_desktop":"left","content_alignment_tablet":"left","content_alignment_mobile":"left"},"":null,"image":{"ID":4238,"id":4238,"title":"Contact Us 800x450","filename":"Contact-Us-800x450-1.png","filesize":437541,"url":"https:\/\/natus.com\/wp-content\/uploads\/Contact-Us-800x450-1.png","link":"https:\/\/natus.com\/fr\/neuro\/contact-us-800x450-2\/","alt":"Shaking Hands - Contact Us","author":"2","description":"","caption":"","name":"contact-us-800x450-2","status":"inherit","uploaded_to":10461,"date":"2023-09-14 17:35:31","modified":"2024-07-29 20:33:28","menu_order":0,"mime_type":"image\/png","type":"image","subtype":"png","icon":"https:\/\/natus.com\/wp-includes\/images\/media\/default.png","width":800,"height":450,"sizes":{"thumbnail":"https:\/\/natus.com\/wp-content\/uploads\/Contact-Us-800x450-1.png","thumbnail-width":128,"thumbnail-height":72,"medium":"https:\/\/natus.com\/wp-content\/uploads\/Contact-Us-800x450-1.png","medium-width":800,"medium-height":450,"medium_large":"https:\/\/natus.com\/wp-content\/uploads\/Contact-Us-800x450-1-768x432.png","medium_large-width":768,"medium_large-height":432,"large":"https:\/\/natus.com\/wp-content\/uploads\/Contact-Us-800x450-1.png","large-width":800,"large-height":450,"1536x1536":"https:\/\/natus.com\/wp-content\/uploads\/Contact-Us-800x450-1.png","1536x1536-width":800,"1536x1536-height":450,"2048x2048":"https:\/\/natus.com\/wp-content\/uploads\/Contact-Us-800x450-1.png","2048x2048-width":800,"2048x2048-height":450}},"activate_image_caption":false,"image_caption_icon":false,"image_caption_title":"","image_caption_description":"","label":"Contactez votre repr\u00e9sentant Natus","title":"Vous \u00eates pr\u00eat \u00e0 commencer votre parcours avec Natus?","description":"<p>Pour en savoir plus sur l\u2019une de nos solutions neurologiques de pointe ou sur la fa\u00e7on dont nous pouvons vous aider \u00e0 am\u00e9liorer vos capacit\u00e9s en mati\u00e8re de soins, contactez un repr\u00e9sentant Natus.<\/p>\n","link":{"type":"post","value":"8336","url":"https:\/\/natus.com\/fr\/sites\/","name":"Sites","title":"Nous contacter","target":""}}}]},"_links":{"self":[{"href":"https:\/\/natus.com\/fr\/wp-json\/wp\/v2\/pages\/11413","targetHints":{"allow":["GET"]}}],"collection":[{"href":"https:\/\/natus.com\/fr\/wp-json\/wp\/v2\/pages"}],"about":[{"href":"https:\/\/natus.com\/fr\/wp-json\/wp\/v2\/types\/page"}],"author":[{"embeddable":true,"href":"https:\/\/natus.com\/fr\/wp-json\/wp\/v2\/users\/1"}],"replies":[{"embeddable":true,"href":"https:\/\/natus.com\/fr\/wp-json\/wp\/v2\/comments?post=11413"}],"version-history":[{"count":10,"href":"https:\/\/natus.com\/fr\/wp-json\/wp\/v2\/pages\/11413\/revisions"}],"predecessor-version":[{"id":26261,"href":"https:\/\/natus.com\/fr\/wp-json\/wp\/v2\/pages\/11413\/revisions\/26261"}],"up":[{"embeddable":true,"href":"https:\/\/natus.com\/fr\/wp-json\/wp\/v2\/pages\/10461"}],"wp:attachment":[{"href":"https:\/\/natus.com\/fr\/wp-json\/wp\/v2\/media?parent=11413"}],"wp:term":[{"taxonomy":"category","embeddable":true,"href":"https:\/\/natus.com\/fr\/wp-json\/wp\/v2\/categories?post=11413"},{"taxonomy":"post_tag","embeddable":true,"href":"https:\/\/natus.com\/fr\/wp-json\/wp\/v2\/tags?post=11413"}],"curies":[{"name":"wp","href":"https:\/\/api.w.org\/{rel}","templated":true}]}}