{"id":11788,"date":"2023-08-07T16:44:34","date_gmt":"2023-08-07T16:44:34","guid":{"rendered":"https:\/\/natus.com\/service-et-assistance\/technical-service\/"},"modified":"2025-09-05T08:59:19","modified_gmt":"2025-09-05T08:59:19","slug":"service-technique","status":"publish","type":"page","link":"https:\/\/natus.com\/fr\/assistance\/service-technique\/","title":{"rendered":"Service Technique"},"content":{"rendered":"","protected":false},"excerpt":{"rendered":"","protected":false},"author":1,"featured_media":0,"parent":8358,"menu_order":0,"comment_status":"closed","ping_status":"closed","template":"templates\/page-customer-support.php","meta":{"_acf_changed":false,"footnotes":""},"categories":[],"tags":[],"class_list":["post-11788","page","type-page","status-publish","hentry"],"acf":{"content_blocks":[{"acf_fc_layout":"spacer","_acfe_flexible_toggle":"","spacer":{"module_options":{"":null,"module_id":"n65143c26d4d03","module_class":"","module_background_type":"color","module_background_color":"#00aaa7","module_background_image":false,"module_background_video":"","activate_custom_padding":false,"padding_top_desktop":"0","padding_top_tablet":"0","padding_top_mobile":"0","padding_bottom_desktop":"0","padding_bottom_tablet":"0","padding_bottom_mobile":"0","activate_custom_margin":false,"margin_top_desktop":"0","margin_top_tablet":"0","margin_top_mobile":"0","margin_bottom_desktop":"0","margin_bottom_tablet":"0","margin_bottom_mobile":"0","disable_on":[],"content_alignment_desktop":"left","content_alignment_tablet":"left","content_alignment_mobile":"left"},"height":"300"}},{"acf_fc_layout":"hero","_acfe_flexible_toggle":"","text_block_with_quick_navs":{"module_options":{"":null,"module_id":"n6500e85de2778","module_class":"","module_background_type":"color","module_background_color":"","module_background_image":false,"module_background_video":"","activate_custom_padding":false,"padding_top_desktop":"0","padding_top_tablet":"0","padding_top_mobile":"0","padding_bottom_desktop":"0","padding_bottom_tablet":"0","padding_bottom_mobile":"0","activate_custom_margin":false,"margin_top_desktop":"0","margin_top_tablet":"0","margin_top_mobile":"0","margin_bottom_desktop":"0","margin_bottom_tablet":"0","margin_bottom_mobile":"0","disable_on":[],"content_alignment_desktop":"left","content_alignment_tablet":"left","content_alignment_mobile":"left"},"text_block":"<h1>Service Technique<\/h1>\n<p>Une assistance qui vous permet de garder une longueur d\u2019avance. Notre promesse d\u2019excellence ne prend pas fin apr\u00e8s l\u2019achat de votre produit. Qu\u2019il s\u2019agisse de <strong>r\u00e9parations d\u2019\u00e9quipements, de maintenance, d\u2019\u00e9talonnage ou d\u2019assistance technique<\/strong>, nous sommes \u00e0 vos c\u00f4t\u00e9s \u00e0 chaque \u00e9tape.<\/p>\n<p>&nbsp;<\/p>\n<p>Gr\u00e2ce \u00e0 le syst\u00e8me d\u2019appel international et les solutions d\u2019assistance par e-mail, vous disposez de nombreuses options pratiques pour contacter notre \u00e9quipe de service technique internationale pour obtenir de l\u2019aide.<\/p>\n","quick_nav_links":[{"link":{"type":"url","value":"#n6500e85de5120","url":"#n6500e85de5120","name":"#n6500e85de5120","title":"Num\u00e9ro des personnes \u00e0 contacter ","target":""}},{"link":{"type":"url","value":"#n6500e85e034c2","url":"#n6500e85e034c2","name":"#n6500e85e034c2","title":"Envoyez-nous une demande","target":""}}]}},{"acf_fc_layout":"divider","_acfe_flexible_toggle":"","divider":{"module_options":{"":null,"module_id":"n6500e85de3c43","module_class":"","module_background_type":"color","module_background_color":"","module_background_image":false,"module_background_video":"","activate_custom_padding":false,"padding_top_desktop":"0","padding_top_tablet":"0","padding_top_mobile":"0","padding_bottom_desktop":"0","padding_bottom_tablet":"0","padding_bottom_mobile":"0","activate_custom_margin":false,"margin_top_desktop":"0","margin_top_tablet":"0","margin_top_mobile":"0","margin_bottom_desktop":"0","margin_bottom_tablet":"0","margin_bottom_mobile":"0","disable_on":[],"content_alignment_desktop":"left","content_alignment_tablet":"left","content_alignment_mobile":"left"},"color":"#00aaa7","height":"12"}},{"acf_fc_layout":"accordions","_acfe_flexible_toggle":"","accordions_2_columns":{"module_options":{"":null,"module_id":"n6500e85de5120","module_class":"","module_background_type":"color","module_background_color":"","module_background_image":false,"module_background_video":"","activate_custom_padding":false,"padding_top_desktop":"0","padding_top_tablet":"0","padding_top_mobile":"0","padding_bottom_desktop":"0","padding_bottom_tablet":"0","padding_bottom_mobile":"0","activate_custom_margin":false,"margin_top_desktop":"0","margin_top_tablet":"0","margin_top_mobile":"0","margin_bottom_desktop":"0","margin_bottom_tablet":"0","margin_bottom_mobile":"0","disable_on":[],"content_alignment_desktop":"left","content_alignment_tablet":"left","content_alignment_mobile":"left"},"title":"Contact Numbers","accordions":[{"accordion_title":"Neuro","accordion_rows":[{"accordion_row_title":"EEG","accordion_row":[{"title":"Produits Xltek \/ NeuroWorks \/ Grass ","description":"<p>Tel: +33 5 56 08 54 76<br \/>\nEmail: <a href=\"mailto:support.fr@natus.com\">support.fr@natus.com<\/a><\/p>\n"},{"title":"Produits BRAINQUICK ","description":"<p>Tel: +33 3 85 36 81 50<\/p>\n<p>Monday to Friday 8:00 a.m. to 4:30 p.m<\/p>\n<p>Email: <a href=\"mailto:support.fr@natus.com\">support.fr@natus.com<\/a><\/p>\n<p>&nbsp;<\/p>\n<p><a href=\"https:\/\/forms.office.com\/Pages\/ResponsePage.aspx?id=Uuv5Ddyb-0iY7thXmyG5G-Okc3DpAg9Ik_FY-3HlZFZUQ1RON1JaOUlVTEtOR00wOEFPRjdRRDdNVS4u\" target=\"_blank\" rel=\"noopener\">Demande de support<\/a><\/p>\n"},{"title":"Produits Schwarzer ","description":"<p>Tel: +49 89 83942 0 (Munich, Germany)<\/p>\n"}]},{"accordion_row_title":"EMG","accordion_row":[{"title":"Produits Nicolet","description":"<p>Toll Free: 800-356-0007 (US &amp; Canada)<br \/>\nTel: +1-608-829-8500 (International)<br \/>\nFax: + 1 608-829-8589<\/p>\n"},{"title":"Produits Dantec","description":"<p>Toll Free: 800-387-7516 (US &amp; Canada)<br \/>\nTel: 905-829-5300 (International)<br \/>\nFax: 905-829-5304 or 888-404-2992<\/p>\n"},{"title":"Produits NEUROWERK ","description":"<p>Tel: +49.37297.82555<\/p>\n<p>Monday to Friday 8:00 a.m. to 4:30 p.m<\/p>\n<p>Email: <a href=\"mailto:kundenservice@natus.com\">kundenservice@natus.com\u00a0<\/a><\/p>\n"}]},{"accordion_row_title":"PSG\/Sommeil","accordion_row":[{"title":"SleepWorks","description":"<p>Tel: 888-662-7632 (US &amp; Canada)<br \/>\nTel: 1-613-254-8877 (International)<br \/>\nFax: 905-829-5304 or 888-404-2992<\/p>\n"},{"title":"Produits Embla","description":"<p>Tel: 888-662-7632 (US &amp; Canada)<br \/>\nTel: 1-613-254-8877 (International)<br \/>\nFax: 905-829-5304 or 888-404-2992<\/p>\n"}]},{"accordion_row_title":"Soins Intensifs Neurologiques","accordion_row":[{"title":"Camino","description":"<p>Toll Free: 800-356-0007 (US &amp; Canada)<br \/>\nTel: 608-829-8500 (International)<br \/>\nFax: + 1 608-829-8589<\/p>\n"}]},{"accordion_row_title":"Other ","accordion_row":[{"title":"Other Neuro Products","description":"<p>Toll-Free: 877-842-7970 (US &amp; Canada)<br \/>\nTel: +1 303-431-9400<br \/>\nFax: 608-829-8639<\/p>\n"}]}]}]}},{"acf_fc_layout":"tabs","_acfe_flexible_toggle":"","tabs_desktop_accordions_mobile":{"module_options":{"":null,"module_id":"n6500e85df1f98","module_class":"","module_background_type":"color","module_background_color":"","module_background_image":false,"module_background_video":"","activate_custom_padding":false,"padding_top_desktop":"0","padding_top_tablet":"0","padding_top_mobile":"0","padding_bottom_desktop":"0","padding_bottom_tablet":"0","padding_bottom_mobile":"0","activate_custom_margin":false,"margin_top_desktop":"0","margin_top_tablet":"0","margin_top_mobile":"0","margin_bottom_desktop":"0","margin_bottom_tablet":"0","margin_bottom_mobile":"0","disable_on":[],"content_alignment_desktop":"left","content_alignment_tablet":"left","content_alignment_mobile":"left"},"title":"Garanties des produits et t\u00e9l\u00e9chargements","tabs":[{"tab_title":"Garanties De Produit Neuro","tab_column":[{"column_title":"Neuro","links":[{"link":{"type":"url","value":"https:\/\/natus.bynder.com\/m\/99021bd44ea07324\/original\/Natus-Neuro-Warranty-Statements.pdf","url":"https:\/\/natus.bynder.com\/m\/99021bd44ea07324\/original\/Natus-Neuro-Warranty-Statements.pdf","name":"https:\/\/natus.bynder.com\/m\/99021bd44ea07324\/original\/Natus-Neuro-Warranty-Statements.pdf","title":"Natus Warranty for all EMG \/ EEG \/ PSG \/ IOM \/ EP Systems","target":"_blank"}},{"link":{"type":"url","value":"https:\/\/natus.bynder.com\/m\/7ddcfef4cc40a0d5\/original\/Natus-Neuro-Warranty-Statements.pdf","url":"https:\/\/natus.bynder.com\/m\/7ddcfef4cc40a0d5\/original\/Natus-Neuro-Warranty-Statements.pdf","name":"https:\/\/natus.bynder.com\/m\/7ddcfef4cc40a0d5\/original\/Natus-Neuro-Warranty-Statements.pdf","title":"Camino ICP Warranty","target":"_blank"}},{"link":{"type":"url","value":"https:\/\/natus.bynder.com\/m\/6a2791b28544f320\/original\/Olympic-Brainz-Monitor-OBM-Warranty.pdf","url":"https:\/\/natus.bynder.com\/m\/6a2791b28544f320\/original\/Olympic-Brainz-Monitor-OBM-Warranty.pdf","name":"https:\/\/natus.bynder.com\/m\/6a2791b28544f320\/original\/Olympic-Brainz-Monitor-OBM-Warranty.pdf","title":"CFM Olympic Brainz Monitor Warranty - English","target":"_blank"}},{"link":{"type":"url","value":"https:\/\/natus.bynder.com\/m\/3fd01560ccdb7f9a\/original\/Olympic-Brainz-Monitor-OBM-Warranty-FR.pdf","url":"https:\/\/natus.bynder.com\/m\/3fd01560ccdb7f9a\/original\/Olympic-Brainz-Monitor-OBM-Warranty-FR.pdf","name":"https:\/\/natus.bynder.com\/m\/3fd01560ccdb7f9a\/original\/Olympic-Brainz-Monitor-OBM-Warranty-FR.pdf","title":"CFM Olympic Brainz Monitor Warranty - French","target":"_blank"}},{"link":{"type":"url","value":"https:\/\/natus.bynder.com\/m\/21d79f41ed04394a\/original\/Olympic-Medical-Product-Warranty.pdf","url":"https:\/\/natus.bynder.com\/m\/21d79f41ed04394a\/original\/Olympic-Medical-Product-Warranty.pdf","name":"https:\/\/natus.bynder.com\/m\/21d79f41ed04394a\/original\/Olympic-Medical-Product-Warranty.pdf","title":"Olympic Medical Product Warranty","target":"_blank"}}]}]},{"tab_title":"Modalit\u00e9s","tab_column":[{"column_title":"Hearing Screening","links":[{"link":{"type":"post","value":"12775","url":"https:\/\/natus.com\/fr\/modalites\/","name":"Modalit\u00e9s","title":"Modalit\u00e9s  ","target":""}}]}]},{"tab_title":"Retours","tab_column":[{"column_title":"","links":[{"link":{"type":"url","value":"https:\/\/natus.bynder.com\/m\/5d8eb3499d4f1fb2\/original\/DOC-067049_Natus-Technical-Support-Return-Policy_French.pdf","url":"https:\/\/natus.bynder.com\/m\/5d8eb3499d4f1fb2\/original\/DOC-067049_Natus-Technical-Support-Return-Policy_French.pdf","name":"https:\/\/natus.bynder.com\/m\/5d8eb3499d4f1fb2\/original\/DOC-067049_Natus-Technical-Support-Return-Policy_French.pdf","title":"Politique de retour de l\u2019assistance technique","target":"_blank"}},{"link":{"type":"url","value":"#n6500e85e034c2","url":"#n6500e85e034c2","name":"#n6500e85e034c2","title":"Soumettez le num\u00e9ro de r\u00e9f\u00e9rence et le suivi de l'Autorisation de Retour de Marchandise (RMA)","target":""}},{"link":{"type":"url","value":"https:\/\/forms.office.com\/Pages\/ResponsePage.aspx?id=Uuv5Ddyb-0iY7thXmyG5G-Okc3DpAg9Ik_FY-3HlZFZUMEc0SVUwQ1NQMVRNNU9aRlRaWlowNERRRy4u","url":"https:\/\/forms.office.com\/Pages\/ResponsePage.aspx?id=Uuv5Ddyb-0iY7thXmyG5G-Okc3DpAg9Ik_FY-3HlZFZUMEc0SVUwQ1NQMVRNNU9aRlRaWlowNERRRy4u","name":"https:\/\/forms.office.com\/Pages\/ResponsePage.aspx?id=Uuv5Ddyb-0iY7thXmyG5G-Okc3DpAg9Ik_FY-3HlZFZUMEc0SVUwQ1NQMVRNNU9aRlRaWlowNERRRy4u","title":"DEMANDE DE RETOUR MAT\u00c9RIEL - MICROMED","target":"_blank"}}]}]}]}},{"acf_fc_layout":"product_manuals_eifus","_acfe_flexible_toggle":"","left_image_right_content_single_cta_landing":{"module_options":{"":null,"module_id":"n65036b5170919","module_class":"","module_background_type":"color","module_background_color":"#ffffff","module_background_image":false,"module_background_video":"","activate_custom_padding":false,"padding_top_desktop":"0","padding_top_tablet":"0","padding_top_mobile":"0","padding_bottom_desktop":"0","padding_bottom_tablet":"0","padding_bottom_mobile":"0","activate_custom_margin":false,"margin_top_desktop":"0","margin_top_tablet":"0","margin_top_mobile":"0","margin_bottom_desktop":"0","margin_bottom_tablet":"0","margin_bottom_mobile":"0","disable_on":[],"content_alignment_desktop":"left","content_alignment_tablet":"left","content_alignment_mobile":"left"},"":null,"image":{"ID":4336,"id":4336,"title":"Doctor on a tablet 800x450","filename":"Doctor-on-a-tablet-800x450-1.png","filesize":433489,"url":"https:\/\/natus.com\/wp-content\/uploads\/Doctor-on-a-tablet-800x450-1.png","link":"https:\/\/natus.com\/fr\/assistance\/doctor-on-a-tablet-800x450-2\/","alt":"Doctor on a tablet","author":"2","description":"","caption":"","name":"doctor-on-a-tablet-800x450-2","status":"inherit","uploaded_to":8358,"date":"2023-09-14 19:11:09","modified":"2024-07-29 20:27:08","menu_order":0,"mime_type":"image\/png","type":"image","subtype":"png","icon":"https:\/\/natus.com\/wp-includes\/images\/media\/default.png","width":800,"height":450,"sizes":{"thumbnail":"https:\/\/natus.com\/wp-content\/uploads\/Doctor-on-a-tablet-800x450-1.png","thumbnail-width":128,"thumbnail-height":72,"medium":"https:\/\/natus.com\/wp-content\/uploads\/Doctor-on-a-tablet-800x450-1.png","medium-width":800,"medium-height":450,"medium_large":"https:\/\/natus.com\/wp-content\/uploads\/Doctor-on-a-tablet-800x450-1-768x432.png","medium_large-width":768,"medium_large-height":432,"large":"https:\/\/natus.com\/wp-content\/uploads\/Doctor-on-a-tablet-800x450-1.png","large-width":800,"large-height":450,"1536x1536":"https:\/\/natus.com\/wp-content\/uploads\/Doctor-on-a-tablet-800x450-1.png","1536x1536-width":800,"1536x1536-height":450,"2048x2048":"https:\/\/natus.com\/wp-content\/uploads\/Doctor-on-a-tablet-800x450-1.png","2048x2048-width":800,"2048x2048-height":450}},"activate_image_caption":false,"image_caption_icon":false,"image_caption_title":"","image_caption_description":"","label":"T\u00c9L\u00c9CHARGEMENTS","title":"Centre de Connaissances sur les Produits ","description":"<p>Besoin d\u2019un manuel ou d\u2019un mode d\u2019emploi \u00e9lectronique pour votre produit Natus\u202f? Acc\u00e9dez \u00e0 notre centre de connaissances sur les produits.<\/p>\n<p>&nbsp;<\/p>\n<p><a href=\"https:\/\/natus.bynder.com\/web\/6b2b59adbe92f133\/archived-product-manuals-\/\">Pour consulter les r\u00e9visions pr\u00e9c\u00e9dentes des instructions d\u2019utilisation \u00e9lectroniques des produits, cliquez ici.<\/a><\/p>\n","link":{"type":"url","value":"https:\/\/natus.bynder.com\/web\/3109238f80bad185\/product-knowledge-center\/","url":"https:\/\/natus.bynder.com\/web\/3109238f80bad185\/product-knowledge-center\/","name":"https:\/\/natus.bynder.com\/web\/3109238f80bad185\/product-knowledge-center\/","title":"Acc\u00e9der","target":"_blank"}}},{"acf_fc_layout":"software_downloads","_acfe_flexible_layout_title":"Service Contracts","_acfe_flexible_toggle":"","left_image_right_content_single_cta_landing":{"module_options":{"":null,"module_id":"n6509e1355a472","module_class":"","module_background_type":"color","module_background_color":"#ffffff","module_background_image":false,"module_background_video":"","activate_custom_padding":false,"padding_top_desktop":"0","padding_top_tablet":"0","padding_top_mobile":"0","padding_bottom_desktop":"0","padding_bottom_tablet":"0","padding_bottom_mobile":"0","activate_custom_margin":false,"margin_top_desktop":"0","margin_top_tablet":"0","margin_top_mobile":"0","margin_bottom_desktop":"0","margin_bottom_tablet":"0","margin_bottom_mobile":"0","disable_on":[],"content_alignment_desktop":"left","content_alignment_tablet":"left","content_alignment_mobile":"left"},"":null,"image":{"ID":5402,"id":5402,"title":"Service Contracts_800x450","filename":"Service-Contracts_800x450.png","filesize":538430,"url":"https:\/\/natus.com\/wp-content\/uploads\/Service-Contracts_800x450.png","link":"https:\/\/natus.com\/fr\/assistance\/service-technique\/service-contracts_800x450-2\/","alt":"Man looking through a magnifying glass","author":"2","description":"","caption":"","name":"service-contracts_800x450-2","status":"inherit","uploaded_to":11788,"date":"2023-09-19 19:10:54","modified":"2024-07-26 17:06:58","menu_order":0,"mime_type":"image\/png","type":"image","subtype":"png","icon":"https:\/\/natus.com\/wp-includes\/images\/media\/default.png","width":800,"height":450,"sizes":{"thumbnail":"https:\/\/natus.com\/wp-content\/uploads\/Service-Contracts_800x450.png","thumbnail-width":128,"thumbnail-height":72,"medium":"https:\/\/natus.com\/wp-content\/uploads\/Service-Contracts_800x450.png","medium-width":800,"medium-height":450,"medium_large":"https:\/\/natus.com\/wp-content\/uploads\/Service-Contracts_800x450-768x432.png","medium_large-width":768,"medium_large-height":432,"large":"https:\/\/natus.com\/wp-content\/uploads\/Service-Contracts_800x450.png","large-width":800,"large-height":450,"1536x1536":"https:\/\/natus.com\/wp-content\/uploads\/Service-Contracts_800x450.png","1536x1536-width":800,"1536x1536-height":450,"2048x2048":"https:\/\/natus.com\/wp-content\/uploads\/Service-Contracts_800x450.png","2048x2048-width":800,"2048x2048-height":450}},"activate_image_caption":false,"image_caption_icon":false,"image_caption_title":"","image_caption_description":"","label":"En Savoir Plue","title":"Programmes de Services ","description":"<p>Quel que soit le niveau de service ou d\u2019assistance dont vous avez besoin, Natus s\u2019engage \u00e0 vous fournir la meilleure exp\u00e9rience possible pour vous aider \u00e0 tirer le meilleur parti de votre \u00e9quipement. D\u00e9couvrez les contrats de service propos\u00e9s par Natus.<\/p>\n","link":{"type":"post","value":"11792","url":"https:\/\/natus.com\/fr\/assistance\/programmes-services\/","name":"Programmes de Services","title":"EN SAVOIR PLUS ","target":"_blank"}}},{"acf_fc_layout":"contact_form","_acfe_flexible_toggle":"","contact_form_landing":{"module_options":{"":null,"module_id":"n6500e85e034c2","module_class":"","module_background_type":"color","module_background_color":"","module_background_image":false,"module_background_video":"","activate_custom_padding":false,"padding_top_desktop":"0","padding_top_tablet":"0","padding_top_mobile":"0","padding_bottom_desktop":"0","padding_bottom_tablet":"0","padding_bottom_mobile":"0","activate_custom_margin":false,"margin_top_desktop":"0","margin_top_tablet":"0","margin_top_mobile":"0","margin_bottom_desktop":"0","margin_bottom_tablet":"0","margin_bottom_mobile":"0","disable_on":[],"content_alignment_desktop":"left","content_alignment_tablet":"left","content_alignment_mobile":"left"},"":null,"activate_intro":true,"intro_text":"Envoyez-nous une demande via notre formulaire","intro_text_color":"#005e63","intro_link":null,"activate_description":true,"description_title":"","description_copy":"Pour envoyer votre question relative \u00e0 l\u2019assistance par e-mail, veuillez remplir ce formulaire. <br \/>\r\n<br \/>\r\n<br \/>\r\nPlus vous serez pr\u00e9cis, plus vite nous pourrons traiter votre question et y r\u00e9pondre. Merci\u202f! ","embed_code":"<script charset=\"utf-8\" type=\"text\/javascript\" src=\"\/\/js.hsforms.net\/forms\/embed\/v2.js\"><\/script>\r\n<script>\r\n  hbspt.forms.create({\r\n    region: \"na1\",\r\n    portalId: \"3002890\",\r\n    formId: \"a50e3c0c-4e01-4829-acb6-b8e6d4153e5c\"\r\n  });\r\n<\/script>"}}],"activate_custom_page_js":false},"_links":{"self":[{"href":"https:\/\/natus.com\/fr\/wp-json\/wp\/v2\/pages\/11788","targetHints":{"allow":["GET"]}}],"collection":[{"href":"https:\/\/natus.com\/fr\/wp-json\/wp\/v2\/pages"}],"about":[{"href":"https:\/\/natus.com\/fr\/wp-json\/wp\/v2\/types\/page"}],"author":[{"embeddable":true,"href":"https:\/\/natus.com\/fr\/wp-json\/wp\/v2\/users\/1"}],"replies":[{"embeddable":true,"href":"https:\/\/natus.com\/fr\/wp-json\/wp\/v2\/comments?post=11788"}],"version-history":[{"count":10,"href":"https:\/\/natus.com\/fr\/wp-json\/wp\/v2\/pages\/11788\/revisions"}],"predecessor-version":[{"id":24944,"href":"https:\/\/natus.com\/fr\/wp-json\/wp\/v2\/pages\/11788\/revisions\/24944"}],"up":[{"embeddable":true,"href":"https:\/\/natus.com\/fr\/wp-json\/wp\/v2\/pages\/8358"}],"wp:attachment":[{"href":"https:\/\/natus.com\/fr\/wp-json\/wp\/v2\/media?parent=11788"}],"wp:term":[{"taxonomy":"category","embeddable":true,"href":"https:\/\/natus.com\/fr\/wp-json\/wp\/v2\/categories?post=11788"},{"taxonomy":"post_tag","embeddable":true,"href":"https:\/\/natus.com\/fr\/wp-json\/wp\/v2\/tags?post=11788"}],"curies":[{"name":"wp","href":"https:\/\/api.w.org\/{rel}","templated":true}]}}