{"id":11792,"date":"2023-08-07T16:45:16","date_gmt":"2023-08-07T16:45:16","guid":{"rendered":"https:\/\/natus.com\/service-et-assistance\/service-programs\/"},"modified":"2023-10-05T22:54:39","modified_gmt":"2023-10-05T22:54:39","slug":"programmes-services","status":"publish","type":"page","link":"https:\/\/natus.com\/fr\/assistance\/programmes-services\/","title":{"rendered":"Programmes de Services"},"content":{"rendered":"","protected":false},"excerpt":{"rendered":"","protected":false},"author":1,"featured_media":0,"parent":8358,"menu_order":0,"comment_status":"closed","ping_status":"closed","template":"","meta":{"_acf_changed":false,"footnotes":""},"categories":[],"tags":[],"class_list":["post-11792","page","type-page","status-publish","hentry"],"acf":{"content_blocks":[{"acf_fc_layout":"hero1","_acfe_flexible_toggle":"","hero_locations":{"unique_id":"n650b2a7e3ea36","background":{"ID":927,"id":927,"title":"locations-hero","filename":"locations-hero.jpg","filesize":249977,"url":"https:\/\/natus.com\/wp-content\/uploads\/locations-hero.jpg","link":"https:\/\/natus.com\/fr\/sites\/locations-hero-2\/","alt":"","author":"1","description":"","caption":"","name":"locations-hero-2","status":"inherit","uploaded_to":8336,"date":"2023-07-30 10:59:34","modified":"2023-09-21 15:29:51","menu_order":0,"mime_type":"image\/jpeg","type":"image","subtype":"jpeg","icon":"https:\/\/natus.com\/wp-includes\/images\/media\/default.png","width":1920,"height":500,"sizes":{"thumbnail":"https:\/\/natus.com\/wp-content\/uploads\/locations-hero.jpg","thumbnail-width":128,"thumbnail-height":33,"medium":"https:\/\/natus.com\/wp-content\/uploads\/locations-hero.jpg","medium-width":1920,"medium-height":500,"medium_large":"https:\/\/natus.com\/wp-content\/uploads\/locations-hero-768x200.jpg","medium_large-width":768,"medium_large-height":200,"large":"https:\/\/natus.com\/wp-content\/uploads\/locations-hero.jpg","large-width":1920,"large-height":500,"1536x1536":"https:\/\/natus.com\/wp-content\/uploads\/locations-hero-1536x400.jpg","1536x1536-width":1536,"1536x1536-height":400,"2048x2048":"https:\/\/natus.com\/wp-content\/uploads\/locations-hero.jpg","2048x2048-width":1920,"2048x2048-height":500}},"h1":"Programmes de Services","description":""}},{"acf_fc_layout":"intro_2_columns_landing","_acfe_flexible_toggle":"","intro_2_columns_landing":{"module_options":{"":null,"module_id":"n6514d2c52e521","module_class":"","module_background_type":"color","module_background_color":"","module_background_image":false,"module_background_video":"","activate_custom_padding":false,"padding_top_desktop":"0","padding_top_tablet":"0","padding_top_mobile":"0","padding_bottom_desktop":"0","padding_bottom_tablet":"0","padding_bottom_mobile":"0","activate_custom_margin":false,"margin_top_desktop":"0","margin_top_tablet":"0","margin_top_mobile":"0","margin_bottom_desktop":"0","margin_bottom_tablet":"0","margin_bottom_mobile":"0","disable_on":[],"content_alignment_desktop":"left","content_alignment_tablet":"left","content_alignment_mobile":"left"},"top_divider_colour":"#00aaa7","title":"Une assistance qui vous <br>\r\npermet  de garder une <br>\r\nlongueur d\u2019avance","description":"Exploitez au mieux votre \u00e9quipement et fournissez les meilleurs soins aux patients gr\u00e2ce \u00e0 Natus Care et au programme d\u2019abonnement FlexSelect. Natus Care offre une protection \u00e0 votre dispositif, tandis que FlexSelect apporte une flexibilit\u00e9 financi\u00e8re dans le mode d\u2019achat aupr\u00e8s de Natus. "}},{"acf_fc_layout":"related_products","_acfe_flexible_toggle":"","tiles_3_columns_landing":{"module_options":{"":null,"module_id":"n6514b1d6edd49","module_class":"","module_background_type":"color","module_background_color":"","module_background_image":false,"module_background_video":"","activate_custom_padding":false,"padding_top_desktop":"0","padding_top_tablet":"0","padding_top_mobile":"0","padding_bottom_desktop":"0","padding_bottom_tablet":"0","padding_bottom_mobile":"0","activate_custom_margin":false,"margin_top_desktop":"0","margin_top_tablet":"0","margin_top_mobile":"0","margin_bottom_desktop":"0","margin_bottom_tablet":"0","margin_bottom_mobile":"0","disable_on":[],"content_alignment_desktop":"left","content_alignment_tablet":"left","content_alignment_mobile":"left"},"intro_text":"D\u00e9couvrez les Programmes de Service Natus ","intro_text_color":"#005e63","intro_link":null,"tiles":[{"label":"","label_background_color":"#008b96","image":{"ID":5739,"id":5739,"title":"Natus Care Tile - 500x400","filename":"Natus-Care-Tile-500x400-1.png","filesize":101864,"url":"https:\/\/natus.com\/wp-content\/uploads\/Natus-Care-Tile-500x400-1.png","link":"https:\/\/natus.com\/fr\/assistance\/programmes-services\/natus-care-tile-500x400-2\/","alt":"Natus Care service tiles","author":"2","description":"","caption":"","name":"natus-care-tile-500x400-2","status":"inherit","uploaded_to":11792,"date":"2023-09-20 17:10:04","modified":"2024-07-26 17:02:54","menu_order":0,"mime_type":"image\/png","type":"image","subtype":"png","icon":"https:\/\/natus.com\/wp-includes\/images\/media\/default.png","width":500,"height":400,"sizes":{"thumbnail":"https:\/\/natus.com\/wp-content\/uploads\/Natus-Care-Tile-500x400-1.png","thumbnail-width":120,"thumbnail-height":96,"medium":"https:\/\/natus.com\/wp-content\/uploads\/Natus-Care-Tile-500x400-1.png","medium-width":500,"medium-height":400,"medium_large":"https:\/\/natus.com\/wp-content\/uploads\/Natus-Care-Tile-500x400-1.png","medium_large-width":500,"medium_large-height":400,"large":"https:\/\/natus.com\/wp-content\/uploads\/Natus-Care-Tile-500x400-1.png","large-width":500,"large-height":400,"1536x1536":"https:\/\/natus.com\/wp-content\/uploads\/Natus-Care-Tile-500x400-1.png","1536x1536-width":500,"1536x1536-height":400,"2048x2048":"https:\/\/natus.com\/wp-content\/uploads\/Natus-Care-Tile-500x400-1.png","2048x2048-width":500,"2048x2048-height":400}},"title":"Programme de Service Natus Care ","link":{"type":"post","value":"11810","url":"https:\/\/natus.com\/fr\/assistance\/programmes-services\/natus-care\/","name":"Natus Care","title":"En Savoir Plus","target":""}},{"label":"","label_background_color":"#008b96","image":{"ID":11827,"id":11827,"title":"FlexSelect FR Product Tile - 500x400","filename":"FlexSelect-FR-Product-Tile-500x400-1.png","filesize":71577,"url":"https:\/\/natus.com\/wp-content\/uploads\/FlexSelect-FR-Product-Tile-500x400-1.png","link":"https:\/\/natus.com\/fr\/assistance\/programmes-services\/flexselect-fr-product-tile-500x400\/","alt":"","author":"2","description":"","caption":"","name":"flexselect-fr-product-tile-500x400","status":"inherit","uploaded_to":11792,"date":"2023-10-05 22:50:05","modified":"2023-10-05 22:50:05","menu_order":0,"mime_type":"image\/png","type":"image","subtype":"png","icon":"https:\/\/natus.com\/wp-includes\/images\/media\/default.png","width":500,"height":400,"sizes":{"thumbnail":"https:\/\/natus.com\/wp-content\/uploads\/FlexSelect-FR-Product-Tile-500x400-1.png","thumbnail-width":120,"thumbnail-height":96,"medium":"https:\/\/natus.com\/wp-content\/uploads\/FlexSelect-FR-Product-Tile-500x400-1.png","medium-width":500,"medium-height":400,"medium_large":"https:\/\/natus.com\/wp-content\/uploads\/FlexSelect-FR-Product-Tile-500x400-1.png","medium_large-width":500,"medium_large-height":400,"large":"https:\/\/natus.com\/wp-content\/uploads\/FlexSelect-FR-Product-Tile-500x400-1.png","large-width":500,"large-height":400,"1536x1536":"https:\/\/natus.com\/wp-content\/uploads\/FlexSelect-FR-Product-Tile-500x400-1.png","1536x1536-width":500,"1536x1536-height":400,"2048x2048":"https:\/\/natus.com\/wp-content\/uploads\/FlexSelect-FR-Product-Tile-500x400-1.png","2048x2048-width":500,"2048x2048-height":400}},"title":"Programme de location financi\u00e8re  FlexSelect","link":{"type":"post","value":"11814","url":"https:\/\/natus.com\/fr\/assistance\/programmes-services\/programme-flexselect\/","name":"Programme de location financi\u00e8re Natus FlexSelect","title":"En Savoir Plus ","target":""}}]}}]},"_links":{"self":[{"href":"https:\/\/natus.com\/fr\/wp-json\/wp\/v2\/pages\/11792","targetHints":{"allow":["GET"]}}],"collection":[{"href":"https:\/\/natus.com\/fr\/wp-json\/wp\/v2\/pages"}],"about":[{"href":"https:\/\/natus.com\/fr\/wp-json\/wp\/v2\/types\/page"}],"author":[{"embeddable":true,"href":"https:\/\/natus.com\/fr\/wp-json\/wp\/v2\/users\/1"}],"replies":[{"embeddable":true,"href":"https:\/\/natus.com\/fr\/wp-json\/wp\/v2\/comments?post=11792"}],"version-history":[{"count":4,"href":"https:\/\/natus.com\/fr\/wp-json\/wp\/v2\/pages\/11792\/revisions"}],"predecessor-version":[{"id":11834,"href":"https:\/\/natus.com\/fr\/wp-json\/wp\/v2\/pages\/11792\/revisions\/11834"}],"up":[{"embeddable":true,"href":"https:\/\/natus.com\/fr\/wp-json\/wp\/v2\/pages\/8358"}],"wp:attachment":[{"href":"https:\/\/natus.com\/fr\/wp-json\/wp\/v2\/media?parent=11792"}],"wp:term":[{"taxonomy":"category","embeddable":true,"href":"https:\/\/natus.com\/fr\/wp-json\/wp\/v2\/categories?post=11792"},{"taxonomy":"post_tag","embeddable":true,"href":"https:\/\/natus.com\/fr\/wp-json\/wp\/v2\/tags?post=11792"}],"curies":[{"name":"wp","href":"https:\/\/api.w.org\/{rel}","templated":true}]}}