{"id":11957,"date":"2023-09-22T20:20:12","date_gmt":"2023-09-22T20:20:12","guid":{"rendered":"https:\/\/natus.com\/legal-notice\/"},"modified":"2024-11-19T21:30:10","modified_gmt":"2024-11-19T21:30:10","slug":"avis-juridique","status":"publish","type":"page","link":"https:\/\/natus.com\/fr\/avis-juridique\/","title":{"rendered":"Avis juridique"},"content":{"rendered":"","protected":false},"excerpt":{"rendered":"","protected":false},"author":3,"featured_media":0,"parent":0,"menu_order":0,"comment_status":"closed","ping_status":"closed","template":"","meta":{"_acf_changed":false,"footnotes":""},"categories":[],"tags":[],"class_list":["post-11957","page","type-page","status-publish","hentry"],"acf":{"content_blocks":[{"acf_fc_layout":"hero1","_acfe_flexible_toggle":"","hero_locations":{"unique_id":"n650dfe5965a7e","background":{"ID":927,"id":927,"title":"locations-hero","filename":"locations-hero.jpg","filesize":249977,"url":"https:\/\/natus.com\/wp-content\/uploads\/locations-hero.jpg","link":"https:\/\/natus.com\/fr\/sites\/locations-hero-2\/","alt":"","author":"1","description":"","caption":"","name":"locations-hero-2","status":"inherit","uploaded_to":8336,"date":"2023-07-30 10:59:34","modified":"2023-09-21 15:29:51","menu_order":0,"mime_type":"image\/jpeg","type":"image","subtype":"jpeg","icon":"https:\/\/natus.com\/wp-includes\/images\/media\/default.png","width":1920,"height":500,"sizes":{"thumbnail":"https:\/\/natus.com\/wp-content\/uploads\/locations-hero.jpg","thumbnail-width":128,"thumbnail-height":33,"medium":"https:\/\/natus.com\/wp-content\/uploads\/locations-hero.jpg","medium-width":1920,"medium-height":500,"medium_large":"https:\/\/natus.com\/wp-content\/uploads\/locations-hero-768x200.jpg","medium_large-width":768,"medium_large-height":200,"large":"https:\/\/natus.com\/wp-content\/uploads\/locations-hero.jpg","large-width":1920,"large-height":500,"1536x1536":"https:\/\/natus.com\/wp-content\/uploads\/locations-hero-1536x400.jpg","1536x1536-width":1536,"1536x1536-height":400,"2048x2048":"https:\/\/natus.com\/wp-content\/uploads\/locations-hero.jpg","2048x2048-width":1920,"2048x2048-height":500}},"h1":"Avis Juridique","description":""}},{"acf_fc_layout":"spacer","_acfe_flexible_toggle":"","spacer":{"module_options":{"":null,"module_id":"n6514c945ac306","module_class":"","module_background_type":"color","module_background_color":"#f1f1f1","module_background_image":false,"module_background_video":"","activate_custom_padding":false,"padding_top_desktop":"0","padding_top_tablet":"0","padding_top_mobile":"0","padding_bottom_desktop":"0","padding_bottom_tablet":"0","padding_bottom_mobile":"0","activate_custom_margin":false,"margin_top_desktop":"0","margin_top_tablet":"0","margin_top_mobile":"0","margin_bottom_desktop":"0","margin_bottom_tablet":"0","margin_bottom_mobile":"0","disable_on":[],"content_alignment_desktop":"left","content_alignment_tablet":"left","content_alignment_mobile":"left"},"height":"30"}},{"acf_fc_layout":"divider","_acfe_flexible_toggle":"","divider":{"module_options":{"":null,"module_id":"n6514c945b2b9b","module_class":"","module_background_type":"color","module_background_color":"","module_background_image":false,"module_background_video":"","activate_custom_padding":false,"padding_top_desktop":"0","padding_top_tablet":"0","padding_top_mobile":"0","padding_bottom_desktop":"0","padding_bottom_tablet":"0","padding_bottom_mobile":"0","activate_custom_margin":false,"margin_top_desktop":"0","margin_top_tablet":"0","margin_top_mobile":"0","margin_bottom_desktop":"-50","margin_bottom_tablet":"0","margin_bottom_mobile":"0","disable_on":[],"content_alignment_desktop":"left","content_alignment_tablet":"left","content_alignment_mobile":"left"},"color":"#00aaa7","height":"12"}},{"acf_fc_layout":"simple_content","_acfe_flexible_toggle":"","content_full_width_landing":{"module_options":{"":null,"module_id":"n6514c8b74eda8","module_class":"","module_background_type":"color","module_background_color":"","module_background_image":false,"module_background_video":"","activate_custom_padding":false,"padding_top_desktop":"0","padding_top_tablet":"0","padding_top_mobile":"0","padding_bottom_desktop":"0","padding_bottom_tablet":"0","padding_bottom_mobile":"0","activate_custom_margin":false,"margin_top_desktop":"0","margin_top_tablet":"0","margin_top_mobile":"0","margin_bottom_desktop":"0","margin_bottom_tablet":"0","margin_bottom_mobile":"0","disable_on":[],"content_alignment_desktop":"left","content_alignment_tablet":"left","content_alignment_mobile":"left"},"content":"<p>Tout le contenu figurant sur le pr\u00e9sent site Internet appartient \u00e0 Natus Medical Incorporated qui en a le contr\u00f4le ; ce contenu est prot\u00e9g\u00e9 par les lois sur le droits d&rsquo;auteur du monde entier. T\u00e9l\u00e9charger ce contenu est autoris\u00e9 uniquement \u00e0 des fins non commerciales et il est interdit de le modifier ou de le reproduire. Il est interdit de copier ou d&rsquo;utiliser ce contenu de toute autre fa\u00e7on.<\/p>\n<p>&nbsp;<\/p>\n<p>Natus Medical Incorporated apportera des efforts concrets pour publier des informations actuelles et exactes sur ce site. Toutefois, nous ne promettons et ne garantissons pas l&rsquo;exactitude, le caract\u00e8re opportun ou l&rsquo;exhaustivit\u00e9 des informations qui y sont pr\u00e9sent\u00e9es. Natus Medical Incorporated ne sera pas responsable des \u00e9ventuels d\u00e9g\u00e2ts ou l\u00e9sions provoqu\u00e9s par l&rsquo;acc\u00e8s ou l&rsquo;impossibilit\u00e9 d&rsquo;acc\u00e9der au pr\u00e9sent site Internet, ou qui se seraient produits parce que l&rsquo;utilisateur s&rsquo;est fi\u00e9 aux informations contenues sur ce m\u00eame site Internet.<\/p>\n<p>&nbsp;<\/p>\n<p>Il se peut que le pr\u00e9sent site fournisse des liens et des r\u00e9f\u00e9rences \u00e0 d&rsquo;autres sites, toutefois Natus Medical Incorporated d\u00e9cline toute responsabilit\u00e9 quant au contenu des autres sites et ne sera pas responsable des \u00e9ventuels d\u00e9g\u00e2ts ou l\u00e9sions provoqu\u00e9s par leurs contenus. Les liens menant \u00e0 d&rsquo;autres sites sont fournis aux utilisateurs du pr\u00e9sent site uniquement \u00e0 titre de commodit\u00e9.<\/p>\n<p>&nbsp;<\/p>\n<p>Le pr\u00e9sent site Internet contient des d\u00e9clarations prospectives au sens d\u00e9fini dans la section 27A de la loi am\u00e9ricaine de 1933 sur l&rsquo;\u00e9mission de valeurs (Securities Act) et dans la Section 21E de la loi am\u00e9ricaine de 1934 sur les op\u00e9rations de bourse (Securities Exchange Act ) concernant Natus Medical Incorporated. Ces d\u00e9clarations sont \u2014 entre autres \u2014 les d\u00e9clarations relatives \u00e0 nos attentes, nos croyances, nos projets, nos intentions, nos futures op\u00e9rations, nos \u00e9tats financiers et nos clients potentiels, ainsi que nos strat\u00e9gies op\u00e9rationnelles. Les termes \u00ab pourrait \u00eatre \u00bb, \u00ab seront \u00bb, \u00ab continueront \u00bb, \u00ab estimons \u00bb, \u00ab projetons \u00bb, \u00ab avons l&rsquo;intention de \u00bb, \u00ab croyons \u00bb, \u00ab pensons \u00bb, \u00ab nous attendons \u00e0 \u00bb, \u00ab anticipons \u00bb, ainsi que toute autre expression similaire, constituent g\u00e9n\u00e9ralement des d\u00e9clarations prospectives. Les d\u00e9clarations prospectives figurant sur notre site Internet sont \u2014 entre autres \u2014 des d\u00e9clarations concernant : notre capacit\u00e9 \u00e0 nous acquitter de notre dette ; notre taux effectif d&rsquo;imposition en 2006 ; le co\u00fbt des capitaux propres d&rsquo;apr\u00e8s la norme 123R du SFAS ; nos attentes de rentabilit\u00e9 future et la g\u00e9n\u00e9ration de flux de tr\u00e9sorerie d&rsquo;exploitation positifs ; l&rsquo;efficacit\u00e9 et les avantages de nos produits ; les facteurs li\u00e9s \u00e0 la demande et aux avantages \u00e9conomiques de nos produits ; notre intention d&rsquo;\u00e9laborer et d&rsquo;acqu\u00e9rir d&rsquo;autres technologies, produits ou entreprises ; nos attentes en termes de croissance des ventes \u00e0 l&rsquo;international ; notre marketing ; nos strat\u00e9gies d&rsquo;am\u00e9lioration des technologies et de d\u00e9veloppement des produits ; notre intention de passer des accords avec des centrales d&rsquo;achat ; notre intention d&rsquo;offrir de nouveaux produits et d&rsquo;agrandir certaines gammes existantes ; notre intention de chercher des partenaires strat\u00e9giques ; l&rsquo;opinion selon laquelle nous offrons nos produits de mani\u00e8re efficace sur les march\u00e9s ; la transformation des technologies en produits performants ; nos estimations sur la dur\u00e9e d&rsquo;attente de d\u00e9livrance d&rsquo;un brevet ; l&rsquo;identit\u00e9 de nos concurrents et les facteurs de concurrence ; notre respect des exigences r\u00e9glementaires et des lois ; notre intention d&rsquo;obtenir l&rsquo;autorisation de commercialiser nos produits dans d&rsquo;autres pays.<\/p>\n<p>&nbsp;<\/p>\n<p>Les d\u00e9clarations prospectives ne sont pas des garanties de performance future et font l&rsquo;objet de risques et d&rsquo;incertitudes importantes pouvant faire diff\u00e9rer sensiblement les r\u00e9sultats effectifs pr\u00e9dits dans les d\u00e9clarations prospectives \u2014 ainsi que nos futurs \u00e9tats financiers et r\u00e9sultats d&rsquo;exploitation \u2014 de nos r\u00e9sultats historiques ou des r\u00e9sultats actuellement anticip\u00e9s. Les investisseurs sont encourag\u00e9s \u00e0 lire attentivement les informations contenues dans la rubrique \u00ab Facteurs de risque \u00bb de notre rapport annuel (formulaire 10-K) de l&rsquo;exercice termin\u00e9 le 31 d\u00e9cembre 2005 et de nos rapports trimestriels (formulaire 10-Q), ainsi que les autres rapports que Natus transmet parfois \u00e0 la Commission des valeurs mobili\u00e8res des \u00c9tats-Unis. Toutes nos d\u00e9clarations prospectives sont bas\u00e9es sur des informations qui \u00e9taient \u00e0 notre disposition \u00e0 la date o\u00f9 lesdites d\u00e9clarations ont \u00e9t\u00e9 faites ; nous ne nous engageons pas \u00e0 mettre \u00e0 jour les d\u00e9clarations prospectives.<\/p>\n<p>Les marques de commerce, logos et marques de service figurant sur le pr\u00e9sent site sont des marque d\u00e9pos\u00e9es ou non d\u00e9pos\u00e9es de Natus Medical Incorporated, de ses conc\u00e9dants de licences ou fournisseurs de contenu, ou autre tiers. Tous ces logos, marques de commerce et marques de services appartiennent \u00e0 leurs propri\u00e9taires respectifs. Le contenu de ce site ne doit pas \u00eatre interpr\u00e9t\u00e9 comme accordant \u2014 implicitement, par pr\u00e9clusion ou autre \u2014 une licence ou le droit d&rsquo;utiliser les marques de commerces, logos et marques de service figurant sur le site sans obtenir pr\u00e9alablement l&rsquo;autorisation \u00e9crite de leurs propri\u00e9taires, sauf exception pr\u00e9vue par les pr\u00e9sentes. Natus se r\u00e9serve tous les droits qui ne sont pas express\u00e9ment accord\u00e9s dans le pr\u00e9sent site, au pr\u00e9sent site, ainsi qu&rsquo;\u00e0 son contenu. Le pr\u00e9sent site et tout son contenu, y compris \u2014 mais sans s&rsquo;y limiter \u2014 le texte, les dessins, les graphiques, les interfaces et le code, tels qu&rsquo;ils ont \u00e9t\u00e9 s\u00e9lectionn\u00e9s et dispos\u00e9s constituent une \u00ab compilation \u00bb prot\u00e9g\u00e9e par les lois sur les droits d&rsquo;auteur des \u00c9tats-Unis et d&rsquo;autres pays.<\/p>\n<p>&nbsp;<\/p>\n<p>Les renseignements personnels pouvant figurer dans les communications \u00e9lectroniques \u00e9chang\u00e9es sur le pr\u00e9sent site sont r\u00e9gis par la politique de confidentialit\u00e9 de ce m\u00eame site. Natus Medical Incorporated est en droit d&rsquo;utiliser toutes les autres informations contenues dans lesdites communications, y compris les id\u00e9es, les inventions, les concepts, les techniques ou les savoir-faire qui y sont divulgu\u00e9s, \u00e0 toutes fins. Parmi ces fins, la divulgation \u00e0 des tiers et\/ou le d\u00e9veloppement, la fabrication et\/ou la commercialisation de marchandises ou de services.<\/p>\n<p>&nbsp;<\/p>\n<p>L&rsquo;exp\u00e9diteur envoyant une communication \u00e0 Natus Medical Incorporated, par le biais du pr\u00e9sent site Internet ou de toute autre mani\u00e8re, est seul responsable du contenu et des informations qui y figurent, notamment en ce qui concerne leur v\u00e9racit\u00e9 et exactitude.<\/p>\n"}}]},"_links":{"self":[{"href":"https:\/\/natus.com\/fr\/wp-json\/wp\/v2\/pages\/11957","targetHints":{"allow":["GET"]}}],"collection":[{"href":"https:\/\/natus.com\/fr\/wp-json\/wp\/v2\/pages"}],"about":[{"href":"https:\/\/natus.com\/fr\/wp-json\/wp\/v2\/types\/page"}],"author":[{"embeddable":true,"href":"https:\/\/natus.com\/fr\/wp-json\/wp\/v2\/users\/3"}],"replies":[{"embeddable":true,"href":"https:\/\/natus.com\/fr\/wp-json\/wp\/v2\/comments?post=11957"}],"version-history":[{"count":2,"href":"https:\/\/natus.com\/fr\/wp-json\/wp\/v2\/pages\/11957\/revisions"}],"predecessor-version":[{"id":11974,"href":"https:\/\/natus.com\/fr\/wp-json\/wp\/v2\/pages\/11957\/revisions\/11974"}],"wp:attachment":[{"href":"https:\/\/natus.com\/fr\/wp-json\/wp\/v2\/media?parent=11957"}],"wp:term":[{"taxonomy":"category","embeddable":true,"href":"https:\/\/natus.com\/fr\/wp-json\/wp\/v2\/categories?post=11957"},{"taxonomy":"post_tag","embeddable":true,"href":"https:\/\/natus.com\/fr\/wp-json\/wp\/v2\/tags?post=11957"}],"curies":[{"name":"wp","href":"https:\/\/api.w.org\/{rel}","templated":true}]}}