{"id":12628,"date":"2023-09-18T16:53:46","date_gmt":"2023-09-18T16:53:46","guid":{"rendered":"https:\/\/natus.com\/neuro\/eeg-aeeg\/ambulatory-eeg\/"},"modified":"2026-02-24T20:05:05","modified_gmt":"2026-02-24T20:05:05","slug":"eeg-ambulatoire","status":"publish","type":"page","link":"https:\/\/natus.com\/fr\/neuro\/eeg-aeeg\/eeg-ambulatoire\/","title":{"rendered":"EEG ambulatoire"},"content":{"rendered":"","protected":false},"excerpt":{"rendered":"","protected":false},"author":3,"featured_media":0,"parent":12084,"menu_order":0,"comment_status":"closed","ping_status":"closed","template":"templates\/page-neuro-solutions-category-landing.php","meta":{"_acf_changed":false,"footnotes":""},"categories":[],"tags":[],"class_list":["post-12628","page","type-page","status-publish","hentry"],"acf":{"content_blocks":[{"acf_fc_layout":"hero","_acfe_flexible_layout_title":null,"_acfe_flexible_toggle":null,"hero_locations":{"unique_id":"n64e940f42a11a","background":{"ID":1245,"id":1245,"title":"neuro-products-hero","filename":"neuro-products-hero.jpg","filesize":353779,"url":"https:\/\/natus.com\/wp-content\/uploads\/neuro-products-hero.jpg","link":"https:\/\/natus.com\/fr\/produits-neuro\/neuro-products-hero-2\/","alt":"","author":"1","description":"","caption":"","name":"neuro-products-hero-2","status":"inherit","uploaded_to":8330,"date":"2023-08-14 16:56:09","modified":"2023-08-14 16:56:09","menu_order":0,"mime_type":"image\/jpeg","type":"image","subtype":"jpeg","icon":"https:\/\/natus.com\/wp-includes\/images\/media\/default.png","width":1920,"height":500,"sizes":{"thumbnail":"https:\/\/natus.com\/wp-content\/uploads\/neuro-products-hero.jpg","thumbnail-width":128,"thumbnail-height":33,"medium":"https:\/\/natus.com\/wp-content\/uploads\/neuro-products-hero.jpg","medium-width":1920,"medium-height":500,"medium_large":"https:\/\/natus.com\/wp-content\/uploads\/neuro-products-hero-768x200.jpg","medium_large-width":768,"medium_large-height":200,"large":"https:\/\/natus.com\/wp-content\/uploads\/neuro-products-hero.jpg","large-width":1920,"large-height":500,"1536x1536":"https:\/\/natus.com\/wp-content\/uploads\/neuro-products-hero-1536x400.jpg","1536x1536-width":1536,"1536x1536-height":400,"2048x2048":"https:\/\/natus.com\/wp-content\/uploads\/neuro-products-hero.jpg","2048x2048-width":1920,"2048x2048-height":500}},"h1":"EEG Ambulatoire","description":""}},{"acf_fc_layout":"product_tiles","_acfe_flexible_layout_title":null,"_acfe_flexible_toggle":null,"neuro_product_tiles":{"module_options":{"":null,"module_id":"n65149dac5f375","module_class":"","module_background_type":"color","module_background_color":"","module_background_image":false,"module_background_video":"","activate_custom_padding":false,"padding_top_desktop":"0","padding_top_tablet":"0","padding_top_mobile":"0","padding_bottom_desktop":"0","padding_bottom_tablet":"0","padding_bottom_mobile":"0","activate_custom_margin":false,"margin_top_desktop":"0","margin_top_tablet":"0","margin_top_mobile":"0","margin_bottom_desktop":"0","margin_bottom_tablet":"0","margin_bottom_mobile":"0","disable_on":[],"content_alignment_desktop":"left","content_alignment_tablet":"left","content_alignment_mobile":"left"},"products":[{"category_title":"","subcategories":[{"subcategory_title":"EEG Ambulatoire","subcategory_products":[{"label":"","image":{"ID":4266,"id":4266,"title":"NeuroWorks Related Product Photo - 500x400","filename":"Neuroworks-10-Related-Product-Photo-500x400-1.png","filesize":211965,"url":"https:\/\/natus.com\/wp-content\/uploads\/Neuroworks-10-Related-Product-Photo-500x400-1.png","link":"https:\/\/natus.com\/fr\/neuro\/systeme-eeg-ambulatoire-video-trex-hd\/neuroworks-related-product-photo-500x400-2\/","alt":"","author":"2","description":"","caption":"","name":"neuroworks-related-product-photo-500x400-2","status":"inherit","uploaded_to":9565,"date":"2023-09-14 18:10:52","modified":"2023-09-28 19:02:44","menu_order":0,"mime_type":"image\/png","type":"image","subtype":"png","icon":"https:\/\/natus.com\/wp-includes\/images\/media\/default.png","width":500,"height":400,"sizes":{"thumbnail":"https:\/\/natus.com\/wp-content\/uploads\/Neuroworks-10-Related-Product-Photo-500x400-1.png","thumbnail-width":120,"thumbnail-height":96,"medium":"https:\/\/natus.com\/wp-content\/uploads\/Neuroworks-10-Related-Product-Photo-500x400-1.png","medium-width":500,"medium-height":400,"medium_large":"https:\/\/natus.com\/wp-content\/uploads\/Neuroworks-10-Related-Product-Photo-500x400-1.png","medium_large-width":500,"medium_large-height":400,"large":"https:\/\/natus.com\/wp-content\/uploads\/Neuroworks-10-Related-Product-Photo-500x400-1.png","large-width":500,"large-height":400,"1536x1536":"https:\/\/natus.com\/wp-content\/uploads\/Neuroworks-10-Related-Product-Photo-500x400-1.png","1536x1536-width":500,"1536x1536-height":400,"2048x2048":"https:\/\/natus.com\/wp-content\/uploads\/Neuroworks-10-Related-Product-Photo-500x400-1.png","2048x2048-width":500,"2048x2048-height":400}},"title":"Natus\u00ae NeuroWorks\u00ae EEG Software","link":{"type":"post","value":"9421","url":"https:\/\/natus.com\/fr\/neuro\/logiciel-eeg-neuroworks\/","name":"Logiciel d\u2019EEG Natus\u00ae NeuroWorks\u00ae","title":"En Savoir Plus","target":""}},{"label":"","image":{"ID":3676,"id":3676,"title":"Trex HDM Related Product Photo_500x400","filename":"Trex-HDM-Related-Products-Image_500x400.png","filesize":232655,"url":"https:\/\/natus.com\/wp-content\/uploads\/Trex-HDM-Related-Products-Image_500x400.png","link":"https:\/\/natus.com\/fr\/neuro\/trex-hdm-related-product-photo_500x400-2\/","alt":"Trex HDM ","author":"2","description":"","caption":"","name":"trex-hdm-related-product-photo_500x400-2","status":"inherit","uploaded_to":10461,"date":"2023-09-12 18:44:25","modified":"2024-07-29 20:56:20","menu_order":0,"mime_type":"image\/png","type":"image","subtype":"png","icon":"https:\/\/natus.com\/wp-includes\/images\/media\/default.png","width":500,"height":400,"sizes":{"thumbnail":"https:\/\/natus.com\/wp-content\/uploads\/Trex-HDM-Related-Products-Image_500x400.png","thumbnail-width":120,"thumbnail-height":96,"medium":"https:\/\/natus.com\/wp-content\/uploads\/Trex-HDM-Related-Products-Image_500x400.png","medium-width":500,"medium-height":400,"medium_large":"https:\/\/natus.com\/wp-content\/uploads\/Trex-HDM-Related-Products-Image_500x400.png","medium_large-width":500,"medium_large-height":400,"large":"https:\/\/natus.com\/wp-content\/uploads\/Trex-HDM-Related-Products-Image_500x400.png","large-width":500,"large-height":400,"1536x1536":"https:\/\/natus.com\/wp-content\/uploads\/Trex-HDM-Related-Products-Image_500x400.png","1536x1536-width":500,"1536x1536-height":400,"2048x2048":"https:\/\/natus.com\/wp-content\/uploads\/Trex-HDM-Related-Products-Image_500x400.png","2048x2048-width":500,"2048x2048-height":400}},"title":"Syst\u00e8me d\u2019EEG ambulatoire vid\u00e9o de monitorage continu Trex\u2122 HD","link":{"type":"post","value":"9565","url":"https:\/\/natus.com\/fr\/neuro\/systeme-eeg-ambulatoire-video-trex-hd\/","name":"Syst\u00e8me EEG ambulatoire \u00e0 vid\u00e9o continue Trex HD Monitoring","title":"En Savoir Plus","target":""}},{"label":"","image":{"ID":4271,"id":4271,"title":"Brainquick Software Related Product Photo - 500x400","filename":"Brain-quick-EEG-Software-Related-Product-Photo-500x400-1.png","filesize":184768,"url":"https:\/\/natus.com\/wp-content\/uploads\/Brain-quick-EEG-Software-Related-Product-Photo-500x400-1.png","link":"https:\/\/natus.com\/fr\/neuro\/soins-intensifs-neurologiques-et-lesion-cerebrale\/eeg-dans-usi\/brainquick-software-related-product-photo-500x400-2\/","alt":"BRAIN QUICK EEG Software","author":"2","description":"","caption":"","name":"brainquick-software-related-product-photo-500x400-2","status":"inherit","uploaded_to":12705,"date":"2023-09-14 18:13:12","modified":"2024-07-29 20:32:45","menu_order":0,"mime_type":"image\/png","type":"image","subtype":"png","icon":"https:\/\/natus.com\/wp-includes\/images\/media\/default.png","width":500,"height":400,"sizes":{"thumbnail":"https:\/\/natus.com\/wp-content\/uploads\/Brain-quick-EEG-Software-Related-Product-Photo-500x400-1.png","thumbnail-width":120,"thumbnail-height":96,"medium":"https:\/\/natus.com\/wp-content\/uploads\/Brain-quick-EEG-Software-Related-Product-Photo-500x400-1.png","medium-width":500,"medium-height":400,"medium_large":"https:\/\/natus.com\/wp-content\/uploads\/Brain-quick-EEG-Software-Related-Product-Photo-500x400-1.png","medium_large-width":500,"medium_large-height":400,"large":"https:\/\/natus.com\/wp-content\/uploads\/Brain-quick-EEG-Software-Related-Product-Photo-500x400-1.png","large-width":500,"large-height":400,"1536x1536":"https:\/\/natus.com\/wp-content\/uploads\/Brain-quick-EEG-Software-Related-Product-Photo-500x400-1.png","1536x1536-width":500,"1536x1536-height":400,"2048x2048":"https:\/\/natus.com\/wp-content\/uploads\/Brain-quick-EEG-Software-Related-Product-Photo-500x400-1.png","2048x2048-width":500,"2048x2048-height":400}},"title":"Logiciel BRAIN QUICK\u00ae EEG ","link":{"type":"post","value":"9302","url":"https:\/\/natus.com\/fr\/neuro\/brain-quick-eeg-software\/","name":"BRAIN QUICK\u00ae EEG Software","title":"En Savoir Plus","target":""}}]}]}]}},{"acf_fc_layout":"contact","_acfe_flexible_layout_title":null,"_acfe_flexible_toggle":null,"left_image_right_content_single_cta_landing":{"module_options":{"":null,"module_id":"n64e942b4323a5","module_class":"","module_background_type":"color","module_background_color":"","module_background_image":false,"module_background_video":"","activate_custom_padding":false,"padding_top_desktop":"0","padding_top_tablet":"0","padding_top_mobile":"0","padding_bottom_desktop":"0","padding_bottom_tablet":"0","padding_bottom_mobile":"0","activate_custom_margin":false,"margin_top_desktop":"0","margin_top_tablet":"0","margin_top_mobile":"0","margin_bottom_desktop":"0","margin_bottom_tablet":"0","margin_bottom_mobile":"0","disable_on":[],"content_alignment_desktop":"left","content_alignment_tablet":"left","content_alignment_mobile":"left"},"":null,"image":{"ID":3844,"id":3844,"title":"NTA banner_800x450","filename":"NTA-banner_800x450.png","filesize":390422,"url":"https:\/\/natus.com\/wp-content\/uploads\/NTA-banner_800x450.png","link":"https:\/\/natus.com\/fr\/neuro\/eeg-aeeg\/nta-banner_800x450-2\/","alt":"NTA Banner image","author":"2","description":"","caption":"","name":"nta-banner_800x450-2","status":"inherit","uploaded_to":12084,"date":"2023-09-13 17:16:26","modified":"2024-07-29 20:42:14","menu_order":0,"mime_type":"image\/png","type":"image","subtype":"png","icon":"https:\/\/natus.com\/wp-includes\/images\/media\/default.png","width":800,"height":450,"sizes":{"thumbnail":"https:\/\/natus.com\/wp-content\/uploads\/NTA-banner_800x450.png","thumbnail-width":128,"thumbnail-height":72,"medium":"https:\/\/natus.com\/wp-content\/uploads\/NTA-banner_800x450.png","medium-width":800,"medium-height":450,"medium_large":"https:\/\/natus.com\/wp-content\/uploads\/NTA-banner_800x450-768x432.png","medium_large-width":768,"medium_large-height":432,"large":"https:\/\/natus.com\/wp-content\/uploads\/NTA-banner_800x450.png","large-width":800,"large-height":450,"1536x1536":"https:\/\/natus.com\/wp-content\/uploads\/NTA-banner_800x450.png","1536x1536-width":800,"1536x1536-height":450,"2048x2048":"https:\/\/natus.com\/wp-content\/uploads\/NTA-banner_800x450.png","2048x2048-width":800,"2048x2048-height":450}},"activate_image_caption":false,"image_caption_icon":false,"image_caption_title":"","image_caption_description":"","label":"Connaissances","title":"Neuro Training Academy","description":"<p>Si vous souhaitez approfondir vos connaissances cliniques, am\u00e9liorer vos comp\u00e9tences ou tirer le meilleur parti de vos solutions neurologiques Natus, d\u00e9couvrez les ressources de notre Acad\u00e9mie de formation en neurologie. Prenez connaissance des derniers d\u00e9veloppements scientifiques et technologiques aupr\u00e8s des leaders du domaine afin de faire la diff\u00e9rence pour vos patients.<\/p>\n","link":{"type":"url","value":"https:\/\/neuro-training.academy","url":"https:\/\/neuro-training.academy","name":"https:\/\/neuro-training.academy","title":"En Savoir Plus","target":"_blank"}}},{"acf_fc_layout":"contact","_acfe_flexible_layout_title":null,"_acfe_flexible_toggle":null,"left_image_right_content_single_cta_landing":{"module_options":{"":null,"module_id":"n64e942b43af35","module_class":"","module_background_type":"color","module_background_color":"#f1f1f1","module_background_image":false,"module_background_video":"","activate_custom_padding":false,"padding_top_desktop":"0","padding_top_tablet":"0","padding_top_mobile":"0","padding_bottom_desktop":"0","padding_bottom_tablet":"0","padding_bottom_mobile":"0","activate_custom_margin":false,"margin_top_desktop":"0","margin_top_tablet":"0","margin_top_mobile":"0","margin_bottom_desktop":"0","margin_bottom_tablet":"0","margin_bottom_mobile":"0","disable_on":[],"content_alignment_desktop":"left","content_alignment_tablet":"left","content_alignment_mobile":"left"},"":null,"image":{"ID":4238,"id":4238,"title":"Contact Us 800x450","filename":"Contact-Us-800x450-1.png","filesize":437541,"url":"https:\/\/natus.com\/wp-content\/uploads\/Contact-Us-800x450-1.png","link":"https:\/\/natus.com\/fr\/neuro\/contact-us-800x450-2\/","alt":"Shaking Hands - Contact Us","author":"2","description":"","caption":"","name":"contact-us-800x450-2","status":"inherit","uploaded_to":10461,"date":"2023-09-14 17:35:31","modified":"2024-07-29 20:33:28","menu_order":0,"mime_type":"image\/png","type":"image","subtype":"png","icon":"https:\/\/natus.com\/wp-includes\/images\/media\/default.png","width":800,"height":450,"sizes":{"thumbnail":"https:\/\/natus.com\/wp-content\/uploads\/Contact-Us-800x450-1.png","thumbnail-width":128,"thumbnail-height":72,"medium":"https:\/\/natus.com\/wp-content\/uploads\/Contact-Us-800x450-1.png","medium-width":800,"medium-height":450,"medium_large":"https:\/\/natus.com\/wp-content\/uploads\/Contact-Us-800x450-1-768x432.png","medium_large-width":768,"medium_large-height":432,"large":"https:\/\/natus.com\/wp-content\/uploads\/Contact-Us-800x450-1.png","large-width":800,"large-height":450,"1536x1536":"https:\/\/natus.com\/wp-content\/uploads\/Contact-Us-800x450-1.png","1536x1536-width":800,"1536x1536-height":450,"2048x2048":"https:\/\/natus.com\/wp-content\/uploads\/Contact-Us-800x450-1.png","2048x2048-width":800,"2048x2048-height":450}},"activate_image_caption":false,"image_caption_icon":false,"image_caption_title":"","image_caption_description":"","label":"Contactez votre repr\u00e9sentant Natus","title":"Vous \u00eates pr\u00eat \u00e0 commencer votre parcours avec Natus?","description":"<p>Pour en savoir plus sur l\u2019une de nos solutions neurologiques de pointe ou sur la fa\u00e7on dont nous pouvons vous aider \u00e0 am\u00e9liorer vos capacit\u00e9s en mati\u00e8re de soins, contactez un repr\u00e9sentant Natus.<\/p>\n","link":{"type":"post","value":"8336","url":"https:\/\/natus.com\/fr\/sites\/","name":"Sites","title":"Nous contacter","target":""}}}]},"_links":{"self":[{"href":"https:\/\/natus.com\/fr\/wp-json\/wp\/v2\/pages\/12628","targetHints":{"allow":["GET"]}}],"collection":[{"href":"https:\/\/natus.com\/fr\/wp-json\/wp\/v2\/pages"}],"about":[{"href":"https:\/\/natus.com\/fr\/wp-json\/wp\/v2\/types\/page"}],"author":[{"embeddable":true,"href":"https:\/\/natus.com\/fr\/wp-json\/wp\/v2\/users\/3"}],"replies":[{"embeddable":true,"href":"https:\/\/natus.com\/fr\/wp-json\/wp\/v2\/comments?post=12628"}],"version-history":[{"count":6,"href":"https:\/\/natus.com\/fr\/wp-json\/wp\/v2\/pages\/12628\/revisions"}],"predecessor-version":[{"id":26156,"href":"https:\/\/natus.com\/fr\/wp-json\/wp\/v2\/pages\/12628\/revisions\/26156"}],"up":[{"embeddable":true,"href":"https:\/\/natus.com\/fr\/wp-json\/wp\/v2\/pages\/12084"}],"wp:attachment":[{"href":"https:\/\/natus.com\/fr\/wp-json\/wp\/v2\/media?parent=12628"}],"wp:term":[{"taxonomy":"category","embeddable":true,"href":"https:\/\/natus.com\/fr\/wp-json\/wp\/v2\/categories?post=12628"},{"taxonomy":"post_tag","embeddable":true,"href":"https:\/\/natus.com\/fr\/wp-json\/wp\/v2\/tags?post=12628"}],"curies":[{"name":"wp","href":"https:\/\/api.w.org\/{rel}","templated":true}]}}