{"id":12642,"date":"2023-09-15T18:23:43","date_gmt":"2023-09-15T18:23:43","guid":{"rendered":"https:\/\/natus.com\/neuro\/eeg-aeeg\/eeg-supplies\/"},"modified":"2026-01-21T19:49:18","modified_gmt":"2026-01-21T19:49:18","slug":"fournitures-eeg","status":"publish","type":"page","link":"https:\/\/natus.com\/fr\/neuro\/eeg-aeeg\/fournitures-eeg\/","title":{"rendered":"Fournitures EEG"},"content":{"rendered":"","protected":false},"excerpt":{"rendered":"","protected":false},"author":3,"featured_media":0,"parent":12084,"menu_order":0,"comment_status":"closed","ping_status":"closed","template":"templates\/page-neuro-solutions-category-landing.php","meta":{"_acf_changed":false,"footnotes":""},"categories":[],"tags":[],"class_list":["post-12642","page","type-page","status-publish","hentry"],"acf":{"content_blocks":[{"acf_fc_layout":"hero","_acfe_flexible_layout_title":null,"_acfe_flexible_toggle":null,"hero_locations":{"unique_id":"n64e940f42a11a","background":{"ID":1245,"id":1245,"title":"neuro-products-hero","filename":"neuro-products-hero.jpg","filesize":353779,"url":"https:\/\/natus.com\/wp-content\/uploads\/neuro-products-hero.jpg","link":"https:\/\/natus.com\/fr\/produits-neuro\/neuro-products-hero-2\/","alt":"","author":"1","description":"","caption":"","name":"neuro-products-hero-2","status":"inherit","uploaded_to":8330,"date":"2023-08-14 16:56:09","modified":"2023-08-14 16:56:09","menu_order":0,"mime_type":"image\/jpeg","type":"image","subtype":"jpeg","icon":"https:\/\/natus.com\/wp-includes\/images\/media\/default.png","width":1920,"height":500,"sizes":{"thumbnail":"https:\/\/natus.com\/wp-content\/uploads\/neuro-products-hero.jpg","thumbnail-width":128,"thumbnail-height":33,"medium":"https:\/\/natus.com\/wp-content\/uploads\/neuro-products-hero.jpg","medium-width":1920,"medium-height":500,"medium_large":"https:\/\/natus.com\/wp-content\/uploads\/neuro-products-hero-768x200.jpg","medium_large-width":768,"medium_large-height":200,"large":"https:\/\/natus.com\/wp-content\/uploads\/neuro-products-hero.jpg","large-width":1920,"large-height":500,"1536x1536":"https:\/\/natus.com\/wp-content\/uploads\/neuro-products-hero-1536x400.jpg","1536x1536-width":1536,"1536x1536-height":400,"2048x2048":"https:\/\/natus.com\/wp-content\/uploads\/neuro-products-hero.jpg","2048x2048-width":1920,"2048x2048-height":500}},"h1":"Fournitures EEG","description":""}},{"acf_fc_layout":"product_tiles","_acfe_flexible_layout_title":null,"_acfe_flexible_toggle":null,"neuro_product_tiles":{"module_options":{"":null,"module_id":"n65149ee3bb387","module_class":"","module_background_type":"color","module_background_color":"","module_background_image":false,"module_background_video":"","activate_custom_padding":false,"padding_top_desktop":"0","padding_top_tablet":"0","padding_top_mobile":"0","padding_bottom_desktop":"0","padding_bottom_tablet":"0","padding_bottom_mobile":"0","activate_custom_margin":false,"margin_top_desktop":"0","margin_top_tablet":"0","margin_top_mobile":"0","margin_bottom_desktop":"0","margin_bottom_tablet":"0","margin_bottom_mobile":"0","disable_on":[],"content_alignment_desktop":"left","content_alignment_tablet":"left","content_alignment_mobile":"left"},"products":[{"category_title":"","subcategories":[{"subcategory_title":"Fournitures EEG","subcategory_products":[{"label":"","image":{"ID":21587,"id":21587,"title":"Grass MR Electrode related product image - 500x400","filename":"Grass-MR-Electrode-related-product-image-500x400-1.png","filesize":163268,"url":"https:\/\/natus.com\/wp-content\/uploads\/Grass-MR-Electrode-related-product-image-500x400-1.png","link":"https:\/\/natus.com\/fr\/neuro\/eeg-aeeg\/fournitures-eeg\/grass-mr-electrode-related-product-image-500x400-2\/","alt":"Grass\u00ae MR Conditional \/ CT Cup EEG Electrodes","author":"3","description":"","caption":"","name":"grass-mr-electrode-related-product-image-500x400-2","status":"inherit","uploaded_to":12642,"date":"2024-10-04 19:23:31","modified":"2024-10-04 19:25:51","menu_order":0,"mime_type":"image\/png","type":"image","subtype":"png","icon":"https:\/\/natus.com\/wp-includes\/images\/media\/default.png","width":500,"height":400,"sizes":{"thumbnail":"https:\/\/natus.com\/wp-content\/uploads\/Grass-MR-Electrode-related-product-image-500x400-1.png","thumbnail-width":120,"thumbnail-height":96,"medium":"https:\/\/natus.com\/wp-content\/uploads\/Grass-MR-Electrode-related-product-image-500x400-1.png","medium-width":500,"medium-height":400,"medium_large":"https:\/\/natus.com\/wp-content\/uploads\/Grass-MR-Electrode-related-product-image-500x400-1.png","medium_large-width":500,"medium_large-height":400,"large":"https:\/\/natus.com\/wp-content\/uploads\/Grass-MR-Electrode-related-product-image-500x400-1.png","large-width":500,"large-height":400,"1536x1536":"https:\/\/natus.com\/wp-content\/uploads\/Grass-MR-Electrode-related-product-image-500x400-1.png","1536x1536-width":500,"1536x1536-height":400,"2048x2048":"https:\/\/natus.com\/wp-content\/uploads\/Grass-MR-Electrode-related-product-image-500x400-1.png","2048x2048-width":500,"2048x2048-height":400}},"title":"\u00c9lectrodes cupule d\u2019EEG Grass\u00ae compatibles IRM et Scanner","link":{"type":"post","value":"21764","url":"https:\/\/natus.com\/fr\/neuro\/electrodes-cupule-deeg-grass-compatibles-irm-et-scanner\/","name":"\u00c9lectrodes cupule d\u2019EEG Grass\u00ae compatibles IRM et Scanner","title":"En Savoir Plus","target":""}},{"label":"","image":{"ID":4837,"id":4837,"title":"Grass Reusable Cup EEG Electrodes Related Product Photo - 500x400","filename":"Grass-Reusable-Cup-EEG-Electrodes-Related-Product-Photo-500x400-1.png","filesize":153118,"url":"https:\/\/natus.com\/wp-content\/uploads\/Grass-Reusable-Cup-EEG-Electrodes-Related-Product-Photo-500x400-1.png","link":"https:\/\/natus.com\/fr\/neuro\/eeg-aeeg\/fournitures-eeg\/grass-reusable-cup-eeg-electrodes-related-product-photo-500x400-2\/","alt":"Grass Reusable Cup EEG Electrodes","author":"2","description":"","caption":"","name":"grass-reusable-cup-eeg-electrodes-related-product-photo-500x400-2","status":"inherit","uploaded_to":12642,"date":"2023-09-15 19:32:46","modified":"2024-07-26 19:12:35","menu_order":0,"mime_type":"image\/png","type":"image","subtype":"png","icon":"https:\/\/natus.com\/wp-includes\/images\/media\/default.png","width":500,"height":400,"sizes":{"thumbnail":"https:\/\/natus.com\/wp-content\/uploads\/Grass-Reusable-Cup-EEG-Electrodes-Related-Product-Photo-500x400-1.png","thumbnail-width":120,"thumbnail-height":96,"medium":"https:\/\/natus.com\/wp-content\/uploads\/Grass-Reusable-Cup-EEG-Electrodes-Related-Product-Photo-500x400-1.png","medium-width":500,"medium-height":400,"medium_large":"https:\/\/natus.com\/wp-content\/uploads\/Grass-Reusable-Cup-EEG-Electrodes-Related-Product-Photo-500x400-1.png","medium_large-width":500,"medium_large-height":400,"large":"https:\/\/natus.com\/wp-content\/uploads\/Grass-Reusable-Cup-EEG-Electrodes-Related-Product-Photo-500x400-1.png","large-width":500,"large-height":400,"1536x1536":"https:\/\/natus.com\/wp-content\/uploads\/Grass-Reusable-Cup-EEG-Electrodes-Related-Product-Photo-500x400-1.png","1536x1536-width":500,"1536x1536-height":400,"2048x2048":"https:\/\/natus.com\/wp-content\/uploads\/Grass-Reusable-Cup-EEG-Electrodes-Related-Product-Photo-500x400-1.png","2048x2048-width":500,"2048x2048-height":400}},"title":"Genuine Grass\u00ae Reusable Cup EEG Electrodes","link":{"type":"post","value":"9542","url":"https:\/\/natus.com\/fr\/neuro\/electrodes-deeg-a-cupule-genuine-grass-a-usages-multiples\/","name":"\u00c9lectrodes d\u2019EEG \u00e0 cupule Genuine Grass\u00ae \u00e0 usages multiples","title":"En Savoir Plus","target":""}},{"label":"","image":{"ID":4776,"id":4776,"title":"Grass Standard Cup EEG Electrodes Related Product Photo -500x400","filename":"Grass-Disposable-Standard-Cup-EEG-Electrodes-Related-Product-Photo-500x400-1.png","filesize":221785,"url":"https:\/\/natus.com\/wp-content\/uploads\/Grass-Disposable-Standard-Cup-EEG-Electrodes-Related-Product-Photo-500x400-1.png","link":"https:\/\/natus.com\/fr\/neuro\/eeg-aeeg\/fournitures-eeg\/grass-standard-cup-eeg-electrodes-related-product-photo-500x400-2\/","alt":"Grass Disposable Standard Cup EEG Electrodes","author":"2","description":"","caption":"","name":"grass-standard-cup-eeg-electrodes-related-product-photo-500x400-2","status":"inherit","uploaded_to":12642,"date":"2023-09-15 18:42:55","modified":"2024-07-26 19:14:59","menu_order":0,"mime_type":"image\/png","type":"image","subtype":"png","icon":"https:\/\/natus.com\/wp-includes\/images\/media\/default.png","width":500,"height":400,"sizes":{"thumbnail":"https:\/\/natus.com\/wp-content\/uploads\/Grass-Disposable-Standard-Cup-EEG-Electrodes-Related-Product-Photo-500x400-1.png","thumbnail-width":120,"thumbnail-height":96,"medium":"https:\/\/natus.com\/wp-content\/uploads\/Grass-Disposable-Standard-Cup-EEG-Electrodes-Related-Product-Photo-500x400-1.png","medium-width":500,"medium-height":400,"medium_large":"https:\/\/natus.com\/wp-content\/uploads\/Grass-Disposable-Standard-Cup-EEG-Electrodes-Related-Product-Photo-500x400-1.png","medium_large-width":500,"medium_large-height":400,"large":"https:\/\/natus.com\/wp-content\/uploads\/Grass-Disposable-Standard-Cup-EEG-Electrodes-Related-Product-Photo-500x400-1.png","large-width":500,"large-height":400,"1536x1536":"https:\/\/natus.com\/wp-content\/uploads\/Grass-Disposable-Standard-Cup-EEG-Electrodes-Related-Product-Photo-500x400-1.png","1536x1536-width":500,"1536x1536-height":400,"2048x2048":"https:\/\/natus.com\/wp-content\/uploads\/Grass-Disposable-Standard-Cup-EEG-Electrodes-Related-Product-Photo-500x400-1.png","2048x2048-width":500,"2048x2048-height":400}},"title":"Grass\u00ae Disposable Cup EEG Electrodes","link":{"type":"post","value":"9584","url":"https:\/\/natus.com\/fr\/neuro\/electrodes-deeg-grass-a-cupule-a-usage-unique\/","name":"\u00c9lectrodes d\u2019EEG Grass\u00ae \u00e0 cupule \u00e0 usage unique","title":"En Savoir Plus","target":""}},{"label":"","image":{"ID":4770,"id":4770,"title":"Grass Deep Cup EEG Electrodes Related Product Photo - 500x400","filename":"Grass-Disposable-Deep-Cup-Electrodes-Related-Product-Photo-500x400-2.png","filesize":246279,"url":"https:\/\/natus.com\/wp-content\/uploads\/Grass-Disposable-Deep-Cup-Electrodes-Related-Product-Photo-500x400-2.png","link":"https:\/\/natus.com\/fr\/neuro\/eeg-aeeg\/fournitures-eeg\/grass-deep-cup-eeg-electrodes-related-product-photo-500x400-2\/","alt":"Grass Disposable Deep Cup Electrodes","author":"2","description":"","caption":"","name":"grass-deep-cup-eeg-electrodes-related-product-photo-500x400-2","status":"inherit","uploaded_to":12642,"date":"2023-09-15 18:38:42","modified":"2024-07-29 20:19:26","menu_order":0,"mime_type":"image\/png","type":"image","subtype":"png","icon":"https:\/\/natus.com\/wp-includes\/images\/media\/default.png","width":500,"height":400,"sizes":{"thumbnail":"https:\/\/natus.com\/wp-content\/uploads\/Grass-Disposable-Deep-Cup-Electrodes-Related-Product-Photo-500x400-2.png","thumbnail-width":120,"thumbnail-height":96,"medium":"https:\/\/natus.com\/wp-content\/uploads\/Grass-Disposable-Deep-Cup-Electrodes-Related-Product-Photo-500x400-2.png","medium-width":500,"medium-height":400,"medium_large":"https:\/\/natus.com\/wp-content\/uploads\/Grass-Disposable-Deep-Cup-Electrodes-Related-Product-Photo-500x400-2.png","medium_large-width":500,"medium_large-height":400,"large":"https:\/\/natus.com\/wp-content\/uploads\/Grass-Disposable-Deep-Cup-Electrodes-Related-Product-Photo-500x400-2.png","large-width":500,"large-height":400,"1536x1536":"https:\/\/natus.com\/wp-content\/uploads\/Grass-Disposable-Deep-Cup-Electrodes-Related-Product-Photo-500x400-2.png","1536x1536-width":500,"1536x1536-height":400,"2048x2048":"https:\/\/natus.com\/wp-content\/uploads\/Grass-Disposable-Deep-Cup-Electrodes-Related-Product-Photo-500x400-2.png","2048x2048-width":500,"2048x2048-height":400}},"title":"\u00c9lectrodes d\u2019EEG Grass\u00ae \u00e0 cupule profonde \u00e0 usage unique ","link":{"type":"post","value":"9641","url":"https:\/\/natus.com\/fr\/neuro\/electrodes-deeg-grass-a-cupule-profonde-a-usage-unique\/","name":"\u00c9lectrodes d\u2019EEG Grass\u00ae \u00e0 cupule profonde \u00e0 usage unique","title":"En Savoir Plus","target":""}},{"label":"","image":{"ID":4801,"id":4801,"title":"Grass Reuseable Stamped Electrodes Related Product Photo - 500x400","filename":"Grass-Reuseable-Stamped-Electrodes-Related-Product-Photo-500x400-1.png","filesize":163212,"url":"https:\/\/natus.com\/wp-content\/uploads\/Grass-Reuseable-Stamped-Electrodes-Related-Product-Photo-500x400-1.png","link":"https:\/\/natus.com\/fr\/neuro\/eeg-aeeg\/fournitures-eeg\/grass-reuseable-stamped-electrodes-related-product-photo-500x400-2\/","alt":"Grass Reusable Stamped Electrodes","author":"2","description":"","caption":"","name":"grass-reuseable-stamped-electrodes-related-product-photo-500x400-2","status":"inherit","uploaded_to":12642,"date":"2023-09-15 19:30:08","modified":"2024-07-26 19:13:55","menu_order":0,"mime_type":"image\/png","type":"image","subtype":"png","icon":"https:\/\/natus.com\/wp-includes\/images\/media\/default.png","width":500,"height":400,"sizes":{"thumbnail":"https:\/\/natus.com\/wp-content\/uploads\/Grass-Reuseable-Stamped-Electrodes-Related-Product-Photo-500x400-1.png","thumbnail-width":120,"thumbnail-height":96,"medium":"https:\/\/natus.com\/wp-content\/uploads\/Grass-Reuseable-Stamped-Electrodes-Related-Product-Photo-500x400-1.png","medium-width":500,"medium-height":400,"medium_large":"https:\/\/natus.com\/wp-content\/uploads\/Grass-Reuseable-Stamped-Electrodes-Related-Product-Photo-500x400-1.png","medium_large-width":500,"medium_large-height":400,"large":"https:\/\/natus.com\/wp-content\/uploads\/Grass-Reuseable-Stamped-Electrodes-Related-Product-Photo-500x400-1.png","large-width":500,"large-height":400,"1536x1536":"https:\/\/natus.com\/wp-content\/uploads\/Grass-Reuseable-Stamped-Electrodes-Related-Product-Photo-500x400-1.png","1536x1536-width":500,"1536x1536-height":400,"2048x2048":"https:\/\/natus.com\/wp-content\/uploads\/Grass-Reuseable-Stamped-Electrodes-Related-Product-Photo-500x400-1.png","2048x2048-width":500,"2048x2048-height":400}},"title":"\u00c9lectrodes d\u2019EEG Grass\u00ae \u00e0 cupule emboutie \u00e0 usages multiples","link":{"type":"post","value":"9653","url":"https:\/\/natus.com\/fr\/neuro\/electrodes-deeg-grass-a-cupule-emboutie-a-usages-multiples\/","name":"\u00c9lectrodes d\u2019EEG Grass\u00ae \u00e0 cupule emboutie \u00e0 usages multiples","title":"En Savoir Plus","target":""}}]}]}]}},{"acf_fc_layout":"contact","_acfe_flexible_layout_title":null,"_acfe_flexible_toggle":null,"left_image_right_content_single_cta_landing":{"module_options":{"":null,"module_id":"n64e942b4323a5","module_class":"","module_background_type":"color","module_background_color":"","module_background_image":false,"module_background_video":"","activate_custom_padding":false,"padding_top_desktop":"0","padding_top_tablet":"0","padding_top_mobile":"0","padding_bottom_desktop":"0","padding_bottom_tablet":"0","padding_bottom_mobile":"0","activate_custom_margin":false,"margin_top_desktop":"0","margin_top_tablet":"0","margin_top_mobile":"0","margin_bottom_desktop":"0","margin_bottom_tablet":"0","margin_bottom_mobile":"0","disable_on":[],"content_alignment_desktop":"left","content_alignment_tablet":"left","content_alignment_mobile":"left"},"":null,"image":{"ID":3844,"id":3844,"title":"NTA banner_800x450","filename":"NTA-banner_800x450.png","filesize":390422,"url":"https:\/\/natus.com\/wp-content\/uploads\/NTA-banner_800x450.png","link":"https:\/\/natus.com\/fr\/neuro\/eeg-aeeg\/nta-banner_800x450-2\/","alt":"NTA Banner image","author":"2","description":"","caption":"","name":"nta-banner_800x450-2","status":"inherit","uploaded_to":12084,"date":"2023-09-13 17:16:26","modified":"2024-07-29 20:42:14","menu_order":0,"mime_type":"image\/png","type":"image","subtype":"png","icon":"https:\/\/natus.com\/wp-includes\/images\/media\/default.png","width":800,"height":450,"sizes":{"thumbnail":"https:\/\/natus.com\/wp-content\/uploads\/NTA-banner_800x450.png","thumbnail-width":128,"thumbnail-height":72,"medium":"https:\/\/natus.com\/wp-content\/uploads\/NTA-banner_800x450.png","medium-width":800,"medium-height":450,"medium_large":"https:\/\/natus.com\/wp-content\/uploads\/NTA-banner_800x450-768x432.png","medium_large-width":768,"medium_large-height":432,"large":"https:\/\/natus.com\/wp-content\/uploads\/NTA-banner_800x450.png","large-width":800,"large-height":450,"1536x1536":"https:\/\/natus.com\/wp-content\/uploads\/NTA-banner_800x450.png","1536x1536-width":800,"1536x1536-height":450,"2048x2048":"https:\/\/natus.com\/wp-content\/uploads\/NTA-banner_800x450.png","2048x2048-width":800,"2048x2048-height":450}},"activate_image_caption":false,"image_caption_icon":false,"image_caption_title":"","image_caption_description":"","label":"Connaissances","title":"Neuro Training Academy","description":"<p>Si vous souhaitez approfondir vos connaissances cliniques, am\u00e9liorer vos comp\u00e9tences ou tirer le meilleur parti de vos solutions neurologiques Natus, d\u00e9couvrez les ressources de notre Acad\u00e9mie de formation en neurologie. Prenez connaissance des derniers d\u00e9veloppements scientifiques et technologiques aupr\u00e8s des leaders du domaine afin de faire la diff\u00e9rence pour vos patients.<\/p>\n","link":{"type":"url","value":"https:\/\/neuro-training.academy","url":"https:\/\/neuro-training.academy","name":"https:\/\/neuro-training.academy","title":"En Savoir Plus","target":"_blank"}}},{"acf_fc_layout":"contact","_acfe_flexible_layout_title":null,"_acfe_flexible_toggle":null,"left_image_right_content_single_cta_landing":{"module_options":{"":null,"module_id":"n64e942b43af35","module_class":"","module_background_type":"color","module_background_color":"#f1f1f1","module_background_image":false,"module_background_video":"","activate_custom_padding":false,"padding_top_desktop":"0","padding_top_tablet":"0","padding_top_mobile":"0","padding_bottom_desktop":"0","padding_bottom_tablet":"0","padding_bottom_mobile":"0","activate_custom_margin":false,"margin_top_desktop":"0","margin_top_tablet":"0","margin_top_mobile":"0","margin_bottom_desktop":"0","margin_bottom_tablet":"0","margin_bottom_mobile":"0","disable_on":[],"content_alignment_desktop":"left","content_alignment_tablet":"left","content_alignment_mobile":"left"},"":null,"image":{"ID":4238,"id":4238,"title":"Contact Us 800x450","filename":"Contact-Us-800x450-1.png","filesize":437541,"url":"https:\/\/natus.com\/wp-content\/uploads\/Contact-Us-800x450-1.png","link":"https:\/\/natus.com\/fr\/neuro\/contact-us-800x450-2\/","alt":"Shaking Hands - Contact Us","author":"2","description":"","caption":"","name":"contact-us-800x450-2","status":"inherit","uploaded_to":10461,"date":"2023-09-14 17:35:31","modified":"2024-07-29 20:33:28","menu_order":0,"mime_type":"image\/png","type":"image","subtype":"png","icon":"https:\/\/natus.com\/wp-includes\/images\/media\/default.png","width":800,"height":450,"sizes":{"thumbnail":"https:\/\/natus.com\/wp-content\/uploads\/Contact-Us-800x450-1.png","thumbnail-width":128,"thumbnail-height":72,"medium":"https:\/\/natus.com\/wp-content\/uploads\/Contact-Us-800x450-1.png","medium-width":800,"medium-height":450,"medium_large":"https:\/\/natus.com\/wp-content\/uploads\/Contact-Us-800x450-1-768x432.png","medium_large-width":768,"medium_large-height":432,"large":"https:\/\/natus.com\/wp-content\/uploads\/Contact-Us-800x450-1.png","large-width":800,"large-height":450,"1536x1536":"https:\/\/natus.com\/wp-content\/uploads\/Contact-Us-800x450-1.png","1536x1536-width":800,"1536x1536-height":450,"2048x2048":"https:\/\/natus.com\/wp-content\/uploads\/Contact-Us-800x450-1.png","2048x2048-width":800,"2048x2048-height":450}},"activate_image_caption":false,"image_caption_icon":false,"image_caption_title":"","image_caption_description":"","label":"Contactez votre repr\u00e9sentant Natus","title":"Vous \u00eates pr\u00eat \u00e0 commencer votre parcours avec Natus?","description":"<p>Pour en savoir plus sur l\u2019une de nos solutions neurologiques de pointe ou sur la fa\u00e7on dont nous pouvons vous aider \u00e0 am\u00e9liorer vos capacit\u00e9s en mati\u00e8re de soins, contactez un repr\u00e9sentant Natus.<\/p>\n","link":{"type":"post","value":"8336","url":"https:\/\/natus.com\/fr\/sites\/","name":"Sites","title":"Nous contacter","target":""}}}]},"_links":{"self":[{"href":"https:\/\/natus.com\/fr\/wp-json\/wp\/v2\/pages\/12642","targetHints":{"allow":["GET"]}}],"collection":[{"href":"https:\/\/natus.com\/fr\/wp-json\/wp\/v2\/pages"}],"about":[{"href":"https:\/\/natus.com\/fr\/wp-json\/wp\/v2\/types\/page"}],"author":[{"embeddable":true,"href":"https:\/\/natus.com\/fr\/wp-json\/wp\/v2\/users\/3"}],"replies":[{"embeddable":true,"href":"https:\/\/natus.com\/fr\/wp-json\/wp\/v2\/comments?post=12642"}],"version-history":[{"count":6,"href":"https:\/\/natus.com\/fr\/wp-json\/wp\/v2\/pages\/12642\/revisions"}],"predecessor-version":[{"id":21869,"href":"https:\/\/natus.com\/fr\/wp-json\/wp\/v2\/pages\/12642\/revisions\/21869"}],"up":[{"embeddable":true,"href":"https:\/\/natus.com\/fr\/wp-json\/wp\/v2\/pages\/12084"}],"wp:attachment":[{"href":"https:\/\/natus.com\/fr\/wp-json\/wp\/v2\/media?parent=12642"}],"wp:term":[{"taxonomy":"category","embeddable":true,"href":"https:\/\/natus.com\/fr\/wp-json\/wp\/v2\/categories?post=12642"},{"taxonomy":"post_tag","embeddable":true,"href":"https:\/\/natus.com\/fr\/wp-json\/wp\/v2\/tags?post=12642"}],"curies":[{"name":"wp","href":"https:\/\/api.w.org\/{rel}","templated":true}]}}