{"id":12656,"date":"2023-09-15T18:12:26","date_gmt":"2023-09-15T18:12:26","guid":{"rendered":"https:\/\/natus.com\/neuro\/emg\/emg-supplies\/"},"modified":"2026-01-21T20:02:19","modified_gmt":"2026-01-21T20:02:19","slug":"fournitures-emg","status":"publish","type":"page","link":"https:\/\/natus.com\/fr\/neuro\/emg\/fournitures-emg\/","title":{"rendered":"Fournitures EMG"},"content":{"rendered":"","protected":false},"excerpt":{"rendered":"","protected":false},"author":3,"featured_media":0,"parent":9285,"menu_order":0,"comment_status":"closed","ping_status":"closed","template":"templates\/page-neuro-solutions-category-landing.php","meta":{"_acf_changed":false,"footnotes":""},"categories":[],"tags":[],"class_list":["post-12656","page","type-page","status-publish","hentry"],"acf":{"content_blocks":[{"acf_fc_layout":"hero","_acfe_flexible_layout_title":null,"_acfe_flexible_toggle":null,"hero_locations":{"unique_id":"n64e940f42a11a","background":{"ID":1245,"id":1245,"title":"neuro-products-hero","filename":"neuro-products-hero.jpg","filesize":353779,"url":"https:\/\/natus.com\/wp-content\/uploads\/neuro-products-hero.jpg","link":"https:\/\/natus.com\/fr\/produits-neuro\/neuro-products-hero-2\/","alt":"","author":"1","description":"","caption":"","name":"neuro-products-hero-2","status":"inherit","uploaded_to":8330,"date":"2023-08-14 16:56:09","modified":"2023-08-14 16:56:09","menu_order":0,"mime_type":"image\/jpeg","type":"image","subtype":"jpeg","icon":"https:\/\/natus.com\/wp-includes\/images\/media\/default.png","width":1920,"height":500,"sizes":{"thumbnail":"https:\/\/natus.com\/wp-content\/uploads\/neuro-products-hero.jpg","thumbnail-width":128,"thumbnail-height":33,"medium":"https:\/\/natus.com\/wp-content\/uploads\/neuro-products-hero.jpg","medium-width":1920,"medium-height":500,"medium_large":"https:\/\/natus.com\/wp-content\/uploads\/neuro-products-hero-768x200.jpg","medium_large-width":768,"medium_large-height":200,"large":"https:\/\/natus.com\/wp-content\/uploads\/neuro-products-hero.jpg","large-width":1920,"large-height":500,"1536x1536":"https:\/\/natus.com\/wp-content\/uploads\/neuro-products-hero-1536x400.jpg","1536x1536-width":1536,"1536x1536-height":400,"2048x2048":"https:\/\/natus.com\/wp-content\/uploads\/neuro-products-hero.jpg","2048x2048-width":1920,"2048x2048-height":500}},"h1":"Fournitures EMG","description":""}},{"acf_fc_layout":"product_tiles","_acfe_flexible_layout_title":null,"_acfe_flexible_toggle":null,"neuro_product_tiles":{"module_options":{"":null,"module_id":"n6514e6269f11f","module_class":"","module_background_type":"color","module_background_color":"","module_background_image":false,"module_background_video":"","activate_custom_padding":false,"padding_top_desktop":"0","padding_top_tablet":"0","padding_top_mobile":"0","padding_bottom_desktop":"0","padding_bottom_tablet":"0","padding_bottom_mobile":"0","activate_custom_margin":false,"margin_top_desktop":"0","margin_top_tablet":"0","margin_top_mobile":"0","margin_bottom_desktop":"0","margin_bottom_tablet":"0","margin_bottom_mobile":"0","disable_on":[],"content_alignment_desktop":"left","content_alignment_tablet":"left","content_alignment_mobile":"left"},"products":[{"category_title":"","subcategories":[{"subcategory_title":"Fournitures EMG","subcategory_products":[{"label":"","image":{"ID":3302,"id":3302,"title":"Teca Concentric Needles Related Product Photo_500x400","filename":"Teca-Concentric-Needles-Related-Product-Photo_500x400.png","filesize":54481,"url":"https:\/\/natus.com\/wp-content\/uploads\/Teca-Concentric-Needles-Related-Product-Photo_500x400.png","link":"https:\/\/natus.com\/fr\/neuro\/electrodes-aiguilles-dinjection-hypodermiques-dhn-a-usage-unique-bo-ject\/teca-concentric-needles-related-product-photo_500x400-2\/","alt":"Teca Concentric Needles","author":"2","description":"","caption":"","name":"teca-concentric-needles-related-product-photo_500x400-2","status":"inherit","uploaded_to":8455,"date":"2023-09-12 03:19:29","modified":"2024-07-29 21:03:07","menu_order":0,"mime_type":"image\/png","type":"image","subtype":"png","icon":"https:\/\/natus.com\/wp-includes\/images\/media\/default.png","width":500,"height":400,"sizes":{"thumbnail":"https:\/\/natus.com\/wp-content\/uploads\/Teca-Concentric-Needles-Related-Product-Photo_500x400.png","thumbnail-width":120,"thumbnail-height":96,"medium":"https:\/\/natus.com\/wp-content\/uploads\/Teca-Concentric-Needles-Related-Product-Photo_500x400.png","medium-width":500,"medium-height":400,"medium_large":"https:\/\/natus.com\/wp-content\/uploads\/Teca-Concentric-Needles-Related-Product-Photo_500x400.png","medium_large-width":500,"medium_large-height":400,"large":"https:\/\/natus.com\/wp-content\/uploads\/Teca-Concentric-Needles-Related-Product-Photo_500x400.png","large-width":500,"large-height":400,"1536x1536":"https:\/\/natus.com\/wp-content\/uploads\/Teca-Concentric-Needles-Related-Product-Photo_500x400.png","1536x1536-width":500,"1536x1536-height":400,"2048x2048":"https:\/\/natus.com\/wp-content\/uploads\/Teca-Concentric-Needles-Related-Product-Photo_500x400.png","2048x2048-width":500,"2048x2048-height":400}},"title":"\u00c9lectrodes-aiguilles d\u2019EMG concentriques \u00e0 usage unique Elite de TECA\u00ae ","link":{"type":"post","value":"8378","url":"https:\/\/natus.com\/fr\/neuro\/electrodes-aiguilles-demg-concentriques-a-usage-unique-elite-de-teca\/","name":"\u00c9lectrodes-aiguilles d\u2019EMG concentriques \u00e0 usage unique Elite de TECA\u00ae","title":"En Savoir Plus","target":""}},{"label":"","image":{"ID":4251,"id":4251,"title":"Dantec DCN EMG Electrodes Related Product Photo - 500x400","filename":"Dantec-DCN-EMG-Electrodes-Related-Product-Photo-500x400-1.png","filesize":52202,"url":"https:\/\/natus.com\/wp-content\/uploads\/Dantec-DCN-EMG-Electrodes-Related-Product-Photo-500x400-1.png","link":"https:\/\/natus.com\/fr\/neuro\/emg\/fournitures-emg\/dantec-dcn-emg-electrodes-related-product-photo-500x400-2\/","alt":"Dantec DCN EMG Electrodes ","author":"2","description":"","caption":"","name":"dantec-dcn-emg-electrodes-related-product-photo-500x400-2","status":"inherit","uploaded_to":12656,"date":"2023-09-14 17:57:57","modified":"2024-07-29 20:33:11","menu_order":0,"mime_type":"image\/png","type":"image","subtype":"png","icon":"https:\/\/natus.com\/wp-includes\/images\/media\/default.png","width":500,"height":400,"sizes":{"thumbnail":"https:\/\/natus.com\/wp-content\/uploads\/Dantec-DCN-EMG-Electrodes-Related-Product-Photo-500x400-1.png","thumbnail-width":120,"thumbnail-height":96,"medium":"https:\/\/natus.com\/wp-content\/uploads\/Dantec-DCN-EMG-Electrodes-Related-Product-Photo-500x400-1.png","medium-width":500,"medium-height":400,"medium_large":"https:\/\/natus.com\/wp-content\/uploads\/Dantec-DCN-EMG-Electrodes-Related-Product-Photo-500x400-1.png","medium_large-width":500,"medium_large-height":400,"large":"https:\/\/natus.com\/wp-content\/uploads\/Dantec-DCN-EMG-Electrodes-Related-Product-Photo-500x400-1.png","large-width":500,"large-height":400,"1536x1536":"https:\/\/natus.com\/wp-content\/uploads\/Dantec-DCN-EMG-Electrodes-Related-Product-Photo-500x400-1.png","1536x1536-width":500,"1536x1536-height":400,"2048x2048":"https:\/\/natus.com\/wp-content\/uploads\/Dantec-DCN-EMG-Electrodes-Related-Product-Photo-500x400-1.png","2048x2048-width":500,"2048x2048-height":400}},"title":"\u00c9lectrodes-aiguilles d\u2019EMG concentriques \u00e0 usage unique DCN de Dantec\u00ae","link":{"type":"post","value":"8597","url":"https:\/\/natus.com\/fr\/neuro\/electrodes-aiguilles-demg-concentriques-a-usage-unique-dcn-de-dantec\/","name":"\u00c9lectrodes-aiguilles d\u2019EMG concentriques \u00e0 usage unique DCN de Dantec\u00ae","title":"En Savoir Plus","target":""}},{"label":"","image":{"ID":4303,"id":4303,"title":"Teca Monopolar EMG needles Related Product Photo - 500x400","filename":"TECA-DMN-blue-coating-500x400-Related-Product-Image.png","filesize":49768,"url":"https:\/\/natus.com\/wp-content\/uploads\/TECA-DMN-blue-coating-500x400-Related-Product-Image.png","link":"https:\/\/natus.com\/fr\/neuro\/electrodes-aiguilles-demg-concentriques-a-usage-unique-elite-de-teca\/teca-monopolar-emg-needles-related-product-photo-500x400-2\/","alt":"TECA DMN blue coating","author":"2","description":"","caption":"","name":"teca-monopolar-emg-needles-related-product-photo-500x400-2","status":"inherit","uploaded_to":8378,"date":"2023-09-14 18:36:35","modified":"2024-07-30 19:21:14","menu_order":0,"mime_type":"image\/png","type":"image","subtype":"png","icon":"https:\/\/natus.com\/wp-includes\/images\/media\/default.png","width":500,"height":400,"sizes":{"thumbnail":"https:\/\/natus.com\/wp-content\/uploads\/TECA-DMN-blue-coating-500x400-Related-Product-Image.png","thumbnail-width":120,"thumbnail-height":96,"medium":"https:\/\/natus.com\/wp-content\/uploads\/TECA-DMN-blue-coating-500x400-Related-Product-Image.png","medium-width":500,"medium-height":400,"medium_large":"https:\/\/natus.com\/wp-content\/uploads\/TECA-DMN-blue-coating-500x400-Related-Product-Image.png","medium_large-width":500,"medium_large-height":400,"large":"https:\/\/natus.com\/wp-content\/uploads\/TECA-DMN-blue-coating-500x400-Related-Product-Image.png","large-width":500,"large-height":400,"1536x1536":"https:\/\/natus.com\/wp-content\/uploads\/TECA-DMN-blue-coating-500x400-Related-Product-Image.png","1536x1536-width":500,"1536x1536-height":400,"2048x2048":"https:\/\/natus.com\/wp-content\/uploads\/TECA-DMN-blue-coating-500x400-Related-Product-Image.png","2048x2048-width":500,"2048x2048-height":400}},"title":" \u00c9lectrodes-aiguilles d\u2019EMG monopolaires \u00e0 usage unique de TECA\u2122 ","link":{"type":"post","value":"8634","url":"https:\/\/natus.com\/fr\/neuro\/electrodes-aiguilles-demg-monopolaires-a-usage-unique-de-teca\/","name":"\u00c9lectrodes-aiguilles d\u2019EMG monopolaires \u00e0 usage unique de TECA\u00ae","title":"En Savoir Plus","target":""}},{"label":"","image":{"ID":2782,"id":2782,"title":"natus_ultra_monopolar_needle_electrodes (1)","filename":"natus_ultra_monopolar_needle_electrodes-1.jpg","filesize":20097,"url":"https:\/\/natus.com\/wp-content\/uploads\/natus_ultra_monopolar_needle_electrodes-1.jpg","link":"https:\/\/natus.com\/fr\/neuro\/nicolet-edx-emg\/natus_ultra_monopolar_needle_electrodes-1-2\/","alt":"Natus Monopolar EMG Needles ","author":"2","description":"","caption":"","name":"natus_ultra_monopolar_needle_electrodes-1-2","status":"inherit","uploaded_to":8400,"date":"2023-09-09 15:45:16","modified":"2024-07-29 21:10:24","menu_order":0,"mime_type":"image\/jpeg","type":"image","subtype":"jpeg","icon":"https:\/\/natus.com\/wp-includes\/images\/media\/default.png","width":500,"height":400,"sizes":{"thumbnail":"https:\/\/natus.com\/wp-content\/uploads\/natus_ultra_monopolar_needle_electrodes-1.jpg","thumbnail-width":120,"thumbnail-height":96,"medium":"https:\/\/natus.com\/wp-content\/uploads\/natus_ultra_monopolar_needle_electrodes-1.jpg","medium-width":500,"medium-height":400,"medium_large":"https:\/\/natus.com\/wp-content\/uploads\/natus_ultra_monopolar_needle_electrodes-1.jpg","medium_large-width":500,"medium_large-height":400,"large":"https:\/\/natus.com\/wp-content\/uploads\/natus_ultra_monopolar_needle_electrodes-1.jpg","large-width":500,"large-height":400,"1536x1536":"https:\/\/natus.com\/wp-content\/uploads\/natus_ultra_monopolar_needle_electrodes-1.jpg","1536x1536-width":500,"1536x1536-height":400,"2048x2048":"https:\/\/natus.com\/wp-content\/uploads\/natus_ultra_monopolar_needle_electrodes-1.jpg","2048x2048-width":500,"2048x2048-height":400}},"title":" \u00c9lectrodes-aiguilles monopolaires \u00e0 usage unique Ultra avec fils attach\u00e9s de Natus\u00ae ","link":{"type":"post","value":"8413","url":"https:\/\/natus.com\/fr\/neuro\/electrodes-aiguilles-monopolaires-ultra-de-natus\/","name":"\u00c9lectrodes-aiguilles monopolaires \u00e0 usage unique Ultra avec fils attach\u00e9s de Natus\u00ae","title":"En Savoir Plus","target":""}},{"label":"","image":{"ID":3307,"id":3307,"title":"Teca Myoject Luer Lock Related Product Photo_500x400","filename":"TECA-Myoject-GRN-MJT-3726-LL-500x400-1.jpg","filesize":104869,"url":"https:\/\/natus.com\/wp-content\/uploads\/TECA-Myoject-GRN-MJT-3726-LL-500x400-1.jpg","link":"https:\/\/natus.com\/fr\/neuro\/electrodes-aiguilles-dinjection-hypodermiques-dhn-a-usage-unique-bo-ject\/teca-myoject-luer-lock-related-product-photo_500x400-2\/","alt":"Teca Myoject Luer Lock ","author":"2","description":"","caption":"","name":"teca-myoject-luer-lock-related-product-photo_500x400-2","status":"inherit","uploaded_to":8455,"date":"2023-09-12 03:23:13","modified":"2024-07-29 21:03:00","menu_order":0,"mime_type":"image\/png","type":"image","subtype":"png","icon":"https:\/\/natus.com\/wp-includes\/images\/media\/default.png","width":500,"height":400,"sizes":{"thumbnail":"https:\/\/natus.com\/wp-content\/uploads\/TECA-Myoject-GRN-MJT-3726-LL-500x400-1.jpg","thumbnail-width":120,"thumbnail-height":96,"medium":"https:\/\/natus.com\/wp-content\/uploads\/TECA-Myoject-GRN-MJT-3726-LL-500x400-1.jpg","medium-width":500,"medium-height":400,"medium_large":"https:\/\/natus.com\/wp-content\/uploads\/TECA-Myoject-GRN-MJT-3726-LL-500x400-1.jpg","medium_large-width":500,"medium_large-height":400,"large":"https:\/\/natus.com\/wp-content\/uploads\/TECA-Myoject-GRN-MJT-3726-LL-500x400-1.jpg","large-width":500,"large-height":400,"1536x1536":"https:\/\/natus.com\/wp-content\/uploads\/TECA-Myoject-GRN-MJT-3726-LL-500x400-1.jpg","1536x1536-width":500,"1536x1536-height":400,"2048x2048":"https:\/\/natus.com\/wp-content\/uploads\/TECA-Myoject-GRN-MJT-3726-LL-500x400-1.jpg","2048x2048-width":500,"2048x2048-height":400}},"title":"\u00c9lectrodes-aiguilles d\u2019injection \u00e0 usage unique MyoJect\u00ae de TECA\u00ae \u00e0 embout Luer Lock ","link":{"type":"post","value":"8753","url":"https:\/\/natus.com\/fr\/neuro\/electrodes-aiguilles-dinjection-a-usage-unique-myoject-de-teca-a-embout-luer-lock\/","name":"\u00c9lectrodes-aiguilles d\u2019injection \u00e0 usage unique MyoJect\u00ae de TECA\u00ae \u00e0 embout Luer Lock","title":"En Savoir Plus","target":""}},{"label":"","image":{"ID":3268,"id":3268,"title":"Boject DHN Needle Related Product Image_500x400","filename":"boject-tan-9013S0422-500x400-1.jpg","filesize":129245,"url":"https:\/\/natus.com\/wp-content\/uploads\/boject-tan-9013S0422-500x400-1.jpg","link":"https:\/\/natus.com\/fr\/neuro\/electromyographe-portatif-dantec-clavis\/boject-dhn-needle-related-product-image_500x400-2\/","alt":"Bo-ject DHN Needle ","author":"2","description":"","caption":"","name":"boject-dhn-needle-related-product-image_500x400-2","status":"inherit","uploaded_to":8326,"date":"2023-09-11 21:53:05","modified":"2024-07-29 21:03:39","menu_order":0,"mime_type":"image\/png","type":"image","subtype":"png","icon":"https:\/\/natus.com\/wp-includes\/images\/media\/default.png","width":500,"height":400,"sizes":{"thumbnail":"https:\/\/natus.com\/wp-content\/uploads\/boject-tan-9013S0422-500x400-1.jpg","thumbnail-width":120,"thumbnail-height":96,"medium":"https:\/\/natus.com\/wp-content\/uploads\/boject-tan-9013S0422-500x400-1.jpg","medium-width":500,"medium-height":400,"medium_large":"https:\/\/natus.com\/wp-content\/uploads\/boject-tan-9013S0422-500x400-1.jpg","medium_large-width":500,"medium_large-height":400,"large":"https:\/\/natus.com\/wp-content\/uploads\/boject-tan-9013S0422-500x400-1.jpg","large-width":500,"large-height":400,"1536x1536":"https:\/\/natus.com\/wp-content\/uploads\/boject-tan-9013S0422-500x400-1.jpg","1536x1536-width":500,"1536x1536-height":400,"2048x2048":"https:\/\/natus.com\/wp-content\/uploads\/boject-tan-9013S0422-500x400-1.jpg","2048x2048-width":500,"2048x2048-height":400}},"title":"\u00c9lectrodes-aiguilles d\u2019injection hypodermiques DHN \u00e0 usage unique Bo-ject\u00ae ","link":{"type":"post","value":"8455","url":"https:\/\/natus.com\/fr\/neuro\/electrodes-aiguilles-dinjection-hypodermiques-dhn-a-usage-unique-bo-ject\/","name":"\u00c9lectrodes-aiguilles d\u2019injection hypodermiques DHN \u00e0 usage unique Bo-ject\u00ae","title":"En Savoir Plus","target":""}},{"label":"","image":{"ID":3273,"id":3273,"title":"Natus Adhesive Electrodes Related Product Photo - 500x400","filename":"Natus-Adhesive-Electrodes-Related-Product-Photo-500x400-1.jpg","filesize":134861,"url":"https:\/\/natus.com\/wp-content\/uploads\/Natus-Adhesive-Electrodes-Related-Product-Photo-500x400-1.jpg","link":"https:\/\/natus.com\/fr\/neuro\/electromyographe-portatif-dantec-clavis\/natus-adhesive-electrodes-related-product-photo-500x400-2\/","alt":"Natus Adhesive Electrodes ","author":"2","description":"","caption":"Disposable","name":"natus-adhesive-electrodes-related-product-photo-500x400-2","status":"inherit","uploaded_to":8326,"date":"2023-09-11 21:58:17","modified":"2024-07-29 21:03:29","menu_order":0,"mime_type":"image\/jpeg","type":"image","subtype":"jpeg","icon":"https:\/\/natus.com\/wp-includes\/images\/media\/default.png","width":500,"height":400,"sizes":{"thumbnail":"https:\/\/natus.com\/wp-content\/uploads\/Natus-Adhesive-Electrodes-Related-Product-Photo-500x400-1.jpg","thumbnail-width":120,"thumbnail-height":96,"medium":"https:\/\/natus.com\/wp-content\/uploads\/Natus-Adhesive-Electrodes-Related-Product-Photo-500x400-1.jpg","medium-width":500,"medium-height":400,"medium_large":"https:\/\/natus.com\/wp-content\/uploads\/Natus-Adhesive-Electrodes-Related-Product-Photo-500x400-1.jpg","medium_large-width":500,"medium_large-height":400,"large":"https:\/\/natus.com\/wp-content\/uploads\/Natus-Adhesive-Electrodes-Related-Product-Photo-500x400-1.jpg","large-width":500,"large-height":400,"1536x1536":"https:\/\/natus.com\/wp-content\/uploads\/Natus-Adhesive-Electrodes-Related-Product-Photo-500x400-1.jpg","1536x1536-width":500,"1536x1536-height":400,"2048x2048":"https:\/\/natus.com\/wp-content\/uploads\/Natus-Adhesive-Electrodes-Related-Product-Photo-500x400-1.jpg","2048x2048-width":500,"2048x2048-height":400}},"title":"\u00c9lectrodes adh\u00e9sives \u00e0 usage unique de Natus\u00ae ","link":{"type":"post","value":"8459","url":"https:\/\/natus.com\/fr\/neuro\/electrodes-adhesives-a-usage-unique-de-natus\/","name":"\u00c9lectrodes adh\u00e9sives \u00e0 usage unique de Natus\u00ae","title":"En Savoir Plus","target":""}}]}]}]}},{"acf_fc_layout":"contact","_acfe_flexible_layout_title":null,"_acfe_flexible_toggle":null,"left_image_right_content_single_cta_landing":{"module_options":{"":null,"module_id":"n64e942b4323a5","module_class":"","module_background_type":"color","module_background_color":"","module_background_image":false,"module_background_video":"","activate_custom_padding":false,"padding_top_desktop":"0","padding_top_tablet":"0","padding_top_mobile":"0","padding_bottom_desktop":"0","padding_bottom_tablet":"0","padding_bottom_mobile":"0","activate_custom_margin":false,"margin_top_desktop":"0","margin_top_tablet":"0","margin_top_mobile":"0","margin_bottom_desktop":"0","margin_bottom_tablet":"0","margin_bottom_mobile":"0","disable_on":[],"content_alignment_desktop":"left","content_alignment_tablet":"left","content_alignment_mobile":"left"},"":null,"image":{"ID":3844,"id":3844,"title":"NTA banner_800x450","filename":"NTA-banner_800x450.png","filesize":390422,"url":"https:\/\/natus.com\/wp-content\/uploads\/NTA-banner_800x450.png","link":"https:\/\/natus.com\/fr\/neuro\/eeg-aeeg\/nta-banner_800x450-2\/","alt":"NTA Banner image","author":"2","description":"","caption":"","name":"nta-banner_800x450-2","status":"inherit","uploaded_to":12084,"date":"2023-09-13 17:16:26","modified":"2024-07-29 20:42:14","menu_order":0,"mime_type":"image\/png","type":"image","subtype":"png","icon":"https:\/\/natus.com\/wp-includes\/images\/media\/default.png","width":800,"height":450,"sizes":{"thumbnail":"https:\/\/natus.com\/wp-content\/uploads\/NTA-banner_800x450.png","thumbnail-width":128,"thumbnail-height":72,"medium":"https:\/\/natus.com\/wp-content\/uploads\/NTA-banner_800x450.png","medium-width":800,"medium-height":450,"medium_large":"https:\/\/natus.com\/wp-content\/uploads\/NTA-banner_800x450-768x432.png","medium_large-width":768,"medium_large-height":432,"large":"https:\/\/natus.com\/wp-content\/uploads\/NTA-banner_800x450.png","large-width":800,"large-height":450,"1536x1536":"https:\/\/natus.com\/wp-content\/uploads\/NTA-banner_800x450.png","1536x1536-width":800,"1536x1536-height":450,"2048x2048":"https:\/\/natus.com\/wp-content\/uploads\/NTA-banner_800x450.png","2048x2048-width":800,"2048x2048-height":450}},"activate_image_caption":false,"image_caption_icon":false,"image_caption_title":"","image_caption_description":"","label":"Connaissances","title":"Neuro Training Academy","description":"<p>Si vous souhaitez approfondir vos connaissances cliniques, am\u00e9liorer vos comp\u00e9tences ou tirer le meilleur parti de vos solutions neurologiques Natus, d\u00e9couvrez les ressources de notre Acad\u00e9mie de formation en neurologie. Prenez connaissance des derniers d\u00e9veloppements scientifiques et technologiques aupr\u00e8s des leaders du domaine afin de faire la diff\u00e9rence pour vos patients.<\/p>\n","link":{"type":"url","value":"https:\/\/neuro-training.academy","url":"https:\/\/neuro-training.academy","name":"https:\/\/neuro-training.academy","title":"En Savoir Plus","target":"_blank"}}},{"acf_fc_layout":"contact","_acfe_flexible_layout_title":null,"_acfe_flexible_toggle":null,"left_image_right_content_single_cta_landing":{"module_options":{"":null,"module_id":"n64e942b43af35","module_class":"","module_background_type":"color","module_background_color":"#f1f1f1","module_background_image":false,"module_background_video":"","activate_custom_padding":false,"padding_top_desktop":"0","padding_top_tablet":"0","padding_top_mobile":"0","padding_bottom_desktop":"0","padding_bottom_tablet":"0","padding_bottom_mobile":"0","activate_custom_margin":false,"margin_top_desktop":"0","margin_top_tablet":"0","margin_top_mobile":"0","margin_bottom_desktop":"0","margin_bottom_tablet":"0","margin_bottom_mobile":"0","disable_on":[],"content_alignment_desktop":"left","content_alignment_tablet":"left","content_alignment_mobile":"left"},"":null,"image":{"ID":4238,"id":4238,"title":"Contact Us 800x450","filename":"Contact-Us-800x450-1.png","filesize":437541,"url":"https:\/\/natus.com\/wp-content\/uploads\/Contact-Us-800x450-1.png","link":"https:\/\/natus.com\/fr\/neuro\/contact-us-800x450-2\/","alt":"Shaking Hands - Contact Us","author":"2","description":"","caption":"","name":"contact-us-800x450-2","status":"inherit","uploaded_to":10461,"date":"2023-09-14 17:35:31","modified":"2024-07-29 20:33:28","menu_order":0,"mime_type":"image\/png","type":"image","subtype":"png","icon":"https:\/\/natus.com\/wp-includes\/images\/media\/default.png","width":800,"height":450,"sizes":{"thumbnail":"https:\/\/natus.com\/wp-content\/uploads\/Contact-Us-800x450-1.png","thumbnail-width":128,"thumbnail-height":72,"medium":"https:\/\/natus.com\/wp-content\/uploads\/Contact-Us-800x450-1.png","medium-width":800,"medium-height":450,"medium_large":"https:\/\/natus.com\/wp-content\/uploads\/Contact-Us-800x450-1-768x432.png","medium_large-width":768,"medium_large-height":432,"large":"https:\/\/natus.com\/wp-content\/uploads\/Contact-Us-800x450-1.png","large-width":800,"large-height":450,"1536x1536":"https:\/\/natus.com\/wp-content\/uploads\/Contact-Us-800x450-1.png","1536x1536-width":800,"1536x1536-height":450,"2048x2048":"https:\/\/natus.com\/wp-content\/uploads\/Contact-Us-800x450-1.png","2048x2048-width":800,"2048x2048-height":450}},"activate_image_caption":false,"image_caption_icon":false,"image_caption_title":"","image_caption_description":"","label":"Contactez votre repr\u00e9sentant Natus","title":"Vous \u00eates pr\u00eat \u00e0 commencer votre parcours avec Natus?","description":"<p>Pour en savoir plus sur l\u2019une de nos solutions neurologiques de pointe ou sur la fa\u00e7on dont nous pouvons vous aider \u00e0 am\u00e9liorer vos capacit\u00e9s en mati\u00e8re de soins, contactez un repr\u00e9sentant Natus.<\/p>\n","link":{"type":"post","value":"8336","url":"https:\/\/natus.com\/fr\/sites\/","name":"Sites","title":"Nous contacter","target":""}}}]},"_links":{"self":[{"href":"https:\/\/natus.com\/fr\/wp-json\/wp\/v2\/pages\/12656","targetHints":{"allow":["GET"]}}],"collection":[{"href":"https:\/\/natus.com\/fr\/wp-json\/wp\/v2\/pages"}],"about":[{"href":"https:\/\/natus.com\/fr\/wp-json\/wp\/v2\/types\/page"}],"author":[{"embeddable":true,"href":"https:\/\/natus.com\/fr\/wp-json\/wp\/v2\/users\/3"}],"replies":[{"embeddable":true,"href":"https:\/\/natus.com\/fr\/wp-json\/wp\/v2\/comments?post=12656"}],"version-history":[{"count":3,"href":"https:\/\/natus.com\/fr\/wp-json\/wp\/v2\/pages\/12656\/revisions"}],"predecessor-version":[{"id":20260,"href":"https:\/\/natus.com\/fr\/wp-json\/wp\/v2\/pages\/12656\/revisions\/20260"}],"up":[{"embeddable":true,"href":"https:\/\/natus.com\/fr\/wp-json\/wp\/v2\/pages\/9285"}],"wp:attachment":[{"href":"https:\/\/natus.com\/fr\/wp-json\/wp\/v2\/media?parent=12656"}],"wp:term":[{"taxonomy":"category","embeddable":true,"href":"https:\/\/natus.com\/fr\/wp-json\/wp\/v2\/categories?post=12656"},{"taxonomy":"post_tag","embeddable":true,"href":"https:\/\/natus.com\/fr\/wp-json\/wp\/v2\/tags?post=12656"}],"curies":[{"name":"wp","href":"https:\/\/api.w.org\/{rel}","templated":true}]}}