{"id":12664,"date":"2023-09-15T19:34:18","date_gmt":"2023-09-15T19:34:18","guid":{"rendered":"https:\/\/natus.com\/neuro\/emg\/neuromuscular-ultrasound\/"},"modified":"2025-06-17T20:54:29","modified_gmt":"2025-06-17T20:54:29","slug":"echographie-neuromusculaire","status":"publish","type":"page","link":"https:\/\/natus.com\/fr\/neuro\/emg\/echographie-neuromusculaire\/","title":{"rendered":"\u00c9chographie neuromusculaire"},"content":{"rendered":"","protected":false},"excerpt":{"rendered":"","protected":false},"author":3,"featured_media":0,"parent":9285,"menu_order":0,"comment_status":"closed","ping_status":"closed","template":"templates\/page-neuro-solutions-category-landing.php","meta":{"_acf_changed":false,"footnotes":""},"categories":[],"tags":[],"class_list":["post-12664","page","type-page","status-publish","hentry"],"acf":{"content_blocks":[{"acf_fc_layout":"hero","_acfe_flexible_toggle":"","hero_locations":{"unique_id":"n64e940f42a11a","background":{"ID":1245,"id":1245,"title":"neuro-products-hero","filename":"neuro-products-hero.jpg","filesize":353779,"url":"https:\/\/natus.com\/wp-content\/uploads\/neuro-products-hero.jpg","link":"https:\/\/natus.com\/fr\/produits-neuro\/neuro-products-hero-2\/","alt":"","author":"1","description":"","caption":"","name":"neuro-products-hero-2","status":"inherit","uploaded_to":8330,"date":"2023-08-14 16:56:09","modified":"2023-08-14 16:56:09","menu_order":0,"mime_type":"image\/jpeg","type":"image","subtype":"jpeg","icon":"https:\/\/natus.com\/wp-includes\/images\/media\/default.png","width":1920,"height":500,"sizes":{"thumbnail":"https:\/\/natus.com\/wp-content\/uploads\/neuro-products-hero.jpg","thumbnail-width":128,"thumbnail-height":33,"medium":"https:\/\/natus.com\/wp-content\/uploads\/neuro-products-hero.jpg","medium-width":1920,"medium-height":500,"medium_large":"https:\/\/natus.com\/wp-content\/uploads\/neuro-products-hero-768x200.jpg","medium_large-width":768,"medium_large-height":200,"large":"https:\/\/natus.com\/wp-content\/uploads\/neuro-products-hero.jpg","large-width":1920,"large-height":500,"1536x1536":"https:\/\/natus.com\/wp-content\/uploads\/neuro-products-hero-1536x400.jpg","1536x1536-width":1536,"1536x1536-height":400,"2048x2048":"https:\/\/natus.com\/wp-content\/uploads\/neuro-products-hero.jpg","2048x2048-width":1920,"2048x2048-height":500}},"h1":"\u00c9chographie Neuromusculaire","description":""}},{"acf_fc_layout":"intro","_acfe_flexible_toggle":"","intro_2_columns_landing":{"module_options":{"":null,"module_id":"n67e2fbea60a91","module_class":"","module_background_type":"color","module_background_color":"","module_background_image":false,"module_background_video":"","activate_custom_padding":false,"padding_top_desktop":0,"padding_top_tablet":"","padding_top_mobile":"","padding_bottom_desktop":"","padding_bottom_tablet":"","padding_bottom_mobile":"","activate_custom_margin":false,"margin_top_desktop":"","margin_top_tablet":"","margin_top_mobile":"","margin_bottom_desktop":"","margin_bottom_tablet":"","margin_bottom_mobile":"","disable_on":[],"content_alignment_desktop":"left","content_alignment_tablet":"left","content_alignment_mobile":"left"},"top_divider_colour":"","title":"Une image plus claire de l'\u00e9tat des patients","description":"Une \u00e9valuation pr\u00e9cise est essentielle pour diagnostiquer les neuropathies, les myopathies, les l\u00e9sions nerveuses et le syndrome du canal carpien. Les solutions d'\u00e9chographie neuromusculaire de Natus offrent aux cliniciens la clart\u00e9 et la pr\u00e9cision n\u00e9cessaires pour les \u00e9tudes de conduction nerveuse, les proc\u00e9dures guid\u00e9es par EMG et l'\u00e9chographie musculo-squelettique (MSK), fournissant des informations en temps r\u00e9el qui soutiennent une prise de d\u00e9cision confiante.<br \/>\r\n<br \/>\r\nChez Natus, nous nous engageons \u00e0 faire progresser les soins neuromusculaires gr\u00e2ce \u00e0 des solutions innovantes qui permettent aux cliniciens de fournir des soins de la plus haute qualit\u00e9 aux patients. Nos solutions NMUS s'int\u00e8grent parfaitement dans la pratique clinique, contribuant \u00e0 acc\u00e9l\u00e9rer le diagnostic, am\u00e9liorer le confort du patient et optimiser la planification du traitement. De l'exactitude du diagnostic \u00e0 l'efficacit\u00e9 des flux de travail, la technologie d'\u00e9chographie neuromusculaire de Natus offre des performances fiables pour des diagnostics s\u00fbrs."}},{"acf_fc_layout":"product_tiles","_acfe_flexible_toggle":"","neuro_product_tiles":{"module_options":{"":null,"module_id":"n6514e62cbad6b","module_class":"","module_background_type":"color","module_background_color":"","module_background_image":false,"module_background_video":"","activate_custom_padding":false,"padding_top_desktop":0,"padding_top_tablet":"","padding_top_mobile":"","padding_bottom_desktop":"","padding_bottom_tablet":"","padding_bottom_mobile":"","activate_custom_margin":false,"margin_top_desktop":"","margin_top_tablet":"","margin_top_mobile":"","margin_bottom_desktop":"","margin_bottom_tablet":"","margin_bottom_mobile":"","disable_on":[],"content_alignment_desktop":"left","content_alignment_tablet":"left","content_alignment_mobile":"left"},"products":[{"category_title":"","subcategories":[{"subcategory_title":"\u00c9chographie Neuromusculaire","subcategory_products":[{"label":"","image":{"ID":18614,"id":18614,"title":"Invisus Pro Related Product Image 500x400","filename":"Invisus-Pro-Related-Product-Image-500x400-1.png","filesize":89986,"url":"https:\/\/natus.com\/wp-content\/uploads\/Invisus-Pro-Related-Product-Image-500x400-1.png","link":"https:\/\/natus.com\/fr\/neuro\/emg\/echographie-neuromusculaire\/invisus-pro-related-product-image-500x400-2\/","alt":"Invisus Pro","author":"2","description":"","caption":"","name":"invisus-pro-related-product-image-500x400-2","status":"inherit","uploaded_to":12664,"date":"2024-01-26 16:40:58","modified":"2024-07-30 17:26:58","menu_order":0,"mime_type":"image\/png","type":"image","subtype":"png","icon":"https:\/\/natus.com\/wp-includes\/images\/media\/default.png","width":500,"height":400,"sizes":{"thumbnail":"https:\/\/natus.com\/wp-content\/uploads\/Invisus-Pro-Related-Product-Image-500x400-1.png","thumbnail-width":120,"thumbnail-height":96,"medium":"https:\/\/natus.com\/wp-content\/uploads\/Invisus-Pro-Related-Product-Image-500x400-1.png","medium-width":500,"medium-height":400,"medium_large":"https:\/\/natus.com\/wp-content\/uploads\/Invisus-Pro-Related-Product-Image-500x400-1.png","medium_large-width":500,"medium_large-height":400,"large":"https:\/\/natus.com\/wp-content\/uploads\/Invisus-Pro-Related-Product-Image-500x400-1.png","large-width":500,"large-height":400,"1536x1536":"https:\/\/natus.com\/wp-content\/uploads\/Invisus-Pro-Related-Product-Image-500x400-1.png","1536x1536-width":500,"1536x1536-height":400,"2048x2048":"https:\/\/natus.com\/wp-content\/uploads\/Invisus-Pro-Related-Product-Image-500x400-1.png","2048x2048-width":500,"2048x2048-height":400}},"title":"\u00c9chographie neuromusculaire InVisus\u00ae Pro","link":{"type":"post","value":"19153","url":"https:\/\/natus.com\/fr\/neuro\/echographie-neuromusculaire-invisus-pro\/","name":"\u00c9chographie neuromusculaire InVisus Pro","title":"En Savoir Plus","target":""}}]}]}]}},{"acf_fc_layout":"contact","_acfe_flexible_layout_title":"Education","_acfe_flexible_toggle":"","left_image_right_content_single_cta_landing":{"module_options":{"":null,"module_id":"n64e942b4323a5","module_class":"","module_background_type":"color","module_background_color":"","module_background_image":false,"module_background_video":"","activate_custom_padding":false,"padding_top_desktop":"0","padding_top_tablet":"0","padding_top_mobile":"0","padding_bottom_desktop":"0","padding_bottom_tablet":"0","padding_bottom_mobile":"0","activate_custom_margin":false,"margin_top_desktop":"0","margin_top_tablet":"0","margin_top_mobile":"0","margin_bottom_desktop":"0","margin_bottom_tablet":"0","margin_bottom_mobile":"0","disable_on":[],"content_alignment_desktop":"left","content_alignment_tablet":"left","content_alignment_mobile":"left"},"":null,"image":{"ID":3844,"id":3844,"title":"NTA banner_800x450","filename":"NTA-banner_800x450.png","filesize":390422,"url":"https:\/\/natus.com\/wp-content\/uploads\/NTA-banner_800x450.png","link":"https:\/\/natus.com\/fr\/neuro\/eeg-aeeg\/nta-banner_800x450-2\/","alt":"NTA Banner image","author":"2","description":"","caption":"","name":"nta-banner_800x450-2","status":"inherit","uploaded_to":12084,"date":"2023-09-13 17:16:26","modified":"2024-07-29 20:42:14","menu_order":0,"mime_type":"image\/png","type":"image","subtype":"png","icon":"https:\/\/natus.com\/wp-includes\/images\/media\/default.png","width":800,"height":450,"sizes":{"thumbnail":"https:\/\/natus.com\/wp-content\/uploads\/NTA-banner_800x450.png","thumbnail-width":128,"thumbnail-height":72,"medium":"https:\/\/natus.com\/wp-content\/uploads\/NTA-banner_800x450.png","medium-width":800,"medium-height":450,"medium_large":"https:\/\/natus.com\/wp-content\/uploads\/NTA-banner_800x450-768x432.png","medium_large-width":768,"medium_large-height":432,"large":"https:\/\/natus.com\/wp-content\/uploads\/NTA-banner_800x450.png","large-width":800,"large-height":450,"1536x1536":"https:\/\/natus.com\/wp-content\/uploads\/NTA-banner_800x450.png","1536x1536-width":800,"1536x1536-height":450,"2048x2048":"https:\/\/natus.com\/wp-content\/uploads\/NTA-banner_800x450.png","2048x2048-width":800,"2048x2048-height":450}},"activate_image_caption":false,"image_caption_icon":false,"image_caption_title":"","image_caption_description":"","label":"Connaissances","title":"Neuro Training Academy","description":"<p>Si vous souhaitez approfondir vos connaissances cliniques, am\u00e9liorer vos comp\u00e9tences ou tirer le meilleur parti de vos solutions neurologiques Natus, d\u00e9couvrez les ressources de notre Acad\u00e9mie de formation en neurologie. Prenez connaissance des derniers d\u00e9veloppements scientifiques et technologiques aupr\u00e8s des leaders du domaine afin de faire la diff\u00e9rence pour vos patients.<\/p>\n","link":{"type":"url","value":"https:\/\/neuro-training.academy","url":"https:\/\/neuro-training.academy","name":"https:\/\/neuro-training.academy","title":"En Savoir Plus","target":"_blank"}}},{"acf_fc_layout":"contact","_acfe_flexible_toggle":"","left_image_right_content_single_cta_landing":{"module_options":{"":null,"module_id":"n64e942b43af35","module_class":"","module_background_type":"color","module_background_color":"#f1f1f1","module_background_image":false,"module_background_video":"","activate_custom_padding":false,"padding_top_desktop":0,"padding_top_tablet":"","padding_top_mobile":"","padding_bottom_desktop":"","padding_bottom_tablet":"","padding_bottom_mobile":"","activate_custom_margin":false,"margin_top_desktop":"","margin_top_tablet":"","margin_top_mobile":"","margin_bottom_desktop":"","margin_bottom_tablet":"","margin_bottom_mobile":"","disable_on":[],"content_alignment_desktop":"left","content_alignment_tablet":"left","content_alignment_mobile":"left"},"":null,"image":{"ID":4238,"id":4238,"title":"Contact Us 800x450","filename":"Contact-Us-800x450-1.png","filesize":437541,"url":"https:\/\/natus.com\/wp-content\/uploads\/Contact-Us-800x450-1.png","link":"https:\/\/natus.com\/fr\/neuro\/contact-us-800x450-2\/","alt":"Shaking Hands - Contact Us","author":"2","description":"","caption":"","name":"contact-us-800x450-2","status":"inherit","uploaded_to":10461,"date":"2023-09-14 17:35:31","modified":"2024-07-29 20:33:28","menu_order":0,"mime_type":"image\/png","type":"image","subtype":"png","icon":"https:\/\/natus.com\/wp-includes\/images\/media\/default.png","width":800,"height":450,"sizes":{"thumbnail":"https:\/\/natus.com\/wp-content\/uploads\/Contact-Us-800x450-1.png","thumbnail-width":128,"thumbnail-height":72,"medium":"https:\/\/natus.com\/wp-content\/uploads\/Contact-Us-800x450-1.png","medium-width":800,"medium-height":450,"medium_large":"https:\/\/natus.com\/wp-content\/uploads\/Contact-Us-800x450-1-768x432.png","medium_large-width":768,"medium_large-height":432,"large":"https:\/\/natus.com\/wp-content\/uploads\/Contact-Us-800x450-1.png","large-width":800,"large-height":450,"1536x1536":"https:\/\/natus.com\/wp-content\/uploads\/Contact-Us-800x450-1.png","1536x1536-width":800,"1536x1536-height":450,"2048x2048":"https:\/\/natus.com\/wp-content\/uploads\/Contact-Us-800x450-1.png","2048x2048-width":800,"2048x2048-height":450}},"activate_image_caption":false,"image_caption_icon":false,"image_caption_title":"","image_caption_description":"","label":"Contactez votre repr\u00e9sentant Natus","title":"Vous \u00eates pr\u00eat \u00e0 commencer votre parcours avec Natus?","description":"<p>Pour en savoir plus sur l\u2019une de nos solutions neurologiques de pointe ou sur la fa\u00e7on dont nous pouvons vous aider \u00e0 am\u00e9liorer vos capacit\u00e9s en mati\u00e8re de soins, contactez un repr\u00e9sentant Natus.<\/p>\n","link":{"type":"post","value":"8336","url":"https:\/\/natus.com\/fr\/sites\/","name":"Sites","title":"Nous contacter","target":""}}}]},"_links":{"self":[{"href":"https:\/\/natus.com\/fr\/wp-json\/wp\/v2\/pages\/12664","targetHints":{"allow":["GET"]}}],"collection":[{"href":"https:\/\/natus.com\/fr\/wp-json\/wp\/v2\/pages"}],"about":[{"href":"https:\/\/natus.com\/fr\/wp-json\/wp\/v2\/types\/page"}],"author":[{"embeddable":true,"href":"https:\/\/natus.com\/fr\/wp-json\/wp\/v2\/users\/3"}],"replies":[{"embeddable":true,"href":"https:\/\/natus.com\/fr\/wp-json\/wp\/v2\/comments?post=12664"}],"version-history":[{"count":4,"href":"https:\/\/natus.com\/fr\/wp-json\/wp\/v2\/pages\/12664\/revisions"}],"predecessor-version":[{"id":24191,"href":"https:\/\/natus.com\/fr\/wp-json\/wp\/v2\/pages\/12664\/revisions\/24191"}],"up":[{"embeddable":true,"href":"https:\/\/natus.com\/fr\/wp-json\/wp\/v2\/pages\/9285"}],"wp:attachment":[{"href":"https:\/\/natus.com\/fr\/wp-json\/wp\/v2\/media?parent=12664"}],"wp:term":[{"taxonomy":"category","embeddable":true,"href":"https:\/\/natus.com\/fr\/wp-json\/wp\/v2\/categories?post=12664"},{"taxonomy":"post_tag","embeddable":true,"href":"https:\/\/natus.com\/fr\/wp-json\/wp\/v2\/tags?post=12664"}],"curies":[{"name":"wp","href":"https:\/\/api.w.org\/{rel}","templated":true}]}}