{"id":12768,"date":"2023-09-22T20:22:36","date_gmt":"2023-09-22T20:22:36","guid":{"rendered":"https:\/\/natus.com\/weee-statement\/"},"modified":"2024-12-26T19:25:38","modified_gmt":"2024-12-26T19:25:38","slug":"directive-deee","status":"publish","type":"page","link":"https:\/\/natus.com\/fr\/directive-deee\/","title":{"rendered":"Directive DEEE"},"content":{"rendered":"","protected":false},"excerpt":{"rendered":"","protected":false},"author":3,"featured_media":0,"parent":0,"menu_order":0,"comment_status":"closed","ping_status":"closed","template":"","meta":{"_acf_changed":false,"footnotes":""},"categories":[],"tags":[],"class_list":["post-12768","page","type-page","status-publish","hentry"],"acf":{"content_blocks":[{"acf_fc_layout":"hero1","_acfe_flexible_toggle":"","hero_locations":{"unique_id":"n6511a22557b37","background":{"ID":927,"id":927,"title":"locations-hero","filename":"locations-hero.jpg","filesize":249977,"url":"https:\/\/natus.com\/wp-content\/uploads\/locations-hero.jpg","link":"https:\/\/natus.com\/fr\/sites\/locations-hero-2\/","alt":"","author":"1","description":"","caption":"","name":"locations-hero-2","status":"inherit","uploaded_to":8336,"date":"2023-07-30 10:59:34","modified":"2023-09-21 15:29:51","menu_order":0,"mime_type":"image\/jpeg","type":"image","subtype":"jpeg","icon":"https:\/\/natus.com\/wp-includes\/images\/media\/default.png","width":1920,"height":500,"sizes":{"thumbnail":"https:\/\/natus.com\/wp-content\/uploads\/locations-hero.jpg","thumbnail-width":128,"thumbnail-height":33,"medium":"https:\/\/natus.com\/wp-content\/uploads\/locations-hero.jpg","medium-width":1920,"medium-height":500,"medium_large":"https:\/\/natus.com\/wp-content\/uploads\/locations-hero-768x200.jpg","medium_large-width":768,"medium_large-height":200,"large":"https:\/\/natus.com\/wp-content\/uploads\/locations-hero.jpg","large-width":1920,"large-height":500,"1536x1536":"https:\/\/natus.com\/wp-content\/uploads\/locations-hero-1536x400.jpg","1536x1536-width":1536,"1536x1536-height":400,"2048x2048":"https:\/\/natus.com\/wp-content\/uploads\/locations-hero.jpg","2048x2048-width":1920,"2048x2048-height":500}},"h1":"Directive DEEE","description":""}},{"acf_fc_layout":"spacer","_acfe_flexible_toggle":"","spacer":{"module_options":{"":null,"module_id":"n6514a4f9b141d","module_class":"","module_background_type":"color","module_background_color":"#f1f1f1","module_background_image":false,"module_background_video":"","activate_custom_padding":false,"padding_top_desktop":"0","padding_top_tablet":"0","padding_top_mobile":"0","padding_bottom_desktop":"0","padding_bottom_tablet":"0","padding_bottom_mobile":"0","activate_custom_margin":false,"margin_top_desktop":"0","margin_top_tablet":"0","margin_top_mobile":"0","margin_bottom_desktop":"0","margin_bottom_tablet":"0","margin_bottom_mobile":"0","disable_on":[],"content_alignment_desktop":"left","content_alignment_tablet":"left","content_alignment_mobile":"left"},"height":"20"}},{"acf_fc_layout":"divider","_acfe_flexible_toggle":"","divider":{"module_options":{"":null,"module_id":"n6514a4f9b6de0","module_class":"","module_background_type":"color","module_background_color":"#f1f1f1","module_background_image":false,"module_background_video":"","activate_custom_padding":false,"padding_top_desktop":"0","padding_top_tablet":"0","padding_top_mobile":"0","padding_bottom_desktop":"0","padding_bottom_tablet":"0","padding_bottom_mobile":"0","activate_custom_margin":false,"margin_top_desktop":"0","margin_top_tablet":"0","margin_top_mobile":"0","margin_bottom_desktop":"-50","margin_bottom_tablet":"0","margin_bottom_mobile":"0","disable_on":[],"content_alignment_desktop":"left","content_alignment_tablet":"left","content_alignment_mobile":"left"},"color":"#00aaa7","height":"12"}},{"acf_fc_layout":"simple_content","_acfe_flexible_toggle":"","content_full_width_landing":{"module_options":{"":null,"module_id":"n6514a45e97e73","module_class":"","module_background_type":"color","module_background_color":"","module_background_image":false,"module_background_video":"","activate_custom_padding":false,"padding_top_desktop":"0","padding_top_tablet":"0","padding_top_mobile":"0","padding_bottom_desktop":"0","padding_bottom_tablet":"0","padding_bottom_mobile":"0","activate_custom_margin":false,"margin_top_desktop":"0","margin_top_tablet":"0","margin_top_mobile":"0","margin_bottom_desktop":"0","margin_bottom_tablet":"0","margin_bottom_mobile":"0","disable_on":[],"content_alignment_desktop":"left","content_alignment_tablet":"left","content_alignment_mobile":"left"},"content":"<h2>Engagement Environnemental<\/h2>\n<p>&nbsp;<\/p>\n<h3>D\u00e9chets<\/h3>\n<p>Natus s\u2019engage \u00e0 participer \u00e0 ou \u00e0 d\u00e9velopper des initiatives destin\u00e9es \u00e0 limiter les d\u00e9chets.<\/p>\n<p>&nbsp;<\/p>\n<p>&nbsp;<\/p>\n<h3>Directive europ\u00e9enne DEEE<\/h3>\n<p>L&rsquo;Union europ\u00e9enne (UE) a d\u00e9velopp\u00e9 la directive DEEE (D\u00e9chets d\u2019\u00e9quipements \u00e9lectrique et \u00e9lectroniques) pour garantir que des syst\u00e8mes de ramassage, de traitement et de recyclage des d\u00e9chets \u00e9lectroniques soient mis en place sur l\u2019ensemble de son territoire. Bien que la directive DEEE s\u2019applique \u00e0 la plupart des produits de Natus, elle ne s\u2019applique pas aux appareils m\u00e9dicaux qui sont susceptibles d\u2019\u00eatre infectieux avant la fin de leur vie utile, ni aux dispositifs m\u00e9dicaux implantables. L\u2019exclusion de la directive DEEE ne s\u2019applique qu\u2019aux accessoires et appareils m\u00e9dicaux \u00e0 usage unique (comme les aiguilles, les cath\u00e9ters, les \u00e9lectrodes adh\u00e9sives et les ceintures jetables utilis\u00e9es dans les \u00e9tudes de sommeil), lesquels sont susceptibles d\u2019\u00eatre infect\u00e9s avant la fin de leur vie utile et sont ramass\u00e9s et trait\u00e9s comme d\u00e9chets bio-dangereux et infectieux (d\u00e9chets m\u00e9dicaux).<\/p>\n<p>Vous trouverez des informations d\u00e9taill\u00e9es sur le directive DEEE de la Commission europ\u00e9enne\u00a0<a href=\"https:\/\/environment.ec.europa.eu\/topics\/waste-and-recycling\/waste-electrical-and-electronic-equipment-weee_en\" target=\"_blank\" rel=\"noopener nofollow\">ici.<\/a><\/p>\n<p>&nbsp;<\/p>\n<p>&nbsp;<\/p>\n<h3>Position de Natus sur la directive DEEE<\/h3>\n<p>Natus s\u2019engage \u00e0 respecter les exigences de la directive DEEE. Cette directive exige que les fabricants d\u2019\u00e9quipements \u00e9lectriques et \u00e9lectroniques qui vendent leurs produits dans des pays de l\u2019UE apposent sur leurs produits des \u00e9tiquettes sp\u00e9cifiant comment les \u00e9liminer et qu&rsquo;ils encouragent leurs clients \u00e0 recycler ces \u00e9quipements de mani\u00e8re ad\u00e9quate \u00e0 la fin de leur vie utile.<\/p>\n<p>Natus met actuellement en \u0153uvre un processus dans chaque \u00c9tat membre o\u00f9 l&rsquo;entreprise est pr\u00e9sente et rejoindra un syst\u00e8me de conformit\u00e9 national ou un autre syst\u00e8me de conformit\u00e9 autoris\u00e9 pour ce pays.<\/p>\n<p>Des informations \u00e0 ce sujet seront publi\u00e9es prochainement sur cette page Web. En attendant, n\u2019h\u00e9sitez pas \u00e0 nous contacter si vous avez des questions ou avez besoin d\u2019informations suppl\u00e9mentaires.<\/p>\n<p>&nbsp;<\/p>\n<p>&nbsp;<\/p>\n<h3>Instructions pour l\u2019\u00e9limination des d\u00e9chets d\u2019\u00e9quipements<\/h3>\n<p>Lorsqu\u2019ils ne sont pas \u00e9limin\u00e9s comme il se doit, les \u00e9quipements \u00e9lectriques et \u00e9lectroniques (EEE) contiennent des mati\u00e8res, des composants et des substances qui peuvent \u00eatre dangereux pour la sant\u00e9 humaine et pour l\u2019environnement. En cons\u00e9quence, les utilisateurs finaux ont un r\u00f4le \u00e0 jouer pour assurer que les DEEE sont r\u00e9utilis\u00e9s et recycl\u00e9s en toute s\u00e9curit\u00e9. Les utilisateurs de produits \u00e9lectriques et \u00e9lectroniques ne doivent pas jeter les DEEE avec les autres d\u00e9chets. Les utilisateurs doivent utiliser les syst\u00e8mes de collecte municipaux, faire appel \u00e0 l&rsquo;obligation de reprise des producteurs\/importateurs ou utiliser les soci\u00e9t\u00e9s de transport de d\u00e9chets agr\u00e9\u00e9es pour r\u00e9duire les impacts environnementaux n\u00e9gatifs li\u00e9s \u00e0 l&rsquo;\u00e9limination des d\u00e9chets d&rsquo;\u00e9quipements \u00e9lectriques et \u00e9lectroniques et pour augmenter les opportunit\u00e9s de r\u00e9utilisation, de recyclage et de r\u00e9cup\u00e9ration des d\u00e9chets d&rsquo;\u00e9quipements \u00e9lectriques et \u00e9lectroniques.<\/p>\n<p>&nbsp;<\/p>\n<p>&nbsp;<\/p>\n<p>Electrical and electronic equipment (EEE) contains materials, components and substances that may be hazardous and present a risk to human health and the environment when WEEE is not handled correctly. Therefore, end users also have a role to play in ensuring that WEEE is reused and recycled safely. Users of electrical and electronic equipment must not discard WEEE together with other wastes. Users must use the municipal collection schemes or the producer\/importers take-back obligation or licensed waste carriers to reduce adverse environmental impacts in connection with disposal of waste electrical and electronic equipment and to increase opportunities for reuse, recycling and recovery of waste electrical and electronic equipment.<\/p>\n<p>Les \u00e9quipements marqu\u00e9s d\u2019un pictogramme de poubelle roulante barr\u00e9e en rouge sont des d\u00e9chets d\u2019\u00e9quipements \u00e9lectriques et \u00e9lectroniques (DEEE). Le pictogramme de poubelle roulante barr\u00e9e indique que les \u00e9quipements \u00e9lectriques et \u00e9lectroniques ne doivent pas \u00eatre \u00e9limin\u00e9s dans les ordures m\u00e9nag\u00e8res et qu&rsquo;ils doivent \u00eatre ramass\u00e9s s\u00e9par\u00e9ment.<\/p>\n<p>&nbsp;<\/p>\n<p>N\u2019h\u00e9sitez pas \u00e0 nous contacter en nous \u00e9crivant \u00e0 l&rsquo;adresse\u00a0<a class=\"mailto\" href=\"mailto:Blanca.Maldonado@natus.com\" data-extlink=\"\">Blanca.Maldonado@natus.com<\/a>\u00a0si vous avez des questions ou pour obtenir des informations compl\u00e9mentaires.<\/p>\n"}}]},"_links":{"self":[{"href":"https:\/\/natus.com\/fr\/wp-json\/wp\/v2\/pages\/12768","targetHints":{"allow":["GET"]}}],"collection":[{"href":"https:\/\/natus.com\/fr\/wp-json\/wp\/v2\/pages"}],"about":[{"href":"https:\/\/natus.com\/fr\/wp-json\/wp\/v2\/types\/page"}],"author":[{"embeddable":true,"href":"https:\/\/natus.com\/fr\/wp-json\/wp\/v2\/users\/3"}],"replies":[{"embeddable":true,"href":"https:\/\/natus.com\/fr\/wp-json\/wp\/v2\/comments?post=12768"}],"version-history":[{"count":4,"href":"https:\/\/natus.com\/fr\/wp-json\/wp\/v2\/pages\/12768\/revisions"}],"predecessor-version":[{"id":22069,"href":"https:\/\/natus.com\/fr\/wp-json\/wp\/v2\/pages\/12768\/revisions\/22069"}],"wp:attachment":[{"href":"https:\/\/natus.com\/fr\/wp-json\/wp\/v2\/media?parent=12768"}],"wp:term":[{"taxonomy":"category","embeddable":true,"href":"https:\/\/natus.com\/fr\/wp-json\/wp\/v2\/categories?post=12768"},{"taxonomy":"post_tag","embeddable":true,"href":"https:\/\/natus.com\/fr\/wp-json\/wp\/v2\/tags?post=12768"}],"curies":[{"name":"wp","href":"https:\/\/api.w.org\/{rel}","templated":true}]}}