{"id":1582,"date":"2023-05-05T11:12:33","date_gmt":"2023-05-05T11:12:33","guid":{"rendered":"https:\/\/natus.com\/home\/"},"modified":"2025-09-22T11:14:11","modified_gmt":"2025-09-22T11:14:11","slug":"home","status":"publish","type":"page","link":"https:\/\/natus.com\/fr\/","title":{"rendered":"Home"},"content":{"rendered":"","protected":false},"excerpt":{"rendered":"","protected":false},"author":1,"featured_media":0,"parent":0,"menu_order":0,"comment_status":"closed","ping_status":"open","template":"templates\/page-home.php","meta":{"_acf_changed":false,"footnotes":""},"categories":[],"tags":[],"class_list":["post-1582","page","type-page","status-publish","hentry"],"acf":{"content_blocks":[{"acf_fc_layout":"hero","_acfe_flexible_layout_title":"Hero Home","_acfe_flexible_toggle":"","hero_home":{"unique_id":"n64de2afc9cb04","background_type":"video","background_image":{"ID":180,"id":180,"title":"home-hero-bg-v1","filename":"home-hero-bg-v1.jpg","filesize":236063,"url":"https:\/\/natus.com\/wp-content\/uploads\/home-hero-bg-v1.jpg","link":"https:\/\/natus.com\/fr\/home\/home-hero-bg-v1-2\/","alt":"Eye Imaging","author":"1","description":"","caption":"","name":"home-hero-bg-v1-2","status":"inherit","uploaded_to":1582,"date":"2023-06-12 12:42:35","modified":"2024-07-26 15:07:53","menu_order":0,"mime_type":"image\/jpeg","type":"image","subtype":"jpeg","icon":"https:\/\/natus.com\/wp-includes\/images\/media\/default.png","width":1920,"height":1000,"sizes":{"thumbnail":"https:\/\/natus.com\/wp-content\/uploads\/home-hero-bg-v1.jpg","thumbnail-width":128,"thumbnail-height":67,"medium":"https:\/\/natus.com\/wp-content\/uploads\/home-hero-bg-v1.jpg","medium-width":1920,"medium-height":1000,"medium_large":"https:\/\/natus.com\/wp-content\/uploads\/home-hero-bg-v1-768x400.jpg","medium_large-width":768,"medium_large-height":400,"large":"https:\/\/natus.com\/wp-content\/uploads\/home-hero-bg-v1.jpg","large-width":1920,"large-height":1000,"1536x1536":"https:\/\/natus.com\/wp-content\/uploads\/home-hero-bg-v1-1536x800.jpg","1536x1536-width":1536,"1536x1536-height":800,"2048x2048":"https:\/\/natus.com\/wp-content\/uploads\/home-hero-bg-v1.jpg","2048x2048-width":1920,"2048x2048-height":1000}},"background_video":"https:\/\/player.vimeo.com\/progressive_redirect\/playback\/855423395\/rendition\/360p\/file.mp4?loc=external&log_user=0&signature=bbc13a86dfce78041c9b7815b77644156ec8c2c8f3f1603dfb1c6dc2ef49f8bf","h1":"Donner un sens  aux <br \/>\r\nsignaux du corps","description":"Nous simplifions les soins et la recherche <br \/>\r\nsur les syst\u00e8mes les plus complexes de l\u2019organisme,  afin <br \/>\r\nque vous puissiez vous concentrer sur la fourniture de <br \/>\r\nsoins de qualit\u00e9 sup\u00e9rieure \u00e0 vos patients.","links":[{"link":{"type":"post","value":"10461","url":"https:\/\/natus.com\/fr\/neuro\/","name":"Solutions Neuro","title":"Solutions Neuro","target":""},"arrow_color":"#154284"},{"link":{"type":"url","value":"https:\/\/natussensory.com\/fr\/","url":"https:\/\/natussensory.com\/fr\/","name":"https:\/\/natussensory.com\/fr\/","title":"Sensory website","target":"_blank"},"arrow_color":"#f0b21c"}]}},{"acf_fc_layout":"intro","_acfe_flexible_toggle":"","intro_2_columns_home":{"module_options":{"":null,"module_id":"n6514d54c1602b","module_class":"","module_background_type":"color","module_background_color":"","module_background_image":false,"module_background_video":"","activate_custom_padding":false,"padding_top_desktop":"0","padding_top_tablet":"0","padding_top_mobile":"0","padding_bottom_desktop":"0","padding_bottom_tablet":"0","padding_bottom_mobile":"0","activate_custom_margin":false,"margin_top_desktop":"0","margin_top_tablet":"0","margin_top_mobile":"0","margin_bottom_desktop":"0","margin_bottom_tablet":"0","margin_bottom_mobile":"0","disable_on":[],"content_alignment_desktop":"left","content_alignment_tablet":"left","content_alignment_mobile":"left"},"unique_id":"not-in-use","h2":"Les meilleures solutions<br \/>\r\nm\u00e8nent \u00e0 de vraies r\u00e9ponses <br \/>\r\n","links":[{"link_colour":"#154284","label":"Neuro","description":"Diagnostiquer et traiter <br \/>\r\nles affections c\u00e9r\u00e9brales,<br \/>\r\nnerveuses et musculaires. <br \/>\r\n","link":{"type":"post","value":"10461","url":"https:\/\/natus.com\/fr\/neuro\/","name":"Solutions Neuro","title":"En savoir plus","target":""}},{"link_colour":"#f0b21c","label":"Sensory","description":"\u00c9valuer les dysfonctionnements <br \/>\r\ndes yeux, des oreilles et<br \/>\r\nde l\u2019\u00e9quilibre, et y rem\u00e9dier.","link":{"type":"url","value":"https:\/\/natussensory.com\/fr\/","url":"https:\/\/natussensory.com\/fr\/","name":"https:\/\/natussensory.com\/fr\/","title":"Visitez natussensory.com","target":"_blank"}}]}},{"acf_fc_layout":"solutions_slider","_acfe_flexible_toggle":"","slider_home_with_links":{"module_options":{"":null,"module_id":"n6514d54e2f32f","module_class":"","module_background_type":"color","module_background_color":"","module_background_image":false,"module_background_video":"","activate_custom_padding":false,"padding_top_desktop":"0","padding_top_tablet":"0","padding_top_mobile":"0","padding_bottom_desktop":"0","padding_bottom_tablet":"0","padding_bottom_mobile":"0","activate_custom_margin":false,"margin_top_desktop":"0","margin_top_tablet":"0","margin_top_mobile":"0","margin_bottom_desktop":"0","margin_bottom_tablet":"0","margin_bottom_mobile":"0","disable_on":[],"content_alignment_desktop":"left","content_alignment_tablet":"left","content_alignment_mobile":"left"},"autoplay":"true","autoplay_interval":"2500","slider":[{"slide_type":"video","image":false,"video":"https:\/\/player.vimeo.com\/progressive_redirect\/playback\/859047259\/rendition\/1080p\/file.mp4?loc=external&log_user=0&signature=d0008be80ad4438e24c97a6adebf08839ad42dc7e08f8e39b2d50d9ddd2f6e9f","title":"Des solutions pour relever les d\u00e9fis auxquels vous \u00eates confront\u00e9s ","description":"<p>Nous sommes encourag\u00e9s par les r\u00e9sultats positifs obtenus par les patients et nous nous engageons \u00e0 aider les prestataires de soins de sant\u00e9 du monde. Depuis plus de 80 ans, Natus propose une technologie de pointe, un service expert et une formation sp\u00e9cialis\u00e9e qui font toute la diff\u00e9rence dans la vie du personnel soignant et des patients.<\/p>\n","links":[{"link":{"type":"post","value":"8330","url":"https:\/\/natus.com\/fr\/produits-neuro\/","name":"Produits Neuro","title":"Produits Neuro","target":""}},{"link":{"type":"url","value":"https:\/\/natussensory.com\/fr\/","url":"https:\/\/natussensory.com\/fr\/","name":"https:\/\/natussensory.com\/fr\/","title":"Sensory website","target":"_blank"}},{"link":{"type":"post","value":"8358","url":"https:\/\/natus.com\/fr\/assistance\/","name":"Service et Assistance","title":"Service et Assistance","target":""}},{"link":{"type":"post","value":"11301","url":"https:\/\/natus.com\/fr\/connaissances\/","name":"Connaissances","title":"Connaissances","target":""}}],"interval":""},{"slide_type":"video","image":{"ID":180,"id":180,"title":"home-hero-bg-v1","filename":"home-hero-bg-v1.jpg","filesize":236063,"url":"https:\/\/natus.com\/wp-content\/uploads\/home-hero-bg-v1.jpg","link":"https:\/\/natus.com\/fr\/home\/home-hero-bg-v1-2\/","alt":"Eye Imaging","author":"1","description":"","caption":"","name":"home-hero-bg-v1-2","status":"inherit","uploaded_to":1582,"date":"2023-06-12 12:42:35","modified":"2024-07-26 15:07:53","menu_order":0,"mime_type":"image\/jpeg","type":"image","subtype":"jpeg","icon":"https:\/\/natus.com\/wp-includes\/images\/media\/default.png","width":1920,"height":1000,"sizes":{"thumbnail":"https:\/\/natus.com\/wp-content\/uploads\/home-hero-bg-v1.jpg","thumbnail-width":128,"thumbnail-height":67,"medium":"https:\/\/natus.com\/wp-content\/uploads\/home-hero-bg-v1.jpg","medium-width":1920,"medium-height":1000,"medium_large":"https:\/\/natus.com\/wp-content\/uploads\/home-hero-bg-v1-768x400.jpg","medium_large-width":768,"medium_large-height":400,"large":"https:\/\/natus.com\/wp-content\/uploads\/home-hero-bg-v1.jpg","large-width":1920,"large-height":1000,"1536x1536":"https:\/\/natus.com\/wp-content\/uploads\/home-hero-bg-v1-1536x800.jpg","1536x1536-width":1536,"1536x1536-height":800,"2048x2048":"https:\/\/natus.com\/wp-content\/uploads\/home-hero-bg-v1.jpg","2048x2048-width":1920,"2048x2048-height":1000}},"video":"https:\/\/player.vimeo.com\/progressive_redirect\/playback\/859047259\/rendition\/1080p\/file.mp4?loc=external&log_user=0&signature=d0008be80ad4438e24c97a6adebf08839ad42dc7e08f8e39b2d50d9ddd2f6e9f","title":"Produits","description":"<p>Nous donnons la priorit\u00e9 aux cliniciens dans l\u2019\u00e9tude et le d\u00e9veloppement de chaque solution que nous fournissons. Nous proposons des solutions innovantes et fiables pour d\u00e9pister, diagnostiquer et traiter les troubles affectant le cerveau, les voies neuronales et les huit syst\u00e8mes nerveux sensoriels.<\/p>\n","links":[{"link":{"type":"post","value":"10461","url":"https:\/\/natus.com\/fr\/neuro\/","name":"Solutions Neuro","title":"Solutions Neuro","target":""}},{"link":{"type":"url","value":"https:\/\/natussensory.com\/fr\/","url":"https:\/\/natussensory.com\/fr\/","name":"https:\/\/natussensory.com\/fr\/","title":"Sensory website","target":"_blank"}}],"interval":""},{"slide_type":"video","image":{"ID":180,"id":180,"title":"home-hero-bg-v1","filename":"home-hero-bg-v1.jpg","filesize":236063,"url":"https:\/\/natus.com\/wp-content\/uploads\/home-hero-bg-v1.jpg","link":"https:\/\/natus.com\/fr\/home\/home-hero-bg-v1-2\/","alt":"Eye Imaging","author":"1","description":"","caption":"","name":"home-hero-bg-v1-2","status":"inherit","uploaded_to":1582,"date":"2023-06-12 12:42:35","modified":"2024-07-26 15:07:53","menu_order":0,"mime_type":"image\/jpeg","type":"image","subtype":"jpeg","icon":"https:\/\/natus.com\/wp-includes\/images\/media\/default.png","width":1920,"height":1000,"sizes":{"thumbnail":"https:\/\/natus.com\/wp-content\/uploads\/home-hero-bg-v1.jpg","thumbnail-width":128,"thumbnail-height":67,"medium":"https:\/\/natus.com\/wp-content\/uploads\/home-hero-bg-v1.jpg","medium-width":1920,"medium-height":1000,"medium_large":"https:\/\/natus.com\/wp-content\/uploads\/home-hero-bg-v1-768x400.jpg","medium_large-width":768,"medium_large-height":400,"large":"https:\/\/natus.com\/wp-content\/uploads\/home-hero-bg-v1.jpg","large-width":1920,"large-height":1000,"1536x1536":"https:\/\/natus.com\/wp-content\/uploads\/home-hero-bg-v1-1536x800.jpg","1536x1536-width":1536,"1536x1536-height":800,"2048x2048":"https:\/\/natus.com\/wp-content\/uploads\/home-hero-bg-v1.jpg","2048x2048-width":1920,"2048x2048-height":1000}},"video":"https:\/\/player.vimeo.com\/progressive_redirect\/playback\/859047259\/rendition\/1080p\/file.mp4?loc=external&log_user=0&signature=d0008be80ad4438e24c97a6adebf08839ad42dc7e08f8e39b2d50d9ddd2f6e9f","title":"Service et Assistance","description":"<p>Nous nous engageons \u00e0 fournir un service incomparable pour garantir une exp\u00e9rience sans faille, tout en aidant nos partenaires \u00e0 dispenser des soins de la plus haute qualit\u00e9 et \u00e0 obtenir les meilleurs r\u00e9sultats possibles pour les patients.<\/p>\n","links":[{"link":{"type":"post","value":"8358","url":"https:\/\/natus.com\/fr\/assistance\/","name":"Service et Assistance","title":"Service et Assistance","target":""}}],"interval":""},{"slide_type":"video","image":{"ID":180,"id":180,"title":"home-hero-bg-v1","filename":"home-hero-bg-v1.jpg","filesize":236063,"url":"https:\/\/natus.com\/wp-content\/uploads\/home-hero-bg-v1.jpg","link":"https:\/\/natus.com\/fr\/home\/home-hero-bg-v1-2\/","alt":"Eye Imaging","author":"1","description":"","caption":"","name":"home-hero-bg-v1-2","status":"inherit","uploaded_to":1582,"date":"2023-06-12 12:42:35","modified":"2024-07-26 15:07:53","menu_order":0,"mime_type":"image\/jpeg","type":"image","subtype":"jpeg","icon":"https:\/\/natus.com\/wp-includes\/images\/media\/default.png","width":1920,"height":1000,"sizes":{"thumbnail":"https:\/\/natus.com\/wp-content\/uploads\/home-hero-bg-v1.jpg","thumbnail-width":128,"thumbnail-height":67,"medium":"https:\/\/natus.com\/wp-content\/uploads\/home-hero-bg-v1.jpg","medium-width":1920,"medium-height":1000,"medium_large":"https:\/\/natus.com\/wp-content\/uploads\/home-hero-bg-v1-768x400.jpg","medium_large-width":768,"medium_large-height":400,"large":"https:\/\/natus.com\/wp-content\/uploads\/home-hero-bg-v1.jpg","large-width":1920,"large-height":1000,"1536x1536":"https:\/\/natus.com\/wp-content\/uploads\/home-hero-bg-v1-1536x800.jpg","1536x1536-width":1536,"1536x1536-height":800,"2048x2048":"https:\/\/natus.com\/wp-content\/uploads\/home-hero-bg-v1.jpg","2048x2048-width":1920,"2048x2048-height":1000}},"video":"https:\/\/player.vimeo.com\/progressive_redirect\/playback\/859047259\/rendition\/1080p\/file.mp4?loc=external&log_user=0&signature=d0008be80ad4438e24c97a6adebf08839ad42dc7e08f8e39b2d50d9ddd2f6e9f","title":"Connaissances","description":"<p>Nous nous engageons \u00e0 aider les prestataires de soins de sant\u00e9 du monde entier de mani\u00e8re \u00e0 ce qu\u2019ils puissent obtenir avec certitude les meilleurs r\u00e9sultats possibles. Les acad\u00e9mies Natus fournissent des connaissances sp\u00e9cialis\u00e9es, une expertise clinique et une formation avanc\u00e9e, quel que soit votre r\u00f4le, o\u00f9 que vous travailliez.<\/p>\n","links":[{"link":{"type":"url","value":"https:\/\/neuro-training.academy","url":"https:\/\/neuro-training.academy","name":"https:\/\/neuro-training.academy","title":"Neuro Training Academy","target":"_blank"}}],"interval":""}]}},{"acf_fc_layout":"products_slider","_acfe_flexible_toggle":"","slider_with_thumbnail_navigation_landing":{"module_options":{"":null,"module_id":"n6514d55070576","module_class":"","module_background_type":"color","module_background_color":"","module_background_image":false,"module_background_video":"","activate_custom_padding":false,"padding_top_desktop":"0","padding_top_tablet":"0","padding_top_mobile":"0","padding_bottom_desktop":"0","padding_bottom_tablet":"0","padding_bottom_mobile":"0","activate_custom_margin":false,"margin_top_desktop":"0","margin_top_tablet":"0","margin_top_mobile":"0","margin_bottom_desktop":"0","margin_bottom_tablet":"0","margin_bottom_mobile":"0","disable_on":[],"content_alignment_desktop":"left","content_alignment_tablet":"left","content_alignment_mobile":"left"},"intro_text":"","intro_text_color":"","intro_link":null,"autoplay":"true","autoplay_interval":"2500","slider":[{"label":"Neuro","label_color":"#154284","title":"Syst\u00e8me de neurodiagnostic UltraPro\u00ae S100","description":"UltraPro S100 en combinant une grande convivialit\u00e9 des commandes et des workflows avec une qualit\u00e9 de signal sup\u00e9rieure pour apporter un degr\u00e9 de certitude sup\u00e9rieure aux tests neuromusculaires.","link":{"type":"post","value":"8376","url":"https:\/\/natus.com\/fr\/neuro\/ultrapro-s100\/","name":"Syst\u00e8me de neurodiagnostic UltraPro\u00ae S100 &#8211; EMG\/Conduction nerveuse\/PE","title":"EN SAVOIR PLUS sur UltraPro\u00ae S100","target":""},"image":{"ID":7548,"id":7548,"title":"UltraPro Product Feature Image","filename":"UltraPro-Product-Feature-Image.png","filesize":557387,"url":"https:\/\/natus.com\/wp-content\/uploads\/UltraPro-Product-Feature-Image.png","link":"https:\/\/natus.com\/fr\/neuro\/ultrapro-product-feature-image-2\/","alt":"UltraPro S100","author":"2","description":"","caption":"","name":"ultrapro-product-feature-image-2","status":"inherit","uploaded_to":10461,"date":"2023-09-26 23:29:09","modified":"2024-07-26 15:29:03","menu_order":0,"mime_type":"image\/png","type":"image","subtype":"png","icon":"https:\/\/natus.com\/wp-includes\/images\/media\/default.png","width":650,"height":750,"sizes":{"thumbnail":"https:\/\/natus.com\/wp-content\/uploads\/UltraPro-Product-Feature-Image.png","thumbnail-width":83,"thumbnail-height":96,"medium":"https:\/\/natus.com\/wp-content\/uploads\/UltraPro-Product-Feature-Image.png","medium-width":650,"medium-height":750,"medium_large":"https:\/\/natus.com\/wp-content\/uploads\/UltraPro-Product-Feature-Image.png","medium_large-width":650,"medium_large-height":750,"large":"https:\/\/natus.com\/wp-content\/uploads\/UltraPro-Product-Feature-Image.png","large-width":650,"large-height":750,"1536x1536":"https:\/\/natus.com\/wp-content\/uploads\/UltraPro-Product-Feature-Image.png","1536x1536-width":650,"1536x1536-height":750,"2048x2048":"https:\/\/natus.com\/wp-content\/uploads\/UltraPro-Product-Feature-Image.png","2048x2048-width":650,"2048x2048-height":750}},"thumbnail":{"ID":7589,"id":7589,"title":"UltraPro Product Thumbmail","filename":"UltraPro-Product-Thumbmail.png","filesize":15589,"url":"https:\/\/natus.com\/wp-content\/uploads\/UltraPro-Product-Thumbmail.png","link":"https:\/\/natus.com\/fr\/neuro\/ultrapro-product-thumbmail-2\/","alt":"UltraPro S100","author":"2","description":"","caption":"","name":"ultrapro-product-thumbmail-2","status":"inherit","uploaded_to":10461,"date":"2023-09-27 00:28:14","modified":"2024-07-26 15:23:59","menu_order":0,"mime_type":"image\/png","type":"image","subtype":"png","icon":"https:\/\/natus.com\/wp-includes\/images\/media\/default.png","width":100,"height":100,"sizes":{"thumbnail":"https:\/\/natus.com\/wp-content\/uploads\/UltraPro-Product-Thumbmail.png","thumbnail-width":96,"thumbnail-height":96,"medium":"https:\/\/natus.com\/wp-content\/uploads\/UltraPro-Product-Thumbmail.png","medium-width":100,"medium-height":100,"medium_large":"https:\/\/natus.com\/wp-content\/uploads\/UltraPro-Product-Thumbmail.png","medium_large-width":100,"medium_large-height":100,"large":"https:\/\/natus.com\/wp-content\/uploads\/UltraPro-Product-Thumbmail.png","large-width":100,"large-height":100,"1536x1536":"https:\/\/natus.com\/wp-content\/uploads\/UltraPro-Product-Thumbmail.png","1536x1536-width":100,"1536x1536-height":100,"2048x2048":"https:\/\/natus.com\/wp-content\/uploads\/UltraPro-Product-Thumbmail.png","2048x2048-width":100,"2048x2048-height":100}},"interval":""},{"label":"Neuro","label_color":"#154284","title":"Logiciel d\u2019EEG Natus\u00ae NeuroWorks\u00ae","description":"La plateforme NeuroWorks simplifie le processus de recueil, de monitorage et de gestion des donn\u00e9es pour les EEG de routine, le monitorage longue dur\u00e9e, le monitorage en USI et les \u00e9tudes de recherche.","link":{"type":"post","value":"9421","url":"https:\/\/natus.com\/fr\/neuro\/logiciel-eeg-neuroworks\/","name":"Logiciel d\u2019EEG Natus\u00ae NeuroWorks\u00ae","title":"EN SAVOIR PLUS sur le Logiciel d'EEG NeuroWorks\u00ae","target":""},"image":{"ID":7584,"id":7584,"title":"Neuroworks computer screen 850x750","filename":"Neuroworks-computer-screen-850x750-1.png","filesize":554219,"url":"https:\/\/natus.com\/wp-content\/uploads\/Neuroworks-computer-screen-850x750-1.png","link":"https:\/\/natus.com\/fr\/neuro\/neuroworks-computer-screen-850x750-2\/","alt":"Neuroworks EEG","author":"2","description":"","caption":"","name":"neuroworks-computer-screen-850x750-2","status":"inherit","uploaded_to":10461,"date":"2023-09-27 00:26:31","modified":"2024-07-26 15:28:06","menu_order":0,"mime_type":"image\/png","type":"image","subtype":"png","icon":"https:\/\/natus.com\/wp-includes\/images\/media\/default.png","width":650,"height":750,"sizes":{"thumbnail":"https:\/\/natus.com\/wp-content\/uploads\/Neuroworks-computer-screen-850x750-1.png","thumbnail-width":83,"thumbnail-height":96,"medium":"https:\/\/natus.com\/wp-content\/uploads\/Neuroworks-computer-screen-850x750-1.png","medium-width":650,"medium-height":750,"medium_large":"https:\/\/natus.com\/wp-content\/uploads\/Neuroworks-computer-screen-850x750-1.png","medium_large-width":650,"medium_large-height":750,"large":"https:\/\/natus.com\/wp-content\/uploads\/Neuroworks-computer-screen-850x750-1.png","large-width":650,"large-height":750,"1536x1536":"https:\/\/natus.com\/wp-content\/uploads\/Neuroworks-computer-screen-850x750-1.png","1536x1536-width":650,"1536x1536-height":750,"2048x2048":"https:\/\/natus.com\/wp-content\/uploads\/Neuroworks-computer-screen-850x750-1.png","2048x2048-width":650,"2048x2048-height":750}},"thumbnail":{"ID":7579,"id":7579,"title":"Neuroworks computer screen 100x100","filename":"Neuroworks-computer-screen-100x100-1.png","filesize":17391,"url":"https:\/\/natus.com\/wp-content\/uploads\/Neuroworks-computer-screen-100x100-1.png","link":"https:\/\/natus.com\/fr\/neuro\/neuroworks-computer-screen-100x100-2\/","alt":"Neuroworks EEG ","author":"2","description":"","caption":"","name":"neuroworks-computer-screen-100x100-2","status":"inherit","uploaded_to":10461,"date":"2023-09-27 00:25:45","modified":"2024-07-26 15:28:37","menu_order":0,"mime_type":"image\/png","type":"image","subtype":"png","icon":"https:\/\/natus.com\/wp-includes\/images\/media\/default.png","width":100,"height":100,"sizes":{"thumbnail":"https:\/\/natus.com\/wp-content\/uploads\/Neuroworks-computer-screen-100x100-1.png","thumbnail-width":96,"thumbnail-height":96,"medium":"https:\/\/natus.com\/wp-content\/uploads\/Neuroworks-computer-screen-100x100-1.png","medium-width":100,"medium-height":100,"medium_large":"https:\/\/natus.com\/wp-content\/uploads\/Neuroworks-computer-screen-100x100-1.png","medium_large-width":100,"medium_large-height":100,"large":"https:\/\/natus.com\/wp-content\/uploads\/Neuroworks-computer-screen-100x100-1.png","large-width":100,"large-height":100,"1536x1536":"https:\/\/natus.com\/wp-content\/uploads\/Neuroworks-computer-screen-100x100-1.png","1536x1536-width":100,"1536x1536-height":100,"2048x2048":"https:\/\/natus.com\/wp-content\/uploads\/Neuroworks-computer-screen-100x100-1.png","2048x2048-width":100,"2048x2048-height":100}},"interval":""}]}}]},"_links":{"self":[{"href":"https:\/\/natus.com\/fr\/wp-json\/wp\/v2\/pages\/1582","targetHints":{"allow":["GET"]}}],"collection":[{"href":"https:\/\/natus.com\/fr\/wp-json\/wp\/v2\/pages"}],"about":[{"href":"https:\/\/natus.com\/fr\/wp-json\/wp\/v2\/types\/page"}],"author":[{"embeddable":true,"href":"https:\/\/natus.com\/fr\/wp-json\/wp\/v2\/users\/1"}],"replies":[{"embeddable":true,"href":"https:\/\/natus.com\/fr\/wp-json\/wp\/v2\/comments?post=1582"}],"version-history":[{"count":10,"href":"https:\/\/natus.com\/fr\/wp-json\/wp\/v2\/pages\/1582\/revisions"}],"predecessor-version":[{"id":24982,"href":"https:\/\/natus.com\/fr\/wp-json\/wp\/v2\/pages\/1582\/revisions\/24982"}],"wp:attachment":[{"href":"https:\/\/natus.com\/fr\/wp-json\/wp\/v2\/media?parent=1582"}],"wp:term":[{"taxonomy":"category","embeddable":true,"href":"https:\/\/natus.com\/fr\/wp-json\/wp\/v2\/categories?post=1582"},{"taxonomy":"post_tag","embeddable":true,"href":"https:\/\/natus.com\/fr\/wp-json\/wp\/v2\/tags?post=1582"}],"curies":[{"name":"wp","href":"https:\/\/api.w.org\/{rel}","templated":true}]}}