{"id":21133,"date":"2023-09-22T22:13:15","date_gmt":"2023-09-22T22:13:15","guid":{"rendered":"https:\/\/natus.com\/service-excellence\/"},"modified":"2024-08-15T18:36:07","modified_gmt":"2024-08-15T18:36:07","slug":"excellence-de-service","status":"publish","type":"page","link":"https:\/\/natus.com\/fr\/excellence-de-service\/","title":{"rendered":"Excellence de service Natus"},"content":{"rendered":"","protected":false},"excerpt":{"rendered":"","protected":false},"author":2,"featured_media":0,"parent":0,"menu_order":0,"comment_status":"closed","ping_status":"closed","template":"","meta":{"_acf_changed":false,"footnotes":""},"categories":[],"tags":[],"class_list":["post-21133","page","type-page","status-publish","hentry"],"acf":{"content_blocks":[{"acf_fc_layout":"hero1","_acfe_flexible_toggle":"","hero_locations":{"unique_id":"n650b16edc0d1b","background":{"ID":927,"id":927,"title":"locations-hero","filename":"locations-hero.jpg","filesize":249977,"url":"https:\/\/natus.com\/wp-content\/uploads\/locations-hero.jpg","link":"https:\/\/natus.com\/fr\/sites\/locations-hero-2\/","alt":"","author":"1","description":"","caption":"","name":"locations-hero-2","status":"inherit","uploaded_to":8336,"date":"2023-07-30 10:59:34","modified":"2023-09-21 15:29:51","menu_order":0,"mime_type":"image\/jpeg","type":"image","subtype":"jpeg","icon":"https:\/\/natus.com\/wp-includes\/images\/media\/default.png","width":1920,"height":500,"sizes":{"thumbnail":"https:\/\/natus.com\/wp-content\/uploads\/locations-hero.jpg","thumbnail-width":128,"thumbnail-height":33,"medium":"https:\/\/natus.com\/wp-content\/uploads\/locations-hero.jpg","medium-width":1920,"medium-height":500,"medium_large":"https:\/\/natus.com\/wp-content\/uploads\/locations-hero-768x200.jpg","medium_large-width":768,"medium_large-height":200,"large":"https:\/\/natus.com\/wp-content\/uploads\/locations-hero.jpg","large-width":1920,"large-height":500,"1536x1536":"https:\/\/natus.com\/wp-content\/uploads\/locations-hero-1536x400.jpg","1536x1536-width":1536,"1536x1536-height":400,"2048x2048":"https:\/\/natus.com\/wp-content\/uploads\/locations-hero.jpg","2048x2048-width":1920,"2048x2048-height":500}},"h1":"Excellence de service Natus","description":""}},{"acf_fc_layout":"divider","_acfe_flexible_toggle":"","divider":{"module_options":{"":null,"module_id":"n651469d33f51f","module_class":"","module_background_type":"color","module_background_color":"","module_background_image":false,"module_background_video":"","activate_custom_padding":false,"padding_top_desktop":"0","padding_top_tablet":"0","padding_top_mobile":"0","padding_bottom_desktop":"0","padding_bottom_tablet":"0","padding_bottom_mobile":"0","activate_custom_margin":false,"margin_top_desktop":"0","margin_top_tablet":"0","margin_top_mobile":"0","margin_bottom_desktop":"-50","margin_bottom_tablet":"-30","margin_bottom_mobile":"-10","disable_on":[],"content_alignment_desktop":"left","content_alignment_tablet":"left","content_alignment_mobile":"left"},"color":"#00aaa7","height":"12"}},{"acf_fc_layout":"simple_content","_acfe_flexible_toggle":"","content_full_width_landing":{"module_options":{"":null,"module_id":"n651469d344e96","module_class":"","module_background_type":"color","module_background_color":"","module_background_image":false,"module_background_video":"","activate_custom_padding":true,"padding_top_desktop":"30","padding_top_tablet":"10","padding_top_mobile":"10","padding_bottom_desktop":"60","padding_bottom_tablet":"10","padding_bottom_mobile":"10","activate_custom_margin":false,"margin_top_desktop":"-30","margin_top_tablet":"-10","margin_top_mobile":"-10","margin_bottom_desktop":"-80","margin_bottom_tablet":"-10","margin_bottom_mobile":"-10","disable_on":[],"content_alignment_desktop":"left","content_alignment_tablet":"left","content_alignment_mobile":"left"},"content":"<h4><span style=\"color: #008b96;\">Changez la vie de vos patients gr\u00e2ce \u00e0 une technologie de pointe soutenue par un service client\u00e8le exceptionnel<\/span><\/h4>\n<p><strong>Le leadership d\u2019une industrie passe par l\u2019innovation. <\/strong>Non seulement dans les solutions que nous fournissons, mais aussi dans notre volont\u00e9 d\u2019am\u00e9liorer nos processus. Nous avons consid\u00e9rablement am\u00e9lior\u00e9 nos capacit\u00e9s de service \u00e0 la client\u00e8le, et vous pouvez compter sur Natus pour vous garantir une confiance totale dans les performances de votre syst\u00e8me, quel que soit l\u2019endroit o\u00f9 vous exercez votre activit\u00e9.<\/p>\n"}},{"acf_fc_layout":"content_multiple_columns","_acfe_flexible_toggle":"","content_multiple_columns":{"module_options":{"":null,"module_id":"n650e117bbbf31","module_class":"","module_background_type":"color","module_background_color":"","module_background_image":false,"module_background_video":"","activate_custom_padding":true,"padding_top_desktop":"20","padding_top_tablet":"50","padding_top_mobile":"10","padding_bottom_desktop":"75","padding_bottom_tablet":"20","padding_bottom_mobile":"0","activate_custom_margin":false,"margin_top_desktop":"-80","margin_top_tablet":"-10","margin_top_mobile":"-10","margin_bottom_desktop":"0","margin_bottom_tablet":"0","margin_bottom_mobile":"0","disable_on":[],"content_alignment_desktop":"left","content_alignment_tablet":"left","content_alignment_mobile":"left"},"columns_per_rows_desktop":"5","columns_per_rows_tablet":"1","columns_per_rows_mobile":"1","columns":[{"column_background":"#f1f1f1","column_size":"one-third","column_alignment":"align-left","activate_top_right_border_radius":false,"content_type":false},{"column_background":"#f1f1f1","column_size":"one-third","column_alignment":"align-left","activate_top_right_border_radius":false,"content_type":[{"acf_fc_layout":"simple_content","content":"<p><img loading=\"lazy\" decoding=\"async\" class=\"alignleft size-full wp-image-6727\" src=\"\/wp-content\/uploads\/Training-Icon.png\" alt=\"\" width=\"200\" height=\"200\" \/><\/p>\n<p style=\"text-align: left;\"><strong>Am\u00e9lioration de la formation <\/strong><strong>des techniciens<\/strong><\/p>\n"}]},{"column_background":"#f1f1f1","column_size":"one-third","column_alignment":"align-left","activate_top_right_border_radius":false,"content_type":[{"acf_fc_layout":"simple_content","content":"<p style=\"text-align: center;\"><strong><img loading=\"lazy\" decoding=\"async\" class=\"size-full wp-image-6734 alignleft\" src=\"\/wp-content\/uploads\/Faster-Response-Icon.png\" alt=\"\" width=\"200\" height=\"200\" \/> Des r\u00e9ponses plus rapides aux demandes de service<\/strong><\/p>\n"}]},{"column_background":"#f1f1f1","column_size":"one-third","column_alignment":"align-left","activate_top_right_border_radius":false,"content_type":[{"acf_fc_layout":"simple_content","content":"<p style=\"text-align: center;\"><strong><img loading=\"lazy\" decoding=\"async\" class=\"alignleft wp-image-6745 size-full\" src=\"\/wp-content\/uploads\/Field-Service-Icon.png\" alt=\"\" width=\"200\" height=\"200\" \/><\/strong><strong> \u00c9largissement de l\u2019\u00e9quipe de service sur le terrain<\/strong><strong><br \/>\n<\/strong><\/p>\n"}]}]}},{"acf_fc_layout":"testimonial","_acfe_flexible_toggle":"","testimonial_full_width_landing":{"module_options":{"":null,"module_id":"n651469d3544c6","module_class":"","module_background_type":"color","module_background_color":"","module_background_image":false,"module_background_video":"","activate_custom_padding":true,"padding_top_desktop":"0","padding_top_tablet":"0","padding_top_mobile":"0","padding_bottom_desktop":"60","padding_bottom_tablet":"20","padding_bottom_mobile":"20","activate_custom_margin":false,"margin_top_desktop":"0","margin_top_tablet":"0","margin_top_mobile":"0","margin_bottom_desktop":"-60","margin_bottom_tablet":"-20","margin_bottom_mobile":"-20","disable_on":[],"content_alignment_desktop":"left","content_alignment_tablet":"left","content_alignment_mobile":"left"},"inner_background":"#00aaa7","icon_color":"","testimonial":"Nous avons Natus depuis des ann\u00e9es. Ils sont toujours faciles \u00e0 joindre au t\u00e9l\u00e9phone. Il n\u2019y a pratiquement pas de temps d\u2019attente par rapport \u00e0 d\u2019autres fournisseurs de services.","name":"Client de Natus Neuro","title":""}},{"acf_fc_layout":"right_image_left_content_single_cta","_acfe_flexible_toggle":"","right_image_left_content_single_cta_landing":{"module_options":{"":null,"module_id":"n651469d54b03a","module_class":"","module_background_type":"color","module_background_color":"","module_background_image":false,"module_background_video":"","activate_custom_padding":false,"padding_top_desktop":"0","padding_top_tablet":"0","padding_top_mobile":"0","padding_bottom_desktop":"0","padding_bottom_tablet":"0","padding_bottom_mobile":"0","activate_custom_margin":true,"margin_top_desktop":"0","margin_top_tablet":"0","margin_top_mobile":"0","margin_bottom_desktop":"0","margin_bottom_tablet":"0","margin_bottom_mobile":"0","disable_on":[],"content_alignment_desktop":"left","content_alignment_tablet":"left","content_alignment_mobile":"left"},"":null,"label":"","title":"Nous utilisons votre retour d\u2019information pour d\u00e9passer vos attentes","description":"<p>Avec plus de 80 ans d\u2019exp\u00e9rience au service des cliniciens du monde entier, Natus s\u2019engage sur la qualit\u00e9 de ses solutions et veille \u00e0 ce que ses clients aient toujours la meilleure exp\u00e9rience possible.<\/p>\n<p>&nbsp;<\/p>\n<p>Gr\u00e2ce aux retours d\u2019information de nos utilisateurs, nous avons consacr\u00e9 du temps et des ressources \u00e0 l\u2019am\u00e9lioration de notre infrastructure de services afin d\u2019offrir encore plus de valeur \u00e0 ceux qui choisissent Natus.<\/p>\n<ul class=\"color-list\">\n<li><span style=\"color: #008b96;\"><strong>Mise en place d\u2019un syst\u00e8me d\u2019appel international avanc\u00e9,<\/strong> <\/span> optimis\u00e9 par RingCentral, qui permet \u00e0 notre \u00e9quipe de service de traiter rapidement les appels de service prioritaires et de r\u00e9pondre \u00e0 toutes les demandes de mani\u00e8re plus coh\u00e9rente et plus efficace<\/li>\n<li><span style=\"color: #008b96;\"><strong>Formation approfondie pour nos repr\u00e9sentants de premi\u00e8re ligne<\/strong><\/span> et meilleur acc\u00e8s aux informations en temps r\u00e9el gr\u00e2ce \u00e0 un nouveau syst\u00e8me de gestion de la relation client (CRM) de Salesforce pour mieux g\u00e9rer et traiter toutes les demandes<\/li>\n<li><span style=\"color: #008b96;\"><strong>Augmentation des effectifs de l&rsquo;\u00e9quipe d\u2019assistance technique et de l\u2019\u00e9quipe de services professionnels<\/strong><\/span> afin de favoriser des exp\u00e9riences de service \u00e0 la client\u00e8le plus personnelles et plus attentives<\/li>\n<li><span style=\"color: #008b96;\"><strong>Mesure et suivi continus <\/strong> <\/span>des retours d\u2019information des clients sur nos services, afin d\u2019identifier de nouvelles fa\u00e7ons de mieux servir nos clients<\/li>\n<\/ul>\n<p>&nbsp;<\/p>\n<p><strong>Ces mises \u00e0 jour nous permettent d\u2019offrir \u00e0 nos clients une exp\u00e9rience de service \u00e0 la client\u00e8le plus fluide.<\/strong><\/p>\n","link":null,"image":{"ID":16258,"id":16258,"title":"Service Contracts 2_800x450","filename":"Service-Contracts-2_800x450.png","filesize":542132,"url":"https:\/\/natus.com\/wp-content\/uploads\/Service-Contracts-2_800x450.png","link":"https:\/\/natus.com\/fr\/excellence-de-service\/service-contracts-2_800x450-2\/","alt":"Service Contracts - Doctor","author":"3","description":"","caption":"","name":"service-contracts-2_800x450-2","status":"inherit","uploaded_to":21133,"date":"2023-10-19 20:50:51","modified":"2024-07-30 14:57:46","menu_order":0,"mime_type":"image\/png","type":"image","subtype":"png","icon":"https:\/\/natus.com\/wp-includes\/images\/media\/default.png","width":800,"height":450,"sizes":{"thumbnail":"https:\/\/natus.com\/wp-content\/uploads\/Service-Contracts-2_800x450.png","thumbnail-width":128,"thumbnail-height":72,"medium":"https:\/\/natus.com\/wp-content\/uploads\/Service-Contracts-2_800x450.png","medium-width":800,"medium-height":450,"medium_large":"https:\/\/natus.com\/wp-content\/uploads\/Service-Contracts-2_800x450-768x432.png","medium_large-width":768,"medium_large-height":432,"large":"https:\/\/natus.com\/wp-content\/uploads\/Service-Contracts-2_800x450.png","large-width":800,"large-height":450,"1536x1536":"https:\/\/natus.com\/wp-content\/uploads\/Service-Contracts-2_800x450.png","1536x1536-width":800,"1536x1536-height":450,"2048x2048":"https:\/\/natus.com\/wp-content\/uploads\/Service-Contracts-2_800x450.png","2048x2048-width":800,"2048x2048-height":450}},"activate_image_caption":false,"image_caption_description":""}},{"acf_fc_layout":"testimonial","_acfe_flexible_toggle":"","testimonial_full_width_landing":{"module_options":{"":null,"module_id":"n651469d582edd","module_class":"","module_background_type":"color","module_background_color":"","module_background_image":false,"module_background_video":"","activate_custom_padding":true,"padding_top_desktop":"0","padding_top_tablet":"0","padding_top_mobile":"0","padding_bottom_desktop":"60","padding_bottom_tablet":"0","padding_bottom_mobile":"0","activate_custom_margin":false,"margin_top_desktop":"0","margin_top_tablet":"0","margin_top_mobile":"0","margin_bottom_desktop":"-60","margin_bottom_tablet":"0","margin_bottom_mobile":"0","disable_on":[],"content_alignment_desktop":"left","content_alignment_tablet":"left","content_alignment_mobile":"left"},"inner_background":"#00aaa7","icon_color":"","testimonial":"J'avais beaucoup de difficult\u00e9s en informatique, pour ma part. Depuis que je vous ai demand\u00e9 de l\u2019aide, tout a chang\u00e9.","name":"Client de Natus Neuro","title":""}},{"acf_fc_layout":"content_multiple_columns","_acfe_flexible_toggle":"","content_multiple_columns":{"module_options":{"":null,"module_id":"n65146afa179dd","module_class":"","module_background_type":"color","module_background_color":"","module_background_image":false,"module_background_video":"","activate_custom_padding":false,"padding_top_desktop":"0","padding_top_tablet":"0","padding_top_mobile":"0","padding_bottom_desktop":"0","padding_bottom_tablet":"0","padding_bottom_mobile":"0","activate_custom_margin":false,"margin_top_desktop":"0","margin_top_tablet":"0","margin_top_mobile":"0","margin_bottom_desktop":"0","margin_bottom_tablet":"0","margin_bottom_mobile":"0","disable_on":[],"content_alignment_desktop":"left","content_alignment_tablet":"left","content_alignment_mobile":"left"},"columns_per_rows_desktop":"3","columns_per_rows_tablet":"1","columns_per_rows_mobile":"1","columns":[{"column_background":"","column_size":"one-third","column_alignment":"align-center","activate_top_right_border_radius":false,"content_type":[{"acf_fc_layout":"simple_content","content":"<p><img loading=\"lazy\" decoding=\"async\" class=\"wp-image-6545 aligncenter\" src=\"\/wp-content\/uploads\/Natus_Care_4xSeals-1-1.png\" alt=\"Natus Care ensures your equipment will continue to provide quality patient screening and assessment.\" width=\"292\" height=\"565\" \/><\/p>\n"}]},{"column_background":"","column_size":"two-thirds","column_alignment":"align-left","activate_top_right_border_radius":false,"content_type":[{"acf_fc_layout":"simple_content","content":"<h5 style=\"text-align: left;\"><strong>D\u00e9couvrez l\u2019excellence continue avec Natus Care<\/strong><\/h5>\n<p style=\"text-align: left;\">Notre promesse d\u2019excellence ne prend pas fin apr\u00e8s l\u2019achat de votre produit. Ceci ne repr\u00e9sente que le d\u00e9but de notre assistance \u00e0 long terme. Quel que soit le niveau de service ou d\u2019assistance dont vous avez besoin, Natus s\u2019engage \u00e0 vous fournir la meilleure exp\u00e9rience possible pour vous aider \u00e0 tirer le meilleur parti de votre \u00e9quipement.<\/p>\n<ul>\n<li style=\"text-align: left;\">Un service sur le terrain qualifi\u00e9 pour installer, entretenir et r\u00e9parer de mani\u00e8re experte n\u2019importe lequel de nos produits de pointe<\/li>\n<li>Assistance technique internationale assur\u00e9e par un personnel sur le terrain qui travaille directement avec vous pour traiter et r\u00e9soudre les probl\u00e8mes techniques, en minimisant les temps d\u2019immobilisation de votre mat\u00e9riel et les perturbations de votre flux de travail<\/li>\n<li>Le service informatique clinique garantit une mise en \u0153uvre fluide des produits pour qu\u2019ils fonctionnent parfaitement dans votre infrastructure informatique unique et complexe et vos environnements de pratique, avec un risque minimal<\/li>\n<\/ul>\n<p style=\"text-align: left;\">Qu\u2019il s\u2019agisse d&rsquo;une couverture compl\u00e8te, d\u2019une couverture partielle ou d\u2019une maintenance pr\u00e9ventive, les options de service flexibles Natus Care de Natus offrent le niveau d\u2019assistance dont les clients ont besoin.<\/p>\n"}]}]}},{"acf_fc_layout":"contact_form","_acfe_flexible_toggle":"","contact_form_landing":{"module_options":{"":null,"module_id":"n651469d79b236","module_class":"","module_background_type":"color","module_background_color":"","module_background_image":false,"module_background_video":"","activate_custom_padding":false,"padding_top_desktop":"0","padding_top_tablet":"0","padding_top_mobile":"0","padding_bottom_desktop":"0","padding_bottom_tablet":"0","padding_bottom_mobile":"0","activate_custom_margin":false,"margin_top_desktop":"0","margin_top_tablet":"0","margin_top_mobile":"0","margin_bottom_desktop":"0","margin_bottom_tablet":"0","margin_bottom_mobile":"0","disable_on":[],"content_alignment_desktop":"left","content_alignment_tablet":"left","content_alignment_mobile":"left"},"":null,"activate_intro":true,"intro_text":"Let us know your thoughts","intro_text_color":"#005e63","intro_link":null,"activate_description":true,"description_title":"","description_copy":"We look forward to hearing about your Natus customer service experience. If you have questions or any feedback you\u2019d like to share, please complete the form below, and your local Natus representative will be in touch.","embed_code":"<script charset=\"utf-8\" type=\"text\/javascript\" src=\"\/\/js.hsforms.net\/forms\/embed\/v2.js\"><\/script>\r\n<script>\r\n  hbspt.forms.create({\r\n    region: \"na1\",\r\n    portalId: \"3002890\",\r\n    formId: \"c92efcb9-c6cc-4d53-a729-aa92079971b4\"\r\n  });\r\n<\/script>"}}]},"_links":{"self":[{"href":"https:\/\/natus.com\/fr\/wp-json\/wp\/v2\/pages\/21133","targetHints":{"allow":["GET"]}}],"collection":[{"href":"https:\/\/natus.com\/fr\/wp-json\/wp\/v2\/pages"}],"about":[{"href":"https:\/\/natus.com\/fr\/wp-json\/wp\/v2\/types\/page"}],"author":[{"embeddable":true,"href":"https:\/\/natus.com\/fr\/wp-json\/wp\/v2\/users\/2"}],"replies":[{"embeddable":true,"href":"https:\/\/natus.com\/fr\/wp-json\/wp\/v2\/comments?post=21133"}],"version-history":[{"count":5,"href":"https:\/\/natus.com\/fr\/wp-json\/wp\/v2\/pages\/21133\/revisions"}],"predecessor-version":[{"id":21145,"href":"https:\/\/natus.com\/fr\/wp-json\/wp\/v2\/pages\/21133\/revisions\/21145"}],"wp:attachment":[{"href":"https:\/\/natus.com\/fr\/wp-json\/wp\/v2\/media?parent=21133"}],"wp:term":[{"taxonomy":"category","embeddable":true,"href":"https:\/\/natus.com\/fr\/wp-json\/wp\/v2\/categories?post=21133"},{"taxonomy":"post_tag","embeddable":true,"href":"https:\/\/natus.com\/fr\/wp-json\/wp\/v2\/tags?post=21133"}],"curies":[{"name":"wp","href":"https:\/\/api.w.org\/{rel}","templated":true}]}}