{"id":24664,"date":"2025-05-29T14:02:18","date_gmt":"2025-05-29T14:02:18","guid":{"rendered":"https:\/\/natus.com\/?page_id=24664"},"modified":"2025-11-25T20:23:58","modified_gmt":"2025-11-25T20:23:58","slug":"amplificateur-micromed-sd-plus-flexi-eeg","status":"publish","type":"page","link":"https:\/\/natus.com\/fr\/neuro\/amplificateur-micromed-sd-plus-flexi-eeg\/","title":{"rendered":"Amplificateur Micromed\u00ae SD PLUS FLEXI EEG"},"content":{"rendered":"","protected":false},"excerpt":{"rendered":"","protected":false},"author":3,"featured_media":0,"parent":10461,"menu_order":0,"comment_status":"closed","ping_status":"closed","template":"templates\/page-neuro-solutions-product-landing.php","meta":{"_acf_changed":false,"footnotes":""},"categories":[151],"tags":[225,153,152],"class_list":["post-24664","page","type-page","status-publish","hentry","category-electroencephalographie-eeg-aeeg-fr","tag-eeg-dans-usi-fr","tag-routine-eeg-fr","tag-monitorage-soins-intensifs-fr"],"acf":{"content_blocks":[{"acf_fc_layout":"spacer","_acfe_flexible_toggle":"","spacer":{"module_options":{"":null,"module_id":"n6514e87cedd36","module_class":"","module_background_type":"color","module_background_color":"#00aaa7","module_background_image":false,"module_background_video":"","activate_custom_padding":false,"padding_top_desktop":"0","padding_top_tablet":"0","padding_top_mobile":"0","padding_bottom_desktop":"0","padding_bottom_tablet":"0","padding_bottom_mobile":"0","activate_custom_margin":false,"margin_top_desktop":"0","margin_top_tablet":"0","margin_top_mobile":"0","margin_bottom_desktop":"0","margin_bottom_tablet":"0","margin_bottom_mobile":"0","disable_on":[],"content_alignment_desktop":"left","content_alignment_tablet":"left","content_alignment_mobile":"left"},"height":"270"}},{"acf_fc_layout":"intro_with_sticky_image","_acfe_flexible_toggle":"","left_content_right_image_sticky":{"module_options":{"":null,"module_id":"n6514e87d00aeb","module_class":"","module_background_type":"color","module_background_color":"#f1f1f1","module_background_image":false,"module_background_video":"","activate_custom_padding":false,"padding_top_desktop":"0","padding_top_tablet":"0","padding_top_mobile":"0","padding_bottom_desktop":"0","padding_bottom_tablet":"0","padding_bottom_mobile":"0","activate_custom_margin":false,"margin_top_desktop":"0","margin_top_tablet":"0","margin_top_mobile":"0","margin_bottom_desktop":"0","margin_bottom_tablet":"0","margin_bottom_mobile":"0","disable_on":[],"content_alignment_desktop":"left","content_alignment_tablet":"left","content_alignment_mobile":"left"},"":null,"title":"Amplificateur Micromed<sup>\u00ae<\/sup> SD PLUS FLEXI EEG","subheader":"<p>Con\u00e7u pour am\u00e9liorer les soins aux patients et l\u2019efficacit\u00e9 clinique, la technologie EEG avanc\u00e9e du SD PLUS FLEXI est adapt\u00e9e aux besoins des professionnels de la sant\u00e9. Son design compact et portable en facilite l\u2019utilisation au chevet du patient, et son interface conviviale simplifie l\u2019op\u00e9ration et am\u00e9liore les flux de travail.<\/p>\n<p>Fort de plusieurs d\u00e9cennies d\u2019expertise de Micromed dans la conception de mat\u00e9riel EEG r\u00e9volutionnaire, le SD PLUS FLEXI garantit des performances de pointe pour la plupart des cas d\u2019utilisation dans les diagnostics EEG.<\/p>\n<p><strong>Caract\u00e9ristiques principales :<\/strong><\/p>\n<ul>\n<li>Disponible avec le BRAIN QUICK Software ou le logiciel NeuroWorks<\/li>\n<li>Un total de 36 entr\u00e9es, enregistrant jusqu\u2019\u00e0 38 canaux : 24 entr\u00e9es r\u00e9f\u00e9rentielles, 8 entr\u00e9es r\u00e9f\u00e9rentielles\/bipolaires, 2 entr\u00e9es bipolaires suppl\u00e9mentaires, entr\u00e9e d\u2019oxym\u00e9trie (SpO2, Pouls, FC), 1 entr\u00e9e de marqueur<\/li>\n<li>Taux d\u2019\u00e9chantillonnage \u00e9lev\u00e9 et faibles entr\u00e9es de bruit<\/li>\n<li>Les options d\u2019interface USB ou r\u00e9seau offrent une connectivit\u00e9 flexible dans toutes les situations, telles que les configurations sur chariot ou les mises en place dans des chambres de patients \u00e0 distance<\/li>\n<li>Filtre mat\u00e9riel basse fr\u00e9quence configurable, plage d\u2019entr\u00e9e et r\u00e9solution A\/N pour un enregistrement optimal du d\u00e9calage de courant continu dans l\u2019USI<\/li>\n<li>Pr\u00eat pour la salle d&rsquo;op\u00e9ration &#8211; compatible avec le dispositif d&rsquo;\u00e9lectrocaut\u00e9risation<\/li>\n<li>Pr\u00eat pour l&rsquo;USI &#8211; niveau de bruit inf\u00e9rieur \u00e0 1,8 \u03bcVpp<\/li>\n<\/ul>\n<p><span style=\"font-size: 12px;\">La disponibilit\u00e9 des produits et des configurations varie selon le march\u00e9. Veuillez contacter votre repr\u00e9sentant Natus pour conna\u00eetre les disponibilit\u00e9s. <\/span><\/p>\n","icons":[{"icon":{"ID":2244,"id":2244,"title":"icon-channels","filename":"icon-channels.png","filesize":1062,"url":"https:\/\/natus.com\/wp-content\/uploads\/icon-channels.png","link":"https:\/\/natus.com\/fr\/neuro\/icon-channels-2\/","alt":"Icon - Channels","author":"2","description":"","caption":"","name":"icon-channels-2","status":"inherit","uploaded_to":10461,"date":"2023-09-07 23:18:48","modified":"2024-07-29 21:18:55","menu_order":0,"mime_type":"image\/png","type":"image","subtype":"png","icon":"https:\/\/natus.com\/wp-includes\/images\/media\/default.png","width":58,"height":43,"sizes":{"thumbnail":"https:\/\/natus.com\/wp-content\/uploads\/icon-channels.png","thumbnail-width":58,"thumbnail-height":43,"medium":"https:\/\/natus.com\/wp-content\/uploads\/icon-channels.png","medium-width":58,"medium-height":43,"medium_large":"https:\/\/natus.com\/wp-content\/uploads\/icon-channels.png","medium_large-width":58,"medium_large-height":43,"large":"https:\/\/natus.com\/wp-content\/uploads\/icon-channels.png","large-width":58,"large-height":43,"1536x1536":"https:\/\/natus.com\/wp-content\/uploads\/icon-channels.png","1536x1536-width":58,"1536x1536-height":43,"2048x2048":"https:\/\/natus.com\/wp-content\/uploads\/icon-channels.png","2048x2048-width":58,"2048x2048-height":43}},"icon_description":"Enregistrez <br \/>\r\njusqu\u2019\u00e0 <br \/>\r\n38 canaux"},{"icon":{"ID":2249,"id":2249,"title":"icon-rate","filename":"icon-rate.png","filesize":2246,"url":"https:\/\/natus.com\/wp-content\/uploads\/icon-rate.png","link":"https:\/\/natus.com\/fr\/neuro\/icon-rate-2\/","alt":"Icon - Rate","author":"2","description":"","caption":"","name":"icon-rate-2","status":"inherit","uploaded_to":10461,"date":"2023-09-07 23:19:56","modified":"2024-07-29 21:18:51","menu_order":0,"mime_type":"image\/png","type":"image","subtype":"png","icon":"https:\/\/natus.com\/wp-includes\/images\/media\/default.png","width":61,"height":46,"sizes":{"thumbnail":"https:\/\/natus.com\/wp-content\/uploads\/icon-rate.png","thumbnail-width":61,"thumbnail-height":46,"medium":"https:\/\/natus.com\/wp-content\/uploads\/icon-rate.png","medium-width":61,"medium-height":46,"medium_large":"https:\/\/natus.com\/wp-content\/uploads\/icon-rate.png","medium_large-width":61,"medium_large-height":46,"large":"https:\/\/natus.com\/wp-content\/uploads\/icon-rate.png","large-width":61,"large-height":46,"1536x1536":"https:\/\/natus.com\/wp-content\/uploads\/icon-rate.png","1536x1536-width":61,"1536x1536-height":46,"2048x2048":"https:\/\/natus.com\/wp-content\/uploads\/icon-rate.png","2048x2048-width":61,"2048x2048-height":46}},"icon_description":"Flexible <br \/>\r\nmontage <br \/>\r\noptions"},{"icon":{"ID":23640,"id":23640,"title":"60x60-embedded-integrated-icon","filename":"60x60-embedded-integrated-icon.png","filesize":1229,"url":"https:\/\/natus.com\/wp-content\/uploads\/60x60-embedded-integrated-icon.png","link":"https:\/\/natus.com\/fr\/neuro\/amplificateur-micromed-sd-plus-flexi-eeg\/60x60-embedded-integrated-icon-2\/","alt":"60x60-embedded-integrated-icon","author":"1","description":"","caption":"","name":"60x60-embedded-integrated-icon-2","status":"inherit","uploaded_to":24664,"date":"2025-05-01 19:51:52","modified":"2025-08-13 20:14:12","menu_order":0,"mime_type":"image\/png","type":"image","subtype":"png","icon":"https:\/\/natus.com\/wp-includes\/images\/media\/default.png","width":60,"height":60,"sizes":{"thumbnail":"https:\/\/natus.com\/wp-content\/uploads\/60x60-embedded-integrated-icon.png","thumbnail-width":60,"thumbnail-height":60,"medium":"https:\/\/natus.com\/wp-content\/uploads\/60x60-embedded-integrated-icon.png","medium-width":60,"medium-height":60,"medium_large":"https:\/\/natus.com\/wp-content\/uploads\/60x60-embedded-integrated-icon.png","medium_large-width":60,"medium_large-height":60,"large":"https:\/\/natus.com\/wp-content\/uploads\/60x60-embedded-integrated-icon.png","large-width":60,"large-height":60,"1536x1536":"https:\/\/natus.com\/wp-content\/uploads\/60x60-embedded-integrated-icon.png","1536x1536-width":60,"1536x1536-height":60,"2048x2048":"https:\/\/natus.com\/wp-content\/uploads\/60x60-embedded-integrated-icon.png","2048x2048-width":60,"2048x2048-height":60}},"icon_description":"Disponible avec <br \/>\r\nNeuroWorks\u00ae et <br \/>\r\nBRAIN QUICK\u00ae"}],"quick_navigation":[{"quick_link":{"type":"url","value":"#contact-neuro","url":"#contact-neuro","name":"#contact-neuro","title":"Contactez Votre Repr\u00e9sentant Natus","target":""}},{"quick_link":{"type":"url","value":"#n6514e87d12389","url":"#n6514e87d12389","name":"#n6514e87d12389","title":"Explorer plus de d\u00e9tails","target":""}}],"description":"<p><span style=\"font-size: 15px; color: #008b96;\"><strong>EEG intelligent, simple et puissant.<\/strong><\/span><\/p>\n<ul>\n<li><span style=\"font-size: 15px;\">Acquisition de donn\u00e9es robuste pour des \u00e9valuations compl\u00e8tes des patients, con\u00e7ue \u00e0 la fois pour l\u2019EEG clinique et les unit\u00e9s de soins intensifs<\/span><\/li>\n<li><span style=\"font-size: 15px;\">\u00c9cran LED convivial pour afficher des informations et des notifications sur l\u2019\u00e9tude en temps r\u00e9el<\/span><\/li>\n<li><span style=\"font-size: 15px;\">Options de montage flexibles pour une int\u00e9gration dans divers environnements cliniques, y compris les chariots Natus ErgoJust, la pince de bureau et le support au sol<\/span><\/li>\n<\/ul>\n<p>&nbsp;<\/p>\n<p><span style=\"font-size: 15px; color: #008b96;\"><strong>Une base solide pour l\u2019innovation en EEG.<\/strong><\/span><\/p>\n<p><span style=\"font-size: 15px;\"> Les logiciels Natus NeuroWorks et Micromed BRAIN QUICK sont les plateformes logicielles EEG les plus fiables et les plus utilis\u00e9es au monde. Natus met en avant les meilleures technologies pour cr\u00e9er des solutions faciles \u00e0 utiliser afin d\u2019am\u00e9liorer les soins aux patients. <\/span><\/p>\n","message_label":"Service et Assistance","message_title":"Vous recherchez un service de produit neuro ou une assistance technique ?","message_link":{"type":"post","value":"8358","url":"https:\/\/natus.com\/fr\/assistance\/","name":"Service et Assistance","title":"Service et Assistance Natus","target":""},"right_sticky_image":{"ID":23686,"id":23686,"title":"SD PLUS FLEXI_Main Product Image 500x370","filename":"SD-PLUS-FLEXI_Main-Product-Image-500x370-1.png","filesize":179857,"url":"https:\/\/natus.com\/wp-content\/uploads\/SD-PLUS-FLEXI_Main-Product-Image-500x370-1.png","link":"https:\/\/natus.com\/fr\/neuro\/amplificateur-micromed-sd-plus-flexi-eeg\/sd-plus-flexi_main-product-image-500x370-2\/","alt":"SD PLUS FLEXI Main Product Image","author":"3","description":"","caption":"","name":"sd-plus-flexi_main-product-image-500x370-2","status":"inherit","uploaded_to":24664,"date":"2025-05-05 21:25:04","modified":"2025-05-05 21:27:22","menu_order":0,"mime_type":"image\/png","type":"image","subtype":"png","icon":"https:\/\/natus.com\/wp-includes\/images\/media\/default.png","width":500,"height":370,"sizes":{"thumbnail":"https:\/\/natus.com\/wp-content\/uploads\/SD-PLUS-FLEXI_Main-Product-Image-500x370-1.png","thumbnail-width":128,"thumbnail-height":96,"medium":"https:\/\/natus.com\/wp-content\/uploads\/SD-PLUS-FLEXI_Main-Product-Image-500x370-1.png","medium-width":500,"medium-height":370,"medium_large":"https:\/\/natus.com\/wp-content\/uploads\/SD-PLUS-FLEXI_Main-Product-Image-500x370-1.png","medium_large-width":500,"medium_large-height":370,"large":"https:\/\/natus.com\/wp-content\/uploads\/SD-PLUS-FLEXI_Main-Product-Image-500x370-1.png","large-width":500,"large-height":370,"1536x1536":"https:\/\/natus.com\/wp-content\/uploads\/SD-PLUS-FLEXI_Main-Product-Image-500x370-1.png","1536x1536-width":500,"1536x1536-height":370,"2048x2048":"https:\/\/natus.com\/wp-content\/uploads\/SD-PLUS-FLEXI_Main-Product-Image-500x370-1.png","2048x2048-width":500,"2048x2048-height":370}}}},{"acf_fc_layout":"product_information","_acfe_flexible_toggle":"","left_accordion_right_image_landing":{"module_options":{"":null,"module_id":"n6514e87d12389","module_class":"","module_background_type":"color","module_background_color":"#f1f1f1","module_background_image":false,"module_background_video":"","activate_custom_padding":false,"padding_top_desktop":"0","padding_top_tablet":"0","padding_top_mobile":"0","padding_bottom_desktop":"0","padding_bottom_tablet":"0","padding_bottom_mobile":"0","activate_custom_margin":false,"margin_top_desktop":"0","margin_top_tablet":"0","margin_top_mobile":"0","margin_bottom_desktop":"0","margin_bottom_tablet":"0","margin_bottom_mobile":"0","disable_on":[],"content_alignment_desktop":"left","content_alignment_tablet":"left","content_alignment_mobile":"left"},"intro":"Informations sur le produit","description":"","accordion":[{"title":"Logiciel","accordion_content":[{"acf_fc_layout":"full_content","accordion_description":"<p><a href=\"https:\/\/natus.com\/neuro\/neuroworks-eeg-software\/\">Le logiciel Natus NeuroWorks EEG<\/a> simplifie le processus de collecte, de surveillance, d\u2019analyse des tendances et de gestion des donn\u00e9es d\u2019EEG, permettant aux prestataires de soins de gagner du temps et de se concentrer sur la prestation des meilleurs soins.<\/p>\n<p>&nbsp;<\/p>\n<p>En tant que plateforme d\u2019EEG utilis\u00e9e par de nombreux syst\u00e8mes de sant\u00e9 et petits cabinets dans le monde, NeuroWorks a prouv\u00e9 sa fiabilit\u00e9 dans des environnements cliniques tels que les tests EEG de routine, l\u2019EEG ambulatoire, le monitorage longue dur\u00e9e (LTM), la surveillance en USI et les \u00e9tudes de recherche.<\/p>\n"},{"acf_fc_layout":"full_content","accordion_description":"<p>Les solutions compl\u00e8tes et personnalisables offertes par le <a href=\"https:\/\/natus.com\/neuro\/brain-quick-eeg-software\/\">BRAIN QUICK Software<\/a> facilitent la consultation et la g\u00e9n\u00e9ration de rapports EEG, des applications de routine aux soins intensifs et au-del\u00e0.<\/p>\n<p>En tant qu\u2019une des plateformes logicielles de premier plan et les plus fiables, le BRAIN QUICK Software dispose d\u2019outils sophistiqu\u00e9s et de capacit\u00e9s avanc\u00e9es qui sont extensibles \u00e0 travers les environnements cliniques<\/p>\n"}]},{"title":"T\u00e9l\u00e9charger la documentation produit","accordion_content":[{"acf_fc_layout":"full_content","accordion_description":"<p><strong>SD PLUS FLEXI Flyer <\/strong><br \/>\n<a href=\"https:\/\/partner.natus.com\/m\/49a1bbeccfe84b09\/original\/SD-PLUS-FLEXI-Flyer.pdf\" target=\"_blank\" rel=\"noopener\">Anglais<\/a><\/p>\n"}]},{"title":"Consommables","accordion_content":[{"acf_fc_layout":"full_content","accordion_description":"<p>Natus propose une gamme compl\u00e8te de fournitures qui r\u00e9pondra \u00e0 tous vos besoins pour les EEG.<\/p>\n<ul>\n<li>Portail en ligne pratique &#8211; <a href=\"https:\/\/natus.com\/natus-medical-stores\/\">Natus Medical Store<\/a> (disponible sur certains march\u00e9s)<\/li>\n<\/ul>\n<p>&nbsp;<\/p>\n<p><img loading=\"lazy\" decoding=\"async\" class=\"alignleft size-full wp-image-3991\" src=\"https:\/\/natus.com\/wp-content\/uploads\/EEG-Supplies_500w.png\" alt=\"\" width=\"500\" height=\"293\" \/><\/p>\n"}]}],"image_left":false}},{"acf_fc_layout":"related_products","_acfe_flexible_toggle":"","tiles_3_columns_landing":{"module_options":{"":null,"module_id":"n6514e87d1bd86","module_class":"","module_background_type":"color","module_background_color":"#f1f1f1","module_background_image":false,"module_background_video":"","activate_custom_padding":false,"padding_top_desktop":"0","padding_top_tablet":"0","padding_top_mobile":"0","padding_bottom_desktop":"0","padding_bottom_tablet":"0","padding_bottom_mobile":"0","activate_custom_margin":false,"margin_top_desktop":"0","margin_top_tablet":"0","margin_top_mobile":"0","margin_bottom_desktop":"0","margin_bottom_tablet":"0","margin_bottom_mobile":"0","disable_on":[],"content_alignment_desktop":"left","content_alignment_tablet":"left","content_alignment_mobile":"left"},"intro_text":"Produits Neuro Connexes","intro_text_color":"#005e63","intro_link":{"type":"post","value":"885","url":"https:\/\/natus.com\/neuro-products\/","name":"Neuro Products","title":"Voir Tous les Produits Neuro","target":""},"tiles":[{"label":"Logiciel d\u2019EEG","label_background_color":"#154284","image":{"ID":4266,"id":4266,"title":"NeuroWorks Related Product Photo - 500x400","filename":"Neuroworks-10-Related-Product-Photo-500x400-1.png","filesize":211965,"url":"https:\/\/natus.com\/wp-content\/uploads\/Neuroworks-10-Related-Product-Photo-500x400-1.png","link":"https:\/\/natus.com\/fr\/neuro\/systeme-eeg-ambulatoire-video-trex-hd\/neuroworks-related-product-photo-500x400-2\/","alt":"","author":"2","description":"","caption":"","name":"neuroworks-related-product-photo-500x400-2","status":"inherit","uploaded_to":9565,"date":"2023-09-14 18:10:52","modified":"2023-09-28 19:02:44","menu_order":0,"mime_type":"image\/png","type":"image","subtype":"png","icon":"https:\/\/natus.com\/wp-includes\/images\/media\/default.png","width":500,"height":400,"sizes":{"thumbnail":"https:\/\/natus.com\/wp-content\/uploads\/Neuroworks-10-Related-Product-Photo-500x400-1.png","thumbnail-width":120,"thumbnail-height":96,"medium":"https:\/\/natus.com\/wp-content\/uploads\/Neuroworks-10-Related-Product-Photo-500x400-1.png","medium-width":500,"medium-height":400,"medium_large":"https:\/\/natus.com\/wp-content\/uploads\/Neuroworks-10-Related-Product-Photo-500x400-1.png","medium_large-width":500,"medium_large-height":400,"large":"https:\/\/natus.com\/wp-content\/uploads\/Neuroworks-10-Related-Product-Photo-500x400-1.png","large-width":500,"large-height":400,"1536x1536":"https:\/\/natus.com\/wp-content\/uploads\/Neuroworks-10-Related-Product-Photo-500x400-1.png","1536x1536-width":500,"1536x1536-height":400,"2048x2048":"https:\/\/natus.com\/wp-content\/uploads\/Neuroworks-10-Related-Product-Photo-500x400-1.png","2048x2048-width":500,"2048x2048-height":400}},"title":"Logiciel d\u2019EEG Natus\u00ae NeuroWorks\u00ae","link":{"type":"post","value":"2210","url":"https:\/\/natus.com\/neuro\/neuroworks-eeg-software\/","name":"Natus\u00ae NeuroWorks\u00ae EEG Software","title":"En Savoir Plus","target":"_blank"}},{"label":"Logiciel d\u2019EEG","label_background_color":"#154284","image":{"ID":4271,"id":4271,"title":"Brainquick Software Related Product Photo - 500x400","filename":"Brain-quick-EEG-Software-Related-Product-Photo-500x400-1.png","filesize":184768,"url":"https:\/\/natus.com\/wp-content\/uploads\/Brain-quick-EEG-Software-Related-Product-Photo-500x400-1.png","link":"https:\/\/natus.com\/fr\/neuro\/soins-intensifs-neurologiques-et-lesion-cerebrale\/eeg-dans-usi\/brainquick-software-related-product-photo-500x400-2\/","alt":"BRAIN QUICK EEG Software","author":"2","description":"","caption":"","name":"brainquick-software-related-product-photo-500x400-2","status":"inherit","uploaded_to":12705,"date":"2023-09-14 18:13:12","modified":"2024-07-29 20:32:45","menu_order":0,"mime_type":"image\/png","type":"image","subtype":"png","icon":"https:\/\/natus.com\/wp-includes\/images\/media\/default.png","width":500,"height":400,"sizes":{"thumbnail":"https:\/\/natus.com\/wp-content\/uploads\/Brain-quick-EEG-Software-Related-Product-Photo-500x400-1.png","thumbnail-width":120,"thumbnail-height":96,"medium":"https:\/\/natus.com\/wp-content\/uploads\/Brain-quick-EEG-Software-Related-Product-Photo-500x400-1.png","medium-width":500,"medium-height":400,"medium_large":"https:\/\/natus.com\/wp-content\/uploads\/Brain-quick-EEG-Software-Related-Product-Photo-500x400-1.png","medium_large-width":500,"medium_large-height":400,"large":"https:\/\/natus.com\/wp-content\/uploads\/Brain-quick-EEG-Software-Related-Product-Photo-500x400-1.png","large-width":500,"large-height":400,"1536x1536":"https:\/\/natus.com\/wp-content\/uploads\/Brain-quick-EEG-Software-Related-Product-Photo-500x400-1.png","1536x1536-width":500,"1536x1536-height":400,"2048x2048":"https:\/\/natus.com\/wp-content\/uploads\/Brain-quick-EEG-Software-Related-Product-Photo-500x400-1.png","2048x2048-width":500,"2048x2048-height":400}},"title":"BRAIN QUICK\u00ae EEG Software","link":{"type":"post","value":"2575","url":"https:\/\/natus.com\/neuro\/brain-quick-eeg-software\/","name":"BRAIN QUICK\u00ae EEG Software for Ambulatory \/ LTM \/ ICU \/ NICU | Natus","title":"En Savoir Plus","target":"_blank"}},{"label":"EEG de Routine","label_background_color":"#154284","image":{"ID":5558,"id":5558,"title":"Brain Quick EEG Related Product Photo - 500x400","filename":"BQ-EEG-with-SD-PLUS-FLEXI_Related-Products-Image-500x400-1.png","filesize":157525,"url":"https:\/\/natus.com\/wp-content\/uploads\/BQ-EEG-with-SD-PLUS-FLEXI_Related-Products-Image-500x400-1.png","link":"https:\/\/natus.com\/fr\/neuro\/systeme-brain-quick-ltm\/brain-quick-eeg-related-product-photo-500x400-2\/","alt":"Brain Quick EEG ","author":"2","description":"","caption":"","name":"brain-quick-eeg-related-product-photo-500x400-2","status":"inherit","uploaded_to":9314,"date":"2023-09-19 23:40:32","modified":"2024-07-26 17:05:13","menu_order":0,"mime_type":"image\/png","type":"image","subtype":"png","icon":"https:\/\/natus.com\/wp-includes\/images\/media\/default.png","width":500,"height":400,"sizes":{"thumbnail":"https:\/\/natus.com\/wp-content\/uploads\/BQ-EEG-with-SD-PLUS-FLEXI_Related-Products-Image-500x400-1.png","thumbnail-width":120,"thumbnail-height":96,"medium":"https:\/\/natus.com\/wp-content\/uploads\/BQ-EEG-with-SD-PLUS-FLEXI_Related-Products-Image-500x400-1.png","medium-width":500,"medium-height":400,"medium_large":"https:\/\/natus.com\/wp-content\/uploads\/BQ-EEG-with-SD-PLUS-FLEXI_Related-Products-Image-500x400-1.png","medium_large-width":500,"medium_large-height":400,"large":"https:\/\/natus.com\/wp-content\/uploads\/BQ-EEG-with-SD-PLUS-FLEXI_Related-Products-Image-500x400-1.png","large-width":500,"large-height":400,"1536x1536":"https:\/\/natus.com\/wp-content\/uploads\/BQ-EEG-with-SD-PLUS-FLEXI_Related-Products-Image-500x400-1.png","1536x1536-width":500,"1536x1536-height":400,"2048x2048":"https:\/\/natus.com\/wp-content\/uploads\/BQ-EEG-with-SD-PLUS-FLEXI_Related-Products-Image-500x400-1.png","2048x2048-width":500,"2048x2048-height":400}},"title":"Syst\u00e8me BRAIN QUICK\u00ae EEG ","link":{"type":"post","value":"2677","url":"https:\/\/natus.com\/neuro\/brain-quick-eeg-system\/","name":"BRAIN QUICK\u00ae EEG System &#8211; Video EEG Monitoring | Natus","title":"En Savoir Plus","target":"_blank"}}]}},{"acf_fc_layout":"contact_form","_acfe_flexible_toggle":"","contact_form_landing":{"module_options":{"":null,"module_id":"contact-neuro","module_class":"","module_background_type":"color","module_background_color":"#f1f1f1","module_background_image":false,"module_background_video":"","activate_custom_padding":false,"padding_top_desktop":"0","padding_top_tablet":"0","padding_top_mobile":"0","padding_bottom_desktop":"0","padding_bottom_tablet":"0","padding_bottom_mobile":"0","activate_custom_margin":false,"margin_top_desktop":"0","margin_top_tablet":"0","margin_top_mobile":"0","margin_bottom_desktop":"0","margin_bottom_tablet":"0","margin_bottom_mobile":"0","disable_on":[],"content_alignment_desktop":"left","content_alignment_tablet":"left","content_alignment_mobile":"left"},"":null,"activate_intro":true,"intro_text":"Contactez Votre Repr\u00e9sentant Natus","intro_text_color":"#005e63","intro_link":null,"activate_description":true,"description_title":"","description_copy":"Pour plus d'informations sur ce produit ou tout autre produit, veuillez nous envoyer un message \u00e0 l'aide du formulaire ci-dessous.","embed_code":"<script charset=\"utf-8\" type=\"text\/javascript\" src=\"\/\/js.hsforms.net\/forms\/embed\/v2.js\"><\/script>\r\n<script>\r\n  hbspt.forms.create({\r\n    region: \"na1\",\r\n    portalId: \"3002890\",\r\n    formId: \"0f52793d-5376-4e07-bfe5-62ef62c95d16\"\r\n  });\r\n<\/script>"}},{"acf_fc_layout":"simple_content","_acfe_flexible_toggle":"","content_full_width_landing":{"module_options":{"":null,"module_id":"n6514e87d2c178","module_class":"","module_background_type":"color","module_background_color":"","module_background_image":false,"module_background_video":"","activate_custom_padding":false,"padding_top_desktop":"0","padding_top_tablet":"0","padding_top_mobile":"0","padding_bottom_desktop":"0","padding_bottom_tablet":"0","padding_bottom_mobile":"0","activate_custom_margin":false,"margin_top_desktop":"0","margin_top_tablet":"0","margin_top_mobile":"0","margin_bottom_desktop":"0","margin_bottom_tablet":"0","margin_bottom_mobile":"0","disable_on":[],"content_alignment_desktop":"left","content_alignment_tablet":"left","content_alignment_mobile":"left"},"content":"<p><span style=\"font-size: 11px;\">049186 RevA<\/span><\/p>\n"}}],"schema_markup":[{"acf_fc_layout":"schema_markup_product","_acfe_flexible_toggle":"","schema_markup_product":{"enable_schema":true,"":null,"device_name":"Amplificateur Micromed\u00ae SD PLUS FLEXI EEG","device_image":"https:\/\/natus.com\/wp-content\/uploads\/SD-PLUS-FLEXI_Related-Product-Image_500x400.png","device_desc":"D\u00e9couvrez l\u2019amplificateur EEG Micromed SD PLUS & FLEXI de Natus \u2013 des solutions avanc\u00e9es et performantes pour les applications EEG, LTM, ICU et de recherche. Compact, flexible et con\u00e7u pour une surveillance neurodiagnostique fiable.","device_purpose":"","manufacturer_name":"Natus Medical Incorporated","manufacturer_url":"https:\/\/natus.com","brand_name":"Natus","page_url":"https:\/\/natus.com\/fr\/neuro\/amplificateur-micromed-sd-plus-flexi-eeg\/","in_language":"fr","medical_specialty":[]}}]},"_links":{"self":[{"href":"https:\/\/natus.com\/fr\/wp-json\/wp\/v2\/pages\/24664","targetHints":{"allow":["GET"]}}],"collection":[{"href":"https:\/\/natus.com\/fr\/wp-json\/wp\/v2\/pages"}],"about":[{"href":"https:\/\/natus.com\/fr\/wp-json\/wp\/v2\/types\/page"}],"author":[{"embeddable":true,"href":"https:\/\/natus.com\/fr\/wp-json\/wp\/v2\/users\/3"}],"replies":[{"embeddable":true,"href":"https:\/\/natus.com\/fr\/wp-json\/wp\/v2\/comments?post=24664"}],"version-history":[{"count":6,"href":"https:\/\/natus.com\/fr\/wp-json\/wp\/v2\/pages\/24664\/revisions"}],"predecessor-version":[{"id":25506,"href":"https:\/\/natus.com\/fr\/wp-json\/wp\/v2\/pages\/24664\/revisions\/25506"}],"up":[{"embeddable":true,"href":"https:\/\/natus.com\/fr\/wp-json\/wp\/v2\/pages\/10461"}],"wp:attachment":[{"href":"https:\/\/natus.com\/fr\/wp-json\/wp\/v2\/media?parent=24664"}],"wp:term":[{"taxonomy":"category","embeddable":true,"href":"https:\/\/natus.com\/fr\/wp-json\/wp\/v2\/categories?post=24664"},{"taxonomy":"post_tag","embeddable":true,"href":"https:\/\/natus.com\/fr\/wp-json\/wp\/v2\/tags?post=24664"}],"curies":[{"name":"wp","href":"https:\/\/api.w.org\/{rel}","templated":true}]}}