{"id":25687,"date":"2025-10-31T19:16:05","date_gmt":"2025-10-31T19:16:05","guid":{"rendered":"https:\/\/natus.com\/autoscore-faqs\/"},"modified":"2026-01-22T17:42:17","modified_gmt":"2026-01-22T17:42:17","slug":"faq-sur-autoscore","status":"publish","type":"page","link":"https:\/\/natus.com\/fr\/faq-sur-autoscore\/","title":{"rendered":"FAQ sur autoSCORE"},"content":{"rendered":"","protected":false},"excerpt":{"rendered":"","protected":false},"author":3,"featured_media":0,"parent":0,"menu_order":0,"comment_status":"closed","ping_status":"closed","template":"","meta":{"_acf_changed":false,"footnotes":""},"categories":[],"tags":[],"class_list":["post-25687","page","type-page","status-publish","hentry"],"acf":{"content_blocks":[{"acf_fc_layout":"simple_content","_acfe_flexible_layout_title":null,"_acfe_flexible_toggle":null,"content_full_width_landing":{"module_options":{"":null,"module_id":"n6900e23aef134","module_class":"","module_background_type":"image","module_background_color":"","module_background_image":"https:\/\/natus.com\/wp-content\/uploads\/Autoscore-CoverImage-HERO.jpg","module_background_video":"","activate_custom_padding":false,"padding_top_desktop":0,"padding_top_tablet":"","padding_top_mobile":"","padding_bottom_desktop":"","padding_bottom_tablet":"","padding_bottom_mobile":"","activate_custom_margin":false,"margin_top_desktop":"","margin_top_tablet":"","margin_top_mobile":"","margin_bottom_desktop":"","margin_bottom_tablet":"","margin_bottom_mobile":"","disable_on":[],"content_alignment_desktop":"left","content_alignment_tablet":"left","content_alignment_mobile":"left"},"content":"<p>&nbsp;<\/p>\n<p>&nbsp;<\/p>\n<p>&nbsp;<\/p>\n<p>&nbsp;<\/p>\n<p>&nbsp;<\/p>\n<p>&nbsp;<\/p>\n<p>&nbsp;<\/p>\n<p>&nbsp;<\/p>\n<h1 style=\"text-align: center;\"><span style=\"color: #ffffff;\">FAQ sur autoSCORE<\/span><\/h1>\n"}},{"acf_fc_layout":"simple_content","_acfe_flexible_layout_title":null,"_acfe_flexible_toggle":null,"content_full_width_landing":{"module_options":{"":null,"module_id":"n6514c7b77fa50","module_class":"","module_background_type":"color","module_background_color":"","module_background_image":false,"module_background_video":"","activate_custom_padding":false,"padding_top_desktop":0,"padding_top_tablet":"","padding_top_mobile":"","padding_bottom_desktop":"","padding_bottom_tablet":"","padding_bottom_mobile":"","activate_custom_margin":false,"margin_top_desktop":"","margin_top_tablet":"","margin_top_mobile":"","margin_bottom_desktop":"","margin_bottom_tablet":"","margin_bottom_mobile":"","disable_on":[],"content_alignment_desktop":"left","content_alignment_tablet":"left","content_alignment_mobile":"left"},"content":"<h6><span style=\"color: #008c9a;\">Quelle est l&rsquo;utilit\u00e9 de l&rsquo;IA dans les analyses EEG ? <\/span><\/h6>\n<p>Les neurologues et les \u00e9pileptologues s&rsquo;appuient de plus en plus sur l&rsquo;IA pour effectuer des analyses EEG plus rapides afin de d\u00e9tecter et de hi\u00e9rarchiser les anomalies beaucoup plus rapidement. En tant que leader dans cette cat\u00e9gorie, Natus autoSCORE est le premier mod\u00e8le au monde bas\u00e9 sur l&rsquo;intelligence artificielle qui fournit une interpr\u00e9tation clinique compl\u00e8te des EEG, avec une pr\u00e9cision \u00e9quivalente \u00e0 celle des experts m\u00e9dicaux.<\/p>\n<p>&nbsp;<\/p>\n<p>&nbsp;<\/p>\n<h6><span style=\"color: #008c9a;\">\u00c0 quels utilisateurs autoSCORE est-il destin\u00e9 ?<\/span><\/h6>\n<p>Les utilisateurs pr\u00e9vus sont des professionnels d\u00fbment form\u00e9s et qualifi\u00e9s pour examiner cliniquement les enregistrements EEG.<\/p>\n<h4><\/h4>\n<p>&nbsp;<\/p>\n<h6><span style=\"color: #008c9a;\">Pour quels types d&rsquo;EEG autoSCORE peut-il \u00eatre utilis\u00e9 ? <\/span><\/h6>\n<p>autoSCORE est destin\u00e9 \u00e0 \u00eatre utilis\u00e9 pour l&rsquo;analyse des enregistrements EEG de routine, de monitorage longue dur\u00e9e et en ambulatoire, chez l&rsquo;adulte et chez l&rsquo;enfant, sur une plage 1 020 compl\u00e8te plus un canal EKG. autoSCORE n&rsquo;est pas destin\u00e9 \u00e0 \u00eatre utilis\u00e9 pour les enregistrements en soins intensifs et n\u00e9onatals.<\/p>\n<p>&nbsp;<\/p>\n<p>&nbsp;<\/p>\n<h6><span style=\"color: #008c9a;\">Avec quel logiciel EEG autoSCORE est-il compatible ? <\/span><\/h6>\n<p>autoSCORE est exclusivement disponible chez Natus et est actuellement compatible avec NeuroWorks 10 GMA5.<\/p>\n<p>&nbsp;<\/p>\n<p>&nbsp;<\/p>\n<h6><span style=\"color: #008c9a;\">AutoSCORE fournit-il des conclusions diagnostiques pour remplacer l&rsquo;examen du m\u00e9decin ? <\/span><\/h6>\n<p>Non, l&rsquo;utilisateur est tenu d&rsquo;examiner l&rsquo;EEG et d&rsquo;exercer son jugement clinique pour conclure de mani\u00e8re ind\u00e9pendante \u00e0 l&rsquo;existence ou non d&rsquo;une maladie c\u00e9r\u00e9brale.<\/p>\n<p>&nbsp;<\/p>\n<p>&nbsp;<\/p>\n<h6><span style=\"color: #008c9a;\">Quelles classifications d&rsquo;anomalies autoSCORE fournit-il ? <\/span><\/h6>\n<p>autoSCORE est capable d&rsquo;identifier les EEG normaux. Pour les enregistrements anormaux, autoSCORE sous-classe les anomalies en quatre cat\u00e9gories cliniquement pertinentes :<\/p>\n<ul>\n<li>\u00c9pileptiforme \u2013 focale<\/li>\n<li>\u00c9pileptiforme \u2013 g\u00e9n\u00e9ralis\u00e9e<\/li>\n<li>Non \u00e9pileptiforme \u2013 focale<\/li>\n<li>Non \u00e9pileptiforme \u2013 diffuse<\/li>\n<\/ul>\n<p>&nbsp;<\/p>\n<p>&nbsp;<\/p>\n<h6><span style=\"color: #008c9a;\">Que signifie le pourcentage (%) de probabilit\u00e9 ? <\/span><\/h6>\n<p>Dans les algorithmes d&rsquo;IA, les valeurs en % indiquent le niveau de confiance des r\u00e9sultats d&rsquo;analyse, tels que les marqueurs d&rsquo;anomalie dans l&rsquo;\u00e9tude, la conclusion normale\/anormale au niveau de l&rsquo;\u00e9tude et les sous-cat\u00e9gories au niveau de l&rsquo;\u00e9tude (\u00e9tudes &lt;4h). Plus les pourcentages sont \u00e9lev\u00e9s, plus les utilisateurs peuvent faire confiance aux conclusions d&rsquo;autoSCORE. Les d\u00e9tections avec des valeurs de pourcentage de probabilit\u00e9 plus faibles n\u00e9cessitent plus d&rsquo;attention et \u00e9ventuellement une expertise pour leur examen.<\/p>\n<p>&nbsp;<\/p>\n<p>&nbsp;<\/p>\n<h6><span style=\"color: #008c9a;\">L&rsquo;algorithme d&rsquo;IA d&rsquo;autoSCORE \u00e9volue-t-il ou s&rsquo;am\u00e9liore-t-il de lui-m\u00eame au fil du temps ? <\/span><\/h6>\n<p>Non, autoSCORE est un algorithme verrouill\u00e9 entra\u00een\u00e9 selon les principes du deep learning pour indiquer les sections de l&rsquo;EEG pr\u00e9sentant des anomalies, ce qui permet de fournir des performances contr\u00f4l\u00e9es.<\/p>\n<p>&nbsp;<\/p>\n<p>&nbsp;<\/p>\n<h6><span style=\"color: #008c9a;\">autoSCORE est-il s\u00e9curis\u00e9 ? <\/span><\/h6>\n<p>autoSCORE est un outil d&rsquo;analyse s&rsquo;ex\u00e9cutant sur le syst\u00e8me d&rsquo;EEG local, tout comme les autres outils d&rsquo;analyse non bas\u00e9s sur l&rsquo;IA dans NeuroWorks. autoSCORE ne r\u00e9pond pas \u00e0 la d\u00e9finition d&rsquo;un cyberdispositif : Il ne transmet pas de donn\u00e9es cliniques via le r\u00e9seau local ni sur Internet. autoSCORE ne communique avec aucun syst\u00e8me de sant\u00e9 et ne collecte aucune information de sant\u00e9 prot\u00e9g\u00e9e.<\/p>\n<p>&nbsp;<\/p>\n<p>&nbsp;<\/p>\n<h6><span style=\"color: #008c9a;\">Comment autoSCORE se positionne-t-il par rapport aux d\u00e9tecteurs de pics et de convulsions ? <\/span><\/h6>\n<p>autoSCORE fournit une classification plus compl\u00e8te des anomalies EEG que les d\u00e9tecteurs actuellement sur le march\u00e9. Contrairement aux d\u00e9tecteurs de pics et de convulsions classiques, autoSCORE \u00e9value non seulement les anomalies \u00e9pileptiformes, mais aussi les anomalies non \u00e9pileptiformes, orientant ainsi le diagnostic et le traitement correspondant. Les d\u00e9tecteurs de pics et de convulsions ne fournissent pas non plus d&rsquo;\u00e9valuation au niveau de l&rsquo;\u00e9tude qui informe les \u00e9quipes de soins si un EEG est normal ou anormal. Avec une sensibilit\u00e9 similaire \u00e0 celle des experts humains et sup\u00e9rieure \u00e0 celle des d\u00e9tecteurs existants bas\u00e9s sur l&rsquo;IA, autoSCORE est entra\u00een\u00e9 pour limiter les d\u00e9tections erron\u00e9es.<\/p>\n"}},{"acf_fc_layout":"simple_content","_acfe_flexible_layout_title":null,"_acfe_flexible_toggle":null,"content_full_width_landing":{"module_options":{"":null,"module_id":"n69011c8670d51","module_class":"","module_background_type":"color","module_background_color":"","module_background_image":false,"module_background_video":"","activate_custom_padding":false,"padding_top_desktop":0,"padding_top_tablet":"","padding_top_mobile":"","padding_bottom_desktop":"","padding_bottom_tablet":"","padding_bottom_mobile":"","activate_custom_margin":false,"margin_top_desktop":"","margin_top_tablet":"","margin_top_mobile":"","margin_bottom_desktop":"","margin_bottom_tablet":"","margin_bottom_mobile":"","disable_on":[],"content_alignment_desktop":"left","content_alignment_tablet":"left","content_alignment_mobile":"left"},"content":"<p><span style=\"font-size: 11px;\">\u00a0052139 RevA<\/span><\/p>\n"}}]},"_links":{"self":[{"href":"https:\/\/natus.com\/fr\/wp-json\/wp\/v2\/pages\/25687","targetHints":{"allow":["GET"]}}],"collection":[{"href":"https:\/\/natus.com\/fr\/wp-json\/wp\/v2\/pages"}],"about":[{"href":"https:\/\/natus.com\/fr\/wp-json\/wp\/v2\/types\/page"}],"author":[{"embeddable":true,"href":"https:\/\/natus.com\/fr\/wp-json\/wp\/v2\/users\/3"}],"replies":[{"embeddable":true,"href":"https:\/\/natus.com\/fr\/wp-json\/wp\/v2\/comments?post=25687"}],"version-history":[{"count":3,"href":"https:\/\/natus.com\/fr\/wp-json\/wp\/v2\/pages\/25687\/revisions"}],"predecessor-version":[{"id":25693,"href":"https:\/\/natus.com\/fr\/wp-json\/wp\/v2\/pages\/25687\/revisions\/25693"}],"wp:attachment":[{"href":"https:\/\/natus.com\/fr\/wp-json\/wp\/v2\/media?parent=25687"}],"wp:term":[{"taxonomy":"category","embeddable":true,"href":"https:\/\/natus.com\/fr\/wp-json\/wp\/v2\/categories?post=25687"},{"taxonomy":"post_tag","embeddable":true,"href":"https:\/\/natus.com\/fr\/wp-json\/wp\/v2\/tags?post=25687"}],"curies":[{"name":"wp","href":"https:\/\/api.w.org\/{rel}","templated":true}]}}