{"id":8358,"date":"2023-07-26T14:53:54","date_gmt":"2023-07-26T14:53:54","guid":{"rendered":"https:\/\/natus.com\/support\/"},"modified":"2024-07-19T14:17:39","modified_gmt":"2024-07-19T14:17:39","slug":"assistance","status":"publish","type":"page","link":"https:\/\/natus.com\/fr\/assistance\/","title":{"rendered":"Service et Assistance"},"content":{"rendered":"","protected":false},"excerpt":{"rendered":"","protected":false},"author":1,"featured_media":0,"parent":0,"menu_order":0,"comment_status":"closed","ping_status":"closed","template":"templates\/page-service-support.php","meta":{"_acf_changed":false,"footnotes":""},"categories":[],"tags":[],"class_list":["post-8358","page","type-page","status-publish","hentry"],"acf":{"content_blocks":[{"acf_fc_layout":"spacer","_acfe_flexible_toggle":"","spacer":{"module_options":{"":null,"module_id":"n6514b834e094f","module_class":"","module_background_type":"color","module_background_color":"#00aaa7","module_background_image":false,"module_background_video":"","activate_custom_padding":false,"padding_top_desktop":"0","padding_top_tablet":"0","padding_top_mobile":"0","padding_bottom_desktop":"0","padding_bottom_tablet":"0","padding_bottom_mobile":"0","activate_custom_margin":false,"margin_top_desktop":"0","margin_top_tablet":"0","margin_top_mobile":"0","margin_bottom_desktop":"0","margin_bottom_tablet":"0","margin_bottom_mobile":"0","disable_on":[],"content_alignment_desktop":"left","content_alignment_tablet":"left","content_alignment_mobile":"left"},"height":"300"}},{"acf_fc_layout":"service_and_support_tiles","_acfe_flexible_toggle":"","service_and_support_tiles":{"module_options":{"":null,"module_id":"n6514b834e65ab","module_class":"","module_background_type":"color","module_background_color":"","module_background_image":false,"module_background_video":"","activate_custom_padding":false,"padding_top_desktop":"0","padding_top_tablet":"0","padding_top_mobile":"0","padding_bottom_desktop":"0","padding_bottom_tablet":"0","padding_bottom_mobile":"0","activate_custom_margin":false,"margin_top_desktop":"0","margin_top_tablet":"0","margin_top_mobile":"0","margin_bottom_desktop":"0","margin_bottom_tablet":"0","margin_bottom_mobile":"0","disable_on":[],"content_alignment_desktop":"left","content_alignment_tablet":"left","content_alignment_mobile":"left"},"intro_title":"Service et Assistance Natus ","intro_description":"La promesse d\u2019excellence de Natus ne prend pas fin apr\u00e8s l\u2019achat de votre produit. Ceci ne repr\u00e9sente que le d\u00e9but de notre assistance \u00e0 long terme. <br \/>\r\n<br \/>\r\nNatus est une entreprise internationale qui, depuis plus de 80\u202fans, r\u00e9pond aux besoins des cliniciens du monde entier. Elle est garante de la qualit\u00e9 de ses produits et encourage ses clients \u00e0 les adopter et \u00e0 les utiliser efficacement gr\u00e2ce \u00e0 un service client\u00e8le exceptionnel et \u00e0 une assistance permanente. ","tiles":[{"icon":{"ID":1064,"id":1064,"title":"customer-support-icon","filename":"customer-support-icon.svg","filesize":2419,"url":"https:\/\/natus.com\/wp-content\/uploads\/customer-support-icon.svg","link":"https:\/\/natus.com\/fr\/assistance\/customer-support-icon-2\/","alt":"Icon - People","author":"1","description":"","caption":"","name":"customer-support-icon-2","status":"inherit","uploaded_to":8358,"date":"2023-08-07 16:05:58","modified":"2024-07-26 15:19:58","menu_order":0,"mime_type":"image\/svg+xml","type":"image","subtype":"svg+xml","icon":"https:\/\/natus.com\/wp-includes\/images\/media\/default.png","width":160,"height":160,"sizes":{"thumbnail":"https:\/\/natus.com\/wp-content\/uploads\/customer-support-icon.svg","thumbnail-width":160,"thumbnail-height":160,"medium":"https:\/\/natus.com\/wp-content\/uploads\/customer-support-icon.svg","medium-width":160,"medium-height":160,"medium_large":"https:\/\/natus.com\/wp-content\/uploads\/customer-support-icon.svg","medium_large-width":160,"medium_large-height":160,"large":"https:\/\/natus.com\/wp-content\/uploads\/customer-support-icon.svg","large-width":160,"large-height":160,"1536x1536":"https:\/\/natus.com\/wp-content\/uploads\/customer-support-icon.svg","1536x1536-width":160,"1536x1536-height":160,"2048x2048":"https:\/\/natus.com\/wp-content\/uploads\/customer-support-icon.svg","2048x2048-width":160,"2048x2048-height":160}},"title":"Assistance Client\u00e8le ","description":"Questions concernant votre compte ou votre contrat de service, informations sur les produits Natus ou questions d\u2019ordre g\u00e9n\u00e9ral ","link":{"type":"post","value":"11778","url":"https:\/\/natus.com\/fr\/assistance\/assistance-clientele\/","name":"Assistance Client\u00e8le","title":"POUR COMMENCER ","target":""}},{"icon":{"ID":1070,"id":1070,"title":"technical-service-icon","filename":"technical-service-icon.svg","filesize":1368,"url":"https:\/\/natus.com\/wp-content\/uploads\/technical-service-icon.svg","link":"https:\/\/natus.com\/fr\/assistance\/technical-service-icon-2\/","alt":"Icon - Tools","author":"1","description":"","caption":"","name":"technical-service-icon-2","status":"inherit","uploaded_to":8358,"date":"2023-08-07 16:16:54","modified":"2024-07-26 15:19:52","menu_order":0,"mime_type":"image\/svg+xml","type":"image","subtype":"svg+xml","icon":"https:\/\/natus.com\/wp-includes\/images\/media\/default.png","width":160,"height":160,"sizes":{"thumbnail":"https:\/\/natus.com\/wp-content\/uploads\/technical-service-icon.svg","thumbnail-width":160,"thumbnail-height":160,"medium":"https:\/\/natus.com\/wp-content\/uploads\/technical-service-icon.svg","medium-width":160,"medium-height":160,"medium_large":"https:\/\/natus.com\/wp-content\/uploads\/technical-service-icon.svg","medium_large-width":160,"medium_large-height":160,"large":"https:\/\/natus.com\/wp-content\/uploads\/technical-service-icon.svg","large-width":160,"large-height":160,"1536x1536":"https:\/\/natus.com\/wp-content\/uploads\/technical-service-icon.svg","1536x1536-width":160,"1536x1536-height":160,"2048x2048":"https:\/\/natus.com\/wp-content\/uploads\/technical-service-icon.svg","2048x2048-width":160,"2048x2048-height":160}},"title":"Service Technique ","description":"Questions sur votre produit, assistance technique, garantie des produits","link":{"type":"post","value":"11788","url":"https:\/\/natus.com\/fr\/assistance\/service-technique\/","name":"Service Technique","title":"POUR COMMENCER","target":""}},{"icon":{"ID":1075,"id":1075,"title":"service-programs-icon","filename":"service-programs-icon.svg","filesize":123258,"url":"https:\/\/natus.com\/wp-content\/uploads\/service-programs-icon.svg","link":"https:\/\/natus.com\/fr\/assistance\/service-programs-icon-2\/","alt":"Icon - Natus Care Wax Seal","author":"1","description":"","caption":"","name":"service-programs-icon-2","status":"inherit","uploaded_to":8358,"date":"2023-08-07 16:17:09","modified":"2024-07-26 15:19:38","menu_order":0,"mime_type":"image\/svg+xml","type":"image","subtype":"svg+xml","icon":"https:\/\/natus.com\/wp-includes\/images\/media\/default.png","width":160,"height":160,"sizes":{"thumbnail":"https:\/\/natus.com\/wp-content\/uploads\/service-programs-icon.svg","thumbnail-width":160,"thumbnail-height":160,"medium":"https:\/\/natus.com\/wp-content\/uploads\/service-programs-icon.svg","medium-width":160,"medium-height":160,"medium_large":"https:\/\/natus.com\/wp-content\/uploads\/service-programs-icon.svg","medium_large-width":160,"medium_large-height":160,"large":"https:\/\/natus.com\/wp-content\/uploads\/service-programs-icon.svg","large-width":160,"large-height":160,"1536x1536":"https:\/\/natus.com\/wp-content\/uploads\/service-programs-icon.svg","1536x1536-width":160,"1536x1536-height":160,"2048x2048":"https:\/\/natus.com\/wp-content\/uploads\/service-programs-icon.svg","2048x2048-width":160,"2048x2048-height":160}},"title":"Programmes de Services","description":"En savoir plus sur les programmes d\u2019abonnement Natus FlexSelect et de services Natus Care ","link":{"type":"post","value":"11792","url":"https:\/\/natus.com\/fr\/assistance\/programmes-services\/","name":"Programmes de Services","title":"POUR COMMENCER","target":""}},{"icon":{"ID":1080,"id":1080,"title":"natus-trust-center-icon","filename":"natus-trust-center-icon.svg","filesize":2718,"url":"https:\/\/natus.com\/wp-content\/uploads\/natus-trust-center-icon.svg","link":"https:\/\/natus.com\/fr\/assistance\/natus-trust-center-icon-2\/","alt":"Icon - Shaking Hands","author":"1","description":"","caption":"","name":"natus-trust-center-icon-2","status":"inherit","uploaded_to":8358,"date":"2023-08-07 16:17:25","modified":"2024-07-26 15:19:15","menu_order":0,"mime_type":"image\/svg+xml","type":"image","subtype":"svg+xml","icon":"https:\/\/natus.com\/wp-includes\/images\/media\/default.png","width":160,"height":160,"sizes":{"thumbnail":"https:\/\/natus.com\/wp-content\/uploads\/natus-trust-center-icon.svg","thumbnail-width":160,"thumbnail-height":160,"medium":"https:\/\/natus.com\/wp-content\/uploads\/natus-trust-center-icon.svg","medium-width":160,"medium-height":160,"medium_large":"https:\/\/natus.com\/wp-content\/uploads\/natus-trust-center-icon.svg","medium_large-width":160,"medium_large-height":160,"large":"https:\/\/natus.com\/wp-content\/uploads\/natus-trust-center-icon.svg","large-width":160,"large-height":160,"1536x1536":"https:\/\/natus.com\/wp-content\/uploads\/natus-trust-center-icon.svg","1536x1536-width":160,"1536x1536-height":160,"2048x2048":"https:\/\/natus.com\/wp-content\/uploads\/natus-trust-center-icon.svg","2048x2048-width":160,"2048x2048-height":160}},"title":"Centre de S\u00e9curit\u00e9 Natus","description":"Prenez connaissance du programme de s\u00e9curit\u00e9 des produits Natus, t\u00e9l\u00e9chargez les bulletins de s\u00e9curit\u00e9 ","link":{"type":"post","value":"11796","url":"https:\/\/natus.com\/fr\/assistance\/centre-securite-natus\/","name":"Centre de s\u00e9curit\u00e9 Natus","title":"POUR COMMENCER","target":""}},{"icon":{"ID":1085,"id":1085,"title":"product-knowledge-center-icon","filename":"product-knowledge-center-icon.svg","filesize":1320,"url":"https:\/\/natus.com\/wp-content\/uploads\/product-knowledge-center-icon.svg","link":"https:\/\/natus.com\/fr\/assistance\/product-knowledge-center-icon-2\/","alt":"Document Page Icon","author":"1","description":"","caption":"","name":"product-knowledge-center-icon-2","status":"inherit","uploaded_to":8358,"date":"2023-08-07 16:17:42","modified":"2024-07-26 15:18:57","menu_order":0,"mime_type":"image\/svg+xml","type":"image","subtype":"svg+xml","icon":"https:\/\/natus.com\/wp-includes\/images\/media\/default.png","width":160,"height":160,"sizes":{"thumbnail":"https:\/\/natus.com\/wp-content\/uploads\/product-knowledge-center-icon.svg","thumbnail-width":160,"thumbnail-height":160,"medium":"https:\/\/natus.com\/wp-content\/uploads\/product-knowledge-center-icon.svg","medium-width":160,"medium-height":160,"medium_large":"https:\/\/natus.com\/wp-content\/uploads\/product-knowledge-center-icon.svg","medium_large-width":160,"medium_large-height":160,"large":"https:\/\/natus.com\/wp-content\/uploads\/product-knowledge-center-icon.svg","large-width":160,"large-height":160,"1536x1536":"https:\/\/natus.com\/wp-content\/uploads\/product-knowledge-center-icon.svg","1536x1536-width":160,"1536x1536-height":160,"2048x2048":"https:\/\/natus.com\/wp-content\/uploads\/product-knowledge-center-icon.svg","2048x2048-width":160,"2048x2048-height":160}},"title":"Centre de Connaissances sur les Produits ","description":"Trouvez des informations sur votre produit, acc\u00e9dez aux modes d\u2019emploi ","link":{"type":"url","value":"https:\/\/natus.bynder.com\/web\/3109238f80bad185\/product-knowledge-center\/","url":"https:\/\/natus.bynder.com\/web\/3109238f80bad185\/product-knowledge-center\/","name":"https:\/\/natus.bynder.com\/web\/3109238f80bad185\/product-knowledge-center\/","title":"POUR COMMENCER","target":""}},{"icon":{"ID":1090,"id":1090,"title":"software-download-center-icon","filename":"software-download-center-icon.svg","filesize":823,"url":"https:\/\/natus.com\/wp-content\/uploads\/software-download-center-icon.svg","link":"https:\/\/natus.com\/fr\/assistance\/software-download-center-icon-2\/","alt":"Software Download Icon","author":"1","description":"","caption":"","name":"software-download-center-icon-2","status":"inherit","uploaded_to":8358,"date":"2023-08-07 16:17:58","modified":"2024-07-26 15:18:39","menu_order":0,"mime_type":"image\/svg+xml","type":"image","subtype":"svg+xml","icon":"https:\/\/natus.com\/wp-includes\/images\/media\/default.png","width":160,"height":160,"sizes":{"thumbnail":"https:\/\/natus.com\/wp-content\/uploads\/software-download-center-icon.svg","thumbnail-width":160,"thumbnail-height":160,"medium":"https:\/\/natus.com\/wp-content\/uploads\/software-download-center-icon.svg","medium-width":160,"medium-height":160,"medium_large":"https:\/\/natus.com\/wp-content\/uploads\/software-download-center-icon.svg","medium_large-width":160,"medium_large-height":160,"large":"https:\/\/natus.com\/wp-content\/uploads\/software-download-center-icon.svg","large-width":160,"large-height":160,"1536x1536":"https:\/\/natus.com\/wp-content\/uploads\/software-download-center-icon.svg","1536x1536-width":160,"1536x1536-height":160,"2048x2048":"https:\/\/natus.com\/wp-content\/uploads\/software-download-center-icon.svg","2048x2048-width":160,"2048x2048-height":160}},"title":"Centre de T\u00e9l\u00e9chargement de Logiciels","description":"T\u00e9l\u00e9chargez les derni\u00e8res versions des logiciels pour votre produit Natus ","link":{"type":"url","value":"https:\/\/natus.bynder.com\/web\/276e6331d0e588c8\/resource-library-software\/","url":"https:\/\/natus.bynder.com\/web\/276e6331d0e588c8\/resource-library-software\/","name":"https:\/\/natus.bynder.com\/web\/276e6331d0e588c8\/resource-library-software\/","title":"POUR COMMENCER","target":"_blank"}}]}},{"acf_fc_layout":"product_manuals_eifus","_acfe_flexible_toggle":"","left_image_right_content_single_cta_landing":{"module_options":{"":null,"module_id":"n6514b8371d569","module_class":"","module_background_type":"color","module_background_color":"","module_background_image":false,"module_background_video":"","activate_custom_padding":false,"padding_top_desktop":"0","padding_top_tablet":"0","padding_top_mobile":"0","padding_bottom_desktop":"0","padding_bottom_tablet":"0","padding_bottom_mobile":"0","activate_custom_margin":false,"margin_top_desktop":"0","margin_top_tablet":"0","margin_top_mobile":"0","margin_bottom_desktop":"0","margin_bottom_tablet":"0","margin_bottom_mobile":"0","disable_on":[],"content_alignment_desktop":"left","content_alignment_tablet":"left","content_alignment_mobile":"left"},"":null,"image":{"ID":4336,"id":4336,"title":"Doctor on a tablet 800x450","filename":"Doctor-on-a-tablet-800x450-1.png","filesize":433489,"url":"https:\/\/natus.com\/wp-content\/uploads\/Doctor-on-a-tablet-800x450-1.png","link":"https:\/\/natus.com\/fr\/assistance\/doctor-on-a-tablet-800x450-2\/","alt":"Doctor on a tablet","author":"2","description":"","caption":"","name":"doctor-on-a-tablet-800x450-2","status":"inherit","uploaded_to":8358,"date":"2023-09-14 19:11:09","modified":"2024-07-29 20:27:08","menu_order":0,"mime_type":"image\/png","type":"image","subtype":"png","icon":"https:\/\/natus.com\/wp-includes\/images\/media\/default.png","width":800,"height":450,"sizes":{"thumbnail":"https:\/\/natus.com\/wp-content\/uploads\/Doctor-on-a-tablet-800x450-1.png","thumbnail-width":128,"thumbnail-height":72,"medium":"https:\/\/natus.com\/wp-content\/uploads\/Doctor-on-a-tablet-800x450-1.png","medium-width":800,"medium-height":450,"medium_large":"https:\/\/natus.com\/wp-content\/uploads\/Doctor-on-a-tablet-800x450-1-768x432.png","medium_large-width":768,"medium_large-height":432,"large":"https:\/\/natus.com\/wp-content\/uploads\/Doctor-on-a-tablet-800x450-1.png","large-width":800,"large-height":450,"1536x1536":"https:\/\/natus.com\/wp-content\/uploads\/Doctor-on-a-tablet-800x450-1.png","1536x1536-width":800,"1536x1536-height":450,"2048x2048":"https:\/\/natus.com\/wp-content\/uploads\/Doctor-on-a-tablet-800x450-1.png","2048x2048-width":800,"2048x2048-height":450}},"activate_image_caption":false,"image_caption_icon":false,"image_caption_title":"","image_caption_description":"","label":"T\u00c9L\u00c9CHARGEMENTS","title":"Centre de Connaissances sur les Produits ","description":"<p>Besoin d\u2019un manuel ou d\u2019un mode d\u2019emploi pour votre produit Natus\u202f? Acc\u00e9dez \u00e0 notre centre de connaissances sur les produits.<\/p>\n<p>&nbsp;<\/p>\n<p><a href=\"https:\/\/natus.bynder.com\/web\/6b2b59adbe92f133\/archived-product-manuals-\/\">Pour consulter les r\u00e9visions pr\u00e9c\u00e9dentes des instructions d\u2019utilisation \u00e9lectroniques des produits, cliquez ici. <\/a><\/p>\n","link":{"type":"url","value":"https:\/\/natus.bynder.com\/web\/3109238f80bad185\/product-knowledge-center\/","url":"https:\/\/natus.bynder.com\/web\/3109238f80bad185\/product-knowledge-center\/","name":"https:\/\/natus.bynder.com\/web\/3109238f80bad185\/product-knowledge-center\/","title":"Acc\u00e9der","target":"_blank"}}},{"acf_fc_layout":"product_manuals_eifus","_acfe_flexible_toggle":"","left_image_right_content_single_cta_landing":{"module_options":{"":null,"module_id":"n6514b837563ca","module_class":"","module_background_type":"color","module_background_color":"","module_background_image":false,"module_background_video":"","activate_custom_padding":false,"padding_top_desktop":"0","padding_top_tablet":"0","padding_top_mobile":"0","padding_bottom_desktop":"0","padding_bottom_tablet":"0","padding_bottom_mobile":"0","activate_custom_margin":false,"margin_top_desktop":"0","margin_top_tablet":"0","margin_top_mobile":"0","margin_bottom_desktop":"0","margin_bottom_tablet":"0","margin_bottom_mobile":"0","disable_on":[],"content_alignment_desktop":"left","content_alignment_tablet":"left","content_alignment_mobile":"left"},"":null,"image":{"ID":7506,"id":7506,"title":"Doctors collaboration 2 800x450","filename":"Doctors-collaboration-2-800x450-1.png","filesize":548713,"url":"https:\/\/natus.com\/wp-content\/uploads\/Doctors-collaboration-2-800x450-1.png","link":"https:\/\/natus.com\/fr\/assistance\/doctors-collaboration-2-800x450-2\/","alt":"Doctors collaboration 2","author":"2","description":"","caption":"","name":"doctors-collaboration-2-800x450-2","status":"inherit","uploaded_to":8358,"date":"2023-09-26 21:43:28","modified":"2024-07-26 15:29:50","menu_order":0,"mime_type":"image\/png","type":"image","subtype":"png","icon":"https:\/\/natus.com\/wp-includes\/images\/media\/default.png","width":800,"height":450,"sizes":{"thumbnail":"https:\/\/natus.com\/wp-content\/uploads\/Doctors-collaboration-2-800x450-1.png","thumbnail-width":128,"thumbnail-height":72,"medium":"https:\/\/natus.com\/wp-content\/uploads\/Doctors-collaboration-2-800x450-1.png","medium-width":800,"medium-height":450,"medium_large":"https:\/\/natus.com\/wp-content\/uploads\/Doctors-collaboration-2-800x450-1-768x432.png","medium_large-width":768,"medium_large-height":432,"large":"https:\/\/natus.com\/wp-content\/uploads\/Doctors-collaboration-2-800x450-1.png","large-width":800,"large-height":450,"1536x1536":"https:\/\/natus.com\/wp-content\/uploads\/Doctors-collaboration-2-800x450-1.png","1536x1536-width":800,"1536x1536-height":450,"2048x2048":"https:\/\/natus.com\/wp-content\/uploads\/Doctors-collaboration-2-800x450-1.png","2048x2048-width":800,"2048x2048-height":450}},"activate_image_caption":false,"image_caption_icon":false,"image_caption_title":"","image_caption_description":"","label":"T\u00c9L\u00c9CHARGEMENTS","title":"Garanties de Produit ","description":"<p>Vous souhaitez acc\u00e9der aux garanties des produits ou consulter les conditions g\u00e9n\u00e9rales de Natus\u202f?<\/p>\n","link":{"type":"post","value":"11878","url":"https:\/\/natus.com\/fr\/assistance\/garanties-produits\/","name":"Garanties des Produits","title":"Acc\u00e9der","target":"_blank"}}},{"acf_fc_layout":"carousel_slider","_acfe_flexible_toggle":"","slider_2columns_landing":{"module_options":{"":null,"module_id":"n6514b837cce13","module_class":"","module_background_type":"color","module_background_color":"","module_background_image":false,"module_background_video":"","activate_custom_padding":false,"padding_top_desktop":"0","padding_top_tablet":"0","padding_top_mobile":"0","padding_bottom_desktop":"0","padding_bottom_tablet":"0","padding_bottom_mobile":"0","activate_custom_margin":false,"margin_top_desktop":"0","margin_top_tablet":"0","margin_top_mobile":"0","margin_bottom_desktop":"0","margin_bottom_tablet":"0","margin_bottom_mobile":"0","disable_on":[],"content_alignment_desktop":"left","content_alignment_tablet":"left","content_alignment_mobile":"left"},"autoplay":"true","autoplay_interval":"2500","slider":[{"slide":[{"acf_fc_layout":"text","label":"Natus","title":"Excellence de Service Natus ","description":"Le leadership d\u2019une industrie passe par l\u2019innovation. Nous avons consid\u00e9rablement am\u00e9lior\u00e9 nos capacit\u00e9s de service \u00e0 la client\u00e8le, et vous pouvez compter sur Natus pour vous garantir une confiance totale dans les performances de votre syst\u00e8me, quel que soit l\u2019endroit o\u00f9 vous exercez votre activit\u00e9. ","link":{"type":"post","value":"6685","url":"https:\/\/natus.com\/service-excellence\/","name":"Service Excellence","title":"EN SAVOIR PLUS","target":"_blank"}},{"acf_fc_layout":"image","image":{"ID":6568,"id":6568,"title":"Service Excellence Carousel Image","filename":"Service-Excellence-Carousel-Image.png","filesize":377242,"url":"https:\/\/natus.com\/wp-content\/uploads\/Service-Excellence-Carousel-Image.png","link":"https:\/\/natus.com\/fr\/assistance\/service-excellence-carousel-image-2\/","alt":"Global image","author":"2","description":"","caption":"","name":"service-excellence-carousel-image-2","status":"inherit","uploaded_to":8358,"date":"2023-09-22 17:43:51","modified":"2024-07-26 16:10:07","menu_order":0,"mime_type":"image\/png","type":"image","subtype":"png","icon":"https:\/\/natus.com\/wp-includes\/images\/media\/default.png","width":630,"height":440,"sizes":{"thumbnail":"https:\/\/natus.com\/wp-content\/uploads\/Service-Excellence-Carousel-Image.png","thumbnail-width":128,"thumbnail-height":89,"medium":"https:\/\/natus.com\/wp-content\/uploads\/Service-Excellence-Carousel-Image.png","medium-width":630,"medium-height":440,"medium_large":"https:\/\/natus.com\/wp-content\/uploads\/Service-Excellence-Carousel-Image.png","medium_large-width":630,"medium_large-height":440,"large":"https:\/\/natus.com\/wp-content\/uploads\/Service-Excellence-Carousel-Image.png","large-width":630,"large-height":440,"1536x1536":"https:\/\/natus.com\/wp-content\/uploads\/Service-Excellence-Carousel-Image.png","1536x1536-width":630,"1536x1536-height":440,"2048x2048":"https:\/\/natus.com\/wp-content\/uploads\/Service-Excellence-Carousel-Image.png","2048x2048-width":630,"2048x2048-height":440}}}],"interval":""}]}},{"acf_fc_layout":"contact_form","_acfe_flexible_toggle":"","contact_form_landing":{"module_options":{"":null,"module_id":"n6514b839d64c3","module_class":"","module_background_type":"color","module_background_color":"","module_background_image":false,"module_background_video":"","activate_custom_padding":false,"padding_top_desktop":"0","padding_top_tablet":"0","padding_top_mobile":"0","padding_bottom_desktop":"0","padding_bottom_tablet":"0","padding_bottom_mobile":"0","activate_custom_margin":false,"margin_top_desktop":"0","margin_top_tablet":"0","margin_top_mobile":"0","margin_bottom_desktop":"0","margin_bottom_tablet":"0","margin_bottom_mobile":"0","disable_on":[],"content_alignment_desktop":"left","content_alignment_tablet":"left","content_alignment_mobile":"left"},"":null,"activate_intro":false,"intro_text":"","intro_text_color":"","intro_link":null,"activate_description":true,"description_title":"Vous ne trouvez pas ce que vous cherchez\u202f? ","description_copy":"Nous sommes \u00e0 votre disposition. Remplissez le formulaire ci-dessous\u202f; un repr\u00e9sentant de Natus prendra contact avec vous. ","embed_code":"<script charset=\"utf-8\" type=\"text\/javascript\" src=\"\/\/js.hsforms.net\/forms\/embed\/v2.js\"><\/script>\r\n<script>\r\n  hbspt.forms.create({\r\n    region: \"na1\",\r\n    portalId: \"3002890\",\r\n    formId: \"ebb06604-8402-46bc-9362-3b5b0e976e1e\"\r\n  });\r\n<\/script>"}}]},"_links":{"self":[{"href":"https:\/\/natus.com\/fr\/wp-json\/wp\/v2\/pages\/8358","targetHints":{"allow":["GET"]}}],"collection":[{"href":"https:\/\/natus.com\/fr\/wp-json\/wp\/v2\/pages"}],"about":[{"href":"https:\/\/natus.com\/fr\/wp-json\/wp\/v2\/types\/page"}],"author":[{"embeddable":true,"href":"https:\/\/natus.com\/fr\/wp-json\/wp\/v2\/users\/1"}],"replies":[{"embeddable":true,"href":"https:\/\/natus.com\/fr\/wp-json\/wp\/v2\/comments?post=8358"}],"version-history":[{"count":7,"href":"https:\/\/natus.com\/fr\/wp-json\/wp\/v2\/pages\/8358\/revisions"}],"predecessor-version":[{"id":20818,"href":"https:\/\/natus.com\/fr\/wp-json\/wp\/v2\/pages\/8358\/revisions\/20818"}],"wp:attachment":[{"href":"https:\/\/natus.com\/fr\/wp-json\/wp\/v2\/media?parent=8358"}],"wp:term":[{"taxonomy":"category","embeddable":true,"href":"https:\/\/natus.com\/fr\/wp-json\/wp\/v2\/categories?post=8358"},{"taxonomy":"post_tag","embeddable":true,"href":"https:\/\/natus.com\/fr\/wp-json\/wp\/v2\/tags?post=8358"}],"curies":[{"name":"wp","href":"https:\/\/api.w.org\/{rel}","templated":true}]}}