{"id":8413,"date":"2023-09-08T19:35:21","date_gmt":"2023-09-08T19:35:21","guid":{"rendered":"https:\/\/natus.com\/natus-ultra-disposable-monopolar-needle-electrodes\/"},"modified":"2024-07-02T19:13:57","modified_gmt":"2024-07-02T19:13:57","slug":"electrodes-aiguilles-monopolaires-ultra-de-natus","status":"publish","type":"page","link":"https:\/\/natus.com\/fr\/neuro\/electrodes-aiguilles-monopolaires-ultra-de-natus\/","title":{"rendered":"\u00c9lectrodes-aiguilles monopolaires \u00e0 usage unique Ultra avec fils attach\u00e9s de Natus\u00ae"},"content":{"rendered":"","protected":false},"excerpt":{"rendered":"","protected":false},"author":3,"featured_media":0,"parent":10461,"menu_order":0,"comment_status":"closed","ping_status":"closed","template":"templates\/page-neuro-solutions-product-landing.php","meta":{"_acf_changed":false,"footnotes":""},"categories":[163,201],"tags":[459,167],"class_list":["post-8413","page","type-page","status-publish","hentry","category-electromyography-emg-fr","category-fournitures-neurodiagnostic-fr","tag-emg-supplies-fr","tag-fournitures-emg"],"acf":{"content_blocks":[{"acf_fc_layout":"spacer","_acfe_flexible_toggle":"","spacer":{"module_options":{"":null,"module_id":"n64babb6de86c1","module_class":"","module_background_type":"color","module_background_color":"#00aaa7","module_background_image":false,"module_background_video":"","activate_custom_padding":false,"padding_top_desktop":"0","padding_top_tablet":"0","padding_top_mobile":"0","padding_bottom_desktop":"0","padding_bottom_tablet":"0","padding_bottom_mobile":"0","activate_custom_margin":false,"margin_top_desktop":"0","margin_top_tablet":"0","margin_top_mobile":"0","margin_bottom_desktop":"0","margin_bottom_tablet":"0","margin_bottom_mobile":"0","disable_on":[],"content_alignment_desktop":"left","content_alignment_tablet":"left","content_alignment_mobile":"left"},"height":"270"}},{"acf_fc_layout":"intro_with_sticky_image","_acfe_flexible_toggle":"","left_content_right_image_sticky":{"module_options":{"":null,"module_id":"n64bfe3c147dc3","module_class":"","module_background_type":"color","module_background_color":"#f1f1f1","module_background_image":false,"module_background_video":"","activate_custom_padding":false,"padding_top_desktop":"0","padding_top_tablet":"0","padding_top_mobile":"0","padding_bottom_desktop":"0","padding_bottom_tablet":"0","padding_bottom_mobile":"0","activate_custom_margin":false,"margin_top_desktop":"0","margin_top_tablet":"0","margin_top_mobile":"0","margin_bottom_desktop":"0","margin_bottom_tablet":"0","margin_bottom_mobile":"0","disable_on":[],"content_alignment_desktop":"left","content_alignment_tablet":"left","content_alignment_mobile":"left"},"":null,"title":"\u00c9lectrodes-aiguilles monopolaires \u00e0 usage unique Ultra avec fils attach\u00e9s de Natus\u00ae","subheader":"<p>Les \u00e9lectrodes-aiguilles monopolaires \u00e0 usage unique Ultra de Natus ont \u00e9t\u00e9 con\u00e7ues pour une utilisation avec les dispositifs d&rsquo;enregistrement avec ou sans stimulation, de monitorage et pour la stimulation\/l&rsquo;enregistrement de signaux biopotentiels, notamment les signaux d&rsquo;\u00e9lectromyographie (EMG), de potentiels \u00e9voqu\u00e9s des nerfs, et les signaux d\u2019\u00e9lectroenc\u00e9phalographie (EEG). Les fils conducteurs attach\u00e9s permettent d\u2019obtenir un rendement clinique sup\u00e9rieur et de contr\u00f4ler les infections.<\/p>\n<ul>\n<li>Enti\u00e8rement jetable\u00a0; le fil attach\u00e9 r\u00e9duit le temps d&rsquo;installation et le risque d&rsquo;infection<\/li>\n<li>Aiguille plaqu\u00e9e en acier inoxydable avec pointe ultra-fine pour une facilit\u00e9 d&rsquo;insertion et un confort patient am\u00e9lior\u00e9s<\/li>\n<li>Rev\u00eatement \u00e0 faible friction pour faciliter le repositionnement.<\/li>\n<li>Chaque taille d&rsquo;aiguille a sa propre couleur pour facilement identifier les aiguilles.<\/li>\n<li>St\u00e9rile\u00a0; emballage individuel en sachets scell\u00e9s<\/li>\n<li>Portail en ligne pratique &#8211; <a href=\"https:\/\/natus.com\/fr\/magasins-natus-medical\/\">Natus Medical Store<\/a> (disponible sur certains march\u00e9s)<\/li>\n<\/ul>\n<p><span style=\"font-size: 11px;\">Disponible uniquement dans certains pays. Veuillez contacter votre distributeur local pour en savoir plus.<\/span><\/p>\n","icons":[{"icon":{"ID":2225,"id":2225,"title":"icon-feature","filename":"icon-feature.png","filesize":1408,"url":"https:\/\/natus.com\/wp-content\/uploads\/icon-feature.png","link":"https:\/\/natus.com\/fr\/neuro\/electromyographe-portatif-dantec-clavis\/icon-feature-2\/","alt":"star","author":"2","description":"Icon - Star","caption":"","name":"icon-feature-2","status":"inherit","uploaded_to":8326,"date":"2023-09-07 22:27:26","modified":"2024-07-29 21:19:16","menu_order":0,"mime_type":"image\/png","type":"image","subtype":"png","icon":"https:\/\/natus.com\/wp-includes\/images\/media\/default.png","width":43,"height":41,"sizes":{"thumbnail":"https:\/\/natus.com\/wp-content\/uploads\/icon-feature.png","thumbnail-width":43,"thumbnail-height":41,"medium":"https:\/\/natus.com\/wp-content\/uploads\/icon-feature.png","medium-width":43,"medium-height":41,"medium_large":"https:\/\/natus.com\/wp-content\/uploads\/icon-feature.png","medium_large-width":43,"medium_large-height":41,"large":"https:\/\/natus.com\/wp-content\/uploads\/icon-feature.png","large-width":43,"large-height":41,"1536x1536":"https:\/\/natus.com\/wp-content\/uploads\/icon-feature.png","1536x1536-width":43,"1536x1536-height":41,"2048x2048":"https:\/\/natus.com\/wp-content\/uploads\/icon-feature.png","2048x2048-width":43,"2048x2048-height":41}},"icon_description":"Embase \u00c0 <br \/>\r\nCode <br \/>\r\nCouleur"},{"icon":{"ID":1941,"id":1941,"title":"icon-flag","filename":"icon-flag.png","filesize":664,"url":"https:\/\/natus.com\/wp-content\/uploads\/icon-flag.png","link":"https:\/\/natus.com\/fr\/neuro\/electromyographe-portatif-dantec-clavis\/icon-flag-2\/","alt":"Icon - Flag","author":"2","description":"","caption":"","name":"icon-flag-2","status":"inherit","uploaded_to":8326,"date":"2023-09-01 19:14:05","modified":"2024-07-29 21:19:56","menu_order":0,"mime_type":"image\/png","type":"image","subtype":"png","icon":"https:\/\/natus.com\/wp-includes\/images\/media\/default.png","width":30,"height":42,"sizes":{"thumbnail":"https:\/\/natus.com\/wp-content\/uploads\/icon-flag.png","thumbnail-width":30,"thumbnail-height":42,"medium":"https:\/\/natus.com\/wp-content\/uploads\/icon-flag.png","medium-width":30,"medium-height":42,"medium_large":"https:\/\/natus.com\/wp-content\/uploads\/icon-flag.png","medium_large-width":30,"medium_large-height":42,"large":"https:\/\/natus.com\/wp-content\/uploads\/icon-flag.png","large-width":30,"large-height":42,"1536x1536":"https:\/\/natus.com\/wp-content\/uploads\/icon-flag.png","1536x1536-width":30,"1536x1536-height":42,"2048x2048":"https:\/\/natus.com\/wp-content\/uploads\/icon-flag.png","2048x2048-width":30,"2048x2048-height":42}},"icon_description":"Pr\u00e9-St\u00e9rilis\u00e9"},{"icon":{"ID":2386,"id":2386,"title":"icon-database","filename":"icon-database.png","filesize":1665,"url":"https:\/\/natus.com\/wp-content\/uploads\/icon-database.png","link":"https:\/\/natus.com\/fr\/neuro\/icon-database-2\/","alt":"Icon - Database","author":"2","description":"","caption":"","name":"icon-database-2","status":"inherit","uploaded_to":10461,"date":"2023-09-08 16:17:27","modified":"2024-07-29 21:17:23","menu_order":0,"mime_type":"image\/png","type":"image","subtype":"png","icon":"https:\/\/natus.com\/wp-includes\/images\/media\/default.png","width":35,"height":44,"sizes":{"thumbnail":"https:\/\/natus.com\/wp-content\/uploads\/icon-database.png","thumbnail-width":35,"thumbnail-height":44,"medium":"https:\/\/natus.com\/wp-content\/uploads\/icon-database.png","medium-width":35,"medium-height":44,"medium_large":"https:\/\/natus.com\/wp-content\/uploads\/icon-database.png","medium_large-width":35,"medium_large-height":44,"large":"https:\/\/natus.com\/wp-content\/uploads\/icon-database.png","large-width":35,"large-height":44,"1536x1536":"https:\/\/natus.com\/wp-content\/uploads\/icon-database.png","1536x1536-width":35,"1536x1536-height":44,"2048x2048":"https:\/\/natus.com\/wp-content\/uploads\/icon-database.png","2048x2048-width":35,"2048x2048-height":44}},"icon_description":"Usage <br \/>\r\nUnique"}],"quick_navigation":[{"quick_link":{"type":"url","value":"#n64bfae7691acd","url":"#n64bfae7691acd","name":"#n64bfae7691acd","title":"Contactez votre repr\u00e9sentant Natus","target":""}},{"quick_link":{"type":"url","value":"#n64be98eed01eb","url":"#n64be98eed01eb","name":"#n64be98eed01eb","title":"Explorer plus de d\u00e9tails","target":""}}],"description":"","message_label":"Service et Assistance","message_title":"Vous recherchez un service de produit neuro ou une assistance technique ?","message_link":{"type":"post","value":"8358","url":"https:\/\/natus.com\/fr\/assistance\/","name":"Service et Assistance","title":"Service et Assistance Natus","target":""},"right_sticky_image":{"ID":16031,"id":16031,"title":"Ultra Disp with Leads_Main Image","filename":"Ultra-Disp-with-Leads_Main-Image-2.png","filesize":37314,"url":"https:\/\/natus.com\/wp-content\/uploads\/Ultra-Disp-with-Leads_Main-Image-2.png","link":"https:\/\/natus.com\/fr\/neuro\/electrodes-aiguilles-monopolaires-ultra-de-natus\/ultra-disp-with-leads_main-image-2\/","alt":"Natus\u00ae Ultra Disposable Monopolar Needle Electrodes with Leads Attached","author":"2","description":"","caption":"","name":"ultra-disp-with-leads_main-image-2","status":"inherit","uploaded_to":8413,"date":"2023-10-18 02:45:41","modified":"2024-07-30 14:57:55","menu_order":0,"mime_type":"image\/png","type":"image","subtype":"png","icon":"https:\/\/natus.com\/wp-includes\/images\/media\/default.png","width":500,"height":403,"sizes":{"thumbnail":"https:\/\/natus.com\/wp-content\/uploads\/Ultra-Disp-with-Leads_Main-Image-2.png","thumbnail-width":119,"thumbnail-height":96,"medium":"https:\/\/natus.com\/wp-content\/uploads\/Ultra-Disp-with-Leads_Main-Image-2.png","medium-width":500,"medium-height":403,"medium_large":"https:\/\/natus.com\/wp-content\/uploads\/Ultra-Disp-with-Leads_Main-Image-2.png","medium_large-width":500,"medium_large-height":403,"large":"https:\/\/natus.com\/wp-content\/uploads\/Ultra-Disp-with-Leads_Main-Image-2.png","large-width":500,"large-height":403,"1536x1536":"https:\/\/natus.com\/wp-content\/uploads\/Ultra-Disp-with-Leads_Main-Image-2.png","1536x1536-width":500,"1536x1536-height":403,"2048x2048":"https:\/\/natus.com\/wp-content\/uploads\/Ultra-Disp-with-Leads_Main-Image-2.png","2048x2048-width":500,"2048x2048-height":403}}}},{"acf_fc_layout":"product_information","_acfe_flexible_toggle":"","left_accordion_right_image_landing":{"module_options":{"":null,"module_id":"n64be98eed01eb","module_class":"","module_background_type":"color","module_background_color":"#f1f1f1","module_background_image":false,"module_background_video":"","activate_custom_padding":false,"padding_top_desktop":"0","padding_top_tablet":"0","padding_top_mobile":"0","padding_bottom_desktop":"0","padding_bottom_tablet":"0","padding_bottom_mobile":"0","activate_custom_margin":false,"margin_top_desktop":"0","margin_top_tablet":"0","margin_top_mobile":"0","margin_bottom_desktop":"0","margin_bottom_tablet":"0","margin_bottom_mobile":"0","disable_on":[],"content_alignment_desktop":"left","content_alignment_tablet":"left","content_alignment_mobile":"left"},"intro":"Information Produit","description":"","accordion":[{"title":"Caract\u00e9ristiques techniques","accordion_content":[{"acf_fc_layout":"left_content_right_image","accordion_description":"<p><strong>\u00c9lectrode<\/strong><\/p>\n<ul>\n<li><strong>Aiguille\u00a0:<\/strong>\u00a0Acier inoxydable<\/li>\n<li><strong>Rev\u00eatement de l\u2019aiguille\u00a0:<\/strong>\u00a0PTFE vert<\/li>\n<li><strong>Embase\u00a0:<\/strong>\u00a0Or, cuivre, plaqu\u00e9e nickel<\/li>\n<li><strong>Prot\u00e8ge-embase color\u00e9\u00a0:<\/strong>\u00a0PA-6<\/li>\n<li><strong>Gaine protectrice\u00a0:<\/strong>\u00a0Poly\u00e9thyl\u00e8ne<\/li>\n<li><strong>Fil conducteur\u00a0:<\/strong>\u00a0Cuivre<\/li>\n<li><strong>Isolant du fil :<\/strong>\u00a0PVC<\/li>\n<li><strong>Type de connecteur\u00a0:<\/strong>\u00a0Femelle, isol\u00e9, 1,5 mm, prot\u00e9g\u00e9 des contacts (DIN\u00a042\u00a0802)<\/li>\n<\/ul>\n<p><strong>Conditionnement<\/strong><\/p>\n<ul>\n<li><strong>Quantit\u00e9\u00a0:<\/strong>\u00a024 aiguilles\/bo\u00eete<\/li>\n<\/ul>\n<p><img loading=\"lazy\" decoding=\"async\" class=\"alignnone size-full wp-image-2523\" src=\"https:\/\/natus.com\/wp-content\/uploads\/natus_ultra_disposable_needle_electrode.jpg\" alt=\"\" width=\"431\" height=\"306\" \/><\/p>\n","accordion_image":{"ID":2529,"id":2529,"title":"natus_ultra_disposable_needle_electrode_tip","filename":"natus_ultra_disposable_needle_electrode_tip.jpg","filesize":45074,"url":"https:\/\/natus.com\/wp-content\/uploads\/natus_ultra_disposable_needle_electrode_tip.jpg","link":"https:\/\/natus.com\/fr\/neuro\/electrodes-aiguilles-monopolaires-ultra-de-natus\/natus_ultra_disposable_needle_electrode_tip-2\/","alt":"Natus\u00ae Ultra Disposable Monopolar Needle Electrode  tip","author":"3","description":"","caption":"","name":"natus_ultra_disposable_needle_electrode_tip-2","status":"inherit","uploaded_to":8413,"date":"2023-09-08 19:33:38","modified":"2024-07-29 21:15:35","menu_order":0,"mime_type":"image\/jpeg","type":"image","subtype":"jpeg","icon":"https:\/\/natus.com\/wp-includes\/images\/media\/default.png","width":247,"height":246,"sizes":{"thumbnail":"https:\/\/natus.com\/wp-content\/uploads\/natus_ultra_disposable_needle_electrode_tip.jpg","thumbnail-width":96,"thumbnail-height":96,"medium":"https:\/\/natus.com\/wp-content\/uploads\/natus_ultra_disposable_needle_electrode_tip.jpg","medium-width":247,"medium-height":246,"medium_large":"https:\/\/natus.com\/wp-content\/uploads\/natus_ultra_disposable_needle_electrode_tip.jpg","medium_large-width":247,"medium_large-height":246,"large":"https:\/\/natus.com\/wp-content\/uploads\/natus_ultra_disposable_needle_electrode_tip.jpg","large-width":247,"large-height":246,"1536x1536":"https:\/\/natus.com\/wp-content\/uploads\/natus_ultra_disposable_needle_electrode_tip.jpg","1536x1536-width":247,"1536x1536-height":246,"2048x2048":"https:\/\/natus.com\/wp-content\/uploads\/natus_ultra_disposable_needle_electrode_tip.jpg","2048x2048-width":247,"2048x2048-height":246}}}]},{"title":"T\u00e9l\u00e9charger la documentation produit","accordion_content":[{"acf_fc_layout":"full_content","accordion_description":"<p><strong>Page produit sur\u00a0les aiguilles monopolaires \u00e0 usage unique\u00a0Ultra de Natus<\/strong><br \/>\n<a href=\"https:\/\/natus.bynder.com\/m\/357fc004cb0cacdb\/original\/Natus-Ultra-Disposable-Monopolar-Needle-Electrodes-Flyer.pdf\" target=\"_blank\" rel=\"noopener\">Anglais<\/a><br \/>\n<a href=\"https:\/\/natus.bynder.com\/m\/84b1fadd2a46166e\/original\/Natus-Ultra-Disposable-Monopolar-Needle-Electrodes-Flyer.pdf\">Fran\u00e7ais<\/a><br \/>\n<a href=\"https:\/\/natus.bynder.com\/m\/e3fd4b0694eff1f2\/original\/Natus-Ultra-Disposable-Monopolar-Needle-Electrodes-Flyer.pdf\">Allemand<\/a><br \/>\n<a href=\"https:\/\/natus.bynder.com\/m\/aa3970cd2a0881c8\/original\/Natus-Ultra-Disposable-Monopolar-Needle-Electrodes-Flyer.pdf\">Italien<\/a><\/p>\n<p><strong><br \/>\nCatalogue de fournitures de neurodiagnostic Natus<\/strong><br \/>\n<a href=\"https:\/\/natus.bynder.com\/m\/990029e101bebd22\/original\/Natus-Neurodiagnostic-Supplies-Catalog.pdf\">Anglais<\/a><br \/>\n<a href=\"https:\/\/natus.bynder.com\/m\/158d8472457a8340\/original\/Natus-Neurodiagnostic-Supplies-Catalog.pdf\">Fran\u00e7ais<\/a><br \/>\n<a href=\"https:\/\/natus.bynder.com\/m\/2af7bff78ece1e68\/original\/Natus-Neurodiagnostic-Supplies-Catalog.pdf\">Allemand<\/a><br \/>\n<a href=\"https:\/\/natus.bynder.com\/m\/381843ac1f7e9034\/original\/Natus-Neurodiagnostic-Supplies-Catalog.pdf\">Espagnol<\/a><\/p>\n"}]}],"image_left":false}},{"acf_fc_layout":"related_products","_acfe_flexible_toggle":"","tiles_3_columns_landing":{"module_options":{"":null,"module_id":"n64bf9a7609a1f","module_class":"","module_background_type":"color","module_background_color":"#f1f1f1","module_background_image":false,"module_background_video":"","activate_custom_padding":false,"padding_top_desktop":"0","padding_top_tablet":"0","padding_top_mobile":"0","padding_bottom_desktop":"0","padding_bottom_tablet":"0","padding_bottom_mobile":"0","activate_custom_margin":false,"margin_top_desktop":"0","margin_top_tablet":"0","margin_top_mobile":"0","margin_bottom_desktop":"0","margin_bottom_tablet":"0","margin_bottom_mobile":"0","disable_on":[],"content_alignment_desktop":"left","content_alignment_tablet":"left","content_alignment_mobile":"left"},"intro_text":"Produits Neuro Connexes","intro_text_color":"#005e63","intro_link":{"type":"post","value":"8330","url":"https:\/\/natus.com\/fr\/produits-neuro\/","name":"Produits Neuro","title":"Voir tous les produits Neuro","target":""},"tiles":[{"label":"Fournitures EMG","label_background_color":"#154284","image":{"ID":2782,"id":2782,"title":"natus_ultra_monopolar_needle_electrodes (1)","filename":"natus_ultra_monopolar_needle_electrodes-1.jpg","filesize":20097,"url":"https:\/\/natus.com\/wp-content\/uploads\/natus_ultra_monopolar_needle_electrodes-1.jpg","link":"https:\/\/natus.com\/fr\/neuro\/nicolet-edx-emg\/natus_ultra_monopolar_needle_electrodes-1-2\/","alt":"Natus Monopolar EMG Needles ","author":"2","description":"","caption":"","name":"natus_ultra_monopolar_needle_electrodes-1-2","status":"inherit","uploaded_to":8400,"date":"2023-09-09 15:45:16","modified":"2024-07-29 21:10:24","menu_order":0,"mime_type":"image\/jpeg","type":"image","subtype":"jpeg","icon":"https:\/\/natus.com\/wp-includes\/images\/media\/default.png","width":500,"height":400,"sizes":{"thumbnail":"https:\/\/natus.com\/wp-content\/uploads\/natus_ultra_monopolar_needle_electrodes-1.jpg","thumbnail-width":120,"thumbnail-height":96,"medium":"https:\/\/natus.com\/wp-content\/uploads\/natus_ultra_monopolar_needle_electrodes-1.jpg","medium-width":500,"medium-height":400,"medium_large":"https:\/\/natus.com\/wp-content\/uploads\/natus_ultra_monopolar_needle_electrodes-1.jpg","medium_large-width":500,"medium_large-height":400,"large":"https:\/\/natus.com\/wp-content\/uploads\/natus_ultra_monopolar_needle_electrodes-1.jpg","large-width":500,"large-height":400,"1536x1536":"https:\/\/natus.com\/wp-content\/uploads\/natus_ultra_monopolar_needle_electrodes-1.jpg","1536x1536-width":500,"1536x1536-height":400,"2048x2048":"https:\/\/natus.com\/wp-content\/uploads\/natus_ultra_monopolar_needle_electrodes-1.jpg","2048x2048-width":500,"2048x2048-height":400}},"title":"\u00c9lectrodes-aiguilles d\u2019EMG concentriques \u00e0 usage unique Elite de TECA\u00ae","link":{"type":"post","value":"8378","url":"https:\/\/natus.com\/fr\/neuro\/electrodes-aiguilles-demg-concentriques-a-usage-unique-elite-de-teca\/","name":"\u00c9lectrodes-aiguilles d\u2019EMG concentriques \u00e0 usage unique Elite de TECA\u00ae","title":"En Savoir Plus","target":"_blank"}},{"label":"Fournitures EMG","label_background_color":"#154284","image":{"ID":3273,"id":3273,"title":"Natus Adhesive Electrodes Related Product Photo - 500x400","filename":"Natus-Adhesive-Electrodes-Related-Product-Photo-500x400-1.jpg","filesize":134861,"url":"https:\/\/natus.com\/wp-content\/uploads\/Natus-Adhesive-Electrodes-Related-Product-Photo-500x400-1.jpg","link":"https:\/\/natus.com\/fr\/neuro\/electromyographe-portatif-dantec-clavis\/natus-adhesive-electrodes-related-product-photo-500x400-2\/","alt":"Natus Adhesive Electrodes ","author":"2","description":"","caption":"Disposable","name":"natus-adhesive-electrodes-related-product-photo-500x400-2","status":"inherit","uploaded_to":8326,"date":"2023-09-11 21:58:17","modified":"2024-07-29 21:03:29","menu_order":0,"mime_type":"image\/jpeg","type":"image","subtype":"jpeg","icon":"https:\/\/natus.com\/wp-includes\/images\/media\/default.png","width":500,"height":400,"sizes":{"thumbnail":"https:\/\/natus.com\/wp-content\/uploads\/Natus-Adhesive-Electrodes-Related-Product-Photo-500x400-1.jpg","thumbnail-width":120,"thumbnail-height":96,"medium":"https:\/\/natus.com\/wp-content\/uploads\/Natus-Adhesive-Electrodes-Related-Product-Photo-500x400-1.jpg","medium-width":500,"medium-height":400,"medium_large":"https:\/\/natus.com\/wp-content\/uploads\/Natus-Adhesive-Electrodes-Related-Product-Photo-500x400-1.jpg","medium_large-width":500,"medium_large-height":400,"large":"https:\/\/natus.com\/wp-content\/uploads\/Natus-Adhesive-Electrodes-Related-Product-Photo-500x400-1.jpg","large-width":500,"large-height":400,"1536x1536":"https:\/\/natus.com\/wp-content\/uploads\/Natus-Adhesive-Electrodes-Related-Product-Photo-500x400-1.jpg","1536x1536-width":500,"1536x1536-height":400,"2048x2048":"https:\/\/natus.com\/wp-content\/uploads\/Natus-Adhesive-Electrodes-Related-Product-Photo-500x400-1.jpg","2048x2048-width":500,"2048x2048-height":400}},"title":"\u00c9lectrodes adh\u00e9sives \u00e0 usage unique de Natus\u00ae","link":{"type":"post","value":"8459","url":"https:\/\/natus.com\/fr\/neuro\/electrodes-adhesives-a-usage-unique-de-natus\/","name":"\u00c9lectrodes adh\u00e9sives \u00e0 usage unique de Natus\u00ae","title":"En Savoir Plus","target":"_blank"}},{"label":"Fournitures EMG","label_background_color":"#154284","image":{"ID":3268,"id":3268,"title":"Boject DHN Needle Related Product Image_500x400","filename":"boject-tan-9013S0422-500x400-1.jpg","filesize":129245,"url":"https:\/\/natus.com\/wp-content\/uploads\/boject-tan-9013S0422-500x400-1.jpg","link":"https:\/\/natus.com\/fr\/neuro\/electromyographe-portatif-dantec-clavis\/boject-dhn-needle-related-product-image_500x400-2\/","alt":"Bo-ject DHN Needle ","author":"2","description":"","caption":"","name":"boject-dhn-needle-related-product-image_500x400-2","status":"inherit","uploaded_to":8326,"date":"2023-09-11 21:53:05","modified":"2024-07-29 21:03:39","menu_order":0,"mime_type":"image\/png","type":"image","subtype":"png","icon":"https:\/\/natus.com\/wp-includes\/images\/media\/default.png","width":500,"height":400,"sizes":{"thumbnail":"https:\/\/natus.com\/wp-content\/uploads\/boject-tan-9013S0422-500x400-1.jpg","thumbnail-width":120,"thumbnail-height":96,"medium":"https:\/\/natus.com\/wp-content\/uploads\/boject-tan-9013S0422-500x400-1.jpg","medium-width":500,"medium-height":400,"medium_large":"https:\/\/natus.com\/wp-content\/uploads\/boject-tan-9013S0422-500x400-1.jpg","medium_large-width":500,"medium_large-height":400,"large":"https:\/\/natus.com\/wp-content\/uploads\/boject-tan-9013S0422-500x400-1.jpg","large-width":500,"large-height":400,"1536x1536":"https:\/\/natus.com\/wp-content\/uploads\/boject-tan-9013S0422-500x400-1.jpg","1536x1536-width":500,"1536x1536-height":400,"2048x2048":"https:\/\/natus.com\/wp-content\/uploads\/boject-tan-9013S0422-500x400-1.jpg","2048x2048-width":500,"2048x2048-height":400}},"title":"\u00c9lectrodes-aiguilles d\u2019injection hypodermiques DHN \u00e0 usage unique Bo-ject\u00ae","link":{"type":"post","value":"8455","url":"https:\/\/natus.com\/fr\/neuro\/electrodes-aiguilles-dinjection-hypodermiques-dhn-a-usage-unique-bo-ject\/","name":"\u00c9lectrodes-aiguilles d\u2019injection hypodermiques DHN \u00e0 usage unique Bo-ject\u00ae","title":"En Savoir Plus","target":"_blank"}}]}},{"acf_fc_layout":"contact_form","_acfe_flexible_toggle":"","contact_form_landing":{"module_options":{"":null,"module_id":"n64bfae7691acd","module_class":"","module_background_type":"color","module_background_color":"#f1f1f1","module_background_image":false,"module_background_video":"","activate_custom_padding":false,"padding_top_desktop":"0","padding_top_tablet":"0","padding_top_mobile":"0","padding_bottom_desktop":"0","padding_bottom_tablet":"0","padding_bottom_mobile":"0","activate_custom_margin":false,"margin_top_desktop":"0","margin_top_tablet":"0","margin_top_mobile":"0","margin_bottom_desktop":"0","margin_bottom_tablet":"0","margin_bottom_mobile":"0","disable_on":[],"content_alignment_desktop":"left","content_alignment_tablet":"left","content_alignment_mobile":"left"},"":null,"activate_intro":true,"intro_text":"Contactez votre repr\u00e9sentant Natus","intro_text_color":"#005e63","intro_link":null,"activate_description":true,"description_title":"","description_copy":"Pour plus d'informations sur ce produit ou tout autre produit, veuillez nous envoyer un message \u00e0 l'aide du formulaire ci-dessous.","embed_code":"<script charset=\"utf-8\" type=\"text\/javascript\" src=\"\/\/js.hsforms.net\/forms\/embed\/v2.js\"><\/script>\r\n<script>\r\n  hbspt.forms.create({\r\n    region: \"na1\",\r\n    portalId: \"3002890\",\r\n    formId: \"0f52793d-5376-4e07-bfe5-62ef62c95d16\"\r\n  });\r\n<\/script>"}},{"acf_fc_layout":"simple_content","_acfe_flexible_toggle":"","content_full_width_landing":{"module_options":{"":null,"module_id":"n64f8afcd677a5","module_class":"","module_background_type":"color","module_background_color":"","module_background_image":false,"module_background_video":"","activate_custom_padding":false,"padding_top_desktop":"0","padding_top_tablet":"0","padding_top_mobile":"0","padding_bottom_desktop":"0","padding_bottom_tablet":"0","padding_bottom_mobile":"0","activate_custom_margin":false,"margin_top_desktop":"0","margin_top_tablet":"0","margin_top_mobile":"0","margin_bottom_desktop":"0","margin_bottom_tablet":"0","margin_bottom_mobile":"0","disable_on":[],"content_alignment_desktop":"left","content_alignment_tablet":"left","content_alignment_mobile":"left"},"content":"<p><span style=\"font-size: 11px;\">035226 RevA<\/span><\/p>\n"}}]},"_links":{"self":[{"href":"https:\/\/natus.com\/fr\/wp-json\/wp\/v2\/pages\/8413","targetHints":{"allow":["GET"]}}],"collection":[{"href":"https:\/\/natus.com\/fr\/wp-json\/wp\/v2\/pages"}],"about":[{"href":"https:\/\/natus.com\/fr\/wp-json\/wp\/v2\/types\/page"}],"author":[{"embeddable":true,"href":"https:\/\/natus.com\/fr\/wp-json\/wp\/v2\/users\/3"}],"replies":[{"embeddable":true,"href":"https:\/\/natus.com\/fr\/wp-json\/wp\/v2\/comments?post=8413"}],"version-history":[{"count":6,"href":"https:\/\/natus.com\/fr\/wp-json\/wp\/v2\/pages\/8413\/revisions"}],"predecessor-version":[{"id":20681,"href":"https:\/\/natus.com\/fr\/wp-json\/wp\/v2\/pages\/8413\/revisions\/20681"}],"up":[{"embeddable":true,"href":"https:\/\/natus.com\/fr\/wp-json\/wp\/v2\/pages\/10461"}],"wp:attachment":[{"href":"https:\/\/natus.com\/fr\/wp-json\/wp\/v2\/media?parent=8413"}],"wp:term":[{"taxonomy":"category","embeddable":true,"href":"https:\/\/natus.com\/fr\/wp-json\/wp\/v2\/categories?post=8413"},{"taxonomy":"post_tag","embeddable":true,"href":"https:\/\/natus.com\/fr\/wp-json\/wp\/v2\/tags?post=8413"}],"curies":[{"name":"wp","href":"https:\/\/api.w.org\/{rel}","templated":true}]}}