{"id":8455,"date":"2023-09-11T20:40:35","date_gmt":"2023-09-11T20:40:35","guid":{"rendered":"https:\/\/natus.com\/bo-ject-disposable-injectable-needle-electrodes\/"},"modified":"2024-07-02T19:31:46","modified_gmt":"2024-07-02T19:31:46","slug":"electrodes-aiguilles-dinjection-hypodermiques-dhn-a-usage-unique-bo-ject","status":"publish","type":"page","link":"https:\/\/natus.com\/fr\/neuro\/electrodes-aiguilles-dinjection-hypodermiques-dhn-a-usage-unique-bo-ject\/","title":{"rendered":"\u00c9lectrodes-aiguilles d\u2019injection hypodermiques DHN \u00e0 usage unique Bo-ject\u00ae"},"content":{"rendered":"","protected":false},"excerpt":{"rendered":"","protected":false},"author":3,"featured_media":0,"parent":10461,"menu_order":0,"comment_status":"closed","ping_status":"closed","template":"templates\/page-neuro-solutions-product-landing.php","meta":{"_acf_changed":false,"footnotes":""},"categories":[163,201],"tags":[459,167],"class_list":["post-8455","page","type-page","status-publish","hentry","category-electromyography-emg-fr","category-fournitures-neurodiagnostic-fr","tag-emg-supplies-fr","tag-fournitures-emg"],"acf":{"content_blocks":[{"acf_fc_layout":"spacer","_acfe_flexible_toggle":"","spacer":{"module_options":{"":null,"module_id":"n651445809a8d2","module_class":"","module_background_type":"color","module_background_color":"#00aaa7","module_background_image":false,"module_background_video":"","activate_custom_padding":false,"padding_top_desktop":"0","padding_top_tablet":"0","padding_top_mobile":"0","padding_bottom_desktop":"0","padding_bottom_tablet":"0","padding_bottom_mobile":"0","activate_custom_margin":false,"margin_top_desktop":"0","margin_top_tablet":"0","margin_top_mobile":"0","margin_bottom_desktop":"0","margin_bottom_tablet":"0","margin_bottom_mobile":"0","disable_on":[],"content_alignment_desktop":"left","content_alignment_tablet":"left","content_alignment_mobile":"left"},"height":"270"}},{"acf_fc_layout":"intro_with_sticky_image","_acfe_flexible_toggle":"","left_content_right_image_sticky":{"module_options":{"":null,"module_id":"n651445809fe59","module_class":"","module_background_type":"color","module_background_color":"#f1f1f1","module_background_image":false,"module_background_video":"","activate_custom_padding":false,"padding_top_desktop":"0","padding_top_tablet":"0","padding_top_mobile":"0","padding_bottom_desktop":"0","padding_bottom_tablet":"0","padding_bottom_mobile":"0","activate_custom_margin":false,"margin_top_desktop":"0","margin_top_tablet":"0","margin_top_mobile":"0","margin_bottom_desktop":"0","margin_bottom_tablet":"0","margin_bottom_mobile":"0","disable_on":[],"content_alignment_desktop":"left","content_alignment_tablet":"left","content_alignment_mobile":"left"},"":null,"title":"\u00c9lectrodes-aiguilles d\u2019injection hypodermiques DHN \u00e0 usage unique Bo-ject\u00ae","subheader":"<p>L&rsquo;\u00e9lectrode-aiguille hypodermique \u00e0 usage unique DHN de Bo-ject<sup>\u2122<\/sup>\u00a0s&#8217;emploie pour les applications d\u2019EMG, afin d&rsquo;enregistrer l&rsquo;activit\u00e9 \u00e9lectromyographique tout en permettant l&rsquo;injection d&rsquo;un m\u00e9dicament.<\/p>\n<p>&nbsp;<\/p>\n<ul>\n<li>Enregistre l&rsquo;activit\u00e9 EMG tout en permettant l&rsquo;injection d&rsquo;un m\u00e9dicament.<\/li>\n<li>Aiguilles hypodermiques en acier inoxydable garantissant une finesse constante.<\/li>\n<li>Rev\u00eatues d&rsquo;un isolant faible friction pour faciliter l&rsquo;insertion.<\/li>\n<li>Se raccordent aux seringues Luer Lock et Slip Fit.<\/li>\n<li>Fils \u00e0 code couleur pour identification facile<\/li>\n<li>C\u00e2ble 90cm (35,5\u00a0po), termin\u00e9 par un connecteur 1,5mm prot\u00e9g\u00e9 des contacts.<\/li>\n<li>Pr\u00e9-st\u00e9rilis\u00e9es.<\/li>\n<li>Portail en ligne pratique &#8211; <a href=\"https:\/\/natus.com\/fr\/magasins-natus-medical\/\">Natus Medical Store<\/a> (disponible sur certains march\u00e9s)<\/li>\n<\/ul>\n<p><span style=\"font-size: 11px;\">Disponible uniquement dans certains pays. Veuillez contacter votre distributeur local pour en savoir plus.<\/span><\/p>\n","icons":[{"icon":{"ID":2225,"id":2225,"title":"icon-feature","filename":"icon-feature.png","filesize":1408,"url":"https:\/\/natus.com\/wp-content\/uploads\/icon-feature.png","link":"https:\/\/natus.com\/fr\/neuro\/electromyographe-portatif-dantec-clavis\/icon-feature-2\/","alt":"star","author":"2","description":"Icon - Star","caption":"","name":"icon-feature-2","status":"inherit","uploaded_to":8326,"date":"2023-09-07 22:27:26","modified":"2024-07-29 21:19:16","menu_order":0,"mime_type":"image\/png","type":"image","subtype":"png","icon":"https:\/\/natus.com\/wp-includes\/images\/media\/default.png","width":43,"height":41,"sizes":{"thumbnail":"https:\/\/natus.com\/wp-content\/uploads\/icon-feature.png","thumbnail-width":43,"thumbnail-height":41,"medium":"https:\/\/natus.com\/wp-content\/uploads\/icon-feature.png","medium-width":43,"medium-height":41,"medium_large":"https:\/\/natus.com\/wp-content\/uploads\/icon-feature.png","medium_large-width":43,"medium_large-height":41,"large":"https:\/\/natus.com\/wp-content\/uploads\/icon-feature.png","large-width":43,"large-height":41,"1536x1536":"https:\/\/natus.com\/wp-content\/uploads\/icon-feature.png","1536x1536-width":43,"1536x1536-height":41,"2048x2048":"https:\/\/natus.com\/wp-content\/uploads\/icon-feature.png","2048x2048-width":43,"2048x2048-height":41}},"icon_description":"Fils \u00c0 Code <br \/>\r\nCouleur"},{"icon":{"ID":1941,"id":1941,"title":"icon-flag","filename":"icon-flag.png","filesize":664,"url":"https:\/\/natus.com\/wp-content\/uploads\/icon-flag.png","link":"https:\/\/natus.com\/fr\/neuro\/electromyographe-portatif-dantec-clavis\/icon-flag-2\/","alt":"Icon - Flag","author":"2","description":"","caption":"","name":"icon-flag-2","status":"inherit","uploaded_to":8326,"date":"2023-09-01 19:14:05","modified":"2024-07-29 21:19:56","menu_order":0,"mime_type":"image\/png","type":"image","subtype":"png","icon":"https:\/\/natus.com\/wp-includes\/images\/media\/default.png","width":30,"height":42,"sizes":{"thumbnail":"https:\/\/natus.com\/wp-content\/uploads\/icon-flag.png","thumbnail-width":30,"thumbnail-height":42,"medium":"https:\/\/natus.com\/wp-content\/uploads\/icon-flag.png","medium-width":30,"medium-height":42,"medium_large":"https:\/\/natus.com\/wp-content\/uploads\/icon-flag.png","medium_large-width":30,"medium_large-height":42,"large":"https:\/\/natus.com\/wp-content\/uploads\/icon-flag.png","large-width":30,"large-height":42,"1536x1536":"https:\/\/natus.com\/wp-content\/uploads\/icon-flag.png","1536x1536-width":30,"1536x1536-height":42,"2048x2048":"https:\/\/natus.com\/wp-content\/uploads\/icon-flag.png","2048x2048-width":30,"2048x2048-height":42}},"icon_description":"Pr\u00e9-St\u00e9rilis\u00e9"},{"icon":{"ID":2386,"id":2386,"title":"icon-database","filename":"icon-database.png","filesize":1665,"url":"https:\/\/natus.com\/wp-content\/uploads\/icon-database.png","link":"https:\/\/natus.com\/fr\/?attachment_id=2386","alt":"Icon - Database","author":"2","description":"","caption":"","name":"icon-database-2","status":"inherit","uploaded_to":5119,"date":"2023-09-08 16:17:27","modified":"2024-07-29 21:17:23","menu_order":0,"mime_type":"image\/png","type":"image","subtype":"png","icon":"https:\/\/natus.com\/wp-includes\/images\/media\/default.png","width":35,"height":44,"sizes":{"thumbnail":"https:\/\/natus.com\/wp-content\/uploads\/icon-database.png","thumbnail-width":35,"thumbnail-height":44,"medium":"https:\/\/natus.com\/wp-content\/uploads\/icon-database.png","medium-width":35,"medium-height":44,"medium_large":"https:\/\/natus.com\/wp-content\/uploads\/icon-database.png","medium_large-width":35,"medium_large-height":44,"large":"https:\/\/natus.com\/wp-content\/uploads\/icon-database.png","large-width":35,"large-height":44,"1536x1536":"https:\/\/natus.com\/wp-content\/uploads\/icon-database.png","1536x1536-width":35,"1536x1536-height":44,"2048x2048":"https:\/\/natus.com\/wp-content\/uploads\/icon-database.png","2048x2048-width":35,"2048x2048-height":44}},"icon_description":"Raccordement <br \/>\r\nAux Seringues <br \/>\r\nLuer Lock \u00c0 <br \/>\r\nSlip Fit"}],"quick_navigation":[{"quick_link":{"type":"url","value":"#contact-neuro","url":"#contact-neuro","name":"#contact-neuro","title":"Contactez votre repr\u00e9sentant Natus","target":""}},{"quick_link":{"type":"url","value":"#n65144580a8640","url":"#n65144580a8640","name":"#n65144580a8640","title":"Explorer plus de d\u00e9tails","target":""}}],"description":"","message_label":"Service et Assistance","message_title":"Vous recherchez un service de produit neuro ou une assistance technique ?","message_link":{"type":"post","value":"8358","url":"https:\/\/natus.com\/fr\/assistance\/","name":"Service et Assistance","title":"Service et Assistance Natus","target":""},"right_sticky_image":{"ID":3312,"id":3312,"title":"Boject DHN Main Product Photo_500x850","filename":"boject-tan-9013S0422-400x850-rev2.png","filesize":215545,"url":"https:\/\/natus.com\/wp-content\/uploads\/boject-tan-9013S0422-400x850-rev2.png","link":"https:\/\/natus.com\/fr\/neuro\/electrodes-aiguilles-dinjection-hypodermiques-dhn-a-usage-unique-bo-ject\/boject-dhn-main-product-photo_500x850-2\/","alt":"Bo-ject\u00ae DHN Disposable Hypodermic Injectable Needle Electrodes","author":"2","description":"","caption":"","name":"boject-dhn-main-product-photo_500x850-2","status":"inherit","uploaded_to":8455,"date":"2023-09-12 03:23:51","modified":"2024-07-22 16:51:49","menu_order":0,"mime_type":"image\/png","type":"image","subtype":"png","icon":"https:\/\/natus.com\/wp-includes\/images\/media\/default.png","width":500,"height":850,"sizes":{"thumbnail":"https:\/\/natus.com\/wp-content\/uploads\/boject-tan-9013S0422-400x850-rev2.png","thumbnail-width":56,"thumbnail-height":96,"medium":"https:\/\/natus.com\/wp-content\/uploads\/boject-tan-9013S0422-400x850-rev2.png","medium-width":500,"medium-height":850,"medium_large":"https:\/\/natus.com\/wp-content\/uploads\/boject-tan-9013S0422-400x850-rev2.png","medium_large-width":500,"medium_large-height":850,"large":"https:\/\/natus.com\/wp-content\/uploads\/boject-tan-9013S0422-400x850-rev2.png","large-width":500,"large-height":850,"1536x1536":"https:\/\/natus.com\/wp-content\/uploads\/boject-tan-9013S0422-400x850-rev2.png","1536x1536-width":500,"1536x1536-height":850,"2048x2048":"https:\/\/natus.com\/wp-content\/uploads\/boject-tan-9013S0422-400x850-rev2.png","2048x2048-width":500,"2048x2048-height":850}}}},{"acf_fc_layout":"product_information","_acfe_flexible_toggle":"","left_accordion_right_image_landing":{"module_options":{"":null,"module_id":"n65144580a8640","module_class":"","module_background_type":"color","module_background_color":"","module_background_image":false,"module_background_video":"","activate_custom_padding":false,"padding_top_desktop":"0","padding_top_tablet":"0","padding_top_mobile":"0","padding_bottom_desktop":"0","padding_bottom_tablet":"0","padding_bottom_mobile":"0","activate_custom_margin":false,"margin_top_desktop":"0","margin_top_tablet":"0","margin_top_mobile":"0","margin_bottom_desktop":"0","margin_bottom_tablet":"0","margin_bottom_mobile":"0","disable_on":[],"content_alignment_desktop":"left","content_alignment_tablet":"left","content_alignment_mobile":"left"},"intro":"Information Produit","description":"","accordion":[{"title":"Caract\u00e9ristiques techniques","accordion_content":[{"acf_fc_layout":"left_content_right_image","accordion_description":"<p><strong>\u00c9lectrode<\/strong><\/p>\n<ul>\n<li><strong>Canule\u00a0:<\/strong>\u00a0Acier inoxydable<\/li>\n<li><strong>Rev\u00eatement :<\/strong>\u00a0PTFE<\/li>\n<li><strong>Embase :<\/strong>\u00a0Polypropyl\u00e8ne<\/li>\n<li><strong>Gaine protectrice\u00a0:<\/strong>\u00a0Polypropyl\u00e8ne<\/li>\n<\/ul>\n<p><strong>Conditionnement<\/strong><\/p>\n<ul>\n<li><strong>Quantit\u00e9\u00a0:<\/strong>\u00a010 aiguilles\/bo\u00eete<\/li>\n<\/ul>\n","accordion_image":{"ID":2460,"id":2460,"title":"bo-ject_needle_tip","filename":"bo-ject_needle_tip.jpg","filesize":48245,"url":"https:\/\/natus.com\/wp-content\/uploads\/bo-ject_needle_tip.jpg","link":"https:\/\/natus.com\/fr\/neuro\/electrodes-aiguilles-dinjection-a-usage-unique-myoject-de-teca-a-embout-luer-lock\/bo-ject_needle_tip-2\/","alt":"Bo-ject needle tip","author":"3","description":"","caption":"","name":"bo-ject_needle_tip-2","status":"inherit","uploaded_to":8753,"date":"2023-09-08 18:32:22","modified":"2024-07-29 21:16:35","menu_order":0,"mime_type":"image\/jpeg","type":"image","subtype":"jpeg","icon":"https:\/\/natus.com\/wp-includes\/images\/media\/default.png","width":265,"height":296,"sizes":{"thumbnail":"https:\/\/natus.com\/wp-content\/uploads\/bo-ject_needle_tip.jpg","thumbnail-width":86,"thumbnail-height":96,"medium":"https:\/\/natus.com\/wp-content\/uploads\/bo-ject_needle_tip.jpg","medium-width":265,"medium-height":296,"medium_large":"https:\/\/natus.com\/wp-content\/uploads\/bo-ject_needle_tip.jpg","medium_large-width":265,"medium_large-height":296,"large":"https:\/\/natus.com\/wp-content\/uploads\/bo-ject_needle_tip.jpg","large-width":265,"large-height":296,"1536x1536":"https:\/\/natus.com\/wp-content\/uploads\/bo-ject_needle_tip.jpg","1536x1536-width":265,"1536x1536-height":296,"2048x2048":"https:\/\/natus.com\/wp-content\/uploads\/bo-ject_needle_tip.jpg","2048x2048-width":265,"2048x2048-height":296}}}]},{"title":"T\u00e9l\u00e9charger la documentation produit","accordion_content":[{"acf_fc_layout":"full_content","accordion_description":"<p><strong>Fiche sur les \u00e9lectrodes-aiguilles d\u2019injection hypodermiques DHN \u00e0 usage unique Bo-ject\u00ae<\/strong><br \/>\n<a href=\"https:\/\/natus.bynder.com\/m\/c82d69097d43d557\/original\/Dantec-Bo-Ject-DHN-Disposable-Needle-Electrodes-Flyer.pdf\" target=\"_blank\" rel=\"noopener\">Anglais<\/a><br \/>\n<a href=\"https:\/\/natus.bynder.com\/m\/eafeeaf045c7cb63\/original\/Dantec-Bo-Ject-DHN-Disposable-Needle-Electrodes-Flyer.pdf\" target=\"_blank\" rel=\"noopener\">Fran\u00e7ais<\/a><br \/>\n<a href=\"https:\/\/natus.bynder.com\/m\/0a6ce3be3434b43a\/original\/Dantec-Bo-Ject-DHN-Disposable-Needle-Electrodes-Flyer.pdf\" target=\"_blank\" rel=\"noopener\">Allemand<\/a><br \/>\n<a href=\"https:\/\/natus.bynder.com\/m\/df63efa40f671450\/original\/Dantec-Bo-Ject-DHN-Disposable-Needle-Electrodes-Flyer.pdf\">Italien<\/a><br \/>\n<a href=\"https:\/\/natus.bynder.com\/m\/7b1a6c6630b77b82\/original\/Dantec-Bo-Ject-DHN-Disposable-Needle-Electrodes-Flyer.pdf\" target=\"_blank\" rel=\"noopener\">Chinois<\/a><\/p>\n<p>&nbsp;<\/p>\n<p><strong>Catalogue de fournitures de neurodiagnostic Natus <\/strong><br \/>\n<a href=\"https:\/\/natus.bynder.com\/m\/990029e101bebd22\/original\/Natus-Neurodiagnostic-Supplies-Catalog.pdf\">Anglais<\/a><br \/>\n<a href=\"https:\/\/natus.bynder.com\/m\/158d8472457a8340\/original\/Natus-Neurodiagnostic-Supplies-Catalog.pdf\">Fran\u00e7ais<\/a><br \/>\n<a href=\"https:\/\/natus.bynder.com\/m\/2af7bff78ece1e68\/original\/Natus-Neurodiagnostic-Supplies-Catalog.pdf\">Allemand<\/a><br \/>\n<a href=\"https:\/\/natus.bynder.com\/m\/381843ac1f7e9034\/original\/Natus-Neurodiagnostic-Supplies-Catalog.pdf\">Espagnol<\/a><\/p>\n"}]}],"image_left":false}},{"acf_fc_layout":"related_products","_acfe_flexible_toggle":"","tiles_3_columns_landing":{"module_options":{"":null,"module_id":"n65144580afd5d","module_class":"","module_background_type":"color","module_background_color":"","module_background_image":false,"module_background_video":"","activate_custom_padding":false,"padding_top_desktop":"0","padding_top_tablet":"0","padding_top_mobile":"0","padding_bottom_desktop":"0","padding_bottom_tablet":"0","padding_bottom_mobile":"0","activate_custom_margin":false,"margin_top_desktop":"0","margin_top_tablet":"0","margin_top_mobile":"0","margin_bottom_desktop":"0","margin_bottom_tablet":"0","margin_bottom_mobile":"0","disable_on":[],"content_alignment_desktop":"left","content_alignment_tablet":"left","content_alignment_mobile":"left"},"intro_text":"Produits Neuro Connexes","intro_text_color":"#005e63","intro_link":{"type":"post","value":"8330","url":"https:\/\/natus.com\/fr\/produits-neuro\/","name":"Produits Neuro","title":"Voir tous les produits Neuro","target":""},"tiles":[{"label":"Appareil EMG portatif","label_background_color":"#154284","image":{"ID":3297,"id":3297,"title":"Dantec Clavis Related Product Photo_500x400","filename":"Dantec-Clavis-Related-Product-Photo_500x400.png","filesize":207103,"url":"https:\/\/natus.com\/wp-content\/uploads\/Dantec-Clavis-Related-Product-Photo_500x400.png","link":"https:\/\/natus.com\/fr\/neuro\/electrodes-aiguilles-dinjection-hypodermiques-dhn-a-usage-unique-bo-ject\/dantec-clavis-related-product-photo_500x400-2\/","alt":"Dantec Clavis ","author":"2","description":"","caption":"","name":"dantec-clavis-related-product-photo_500x400-2","status":"inherit","uploaded_to":8455,"date":"2023-09-12 03:11:31","modified":"2024-07-29 21:03:12","menu_order":0,"mime_type":"image\/png","type":"image","subtype":"png","icon":"https:\/\/natus.com\/wp-includes\/images\/media\/default.png","width":500,"height":400,"sizes":{"thumbnail":"https:\/\/natus.com\/wp-content\/uploads\/Dantec-Clavis-Related-Product-Photo_500x400.png","thumbnail-width":120,"thumbnail-height":96,"medium":"https:\/\/natus.com\/wp-content\/uploads\/Dantec-Clavis-Related-Product-Photo_500x400.png","medium-width":500,"medium-height":400,"medium_large":"https:\/\/natus.com\/wp-content\/uploads\/Dantec-Clavis-Related-Product-Photo_500x400.png","medium_large-width":500,"medium_large-height":400,"large":"https:\/\/natus.com\/wp-content\/uploads\/Dantec-Clavis-Related-Product-Photo_500x400.png","large-width":500,"large-height":400,"1536x1536":"https:\/\/natus.com\/wp-content\/uploads\/Dantec-Clavis-Related-Product-Photo_500x400.png","1536x1536-width":500,"1536x1536-height":400,"2048x2048":"https:\/\/natus.com\/wp-content\/uploads\/Dantec-Clavis-Related-Product-Photo_500x400.png","2048x2048-width":500,"2048x2048-height":400}},"title":"\u00c9lectromyographe portatif Dantec\u00ae Clavis\u2122","link":{"type":"post","value":"8326","url":"https:\/\/natus.com\/fr\/neuro\/electromyographe-portatif-dantec-clavis\/","name":"\u00c9lectromyographe portatif Dantec\u00ae Clavis\u2122","title":"En Savoir Plus","target":"_blank"}},{"label":"Fournitures EMG","label_background_color":"#154284","image":{"ID":3307,"id":3307,"title":"Teca Myoject Luer Lock Related Product Photo_500x400","filename":"TECA-Myoject-GRN-MJT-3726-LL-500x400-1.jpg","filesize":104869,"url":"https:\/\/natus.com\/wp-content\/uploads\/TECA-Myoject-GRN-MJT-3726-LL-500x400-1.jpg","link":"https:\/\/natus.com\/fr\/neuro\/electrodes-aiguilles-dinjection-hypodermiques-dhn-a-usage-unique-bo-ject\/teca-myoject-luer-lock-related-product-photo_500x400-2\/","alt":"Teca Myoject Luer Lock ","author":"2","description":"","caption":"","name":"teca-myoject-luer-lock-related-product-photo_500x400-2","status":"inherit","uploaded_to":8455,"date":"2023-09-12 03:23:13","modified":"2024-07-29 21:03:00","menu_order":0,"mime_type":"image\/png","type":"image","subtype":"png","icon":"https:\/\/natus.com\/wp-includes\/images\/media\/default.png","width":500,"height":400,"sizes":{"thumbnail":"https:\/\/natus.com\/wp-content\/uploads\/TECA-Myoject-GRN-MJT-3726-LL-500x400-1.jpg","thumbnail-width":120,"thumbnail-height":96,"medium":"https:\/\/natus.com\/wp-content\/uploads\/TECA-Myoject-GRN-MJT-3726-LL-500x400-1.jpg","medium-width":500,"medium-height":400,"medium_large":"https:\/\/natus.com\/wp-content\/uploads\/TECA-Myoject-GRN-MJT-3726-LL-500x400-1.jpg","medium_large-width":500,"medium_large-height":400,"large":"https:\/\/natus.com\/wp-content\/uploads\/TECA-Myoject-GRN-MJT-3726-LL-500x400-1.jpg","large-width":500,"large-height":400,"1536x1536":"https:\/\/natus.com\/wp-content\/uploads\/TECA-Myoject-GRN-MJT-3726-LL-500x400-1.jpg","1536x1536-width":500,"1536x1536-height":400,"2048x2048":"https:\/\/natus.com\/wp-content\/uploads\/TECA-Myoject-GRN-MJT-3726-LL-500x400-1.jpg","2048x2048-width":500,"2048x2048-height":400}},"title":"\u00c9lectrodes-aiguilles d\u2019injection \u00e0 usage unique MyoJect\u00ae de TECA\u00ae \u00e0 embout Luer Lock","link":{"type":"post","value":"8753","url":"https:\/\/natus.com\/fr\/neuro\/electrodes-aiguilles-dinjection-a-usage-unique-myoject-de-teca-a-embout-luer-lock\/","name":"\u00c9lectrodes-aiguilles d\u2019injection \u00e0 usage unique MyoJect\u00ae de TECA\u00ae \u00e0 embout Luer Lock","title":"En Savoir Plus","target":"_blank"}},{"label":"Fournitures EMG","label_background_color":"#154284","image":{"ID":3302,"id":3302,"title":"Teca Concentric Needles Related Product Photo_500x400","filename":"Teca-Concentric-Needles-Related-Product-Photo_500x400.png","filesize":54481,"url":"https:\/\/natus.com\/wp-content\/uploads\/Teca-Concentric-Needles-Related-Product-Photo_500x400.png","link":"https:\/\/natus.com\/fr\/neuro\/electrodes-aiguilles-dinjection-hypodermiques-dhn-a-usage-unique-bo-ject\/teca-concentric-needles-related-product-photo_500x400-2\/","alt":"Teca Concentric Needles","author":"2","description":"","caption":"","name":"teca-concentric-needles-related-product-photo_500x400-2","status":"inherit","uploaded_to":8455,"date":"2023-09-12 03:19:29","modified":"2024-07-29 21:03:07","menu_order":0,"mime_type":"image\/png","type":"image","subtype":"png","icon":"https:\/\/natus.com\/wp-includes\/images\/media\/default.png","width":500,"height":400,"sizes":{"thumbnail":"https:\/\/natus.com\/wp-content\/uploads\/Teca-Concentric-Needles-Related-Product-Photo_500x400.png","thumbnail-width":120,"thumbnail-height":96,"medium":"https:\/\/natus.com\/wp-content\/uploads\/Teca-Concentric-Needles-Related-Product-Photo_500x400.png","medium-width":500,"medium-height":400,"medium_large":"https:\/\/natus.com\/wp-content\/uploads\/Teca-Concentric-Needles-Related-Product-Photo_500x400.png","medium_large-width":500,"medium_large-height":400,"large":"https:\/\/natus.com\/wp-content\/uploads\/Teca-Concentric-Needles-Related-Product-Photo_500x400.png","large-width":500,"large-height":400,"1536x1536":"https:\/\/natus.com\/wp-content\/uploads\/Teca-Concentric-Needles-Related-Product-Photo_500x400.png","1536x1536-width":500,"1536x1536-height":400,"2048x2048":"https:\/\/natus.com\/wp-content\/uploads\/Teca-Concentric-Needles-Related-Product-Photo_500x400.png","2048x2048-width":500,"2048x2048-height":400}},"title":"\u00c9lectrodes-aiguilles d\u2019EMG concentriques \u00e0 usage unique Elite de TECA\u00ae","link":{"type":"post","value":"8378","url":"https:\/\/natus.com\/fr\/neuro\/electrodes-aiguilles-demg-concentriques-a-usage-unique-elite-de-teca\/","name":"\u00c9lectrodes-aiguilles d\u2019EMG concentriques \u00e0 usage unique Elite de TECA\u00ae","title":"En Savoir Plus","target":"_blank"}}]}},{"acf_fc_layout":"contact_form","_acfe_flexible_toggle":"","contact_form_landing":{"module_options":{"":null,"module_id":"contact-neuro","module_class":"","module_background_type":"color","module_background_color":"#f1f1f1","module_background_image":false,"module_background_video":"","activate_custom_padding":false,"padding_top_desktop":"0","padding_top_tablet":"0","padding_top_mobile":"0","padding_bottom_desktop":"0","padding_bottom_tablet":"0","padding_bottom_mobile":"0","activate_custom_margin":false,"margin_top_desktop":"0","margin_top_tablet":"0","margin_top_mobile":"0","margin_bottom_desktop":"0","margin_bottom_tablet":"0","margin_bottom_mobile":"0","disable_on":[],"content_alignment_desktop":"left","content_alignment_tablet":"left","content_alignment_mobile":"left"},"":null,"activate_intro":true,"intro_text":"Contactez votre repr\u00e9sentant Natus","intro_text_color":"#005e63","intro_link":null,"activate_description":true,"description_title":"","description_copy":"Pour plus d'informations sur ce produit ou tout autre produit, veuillez nous envoyer un message \u00e0 l'aide du formulaire ci-dessous.","embed_code":"<script charset=\"utf-8\" type=\"text\/javascript\" src=\"\/\/js.hsforms.net\/forms\/embed\/v2.js\"><\/script>\r\n<script>\r\n  hbspt.forms.create({\r\n    region: \"na1\",\r\n    portalId: \"3002890\",\r\n    formId: \"0f52793d-5376-4e07-bfe5-62ef62c95d16\"\r\n  });\r\n<\/script>"}},{"acf_fc_layout":"simple_content","_acfe_flexible_toggle":"","content_full_width_landing":{"module_options":{"":null,"module_id":"n65144580bdbd9","module_class":"","module_background_type":"color","module_background_color":"","module_background_image":false,"module_background_video":"","activate_custom_padding":false,"padding_top_desktop":"0","padding_top_tablet":"0","padding_top_mobile":"0","padding_bottom_desktop":"0","padding_bottom_tablet":"0","padding_bottom_mobile":"0","activate_custom_margin":false,"margin_top_desktop":"0","margin_top_tablet":"0","margin_top_mobile":"0","margin_bottom_desktop":"0","margin_bottom_tablet":"0","margin_bottom_mobile":"0","disable_on":[],"content_alignment_desktop":"left","content_alignment_tablet":"left","content_alignment_mobile":"left"},"content":"<p><span style=\"font-size: 11px;\">035212 RevA<\/span><\/p>\n"}}]},"_links":{"self":[{"href":"https:\/\/natus.com\/fr\/wp-json\/wp\/v2\/pages\/8455","targetHints":{"allow":["GET"]}}],"collection":[{"href":"https:\/\/natus.com\/fr\/wp-json\/wp\/v2\/pages"}],"about":[{"href":"https:\/\/natus.com\/fr\/wp-json\/wp\/v2\/types\/page"}],"author":[{"embeddable":true,"href":"https:\/\/natus.com\/fr\/wp-json\/wp\/v2\/users\/3"}],"replies":[{"embeddable":true,"href":"https:\/\/natus.com\/fr\/wp-json\/wp\/v2\/comments?post=8455"}],"version-history":[{"count":6,"href":"https:\/\/natus.com\/fr\/wp-json\/wp\/v2\/pages\/8455\/revisions"}],"predecessor-version":[{"id":20690,"href":"https:\/\/natus.com\/fr\/wp-json\/wp\/v2\/pages\/8455\/revisions\/20690"}],"up":[{"embeddable":true,"href":"https:\/\/natus.com\/fr\/wp-json\/wp\/v2\/pages\/10461"}],"wp:attachment":[{"href":"https:\/\/natus.com\/fr\/wp-json\/wp\/v2\/media?parent=8455"}],"wp:term":[{"taxonomy":"category","embeddable":true,"href":"https:\/\/natus.com\/fr\/wp-json\/wp\/v2\/categories?post=8455"},{"taxonomy":"post_tag","embeddable":true,"href":"https:\/\/natus.com\/fr\/wp-json\/wp\/v2\/tags?post=8455"}],"curies":[{"name":"wp","href":"https:\/\/api.w.org\/{rel}","templated":true}]}}