{"id":8459,"date":"2023-09-08T19:43:52","date_gmt":"2023-09-08T19:43:52","guid":{"rendered":"https:\/\/natus.com\/natus-disposable-adhesive-electrodes\/"},"modified":"2026-01-29T21:57:29","modified_gmt":"2026-01-29T21:57:29","slug":"electrodes-adhesives-a-usage-unique-de-natus","status":"publish","type":"page","link":"https:\/\/natus.com\/fr\/neuro\/electrodes-adhesives-a-usage-unique-de-natus\/","title":{"rendered":"\u00c9lectrodes adh\u00e9sives \u00e0 usage unique de Natus\u00ae"},"content":{"rendered":"","protected":false},"excerpt":{"rendered":"","protected":false},"author":3,"featured_media":0,"parent":10461,"menu_order":0,"comment_status":"closed","ping_status":"closed","template":"templates\/page-neuro-solutions-product-landing.php","meta":{"_acf_changed":false,"footnotes":""},"categories":[163,201,179,181],"tags":[459,238,463,239],"class_list":["post-8459","page","type-page","status-publish","hentry","category-electromyography-emg-fr","category-fournitures-neurodiagnostic-fr","category-psg-polysomnographie-fr","category-iom-fr","tag-emg-supplies-fr","tag-fournitures-oim-fr","tag-fournitures-emg-fr","tag-fournitures-sommeil-fr"],"acf":{"content_blocks":[{"acf_fc_layout":"spacer","_acfe_flexible_layout_title":null,"_acfe_flexible_toggle":null,"spacer":{"module_options":{"":null,"module_id":"n6514f26fe3f4d","module_class":"","module_background_type":"color","module_background_color":"#00aaa7","module_background_image":false,"module_background_video":"","activate_custom_padding":false,"padding_top_desktop":"0","padding_top_tablet":"0","padding_top_mobile":"0","padding_bottom_desktop":"0","padding_bottom_tablet":"0","padding_bottom_mobile":"0","activate_custom_margin":false,"margin_top_desktop":"0","margin_top_tablet":"0","margin_top_mobile":"0","margin_bottom_desktop":"0","margin_bottom_tablet":"0","margin_bottom_mobile":"0","disable_on":[],"content_alignment_desktop":"left","content_alignment_tablet":"left","content_alignment_mobile":"left"},"height":"270"}},{"acf_fc_layout":"intro_with_sticky_image","_acfe_flexible_layout_title":null,"_acfe_flexible_toggle":null,"left_content_right_image_sticky":{"module_options":{"":null,"module_id":"n6514f26febf02","module_class":"","module_background_type":"color","module_background_color":"","module_background_image":false,"module_background_video":"","activate_custom_padding":false,"padding_top_desktop":"0","padding_top_tablet":"0","padding_top_mobile":"0","padding_bottom_desktop":"0","padding_bottom_tablet":"0","padding_bottom_mobile":"0","activate_custom_margin":false,"margin_top_desktop":"0","margin_top_tablet":"0","margin_top_mobile":"0","margin_bottom_desktop":"0","margin_bottom_tablet":"0","margin_bottom_mobile":"0","disable_on":[],"content_alignment_desktop":"left","content_alignment_tablet":"left","content_alignment_mobile":"left"},"":null,"title":"\u00c9lectrodes adh\u00e9sives \u00e0 usage unique de Natus\u00ae","subheader":"<p>Les \u00e9lectrodes adh\u00e9sives \u00e0 usage unique de Natus<sup>\u00ae<\/sup>\u00a0sont de toute premi\u00e8re qualit\u00e9 et offrent une performance durable.<\/p>\n<ul>\n<li>Excellente adh\u00e9rence pour les exigences cliniques rigoureuses, notamment les repositionnements r\u00e9p\u00e9t\u00e9s<\/li>\n<li>Diff\u00e9rentes options pour satisfaire aux exigences des \u00e9tudes EMG, NCS, PES, IOM, PSG et ENG<\/li>\n<li>\u00c9lectrodes pr\u00e9g\u00e9lifi\u00e9es qui se d\u00e9tachent proprement de leur support sans laisser de r\u00e9sidus<\/li>\n<li>Les mod\u00e8les avec fils sont \u00e0 code-couleur et se terminent par des connecteurs prot\u00e9g\u00e9s des contacts<\/li>\n<li>Pochettes herm\u00e9tiques en aluminium pour une qualit\u00e9 et une conservation optimales<\/li>\n<li>Portail en ligne pratique &#8211; <a href=\"https:\/\/natus.com\/fr\/magasins-natus-medical\/\">Natus Medical Store<\/a> (disponible sur certains march\u00e9s)<\/li>\n<\/ul>\n<p><span style=\"font-size: 12px;\">Disponible uniquement dans certains pays. Veuillez contacter votre distributeur local pour en savoir plus.<\/span><\/p>\n","icons":[{"icon":{"ID":2225,"id":2225,"title":"icon-feature","filename":"icon-feature.png","filesize":1408,"url":"https:\/\/natus.com\/wp-content\/uploads\/icon-feature.png","link":"https:\/\/natus.com\/fr\/neuro\/electromyographe-portatif-dantec-clavis\/icon-feature-2\/","alt":"star","author":"2","description":"Icon - Star","caption":"","name":"icon-feature-2","status":"inherit","uploaded_to":8326,"date":"2023-09-07 22:27:26","modified":"2024-07-29 21:19:16","menu_order":0,"mime_type":"image\/png","type":"image","subtype":"png","icon":"https:\/\/natus.com\/wp-includes\/images\/media\/default.png","width":43,"height":41,"sizes":{"thumbnail":"https:\/\/natus.com\/wp-content\/uploads\/icon-feature.png","thumbnail-width":43,"thumbnail-height":41,"medium":"https:\/\/natus.com\/wp-content\/uploads\/icon-feature.png","medium-width":43,"medium-height":41,"medium_large":"https:\/\/natus.com\/wp-content\/uploads\/icon-feature.png","medium_large-width":43,"medium_large-height":41,"large":"https:\/\/natus.com\/wp-content\/uploads\/icon-feature.png","large-width":43,"large-height":41,"1536x1536":"https:\/\/natus.com\/wp-content\/uploads\/icon-feature.png","1536x1536-width":43,"1536x1536-height":41,"2048x2048":"https:\/\/natus.com\/wp-content\/uploads\/icon-feature.png","2048x2048-width":43,"2048x2048-height":41}},"icon_description":"Avec Et <br \/>\r\nSans C\u00e2bles"},{"icon":{"ID":1941,"id":1941,"title":"icon-flag","filename":"icon-flag.png","filesize":664,"url":"https:\/\/natus.com\/wp-content\/uploads\/icon-flag.png","link":"https:\/\/natus.com\/fr\/neuro\/electromyographe-portatif-dantec-clavis\/icon-flag-2\/","alt":"Icon - Flag","author":"2","description":"","caption":"","name":"icon-flag-2","status":"inherit","uploaded_to":8326,"date":"2023-09-01 19:14:05","modified":"2024-07-29 21:19:56","menu_order":0,"mime_type":"image\/png","type":"image","subtype":"png","icon":"https:\/\/natus.com\/wp-includes\/images\/media\/default.png","width":30,"height":42,"sizes":{"thumbnail":"https:\/\/natus.com\/wp-content\/uploads\/icon-flag.png","thumbnail-width":30,"thumbnail-height":42,"medium":"https:\/\/natus.com\/wp-content\/uploads\/icon-flag.png","medium-width":30,"medium-height":42,"medium_large":"https:\/\/natus.com\/wp-content\/uploads\/icon-flag.png","medium_large-width":30,"medium_large-height":42,"large":"https:\/\/natus.com\/wp-content\/uploads\/icon-flag.png","large-width":30,"large-height":42,"1536x1536":"https:\/\/natus.com\/wp-content\/uploads\/icon-flag.png","1536x1536-width":30,"1536x1536-height":42,"2048x2048":"https:\/\/natus.com\/wp-content\/uploads\/icon-flag.png","2048x2048-width":30,"2048x2048-height":42}},"icon_description":"Pr\u00e9-G\u00e9lifi\u00e9es <br \/>\r\nAg\/AgCl"},{"icon":{"ID":2432,"id":2432,"title":"icon-options","filename":"icon-options.png","filesize":1971,"url":"https:\/\/natus.com\/wp-content\/uploads\/icon-options.png","link":"https:\/\/natus.com\/fr\/neuro\/icon-options-2\/","alt":"Icon - Multi Option","author":"2","description":"","caption":"","name":"icon-options-2","status":"inherit","uploaded_to":10461,"date":"2023-09-08 17:24:45","modified":"2024-07-29 21:17:09","menu_order":0,"mime_type":"image\/png","type":"image","subtype":"png","icon":"https:\/\/natus.com\/wp-includes\/images\/media\/default.png","width":47,"height":47,"sizes":{"thumbnail":"https:\/\/natus.com\/wp-content\/uploads\/icon-options.png","thumbnail-width":47,"thumbnail-height":47,"medium":"https:\/\/natus.com\/wp-content\/uploads\/icon-options.png","medium-width":47,"medium-height":47,"medium_large":"https:\/\/natus.com\/wp-content\/uploads\/icon-options.png","medium_large-width":47,"medium_large-height":47,"large":"https:\/\/natus.com\/wp-content\/uploads\/icon-options.png","large-width":47,"large-height":47,"1536x1536":"https:\/\/natus.com\/wp-content\/uploads\/icon-options.png","1536x1536-width":47,"1536x1536-height":47,"2048x2048":"https:\/\/natus.com\/wp-content\/uploads\/icon-options.png","2048x2048-width":47,"2048x2048-height":47}},"icon_description":"Nombreuses <br \/>\r\nDimensions <br \/>\r\nEt Mod\u00e8les"}],"quick_navigation":[{"quick_link":{"type":"url","value":"#contact-neuro","url":"#contact-neuro","name":"#contact-neuro","title":"Contactez votre repr\u00e9sentant Natus","target":""}},{"quick_link":{"type":"url","value":"#n6514f27002c7f","url":"#n6514f27002c7f","name":"#n6514f27002c7f","title":"Explorer plus de d\u00e9tails","target":""}}],"description":"","message_label":"Service et Assistance","message_title":"Vous recherchez un service de produit neuro ou une assistance technique ?","message_link":{"type":"post","value":"8358","url":"https:\/\/natus.com\/fr\/assistance\/","name":"Service et Assistance","title":"Service et Assistance Natus","target":""},"right_sticky_image":{"ID":5143,"id":5143,"title":"Adhesive Electrodes Main Product Photo - 500x850","filename":"Adhesives_Main-Image.png","filesize":266033,"url":"https:\/\/natus.com\/wp-content\/uploads\/Adhesives_Main-Image.png","link":"https:\/\/natus.com\/fr\/neuro\/electrodes-adhesives-a-usage-unique-de-natus\/adhesive-electrodes-main-product-photo-500x850-2\/","alt":"Natus\u00ae Disposable Adhesive Electrodes","author":"2","description":"","caption":"","name":"adhesive-electrodes-main-product-photo-500x850-2","status":"inherit","uploaded_to":8459,"date":"2023-09-18 18:48:22","modified":"2024-07-26 17:09:23","menu_order":0,"mime_type":"image\/png","type":"image","subtype":"png","icon":"https:\/\/natus.com\/wp-includes\/images\/media\/default.png","width":500,"height":850,"sizes":{"thumbnail":"https:\/\/natus.com\/wp-content\/uploads\/Adhesives_Main-Image.png","thumbnail-width":56,"thumbnail-height":96,"medium":"https:\/\/natus.com\/wp-content\/uploads\/Adhesives_Main-Image.png","medium-width":500,"medium-height":850,"medium_large":"https:\/\/natus.com\/wp-content\/uploads\/Adhesives_Main-Image.png","medium_large-width":500,"medium_large-height":850,"large":"https:\/\/natus.com\/wp-content\/uploads\/Adhesives_Main-Image.png","large-width":500,"large-height":850,"1536x1536":"https:\/\/natus.com\/wp-content\/uploads\/Adhesives_Main-Image.png","1536x1536-width":500,"1536x1536-height":850,"2048x2048":"https:\/\/natus.com\/wp-content\/uploads\/Adhesives_Main-Image.png","2048x2048-width":500,"2048x2048-height":850}}}},{"acf_fc_layout":"product_information","_acfe_flexible_layout_title":null,"_acfe_flexible_toggle":null,"left_accordion_right_image_landing":{"module_options":{"":null,"module_id":"n6514f27002c7f","module_class":"","module_background_type":"color","module_background_color":"","module_background_image":false,"module_background_video":"","activate_custom_padding":false,"padding_top_desktop":"0","padding_top_tablet":"0","padding_top_mobile":"0","padding_bottom_desktop":"0","padding_bottom_tablet":"0","padding_bottom_mobile":"0","activate_custom_margin":false,"margin_top_desktop":"0","margin_top_tablet":"0","margin_top_mobile":"0","margin_bottom_desktop":"0","margin_bottom_tablet":"0","margin_bottom_mobile":"0","disable_on":[],"content_alignment_desktop":"left","content_alignment_tablet":"left","content_alignment_mobile":"left"},"intro":"Information Produit","description":"","accordion":[{"title":"\u00c9lectrodes avec fils termin\u00e9s par des connecteurs 1,5 mm prot\u00e9g\u00e9s des contacts","accordion_content":[{"acf_fc_layout":"full_content","accordion_description":"<p><img loading=\"lazy\" decoding=\"async\" class=\"alignnone size-full wp-image-2560\" src=\"https:\/\/natus.com\/wp-content\/uploads\/disposable_adhesive_electrodes_with_1.5mm_leads.jpg\" alt=\"\" width=\"859\" height=\"565\" srcset=\"https:\/\/natus.com\/wp-content\/uploads\/disposable_adhesive_electrodes_with_1.5mm_leads.jpg 859w, https:\/\/natus.com\/wp-content\/uploads\/disposable_adhesive_electrodes_with_1.5mm_leads-768x505.jpg 768w\" sizes=\"auto, (max-width: 859px) 100vw, 859px\" \/><\/p>\n"}]},{"title":"\u00c9lectrodes avec fils termin\u00e9s par des connecteurs m\u00e2les de 0,7 mm prot\u00e9g\u00e9s des contacts","accordion_content":[{"acf_fc_layout":"full_content","accordion_description":"<p><img loading=\"lazy\" decoding=\"async\" class=\"alignnone wp-image-2555\" src=\"https:\/\/natus.com\/wp-content\/uploads\/disposable_adhesive_electrodes_with_0.7mm_leads.jpg\" alt=\"\" width=\"533\" height=\"87\" \/><\/p>\n"}]},{"title":"\u00c9lectrodes sans fil (n\u00e9cessitent les c\u00e2bles \u00e0 pince crocodile \u00e0 usages multiples)","accordion_content":[{"acf_fc_layout":"full_content","accordion_description":"<p><img loading=\"lazy\" decoding=\"async\" class=\"alignnone size-full wp-image-2565\" src=\"https:\/\/natus.com\/wp-content\/uploads\/disposable_adhesive_electrodes_without_leads.jpg\" alt=\"\" width=\"801\" height=\"191\" srcset=\"https:\/\/natus.com\/wp-content\/uploads\/disposable_adhesive_electrodes_without_leads.jpg 801w, https:\/\/natus.com\/wp-content\/uploads\/disposable_adhesive_electrodes_without_leads-768x183.jpg 768w\" sizes=\"auto, (max-width: 801px) 100vw, 801px\" \/><\/p>\n"}]},{"title":"T\u00e9l\u00e9charger la documentation produit","accordion_content":[{"acf_fc_layout":"full_content","accordion_description":"<p><strong>Fiche sur les \u00e9lectrodes adh\u00e9sives de Natus <\/strong><br \/>\n<a href=\"https:\/\/natus.bynder.com\/m\/9a8485625a9da432\/original\/Natus-Disposable-Adhesive-Electrodes-Flyer.pdf\" target=\"_blank\" rel=\"noopener\">Anglais<\/a><br \/>\n<a href=\"https:\/\/natus.bynder.com\/m\/a634b1720977f466\/original\/Natus-Disposable-Adhesive-Electrodes-Flyer.pdf\" target=\"_blank\" rel=\"noopener\">Fran\u00e7ais<\/a><br \/>\n<a href=\"https:\/\/natus.bynder.com\/m\/925904218e73210f\/original\/Natus-Disposable-Adhesive-Electrodes-Flyer.pdf\" target=\"_blank\" rel=\"noopener\">Allemand<\/a><br \/>\n<a href=\"https:\/\/natus.bynder.com\/m\/a59e9199ec5185c5\/original\/Natus-Disposable-Adhesive-Electrodes-Flyer.pdf\">Italien<\/a><\/p>\n<p><strong>Catalogue de fournitures de neurodiagnostic Natus <\/strong><br \/>\n<a href=\"https:\/\/natus.bynder.com\/m\/990029e101bebd22\/original\/Natus-Neurodiagnostic-Supplies-Catalog.pdf\">Anglais<\/a><br \/>\n<a href=\"https:\/\/natus.bynder.com\/m\/158d8472457a8340\/original\/Natus-Neurodiagnostic-Supplies-Catalog.pdf\">Fran\u00e7ais<\/a><br \/>\n<a href=\"https:\/\/natus.bynder.com\/m\/2af7bff78ece1e68\/original\/Natus-Neurodiagnostic-Supplies-Catalog.pdf\">Allemand<\/a><br \/>\n<a href=\"https:\/\/natus.bynder.com\/m\/381843ac1f7e9034\/original\/Natus-Neurodiagnostic-Supplies-Catalog.pdf\">Espagnol<\/a><\/p>\n"}]}],"image_left":false}},{"acf_fc_layout":"related_products","_acfe_flexible_layout_title":null,"_acfe_flexible_toggle":null,"tiles_3_columns_landing":{"module_options":{"":null,"module_id":"n6514f2700c856","module_class":"","module_background_type":"color","module_background_color":"#f1f1f1","module_background_image":false,"module_background_video":"","activate_custom_padding":false,"padding_top_desktop":"0","padding_top_tablet":"0","padding_top_mobile":"0","padding_bottom_desktop":"0","padding_bottom_tablet":"0","padding_bottom_mobile":"0","activate_custom_margin":false,"margin_top_desktop":"0","margin_top_tablet":"0","margin_top_mobile":"0","margin_bottom_desktop":"0","margin_bottom_tablet":"0","margin_bottom_mobile":"0","disable_on":[],"content_alignment_desktop":"left","content_alignment_tablet":"left","content_alignment_mobile":"left"},"intro_text":"Produits Neuro Connexes","intro_text_color":"#005e63","intro_link":{"type":"post","value":"8330","url":"https:\/\/natus.com\/fr\/produits-neuro\/","name":"Produits Neuro","title":"Voir tous les produits Neuro","target":""},"tiles":[{"label":"Fournitures pour le sommeil","label_background_color":"#154284","image":{"ID":4325,"id":4325,"title":"XactTrace Belts Related Product Photo - 500x400","filename":"XatTrace-Belts-Related-Product-Photo-500x400-1.png","filesize":88394,"url":"https:\/\/natus.com\/wp-content\/uploads\/XatTrace-Belts-Related-Product-Photo-500x400-1.png","link":"https:\/\/natus.com\/fr\/neuro\/xattrace-belts-related-product-photo-500x400-2\/","alt":"Natus\u00ae XactTrace\u00ae RIP Respiratory Effort Belts","author":"2","description":"","caption":"","name":"xattrace-belts-related-product-photo-500x400-2","status":"inherit","uploaded_to":10461,"date":"2023-09-14 18:48:15","modified":"2024-07-29 20:27:23","menu_order":0,"mime_type":"image\/png","type":"image","subtype":"png","icon":"https:\/\/natus.com\/wp-includes\/images\/media\/default.png","width":500,"height":400,"sizes":{"thumbnail":"https:\/\/natus.com\/wp-content\/uploads\/XatTrace-Belts-Related-Product-Photo-500x400-1.png","thumbnail-width":120,"thumbnail-height":96,"medium":"https:\/\/natus.com\/wp-content\/uploads\/XatTrace-Belts-Related-Product-Photo-500x400-1.png","medium-width":500,"medium-height":400,"medium_large":"https:\/\/natus.com\/wp-content\/uploads\/XatTrace-Belts-Related-Product-Photo-500x400-1.png","medium_large-width":500,"medium_large-height":400,"large":"https:\/\/natus.com\/wp-content\/uploads\/XatTrace-Belts-Related-Product-Photo-500x400-1.png","large-width":500,"large-height":400,"1536x1536":"https:\/\/natus.com\/wp-content\/uploads\/XatTrace-Belts-Related-Product-Photo-500x400-1.png","1536x1536-width":500,"1536x1536-height":400,"2048x2048":"https:\/\/natus.com\/wp-content\/uploads\/XatTrace-Belts-Related-Product-Photo-500x400-1.png","2048x2048-width":500,"2048x2048-height":400}},"title":"Ceintures d\u2019effort respiratoire XactTrace\u00ae pour PRI de Natus\u00ae","link":{"type":"post","value":"9409","url":"https:\/\/natus.com\/fr\/neuro\/ceintures-deffort-respiratoire-xacttrace-pour-pri-de-natus\/","name":"Ceintures d&rsquo;effort respiratoire XactTrace\u00ae pour PRI de Natus\u00ae","title":"En Savoir Plus","target":"_blank"}},{"label":"Fournitures EMG","label_background_color":"#154284","image":{"ID":5136,"id":5136,"title":"Natus Monopolar Needles Related Product Photo - 500x400","filename":"Natus-Monopolar-Needles-Related-Product-Photo-500x400-1.png","filesize":65053,"url":"https:\/\/natus.com\/wp-content\/uploads\/Natus-Monopolar-Needles-Related-Product-Photo-500x400-1.png","link":"https:\/\/natus.com\/fr\/neuro\/electrodes-aiguilles-sous-cutanees-a-usage-unique-ultra-de-natus\/natus-monopolar-needles-related-product-photo-500x400-2\/","alt":"Natus\u00ae Ultra Disposable Subdermal Needle Electrodes","author":"2","description":"","caption":"","name":"natus-monopolar-needles-related-product-photo-500x400-2","status":"inherit","uploaded_to":9526,"date":"2023-09-18 18:42:21","modified":"2024-07-26 17:09:29","menu_order":0,"mime_type":"image\/png","type":"image","subtype":"png","icon":"https:\/\/natus.com\/wp-includes\/images\/media\/default.png","width":500,"height":400,"sizes":{"thumbnail":"https:\/\/natus.com\/wp-content\/uploads\/Natus-Monopolar-Needles-Related-Product-Photo-500x400-1.png","thumbnail-width":120,"thumbnail-height":96,"medium":"https:\/\/natus.com\/wp-content\/uploads\/Natus-Monopolar-Needles-Related-Product-Photo-500x400-1.png","medium-width":500,"medium-height":400,"medium_large":"https:\/\/natus.com\/wp-content\/uploads\/Natus-Monopolar-Needles-Related-Product-Photo-500x400-1.png","medium_large-width":500,"medium_large-height":400,"large":"https:\/\/natus.com\/wp-content\/uploads\/Natus-Monopolar-Needles-Related-Product-Photo-500x400-1.png","large-width":500,"large-height":400,"1536x1536":"https:\/\/natus.com\/wp-content\/uploads\/Natus-Monopolar-Needles-Related-Product-Photo-500x400-1.png","1536x1536-width":500,"1536x1536-height":400,"2048x2048":"https:\/\/natus.com\/wp-content\/uploads\/Natus-Monopolar-Needles-Related-Product-Photo-500x400-1.png","2048x2048-width":500,"2048x2048-height":400}},"title":"\u00c9lectrodes-aiguilles monopolaires \u00e0 usage unique Ultra avec fils attach\u00e9s de Natus\u00ae","link":{"type":"post","value":"8413","url":"https:\/\/natus.com\/fr\/neuro\/electrodes-aiguilles-monopolaires-ultra-de-natus\/","name":"\u00c9lectrodes-aiguilles monopolaires \u00e0 usage unique Ultra avec fils attach\u00e9s de Natus\u00ae","title":"En Savoir Plus","target":"_blank"}},{"label":"Fournitures d\u2019EEG","label_background_color":"#154284","image":{"ID":4776,"id":4776,"title":"Grass Standard Cup EEG Electrodes Related Product Photo -500x400","filename":"Grass-Disposable-Standard-Cup-EEG-Electrodes-Related-Product-Photo-500x400-1.png","filesize":221785,"url":"https:\/\/natus.com\/wp-content\/uploads\/Grass-Disposable-Standard-Cup-EEG-Electrodes-Related-Product-Photo-500x400-1.png","link":"https:\/\/natus.com\/fr\/neuro\/eeg-aeeg\/fournitures-eeg\/grass-standard-cup-eeg-electrodes-related-product-photo-500x400-2\/","alt":"Grass Disposable Standard Cup EEG Electrodes","author":"2","description":"","caption":"","name":"grass-standard-cup-eeg-electrodes-related-product-photo-500x400-2","status":"inherit","uploaded_to":12642,"date":"2023-09-15 18:42:55","modified":"2024-07-26 19:14:59","menu_order":0,"mime_type":"image\/png","type":"image","subtype":"png","icon":"https:\/\/natus.com\/wp-includes\/images\/media\/default.png","width":500,"height":400,"sizes":{"thumbnail":"https:\/\/natus.com\/wp-content\/uploads\/Grass-Disposable-Standard-Cup-EEG-Electrodes-Related-Product-Photo-500x400-1.png","thumbnail-width":120,"thumbnail-height":96,"medium":"https:\/\/natus.com\/wp-content\/uploads\/Grass-Disposable-Standard-Cup-EEG-Electrodes-Related-Product-Photo-500x400-1.png","medium-width":500,"medium-height":400,"medium_large":"https:\/\/natus.com\/wp-content\/uploads\/Grass-Disposable-Standard-Cup-EEG-Electrodes-Related-Product-Photo-500x400-1.png","medium_large-width":500,"medium_large-height":400,"large":"https:\/\/natus.com\/wp-content\/uploads\/Grass-Disposable-Standard-Cup-EEG-Electrodes-Related-Product-Photo-500x400-1.png","large-width":500,"large-height":400,"1536x1536":"https:\/\/natus.com\/wp-content\/uploads\/Grass-Disposable-Standard-Cup-EEG-Electrodes-Related-Product-Photo-500x400-1.png","1536x1536-width":500,"1536x1536-height":400,"2048x2048":"https:\/\/natus.com\/wp-content\/uploads\/Grass-Disposable-Standard-Cup-EEG-Electrodes-Related-Product-Photo-500x400-1.png","2048x2048-width":500,"2048x2048-height":400}},"title":"\u00c9lectrodes d\u2019EEG Grass\u00ae \u00e0 cupule \u00e0 usage unique","link":{"type":"post","value":"9584","url":"https:\/\/natus.com\/fr\/neuro\/electrodes-deeg-grass-a-cupule-a-usage-unique\/","name":"\u00c9lectrodes d\u2019EEG Grass\u00ae \u00e0 cupule \u00e0 usage unique","title":"En Savoir Plus","target":"_blank"}}]}},{"acf_fc_layout":"contact_form","_acfe_flexible_layout_title":null,"_acfe_flexible_toggle":null,"contact_form_landing":{"module_options":{"":null,"module_id":"contact-neuro","module_class":"","module_background_type":"color","module_background_color":"#f1f1f1","module_background_image":false,"module_background_video":"","activate_custom_padding":false,"padding_top_desktop":"0","padding_top_tablet":"0","padding_top_mobile":"0","padding_bottom_desktop":"0","padding_bottom_tablet":"0","padding_bottom_mobile":"0","activate_custom_margin":false,"margin_top_desktop":"0","margin_top_tablet":"0","margin_top_mobile":"0","margin_bottom_desktop":"0","margin_bottom_tablet":"0","margin_bottom_mobile":"0","disable_on":[],"content_alignment_desktop":"left","content_alignment_tablet":"left","content_alignment_mobile":"left"},"":null,"activate_intro":true,"intro_text":"Contactez votre repr\u00e9sentant Natus","intro_text_color":"#005e63","intro_link":null,"activate_description":true,"description_title":"","description_copy":"Pour plus d'informations sur ce produit ou tout autre produit, veuillez nous envoyer un message \u00e0 l'aide du formulaire ci-dessous.","embed_code":"<script charset=\"utf-8\" type=\"text\/javascript\" src=\"\/\/js.hsforms.net\/forms\/embed\/v2.js\"><\/script>\r\n<script>\r\n  hbspt.forms.create({\r\n    region: \"na1\",\r\n    portalId: \"3002890\",\r\n    formId: \"0f52793d-5376-4e07-bfe5-62ef62c95d16\"\r\n  });\r\n<\/script>"}},{"acf_fc_layout":"simple_content","_acfe_flexible_layout_title":null,"_acfe_flexible_toggle":null,"content_full_width_landing":{"module_options":{"":null,"module_id":"n6514f2701c05b","module_class":"","module_background_type":"color","module_background_color":"","module_background_image":false,"module_background_video":"","activate_custom_padding":false,"padding_top_desktop":"0","padding_top_tablet":"0","padding_top_mobile":"0","padding_bottom_desktop":"0","padding_bottom_tablet":"0","padding_bottom_mobile":"0","activate_custom_margin":false,"margin_top_desktop":"0","margin_top_tablet":"0","margin_top_mobile":"0","margin_bottom_desktop":"0","margin_bottom_tablet":"0","margin_bottom_mobile":"0","disable_on":[],"content_alignment_desktop":"left","content_alignment_tablet":"left","content_alignment_mobile":"left"},"content":"<p><span style=\"font-size: 11px;\">035219 RevA<\/span><\/p>\n"}}],"schema_markup":[{"acf_fc_layout":"schema_markup_product","_acfe_flexible_layout_title":null,"_acfe_flexible_toggle":null,"schema_markup_product":{"enable_schema":true,"":null,"device_name":"\u00c9lectrodes adh\u00e9sives \u00e0 usage unique de Natus\u00ae","device_image":"https:\/\/natus.com\/wp-content\/uploads\/Natus-Adhesive-Electrodes-Related-Product-Photo-500x400-1.jpg","device_desc":"Les \u00e9lectrodes adh\u00e9sives \u00e0 usage unique de Natus\u00ae sont de toute premi\u00e8re qualit\u00e9 et offrent une performance durable.","device_purpose":"","manufacturer_name":"Natus Medical Incorporated","manufacturer_url":"https:\/\/natus.com","brand_name":"Natus","page_url":"https:\/\/natus.com\/fr\/neuro\/electrodes-adhesives-a-usage-unique-de-natus\/","in_language":"en","medical_specialty":["Neurologic"]}}]},"_links":{"self":[{"href":"https:\/\/natus.com\/fr\/wp-json\/wp\/v2\/pages\/8459","targetHints":{"allow":["GET"]}}],"collection":[{"href":"https:\/\/natus.com\/fr\/wp-json\/wp\/v2\/pages"}],"about":[{"href":"https:\/\/natus.com\/fr\/wp-json\/wp\/v2\/types\/page"}],"author":[{"embeddable":true,"href":"https:\/\/natus.com\/fr\/wp-json\/wp\/v2\/users\/3"}],"replies":[{"embeddable":true,"href":"https:\/\/natus.com\/fr\/wp-json\/wp\/v2\/comments?post=8459"}],"version-history":[{"count":8,"href":"https:\/\/natus.com\/fr\/wp-json\/wp\/v2\/pages\/8459\/revisions"}],"predecessor-version":[{"id":26129,"href":"https:\/\/natus.com\/fr\/wp-json\/wp\/v2\/pages\/8459\/revisions\/26129"}],"up":[{"embeddable":true,"href":"https:\/\/natus.com\/fr\/wp-json\/wp\/v2\/pages\/10461"}],"wp:attachment":[{"href":"https:\/\/natus.com\/fr\/wp-json\/wp\/v2\/media?parent=8459"}],"wp:term":[{"taxonomy":"category","embeddable":true,"href":"https:\/\/natus.com\/fr\/wp-json\/wp\/v2\/categories?post=8459"},{"taxonomy":"post_tag","embeddable":true,"href":"https:\/\/natus.com\/fr\/wp-json\/wp\/v2\/tags?post=8459"}],"curies":[{"name":"wp","href":"https:\/\/api.w.org\/{rel}","templated":true}]}}