{"id":8753,"date":"2023-09-08T18:32:30","date_gmt":"2023-09-08T18:32:30","guid":{"rendered":"https:\/\/natus.com\/teca-myoject-disposable-luer-lock-injectable-needle-electrodes\/"},"modified":"2024-07-02T19:21:59","modified_gmt":"2024-07-02T19:21:59","slug":"electrodes-aiguilles-dinjection-a-usage-unique-myoject-de-teca-a-embout-luer-lock","status":"publish","type":"page","link":"https:\/\/natus.com\/fr\/neuro\/electrodes-aiguilles-dinjection-a-usage-unique-myoject-de-teca-a-embout-luer-lock\/","title":{"rendered":"\u00c9lectrodes-aiguilles d\u2019injection \u00e0 usage unique MyoJect\u00ae de TECA\u00ae \u00e0 embout Luer Lock"},"content":{"rendered":"","protected":false},"excerpt":{"rendered":"","protected":false},"author":3,"featured_media":0,"parent":10461,"menu_order":0,"comment_status":"closed","ping_status":"closed","template":"templates\/page-neuro-solutions-product-landing.php","meta":{"_acf_changed":false,"footnotes":""},"categories":[163,201],"tags":[459,167],"class_list":["post-8753","page","type-page","status-publish","hentry","category-electromyography-emg-fr","category-fournitures-neurodiagnostic-fr","tag-emg-supplies-fr","tag-fournitures-emg"],"acf":{"content_blocks":[{"acf_fc_layout":"spacer","_acfe_flexible_toggle":"","spacer":{"module_options":{"":null,"module_id":"n6514bc6a727bf","module_class":"","module_background_type":"color","module_background_color":"#00aaa7","module_background_image":false,"module_background_video":"","activate_custom_padding":false,"padding_top_desktop":"0","padding_top_tablet":"0","padding_top_mobile":"0","padding_bottom_desktop":"0","padding_bottom_tablet":"0","padding_bottom_mobile":"0","activate_custom_margin":false,"margin_top_desktop":"0","margin_top_tablet":"0","margin_top_mobile":"0","margin_bottom_desktop":"0","margin_bottom_tablet":"0","margin_bottom_mobile":"0","disable_on":[],"content_alignment_desktop":"left","content_alignment_tablet":"left","content_alignment_mobile":"left"},"height":"270"}},{"acf_fc_layout":"intro_with_sticky_image","_acfe_flexible_toggle":"","left_content_right_image_sticky":{"module_options":{"":null,"module_id":"n6514bc6a79b8c","module_class":"","module_background_type":"color","module_background_color":"","module_background_image":false,"module_background_video":"","activate_custom_padding":false,"padding_top_desktop":"0","padding_top_tablet":"0","padding_top_mobile":"0","padding_bottom_desktop":"0","padding_bottom_tablet":"0","padding_bottom_mobile":"0","activate_custom_margin":false,"margin_top_desktop":"0","margin_top_tablet":"0","margin_top_mobile":"0","margin_bottom_desktop":"0","margin_bottom_tablet":"0","margin_bottom_mobile":"0","disable_on":[],"content_alignment_desktop":"left","content_alignment_tablet":"left","content_alignment_mobile":"left"},"":null,"title":"\u00c9lectrodes-aiguilles d\u2019injection \u00e0 usage unique MyoJect\u00ae de TECA\u00ae \u00e0 embout Luer Lock","subheader":"<p>L\u2019\u00e9lectrode-aiguille d\u2019injection \u00e0 usage unique MyoJect\u00a0\u00e0 embout Luer Lock est utilis\u00e9e dans les applications d\u2019EMG afin d&rsquo;enregistrer l&rsquo;activit\u00e9 \u00e9lectromyographique tout en permettant l&rsquo;injection d&rsquo;un m\u00e9dicament.<\/p>\n<ul>\n<li>Enregistre l&rsquo;activit\u00e9 EMG tout en permettant l&rsquo;injection d&rsquo;un m\u00e9dicament.<\/li>\n<li>Aiguilles hypodermiques en acier inoxydable garantissant une finesse constante.<\/li>\n<li>Rev\u00eatues d&rsquo;un isolant faible friction pour faciliter l&rsquo;insertion.<\/li>\n<li>Se raccorde aux seringues Luer Lock et Slip Fit.<\/li>\n<li>Fils \u00e0 code couleur pour identification facile<\/li>\n<li>C\u00e2ble de 76 cm (30\u00a0po) de long, termin\u00e9 par un connecteur femelle prot\u00e9g\u00e9 des contacts de 1,5 mm<\/li>\n<li>Pr\u00e9-st\u00e9rilis\u00e9es.<\/li>\n<li>Portail en ligne pratique &#8211; <a href=\"https:\/\/natus.com\/fr\/magasins-natus-medical\/\">Natus Medical Store<\/a> (disponible sur certains march\u00e9s)<\/li>\n<\/ul>\n<p><span style=\"font-size: 12px;\">Disponible uniquement dans certains pays. Veuillez contacter votre distributeur local pour en savoir plus.<\/span><\/p>\n","icons":[{"icon":{"ID":2225,"id":2225,"title":"icon-feature","filename":"icon-feature.png","filesize":1408,"url":"https:\/\/natus.com\/wp-content\/uploads\/icon-feature.png","link":"https:\/\/natus.com\/fr\/neuro\/electromyographe-portatif-dantec-clavis\/icon-feature-2\/","alt":"star","author":"2","description":"Icon - Star","caption":"","name":"icon-feature-2","status":"inherit","uploaded_to":8326,"date":"2023-09-07 22:27:26","modified":"2024-07-29 21:19:16","menu_order":0,"mime_type":"image\/png","type":"image","subtype":"png","icon":"https:\/\/natus.com\/wp-includes\/images\/media\/default.png","width":43,"height":41,"sizes":{"thumbnail":"https:\/\/natus.com\/wp-content\/uploads\/icon-feature.png","thumbnail-width":43,"thumbnail-height":41,"medium":"https:\/\/natus.com\/wp-content\/uploads\/icon-feature.png","medium-width":43,"medium-height":41,"medium_large":"https:\/\/natus.com\/wp-content\/uploads\/icon-feature.png","medium_large-width":43,"medium_large-height":41,"large":"https:\/\/natus.com\/wp-content\/uploads\/icon-feature.png","large-width":43,"large-height":41,"1536x1536":"https:\/\/natus.com\/wp-content\/uploads\/icon-feature.png","1536x1536-width":43,"1536x1536-height":41,"2048x2048":"https:\/\/natus.com\/wp-content\/uploads\/icon-feature.png","2048x2048-width":43,"2048x2048-height":41}},"icon_description":"Fils \u00c0 Code <br \/>\r\nCouleur"},{"icon":{"ID":1941,"id":1941,"title":"icon-flag","filename":"icon-flag.png","filesize":664,"url":"https:\/\/natus.com\/wp-content\/uploads\/icon-flag.png","link":"https:\/\/natus.com\/fr\/neuro\/electromyographe-portatif-dantec-clavis\/icon-flag-2\/","alt":"Icon - Flag","author":"2","description":"","caption":"","name":"icon-flag-2","status":"inherit","uploaded_to":8326,"date":"2023-09-01 19:14:05","modified":"2024-07-29 21:19:56","menu_order":0,"mime_type":"image\/png","type":"image","subtype":"png","icon":"https:\/\/natus.com\/wp-includes\/images\/media\/default.png","width":30,"height":42,"sizes":{"thumbnail":"https:\/\/natus.com\/wp-content\/uploads\/icon-flag.png","thumbnail-width":30,"thumbnail-height":42,"medium":"https:\/\/natus.com\/wp-content\/uploads\/icon-flag.png","medium-width":30,"medium-height":42,"medium_large":"https:\/\/natus.com\/wp-content\/uploads\/icon-flag.png","medium_large-width":30,"medium_large-height":42,"large":"https:\/\/natus.com\/wp-content\/uploads\/icon-flag.png","large-width":30,"large-height":42,"1536x1536":"https:\/\/natus.com\/wp-content\/uploads\/icon-flag.png","1536x1536-width":30,"1536x1536-height":42,"2048x2048":"https:\/\/natus.com\/wp-content\/uploads\/icon-flag.png","2048x2048-width":30,"2048x2048-height":42}},"icon_description":"Pr\u00e9-St\u00e9rilis\u00e9"},{"icon":{"ID":2432,"id":2432,"title":"icon-options","filename":"icon-options.png","filesize":1971,"url":"https:\/\/natus.com\/wp-content\/uploads\/icon-options.png","link":"https:\/\/natus.com\/fr\/neuro\/icon-options-2\/","alt":"Icon - Multi Option","author":"2","description":"","caption":"","name":"icon-options-2","status":"inherit","uploaded_to":10461,"date":"2023-09-08 17:24:45","modified":"2024-07-29 21:17:09","menu_order":0,"mime_type":"image\/png","type":"image","subtype":"png","icon":"https:\/\/natus.com\/wp-includes\/images\/media\/default.png","width":47,"height":47,"sizes":{"thumbnail":"https:\/\/natus.com\/wp-content\/uploads\/icon-options.png","thumbnail-width":47,"thumbnail-height":47,"medium":"https:\/\/natus.com\/wp-content\/uploads\/icon-options.png","medium-width":47,"medium-height":47,"medium_large":"https:\/\/natus.com\/wp-content\/uploads\/icon-options.png","medium_large-width":47,"medium_large-height":47,"large":"https:\/\/natus.com\/wp-content\/uploads\/icon-options.png","large-width":47,"large-height":47,"1536x1536":"https:\/\/natus.com\/wp-content\/uploads\/icon-options.png","1536x1536-width":47,"1536x1536-height":47,"2048x2048":"https:\/\/natus.com\/wp-content\/uploads\/icon-options.png","2048x2048-width":47,"2048x2048-height":47}},"icon_description":"Raccordement <br \/>\r\nAux Seringues <br \/>\r\nLuer Lock \u00c0 <br \/>\r\nSlip Fit"}],"quick_navigation":[{"quick_link":{"type":"url","value":"#contact-neuro","url":"#contact-neuro","name":"#contact-neuro","title":"Contactez votre repr\u00e9sentant Natus","target":""}},{"quick_link":{"type":"url","value":"#n64be98eed01eb","url":"#n64be98eed01eb","name":"#n64be98eed01eb","title":"Explorer plus de d\u00e9tails","target":""}}],"description":"","message_label":"Service et Assistance","message_title":"Vous recherchez un service de produit neuro ou une assistance technique ?","message_link":{"type":"post","value":"8358","url":"https:\/\/natus.com\/fr\/assistance\/","name":"Service et Assistance","title":"Service et Assistance Natus","target":""},"right_sticky_image":{"ID":4472,"id":4472,"title":"Myoject Needle Electrode Main Product Photo - 500x850","filename":"TECA-Myoject-GRN-MJT-3726-LL-500x850-1.png","filesize":225048,"url":"https:\/\/natus.com\/wp-content\/uploads\/TECA-Myoject-GRN-MJT-3726-LL-500x850-1.png","link":"https:\/\/natus.com\/fr\/neuro\/electrodes-aiguilles-dinjection-a-usage-unique-myoject-de-teca-a-embout-luer-lock\/myoject-needle-electrode-main-product-photo-500x850-2\/","alt":"TECA\u00ae MyoJect\u00ae Disposable Luer Lock Injectable Needle Electrodes","author":"2","description":"","caption":"","name":"myoject-needle-electrode-main-product-photo-500x850-2","status":"inherit","uploaded_to":8753,"date":"2023-09-14 23:13:54","modified":"2024-07-29 20:23:08","menu_order":0,"mime_type":"image\/png","type":"image","subtype":"png","icon":"https:\/\/natus.com\/wp-includes\/images\/media\/default.png","width":500,"height":850,"sizes":{"thumbnail":"https:\/\/natus.com\/wp-content\/uploads\/TECA-Myoject-GRN-MJT-3726-LL-500x850-1.png","thumbnail-width":56,"thumbnail-height":96,"medium":"https:\/\/natus.com\/wp-content\/uploads\/TECA-Myoject-GRN-MJT-3726-LL-500x850-1.png","medium-width":500,"medium-height":850,"medium_large":"https:\/\/natus.com\/wp-content\/uploads\/TECA-Myoject-GRN-MJT-3726-LL-500x850-1.png","medium_large-width":500,"medium_large-height":850,"large":"https:\/\/natus.com\/wp-content\/uploads\/TECA-Myoject-GRN-MJT-3726-LL-500x850-1.png","large-width":500,"large-height":850,"1536x1536":"https:\/\/natus.com\/wp-content\/uploads\/TECA-Myoject-GRN-MJT-3726-LL-500x850-1.png","1536x1536-width":500,"1536x1536-height":850,"2048x2048":"https:\/\/natus.com\/wp-content\/uploads\/TECA-Myoject-GRN-MJT-3726-LL-500x850-1.png","2048x2048-width":500,"2048x2048-height":850}}}},{"acf_fc_layout":"product_information","_acfe_flexible_toggle":"","left_accordion_right_image_landing":{"module_options":{"":null,"module_id":"n64be98eed01eb","module_class":"","module_background_type":"color","module_background_color":"","module_background_image":false,"module_background_video":"","activate_custom_padding":false,"padding_top_desktop":"0","padding_top_tablet":"0","padding_top_mobile":"0","padding_bottom_desktop":"0","padding_bottom_tablet":"0","padding_bottom_mobile":"0","activate_custom_margin":false,"margin_top_desktop":"0","margin_top_tablet":"0","margin_top_mobile":"0","margin_bottom_desktop":"0","margin_bottom_tablet":"0","margin_bottom_mobile":"0","disable_on":[],"content_alignment_desktop":"left","content_alignment_tablet":"left","content_alignment_mobile":"left"},"intro":"Information Produit","description":"","accordion":[{"title":"Caract\u00e9ristiques techniques","accordion_content":[{"acf_fc_layout":"left_content_right_image","accordion_description":"<p><strong>\u00c9lectrode<\/strong><\/p>\n<ul>\n<li><strong>Canule\u00a0:\u00a0<\/strong>acier inoxydable<\/li>\n<li><strong>Rev\u00eatement\u00a0:\u00a0<\/strong>PTFE<\/li>\n<li><strong>Embase\u00a0:\u00a0<\/strong>polypropyl\u00e8ne<\/li>\n<li><strong>Gaine protectrice\u00a0:\u00a0<\/strong>polypropyl\u00e8ne<\/li>\n<\/ul>\n<p><strong>Conditionnement<\/strong><\/p>\n<ul>\n<li><strong>Quantit\u00e9\u00a0:\u00a0<\/strong>10 aiguilles par bo\u00eete<\/li>\n<\/ul>\n","accordion_image":{"ID":2460,"id":2460,"title":"bo-ject_needle_tip","filename":"bo-ject_needle_tip.jpg","filesize":48245,"url":"https:\/\/natus.com\/wp-content\/uploads\/bo-ject_needle_tip.jpg","link":"https:\/\/natus.com\/fr\/neuro\/electrodes-aiguilles-dinjection-a-usage-unique-myoject-de-teca-a-embout-luer-lock\/bo-ject_needle_tip-2\/","alt":"Bo-ject needle tip","author":"3","description":"","caption":"","name":"bo-ject_needle_tip-2","status":"inherit","uploaded_to":8753,"date":"2023-09-08 18:32:22","modified":"2024-07-29 21:16:35","menu_order":0,"mime_type":"image\/jpeg","type":"image","subtype":"jpeg","icon":"https:\/\/natus.com\/wp-includes\/images\/media\/default.png","width":265,"height":296,"sizes":{"thumbnail":"https:\/\/natus.com\/wp-content\/uploads\/bo-ject_needle_tip.jpg","thumbnail-width":86,"thumbnail-height":96,"medium":"https:\/\/natus.com\/wp-content\/uploads\/bo-ject_needle_tip.jpg","medium-width":265,"medium-height":296,"medium_large":"https:\/\/natus.com\/wp-content\/uploads\/bo-ject_needle_tip.jpg","medium_large-width":265,"medium_large-height":296,"large":"https:\/\/natus.com\/wp-content\/uploads\/bo-ject_needle_tip.jpg","large-width":265,"large-height":296,"1536x1536":"https:\/\/natus.com\/wp-content\/uploads\/bo-ject_needle_tip.jpg","1536x1536-width":265,"1536x1536-height":296,"2048x2048":"https:\/\/natus.com\/wp-content\/uploads\/bo-ject_needle_tip.jpg","2048x2048-width":265,"2048x2048-height":296}}}]},{"title":"T\u00e9l\u00e9charger la documentation produit","accordion_content":[{"acf_fc_layout":"full_content","accordion_description":"<p><strong>Fiche sur les \u00e9lectrodes-aiguilles \u00e0 usage unique MyoJect de TECA \u00e0 embout Luer Lock<\/strong><\/p>\n<p><a href=\"https:\/\/natus.bynder.com\/m\/29ac2c7ea48a3f7a\/original\/TECA-MyoJect-Disposable-Luer-Lock-Needle-Electrodes-Flyer.pdf\">Anglais<\/a><br \/>\n<a href=\"https:\/\/natus.bynder.com\/m\/720f50fb77dea1e0\/original\/TECA-MyoJect-Disposable-Luer-Lock-Needle-Electrodes-Flyer.pdf\" target=\"_blank\" rel=\"noopener\">Fran\u00e7ais<\/a><br \/>\n<a href=\"https:\/\/natus.bynder.com\/m\/8fffc7e792409364\/original\/TECA-MyoJect-Disposable-Luer-Lock-Needle-Electrodes-Flyer.pdf\" target=\"_blank\" rel=\"noopener\">Allemand<\/a><br \/>\n<a href=\"https:\/\/natus.bynder.com\/m\/e0be529b7a4b8b46\/original\/TECA-MyoJect-Disposable-Luer-Lock-Needle-Electrodes-Flyer.pdf\" target=\"_blank\" rel=\"noopener\">Italien<\/a><br \/>\n<a href=\"https:\/\/natus.bynder.com\/m\/17146c944ffba1bf\/original\/TECA-MyoJect-Disposable-Luer-Lock-Needle-Electrodes-Flyer.pdf\" target=\"_blank\" rel=\"noopener\">Chinois<\/a><\/p>\n<p><strong>Catalogue de fournitures de neurodiagnostic Natus Neuro<\/strong><\/p>\n<p><a href=\"https:\/\/natus.bynder.com\/m\/990029e101bebd22\/original\/Natus-Neurodiagnostic-Supplies-Catalog.pdf\">Anglais<\/a><br \/>\n<a href=\"https:\/\/natus.bynder.com\/m\/158d8472457a8340\/original\/Natus-Neurodiagnostic-Supplies-Catalog.pdf\">Fran\u00e7ais<\/a><br \/>\n<a href=\"https:\/\/natus.bynder.com\/m\/2af7bff78ece1e68\/original\/Natus-Neurodiagnostic-Supplies-Catalog.pdf\">Allemand<\/a><br \/>\n<a href=\"https:\/\/natus.bynder.com\/m\/381843ac1f7e9034\/original\/Natus-Neurodiagnostic-Supplies-Catalog.pdf\">Espagnol<\/a><\/p>\n"}]}],"image_left":false}},{"acf_fc_layout":"related_products","_acfe_flexible_toggle":"","tiles_3_columns_landing":{"module_options":{"":null,"module_id":"n6514bc6a8e929","module_class":"","module_background_type":"color","module_background_color":"","module_background_image":false,"module_background_video":"","activate_custom_padding":false,"padding_top_desktop":"0","padding_top_tablet":"0","padding_top_mobile":"0","padding_bottom_desktop":"0","padding_bottom_tablet":"0","padding_bottom_mobile":"0","activate_custom_margin":false,"margin_top_desktop":"0","margin_top_tablet":"0","margin_top_mobile":"0","margin_bottom_desktop":"0","margin_bottom_tablet":"0","margin_bottom_mobile":"0","disable_on":[],"content_alignment_desktop":"left","content_alignment_tablet":"left","content_alignment_mobile":"left"},"intro_text":"Produits Neuro Connexes","intro_text_color":"#005e63","intro_link":{"type":"post","value":"8330","url":"https:\/\/natus.com\/fr\/produits-neuro\/","name":"Produits Neuro","title":"Voir tous les produits Neuro","target":""},"tiles":[{"label":"Fournitures EMG","label_background_color":"#154284","image":{"ID":3268,"id":3268,"title":"Boject DHN Needle Related Product Image_500x400","filename":"boject-tan-9013S0422-500x400-1.jpg","filesize":129245,"url":"https:\/\/natus.com\/wp-content\/uploads\/boject-tan-9013S0422-500x400-1.jpg","link":"https:\/\/natus.com\/fr\/neuro\/electromyographe-portatif-dantec-clavis\/boject-dhn-needle-related-product-image_500x400-2\/","alt":"Bo-ject DHN Needle ","author":"2","description":"","caption":"","name":"boject-dhn-needle-related-product-image_500x400-2","status":"inherit","uploaded_to":8326,"date":"2023-09-11 21:53:05","modified":"2024-07-29 21:03:39","menu_order":0,"mime_type":"image\/png","type":"image","subtype":"png","icon":"https:\/\/natus.com\/wp-includes\/images\/media\/default.png","width":500,"height":400,"sizes":{"thumbnail":"https:\/\/natus.com\/wp-content\/uploads\/boject-tan-9013S0422-500x400-1.jpg","thumbnail-width":120,"thumbnail-height":96,"medium":"https:\/\/natus.com\/wp-content\/uploads\/boject-tan-9013S0422-500x400-1.jpg","medium-width":500,"medium-height":400,"medium_large":"https:\/\/natus.com\/wp-content\/uploads\/boject-tan-9013S0422-500x400-1.jpg","medium_large-width":500,"medium_large-height":400,"large":"https:\/\/natus.com\/wp-content\/uploads\/boject-tan-9013S0422-500x400-1.jpg","large-width":500,"large-height":400,"1536x1536":"https:\/\/natus.com\/wp-content\/uploads\/boject-tan-9013S0422-500x400-1.jpg","1536x1536-width":500,"1536x1536-height":400,"2048x2048":"https:\/\/natus.com\/wp-content\/uploads\/boject-tan-9013S0422-500x400-1.jpg","2048x2048-width":500,"2048x2048-height":400}},"title":"\u00c9lectrodes-aiguilles d\u2019injection hypodermiques DHN \u00e0 usage unique Bo-ject\u00ae","link":{"type":"post","value":"8455","url":"https:\/\/natus.com\/fr\/neuro\/electrodes-aiguilles-dinjection-hypodermiques-dhn-a-usage-unique-bo-ject\/","name":"\u00c9lectrodes-aiguilles d\u2019injection hypodermiques DHN \u00e0 usage unique Bo-ject\u00ae","title":"En Savoir Plus","target":"_blank"}},{"label":"Fournitures EMG","label_background_color":"#154284","image":{"ID":3302,"id":3302,"title":"Teca Concentric Needles Related Product Photo_500x400","filename":"Teca-Concentric-Needles-Related-Product-Photo_500x400.png","filesize":54481,"url":"https:\/\/natus.com\/wp-content\/uploads\/Teca-Concentric-Needles-Related-Product-Photo_500x400.png","link":"https:\/\/natus.com\/fr\/neuro\/electrodes-aiguilles-dinjection-hypodermiques-dhn-a-usage-unique-bo-ject\/teca-concentric-needles-related-product-photo_500x400-2\/","alt":"Teca Concentric Needles","author":"2","description":"","caption":"","name":"teca-concentric-needles-related-product-photo_500x400-2","status":"inherit","uploaded_to":8455,"date":"2023-09-12 03:19:29","modified":"2024-07-29 21:03:07","menu_order":0,"mime_type":"image\/png","type":"image","subtype":"png","icon":"https:\/\/natus.com\/wp-includes\/images\/media\/default.png","width":500,"height":400,"sizes":{"thumbnail":"https:\/\/natus.com\/wp-content\/uploads\/Teca-Concentric-Needles-Related-Product-Photo_500x400.png","thumbnail-width":120,"thumbnail-height":96,"medium":"https:\/\/natus.com\/wp-content\/uploads\/Teca-Concentric-Needles-Related-Product-Photo_500x400.png","medium-width":500,"medium-height":400,"medium_large":"https:\/\/natus.com\/wp-content\/uploads\/Teca-Concentric-Needles-Related-Product-Photo_500x400.png","medium_large-width":500,"medium_large-height":400,"large":"https:\/\/natus.com\/wp-content\/uploads\/Teca-Concentric-Needles-Related-Product-Photo_500x400.png","large-width":500,"large-height":400,"1536x1536":"https:\/\/natus.com\/wp-content\/uploads\/Teca-Concentric-Needles-Related-Product-Photo_500x400.png","1536x1536-width":500,"1536x1536-height":400,"2048x2048":"https:\/\/natus.com\/wp-content\/uploads\/Teca-Concentric-Needles-Related-Product-Photo_500x400.png","2048x2048-width":500,"2048x2048-height":400}},"title":"\u00c9lectrodes-aiguilles d\u2019EMG concentriques \u00e0 usage unique Elite de TECA\u00ae","link":{"type":"post","value":"8378","url":"https:\/\/natus.com\/fr\/neuro\/electrodes-aiguilles-demg-concentriques-a-usage-unique-elite-de-teca\/","name":"\u00c9lectrodes-aiguilles d\u2019EMG concentriques \u00e0 usage unique Elite de TECA\u00ae","title":"En Savoir Plus","target":"_blank"}},{"label":"Fournitures EMG","label_background_color":"#154284","image":{"ID":3273,"id":3273,"title":"Natus Adhesive Electrodes Related Product Photo - 500x400","filename":"Natus-Adhesive-Electrodes-Related-Product-Photo-500x400-1.jpg","filesize":134861,"url":"https:\/\/natus.com\/wp-content\/uploads\/Natus-Adhesive-Electrodes-Related-Product-Photo-500x400-1.jpg","link":"https:\/\/natus.com\/fr\/neuro\/electromyographe-portatif-dantec-clavis\/natus-adhesive-electrodes-related-product-photo-500x400-2\/","alt":"Natus Adhesive Electrodes ","author":"2","description":"","caption":"Disposable","name":"natus-adhesive-electrodes-related-product-photo-500x400-2","status":"inherit","uploaded_to":8326,"date":"2023-09-11 21:58:17","modified":"2024-07-29 21:03:29","menu_order":0,"mime_type":"image\/jpeg","type":"image","subtype":"jpeg","icon":"https:\/\/natus.com\/wp-includes\/images\/media\/default.png","width":500,"height":400,"sizes":{"thumbnail":"https:\/\/natus.com\/wp-content\/uploads\/Natus-Adhesive-Electrodes-Related-Product-Photo-500x400-1.jpg","thumbnail-width":120,"thumbnail-height":96,"medium":"https:\/\/natus.com\/wp-content\/uploads\/Natus-Adhesive-Electrodes-Related-Product-Photo-500x400-1.jpg","medium-width":500,"medium-height":400,"medium_large":"https:\/\/natus.com\/wp-content\/uploads\/Natus-Adhesive-Electrodes-Related-Product-Photo-500x400-1.jpg","medium_large-width":500,"medium_large-height":400,"large":"https:\/\/natus.com\/wp-content\/uploads\/Natus-Adhesive-Electrodes-Related-Product-Photo-500x400-1.jpg","large-width":500,"large-height":400,"1536x1536":"https:\/\/natus.com\/wp-content\/uploads\/Natus-Adhesive-Electrodes-Related-Product-Photo-500x400-1.jpg","1536x1536-width":500,"1536x1536-height":400,"2048x2048":"https:\/\/natus.com\/wp-content\/uploads\/Natus-Adhesive-Electrodes-Related-Product-Photo-500x400-1.jpg","2048x2048-width":500,"2048x2048-height":400}},"title":"\u00c9lectrodes adh\u00e9sives \u00e0 usage unique de Natus\u00ae","link":{"type":"post","value":"8459","url":"https:\/\/natus.com\/fr\/neuro\/electrodes-adhesives-a-usage-unique-de-natus\/","name":"\u00c9lectrodes adh\u00e9sives \u00e0 usage unique de Natus\u00ae","title":"En Savoir Plus","target":"_blank"}}]}},{"acf_fc_layout":"contact_form","_acfe_flexible_toggle":"","contact_form_landing":{"module_options":{"":null,"module_id":"contact-neuro","module_class":"","module_background_type":"color","module_background_color":"","module_background_image":false,"module_background_video":"","activate_custom_padding":false,"padding_top_desktop":"0","padding_top_tablet":"0","padding_top_mobile":"0","padding_bottom_desktop":"0","padding_bottom_tablet":"0","padding_bottom_mobile":"0","activate_custom_margin":false,"margin_top_desktop":"0","margin_top_tablet":"0","margin_top_mobile":"0","margin_bottom_desktop":"0","margin_bottom_tablet":"0","margin_bottom_mobile":"0","disable_on":[],"content_alignment_desktop":"left","content_alignment_tablet":"left","content_alignment_mobile":"left"},"":null,"activate_intro":true,"intro_text":"Contactez votre repr\u00e9sentant Natus","intro_text_color":"#005e63","intro_link":null,"activate_description":true,"description_title":"","description_copy":"Pour plus d'informations sur ce produit ou tout autre produit, veuillez nous envoyer un message \u00e0 l'aide du formulaire ci-dessous.","embed_code":"<script charset=\"utf-8\" type=\"text\/javascript\" src=\"\/\/js.hsforms.net\/forms\/embed\/v2.js\"><\/script>\r\n<script>\r\n  hbspt.forms.create({\r\n    region: \"na1\",\r\n    portalId: \"3002890\",\r\n    formId: \"0f52793d-5376-4e07-bfe5-62ef62c95d16\"\r\n  });\r\n<\/script>"}},{"acf_fc_layout":"simple_content","_acfe_flexible_toggle":"","content_full_width_landing":{"module_options":{"":null,"module_id":"n6514bc6a9fc64","module_class":"","module_background_type":"color","module_background_color":"","module_background_image":false,"module_background_video":"","activate_custom_padding":false,"padding_top_desktop":"0","padding_top_tablet":"0","padding_top_mobile":"0","padding_bottom_desktop":"0","padding_bottom_tablet":"0","padding_bottom_mobile":"0","activate_custom_margin":false,"margin_top_desktop":"0","margin_top_tablet":"0","margin_top_mobile":"0","margin_bottom_desktop":"0","margin_bottom_tablet":"0","margin_bottom_mobile":"0","disable_on":[],"content_alignment_desktop":"left","content_alignment_tablet":"left","content_alignment_mobile":"left"},"content":"<p><span style=\"font-size: 11px;\">035229 RevA<\/span><\/p>\n"}}]},"_links":{"self":[{"href":"https:\/\/natus.com\/fr\/wp-json\/wp\/v2\/pages\/8753","targetHints":{"allow":["GET"]}}],"collection":[{"href":"https:\/\/natus.com\/fr\/wp-json\/wp\/v2\/pages"}],"about":[{"href":"https:\/\/natus.com\/fr\/wp-json\/wp\/v2\/types\/page"}],"author":[{"embeddable":true,"href":"https:\/\/natus.com\/fr\/wp-json\/wp\/v2\/users\/3"}],"replies":[{"embeddable":true,"href":"https:\/\/natus.com\/fr\/wp-json\/wp\/v2\/comments?post=8753"}],"version-history":[{"count":6,"href":"https:\/\/natus.com\/fr\/wp-json\/wp\/v2\/pages\/8753\/revisions"}],"predecessor-version":[{"id":20686,"href":"https:\/\/natus.com\/fr\/wp-json\/wp\/v2\/pages\/8753\/revisions\/20686"}],"up":[{"embeddable":true,"href":"https:\/\/natus.com\/fr\/wp-json\/wp\/v2\/pages\/10461"}],"wp:attachment":[{"href":"https:\/\/natus.com\/fr\/wp-json\/wp\/v2\/media?parent=8753"}],"wp:term":[{"taxonomy":"category","embeddable":true,"href":"https:\/\/natus.com\/fr\/wp-json\/wp\/v2\/categories?post=8753"},{"taxonomy":"post_tag","embeddable":true,"href":"https:\/\/natus.com\/fr\/wp-json\/wp\/v2\/tags?post=8753"}],"curies":[{"name":"wp","href":"https:\/\/api.w.org\/{rel}","templated":true}]}}