{"id":9289,"date":"2023-09-15T19:46:28","date_gmt":"2023-09-15T19:46:28","guid":{"rendered":"https:\/\/natus.com\/emg\/emg-ncs-ep-systems\/"},"modified":"2024-07-25T18:59:28","modified_gmt":"2024-07-25T18:59:28","slug":"systemes-emg-ecn-pe","status":"publish","type":"page","link":"https:\/\/natus.com\/fr\/neuro\/emg\/systemes-emg-ecn-pe\/","title":{"rendered":"Syst\u00e8mes EMG \/ ECN \/ PE"},"content":{"rendered":"","protected":false},"excerpt":{"rendered":"","protected":false},"author":3,"featured_media":0,"parent":9285,"menu_order":0,"comment_status":"closed","ping_status":"closed","template":"templates\/page-neuro-solutions-category-landing.php","meta":{"_acf_changed":false,"footnotes":""},"categories":[163],"tags":[],"class_list":["post-9289","page","type-page","status-publish","hentry","category-electromyography-emg-fr"],"acf":{"content_blocks":[{"acf_fc_layout":"hero","_acfe_flexible_toggle":"","hero_locations":{"unique_id":"n64e940f42a11a","background":{"ID":1245,"id":1245,"title":"neuro-products-hero","filename":"neuro-products-hero.jpg","filesize":353779,"url":"https:\/\/natus.com\/wp-content\/uploads\/neuro-products-hero.jpg","link":"https:\/\/natus.com\/fr\/produits-neuro\/neuro-products-hero-2\/","alt":"","author":"1","description":"","caption":"","name":"neuro-products-hero-2","status":"inherit","uploaded_to":8330,"date":"2023-08-14 16:56:09","modified":"2023-08-14 16:56:09","menu_order":0,"mime_type":"image\/jpeg","type":"image","subtype":"jpeg","icon":"https:\/\/natus.com\/wp-includes\/images\/media\/default.png","width":1920,"height":500,"sizes":{"thumbnail":"https:\/\/natus.com\/wp-content\/uploads\/neuro-products-hero.jpg","thumbnail-width":128,"thumbnail-height":33,"medium":"https:\/\/natus.com\/wp-content\/uploads\/neuro-products-hero.jpg","medium-width":1920,"medium-height":500,"medium_large":"https:\/\/natus.com\/wp-content\/uploads\/neuro-products-hero-768x200.jpg","medium_large-width":768,"medium_large-height":200,"large":"https:\/\/natus.com\/wp-content\/uploads\/neuro-products-hero.jpg","large-width":1920,"large-height":500,"1536x1536":"https:\/\/natus.com\/wp-content\/uploads\/neuro-products-hero-1536x400.jpg","1536x1536-width":1536,"1536x1536-height":400,"2048x2048":"https:\/\/natus.com\/wp-content\/uploads\/neuro-products-hero.jpg","2048x2048-width":1920,"2048x2048-height":500}},"h1":"Syst\u00e8mes EMG \/ ECN \/ PE","description":""}},{"acf_fc_layout":"product_tiles","_acfe_flexible_toggle":"","neuro_product_tiles":{"module_options":{"":null,"module_id":"n6514e333b5ca1","module_class":"","module_background_type":"color","module_background_color":"","module_background_image":false,"module_background_video":"","activate_custom_padding":false,"padding_top_desktop":"0","padding_top_tablet":"0","padding_top_mobile":"0","padding_bottom_desktop":"0","padding_bottom_tablet":"0","padding_bottom_mobile":"0","activate_custom_margin":false,"margin_top_desktop":"0","margin_top_tablet":"0","margin_top_mobile":"0","margin_bottom_desktop":"0","margin_bottom_tablet":"0","margin_bottom_mobile":"0","disable_on":[],"content_alignment_desktop":"left","content_alignment_tablet":"left","content_alignment_mobile":"left"},"products":[{"category_title":"","subcategories":[{"subcategory_title":"Syst\u00e8mes EMG \/ ECN \/ PE","subcategory_products":[{"label":"","image":{"ID":2804,"id":2804,"title":"Nicolet EDX Laptop (1)","filename":"Nicolet-EDX-Laptop-1.jpg","filesize":156568,"url":"https:\/\/natus.com\/wp-content\/uploads\/Nicolet-EDX-Laptop-1.jpg","link":"https:\/\/natus.com\/fr\/neuro\/nicolet-edx-laptop-1-2\/","alt":"Nicolet EDX ","author":"2","description":"","caption":"","name":"nicolet-edx-laptop-1-2","status":"inherit","uploaded_to":10461,"date":"2023-09-09 16:24:21","modified":"2024-07-29 21:10:05","menu_order":0,"mime_type":"image\/jpeg","type":"image","subtype":"jpeg","icon":"https:\/\/natus.com\/wp-includes\/images\/media\/default.png","width":500,"height":400,"sizes":{"thumbnail":"https:\/\/natus.com\/wp-content\/uploads\/Nicolet-EDX-Laptop-1.jpg","thumbnail-width":120,"thumbnail-height":96,"medium":"https:\/\/natus.com\/wp-content\/uploads\/Nicolet-EDX-Laptop-1.jpg","medium-width":500,"medium-height":400,"medium_large":"https:\/\/natus.com\/wp-content\/uploads\/Nicolet-EDX-Laptop-1.jpg","medium_large-width":500,"medium_large-height":400,"large":"https:\/\/natus.com\/wp-content\/uploads\/Nicolet-EDX-Laptop-1.jpg","large-width":500,"large-height":400,"1536x1536":"https:\/\/natus.com\/wp-content\/uploads\/Nicolet-EDX-Laptop-1.jpg","1536x1536-width":500,"1536x1536-height":400,"2048x2048":"https:\/\/natus.com\/wp-content\/uploads\/Nicolet-EDX-Laptop-1.jpg","2048x2048-width":500,"2048x2048-height":400}},"title":"Syst\u00e8me Nicolet EDX\u00ae pour EMG","link":{"type":"post","value":"8400","url":"https:\/\/natus.com\/fr\/neuro\/nicolet-edx-emg\/","name":"Syst\u00e8me Nicolet EDX\u00ae pour EMG","title":"En Savoir Plus","target":""}},{"label":"","image":{"ID":2777,"id":2777,"title":"HD EMG Full TM (2) (1)","filename":"HD-EMG-Full-TM-2-1.png","filesize":52962,"url":"https:\/\/natus.com\/wp-content\/uploads\/HD-EMG-Full-TM-2-1.png","link":"https:\/\/natus.com\/fr\/neuro\/nicolet-edx-emg\/hd-emg-full-tm-2-1-2\/","alt":"UltraPro","author":"2","description":"","caption":"","name":"hd-emg-full-tm-2-1-2","status":"inherit","uploaded_to":8400,"date":"2023-09-09 15:43:10","modified":"2024-07-29 21:10:32","menu_order":0,"mime_type":"image\/png","type":"image","subtype":"png","icon":"https:\/\/natus.com\/wp-includes\/images\/media\/default.png","width":500,"height":400,"sizes":{"thumbnail":"https:\/\/natus.com\/wp-content\/uploads\/HD-EMG-Full-TM-2-1.png","thumbnail-width":120,"thumbnail-height":96,"medium":"https:\/\/natus.com\/wp-content\/uploads\/HD-EMG-Full-TM-2-1.png","medium-width":500,"medium-height":400,"medium_large":"https:\/\/natus.com\/wp-content\/uploads\/HD-EMG-Full-TM-2-1.png","medium_large-width":500,"medium_large-height":400,"large":"https:\/\/natus.com\/wp-content\/uploads\/HD-EMG-Full-TM-2-1.png","large-width":500,"large-height":400,"1536x1536":"https:\/\/natus.com\/wp-content\/uploads\/HD-EMG-Full-TM-2-1.png","1536x1536-width":500,"1536x1536-height":400,"2048x2048":"https:\/\/natus.com\/wp-content\/uploads\/HD-EMG-Full-TM-2-1.png","2048x2048-width":500,"2048x2048-height":400}},"title":"Syst\u00e8me de neurodiagnostic UltraPro\u00ae S100 ","link":{"type":"post","value":"8376","url":"https:\/\/natus.com\/fr\/neuro\/ultrapro-s100\/","name":"Syst\u00e8me de neurodiagnostic UltraPro\u00ae S100 &#8211; EMG\/Conduction nerveuse\/PE","title":"En Savoir Plus","target":""}},{"label":"","image":{"ID":3217,"id":3217,"title":"Dantec Keypoint Focus Related Product Image_500x400","filename":"Web-Related-Products-Natus-Keypoint-Focus-laptop-Needle-EMG-screen_WPI-500x400-1.jpg","filesize":232114,"url":"https:\/\/natus.com\/wp-content\/uploads\/Web-Related-Products-Natus-Keypoint-Focus-laptop-Needle-EMG-screen_WPI-500x400-1.jpg","link":"https:\/\/natus.com\/fr\/neuro\/systeme-keypoint-g4-emg-vcn-ep\/dantec-keypoint-focus-related-product-image_500x400-2\/","alt":"Natus Keypoint Focus laptop","author":"2","description":"","caption":"","name":"dantec-keypoint-focus-related-product-image_500x400-2","status":"inherit","uploaded_to":8411,"date":"2023-09-11 21:07:11","modified":"2024-07-30 19:18:32","menu_order":0,"mime_type":"image\/png","type":"image","subtype":"png","icon":"https:\/\/natus.com\/wp-includes\/images\/media\/default.png","width":500,"height":400,"sizes":{"thumbnail":"https:\/\/natus.com\/wp-content\/uploads\/Web-Related-Products-Natus-Keypoint-Focus-laptop-Needle-EMG-screen_WPI-500x400-1.jpg","thumbnail-width":120,"thumbnail-height":96,"medium":"https:\/\/natus.com\/wp-content\/uploads\/Web-Related-Products-Natus-Keypoint-Focus-laptop-Needle-EMG-screen_WPI-500x400-1.jpg","medium-width":500,"medium-height":400,"medium_large":"https:\/\/natus.com\/wp-content\/uploads\/Web-Related-Products-Natus-Keypoint-Focus-laptop-Needle-EMG-screen_WPI-500x400-1.jpg","medium_large-width":500,"medium_large-height":400,"large":"https:\/\/natus.com\/wp-content\/uploads\/Web-Related-Products-Natus-Keypoint-Focus-laptop-Needle-EMG-screen_WPI-500x400-1.jpg","large-width":500,"large-height":400,"1536x1536":"https:\/\/natus.com\/wp-content\/uploads\/Web-Related-Products-Natus-Keypoint-Focus-laptop-Needle-EMG-screen_WPI-500x400-1.jpg","1536x1536-width":500,"1536x1536-height":400,"2048x2048":"https:\/\/natus.com\/wp-content\/uploads\/Web-Related-Products-Natus-Keypoint-Focus-laptop-Needle-EMG-screen_WPI-500x400-1.jpg","2048x2048-width":500,"2048x2048-height":400}},"title":"Syst\u00e8me Keypoint\u00ae Focus EMG \/ NCS \/ EP System","link":{"type":"post","value":"8416","url":"https:\/\/natus.com\/fr\/neuro\/systeme-keypoint-focus-emg-vcnvcn-pe\/","name":"Syst\u00e8me Keypoint\u00ae Focus EMG\/VCNVCN\/PE","title":"En Savoir Plus","target":""}},{"label":"","image":{"ID":3233,"id":3233,"title":"Dantec Keypoint G4 Related Product Image_500x400","filename":"Keypoint-G4-related-products-500x400-1-1.jpg","filesize":317492,"url":"https:\/\/natus.com\/wp-content\/uploads\/Keypoint-G4-related-products-500x400-1-1.jpg","link":"https:\/\/natus.com\/fr\/neuro\/systeme-keypoint-focus-emg-vcnvcn-pe\/dantec-keypoint-g4-related-product-image_500x400-2\/","alt":"Keypoint G4","author":"2","description":"","caption":"","name":"dantec-keypoint-g4-related-product-image_500x400-2","status":"inherit","uploaded_to":8416,"date":"2023-09-11 21:20:24","modified":"2024-07-30 19:18:42","menu_order":0,"mime_type":"image\/png","type":"image","subtype":"png","icon":"https:\/\/natus.com\/wp-includes\/images\/media\/default.png","width":500,"height":400,"sizes":{"thumbnail":"https:\/\/natus.com\/wp-content\/uploads\/Keypoint-G4-related-products-500x400-1-1.jpg","thumbnail-width":120,"thumbnail-height":96,"medium":"https:\/\/natus.com\/wp-content\/uploads\/Keypoint-G4-related-products-500x400-1-1.jpg","medium-width":500,"medium-height":400,"medium_large":"https:\/\/natus.com\/wp-content\/uploads\/Keypoint-G4-related-products-500x400-1-1.jpg","medium_large-width":500,"medium_large-height":400,"large":"https:\/\/natus.com\/wp-content\/uploads\/Keypoint-G4-related-products-500x400-1-1.jpg","large-width":500,"large-height":400,"1536x1536":"https:\/\/natus.com\/wp-content\/uploads\/Keypoint-G4-related-products-500x400-1-1.jpg","1536x1536-width":500,"1536x1536-height":400,"2048x2048":"https:\/\/natus.com\/wp-content\/uploads\/Keypoint-G4-related-products-500x400-1-1.jpg","2048x2048-width":500,"2048x2048-height":400}},"title":"Poste de travail Keypoint\u00ae G4 ","link":{"type":"post","value":"8411","url":"https:\/\/natus.com\/fr\/neuro\/systeme-keypoint-g4-emg-vcn-ep\/","name":"Syst\u00e8me Keypoint\u00ae G4 EMG\/VCN\/EP","title":"En Savoir Plus","target":""}},{"label":"","image":{"ID":6407,"id":6407,"title":"NEUROWERK EMG Related Product Photo - 500x400","filename":"Neurowerk-2-Realted-Product-Photo-500x400-1.png","filesize":136868,"url":"https:\/\/natus.com\/wp-content\/uploads\/Neurowerk-2-Realted-Product-Photo-500x400-1.png","link":"https:\/\/natus.com\/fr\/neuro\/neurowerk-emg-related-product-photo-500x400-2\/","alt":"Neurowerk 2","author":"2","description":"","caption":"","name":"neurowerk-emg-related-product-photo-500x400-2","status":"inherit","uploaded_to":10461,"date":"2023-09-22 00:56:23","modified":"2024-07-30 19:19:04","menu_order":0,"mime_type":"image\/png","type":"image","subtype":"png","icon":"https:\/\/natus.com\/wp-includes\/images\/media\/default.png","width":500,"height":400,"sizes":{"thumbnail":"https:\/\/natus.com\/wp-content\/uploads\/Neurowerk-2-Realted-Product-Photo-500x400-1.png","thumbnail-width":120,"thumbnail-height":96,"medium":"https:\/\/natus.com\/wp-content\/uploads\/Neurowerk-2-Realted-Product-Photo-500x400-1.png","medium-width":500,"medium-height":400,"medium_large":"https:\/\/natus.com\/wp-content\/uploads\/Neurowerk-2-Realted-Product-Photo-500x400-1.png","medium_large-width":500,"medium_large-height":400,"large":"https:\/\/natus.com\/wp-content\/uploads\/Neurowerk-2-Realted-Product-Photo-500x400-1.png","large-width":500,"large-height":400,"1536x1536":"https:\/\/natus.com\/wp-content\/uploads\/Neurowerk-2-Realted-Product-Photo-500x400-1.png","1536x1536-width":500,"1536x1536-height":400,"2048x2048":"https:\/\/natus.com\/wp-content\/uploads\/Neurowerk-2-Realted-Product-Photo-500x400-1.png","2048x2048-width":500,"2048x2048-height":400}},"title":"Syst\u00e8me EMG NEUROWERK\u00ae ","link":{"type":"post","value":"8450","url":"https:\/\/natus.com\/fr\/neuro\/systeme-demg-conduction-nerveuse-pe-neurowerk-2\/","name":"Syst\u00e8me d\u2019EMG\/conduction nerveuse\/PE NEUROWERK\u00ae 2","title":"En Savoir Plus","target":""}}]}]}]}},{"acf_fc_layout":"contact","_acfe_flexible_layout_title":"Education","_acfe_flexible_toggle":"","left_image_right_content_single_cta_landing":{"module_options":{"":null,"module_id":"n64e942b4323a5","module_class":"","module_background_type":"color","module_background_color":"","module_background_image":false,"module_background_video":"","activate_custom_padding":false,"padding_top_desktop":"0","padding_top_tablet":"0","padding_top_mobile":"0","padding_bottom_desktop":"0","padding_bottom_tablet":"0","padding_bottom_mobile":"0","activate_custom_margin":false,"margin_top_desktop":"0","margin_top_tablet":"0","margin_top_mobile":"0","margin_bottom_desktop":"0","margin_bottom_tablet":"0","margin_bottom_mobile":"0","disable_on":[],"content_alignment_desktop":"left","content_alignment_tablet":"left","content_alignment_mobile":"left"},"":null,"image":{"ID":3844,"id":3844,"title":"NTA banner_800x450","filename":"NTA-banner_800x450.png","filesize":390422,"url":"https:\/\/natus.com\/wp-content\/uploads\/NTA-banner_800x450.png","link":"https:\/\/natus.com\/fr\/neuro\/eeg-aeeg\/nta-banner_800x450-2\/","alt":"NTA Banner image","author":"2","description":"","caption":"","name":"nta-banner_800x450-2","status":"inherit","uploaded_to":12084,"date":"2023-09-13 17:16:26","modified":"2024-07-29 20:42:14","menu_order":0,"mime_type":"image\/png","type":"image","subtype":"png","icon":"https:\/\/natus.com\/wp-includes\/images\/media\/default.png","width":800,"height":450,"sizes":{"thumbnail":"https:\/\/natus.com\/wp-content\/uploads\/NTA-banner_800x450.png","thumbnail-width":128,"thumbnail-height":72,"medium":"https:\/\/natus.com\/wp-content\/uploads\/NTA-banner_800x450.png","medium-width":800,"medium-height":450,"medium_large":"https:\/\/natus.com\/wp-content\/uploads\/NTA-banner_800x450-768x432.png","medium_large-width":768,"medium_large-height":432,"large":"https:\/\/natus.com\/wp-content\/uploads\/NTA-banner_800x450.png","large-width":800,"large-height":450,"1536x1536":"https:\/\/natus.com\/wp-content\/uploads\/NTA-banner_800x450.png","1536x1536-width":800,"1536x1536-height":450,"2048x2048":"https:\/\/natus.com\/wp-content\/uploads\/NTA-banner_800x450.png","2048x2048-width":800,"2048x2048-height":450}},"activate_image_caption":false,"image_caption_icon":false,"image_caption_title":"","image_caption_description":"","label":"Connaissances","title":"Neuro Training Academy","description":"<p>Si vous souhaitez approfondir vos connaissances cliniques, am\u00e9liorer vos comp\u00e9tences ou tirer le meilleur parti de vos solutions neurologiques Natus, d\u00e9couvrez les ressources de notre Acad\u00e9mie de formation en neurologie. Prenez connaissance des derniers d\u00e9veloppements scientifiques et technologiques aupr\u00e8s des leaders du domaine afin de faire la diff\u00e9rence pour vos patients.<\/p>\n","link":{"type":"url","value":"https:\/\/neuro-training.academy","url":"https:\/\/neuro-training.academy","name":"https:\/\/neuro-training.academy","title":"En Savoir Plus","target":"_blank"}}},{"acf_fc_layout":"contact","_acfe_flexible_toggle":"","left_image_right_content_single_cta_landing":{"module_options":{"":null,"module_id":"n64e942b43af35","module_class":"","module_background_type":"color","module_background_color":"#f1f1f1","module_background_image":false,"module_background_video":"","activate_custom_padding":false,"padding_top_desktop":"0","padding_top_tablet":"0","padding_top_mobile":"0","padding_bottom_desktop":"0","padding_bottom_tablet":"0","padding_bottom_mobile":"0","activate_custom_margin":false,"margin_top_desktop":"0","margin_top_tablet":"0","margin_top_mobile":"0","margin_bottom_desktop":"0","margin_bottom_tablet":"0","margin_bottom_mobile":"0","disable_on":[],"content_alignment_desktop":"left","content_alignment_tablet":"left","content_alignment_mobile":"left"},"":null,"image":{"ID":4238,"id":4238,"title":"Contact Us 800x450","filename":"Contact-Us-800x450-1.png","filesize":437541,"url":"https:\/\/natus.com\/wp-content\/uploads\/Contact-Us-800x450-1.png","link":"https:\/\/natus.com\/fr\/neuro\/contact-us-800x450-2\/","alt":"Shaking Hands - Contact Us","author":"2","description":"","caption":"","name":"contact-us-800x450-2","status":"inherit","uploaded_to":10461,"date":"2023-09-14 17:35:31","modified":"2024-07-29 20:33:28","menu_order":0,"mime_type":"image\/png","type":"image","subtype":"png","icon":"https:\/\/natus.com\/wp-includes\/images\/media\/default.png","width":800,"height":450,"sizes":{"thumbnail":"https:\/\/natus.com\/wp-content\/uploads\/Contact-Us-800x450-1.png","thumbnail-width":128,"thumbnail-height":72,"medium":"https:\/\/natus.com\/wp-content\/uploads\/Contact-Us-800x450-1.png","medium-width":800,"medium-height":450,"medium_large":"https:\/\/natus.com\/wp-content\/uploads\/Contact-Us-800x450-1-768x432.png","medium_large-width":768,"medium_large-height":432,"large":"https:\/\/natus.com\/wp-content\/uploads\/Contact-Us-800x450-1.png","large-width":800,"large-height":450,"1536x1536":"https:\/\/natus.com\/wp-content\/uploads\/Contact-Us-800x450-1.png","1536x1536-width":800,"1536x1536-height":450,"2048x2048":"https:\/\/natus.com\/wp-content\/uploads\/Contact-Us-800x450-1.png","2048x2048-width":800,"2048x2048-height":450}},"activate_image_caption":false,"image_caption_icon":false,"image_caption_title":"","image_caption_description":"","label":"Contactez votre repr\u00e9sentant Natus","title":"Vous \u00eates pr\u00eat \u00e0 commencer votre parcours avec Natus?","description":"<p>Pour en savoir plus sur l\u2019une de nos solutions neurologiques de pointe ou sur la fa\u00e7on dont nous pouvons vous aider \u00e0 am\u00e9liorer vos capacit\u00e9s en mati\u00e8re de soins, contactez un repr\u00e9sentant Natus.<\/p>\n","link":{"type":"post","value":"8336","url":"https:\/\/natus.com\/fr\/sites\/","name":"Sites","title":"Nous contacter","target":""}}}]},"_links":{"self":[{"href":"https:\/\/natus.com\/fr\/wp-json\/wp\/v2\/pages\/9289","targetHints":{"allow":["GET"]}}],"collection":[{"href":"https:\/\/natus.com\/fr\/wp-json\/wp\/v2\/pages"}],"about":[{"href":"https:\/\/natus.com\/fr\/wp-json\/wp\/v2\/types\/page"}],"author":[{"embeddable":true,"href":"https:\/\/natus.com\/fr\/wp-json\/wp\/v2\/users\/3"}],"replies":[{"embeddable":true,"href":"https:\/\/natus.com\/fr\/wp-json\/wp\/v2\/comments?post=9289"}],"version-history":[{"count":3,"href":"https:\/\/natus.com\/fr\/wp-json\/wp\/v2\/pages\/9289\/revisions"}],"predecessor-version":[{"id":20272,"href":"https:\/\/natus.com\/fr\/wp-json\/wp\/v2\/pages\/9289\/revisions\/20272"}],"up":[{"embeddable":true,"href":"https:\/\/natus.com\/fr\/wp-json\/wp\/v2\/pages\/9285"}],"wp:attachment":[{"href":"https:\/\/natus.com\/fr\/wp-json\/wp\/v2\/media?parent=9289"}],"wp:term":[{"taxonomy":"category","embeddable":true,"href":"https:\/\/natus.com\/fr\/wp-json\/wp\/v2\/categories?post=9289"},{"taxonomy":"post_tag","embeddable":true,"href":"https:\/\/natus.com\/fr\/wp-json\/wp\/v2\/tags?post=9289"}],"curies":[{"name":"wp","href":"https:\/\/api.w.org\/{rel}","templated":true}]}}