{"id":9416,"date":"2023-09-08T15:09:55","date_gmt":"2023-09-08T15:09:55","guid":{"rendered":"https:\/\/natus.com\/natus-brain-monitor-eeg-amplifier\/"},"modified":"2025-12-01T20:49:59","modified_gmt":"2025-12-01T20:49:59","slug":"amplificateur-eeg-brain-monitor-natus","status":"publish","type":"page","link":"https:\/\/natus.com\/fr\/neuro\/amplificateur-eeg-brain-monitor-natus\/","title":{"rendered":"Amplificateur d\u2019EEG Brain Monitor de Natus\u00ae"},"content":{"rendered":"","protected":false},"excerpt":{"rendered":"","protected":false},"author":2,"featured_media":0,"parent":10461,"menu_order":0,"comment_status":"closed","ping_status":"closed","template":"templates\/page-neuro-solutions-product-landing.php","meta":{"_acf_changed":false,"footnotes":""},"categories":[151],"tags":[225,153,152],"class_list":["post-9416","page","type-page","status-publish","hentry","category-electroencephalographie-eeg-aeeg-fr","tag-eeg-dans-usi-fr","tag-routine-eeg-fr","tag-monitorage-soins-intensifs-fr"],"acf":{"content_blocks":[{"acf_fc_layout":"spacer","_acfe_flexible_layout_title":null,"_acfe_flexible_toggle":null,"spacer":{"module_options":{"":null,"module_id":"n6514e87cedd36","module_class":"","module_background_type":"color","module_background_color":"#00aaa7","module_background_image":false,"module_background_video":"","activate_custom_padding":false,"padding_top_desktop":"0","padding_top_tablet":"0","padding_top_mobile":"0","padding_bottom_desktop":"0","padding_bottom_tablet":"0","padding_bottom_mobile":"0","activate_custom_margin":false,"margin_top_desktop":"0","margin_top_tablet":"0","margin_top_mobile":"0","margin_bottom_desktop":"0","margin_bottom_tablet":"0","margin_bottom_mobile":"0","disable_on":[],"content_alignment_desktop":"left","content_alignment_tablet":"left","content_alignment_mobile":"left"},"height":"270"}},{"acf_fc_layout":"intro_with_sticky_image","_acfe_flexible_layout_title":null,"_acfe_flexible_toggle":null,"left_content_right_image_sticky":{"module_options":{"":null,"module_id":"n6514e87d00aeb","module_class":"","module_background_type":"color","module_background_color":"#f1f1f1","module_background_image":false,"module_background_video":"","activate_custom_padding":false,"padding_top_desktop":"0","padding_top_tablet":"0","padding_top_mobile":"0","padding_bottom_desktop":"0","padding_bottom_tablet":"0","padding_bottom_mobile":"0","activate_custom_margin":false,"margin_top_desktop":"0","margin_top_tablet":"0","margin_top_mobile":"0","margin_bottom_desktop":"0","margin_bottom_tablet":"0","margin_bottom_mobile":"0","disable_on":[],"content_alignment_desktop":"left","content_alignment_tablet":"left","content_alignment_mobile":"left"},"":null,"title":"Amplificateur d\u2019EEG Brain Monitor de Natus<sup>\u00ae<\/sup>","subheader":"<p>L\u2019amplificateur Brain monitor de Natus est un amplificateur avanc\u00e9 de la prochaine g\u00e9n\u00e9ration utilis\u00e9 pour l\u2019EEG, le monitorage longue dur\u00e9e et les \u00e9tudes dans l\u2019USI. Ses fr\u00e9quences d\u2019\u00e9chantillonnage \u00e9lev\u00e9es, sa largeur de bande sup\u00e9rieure et l\u2019ajout d\u2019entr\u00e9es configurables en font le choix parfait dans tous les environnements m\u00e9dicaux, y compris en EEG, pour le monitorage longue dur\u00e9e et \u00e0 l\u2019USI.<\/p>\n<p>Le Brain monitor de Natus fournit 64 canaux r\u00e9f\u00e9rentiels pour effectuer des \u00e9tudes d\u2019EEG cr\u00e2niennes comme intracr\u00e2niennes. Parce qu\u2019il utilise la m\u00eame base que l\u2019amplificateur Quantum de Natus, il est facile de convertir la configuration entre les enregistrements cr\u00e2niens du Brain monitor et les \u00e9tudes intracr\u00e2niennes effectu\u00e9es avec le Quantum.<\/p>\n<p><strong>Caract\u00e9ristiques principales\u00a0:<\/strong><\/p>\n<ul>\n<li>Jusqu&rsquo;\u00e0 64 canaux CA (40 entr\u00e9es r\u00e9f\u00e9rentielles et 24 entr\u00e9es r\u00e9f\u00e9rentielles\/diff\u00e9rentielles configurables).<\/li>\n<li>Jusqu\u2019\u00e0 16 canaux CC (12 sur l&rsquo;unit\u00e9 principale\u00a0Natus et 4 sur le contr\u00f4leur d&rsquo;interface Brain Monitor)<\/li>\n<li>Taux d&rsquo;\u00e9chantillonnage jusqu&rsquo;\u00e0 4 kHz<\/li>\n<li>Oxym\u00e8tre de pouls int\u00e9gr\u00e9<\/li>\n<li>\u00c9cran tactile sur l&rsquo;unit\u00e9 de base permettant l&rsquo;interaction en temps r\u00e9el avec les \u00e9tudes en cours<\/li>\n<li>V\u00e9rification instantan\u00e9e de l\u2019imp\u00e9dance des \u00e9lectrodes \u00e0 l\u2019aide de l\u2019\u00e9cran tactile int\u00e9gr\u00e9<\/li>\n<li>Permet des bio-\u00e9talonnages au chevet du patient.<\/li>\n<li>Le contr\u00f4leur d\u2019interface l\u00e9ger donne au patient davantage de mobilit\u00e9<\/li>\n<li>Trigger 8 bit int\u00e9gr\u00e9 pour synchroniser les \u00e9v\u00e9nements externes<\/li>\n<li>Unit\u00e9 principale compatible avec le Quantum et l\u2019EMU40EX de Natus<\/li>\n<li>Veilleuse int\u00e9gr\u00e9e<\/li>\n<li>Limitation du bruit gr\u00e2ce au convertisseur A\/N qui num\u00e9rise les donn\u00e9es au chevet du patient<\/li>\n<li>Montage mural ou sur chariot<\/li>\n<\/ul>\n<p><span style=\"font-size: 12px;\">N\u00e9cessite NeuroWorks 9.0 ou une version plus r\u00e9cente. Disponible dans certains pays seulement. Veuillez contacter votre distributeur local pour en savoir plus.<\/span><\/p>\n","icons":[{"icon":{"ID":2244,"id":2244,"title":"icon-channels","filename":"icon-channels.png","filesize":1062,"url":"https:\/\/natus.com\/wp-content\/uploads\/icon-channels.png","link":"https:\/\/natus.com\/fr\/neuro\/icon-channels-2\/","alt":"Icon - Channels","author":"2","description":"","caption":"","name":"icon-channels-2","status":"inherit","uploaded_to":10461,"date":"2023-09-07 23:18:48","modified":"2024-07-29 21:18:55","menu_order":0,"mime_type":"image\/png","type":"image","subtype":"png","icon":"https:\/\/natus.com\/wp-includes\/images\/media\/default.png","width":58,"height":43,"sizes":{"thumbnail":"https:\/\/natus.com\/wp-content\/uploads\/icon-channels.png","thumbnail-width":58,"thumbnail-height":43,"medium":"https:\/\/natus.com\/wp-content\/uploads\/icon-channels.png","medium-width":58,"medium-height":43,"medium_large":"https:\/\/natus.com\/wp-content\/uploads\/icon-channels.png","medium_large-width":58,"medium_large-height":43,"large":"https:\/\/natus.com\/wp-content\/uploads\/icon-channels.png","large-width":58,"large-height":43,"1536x1536":"https:\/\/natus.com\/wp-content\/uploads\/icon-channels.png","1536x1536-width":58,"1536x1536-height":43,"2048x2048":"https:\/\/natus.com\/wp-content\/uploads\/icon-channels.png","2048x2048-width":58,"2048x2048-height":43}},"icon_description":"64<br \/>\r\nCanaux "},{"icon":{"ID":2249,"id":2249,"title":"icon-rate","filename":"icon-rate.png","filesize":2246,"url":"https:\/\/natus.com\/wp-content\/uploads\/icon-rate.png","link":"https:\/\/natus.com\/fr\/neuro\/icon-rate-2\/","alt":"Icon - Rate","author":"2","description":"","caption":"","name":"icon-rate-2","status":"inherit","uploaded_to":10461,"date":"2023-09-07 23:19:56","modified":"2024-07-29 21:18:51","menu_order":0,"mime_type":"image\/png","type":"image","subtype":"png","icon":"https:\/\/natus.com\/wp-includes\/images\/media\/default.png","width":61,"height":46,"sizes":{"thumbnail":"https:\/\/natus.com\/wp-content\/uploads\/icon-rate.png","thumbnail-width":61,"thumbnail-height":46,"medium":"https:\/\/natus.com\/wp-content\/uploads\/icon-rate.png","medium-width":61,"medium-height":46,"medium_large":"https:\/\/natus.com\/wp-content\/uploads\/icon-rate.png","medium_large-width":61,"medium_large-height":46,"large":"https:\/\/natus.com\/wp-content\/uploads\/icon-rate.png","large-width":61,"large-height":46,"1536x1536":"https:\/\/natus.com\/wp-content\/uploads\/icon-rate.png","1536x1536-width":61,"1536x1536-height":46,"2048x2048":"https:\/\/natus.com\/wp-content\/uploads\/icon-rate.png","2048x2048-width":61,"2048x2048-height":46}},"icon_description":"Taux <br \/>\r\nd'\u00e9chantillonnage <br \/>\r\n4KHZ"}],"quick_navigation":[{"quick_link":{"type":"url","value":"#contact-neuro","url":"#contact-neuro","name":"#contact-neuro","title":"Contactez Votre Repr\u00e9sentant Natus","target":""}},{"quick_link":{"type":"url","value":"#n6514e87d12389","url":"#n6514e87d12389","name":"#n6514e87d12389","title":"Explorer plus de d\u00e9tails","target":""}}],"description":"","message_label":"Service et Assistance","message_title":"Vous recherchez un service de produit neuro ou une assistance technique ?","message_link":{"type":"post","value":"8358","url":"https:\/\/natus.com\/fr\/assistance\/","name":"Service et Assistance","title":"Service et Assistance Natus","target":""},"right_sticky_image":{"ID":5018,"id":5018,"title":"Natus Brain Monitor Amp Main Product Photo - 500x850","filename":"Brain-Monitor_Main-Image.png","filesize":297426,"url":"https:\/\/natus.com\/wp-content\/uploads\/Brain-Monitor_Main-Image.png","link":"https:\/\/natus.com\/fr\/neuro\/amplificateur-eeg-brain-monitor-natus\/natus-brain-monitor-amp-main-product-photo-500x850-2\/","alt":"Natus\u00ae Brain Monitor EEG Amplifier","author":"2","description":"","caption":"","name":"natus-brain-monitor-amp-main-product-photo-500x850-2","status":"inherit","uploaded_to":9416,"date":"2023-09-18 15:37:55","modified":"2024-07-26 18:59:40","menu_order":0,"mime_type":"image\/png","type":"image","subtype":"png","icon":"https:\/\/natus.com\/wp-includes\/images\/media\/default.png","width":500,"height":850,"sizes":{"thumbnail":"https:\/\/natus.com\/wp-content\/uploads\/Brain-Monitor_Main-Image.png","thumbnail-width":56,"thumbnail-height":96,"medium":"https:\/\/natus.com\/wp-content\/uploads\/Brain-Monitor_Main-Image.png","medium-width":500,"medium-height":850,"medium_large":"https:\/\/natus.com\/wp-content\/uploads\/Brain-Monitor_Main-Image.png","medium_large-width":500,"medium_large-height":850,"large":"https:\/\/natus.com\/wp-content\/uploads\/Brain-Monitor_Main-Image.png","large-width":500,"large-height":850,"1536x1536":"https:\/\/natus.com\/wp-content\/uploads\/Brain-Monitor_Main-Image.png","1536x1536-width":500,"1536x1536-height":850,"2048x2048":"https:\/\/natus.com\/wp-content\/uploads\/Brain-Monitor_Main-Image.png","2048x2048-width":500,"2048x2048-height":850}}}},{"acf_fc_layout":"product_information","_acfe_flexible_layout_title":null,"_acfe_flexible_toggle":null,"left_accordion_right_image_landing":{"module_options":{"":null,"module_id":"n6514e87d12389","module_class":"","module_background_type":"color","module_background_color":"#f1f1f1","module_background_image":false,"module_background_video":"","activate_custom_padding":false,"padding_top_desktop":"0","padding_top_tablet":"0","padding_top_mobile":"0","padding_bottom_desktop":"0","padding_bottom_tablet":"0","padding_bottom_mobile":"0","activate_custom_margin":false,"margin_top_desktop":"0","margin_top_tablet":"0","margin_top_mobile":"0","margin_bottom_desktop":"0","margin_bottom_tablet":"0","margin_bottom_mobile":"0","disable_on":[],"content_alignment_desktop":"left","content_alignment_tablet":"left","content_alignment_mobile":"left"},"intro":"Information Produit","description":"","accordion":[{"title":"Logiciels","accordion_content":[{"acf_fc_layout":"full_content","accordion_description":"<p><a href=\"https:\/\/natus.com\/fr\/neuro\/logiciel-eeg-neuroworks\/\">Le logiciel d&rsquo;EEG Natus NeuroWorks<\/a> simplifie le processus de collecte, de surveillance, d&rsquo;analyse des tendances et de gestion des donn\u00e9es d\u2019EEG, ce qui permet aux professionnels de sant\u00e9 de gagner du temps et de se concentrer sur la prestation des meilleurs soins.<\/p>\n<p>En tant que plateforme d&rsquo;EEG \u00e0 laquelle font confiance le plus grand nombre d\u2019\u00e9tablissements de soins et de cabinets m\u00e9dicaux dans le monde, NeuroWorks a prouv\u00e9 sa fiabilit\u00e9 dans des environnements cliniques incluant les tests EEG de routine, l&rsquo;EEG ambulatoire, le monitorage longue dur\u00e9e (LTM), la surveillance en unit\u00e9 de soins intensifs et les \u00e9tudes de recherche.<\/p>\n"}]},{"title":"T\u00e9l\u00e9charger la Documentation Produit","accordion_content":[{"acf_fc_layout":"full_content","accordion_description":"<p><strong>Brochure Natus NeuroWorks avec Quantum, Brain Monitor, EMU40EX, et Trex HDM<\/strong><\/p>\n<p><a href=\"https:\/\/partner.natus.com\/m\/20ec46d568b7b45a\/original\/Natus-NeuroWorks-with-Quantum-Brain-Monitor-EMU40EX-EEG32U-Trex-Flyer.pdf\" target=\"_blank\" rel=\"noopener\">Anglais<\/a><br \/>\n<a href=\"https:\/\/natus.bynder.com\/m\/2f81f77777cec526\/original\/Natus-NeuroWorks-with-Quantum-Brain-Monitor-EMU40EX-EEG32U-Trex-Flyer.pdf\" target=\"_blank\" rel=\"noopener\">French<\/a><\/p>\n<p><strong>Brochure des Solutions d&rsquo;EEG Natus NeuroWorks<\/strong><br \/>\n<a href=\"https:\/\/natus.bynder.com\/m\/39c501248902d32c\/original\/Natus-NeuroWorks-EEG-Solutions-with-Brain-Monitor-EEG32U-Brochure.pdf\" target=\"_blank\" rel=\"noopener\">Anglais<\/a><br \/>\n<a href=\"https:\/\/natus.bynder.com\/m\/ee96de165d2baa4b\/original\/Natus-NeuroWorks-EEG-Solutions-with-Brain-Monitor-EEG32U-Brochure.pdf\" target=\"_blank\" rel=\"noopener\">Fran\u00e7ais<\/a><\/p>\n<p><strong>Brochure des Solutions Natus NeuroWorks (USI)<\/strong><br \/>\n<a href=\"https:\/\/natus.bynder.com\/m\/d08eab22d7c135a2\/original\/Natus-NeuroWorks-ICU-with-Brain-Monitor-EMU40EX-Solutions-Brochure.pdf\" target=\"_blank\" rel=\"noopener\">Anglais<\/a><br \/>\n<a href=\"https:\/\/natus.bynder.com\/m\/a83d884eb54e8bb5\/original\/Natus-NeuroWorks-ICU-with-Brain-Monitor-EMU40EX-Solutions-Brochure.pdf\" target=\"_blank\" rel=\"noopener\">Fran\u00e7ais<\/a><\/p>\n"}]},{"title":"Fournitures","accordion_content":[{"acf_fc_layout":"full_content","accordion_description":"<p>Natus Neuro offre une gamme compl\u00e8te de fournitures qui r\u00e9pondra \u00e0 tous vos besoins en EEG.<\/p>\n<p><img loading=\"lazy\" decoding=\"async\" class=\"alignleft size-full wp-image-3991\" src=\"https:\/\/natus.com\/wp-content\/uploads\/EEG-Supplies_500w.png\" alt=\"\" width=\"500\" height=\"293\" \/><\/p>\n<ul>\n<li>\u00c9lectrodes d&rsquo;EEG Genuine Grass<sup>\u00ae\u00a0<\/sup>\u00e0 cupule et r\u00e9utilisables<\/li>\n<li>\u00c9lectrodes EEG Grass \u00e0 cupule marqu\u00e9es et r\u00e9utilisables<\/li>\n<li>\u00c9lectrodes EGG Grass \u00e0 cupule profonde et \u00e0 usage unique<\/li>\n<li>Casques\u00a0<strong>wave<\/strong>guard<sup>\u2122<\/sup>\u00a0originaux<\/li>\n<li>Casques\u00a0<strong>wave<\/strong>guard connect<\/li>\n<li>Produits d&rsquo;application des \u00e9lectrodes<\/li>\n<li>Portail en ligne pratique &#8211; <a href=\"https:\/\/natus.com\/fr\/magasins-natus-medical\/\">Natus Medical Store<\/a> (disponible sur certains march\u00e9s)<\/li>\n<\/ul>\n"}]}],"image_left":false}},{"acf_fc_layout":"related_products","_acfe_flexible_layout_title":null,"_acfe_flexible_toggle":null,"tiles_3_columns_landing":{"module_options":{"":null,"module_id":"n6514e87d1bd86","module_class":"","module_background_type":"color","module_background_color":"#f1f1f1","module_background_image":false,"module_background_video":"","activate_custom_padding":false,"padding_top_desktop":"0","padding_top_tablet":"0","padding_top_mobile":"0","padding_bottom_desktop":"0","padding_bottom_tablet":"0","padding_bottom_mobile":"0","activate_custom_margin":false,"margin_top_desktop":"0","margin_top_tablet":"0","margin_top_mobile":"0","margin_bottom_desktop":"0","margin_bottom_tablet":"0","margin_bottom_mobile":"0","disable_on":[],"content_alignment_desktop":"left","content_alignment_tablet":"left","content_alignment_mobile":"left"},"intro_text":"Produits Neuro Connexes","intro_text_color":"#005e63","intro_link":{"type":"post","value":"8330","url":"https:\/\/natus.com\/fr\/produits-neuro\/","name":"Produits Neuro","title":"Voir Tous les Produits Neuro","target":""},"tiles":[{"label":"Monitorage longue dur\u00e9e (LTM)","label_background_color":"#154284","image":{"ID":4224,"id":4224,"title":"Quantum LTM Related Product Photo - 500x400","filename":"Quantum-main-image-10-16-B.png","filesize":169525,"url":"https:\/\/natus.com\/wp-content\/uploads\/Quantum-main-image-10-16-B.png","link":"https:\/\/natus.com\/fr\/neuro\/logiciel-eeg-neuroworks\/quantum-ltm-related-product-photo-500x400-2\/","alt":"Quantum LTM","author":"2","description":"","caption":"","name":"quantum-ltm-related-product-photo-500x400-2","status":"inherit","uploaded_to":9421,"date":"2023-09-14 15:28:51","modified":"2024-07-29 20:33:52","menu_order":0,"mime_type":"image\/png","type":"image","subtype":"png","icon":"https:\/\/natus.com\/wp-includes\/images\/media\/default.png","width":500,"height":400,"sizes":{"thumbnail":"https:\/\/natus.com\/wp-content\/uploads\/Quantum-main-image-10-16-B.png","thumbnail-width":120,"thumbnail-height":96,"medium":"https:\/\/natus.com\/wp-content\/uploads\/Quantum-main-image-10-16-B.png","medium-width":500,"medium-height":400,"medium_large":"https:\/\/natus.com\/wp-content\/uploads\/Quantum-main-image-10-16-B.png","medium_large-width":500,"medium_large-height":400,"large":"https:\/\/natus.com\/wp-content\/uploads\/Quantum-main-image-10-16-B.png","large-width":500,"large-height":400,"1536x1536":"https:\/\/natus.com\/wp-content\/uploads\/Quantum-main-image-10-16-B.png","1536x1536-width":500,"1536x1536-height":400,"2048x2048":"https:\/\/natus.com\/wp-content\/uploads\/Quantum-main-image-10-16-B.png","2048x2048-width":500,"2048x2048-height":400}},"title":" Amplificateur Natus\u00ae Quantum\u00ae LTM ","link":{"type":"post","value":"9485","url":"https:\/\/natus.com\/fr\/neuro\/amplificateur-natus-quantum-ltm\/","name":"Amplificateur de monitorage longue dur\u00e9e Natus\u00ae Quantum\u00ae LTM","title":"En Savoir Plus","target":"_blank"}},{"label":"Logiciel d'EEG","label_background_color":"#154284","image":{"ID":4266,"id":4266,"title":"NeuroWorks Related Product Photo - 500x400","filename":"Neuroworks-10-Related-Product-Photo-500x400-1.png","filesize":211965,"url":"https:\/\/natus.com\/wp-content\/uploads\/Neuroworks-10-Related-Product-Photo-500x400-1.png","link":"https:\/\/natus.com\/fr\/neuro\/systeme-eeg-ambulatoire-video-trex-hd\/neuroworks-related-product-photo-500x400-2\/","alt":"","author":"2","description":"","caption":"","name":"neuroworks-related-product-photo-500x400-2","status":"inherit","uploaded_to":9565,"date":"2023-09-14 18:10:52","modified":"2023-09-28 19:02:44","menu_order":0,"mime_type":"image\/png","type":"image","subtype":"png","icon":"https:\/\/natus.com\/wp-includes\/images\/media\/default.png","width":500,"height":400,"sizes":{"thumbnail":"https:\/\/natus.com\/wp-content\/uploads\/Neuroworks-10-Related-Product-Photo-500x400-1.png","thumbnail-width":120,"thumbnail-height":96,"medium":"https:\/\/natus.com\/wp-content\/uploads\/Neuroworks-10-Related-Product-Photo-500x400-1.png","medium-width":500,"medium-height":400,"medium_large":"https:\/\/natus.com\/wp-content\/uploads\/Neuroworks-10-Related-Product-Photo-500x400-1.png","medium_large-width":500,"medium_large-height":400,"large":"https:\/\/natus.com\/wp-content\/uploads\/Neuroworks-10-Related-Product-Photo-500x400-1.png","large-width":500,"large-height":400,"1536x1536":"https:\/\/natus.com\/wp-content\/uploads\/Neuroworks-10-Related-Product-Photo-500x400-1.png","1536x1536-width":500,"1536x1536-height":400,"2048x2048":"https:\/\/natus.com\/wp-content\/uploads\/Neuroworks-10-Related-Product-Photo-500x400-1.png","2048x2048-width":500,"2048x2048-height":400}},"title":"Logiciel d\u2019EEG Natus\u00ae NeuroWorks\u00ae","link":{"type":"post","value":"9421","url":"https:\/\/natus.com\/fr\/neuro\/logiciel-eeg-neuroworks\/","name":"Logiciel d\u2019EEG Natus\u00ae NeuroWorks\u00ae","title":"En Savoir Plus","target":"_blank"}},{"label":"Monitorage longue dur\u00e9e (LTM)","label_background_color":"#154284","image":{"ID":4554,"id":4554,"title":"EMU40EX Related Product Photo -500x400","filename":"EMU40-related-product-500x400-1.png","filesize":191407,"url":"https:\/\/natus.com\/wp-content\/uploads\/EMU40-related-product-500x400-1.png","link":"https:\/\/natus.com\/fr\/neuro\/amplificateur-natus-quantum-ltm\/emu40ex-related-product-photo-500x400-2\/","alt":"Natus\u00ae Quantum\u00ae LTM Amplifier","author":"2","description":"","caption":"","name":"emu40ex-related-product-photo-500x400-2","status":"inherit","uploaded_to":9485,"date":"2023-09-15 01:09:52","modified":"2025-11-14 21:18:44","menu_order":0,"mime_type":"image\/png","type":"image","subtype":"png","icon":"https:\/\/natus.com\/wp-includes\/images\/media\/default.png","width":500,"height":400,"sizes":{"thumbnail":"https:\/\/natus.com\/wp-content\/uploads\/EMU40-related-product-500x400-1.png","thumbnail-width":120,"thumbnail-height":96,"medium":"https:\/\/natus.com\/wp-content\/uploads\/EMU40-related-product-500x400-1.png","medium-width":500,"medium-height":400,"medium_large":"https:\/\/natus.com\/wp-content\/uploads\/EMU40-related-product-500x400-1.png","medium_large-width":500,"medium_large-height":400,"large":"https:\/\/natus.com\/wp-content\/uploads\/EMU40-related-product-500x400-1.png","large-width":500,"large-height":400,"1536x1536":"https:\/\/natus.com\/wp-content\/uploads\/EMU40-related-product-500x400-1.png","1536x1536-width":500,"1536x1536-height":400,"2048x2048":"https:\/\/natus.com\/wp-content\/uploads\/EMU40-related-product-500x400-1.png","2048x2048-width":500,"2048x2048-height":400}},"title":"Amplificateur de monitorage longue dur\u00e9e sans fil Natus\u00ae EMU40EX\u2122","link":{"type":"post","value":"9479","url":"https:\/\/natus.com\/fr\/neuro\/amplificateur-emu40ex-ltm\/","name":"Amplificateur de monitorage longue dur\u00e9e sans fil Natus\u00ae EMU40EX\u2122","title":"En Savoir Plus","target":"_blank"}}]}},{"acf_fc_layout":"contact_form","_acfe_flexible_layout_title":null,"_acfe_flexible_toggle":null,"contact_form_landing":{"module_options":{"":null,"module_id":"contact-neuro","module_class":"","module_background_type":"color","module_background_color":"#f1f1f1","module_background_image":false,"module_background_video":"","activate_custom_padding":false,"padding_top_desktop":"0","padding_top_tablet":"0","padding_top_mobile":"0","padding_bottom_desktop":"0","padding_bottom_tablet":"0","padding_bottom_mobile":"0","activate_custom_margin":false,"margin_top_desktop":"0","margin_top_tablet":"0","margin_top_mobile":"0","margin_bottom_desktop":"0","margin_bottom_tablet":"0","margin_bottom_mobile":"0","disable_on":[],"content_alignment_desktop":"left","content_alignment_tablet":"left","content_alignment_mobile":"left"},"":null,"activate_intro":true,"intro_text":"Contactez Votre Repr\u00e9sentant Natus","intro_text_color":"#005e63","intro_link":null,"activate_description":true,"description_title":"","description_copy":"Pour plus d'informations sur ce produit ou tout autre produit, veuillez nous envoyer un message \u00e0 l'aide du formulaire ci-dessous.","embed_code":"<script charset=\"utf-8\" type=\"text\/javascript\" src=\"\/\/js.hsforms.net\/forms\/embed\/v2.js\"><\/script>\r\n<script>\r\n  hbspt.forms.create({\r\n    region: \"na1\",\r\n    portalId: \"3002890\",\r\n    formId: \"0f52793d-5376-4e07-bfe5-62ef62c95d16\"\r\n  });\r\n<\/script>"}},{"acf_fc_layout":"simple_content","_acfe_flexible_layout_title":null,"_acfe_flexible_toggle":null,"content_full_width_landing":{"module_options":{"":null,"module_id":"n6514e87d2c178","module_class":"","module_background_type":"color","module_background_color":"","module_background_image":false,"module_background_video":"","activate_custom_padding":false,"padding_top_desktop":"0","padding_top_tablet":"0","padding_top_mobile":"0","padding_bottom_desktop":"0","padding_bottom_tablet":"0","padding_bottom_mobile":"0","activate_custom_margin":false,"margin_top_desktop":"0","margin_top_tablet":"0","margin_top_mobile":"0","margin_bottom_desktop":"0","margin_bottom_tablet":"0","margin_bottom_mobile":"0","disable_on":[],"content_alignment_desktop":"left","content_alignment_tablet":"left","content_alignment_mobile":"left"},"content":"<p><span style=\"font-size: 11px;\">034901 RevC<\/span><\/p>\n"}}],"schema_markup":[{"acf_fc_layout":"schema_markup_product","_acfe_flexible_layout_title":null,"_acfe_flexible_toggle":null,"schema_markup_product":{"enable_schema":true,"":null,"device_name":"Amplificateur d\u2019EEG Brain Monitor de Natus\u00ae","device_image":"https:\/\/natus.com\/wp-content\/uploads\/Natus-Brain-monitor_315px.png","device_desc":"L\u2019amplificateur Brain monitor de Natus est un amplificateur avanc\u00e9 de la prochaine g\u00e9n\u00e9ration utilis\u00e9 pour l\u2019EEG, le monitorage longue dur\u00e9e et les \u00e9tudes dans l\u2019USI.","device_purpose":"","manufacturer_name":"Natus Medical Incorporated","manufacturer_url":"https:\/\/natus.com","brand_name":"Natus","page_url":"https:\/\/natus.com\/fr\/neuro\/amplificateur-eeg-brain-monitor-natus\/","in_language":"fr","medical_specialty":["Neurologic"]}}]},"_links":{"self":[{"href":"https:\/\/natus.com\/fr\/wp-json\/wp\/v2\/pages\/9416","targetHints":{"allow":["GET"]}}],"collection":[{"href":"https:\/\/natus.com\/fr\/wp-json\/wp\/v2\/pages"}],"about":[{"href":"https:\/\/natus.com\/fr\/wp-json\/wp\/v2\/types\/page"}],"author":[{"embeddable":true,"href":"https:\/\/natus.com\/fr\/wp-json\/wp\/v2\/users\/2"}],"replies":[{"embeddable":true,"href":"https:\/\/natus.com\/fr\/wp-json\/wp\/v2\/comments?post=9416"}],"version-history":[{"count":10,"href":"https:\/\/natus.com\/fr\/wp-json\/wp\/v2\/pages\/9416\/revisions"}],"predecessor-version":[{"id":25543,"href":"https:\/\/natus.com\/fr\/wp-json\/wp\/v2\/pages\/9416\/revisions\/25543"}],"up":[{"embeddable":true,"href":"https:\/\/natus.com\/fr\/wp-json\/wp\/v2\/pages\/10461"}],"wp:attachment":[{"href":"https:\/\/natus.com\/fr\/wp-json\/wp\/v2\/media?parent=9416"}],"wp:term":[{"taxonomy":"category","embeddable":true,"href":"https:\/\/natus.com\/fr\/wp-json\/wp\/v2\/categories?post=9416"},{"taxonomy":"post_tag","embeddable":true,"href":"https:\/\/natus.com\/fr\/wp-json\/wp\/v2\/tags?post=9416"}],"curies":[{"name":"wp","href":"https:\/\/api.w.org\/{rel}","templated":true}]}}