{"id":9465,"date":"2023-09-08T20:18:02","date_gmt":"2023-09-08T20:18:02","guid":{"rendered":"https:\/\/natus.com\/genuine-grass-reusable-subdermal-needle-electrodes\/"},"modified":"2024-07-02T19:50:32","modified_gmt":"2024-07-02T19:50:32","slug":"electrodes-aiguilles-sous-cutanees-genuine-grass-a-usages-multiples","status":"publish","type":"page","link":"https:\/\/natus.com\/fr\/neuro\/electrodes-aiguilles-sous-cutanees-genuine-grass-a-usages-multiples\/","title":{"rendered":"\u00c9lectrodes-aiguilles sous-cutan\u00e9es Genuine Grass\u00ae \u00e0 usages multiples"},"content":{"rendered":"","protected":false},"excerpt":{"rendered":"","protected":false},"author":3,"featured_media":0,"parent":10461,"menu_order":0,"comment_status":"closed","ping_status":"closed","template":"templates\/page-neuro-solutions-product-landing.php","meta":{"_acf_changed":false,"footnotes":""},"categories":[201,181],"tags":[238],"class_list":["post-9465","page","type-page","status-publish","hentry","category-fournitures-neurodiagnostic-fr","category-iom-fr","tag-fournitures-oim-fr"],"acf":{"content_blocks":[{"acf_fc_layout":"spacer","_acfe_flexible_toggle":"","spacer":{"module_options":{"":null,"module_id":"n64babb6de86c1","module_class":"","module_background_type":"color","module_background_color":"#00aaa7","module_background_image":false,"module_background_video":"","activate_custom_padding":false,"padding_top_desktop":"0","padding_top_tablet":"0","padding_top_mobile":"0","padding_bottom_desktop":"0","padding_bottom_tablet":"0","padding_bottom_mobile":"0","activate_custom_margin":false,"margin_top_desktop":"0","margin_top_tablet":"0","margin_top_mobile":"0","margin_bottom_desktop":"0","margin_bottom_tablet":"0","margin_bottom_mobile":"0","disable_on":[],"content_alignment_desktop":"left","content_alignment_tablet":"left","content_alignment_mobile":"left"},"height":"270"}},{"acf_fc_layout":"intro_with_sticky_image","_acfe_flexible_toggle":"","left_content_right_image_sticky":{"module_options":{"":null,"module_id":"n6514e6c91464b","module_class":"","module_background_type":"color","module_background_color":"#f1f1f1","module_background_image":false,"module_background_video":"","activate_custom_padding":false,"padding_top_desktop":"0","padding_top_tablet":"0","padding_top_mobile":"0","padding_bottom_desktop":"0","padding_bottom_tablet":"0","padding_bottom_mobile":"0","activate_custom_margin":false,"margin_top_desktop":"0","margin_top_tablet":"0","margin_top_mobile":"0","margin_bottom_desktop":"0","margin_bottom_tablet":"0","margin_bottom_mobile":"0","disable_on":[],"content_alignment_desktop":"left","content_alignment_tablet":"left","content_alignment_mobile":"left"},"":null,"title":"\u00c9lectrodes-aiguilles sous-cutan\u00e9es Genuine Grass\u00ae \u00e0 usages multiples","subheader":"<p>Les \u00e9lectrodes-aiguilles sous-cutan\u00e9es Genuine Grass<sup>\u00ae<\/sup>\u00a0\u00e0 usages multiples en platine sont soumises \u00e0 des tests m\u00e9caniques et \u00e9lectriques rigoureux pour en garantir la long\u00e9vit\u00e9 et pour assurer une clart\u00e9 et une fiabilit\u00e9 d&rsquo;enregistrement in\u00e9galables.<\/p>\n<ul>\n<li>Aiguille monopolaire en platine affut\u00e9e avec pr\u00e9cision et articulation fil-aiguille profil\u00e9e.<\/li>\n<li>Fils conducteurs souples et multicolores \u00e0 rev\u00eatement Teflon<sup>\u00ae<\/sup>\u00a0se terminant en connecteurs 1,5\u00a0mm prot\u00e9g\u00e9s des contacts.<\/li>\n<li>St\u00e9rilisez avant utilisation\u00a0; compatible avec la st\u00e9rilisation par vapeur ou \u00e0 l&rsquo;EtO.<\/li>\n<li>Dix \u00e9lectrodes par bo\u00eete, chacune avec un fil conducteur de couleur diff\u00e9rente : marron, rouge, orange, jaune, vert, bleu, violet, gris, blanc, beige<\/li>\n<li>Portail en ligne pratique &#8211; <a href=\"https:\/\/natus.com\/fr\/magasins-natus-medical\/\">Natus Medical Store<\/a> (disponible sur certains march\u00e9s)<\/li>\n<\/ul>\n<p><span style=\"font-size: 12px;\">Disponible uniquement dans certains pays. Veuillez contacter votre distributeur local pour en savoir plus.<\/span><\/p>\n","icons":[{"icon":{"ID":2225,"id":2225,"title":"icon-feature","filename":"icon-feature.png","filesize":1408,"url":"https:\/\/natus.com\/wp-content\/uploads\/icon-feature.png","link":"https:\/\/natus.com\/fr\/neuro\/electromyographe-portatif-dantec-clavis\/icon-feature-2\/","alt":"star","author":"2","description":"Icon - Star","caption":"","name":"icon-feature-2","status":"inherit","uploaded_to":8326,"date":"2023-09-07 22:27:26","modified":"2024-07-29 21:19:16","menu_order":0,"mime_type":"image\/png","type":"image","subtype":"png","icon":"https:\/\/natus.com\/wp-includes\/images\/media\/default.png","width":43,"height":41,"sizes":{"thumbnail":"https:\/\/natus.com\/wp-content\/uploads\/icon-feature.png","thumbnail-width":43,"thumbnail-height":41,"medium":"https:\/\/natus.com\/wp-content\/uploads\/icon-feature.png","medium-width":43,"medium-height":41,"medium_large":"https:\/\/natus.com\/wp-content\/uploads\/icon-feature.png","medium_large-width":43,"medium_large-height":41,"large":"https:\/\/natus.com\/wp-content\/uploads\/icon-feature.png","large-width":43,"large-height":41,"1536x1536":"https:\/\/natus.com\/wp-content\/uploads\/icon-feature.png","1536x1536-width":43,"1536x1536-height":41,"2048x2048":"https:\/\/natus.com\/wp-content\/uploads\/icon-feature.png","2048x2048-width":43,"2048x2048-height":41}},"icon_description":"Platin\u00e9"},{"icon":{"ID":1941,"id":1941,"title":"icon-flag","filename":"icon-flag.png","filesize":664,"url":"https:\/\/natus.com\/wp-content\/uploads\/icon-flag.png","link":"https:\/\/natus.com\/fr\/neuro\/electromyographe-portatif-dantec-clavis\/icon-flag-2\/","alt":"Icon - Flag","author":"2","description":"","caption":"","name":"icon-flag-2","status":"inherit","uploaded_to":8326,"date":"2023-09-01 19:14:05","modified":"2024-07-29 21:19:56","menu_order":0,"mime_type":"image\/png","type":"image","subtype":"png","icon":"https:\/\/natus.com\/wp-includes\/images\/media\/default.png","width":30,"height":42,"sizes":{"thumbnail":"https:\/\/natus.com\/wp-content\/uploads\/icon-flag.png","thumbnail-width":30,"thumbnail-height":42,"medium":"https:\/\/natus.com\/wp-content\/uploads\/icon-flag.png","medium-width":30,"medium-height":42,"medium_large":"https:\/\/natus.com\/wp-content\/uploads\/icon-flag.png","medium_large-width":30,"medium_large-height":42,"large":"https:\/\/natus.com\/wp-content\/uploads\/icon-flag.png","large-width":30,"large-height":42,"1536x1536":"https:\/\/natus.com\/wp-content\/uploads\/icon-flag.png","1536x1536-width":30,"1536x1536-height":42,"2048x2048":"https:\/\/natus.com\/wp-content\/uploads\/icon-flag.png","2048x2048-width":30,"2048x2048-height":42}},"icon_description":"A St\u00e9riliser"}],"quick_navigation":[{"quick_link":{"type":"url","value":"#contact-neuro","url":"#contact-neuro","name":"#contact-neuro","title":"Contactez votre repr\u00e9sentant Natus","target":""}},{"quick_link":{"type":"url","value":"#n64be98eed01eb","url":"#n64be98eed01eb","name":"#n64be98eed01eb","title":"Explorer plus de d\u00e9tails","target":""}}],"description":"","message_label":"Service et Assistance","message_title":"Vous recherchez un service de produit neuro ou une assistance technique ?","message_link":{"type":"post","value":"8358","url":"https:\/\/natus.com\/fr\/assistance\/","name":"Service et Assistance","title":"Service et Assistance Natus","target":""},"right_sticky_image":{"ID":5122,"id":5122,"title":"Grass Subdermal Electrodes Main Product Photo - 500x850","filename":"Grass-Subdermal-Electrodes-Main-Product-Photo-500x850-1.png","filesize":379973,"url":"https:\/\/natus.com\/wp-content\/uploads\/Grass-Subdermal-Electrodes-Main-Product-Photo-500x850-1.png","link":"https:\/\/natus.com\/fr\/neuro\/electrodes-aiguilles-sous-cutanees-genuine-grass-a-usages-multiples\/grass-subdermal-electrodes-main-product-photo-500x850-2\/","alt":"Grass Subdermal Electrodes ","author":"2","description":"","caption":"","name":"grass-subdermal-electrodes-main-product-photo-500x850-2","status":"inherit","uploaded_to":9465,"date":"2023-09-18 18:24:07","modified":"2024-07-26 17:09:39","menu_order":0,"mime_type":"image\/png","type":"image","subtype":"png","icon":"https:\/\/natus.com\/wp-includes\/images\/media\/default.png","width":500,"height":850,"sizes":{"thumbnail":"https:\/\/natus.com\/wp-content\/uploads\/Grass-Subdermal-Electrodes-Main-Product-Photo-500x850-1.png","thumbnail-width":56,"thumbnail-height":96,"medium":"https:\/\/natus.com\/wp-content\/uploads\/Grass-Subdermal-Electrodes-Main-Product-Photo-500x850-1.png","medium-width":500,"medium-height":850,"medium_large":"https:\/\/natus.com\/wp-content\/uploads\/Grass-Subdermal-Electrodes-Main-Product-Photo-500x850-1.png","medium_large-width":500,"medium_large-height":850,"large":"https:\/\/natus.com\/wp-content\/uploads\/Grass-Subdermal-Electrodes-Main-Product-Photo-500x850-1.png","large-width":500,"large-height":850,"1536x1536":"https:\/\/natus.com\/wp-content\/uploads\/Grass-Subdermal-Electrodes-Main-Product-Photo-500x850-1.png","1536x1536-width":500,"1536x1536-height":850,"2048x2048":"https:\/\/natus.com\/wp-content\/uploads\/Grass-Subdermal-Electrodes-Main-Product-Photo-500x850-1.png","2048x2048-width":500,"2048x2048-height":850}}}},{"acf_fc_layout":"product_information","_acfe_flexible_toggle":"","left_accordion_right_image_landing":{"module_options":{"":null,"module_id":"n64be98eed01eb","module_class":"","module_background_type":"color","module_background_color":"#f1f1f1","module_background_image":false,"module_background_video":"","activate_custom_padding":false,"padding_top_desktop":"0","padding_top_tablet":"0","padding_top_mobile":"0","padding_bottom_desktop":"0","padding_bottom_tablet":"0","padding_bottom_mobile":"0","activate_custom_margin":false,"margin_top_desktop":"0","margin_top_tablet":"0","margin_top_mobile":"0","margin_bottom_desktop":"0","margin_bottom_tablet":"0","margin_bottom_mobile":"0","disable_on":[],"content_alignment_desktop":"left","content_alignment_tablet":"left","content_alignment_mobile":"left"},"intro":"Information Produit","description":"","accordion":[{"title":"T\u00e9l\u00e9charger la documentation produit","accordion_content":[{"acf_fc_layout":"full_content","accordion_description":"<p><strong>Catalogue de fournitures de neurodiagnostic Natus <\/strong><br \/>\n<a href=\"https:\/\/natus.bynder.com\/m\/990029e101bebd22\/original\/Natus-Neurodiagnostic-Supplies-Catalog.pdf\">Anglais<\/a><br \/>\n<a href=\"https:\/\/natus.bynder.com\/m\/158d8472457a8340\/original\/Natus-Neurodiagnostic-Supplies-Catalog.pdf\">Fran\u00e7ais<\/a><br \/>\n<a href=\"https:\/\/natus.bynder.com\/m\/2af7bff78ece1e68\/original\/Natus-Neurodiagnostic-Supplies-Catalog.pdf\">Allemand<\/a><br \/>\n<a href=\"https:\/\/natus.bynder.com\/m\/381843ac1f7e9034\/original\/Natus-Neurodiagnostic-Supplies-Catalog.pdf\">Espagnol<\/a><\/p>\n"}]}],"image_left":false}},{"acf_fc_layout":"related_products","_acfe_flexible_toggle":"","tiles_3_columns_landing":{"module_options":{"":null,"module_id":"n64bf9a7609a1f","module_class":"","module_background_type":"color","module_background_color":"#f1f1f1","module_background_image":false,"module_background_video":"","activate_custom_padding":false,"padding_top_desktop":"0","padding_top_tablet":"0","padding_top_mobile":"0","padding_bottom_desktop":"0","padding_bottom_tablet":"0","padding_bottom_mobile":"0","activate_custom_margin":false,"margin_top_desktop":"0","margin_top_tablet":"0","margin_top_mobile":"0","margin_bottom_desktop":"0","margin_bottom_tablet":"0","margin_bottom_mobile":"0","disable_on":[],"content_alignment_desktop":"left","content_alignment_tablet":"left","content_alignment_mobile":"left"},"intro_text":"Produits Neuro Connexes","intro_text_color":"#005e63","intro_link":{"type":"post","value":"8330","url":"https:\/\/natus.com\/fr\/produits-neuro\/","name":"Produits Neuro","title":"Voir tous les produits Neuro","target":""},"tiles":[{"label":"Fournitures de l'OIM","label_background_color":"#154284","image":{"ID":3273,"id":3273,"title":"Natus Adhesive Electrodes Related Product Photo - 500x400","filename":"Natus-Adhesive-Electrodes-Related-Product-Photo-500x400-1.jpg","filesize":134861,"url":"https:\/\/natus.com\/wp-content\/uploads\/Natus-Adhesive-Electrodes-Related-Product-Photo-500x400-1.jpg","link":"https:\/\/natus.com\/fr\/neuro\/electromyographe-portatif-dantec-clavis\/natus-adhesive-electrodes-related-product-photo-500x400-2\/","alt":"Natus Adhesive Electrodes ","author":"2","description":"","caption":"Disposable","name":"natus-adhesive-electrodes-related-product-photo-500x400-2","status":"inherit","uploaded_to":8326,"date":"2023-09-11 21:58:17","modified":"2024-07-29 21:03:29","menu_order":0,"mime_type":"image\/jpeg","type":"image","subtype":"jpeg","icon":"https:\/\/natus.com\/wp-includes\/images\/media\/default.png","width":500,"height":400,"sizes":{"thumbnail":"https:\/\/natus.com\/wp-content\/uploads\/Natus-Adhesive-Electrodes-Related-Product-Photo-500x400-1.jpg","thumbnail-width":120,"thumbnail-height":96,"medium":"https:\/\/natus.com\/wp-content\/uploads\/Natus-Adhesive-Electrodes-Related-Product-Photo-500x400-1.jpg","medium-width":500,"medium-height":400,"medium_large":"https:\/\/natus.com\/wp-content\/uploads\/Natus-Adhesive-Electrodes-Related-Product-Photo-500x400-1.jpg","medium_large-width":500,"medium_large-height":400,"large":"https:\/\/natus.com\/wp-content\/uploads\/Natus-Adhesive-Electrodes-Related-Product-Photo-500x400-1.jpg","large-width":500,"large-height":400,"1536x1536":"https:\/\/natus.com\/wp-content\/uploads\/Natus-Adhesive-Electrodes-Related-Product-Photo-500x400-1.jpg","1536x1536-width":500,"1536x1536-height":400,"2048x2048":"https:\/\/natus.com\/wp-content\/uploads\/Natus-Adhesive-Electrodes-Related-Product-Photo-500x400-1.jpg","2048x2048-width":500,"2048x2048-height":400}},"title":"\u00c9lectrodes adh\u00e9sives \u00e0 usage unique de Natus\u00ae","link":{"type":"post","value":"8459","url":"https:\/\/natus.com\/fr\/neuro\/electrodes-adhesives-a-usage-unique-de-natus\/","name":"\u00c9lectrodes adh\u00e9sives \u00e0 usage unique de Natus\u00ae","title":"En Savoir Plus","target":"_blank"}},{"label":"Fournitures de l'OIM","label_background_color":"#154284","image":{"ID":4710,"id":4710,"title":"Natus Ultra Subdermal Electrodes Related Product Photo - 500x400","filename":"Natus-Ultra-Subdermal-Electrodes-Related-Product-Photo-500x400-1.png","filesize":131432,"url":"https:\/\/natus.com\/wp-content\/uploads\/Natus-Ultra-Subdermal-Electrodes-Related-Product-Photo-500x400-1.png","link":"https:\/\/natus.com\/fr\/neuro\/iom\/fournitures-iom\/natus-ultra-subdermal-electrodes-related-product-photo-500x400-2\/","alt":"Natus Ultra Subdermal Electrodes","author":"2","description":"","caption":"","name":"natus-ultra-subdermal-electrodes-related-product-photo-500x400-2","status":"inherit","uploaded_to":12700,"date":"2023-09-15 16:30:14","modified":"2024-07-29 20:20:14","menu_order":0,"mime_type":"image\/png","type":"image","subtype":"png","icon":"https:\/\/natus.com\/wp-includes\/images\/media\/default.png","width":500,"height":400,"sizes":{"thumbnail":"https:\/\/natus.com\/wp-content\/uploads\/Natus-Ultra-Subdermal-Electrodes-Related-Product-Photo-500x400-1.png","thumbnail-width":120,"thumbnail-height":96,"medium":"https:\/\/natus.com\/wp-content\/uploads\/Natus-Ultra-Subdermal-Electrodes-Related-Product-Photo-500x400-1.png","medium-width":500,"medium-height":400,"medium_large":"https:\/\/natus.com\/wp-content\/uploads\/Natus-Ultra-Subdermal-Electrodes-Related-Product-Photo-500x400-1.png","medium_large-width":500,"medium_large-height":400,"large":"https:\/\/natus.com\/wp-content\/uploads\/Natus-Ultra-Subdermal-Electrodes-Related-Product-Photo-500x400-1.png","large-width":500,"large-height":400,"1536x1536":"https:\/\/natus.com\/wp-content\/uploads\/Natus-Ultra-Subdermal-Electrodes-Related-Product-Photo-500x400-1.png","1536x1536-width":500,"1536x1536-height":400,"2048x2048":"https:\/\/natus.com\/wp-content\/uploads\/Natus-Ultra-Subdermal-Electrodes-Related-Product-Photo-500x400-1.png","2048x2048-width":500,"2048x2048-height":400}},"title":"\u00c9lectrodes-aiguilles sous-cutan\u00e9es \u00e0 usage unique Ultra de Natus\u00ae","link":{"type":"post","value":"9526","url":"https:\/\/natus.com\/fr\/neuro\/electrodes-aiguilles-sous-cutanees-a-usage-unique-ultra-de-natus\/","name":"\u00c9lectrodes-aiguilles sous-cutan\u00e9es \u00e0 usage unique Ultra de Natus\u00ae","title":"En Savoir Plus","target":"_blank"}},{"label":"Fournitures EMG","label_background_color":"#154284","image":{"ID":4251,"id":4251,"title":"Dantec DCN EMG Electrodes Related Product Photo - 500x400","filename":"Dantec-DCN-EMG-Electrodes-Related-Product-Photo-500x400-1.png","filesize":52202,"url":"https:\/\/natus.com\/wp-content\/uploads\/Dantec-DCN-EMG-Electrodes-Related-Product-Photo-500x400-1.png","link":"https:\/\/natus.com\/fr\/neuro\/emg\/fournitures-emg\/dantec-dcn-emg-electrodes-related-product-photo-500x400-2\/","alt":"Dantec DCN EMG Electrodes ","author":"2","description":"","caption":"","name":"dantec-dcn-emg-electrodes-related-product-photo-500x400-2","status":"inherit","uploaded_to":12656,"date":"2023-09-14 17:57:57","modified":"2024-07-29 20:33:11","menu_order":0,"mime_type":"image\/png","type":"image","subtype":"png","icon":"https:\/\/natus.com\/wp-includes\/images\/media\/default.png","width":500,"height":400,"sizes":{"thumbnail":"https:\/\/natus.com\/wp-content\/uploads\/Dantec-DCN-EMG-Electrodes-Related-Product-Photo-500x400-1.png","thumbnail-width":120,"thumbnail-height":96,"medium":"https:\/\/natus.com\/wp-content\/uploads\/Dantec-DCN-EMG-Electrodes-Related-Product-Photo-500x400-1.png","medium-width":500,"medium-height":400,"medium_large":"https:\/\/natus.com\/wp-content\/uploads\/Dantec-DCN-EMG-Electrodes-Related-Product-Photo-500x400-1.png","medium_large-width":500,"medium_large-height":400,"large":"https:\/\/natus.com\/wp-content\/uploads\/Dantec-DCN-EMG-Electrodes-Related-Product-Photo-500x400-1.png","large-width":500,"large-height":400,"1536x1536":"https:\/\/natus.com\/wp-content\/uploads\/Dantec-DCN-EMG-Electrodes-Related-Product-Photo-500x400-1.png","1536x1536-width":500,"1536x1536-height":400,"2048x2048":"https:\/\/natus.com\/wp-content\/uploads\/Dantec-DCN-EMG-Electrodes-Related-Product-Photo-500x400-1.png","2048x2048-width":500,"2048x2048-height":400}},"title":"\u00c9lectrodes-aiguilles d\u2019EMG concentriques \u00e0 usage unique DCN de Dantec\u00ae","link":{"type":"post","value":"8597","url":"https:\/\/natus.com\/fr\/neuro\/electrodes-aiguilles-demg-concentriques-a-usage-unique-dcn-de-dantec\/","name":"\u00c9lectrodes-aiguilles d\u2019EMG concentriques \u00e0 usage unique DCN de Dantec\u00ae","title":"En Savoir Plus","target":"_blank"}}]}},{"acf_fc_layout":"contact_form","_acfe_flexible_toggle":"","contact_form_landing":{"module_options":{"":null,"module_id":"contact-neuro","module_class":"","module_background_type":"color","module_background_color":"#f1f1f1","module_background_image":false,"module_background_video":"","activate_custom_padding":false,"padding_top_desktop":"0","padding_top_tablet":"0","padding_top_mobile":"0","padding_bottom_desktop":"0","padding_bottom_tablet":"0","padding_bottom_mobile":"0","activate_custom_margin":false,"margin_top_desktop":"0","margin_top_tablet":"0","margin_top_mobile":"0","margin_bottom_desktop":"0","margin_bottom_tablet":"0","margin_bottom_mobile":"0","disable_on":[],"content_alignment_desktop":"left","content_alignment_tablet":"left","content_alignment_mobile":"left"},"":null,"activate_intro":true,"intro_text":"Contactez votre repr\u00e9sentant Natus","intro_text_color":"#005e63","intro_link":null,"activate_description":true,"description_title":"","description_copy":"Pour plus d'informations sur ce produit ou tout autre produit, veuillez nous envoyer un message \u00e0 l'aide du formulaire ci-dessous.","embed_code":"<script charset=\"utf-8\" type=\"text\/javascript\" src=\"\/\/js.hsforms.net\/forms\/embed\/v2.js\"><\/script>\r\n<script>\r\n  hbspt.forms.create({\r\n    region: \"na1\",\r\n    portalId: \"3002890\",\r\n    formId: \"0f52793d-5376-4e07-bfe5-62ef62c95d16\"\r\n  });\r\n<\/script>"}},{"acf_fc_layout":"simple_content","_acfe_flexible_toggle":"","content_full_width_landing":{"module_options":{"":null,"module_id":"n64f8afcd677a5","module_class":"","module_background_type":"color","module_background_color":"","module_background_image":false,"module_background_video":"","activate_custom_padding":false,"padding_top_desktop":"0","padding_top_tablet":"0","padding_top_mobile":"0","padding_bottom_desktop":"0","padding_bottom_tablet":"0","padding_bottom_mobile":"0","activate_custom_margin":false,"margin_top_desktop":"0","margin_top_tablet":"0","margin_top_mobile":"0","margin_bottom_desktop":"0","margin_bottom_tablet":"0","margin_bottom_mobile":"0","disable_on":[],"content_alignment_desktop":"left","content_alignment_tablet":"left","content_alignment_mobile":"left"},"content":"<p><span style=\"font-size: 11px;\">035244 RevA<\/span><\/p>\n"}}]},"_links":{"self":[{"href":"https:\/\/natus.com\/fr\/wp-json\/wp\/v2\/pages\/9465","targetHints":{"allow":["GET"]}}],"collection":[{"href":"https:\/\/natus.com\/fr\/wp-json\/wp\/v2\/pages"}],"about":[{"href":"https:\/\/natus.com\/fr\/wp-json\/wp\/v2\/types\/page"}],"author":[{"embeddable":true,"href":"https:\/\/natus.com\/fr\/wp-json\/wp\/v2\/users\/3"}],"replies":[{"embeddable":true,"href":"https:\/\/natus.com\/fr\/wp-json\/wp\/v2\/comments?post=9465"}],"version-history":[{"count":6,"href":"https:\/\/natus.com\/fr\/wp-json\/wp\/v2\/pages\/9465\/revisions"}],"predecessor-version":[{"id":20699,"href":"https:\/\/natus.com\/fr\/wp-json\/wp\/v2\/pages\/9465\/revisions\/20699"}],"up":[{"embeddable":true,"href":"https:\/\/natus.com\/fr\/wp-json\/wp\/v2\/pages\/10461"}],"wp:attachment":[{"href":"https:\/\/natus.com\/fr\/wp-json\/wp\/v2\/media?parent=9465"}],"wp:term":[{"taxonomy":"category","embeddable":true,"href":"https:\/\/natus.com\/fr\/wp-json\/wp\/v2\/categories?post=9465"},{"taxonomy":"post_tag","embeddable":true,"href":"https:\/\/natus.com\/fr\/wp-json\/wp\/v2\/tags?post=9465"}],"curies":[{"name":"wp","href":"https:\/\/api.w.org\/{rel}","templated":true}]}}