{"id":9641,"date":"2023-09-08T16:56:39","date_gmt":"2023-09-08T16:56:39","guid":{"rendered":"https:\/\/natus.com\/grass-disposable-deep-cup-eeg-electrodes\/"},"modified":"2024-06-28T20:32:45","modified_gmt":"2024-06-28T20:32:45","slug":"electrodes-deeg-grass-a-cupule-profonde-a-usage-unique","status":"publish","type":"page","link":"https:\/\/natus.com\/fr\/neuro\/electrodes-deeg-grass-a-cupule-profonde-a-usage-unique\/","title":{"rendered":"\u00c9lectrodes d\u2019EEG Grass\u00ae \u00e0 cupule profonde \u00e0 usage unique"},"content":{"rendered":"","protected":false},"excerpt":{"rendered":"","protected":false},"author":3,"featured_media":0,"parent":10461,"menu_order":0,"comment_status":"closed","ping_status":"closed","template":"templates\/page-neuro-solutions-product-landing.php","meta":{"_acf_changed":false,"footnotes":""},"categories":[151,201],"tags":[232],"class_list":["post-9641","page","type-page","status-publish","hentry","category-electroencephalographie-eeg-aeeg-fr","category-fournitures-neurodiagnostic-fr","tag-fournitures-eeg-fr"],"acf":{"content_blocks":[{"acf_fc_layout":"spacer","_acfe_flexible_toggle":"","spacer":{"module_options":{"":null,"module_id":"n6514e8221cc20","module_class":"","module_background_type":"color","module_background_color":"#00aaa7","module_background_image":false,"module_background_video":"","activate_custom_padding":false,"padding_top_desktop":"0","padding_top_tablet":"0","padding_top_mobile":"0","padding_bottom_desktop":"0","padding_bottom_tablet":"0","padding_bottom_mobile":"0","activate_custom_margin":false,"margin_top_desktop":"0","margin_top_tablet":"0","margin_top_mobile":"0","margin_bottom_desktop":"0","margin_bottom_tablet":"0","margin_bottom_mobile":"0","disable_on":[],"content_alignment_desktop":"left","content_alignment_tablet":"left","content_alignment_mobile":"left"},"height":"270"}},{"acf_fc_layout":"intro_with_sticky_image","_acfe_flexible_toggle":"","left_content_right_image_sticky":{"module_options":{"":null,"module_id":"n6514e82224b20","module_class":"","module_background_type":"color","module_background_color":"#f1f1f1","module_background_image":false,"module_background_video":"","activate_custom_padding":false,"padding_top_desktop":"0","padding_top_tablet":"0","padding_top_mobile":"0","padding_bottom_desktop":"0","padding_bottom_tablet":"0","padding_bottom_mobile":"0","activate_custom_margin":false,"margin_top_desktop":"0","margin_top_tablet":"0","margin_top_mobile":"0","margin_bottom_desktop":"0","margin_bottom_tablet":"0","margin_bottom_mobile":"0","disable_on":[],"content_alignment_desktop":"left","content_alignment_tablet":"left","content_alignment_mobile":"left"},"":null,"title":"\u00c9lectrodes d\u2019EEG Grass\u00ae \u00e0 cupule profonde \u00e0 usage unique","subheader":"<p>Les \u00e9lectrodes d\u2019EEG\u00a0Grass \u00e0 cupule profonde \u00e0 usage unique s\u2019inscrivent dans une longue tradition de qualit\u00e9 et d\u2019innovation d\u2019un fabricant d\u2019\u00e9lectrodes d\u2019EEG qui remporte tous les suffrages de confiance de ses clients. Avec son volume sup\u00e9rieur, la cupule contient davantage de p\u00e2te, ce qui permet de prolonger l\u2019enregistrement d\u2019EEG.<\/p>\n<p>&nbsp;<\/p>\n<ul>\n<li>Cupules en Ag\/Ag\/Cl de 10 mm de diam\u00e8tre<\/li>\n<li>Une surface de contact 50\u00a0% plus grande et une profondeur 20\u00a0% plus importante que les mod\u00e8les standard<\/li>\n<li>Faible imp\u00e9dance pour les EEG de routine comme pour le monitorage longue dur\u00e9e<\/li>\n<li>Pas de nettoyage ni d&rsquo;entretien\u00a0; s&#8217;emploie une seule fois avant d&rsquo;\u00eatre mise au rebut<\/li>\n<li>Avec connecteur prot\u00e9g\u00e9 des contacts optimis\u00e9 pour ins\u00e9rer et d\u00e9connecter la t\u00eati\u00e8re ais\u00e9ment<\/li>\n<li>Paquet de 10\u00a0: 10 couleurs de fil conducteur\u00a0: jaune, rouge, orange, bleu, violet, marron, vert, blanc, gris, noir<\/li>\n<li>Paquet de 25\u00a0: 12 couleurs de fil conducteur\u00a0: jaune, rouge, orange, bleu, violet, marron, vert, blanc, gris, noir, bleu clair, rose, plus 1 fil blanc suppl\u00e9mentaire<\/li>\n<li>Portail en ligne pratique &#8211; <a href=\"https:\/\/natus.com\/fr\/magasins-natus-medical\/\">Natus Medical Store<\/a> (disponible sur certains march\u00e9s)<\/li>\n<\/ul>\n<p><span style=\"font-size: 11px;\">Disponible uniquement dans certains pays. Veuillez contacter votre distributeur local pour en savoir plus.<\/span><\/p>\n","icons":[{"icon":{"ID":2225,"id":2225,"title":"icon-feature","filename":"icon-feature.png","filesize":1408,"url":"https:\/\/natus.com\/wp-content\/uploads\/icon-feature.png","link":"https:\/\/natus.com\/fr\/neuro\/electromyographe-portatif-dantec-clavis\/icon-feature-2\/","alt":"star","author":"2","description":"Icon - Star","caption":"","name":"icon-feature-2","status":"inherit","uploaded_to":8326,"date":"2023-09-07 22:27:26","modified":"2024-07-29 21:19:16","menu_order":0,"mime_type":"image\/png","type":"image","subtype":"png","icon":"https:\/\/natus.com\/wp-includes\/images\/media\/default.png","width":43,"height":41,"sizes":{"thumbnail":"https:\/\/natus.com\/wp-content\/uploads\/icon-feature.png","thumbnail-width":43,"thumbnail-height":41,"medium":"https:\/\/natus.com\/wp-content\/uploads\/icon-feature.png","medium-width":43,"medium-height":41,"medium_large":"https:\/\/natus.com\/wp-content\/uploads\/icon-feature.png","medium_large-width":43,"medium_large-height":41,"large":"https:\/\/natus.com\/wp-content\/uploads\/icon-feature.png","large-width":43,"large-height":41,"1536x1536":"https:\/\/natus.com\/wp-content\/uploads\/icon-feature.png","1536x1536-width":43,"1536x1536-height":41,"2048x2048":"https:\/\/natus.com\/wp-content\/uploads\/icon-feature.png","2048x2048-width":43,"2048x2048-height":41}},"icon_description":"Cupule ABS<br \/>\r\nPlaqu\u00e9e <br \/>\r\nAg\/AgCl"},{"icon":{"ID":1941,"id":1941,"title":"icon-flag","filename":"icon-flag.png","filesize":664,"url":"https:\/\/natus.com\/wp-content\/uploads\/icon-flag.png","link":"https:\/\/natus.com\/fr\/neuro\/electromyographe-portatif-dantec-clavis\/icon-flag-2\/","alt":"Icon - Flag","author":"2","description":"","caption":"","name":"icon-flag-2","status":"inherit","uploaded_to":8326,"date":"2023-09-01 19:14:05","modified":"2024-07-29 21:19:56","menu_order":0,"mime_type":"image\/png","type":"image","subtype":"png","icon":"https:\/\/natus.com\/wp-includes\/images\/media\/default.png","width":30,"height":42,"sizes":{"thumbnail":"https:\/\/natus.com\/wp-content\/uploads\/icon-flag.png","thumbnail-width":30,"thumbnail-height":42,"medium":"https:\/\/natus.com\/wp-content\/uploads\/icon-flag.png","medium-width":30,"medium-height":42,"medium_large":"https:\/\/natus.com\/wp-content\/uploads\/icon-flag.png","medium_large-width":30,"medium_large-height":42,"large":"https:\/\/natus.com\/wp-content\/uploads\/icon-flag.png","large-width":30,"large-height":42,"1536x1536":"https:\/\/natus.com\/wp-content\/uploads\/icon-flag.png","1536x1536-width":30,"1536x1536-height":42,"2048x2048":"https:\/\/natus.com\/wp-content\/uploads\/icon-flag.png","2048x2048-width":30,"2048x2048-height":42}},"icon_description":"Pas De <br \/>\r\nContamination"}],"quick_navigation":[{"quick_link":{"type":"url","value":"#contact-neuro","url":"#contact-neuro","name":"#contact-neuro","title":"Contactez Votre Repr\u00e9sentant Natus","target":""}},{"quick_link":{"type":"url","value":"#n64be98eed01eb","url":"#n64be98eed01eb","name":"#n64be98eed01eb","title":"Explorer plus de d\u00e9tails","target":""}}],"description":"","message_label":"Service et Assistance","message_title":"Vous recherchez un service de produit neuro ou une assistance technique ?","message_link":{"type":"post","value":"8358","url":"https:\/\/natus.com\/fr\/assistance\/","name":"Service et Assistance","title":"Service et Assistance Natus","target":""},"right_sticky_image":{"ID":5202,"id":5202,"title":"Grass Disposable Deep Cup Electrodes group_WPI (2)","filename":"Grass-Disposable-Deep-Cup-Electrodes-group_WPI-2.png","filesize":225672,"url":"https:\/\/natus.com\/wp-content\/uploads\/Grass-Disposable-Deep-Cup-Electrodes-group_WPI-2.png","link":"https:\/\/natus.com\/fr\/neuro\/electrodes-deeg-grass-a-cupule-profonde-a-usage-unique\/grass-disposable-deep-cup-electrodes-group_wpi-2-2\/","alt":"Grass Disposable Deep Cup Electrodes ","author":"2","description":"","caption":"","name":"grass-disposable-deep-cup-electrodes-group_wpi-2-2","status":"inherit","uploaded_to":9641,"date":"2023-09-18 19:56:29","modified":"2024-07-26 17:08:35","menu_order":0,"mime_type":"image\/png","type":"image","subtype":"png","icon":"https:\/\/natus.com\/wp-includes\/images\/media\/default.png","width":500,"height":454,"sizes":{"thumbnail":"https:\/\/natus.com\/wp-content\/uploads\/Grass-Disposable-Deep-Cup-Electrodes-group_WPI-2.png","thumbnail-width":106,"thumbnail-height":96,"medium":"https:\/\/natus.com\/wp-content\/uploads\/Grass-Disposable-Deep-Cup-Electrodes-group_WPI-2.png","medium-width":500,"medium-height":454,"medium_large":"https:\/\/natus.com\/wp-content\/uploads\/Grass-Disposable-Deep-Cup-Electrodes-group_WPI-2.png","medium_large-width":500,"medium_large-height":454,"large":"https:\/\/natus.com\/wp-content\/uploads\/Grass-Disposable-Deep-Cup-Electrodes-group_WPI-2.png","large-width":500,"large-height":454,"1536x1536":"https:\/\/natus.com\/wp-content\/uploads\/Grass-Disposable-Deep-Cup-Electrodes-group_WPI-2.png","1536x1536-width":500,"1536x1536-height":454,"2048x2048":"https:\/\/natus.com\/wp-content\/uploads\/Grass-Disposable-Deep-Cup-Electrodes-group_WPI-2.png","2048x2048-width":500,"2048x2048-height":454}}}},{"acf_fc_layout":"product_information","_acfe_flexible_toggle":"","left_accordion_right_image_landing":{"module_options":{"":null,"module_id":"n64be98eed01eb","module_class":"","module_background_type":"color","module_background_color":"","module_background_image":false,"module_background_video":"","activate_custom_padding":false,"padding_top_desktop":"0","padding_top_tablet":"0","padding_top_mobile":"0","padding_bottom_desktop":"0","padding_bottom_tablet":"0","padding_bottom_mobile":"0","activate_custom_margin":false,"margin_top_desktop":"0","margin_top_tablet":"0","margin_top_mobile":"0","margin_bottom_desktop":"0","margin_bottom_tablet":"0","margin_bottom_mobile":"0","disable_on":[],"content_alignment_desktop":"left","content_alignment_tablet":"left","content_alignment_mobile":"left"},"intro":"Information Produit","description":"","accordion":[{"title":"Caract\u00e9ristiques techniques","accordion_content":[{"acf_fc_layout":"full_content","accordion_description":"<p><strong>\u00c9lectrode<\/strong><\/p>\n<ul>\n<li>ABS plastique \u00e0 rev\u00eatement en Ag\/Ag\/Cl<\/li>\n<\/ul>\n<p><strong>Dimensions de la cupule<\/strong><\/p>\n<ul>\n<li><strong>Diam\u00e8tre de la cupule\u00a0:<\/strong>\u00a010 mm<\/li>\n<li><strong>Hauteur de la cupule\u00a0:<\/strong>\u00a03,0 mm<\/li>\n<li><strong>Diam\u00e8tre int\u00e9rieur de la cupule<\/strong>\u00a06,7 mm<\/li>\n<\/ul>\n<p><strong>Fil<\/strong><\/p>\n<ul>\n<li><strong>\u00c2me\u00a0:<\/strong>\u00a0Cuivre plaqu\u00e9 \u00e9tain<\/li>\n<li><strong>Gaine :\u00a0<\/strong>PVC<\/li>\n<\/ul>\n<p><strong>Connecteur femelle de 1,5mm prot\u00e9g\u00e9 des contacts (DIN\u00a042\u00a0802)<\/strong><\/p>\n<ul>\n<li><strong>Connecteur\u00a0:<\/strong>\u00a0Cuivre plaqu\u00e9 \u00e9tain<\/li>\n<li><strong>Isolant\u00a0:<\/strong>\u00a0PVC<\/li>\n<\/ul>\n"}]},{"title":"T\u00e9l\u00e9charger la documentation produit","accordion_content":[{"acf_fc_layout":"full_content","accordion_description":"<p><strong>Grass Disposable Cup EEG Electrode Product Page<\/strong><br \/>\n<a href=\"https:\/\/natus.bynder.com\/m\/b88701062802c793\/original\/Grass-Disposable-Cup-Electrodes-Flyer.pdf\" target=\"_blank\" rel=\"noopener\">Anglais<\/a><br \/>\n<a href=\"https:\/\/natus.bynder.com\/m\/8859cc6bbf1c22ae\/original\/Grass-Disposable-Cup-Electrodes-Flyer.pdf\" target=\"_blank\" rel=\"noopener\">Fran\u00e7ais<\/a><br \/>\n<a href=\"https:\/\/natus.bynder.com\/m\/b6731a54d83ccf8a\/original\/Grass-Disposable-Cup-Electrodes-Flyer.pdf\" target=\"_blank\" rel=\"noopener\">Allemand<\/a><br \/>\n<a href=\"https:\/\/natus.bynder.com\/m\/8643e7b607f2ea5c\/original\/Grass-Disposable-Cup-Electrodes-Flyer.pdf\" target=\"_blank\" rel=\"noopener\">Italien<\/a><br \/>\n<a href=\"https:\/\/natus.bynder.com\/m\/77e28e57a304f17b\/original\/Grass-Disposable-Cup-Electrodes-Flyer.pdf\" target=\"_blank\" rel=\"noopener\">Espagnol<\/a><\/p>\n<p>&nbsp;<\/p>\n<p><strong>Catalogue de fournitures de neurodiagnostic Natus <\/strong><br \/>\n<a href=\"https:\/\/natus.bynder.com\/m\/990029e101bebd22\/original\/Natus-Neurodiagnostic-Supplies-Catalog.pdf\">Anglais<\/a><br \/>\n<a href=\"https:\/\/natus.bynder.com\/m\/158d8472457a8340\/original\/Natus-Neurodiagnostic-Supplies-Catalog.pdf\">Fran\u00e7ais<\/a><br \/>\n<a href=\"https:\/\/natus.bynder.com\/m\/2af7bff78ece1e68\/original\/Natus-Neurodiagnostic-Supplies-Catalog.pdf\">Allemand<\/a><br \/>\n<a href=\"https:\/\/natus.bynder.com\/m\/381843ac1f7e9034\/original\/Natus-Neurodiagnostic-Supplies-Catalog.pdf\">Espagnol<\/a><\/p>\n"}]}],"image_left":{"ID":5161,"id":5161,"title":"EEG_0074_clinical_RETv1-0","filename":"EEG_0074_clinical_RETv1-0.png","filesize":315008,"url":"https:\/\/natus.com\/wp-content\/uploads\/EEG_0074_clinical_RETv1-0.png","link":"https:\/\/natus.com\/fr\/neuro\/electrodes-deeg-a-cupule-genuine-grass-a-usages-multiples\/eeg_0074_clinical_retv1-0-2\/","alt":"Man with electrodes on his scalp","author":"2","description":"","caption":"","name":"eeg_0074_clinical_retv1-0-2","status":"inherit","uploaded_to":9542,"date":"2023-09-18 19:22:21","modified":"2024-07-26 17:09:09","menu_order":0,"mime_type":"image\/png","type":"image","subtype":"png","icon":"https:\/\/natus.com\/wp-includes\/images\/media\/default.png","width":525,"height":350,"sizes":{"thumbnail":"https:\/\/natus.com\/wp-content\/uploads\/EEG_0074_clinical_RETv1-0.png","thumbnail-width":128,"thumbnail-height":85,"medium":"https:\/\/natus.com\/wp-content\/uploads\/EEG_0074_clinical_RETv1-0.png","medium-width":525,"medium-height":350,"medium_large":"https:\/\/natus.com\/wp-content\/uploads\/EEG_0074_clinical_RETv1-0.png","medium_large-width":525,"medium_large-height":350,"large":"https:\/\/natus.com\/wp-content\/uploads\/EEG_0074_clinical_RETv1-0.png","large-width":525,"large-height":350,"1536x1536":"https:\/\/natus.com\/wp-content\/uploads\/EEG_0074_clinical_RETv1-0.png","1536x1536-width":525,"1536x1536-height":350,"2048x2048":"https:\/\/natus.com\/wp-content\/uploads\/EEG_0074_clinical_RETv1-0.png","2048x2048-width":525,"2048x2048-height":350}}}},{"acf_fc_layout":"related_products","_acfe_flexible_toggle":"","tiles_3_columns_landing":{"module_options":{"":null,"module_id":"n6514e82235e03","module_class":"","module_background_type":"color","module_background_color":"","module_background_image":false,"module_background_video":"","activate_custom_padding":false,"padding_top_desktop":"0","padding_top_tablet":"0","padding_top_mobile":"0","padding_bottom_desktop":"0","padding_bottom_tablet":"0","padding_bottom_mobile":"0","activate_custom_margin":false,"margin_top_desktop":"0","margin_top_tablet":"0","margin_top_mobile":"0","margin_bottom_desktop":"0","margin_bottom_tablet":"0","margin_bottom_mobile":"0","disable_on":[],"content_alignment_desktop":"left","content_alignment_tablet":"left","content_alignment_mobile":"left"},"intro_text":"Produits Neuro Connexes","intro_text_color":"#005e63","intro_link":{"type":"post","value":"8330","url":"https:\/\/natus.com\/fr\/produits-neuro\/","name":"Produits Neuro","title":"Voir Tous les Produits Neuro","target":""},"tiles":[{"label":"Fournitures d\u2019EEG","label_background_color":"#154284","image":{"ID":4801,"id":4801,"title":"Grass Reuseable Stamped Electrodes Related Product Photo - 500x400","filename":"Grass-Reuseable-Stamped-Electrodes-Related-Product-Photo-500x400-1.png","filesize":163212,"url":"https:\/\/natus.com\/wp-content\/uploads\/Grass-Reuseable-Stamped-Electrodes-Related-Product-Photo-500x400-1.png","link":"https:\/\/natus.com\/fr\/neuro\/eeg-aeeg\/fournitures-eeg\/grass-reuseable-stamped-electrodes-related-product-photo-500x400-2\/","alt":"Grass Reusable Stamped Electrodes","author":"2","description":"","caption":"","name":"grass-reuseable-stamped-electrodes-related-product-photo-500x400-2","status":"inherit","uploaded_to":12642,"date":"2023-09-15 19:30:08","modified":"2024-07-26 19:13:55","menu_order":0,"mime_type":"image\/png","type":"image","subtype":"png","icon":"https:\/\/natus.com\/wp-includes\/images\/media\/default.png","width":500,"height":400,"sizes":{"thumbnail":"https:\/\/natus.com\/wp-content\/uploads\/Grass-Reuseable-Stamped-Electrodes-Related-Product-Photo-500x400-1.png","thumbnail-width":120,"thumbnail-height":96,"medium":"https:\/\/natus.com\/wp-content\/uploads\/Grass-Reuseable-Stamped-Electrodes-Related-Product-Photo-500x400-1.png","medium-width":500,"medium-height":400,"medium_large":"https:\/\/natus.com\/wp-content\/uploads\/Grass-Reuseable-Stamped-Electrodes-Related-Product-Photo-500x400-1.png","medium_large-width":500,"medium_large-height":400,"large":"https:\/\/natus.com\/wp-content\/uploads\/Grass-Reuseable-Stamped-Electrodes-Related-Product-Photo-500x400-1.png","large-width":500,"large-height":400,"1536x1536":"https:\/\/natus.com\/wp-content\/uploads\/Grass-Reuseable-Stamped-Electrodes-Related-Product-Photo-500x400-1.png","1536x1536-width":500,"1536x1536-height":400,"2048x2048":"https:\/\/natus.com\/wp-content\/uploads\/Grass-Reuseable-Stamped-Electrodes-Related-Product-Photo-500x400-1.png","2048x2048-width":500,"2048x2048-height":400}},"title":"\u00c9lectrodes d\u2019EEG Grass\u00ae \u00e0 cupule emboutie \u00e0 usages multiples","link":{"type":"post","value":"9653","url":"https:\/\/natus.com\/fr\/neuro\/electrodes-deeg-grass-a-cupule-emboutie-a-usages-multiples\/","name":"\u00c9lectrodes d\u2019EEG Grass\u00ae \u00e0 cupule emboutie \u00e0 usages multiples","title":"En Savoir Plus","target":"_blank"}},{"label":"Fournitures d\u2019EEG","label_background_color":"#154284","image":{"ID":4776,"id":4776,"title":"Grass Standard Cup EEG Electrodes Related Product Photo -500x400","filename":"Grass-Disposable-Standard-Cup-EEG-Electrodes-Related-Product-Photo-500x400-1.png","filesize":221785,"url":"https:\/\/natus.com\/wp-content\/uploads\/Grass-Disposable-Standard-Cup-EEG-Electrodes-Related-Product-Photo-500x400-1.png","link":"https:\/\/natus.com\/fr\/neuro\/eeg-aeeg\/fournitures-eeg\/grass-standard-cup-eeg-electrodes-related-product-photo-500x400-2\/","alt":"Grass Disposable Standard Cup EEG Electrodes","author":"2","description":"","caption":"","name":"grass-standard-cup-eeg-electrodes-related-product-photo-500x400-2","status":"inherit","uploaded_to":12642,"date":"2023-09-15 18:42:55","modified":"2024-07-26 19:14:59","menu_order":0,"mime_type":"image\/png","type":"image","subtype":"png","icon":"https:\/\/natus.com\/wp-includes\/images\/media\/default.png","width":500,"height":400,"sizes":{"thumbnail":"https:\/\/natus.com\/wp-content\/uploads\/Grass-Disposable-Standard-Cup-EEG-Electrodes-Related-Product-Photo-500x400-1.png","thumbnail-width":120,"thumbnail-height":96,"medium":"https:\/\/natus.com\/wp-content\/uploads\/Grass-Disposable-Standard-Cup-EEG-Electrodes-Related-Product-Photo-500x400-1.png","medium-width":500,"medium-height":400,"medium_large":"https:\/\/natus.com\/wp-content\/uploads\/Grass-Disposable-Standard-Cup-EEG-Electrodes-Related-Product-Photo-500x400-1.png","medium_large-width":500,"medium_large-height":400,"large":"https:\/\/natus.com\/wp-content\/uploads\/Grass-Disposable-Standard-Cup-EEG-Electrodes-Related-Product-Photo-500x400-1.png","large-width":500,"large-height":400,"1536x1536":"https:\/\/natus.com\/wp-content\/uploads\/Grass-Disposable-Standard-Cup-EEG-Electrodes-Related-Product-Photo-500x400-1.png","1536x1536-width":500,"1536x1536-height":400,"2048x2048":"https:\/\/natus.com\/wp-content\/uploads\/Grass-Disposable-Standard-Cup-EEG-Electrodes-Related-Product-Photo-500x400-1.png","2048x2048-width":500,"2048x2048-height":400}},"title":"\u00c9lectrodes d\u2019EEG Grass\u00ae \u00e0 cupule \u00e0 usage unique","link":{"type":"post","value":"9584","url":"https:\/\/natus.com\/fr\/neuro\/electrodes-deeg-grass-a-cupule-a-usage-unique\/","name":"\u00c9lectrodes d\u2019EEG Grass\u00ae \u00e0 cupule \u00e0 usage unique","title":"En Savoir Plus","target":"_blank"}},{"label":"Fournitures d\u2019EEG","label_background_color":"#154284","image":{"ID":4837,"id":4837,"title":"Grass Reusable Cup EEG Electrodes Related Product Photo - 500x400","filename":"Grass-Reusable-Cup-EEG-Electrodes-Related-Product-Photo-500x400-1.png","filesize":153118,"url":"https:\/\/natus.com\/wp-content\/uploads\/Grass-Reusable-Cup-EEG-Electrodes-Related-Product-Photo-500x400-1.png","link":"https:\/\/natus.com\/fr\/neuro\/eeg-aeeg\/fournitures-eeg\/grass-reusable-cup-eeg-electrodes-related-product-photo-500x400-2\/","alt":"Grass Reusable Cup EEG Electrodes","author":"2","description":"","caption":"","name":"grass-reusable-cup-eeg-electrodes-related-product-photo-500x400-2","status":"inherit","uploaded_to":12642,"date":"2023-09-15 19:32:46","modified":"2024-07-26 19:12:35","menu_order":0,"mime_type":"image\/png","type":"image","subtype":"png","icon":"https:\/\/natus.com\/wp-includes\/images\/media\/default.png","width":500,"height":400,"sizes":{"thumbnail":"https:\/\/natus.com\/wp-content\/uploads\/Grass-Reusable-Cup-EEG-Electrodes-Related-Product-Photo-500x400-1.png","thumbnail-width":120,"thumbnail-height":96,"medium":"https:\/\/natus.com\/wp-content\/uploads\/Grass-Reusable-Cup-EEG-Electrodes-Related-Product-Photo-500x400-1.png","medium-width":500,"medium-height":400,"medium_large":"https:\/\/natus.com\/wp-content\/uploads\/Grass-Reusable-Cup-EEG-Electrodes-Related-Product-Photo-500x400-1.png","medium_large-width":500,"medium_large-height":400,"large":"https:\/\/natus.com\/wp-content\/uploads\/Grass-Reusable-Cup-EEG-Electrodes-Related-Product-Photo-500x400-1.png","large-width":500,"large-height":400,"1536x1536":"https:\/\/natus.com\/wp-content\/uploads\/Grass-Reusable-Cup-EEG-Electrodes-Related-Product-Photo-500x400-1.png","1536x1536-width":500,"1536x1536-height":400,"2048x2048":"https:\/\/natus.com\/wp-content\/uploads\/Grass-Reusable-Cup-EEG-Electrodes-Related-Product-Photo-500x400-1.png","2048x2048-width":500,"2048x2048-height":400}},"title":"\u00c9lectrodes d\u2019EEG \u00e0 cupule Genuine Grass\u00ae \u00e0 usages multiples ","link":{"type":"post","value":"9542","url":"https:\/\/natus.com\/fr\/neuro\/electrodes-deeg-a-cupule-genuine-grass-a-usages-multiples\/","name":"\u00c9lectrodes d\u2019EEG \u00e0 cupule Genuine Grass\u00ae \u00e0 usages multiples","title":"En Savoir Plus","target":"_blank"}}]}},{"acf_fc_layout":"contact_form","_acfe_flexible_toggle":"","contact_form_landing":{"module_options":{"":null,"module_id":"contact-neuro","module_class":"","module_background_type":"color","module_background_color":"#f1f1f1","module_background_image":false,"module_background_video":"","activate_custom_padding":false,"padding_top_desktop":"0","padding_top_tablet":"0","padding_top_mobile":"0","padding_bottom_desktop":"0","padding_bottom_tablet":"0","padding_bottom_mobile":"0","activate_custom_margin":false,"margin_top_desktop":"0","margin_top_tablet":"0","margin_top_mobile":"0","margin_bottom_desktop":"0","margin_bottom_tablet":"0","margin_bottom_mobile":"0","disable_on":[],"content_alignment_desktop":"left","content_alignment_tablet":"left","content_alignment_mobile":"left"},"":null,"activate_intro":true,"intro_text":"Contactez votre repr\u00e9sentant Natus","intro_text_color":"#005e63","intro_link":null,"activate_description":true,"description_title":"","description_copy":"Pour plus d'informations sur ce produit ou tout autre produit, veuillez nous envoyer un message \u00e0 l'aide du formulaire ci-dessous.","embed_code":"<script charset=\"utf-8\" type=\"text\/javascript\" src=\"\/\/js.hsforms.net\/forms\/embed\/v2.js\"><\/script>\r\n<script>\r\n  hbspt.forms.create({\r\n    region: \"na1\",\r\n    portalId: \"3002890\",\r\n    formId: \"0f52793d-5376-4e07-bfe5-62ef62c95d16\"\r\n  });\r\n<\/script>"}},{"acf_fc_layout":"simple_content","_acfe_flexible_toggle":"","content_full_width_landing":{"module_options":{"":null,"module_id":"n6514e82244dff","module_class":"","module_background_type":"color","module_background_color":"","module_background_image":false,"module_background_video":"","activate_custom_padding":false,"padding_top_desktop":"0","padding_top_tablet":"0","padding_top_mobile":"0","padding_bottom_desktop":"0","padding_bottom_tablet":"0","padding_bottom_mobile":"0","activate_custom_margin":false,"margin_top_desktop":"0","margin_top_tablet":"0","margin_top_mobile":"0","margin_bottom_desktop":"0","margin_bottom_tablet":"0","margin_bottom_mobile":"0","disable_on":[],"content_alignment_desktop":"left","content_alignment_tablet":"left","content_alignment_mobile":"left"},"content":"<p><span style=\"font-size: 11px;\">035238 RevA<\/span><\/p>\n"}}]},"_links":{"self":[{"href":"https:\/\/natus.com\/fr\/wp-json\/wp\/v2\/pages\/9641","targetHints":{"allow":["GET"]}}],"collection":[{"href":"https:\/\/natus.com\/fr\/wp-json\/wp\/v2\/pages"}],"about":[{"href":"https:\/\/natus.com\/fr\/wp-json\/wp\/v2\/types\/page"}],"author":[{"embeddable":true,"href":"https:\/\/natus.com\/fr\/wp-json\/wp\/v2\/users\/3"}],"replies":[{"embeddable":true,"href":"https:\/\/natus.com\/fr\/wp-json\/wp\/v2\/comments?post=9641"}],"version-history":[{"count":3,"href":"https:\/\/natus.com\/fr\/wp-json\/wp\/v2\/pages\/9641\/revisions"}],"predecessor-version":[{"id":20617,"href":"https:\/\/natus.com\/fr\/wp-json\/wp\/v2\/pages\/9641\/revisions\/20617"}],"up":[{"embeddable":true,"href":"https:\/\/natus.com\/fr\/wp-json\/wp\/v2\/pages\/10461"}],"wp:attachment":[{"href":"https:\/\/natus.com\/fr\/wp-json\/wp\/v2\/media?parent=9641"}],"wp:term":[{"taxonomy":"category","embeddable":true,"href":"https:\/\/natus.com\/fr\/wp-json\/wp\/v2\/categories?post=9641"},{"taxonomy":"post_tag","embeddable":true,"href":"https:\/\/natus.com\/fr\/wp-json\/wp\/v2\/tags?post=9641"}],"curies":[{"name":"wp","href":"https:\/\/api.w.org\/{rel}","templated":true}]}}