{"id":9725,"date":"2023-09-08T17:40:41","date_gmt":"2023-09-08T17:40:41","guid":{"rendered":"https:\/\/natus.com\/natus-quantum-ar-amplifier\/"},"modified":"2025-12-02T17:57:45","modified_gmt":"2025-12-02T17:57:45","slug":"amplificateur-natus-quantum-ar","status":"publish","type":"page","link":"https:\/\/natus.com\/fr\/neuro\/amplificateur-natus-quantum-ar\/","title":{"rendered":"Amplificateur Natus\u00ae Quantum\u2122 AR pour la recherche animale"},"content":{"rendered":"","protected":false},"excerpt":{"rendered":"","protected":false},"author":2,"featured_media":0,"parent":10461,"menu_order":0,"comment_status":"closed","ping_status":"closed","template":"templates\/page-neuro-solutions-product-landing.php","meta":{"_acf_changed":false,"footnotes":""},"categories":[151],"tags":[218],"class_list":["post-9725","page","type-page","status-publish","hentry","category-electroencephalographie-eeg-aeeg-fr","tag-eeg-animale-fr"],"acf":{"content_blocks":[{"acf_fc_layout":"spacer","_acfe_flexible_layout_title":null,"_acfe_flexible_toggle":null,"spacer":{"module_options":{"":null,"module_id":"n64babb6de86c1","module_class":"","module_background_type":"color","module_background_color":"#00aaa7","module_background_image":false,"module_background_video":"","activate_custom_padding":false,"padding_top_desktop":"0","padding_top_tablet":"0","padding_top_mobile":"0","padding_bottom_desktop":"0","padding_bottom_tablet":"0","padding_bottom_mobile":"0","activate_custom_margin":false,"margin_top_desktop":"0","margin_top_tablet":"0","margin_top_mobile":"0","margin_bottom_desktop":"0","margin_bottom_tablet":"0","margin_bottom_mobile":"0","disable_on":[],"content_alignment_desktop":"left","content_alignment_tablet":"left","content_alignment_mobile":"left"},"height":"270"}},{"acf_fc_layout":"intro_with_sticky_image","_acfe_flexible_layout_title":null,"_acfe_flexible_toggle":null,"left_content_right_image_sticky":{"module_options":{"":null,"module_id":"n64bfe3c147dc3","module_class":"","module_background_type":"color","module_background_color":"#f1f1f1","module_background_image":false,"module_background_video":"","activate_custom_padding":false,"padding_top_desktop":"0","padding_top_tablet":"0","padding_top_mobile":"0","padding_bottom_desktop":"0","padding_bottom_tablet":"0","padding_bottom_mobile":"0","activate_custom_margin":false,"margin_top_desktop":"0","margin_top_tablet":"0","margin_top_mobile":"0","margin_bottom_desktop":"0","margin_bottom_tablet":"0","margin_bottom_mobile":"0","disable_on":[],"content_alignment_desktop":"left","content_alignment_tablet":"left","content_alignment_mobile":"left"},"":null,"title":"Amplificateur Natus<sup>\u00ae<\/sup> Quantum<sup>\u2122<\/sup> AR pour la recherche animale","subheader":"<p>L\u2019amplificateur Natus\u00a0Quantum\u00a0AR est con\u00e7u sp\u00e9cifiquement pour la recherche animale, avec 7 r\u00e9f\u00e9rences ind\u00e9pendantes pour am\u00e9liorer la flexibilit\u00e9 et la pr\u00e9cision des donn\u00e9es collect\u00e9es.<\/p>\n<p><span style=\"font-size: 12px;\"><br \/>\nDisponible uniquement dans certains pays. Veuillez contacter votre distributeur local pour en savoir plus.<\/span><\/p>\n<p>&nbsp;<\/p>\n","icons":[{"icon":{"ID":2225,"id":2225,"title":"icon-feature","filename":"icon-feature.png","filesize":1408,"url":"https:\/\/natus.com\/wp-content\/uploads\/icon-feature.png","link":"https:\/\/natus.com\/fr\/neuro\/electromyographe-portatif-dantec-clavis\/icon-feature-2\/","alt":"star","author":"2","description":"Icon - Star","caption":"","name":"icon-feature-2","status":"inherit","uploaded_to":8326,"date":"2023-09-07 22:27:26","modified":"2024-07-29 21:19:16","menu_order":0,"mime_type":"image\/png","type":"image","subtype":"png","icon":"https:\/\/natus.com\/wp-includes\/images\/media\/default.png","width":43,"height":41,"sizes":{"thumbnail":"https:\/\/natus.com\/wp-content\/uploads\/icon-feature.png","thumbnail-width":43,"thumbnail-height":41,"medium":"https:\/\/natus.com\/wp-content\/uploads\/icon-feature.png","medium-width":43,"medium-height":41,"medium_large":"https:\/\/natus.com\/wp-content\/uploads\/icon-feature.png","medium_large-width":43,"medium_large-height":41,"large":"https:\/\/natus.com\/wp-content\/uploads\/icon-feature.png","large-width":43,"large-height":41,"1536x1536":"https:\/\/natus.com\/wp-content\/uploads\/icon-feature.png","1536x1536-width":43,"1536x1536-height":41,"2048x2048":"https:\/\/natus.com\/wp-content\/uploads\/icon-feature.png","2048x2048-width":43,"2048x2048-height":41}},"icon_description":"Vid\u00e9o<br \/>\r\nHD"},{"icon":{"ID":2249,"id":2249,"title":"icon-rate","filename":"icon-rate.png","filesize":2246,"url":"https:\/\/natus.com\/wp-content\/uploads\/icon-rate.png","link":"https:\/\/natus.com\/fr\/neuro\/icon-rate-2\/","alt":"Icon - Rate","author":"2","description":"","caption":"","name":"icon-rate-2","status":"inherit","uploaded_to":10461,"date":"2023-09-07 23:19:56","modified":"2024-07-29 21:18:51","menu_order":0,"mime_type":"image\/png","type":"image","subtype":"png","icon":"https:\/\/natus.com\/wp-includes\/images\/media\/default.png","width":61,"height":46,"sizes":{"thumbnail":"https:\/\/natus.com\/wp-content\/uploads\/icon-rate.png","thumbnail-width":61,"thumbnail-height":46,"medium":"https:\/\/natus.com\/wp-content\/uploads\/icon-rate.png","medium-width":61,"medium-height":46,"medium_large":"https:\/\/natus.com\/wp-content\/uploads\/icon-rate.png","medium_large-width":61,"medium_large-height":46,"large":"https:\/\/natus.com\/wp-content\/uploads\/icon-rate.png","large-width":61,"large-height":46,"1536x1536":"https:\/\/natus.com\/wp-content\/uploads\/icon-rate.png","1536x1536-width":61,"1536x1536-height":46,"2048x2048":"https:\/\/natus.com\/wp-content\/uploads\/icon-rate.png","2048x2048-width":61,"2048x2048-height":46}},"icon_description":"Taux<br \/>\r\nD'\u00e9chantillonnage<br \/>\r\nDe 16 Khz"},{"icon":{"ID":2244,"id":2244,"title":"icon-channels","filename":"icon-channels.png","filesize":1062,"url":"https:\/\/natus.com\/wp-content\/uploads\/icon-channels.png","link":"https:\/\/natus.com\/fr\/neuro\/icon-channels-2\/","alt":"Icon - Channels","author":"2","description":"","caption":"","name":"icon-channels-2","status":"inherit","uploaded_to":10461,"date":"2023-09-07 23:18:48","modified":"2024-07-29 21:18:55","menu_order":0,"mime_type":"image\/png","type":"image","subtype":"png","icon":"https:\/\/natus.com\/wp-includes\/images\/media\/default.png","width":58,"height":43,"sizes":{"thumbnail":"https:\/\/natus.com\/wp-content\/uploads\/icon-channels.png","thumbnail-width":58,"thumbnail-height":43,"medium":"https:\/\/natus.com\/wp-content\/uploads\/icon-channels.png","medium-width":58,"medium-height":43,"medium_large":"https:\/\/natus.com\/wp-content\/uploads\/icon-channels.png","medium_large-width":58,"medium_large-height":43,"large":"https:\/\/natus.com\/wp-content\/uploads\/icon-channels.png","large-width":58,"large-height":43,"1536x1536":"https:\/\/natus.com\/wp-content\/uploads\/icon-channels.png","1536x1536-width":58,"1536x1536-height":43,"2048x2048":"https:\/\/natus.com\/wp-content\/uploads\/icon-channels.png","2048x2048-width":58,"2048x2048-height":43}},"icon_description":"64 Canaux<br \/>\r\n+ 16 Cc"}],"quick_navigation":[{"quick_link":{"type":"url","value":"#contact-neuro","url":"#contact-neuro","name":"#contact-neuro","title":"Contactez Votre Repr\u00e9sentant Natus","target":""}},{"quick_link":{"type":"url","value":"#n64be98eed01eb","url":"#n64be98eed01eb","name":"#n64be98eed01eb","title":"Explorer plus de d\u00e9tails","target":""}}],"description":"<p>Il comporte des fonctionnalit\u00e9s de qualit\u00e9 sup\u00e9rieure, comme la vid\u00e9o HD avec zoom num\u00e9rique, des taux d\u2019\u00e9chantillonnage allant jusqu\u2019\u00e0 16 kHz, une d\u00e9tection des pics et des convulsions, le tout pilot\u00e9 par le logiciel intuitif\u00a0<a title=\"Logiciel d\u2019EEG Natus\u00ae NeuroWorks\u00ae \" href=\"https:\/\/natus.com\/neuro\/neuroworks-eeg-software\/\" data-entity-substitution=\"canonical\" data-entity-type=\"node\" data-entity-uuid=\"e22da8f4-4c74-476a-89af-747a983439a2\">NeuroWorks<sup>\u00ae<\/sup><\/a>. Ce syst\u00e8me peut s\u2019int\u00e9grer \u00e0 des logiciels d\u2019analyse tiers\u00a0; un acc\u00e8s direct aux donn\u00e9es s\u2019obtient sans peine gr\u00e2ce au kit du d\u00e9veloppeur.<\/p>\n<p><strong>Caract\u00e9ristiques principales\u00a0:<\/strong><\/p>\n<ul>\n<li><span style=\"font-size: 15px;\">64 canaux r\u00e9f\u00e9rentiels\u00a0; 16 CC<\/span><\/li>\n<li><span style=\"font-size: 15px;\">7 r\u00e9f\u00e9rences ind\u00e9pendantes<\/span><\/li>\n<li><span style=\"font-size: 15px;\">Une fr\u00e9quence d\u2019\u00e9chantillonnage allant jusqu\u2019\u00e0 16\u00a0kHz avec une bande passante de 0,01\u00a0Hz\u00a0\u00e0 4\u00a0kHz.<\/span><\/li>\n<li><span style=\"font-size: 15px;\">La vid\u00e9o haute d\u00e9finition permet aux chercheurs d\u2019installer une seule cam\u00e9ra pour plusieurs sujets qui peut zoomer sur chacun des sujets.<\/span><\/li>\n<li><span style=\"font-size: 15px;\">Kit du d\u00e9veloppeur pour acc\u00e9der directement aux donn\u00e9es<\/span><\/li>\n<li><span style=\"font-size: 15px;\">Logiciel d\u2019analyse tiers<\/span><\/li>\n<li><span style=\"font-size: 15px;\">Importation et exportation EDF\/EDF+.<\/span><\/li>\n<li><span style=\"font-size: 15px;\">Possibilit\u00e9 d\u2019enregistrement vid\u00e9o \u00e0 partir de plusieurs cam\u00e9ras<\/span><\/li>\n<li><span style=\"font-size: 15px;\">Trigger externe 8 bit pour synchroniser les \u00e9v\u00e9nements externes<\/span><\/li>\n<\/ul>\n","message_label":"Service et Assistance","message_title":"Vous recherchez un service de produit neuro ou une assistance technique ?","message_link":{"type":"post","value":"8358","url":"https:\/\/natus.com\/fr\/assistance\/","name":"Service et Assistance","title":"Service et Assistance Natus","target":""},"right_sticky_image":{"ID":5042,"id":5042,"title":"Quantum AR Main Product Photo - 500x850","filename":"Quantum-AR_Main-Image.png","filesize":270371,"url":"https:\/\/natus.com\/wp-content\/uploads\/Quantum-AR_Main-Image.png","link":"https:\/\/natus.com\/fr\/neuro\/amplificateur-natus-quantum-ar\/quantum-ar-main-product-photo-500x850-2\/","alt":"Natus\u00ae Quantum\u00ae AR Amplifier for Animal Research","author":"2","description":"","caption":"","name":"quantum-ar-main-product-photo-500x850-2","status":"inherit","uploaded_to":9725,"date":"2023-09-18 15:49:28","modified":"2024-07-26 18:48:58","menu_order":0,"mime_type":"image\/png","type":"image","subtype":"png","icon":"https:\/\/natus.com\/wp-includes\/images\/media\/default.png","width":500,"height":850,"sizes":{"thumbnail":"https:\/\/natus.com\/wp-content\/uploads\/Quantum-AR_Main-Image.png","thumbnail-width":56,"thumbnail-height":96,"medium":"https:\/\/natus.com\/wp-content\/uploads\/Quantum-AR_Main-Image.png","medium-width":500,"medium-height":850,"medium_large":"https:\/\/natus.com\/wp-content\/uploads\/Quantum-AR_Main-Image.png","medium_large-width":500,"medium_large-height":850,"large":"https:\/\/natus.com\/wp-content\/uploads\/Quantum-AR_Main-Image.png","large-width":500,"large-height":850,"1536x1536":"https:\/\/natus.com\/wp-content\/uploads\/Quantum-AR_Main-Image.png","1536x1536-width":500,"1536x1536-height":850,"2048x2048":"https:\/\/natus.com\/wp-content\/uploads\/Quantum-AR_Main-Image.png","2048x2048-width":500,"2048x2048-height":850}}}},{"acf_fc_layout":"product_information","_acfe_flexible_layout_title":null,"_acfe_flexible_toggle":null,"left_accordion_right_image_landing":{"module_options":{"":null,"module_id":"n64be98eed01eb","module_class":"","module_background_type":"color","module_background_color":"#f1f1f1","module_background_image":false,"module_background_video":"","activate_custom_padding":false,"padding_top_desktop":"0","padding_top_tablet":"0","padding_top_mobile":"0","padding_bottom_desktop":"0","padding_bottom_tablet":"0","padding_bottom_mobile":"0","activate_custom_margin":false,"margin_top_desktop":"0","margin_top_tablet":"0","margin_top_mobile":"0","margin_bottom_desktop":"0","margin_bottom_tablet":"0","margin_bottom_mobile":"0","disable_on":[],"content_alignment_desktop":"left","content_alignment_tablet":"left","content_alignment_mobile":"left"},"intro":"Information Produit","description":"","accordion":[{"title":"Logiciels","accordion_content":[{"acf_fc_layout":"full_content","accordion_description":"<p>La\u00a0<a title=\"Logiciel d\u2019EEG Natus\u00ae NeuroWorks\u00ae \" href=\"https:\/\/natus.com\/fr-fr\/produits-et-services\/logiciel-d%E2%80%99EEG-natus-neuroworks\" data-entity-substitution=\"canonical\" data-entity-type=\"node\" data-entity-uuid=\"e22da8f4-4c74-476a-89af-747a983439a2\">plateforme NeuroWorks<sup>\u00ae<\/sup>\u00a0de Natus<\/a>\u00a0permet une gestion fluide des sujets et des \u00e9tudes avec une acquisition des donn\u00e9es et des fonctions d\u2019analyse fiables et flexibles. Ces caract\u00e9ristiques constituent les fondements d\u2019une solution s\u00fbre qui simplifie la recherche en EEG.<\/p>\n<ul>\n<li>Compatibilit\u00e9 avec Windows<sup>\u00ae<\/sup>\u00a010.<\/li>\n<li>Fonctionnalit\u00e9s de s\u00e9curit\u00e9 avanc\u00e9es<\/li>\n<li>Puissante capacit\u00e9 de d\u00e9tection des tendances EEGq<\/li>\n<li>Multiples options d&rsquo;analyse des pics et \u00e9v\u00e8nements.<\/li>\n<li>Vid\u00e9o HD enti\u00e8rement synchronis\u00e9e<\/li>\n<li>Acc\u00e8s a distance et modulable avec technologie Citrix<\/li>\n<\/ul>\n"}]},{"title":"Sp\u00e9cifications Physiques","accordion_content":[{"acf_fc_layout":"full_content","accordion_description":"<p><strong>Dimensions\u00a0:\u00a0<\/strong>(HxLxP)<\/p>\n<ul>\n<li><strong>Unit\u00e9 principale\u00a0:<\/strong>\u00a029,2 cm x 26.6 cm x 5,2 cm (11,5\u00a0po x 10,5 po x 2,0 po)<\/li>\n<li><strong>Contr\u00f4leur d\u2019interface\u00a0:<\/strong>\u00a023,7 cm x 13.3 cm x 5.4 cm (9,3\u00a0po x 5,25\u00a0po x 2,1\u00a0po)<\/li>\n<\/ul>\n<p><strong>Poids\u00a0:<\/strong><\/p>\n<ul>\n<li><strong>Unit\u00e9 principale\u00a0:\u00a0\u00a0<\/strong>2,14\u00a0kg (4,7 lb)<\/li>\n<li><strong>Contr\u00f4leur d\u2019interface\u00a0:<\/strong>\u00a01,1 lb (0,48 kg)<\/li>\n<\/ul>\n"}]},{"title":"T\u00e9l\u00e9charger la Documentation Produit","accordion_content":[{"acf_fc_layout":"full_content","accordion_description":"<p><strong>Page produit de l\u2019amplificateur Natus\u00a0Quantum\u00a0AR pour la recherche animale<\/strong><\/p>\n<p><a href=\"https:\/\/natus.bynder.com\/m\/634633610c7b35d0\/original\/Natus-Quantum-AR-Amplifier-Flyer.pdf\" target=\"_blank\" rel=\"noopener\">Anglais<\/a><\/p>\n"}]},{"title":"Fournitures","accordion_content":[{"acf_fc_layout":"full_content","accordion_description":"<p>Natus Neuro offre une gamme compl\u00e8te de fournitures qui r\u00e9pondra \u00e0 tous vos enregistrement besoins en EEG.<\/p>\n<p><img loading=\"lazy\" decoding=\"async\" class=\"alignleft size-full wp-image-3991\" src=\"https:\/\/natus.com\/wp-content\/uploads\/EEG-Supplies_500w.png\" alt=\"\" width=\"500\" height=\"293\" \/><\/p>\n<ul>\n<li>\u00c9lectrodes d&rsquo;EEG Genuine Grass<sup>\u00ae\u00a0<\/sup>\u00e0 cupule et r\u00e9utilisables<\/li>\n<li>\u00c9lectrodes EEG Grass \u00e0 cupule marqu\u00e9es et r\u00e9utilisables<\/li>\n<li>\u00c9lectrodes EGG Grass \u00e0 cupule profonde et \u00e0 usage unique<\/li>\n<li>\u00c9lectrodes-aiguilles sous-cutan\u00e9es r\u00e9utilisables Genuine Grass<sup>\u00ae<\/sup>\u00a0en platine*<\/li>\n<li>\u00c9lectrodes-aiguilles sous-cutan\u00e9es jetables Ultra&amp; Classic de Natus<sup>\u00ae<\/sup><\/li>\n<li>Produits d&rsquo;application des \u00e9lectrodes<\/li>\n<li>Portail en ligne pratique &#8211; <a href=\"https:\/\/natus.com\/fr\/magasins-natus-medical\/\">Natus Medical Store<\/a> (disponible sur certains march\u00e9s)<\/li>\n<\/ul>\n"}]}],"image_left":false}},{"acf_fc_layout":"related_products","_acfe_flexible_layout_title":null,"_acfe_flexible_toggle":null,"tiles_3_columns_landing":{"module_options":{"":null,"module_id":"n64bf9a7609a1f","module_class":"","module_background_type":"color","module_background_color":"#f1f1f1","module_background_image":false,"module_background_video":"","activate_custom_padding":false,"padding_top_desktop":"0","padding_top_tablet":"0","padding_top_mobile":"0","padding_bottom_desktop":"0","padding_bottom_tablet":"0","padding_bottom_mobile":"0","activate_custom_margin":false,"margin_top_desktop":"0","margin_top_tablet":"0","margin_top_mobile":"0","margin_bottom_desktop":"0","margin_bottom_tablet":"0","margin_bottom_mobile":"0","disable_on":[],"content_alignment_desktop":"left","content_alignment_tablet":"left","content_alignment_mobile":"left"},"intro_text":"Produits Neuro Connexes","intro_text_color":"#005e63","intro_link":{"type":"post","value":"8330","url":"https:\/\/natus.com\/fr\/produits-neuro\/","name":"Produits Neuro","title":"Voir Tous les Produits Neuro","target":""},"tiles":[{"label":" Logiciel d\u2019EEG","label_background_color":"#154284","image":{"ID":4266,"id":4266,"title":"NeuroWorks Related Product Photo - 500x400","filename":"Neuroworks-10-Related-Product-Photo-500x400-1.png","filesize":211965,"url":"https:\/\/natus.com\/wp-content\/uploads\/Neuroworks-10-Related-Product-Photo-500x400-1.png","link":"https:\/\/natus.com\/fr\/neuro\/systeme-eeg-ambulatoire-video-trex-hd\/neuroworks-related-product-photo-500x400-2\/","alt":"","author":"2","description":"","caption":"","name":"neuroworks-related-product-photo-500x400-2","status":"inherit","uploaded_to":9565,"date":"2023-09-14 18:10:52","modified":"2023-09-28 19:02:44","menu_order":0,"mime_type":"image\/png","type":"image","subtype":"png","icon":"https:\/\/natus.com\/wp-includes\/images\/media\/default.png","width":500,"height":400,"sizes":{"thumbnail":"https:\/\/natus.com\/wp-content\/uploads\/Neuroworks-10-Related-Product-Photo-500x400-1.png","thumbnail-width":120,"thumbnail-height":96,"medium":"https:\/\/natus.com\/wp-content\/uploads\/Neuroworks-10-Related-Product-Photo-500x400-1.png","medium-width":500,"medium-height":400,"medium_large":"https:\/\/natus.com\/wp-content\/uploads\/Neuroworks-10-Related-Product-Photo-500x400-1.png","medium_large-width":500,"medium_large-height":400,"large":"https:\/\/natus.com\/wp-content\/uploads\/Neuroworks-10-Related-Product-Photo-500x400-1.png","large-width":500,"large-height":400,"1536x1536":"https:\/\/natus.com\/wp-content\/uploads\/Neuroworks-10-Related-Product-Photo-500x400-1.png","1536x1536-width":500,"1536x1536-height":400,"2048x2048":"https:\/\/natus.com\/wp-content\/uploads\/Neuroworks-10-Related-Product-Photo-500x400-1.png","2048x2048-width":500,"2048x2048-height":400}},"title":"Logiciel d\u2019EEG Natus\u00ae NeuroWorks\u00ae","link":{"type":"post","value":"9421","url":"https:\/\/natus.com\/fr\/neuro\/logiciel-eeg-neuroworks\/","name":"Logiciel d\u2019EEG Natus\u00ae NeuroWorks\u00ae","title":"En Savoir Plus","target":"_blank"}}]}},{"acf_fc_layout":"contact_form","_acfe_flexible_layout_title":null,"_acfe_flexible_toggle":null,"contact_form_landing":{"module_options":{"":null,"module_id":"contact-neuro","module_class":"","module_background_type":"color","module_background_color":"#f1f1f1","module_background_image":false,"module_background_video":"","activate_custom_padding":false,"padding_top_desktop":"0","padding_top_tablet":"0","padding_top_mobile":"0","padding_bottom_desktop":"0","padding_bottom_tablet":"0","padding_bottom_mobile":"0","activate_custom_margin":false,"margin_top_desktop":"0","margin_top_tablet":"0","margin_top_mobile":"0","margin_bottom_desktop":"0","margin_bottom_tablet":"0","margin_bottom_mobile":"0","disable_on":[],"content_alignment_desktop":"left","content_alignment_tablet":"left","content_alignment_mobile":"left"},"":null,"activate_intro":true,"intro_text":"Contactez Votre Repr\u00e9sentant Natus","intro_text_color":"#005e63","intro_link":null,"activate_description":true,"description_title":"","description_copy":"Pour plus d'informations sur ce produit ou tout autre produit, veuillez nous envoyer un message \u00e0 l'aide du formulaire ci-dessous.","embed_code":"<script charset=\"utf-8\" type=\"text\/javascript\" src=\"\/\/js.hsforms.net\/forms\/embed\/v2.js\"><\/script>\r\n<script>\r\n  hbspt.forms.create({\r\n    region: \"na1\",\r\n    portalId: \"3002890\",\r\n    formId: \"0f52793d-5376-4e07-bfe5-62ef62c95d16\"\r\n  });\r\n<\/script>"}},{"acf_fc_layout":"simple_content","_acfe_flexible_layout_title":null,"_acfe_flexible_toggle":null,"content_full_width_landing":{"module_options":{"":null,"module_id":"n64f769f3689a2","module_class":"","module_background_type":"color","module_background_color":"","module_background_image":false,"module_background_video":"","activate_custom_padding":false,"padding_top_desktop":"0","padding_top_tablet":"0","padding_top_mobile":"0","padding_bottom_desktop":"0","padding_bottom_tablet":"0","padding_bottom_mobile":"0","activate_custom_margin":false,"margin_top_desktop":"0","margin_top_tablet":"0","margin_top_mobile":"0","margin_bottom_desktop":"0","margin_bottom_tablet":"0","margin_bottom_mobile":"0","disable_on":[],"content_alignment_desktop":"left","content_alignment_tablet":"left","content_alignment_mobile":"left"},"content":"<p><span style=\"font-size: 11px;\">034918 RevA<\/span><\/p>\n"}}],"schema_markup":[{"acf_fc_layout":"schema_markup_product","_acfe_flexible_layout_title":null,"_acfe_flexible_toggle":null,"schema_markup_product":{"enable_schema":true,"":null,"device_name":"Amplificateur Natus\u00ae Quantum\u2122 AR pour la recherche animale","device_image":"https:\/\/natus.com\/wp-content\/uploads\/Quantum-AR_Main-Image.png","device_desc":"L\u2019amplificateur Natus Quantum AR est con\u00e7u sp\u00e9cifiquement pour la recherche animale, avec 7 r\u00e9f\u00e9rences ind\u00e9pendantes pour am\u00e9liorer la flexibilit\u00e9 et la pr\u00e9cision des donn\u00e9es collect\u00e9es.","device_purpose":"","manufacturer_name":"Natus Medical Incorporated","manufacturer_url":"https:\/\/natus.com","brand_name":"Natus","page_url":"https:\/\/natus.com\/fr\/neuro\/amplificateur-natus-quantum-ar\/","in_language":"fr","medical_specialty":["Neurologic"]}}]},"_links":{"self":[{"href":"https:\/\/natus.com\/fr\/wp-json\/wp\/v2\/pages\/9725","targetHints":{"allow":["GET"]}}],"collection":[{"href":"https:\/\/natus.com\/fr\/wp-json\/wp\/v2\/pages"}],"about":[{"href":"https:\/\/natus.com\/fr\/wp-json\/wp\/v2\/types\/page"}],"author":[{"embeddable":true,"href":"https:\/\/natus.com\/fr\/wp-json\/wp\/v2\/users\/2"}],"replies":[{"embeddable":true,"href":"https:\/\/natus.com\/fr\/wp-json\/wp\/v2\/comments?post=9725"}],"version-history":[{"count":7,"href":"https:\/\/natus.com\/fr\/wp-json\/wp\/v2\/pages\/9725\/revisions"}],"predecessor-version":[{"id":25580,"href":"https:\/\/natus.com\/fr\/wp-json\/wp\/v2\/pages\/9725\/revisions\/25580"}],"up":[{"embeddable":true,"href":"https:\/\/natus.com\/fr\/wp-json\/wp\/v2\/pages\/10461"}],"wp:attachment":[{"href":"https:\/\/natus.com\/fr\/wp-json\/wp\/v2\/media?parent=9725"}],"wp:term":[{"taxonomy":"category","embeddable":true,"href":"https:\/\/natus.com\/fr\/wp-json\/wp\/v2\/categories?post=9725"},{"taxonomy":"post_tag","embeddable":true,"href":"https:\/\/natus.com\/fr\/wp-json\/wp\/v2\/tags?post=9725"}],"curies":[{"name":"wp","href":"https:\/\/api.w.org\/{rel}","templated":true}]}}