{"id":10118,"date":"2023-09-07T20:16:05","date_gmt":"2023-09-07T20:16:05","guid":{"rendered":"https:\/\/natus.com\/olympic-vac-pac\/"},"modified":"2024-12-20T22:12:01","modified_gmt":"2024-12-20T22:12:01","slug":"olympic-vac-pac-per-il-posizionamento-del-paziente","status":"publish","type":"page","link":"https:\/\/natus.com\/it\/neuro\/olympic-vac-pac-per-il-posizionamento-del-paziente\/","title":{"rendered":"Olympic Vac-Pac\u00ae per il posizionamento del paziente"},"content":{"rendered":"","protected":false},"excerpt":{"rendered":"","protected":false},"author":3,"featured_media":0,"parent":10463,"menu_order":0,"comment_status":"closed","ping_status":"closed","template":"templates\/page-neuro-solutions-product-landing.php","meta":{"_acf_changed":false,"footnotes":""},"categories":[192],"tags":[],"class_list":["post-10118","page","type-page","status-publish","hentry","category-medicina-chirurgia-it"],"acf":{"content_blocks":[{"acf_fc_layout":"spacer","_acfe_flexible_toggle":"","spacer":{"module_options":{"":null,"module_id":"n65145318daa50","module_class":"","module_background_type":"color","module_background_color":"#00aaa7","module_background_image":false,"module_background_video":"","activate_custom_padding":false,"padding_top_desktop":"0","padding_top_tablet":"0","padding_top_mobile":"0","padding_bottom_desktop":"0","padding_bottom_tablet":"0","padding_bottom_mobile":"0","activate_custom_margin":false,"margin_top_desktop":"0","margin_top_tablet":"0","margin_top_mobile":"0","margin_bottom_desktop":"0","margin_bottom_tablet":"0","margin_bottom_mobile":"0","disable_on":[],"content_alignment_desktop":"left","content_alignment_tablet":"left","content_alignment_mobile":"left"},"height":"270"}},{"acf_fc_layout":"intro_with_sticky_image","_acfe_flexible_toggle":"","left_content_right_image_sticky":{"module_options":{"":null,"module_id":"n65145318e0fcb","module_class":"","module_background_type":"color","module_background_color":"#f1f1f1","module_background_image":false,"module_background_video":"","activate_custom_padding":false,"padding_top_desktop":"0","padding_top_tablet":"0","padding_top_mobile":"0","padding_bottom_desktop":"0","padding_bottom_tablet":"0","padding_bottom_mobile":"0","activate_custom_margin":false,"margin_top_desktop":"0","margin_top_tablet":"0","margin_top_mobile":"0","margin_bottom_desktop":"0","margin_bottom_tablet":"0","margin_bottom_mobile":"0","disable_on":[],"content_alignment_desktop":"left","content_alignment_tablet":"left","content_alignment_mobile":"left"},"":null,"title":"Olympic Vac-Pac\u00ae per il posizionamento del paziente","subheader":"<p>Un metodo sicuro\u00a0per posizionare rapidamente i pazienti in preparazione all&#8217;intervento chirurgico. Olympic Vac-Pac<sup>\u00ae<\/sup>\u00a0si conforma alla corporatura del paziente, tenendolo saldamente in posizione\u00a0mentre si presta assistenza medica su\u00a0determinate aree del corpo.<\/p>\n<p><span style=\"font-size: 11px;\">NOTA: il prodotto potrebbe non essere disponibile in tutti i Paesi; per informazioni, rivolgersi a Natus.<\/span><\/p>\n","icons":false,"quick_navigation":[{"quick_link":{"type":"url","value":"#contact-neuro","url":"#contact-neuro","name":"#contact-neuro","title":"Contattaci","target":""}},{"quick_link":{"type":"url","value":"#n6514531ac4c08","url":"#n6514531ac4c08","name":"#n6514531ac4c08","title":"Per saperne di pi\u00f9","target":""}}],"description":"","message_label":"Servizio e Assistenza","message_title":"Cercate un servizio di assistenza o supporto tecnico per i prodotti neuro?","message_link":{"type":"post","value":"8366","url":"https:\/\/natus.com\/it\/supporto\/","name":"Assistenza e Supporto","title":"Servizio e Assistenza Natus","target":""},"right_sticky_image":{"ID":4500,"id":4500,"title":"Vac Pac Main Product Photo - 800x450","filename":"Vac-Pac-Main-Product-Photo-800x450-1.png","filesize":296719,"url":"https:\/\/natus.com\/wp-content\/uploads\/Vac-Pac-Main-Product-Photo-800x450-1.png","link":"https:\/\/natus.com\/it\/neuro\/olympic-vac-pac-per-il-posizionamento-del-paziente\/vac-pac-main-product-photo-800x450-2\/","alt":"Olympic Vac-Pac\u00ae for Patient Positioning","author":"2","description":"","caption":"","name":"vac-pac-main-product-photo-800x450-2","status":"inherit","uploaded_to":10118,"date":"2023-09-14 23:45:37","modified":"2024-07-29 20:21:57","menu_order":0,"mime_type":"image\/png","type":"image","subtype":"png","icon":"https:\/\/natus.com\/wp-includes\/images\/media\/default.png","width":500,"height":850,"sizes":{"thumbnail":"https:\/\/natus.com\/wp-content\/uploads\/Vac-Pac-Main-Product-Photo-800x450-1.png","thumbnail-width":56,"thumbnail-height":96,"medium":"https:\/\/natus.com\/wp-content\/uploads\/Vac-Pac-Main-Product-Photo-800x450-1.png","medium-width":500,"medium-height":850,"medium_large":"https:\/\/natus.com\/wp-content\/uploads\/Vac-Pac-Main-Product-Photo-800x450-1.png","medium_large-width":500,"medium_large-height":850,"large":"https:\/\/natus.com\/wp-content\/uploads\/Vac-Pac-Main-Product-Photo-800x450-1.png","large-width":500,"large-height":850,"1536x1536":"https:\/\/natus.com\/wp-content\/uploads\/Vac-Pac-Main-Product-Photo-800x450-1.png","1536x1536-width":500,"1536x1536-height":850,"2048x2048":"https:\/\/natus.com\/wp-content\/uploads\/Vac-Pac-Main-Product-Photo-800x450-1.png","2048x2048-width":500,"2048x2048-height":850}}}},{"acf_fc_layout":"product_details_right_image_and_left_content","_acfe_flexible_toggle":"","right_image_left_content_single_cta_landing":{"module_options":{"":null,"module_id":"n65145318e8c37","module_class":"","module_background_type":"color","module_background_color":"","module_background_image":false,"module_background_video":"","activate_custom_padding":false,"padding_top_desktop":"0","padding_top_tablet":"0","padding_top_mobile":"0","padding_bottom_desktop":"0","padding_bottom_tablet":"0","padding_bottom_mobile":"0","activate_custom_margin":false,"margin_top_desktop":"0","margin_top_tablet":"0","margin_top_mobile":"0","margin_bottom_desktop":"0","margin_bottom_tablet":"0","margin_bottom_mobile":"0","disable_on":[],"content_alignment_desktop":"left","content_alignment_tablet":"left","content_alignment_mobile":"left"},"":null,"label":"","title":"Progettato pensando al paziente","description":"<p><strong>Design confortevole<\/strong><br \/>\nDopo aver orientato il paziente sul tavolo nella posizione necessaria per l&#8217;intervento, i cuscinetti morbidi del Vac-Pac vengono modellati intorno al suo corpo. In 15 secondi, i cuscinetti vengono aspirati, creando una pressione atmosferica esterna che avvicina le sfere. Il risultato \u00e8 l&#8217;avvolgimento del corpo e il sostegno che assicura comodamente il paziente.<\/p>\n<p>&nbsp;<\/p>\n<p><strong>Design intelligente <\/strong><br \/>\n\u00c8 possibile scegliere tra sette diversi formati e dimensioni per soddisfare tutte le esigenze di posizionamento. \u00c8 possibile posizionare i pazienti in modo semplice e veloce. \u00c8 possibile riposizionare i pazienti se necessario. \u00c8 possibile utilizzare ciascun sistema di aspirazione, comprese le pompe di aspirazione a parete e le pompe aspiranti.<\/p>\n<p>&nbsp;<\/p>\n<p><strong>Design sicuro\u00a0<\/strong><br \/>\nI Vac-Pac si puliscono facilmente con i comuni disinfettanti liquidi, offrendo anni di possibile riutilizzo. Basta pulire il sistema con un detergente dopo ciascun utilizzo. Possible utilizzare le coperture monouso Vac-Pac. Le coperture sono realizzate in materiale non sterile per teli chirurgici e non in lattice di gomma naturale.<\/p>\n<p>&nbsp;<\/p>\n<p><strong>Il Vac-Pac pu\u00f2 essere di ausilio in molte procedure, tra cui:<\/strong><br \/>\n\u2022 Chirurgia plastica e oftalmica<br \/>\n\u2022 Chirurgia della tiroide<br \/>\n\u2022 Interventi renali<br \/>\n\u2022 Interventi ginecologici e urologici<br \/>\n\u2022 Accesso alle aree respiratorie<br \/>\n\u2022 Interventi artroscopici e della spalla<br \/>\n\u2022 Posizionamento laterale per anca, spalla, toracotomia, nefrectomia, liposuzione e altro ancora<\/p>\n","link":null,"image":{"ID":6244,"id":6244,"title":"olympic_vac-pac_product_overview_resized","filename":"olympic_vac-pac_product_overview_resized.jpg","filesize":68124,"url":"https:\/\/natus.com\/wp-content\/uploads\/olympic_vac-pac_product_overview_resized.jpg","link":"https:\/\/natus.com\/it\/neuro\/olympic-vac-pac-per-il-posizionamento-del-paziente\/olympic_vac-pac_product_overview_resized-2\/","alt":"Olympic Vac-Pac Infographic","author":"3","description":"","caption":"","name":"olympic_vac-pac_product_overview_resized-2","status":"inherit","uploaded_to":10118,"date":"2023-09-21 18:14:41","modified":"2024-07-26 16:54:35","menu_order":0,"mime_type":"image\/jpeg","type":"image","subtype":"jpeg","icon":"https:\/\/natus.com\/wp-includes\/images\/media\/default.png","width":800,"height":450,"sizes":{"thumbnail":"https:\/\/natus.com\/wp-content\/uploads\/olympic_vac-pac_product_overview_resized.jpg","thumbnail-width":128,"thumbnail-height":72,"medium":"https:\/\/natus.com\/wp-content\/uploads\/olympic_vac-pac_product_overview_resized.jpg","medium-width":800,"medium-height":450,"medium_large":"https:\/\/natus.com\/wp-content\/uploads\/olympic_vac-pac_product_overview_resized-768x432.jpg","medium_large-width":768,"medium_large-height":432,"large":"https:\/\/natus.com\/wp-content\/uploads\/olympic_vac-pac_product_overview_resized.jpg","large-width":800,"large-height":450,"1536x1536":"https:\/\/natus.com\/wp-content\/uploads\/olympic_vac-pac_product_overview_resized.jpg","1536x1536-width":800,"1536x1536-height":450,"2048x2048":"https:\/\/natus.com\/wp-content\/uploads\/olympic_vac-pac_product_overview_resized.jpg","2048x2048-width":800,"2048x2048-height":450}},"activate_image_caption":false,"image_caption_description":""}},{"acf_fc_layout":"product_information","_acfe_flexible_toggle":"","left_accordion_right_image_landing":{"module_options":{"":null,"module_id":"n6514531ac4c08","module_class":"","module_background_type":"color","module_background_color":"","module_background_image":false,"module_background_video":"","activate_custom_padding":false,"padding_top_desktop":"0","padding_top_tablet":"0","padding_top_mobile":"0","padding_bottom_desktop":"0","padding_bottom_tablet":"0","padding_bottom_mobile":"0","activate_custom_margin":false,"margin_top_desktop":"0","margin_top_tablet":"0","margin_top_mobile":"0","margin_bottom_desktop":"0","margin_bottom_tablet":"0","margin_bottom_mobile":"0","disable_on":[],"content_alignment_desktop":"left","content_alignment_tablet":"left","content_alignment_mobile":"left"},"intro":"Informazioni sul Prodotto","description":"","accordion":[{"title":"Tabella delle misure","accordion_content":[{"acf_fc_layout":"full_content","accordion_description":"<p><strong>Tabella delle misure Vac-Pac<\/strong><\/p>\n<table style=\"width: 75%;\" border=\"1\" cellspacing=\"0\" cellpadding=\"0\">\n<thead>\n<tr>\n<th scope=\"col\">Misure<\/th>\n<th scope=\"col\">Descrizione<\/th>\n<\/tr>\n<\/thead>\n<tbody>\n<tr>\n<td>\u00a0Misura 11<\/td>\n<td>\u00a0Forma a U<\/td>\n<\/tr>\n<tr>\n<td>\u00a0Misura 23<\/td>\n<td>\u00a0Small con obl\u00f2 forma a U<\/td>\n<\/tr>\n<tr>\n<td>\u00a0Misura 30<\/td>\n<td>\u00a0Medium con obl\u00f2 forma a U<\/td>\n<\/tr>\n<tr>\n<td>\u00a0Misura 31<\/td>\n<td>\u00a0Large con obl\u00f2 forma a U<\/td>\n<\/tr>\n<tr>\n<td>\u00a0Misura 32<\/td>\n<td>\u00a0Extra-large con obl\u00f2 forma a U<\/td>\n<\/tr>\n<tr>\n<td>\u00a0Misura 35<\/td>\n<td>\u00a0Forma a T con lembi<\/td>\n<\/tr>\n<tr>\n<td>\u00a0Misura 40<\/td>\n<td>\u00a0Rettangolo largo<\/td>\n<\/tr>\n<\/tbody>\n<\/table>\n<p>&nbsp;<\/p>\n<p><strong>Coperture monouso Vac-Pac<\/strong><\/p>\n<table style=\"width: 75%;\" border=\"1\" cellspacing=\"0\" cellpadding=\"0\">\n<thead>\n<tr>\n<th scope=\"col\">Codice componente<\/th>\n<th scope=\"col\">Misure<\/th>\n<th scope=\"col\">Quantit\u00e0<\/th>\n<\/tr>\n<\/thead>\n<tbody>\n<tr>\n<td>\u00a0VPC30<\/td>\n<td>\u00a0Misura 30<\/td>\n<td>\u00a030 per conf.<\/td>\n<\/tr>\n<tr>\n<td>\u00a0VPC31<\/td>\n<td>\u00a0Misura 31<\/td>\n<td>\u00a030 per conf.<\/td>\n<\/tr>\n<tr>\n<td>\u00a0VPC32<\/td>\n<td>\u00a0Misura 32<\/td>\n<td>\u00a030 per conf.<\/td>\n<\/tr>\n<tr>\n<td>\u00a0VPC40<\/td>\n<td>\u00a0Misura 40<\/td>\n<td>\u00a015 per conf.<\/td>\n<\/tr>\n<\/tbody>\n<\/table>\n<p>&nbsp;<\/p>\n"}]},{"title":"Download della documentazione sul prodotto","accordion_content":[{"acf_fc_layout":"full_content","accordion_description":"<p><a href=\"https:\/\/natus.bynder.com\/m\/862044c26dd00610\/original\/Olympic-Vac-Pac-Brochure.pdf\">Brochure Olympic Vac-Pac<\/a><\/p>\n"}]}],"image_left":false}},{"acf_fc_layout":"contact_form","_acfe_flexible_toggle":"","contact_form_landing":{"module_options":{"":null,"module_id":"contact-neuro","module_class":"","module_background_type":"color","module_background_color":"","module_background_image":false,"module_background_video":"","activate_custom_padding":false,"padding_top_desktop":"0","padding_top_tablet":"0","padding_top_mobile":"0","padding_bottom_desktop":"0","padding_bottom_tablet":"0","padding_bottom_mobile":"0","activate_custom_margin":false,"margin_top_desktop":"0","margin_top_tablet":"0","margin_top_mobile":"0","margin_bottom_desktop":"0","margin_bottom_tablet":"0","margin_bottom_mobile":"0","disable_on":[],"content_alignment_desktop":"left","content_alignment_tablet":"left","content_alignment_mobile":"left"},"":null,"activate_intro":true,"intro_text":"Contattate il vostro rappresentante Natus","intro_text_color":"#005e63","intro_link":null,"activate_description":true,"description_title":"","description_copy":"Per ulteriori informazioni su questo o altri prodotti, inviateci un messaggio nel modulo sottostante.","embed_code":"<script charset=\"utf-8\" type=\"text\/javascript\" src=\"\/\/js.hsforms.net\/forms\/embed\/v2.js\"><\/script>\r\n<script>\r\n  hbspt.forms.create({\r\n    region: \"na1\",\r\n    portalId: \"3002890\",\r\n    formId: \"ee08c007-f151-4c64-a52b-6221f37556ed\"\r\n  });\r\n<\/script>"}},{"acf_fc_layout":"simple_content","_acfe_flexible_toggle":"","content_full_width_landing":{"module_options":{"":null,"module_id":"n651453207902b","module_class":"","module_background_type":"color","module_background_color":"","module_background_image":false,"module_background_video":"","activate_custom_padding":false,"padding_top_desktop":"0","padding_top_tablet":"0","padding_top_mobile":"0","padding_bottom_desktop":"0","padding_bottom_tablet":"0","padding_bottom_mobile":"0","activate_custom_margin":false,"margin_top_desktop":"0","margin_top_tablet":"0","margin_top_mobile":"0","margin_bottom_desktop":"0","margin_bottom_tablet":"0","margin_bottom_mobile":"0","disable_on":[],"content_alignment_desktop":"left","content_alignment_tablet":"left","content_alignment_mobile":"left"},"content":"<p><span style=\"font-size: 11px;\">034424 RevA<\/span><\/p>\n"}}]},"_links":{"self":[{"href":"https:\/\/natus.com\/it\/wp-json\/wp\/v2\/pages\/10118","targetHints":{"allow":["GET"]}}],"collection":[{"href":"https:\/\/natus.com\/it\/wp-json\/wp\/v2\/pages"}],"about":[{"href":"https:\/\/natus.com\/it\/wp-json\/wp\/v2\/types\/page"}],"author":[{"embeddable":true,"href":"https:\/\/natus.com\/it\/wp-json\/wp\/v2\/users\/3"}],"replies":[{"embeddable":true,"href":"https:\/\/natus.com\/it\/wp-json\/wp\/v2\/comments?post=10118"}],"version-history":[{"count":5,"href":"https:\/\/natus.com\/it\/wp-json\/wp\/v2\/pages\/10118\/revisions"}],"predecessor-version":[{"id":20561,"href":"https:\/\/natus.com\/it\/wp-json\/wp\/v2\/pages\/10118\/revisions\/20561"}],"up":[{"embeddable":true,"href":"https:\/\/natus.com\/it\/wp-json\/wp\/v2\/pages\/10463"}],"wp:attachment":[{"href":"https:\/\/natus.com\/it\/wp-json\/wp\/v2\/media?parent=10118"}],"wp:term":[{"taxonomy":"category","embeddable":true,"href":"https:\/\/natus.com\/it\/wp-json\/wp\/v2\/categories?post=10118"},{"taxonomy":"post_tag","embeddable":true,"href":"https:\/\/natus.com\/it\/wp-json\/wp\/v2\/tags?post=10118"}],"curies":[{"name":"wp","href":"https:\/\/api.w.org\/{rel}","templated":true}]}}