{"id":12726,"date":"2023-09-12T21:01:47","date_gmt":"2023-09-12T21:01:47","guid":{"rendered":"https:\/\/natus.com\/chi-siamo\/management-team\/neuro-management-team\/"},"modified":"2026-03-24T15:35:25","modified_gmt":"2026-03-24T15:35:25","slug":"leadership-team-dei-prodotti-neuro","status":"publish","type":"page","link":"https:\/\/natus.com\/it\/leadership-team-dei-prodotti-neuro\/","title":{"rendered":"Leadership Team dei prodotti neuro"},"content":{"rendered":"","protected":false},"excerpt":{"rendered":"","protected":false},"author":3,"featured_media":0,"parent":0,"menu_order":0,"comment_status":"closed","ping_status":"closed","template":"","meta":{"_acf_changed":false,"footnotes":""},"categories":[323],"tags":[],"class_list":["post-12726","page","type-page","status-publish","hentry","category-management-team-it"],"acf":{"content_blocks":[{"acf_fc_layout":"hero1","_acfe_flexible_layout_title":null,"_acfe_flexible_toggle":null,"hero_locations":{"unique_id":"n6508bd53ad451","background":{"ID":4823,"id":4823,"title":"natus-hero-neuro-secondary","filename":"natus-hero-neuro-secondary.jpg","filesize":342409,"url":"https:\/\/natus.com\/wp-content\/uploads\/natus-hero-neuro-secondary.jpg","link":"https:\/\/natus.com\/it\/leadership-team-dei-prodotti-neuro\/natus-hero-neuro-secondary-2\/","alt":"Neuro wavelength background","author":"1","description":"","caption":"","name":"natus-hero-neuro-secondary-2","status":"inherit","uploaded_to":12726,"date":"2023-09-15 19:31:52","modified":"2024-07-26 19:13:11","menu_order":0,"mime_type":"image\/jpeg","type":"image","subtype":"jpeg","icon":"https:\/\/natus.com\/wp-includes\/images\/media\/default.png","width":1920,"height":500,"sizes":{"thumbnail":"https:\/\/natus.com\/wp-content\/uploads\/natus-hero-neuro-secondary.jpg","thumbnail-width":128,"thumbnail-height":33,"medium":"https:\/\/natus.com\/wp-content\/uploads\/natus-hero-neuro-secondary.jpg","medium-width":1920,"medium-height":500,"medium_large":"https:\/\/natus.com\/wp-content\/uploads\/natus-hero-neuro-secondary-768x200.jpg","medium_large-width":768,"medium_large-height":200,"large":"https:\/\/natus.com\/wp-content\/uploads\/natus-hero-neuro-secondary.jpg","large-width":1920,"large-height":500,"1536x1536":"https:\/\/natus.com\/wp-content\/uploads\/natus-hero-neuro-secondary-1536x400.jpg","1536x1536-width":1536,"1536x1536-height":400,"2048x2048":"https:\/\/natus.com\/wp-content\/uploads\/natus-hero-neuro-secondary.jpg","2048x2048-width":1920,"2048x2048-height":500}},"h1":"Leadership Team dei prodotti neuro","description":""}},{"acf_fc_layout":"spacer","_acfe_flexible_layout_title":null,"_acfe_flexible_toggle":null,"spacer":{"module_options":{"":null,"module_id":"n6514c04eef5e8","module_class":"","module_background_type":"color","module_background_color":"#f1f1f1","module_background_image":false,"module_background_video":"","activate_custom_padding":false,"padding_top_desktop":"0","padding_top_tablet":"0","padding_top_mobile":"0","padding_bottom_desktop":"0","padding_bottom_tablet":"0","padding_bottom_mobile":"0","activate_custom_margin":false,"margin_top_desktop":"0","margin_top_tablet":"0","margin_top_mobile":"0","margin_bottom_desktop":"0","margin_bottom_tablet":"0","margin_bottom_mobile":"0","disable_on":[],"content_alignment_desktop":"left","content_alignment_tablet":"left","content_alignment_mobile":"left"},"height":"50"}},{"acf_fc_layout":"divider","_acfe_flexible_layout_title":null,"_acfe_flexible_toggle":null,"divider":{"module_options":{"":null,"module_id":"n6514c10b5fb5e","module_class":"","module_background_type":"color","module_background_color":"","module_background_image":false,"module_background_video":"","activate_custom_padding":false,"padding_top_desktop":"0","padding_top_tablet":"0","padding_top_mobile":"0","padding_bottom_desktop":"0","padding_bottom_tablet":"0","padding_bottom_mobile":"0","activate_custom_margin":false,"margin_top_desktop":"0","margin_top_tablet":"0","margin_top_mobile":"0","margin_bottom_desktop":"0","margin_bottom_tablet":"0","margin_bottom_mobile":"0","disable_on":[],"content_alignment_desktop":"left","content_alignment_tablet":"left","content_alignment_mobile":"left"},"color":"#00aaa7","height":"12"}},{"acf_fc_layout":"simple_content","_acfe_flexible_layout_title":null,"_acfe_flexible_toggle":null,"content_full_width_landing":{"module_options":{"":null,"module_id":"n6514c04ef3767","module_class":"","module_background_type":"color","module_background_color":"","module_background_image":false,"module_background_video":"","activate_custom_padding":false,"padding_top_desktop":"0","padding_top_tablet":"0","padding_top_mobile":"0","padding_bottom_desktop":"0","padding_bottom_tablet":"0","padding_bottom_mobile":"0","activate_custom_margin":false,"margin_top_desktop":"0","margin_top_tablet":"0","margin_top_mobile":"0","margin_bottom_desktop":"0","margin_bottom_tablet":"0","margin_bottom_mobile":"0","disable_on":[],"content_alignment_desktop":"left","content_alignment_tablet":"left","content_alignment_mobile":"left"},"content":"<p><img loading=\"lazy\" decoding=\"async\" class=\"size-full wp-image-18751 alignleft\" src=\"https:\/\/natus.com\/wp-content\/uploads\/Chris-Landon.png\" alt=\"\" width=\"150\" height=\"150\" \/><\/p>\n<h4>Chris Landon<\/h4>\n<p><strong><em>CEO, Natus Neuro<\/em><\/strong><\/p>\n<p>Chris Landon \u00e8 il CEO di Natus Neuro. Con un\u2019esperienza consolidata nella guida dell\u2019innovazione, nello sviluppo di operazioni scalabili e nella promozione di una cultura organizzativa incentrata sul paziente, Chris \u00e8 entrato a far parte di Natus nel 2024 dopo aver ricoperto per cinque anni il ruolo di Presidente e Direttore Generale per i dispositivi per la terapia guidata da immagini presso Royal Philips, leader di mercato globale su larga scala negli interventi cardiovascolari minimamente invasivi. In precedenza, Chris ha trascorso 16 anni in vari ruoli di leadership, tra cui molteplici incarichi di direzione generale in settori della tecnologia medica legati alla chirurgia spinale, ai farmaci biologici, all\u2019ictus e alla gestione del ritmo cardiaco.<\/p>\n<p>&nbsp;<\/p>\n<p>Chris \u00e8 molto attivo nella comunit\u00e0 sanitaria. Oltre ai suoi incarichi presso Natus, Chris \u00e8 vicepresidente del consiglio di amministrazione di Medical Alley e ha ricoperto precedenti incarichi nel consiglio di amministrazione dell\u2019American Heart Association Twin Cities Heart Walk e della Fondazione Growing Through Darkness. Prima di entrare nel settore della tecnologia medica, Chris ha trascorso quasi sette anni nella consulenza gestionale di Deloitte. Ha conseguito un MBA presso l\u2019International Institute of Management Development di Losanna, in Svizzera, e una laurea in Economia e commercio presso l\u2019University of Washington a Seattle.<\/p>\n<p>&nbsp;<\/p>\n<hr \/>\n<p>&nbsp;<\/p>\n<h4><img loading=\"lazy\" decoding=\"async\" class=\"alignleft wp-image-3701 size-full\" src=\"https:\/\/natus.com\/wp-content\/uploads\/Doug-Balog.png\" alt=\"\" width=\"150\" height=\"150\" \/>Douglas Balog<\/h4>\n<p><strong><em>Vicepresidente, Consigliere generale<\/em><\/strong><\/p>\n<p>Doug Balog \u00e8 entrato a far parte di Natus nell\u2019aprile 2019 come consigliere senior. Presso Natus, Doug gestisce un\u2019ampia gamma di questioni legali a sostegno delle attivit\u00e0 commerciali globali di Natus. Prima di Natus, Doug \u00e8 stato consigliere senior presso Renesas Electronics America e Intersil Corporation e ha iniziato la sua carriera legale presso Harris Corporation nel 1998. Prima di diventare avvocato, \u00e8 stato ingegnere capo della McDonnell Douglas. Doug ha conseguito la laurea in Legge presso la Pace University e, durante il periodo degli studi, ha lavorato come assistente di un giudice e di un procuratore. Ha inoltre conseguito una laurea in Ingegneria della manutenzione aeronautica presso la St. Louis University e un master in Scienze aeronautiche presso la Embry-Riddle Aeronautical University. Doug \u00e8 ammesso all\u2019esercizio della professione forense in Illinois e in Florida ed \u00e8 un avvocato registrato presso l\u2019Ufficio Marchi e Brevetti degli Stati Uniti.<\/p>\n<p>&nbsp;<\/p>\n<hr \/>\n<p>&nbsp;<\/p>\n<h4><img loading=\"lazy\" decoding=\"async\" class=\"alignleft wp-image-3696 size-full\" src=\"https:\/\/natus.com\/wp-content\/uploads\/Michael-Cowles.png\" alt=\"\" width=\"150\" height=\"150\" \/>Michael Cowles<\/h4>\n<p><strong><em>Vicepresidente, Servizi globali <\/em><\/strong><\/p>\n<p>Michael Cowles \u00e8 entrato a far parte di Natus nell\u2019aprile del 2019. Michael ha maturato oltre 20 anni di esperienza nel settore dei dispositivi medici, ricoprendo di recente il ruolo di vicepresidente dei servizi globali. Prima di entrare a far parte di Natus, Michael ha trascorso 20 anni in GE Healthcare, dove ha ricoperto diverse posizioni, tra cui quella di responsabile delle operazioni di assistenza, responsabile finanziario senior, capo del personale per la risonanza magnetica globale, responsabile di prodotto per la risonanza magnetica interventistica, direttore esecutivo e direttore generale del servizio globale per la risonanza magnetica e responsabile di progetto per la diagnostica globale. Michael ha conseguito una laurea in Scienze biologiche e una in Economia presso l\u2019University of Cincinnati e un master in Economia e commercio presso la Xavier University.<\/p>\n<p>&nbsp;<\/p>\n<hr \/>\n<p>&nbsp;<\/p>\n<h4><img loading=\"lazy\" decoding=\"async\" class=\"size-full wp-image-22517 alignleft\" src=\"https:\/\/natus.com\/wp-content\/uploads\/Bud-Fahey.png\" alt=\"Bud Fahey Headshot\" width=\"150\" height=\"150\" \/>Bud Fahey<\/h4>\n<p><strong><em>Direttore commerciale <\/em><\/strong><\/p>\n<p>Bud Fahey \u00e8 entrato a far parte di Natus Neuro nel settembre 2024 come Direttore commerciale, ed \u00e8 a capo del nostro team globale dedicato a vendite, marketing e assistenza. Ha maturato oltre 25 anni di esperienza nel settore dei dispositivi medici, con una forte attenzione alla crescita attraverso la strategia commerciale, l\u2019esecuzione, la leadership del team e l\u2019attenzione allo sviluppo delle persone. Prima di entrare a far parte di Natus, Bud ha ricoperto ruoli dirigenziali in Philips, dove si \u00e8 occupato delle attivit\u00e0 relative ai capitali e ai dispositivi per la terapia guidata da immagini in Nord America. In precedenza, ha ricoperto vari ruoli dirigenziali presso Abbott Vascular e Boston Scientific, dove ha gestito le vendite, il marketing, le operazioni di vendita e i clienti nazionali. Bud ha conseguito una laurea in Biologia presso la Colgate University.<\/p>\n<p>&nbsp;<\/p>\n<hr \/>\n<p>&nbsp;<\/p>\n<h4><img loading=\"lazy\" decoding=\"async\" class=\"size-full wp-image-22691 alignleft\" src=\"https:\/\/natus.com\/wp-content\/uploads\/Tim-Audette.png\" alt=\"Tim Audette headshot\" width=\"150\" height=\"150\" \/>Tim Audette<\/h4>\n<p><strong><em>Vice Presidente, CIO<\/em><\/strong><\/p>\n<p>Tim Audette \u00e8 entrato a far parte di Natus nel febbraio 2025 come Vice Presidente e CIO, alla guida dell&#8217;organizzazione IT globale. Pu\u00f2 vantare oltre 20 anni di esperienza nella leadership IT nel settore dei dispositivi medici, in particolare nell&#8217;ambito della trasformazione tecnologica, dell&#8217;eccellenza operativa e dell&#8217;allineamento aziendale. Prima di entrare in Natus, Tim ha ricoperto vari ruoli di leadership IT presso Medtronic. La sua dedizione all&#8217;utilizzo della tecnologia come risorsa strategica si allinea perfettamente con la mission di Natus di promuovere l&#8217;innovazione medica e migliorare i risultati per i pazienti. Tim ha conseguito un master in Organizational Leadership presso la Bethel University.<\/p>\n<p>&nbsp;<\/p>\n<hr \/>\n<p>&nbsp;<\/p>\n<h4><img loading=\"lazy\" decoding=\"async\" class=\"alignleft wp-image-3750 size-full\" src=\"https:\/\/natus.com\/wp-content\/uploads\/Drew-Kessler-1.png\" alt=\"\" width=\"150\" height=\"150\" \/>Drew Kessler<\/h4>\n<p><strong><em>Vicepresidente, Vendite globali<\/em><\/strong><\/p>\n<p>Drew Kessler \u00e8 entrato a far parte di Natus Medical nel 2006 con l\u2019acquisizione di Bio-logic Systems, dove ha trascorso 14 anni come direttore regionale delle vendite per gli Stati Uniti orientali. Da quando \u00e8 entrato in Natus, Drew ha ricoperto diversi ruoli di gestione delle vendite, tra cui direttore regionale delle vendite, direttore nazionale delle vendite, vicepresidente delle vendite in Nord America, e infine il suo ruolo attuale di vicepresidente globale delle vendite di prodotti neuro. Drew ha frequentato l\u2019University of Baltimore dove ha studiato Gestione aziendale e marketing. Vive con la moglie a Sarasota, in Florida.<\/p>\n<p>&nbsp;<\/p>\n<hr \/>\n<p>&nbsp;<\/p>\n<h4><img loading=\"lazy\" decoding=\"async\" class=\"alignleft wp-image-3736 size-full\" src=\"https:\/\/natus.com\/wp-content\/uploads\/Sean-Langan.png\" alt=\"\" width=\"150\" height=\"150\" \/>Se\u00e1n Langan<\/h4>\n<p><strong><em>Vicepresidente, Operazioni globali<\/em><\/strong><\/p>\n<p>Se\u00e1n Langan \u00e8 entrato a far parte di Natus nel luglio 2012 e da gennaio 2019 ricopre il ruolo di vicepresidente delle Operazioni globali. Sean porta all\u2019organizzazione oltre 21 anni di esperienza nel settore dei dispositivi medici. Recentemente ha ricoperto il ruolo di direttore senior di Global Operations per Natus. Dal 2007 Sean ha lavorato presso lo stabilimento irlandese di Gort, ricoprendo vari ruoli dirigenziali nell\u2019ambito delle Global Operations, della gestione del sito, della qualit\u00e0 e degli affari regolatori. Durante questo periodo, Sean ha lavorato anche per le aziende di dispositivi medici Cardinal Health e CareFusion. Prima di Natus, Sean ha ricoperto ruoli presso Boston Scientific da agosto 2006 a ottobre 2007, Merit Medical da giugno 2004 ad agosto 2006 e Creganna dal 2001 al 2004. Sean ha conseguito una laurea in Ingegneria della produzione presso il Galway-Mayo Institute of Technology.<\/p>\n<p>&nbsp;<\/p>\n<hr \/>\n<p>&nbsp;<\/p>\n<h4><img loading=\"lazy\" decoding=\"async\" class=\"size-full wp-image-22553 alignleft\" src=\"https:\/\/natus.com\/wp-content\/uploads\/Courtney-Walton.png\" alt=\"\" width=\"150\" height=\"150\" \/>Courtney Walton<\/h4>\n<p><strong><em>Vicepresidente, Qualit\u00e0 e affari regolatori<\/em><\/strong><\/p>\n<p>Courtney Walton \u00e8 entrata a far parte di Natus nel gennaio 2025 in qualit\u00e0 di Vicepresidente, Qualit\u00e0 e affari regolatori, ed \u00e8 responsabile della direzione strategica per garantire l\u2019eccellenza dei prodotti, la conformit\u00e0 normativa e l\u2019efficienza operativa all\u2019interno dell\u2019organizzazione.<\/p>\n<p>&nbsp;<\/p>\n<p>Ha maturato oltre 22 anni di esperienza nel settore dei dispositivi medici, ricoprendo di recente il ruolo di Direttrice senior, Qualit\u00e0 e affari regolatori presso Beckman Coulter (una societ\u00e0 Danaher). La passione di Courtney consiste nel creare team forti a sostegno delle loro aspirazioni di carriera e nel raggiungere gli obiettivi aziendali per fare la differenza nei risultati ottenuti dai pazienti. Ha conseguito una laurea in Biochimica presso l\u2019University of St. Thomas a St. Paul, in Minnesota.<\/p>\n<p>&nbsp;<\/p>\n<hr \/>\n<p>&nbsp;<\/p>\n<h4><img loading=\"lazy\" decoding=\"async\" class=\"alignleft wp-image-3755 size-full\" src=\"https:\/\/natus.com\/wp-content\/uploads\/Sanjay-Mehta-Updated-e1736455129908.png\" alt=\"\" width=\"150\" height=\"150\" \/>Sanjay Mehta<\/h4>\n<p><strong><em>Direttore, Conformit\u00e0 e Affari regolatori globali<\/em><\/strong><\/p>\n<p>Sanjay Mehta \u00e8 entrato in Natus nel febbraio 2010. Sanjay ha maturato oltre 20 anni di esperienza nel settore dei dispositivi medici, a capo dei team dedicati agli affari regolatori e alla garanzia della qualit\u00e0. Dopo aver ricoperto di recente il ruolo di direttore degli affari regolatori e della conformit\u00e0 globali, Sanjay ha ricoperto vari ruoli di leadership di crescente responsabilit\u00e0 all\u2019interno del dipartimento QARA. Durante la sua permanenza in Natus, Sanjay ha condotto Natus durante varie ispezioni FDA e audit esterni di successo, nonch\u00e9 all\u2019ottenimento di numerose certificazioni 510k della FDA. Inoltre, ha partecipato a iniziative di due diligence normativa, identificando in modo proattivo l\u2019impatto commerciale e le opportunit\u00e0 delle acquisizioni e delle cessioni dal punto di vista normativo.<\/p>\n<p>&nbsp;<\/p>\n<p>Prima di Natus, Sanjay ha ricoperto vari ruoli di QARA presso GN Hearing Care Ltd, un\u2019azienda leader nel settore dell\u2019audiologia e delle soluzioni per l\u2019udito. Ha conseguito una laurea in Ingegneria elettronica presso la M.S. University in India.<\/p>\n<p>&nbsp;<\/p>\n<hr \/>\n<p>&nbsp;<\/p>\n<h4><img loading=\"lazy\" decoding=\"async\" class=\"size-full wp-image-22527 alignleft\" src=\"https:\/\/natus.com\/wp-content\/uploads\/Ajaz-Mohammed.png\" alt=\"Ajaz Mohammed Headshot\" width=\"150\" height=\"150\" \/>Ajaz Mohammed<\/h4>\n<p><strong><em>Direttore, Business Excellence<\/em><\/strong><\/p>\n<p>Ajaz si \u00e8 unito a Natus nel maggio del 2024. Professionista di comprovata esperienza, prima di arrivare a Natus ha lavorato presso Philips Healthcare Canada, dove ha ricoperto la posizione di Service Operations and Strategy Leader e, in precedenza, di Chief of Staff, Business Transformation and Strategy. La carriera di Ajaz \u00e8 sempre stata indirizzata dalla sua volont\u00e0 di affrontare nuove sfide. Tra i numerosi traguardi raggiunti da Ajaz spicca il suo ruolo di leader nell\u2019implementazione di soluzioni ERP su larga scala, con cui ha ottenuto un notevole successo.<\/p>\n<p>&nbsp;<\/p>\n<hr \/>\n<p>&nbsp;<\/p>\n<h4><img loading=\"lazy\" decoding=\"async\" class=\"alignleft wp-image-3760 size-full\" src=\"https:\/\/natus.com\/wp-content\/uploads\/Maura-Moroney.png\" alt=\"\" width=\"150\" height=\"150\" \/>Maura Moroney<\/h4>\n<p><strong><em>Direttrice senior, Risorse umane<\/em><\/strong><\/p>\n<p>Maura Moroney \u00e8 entrata a far parte di Natus nel maggio 2019, portando con s\u00e9 oltre 15 anni di esperienza globale nelle risorse umane. Prima di entrare in Natus, \u00e8 stata responsabile senior delle risorse umane per l\u2019area EMEA di Avaya. Qui il suo team ha supportato circa 2500 dipendenti e diversi comitati aziendali in 22 Paesi. Prima di Avaya, Maura \u00e8 stata consulente per le risorse umane a supporto dell\u2019Europa e dell\u2019APAC per la societ\u00e0 di software antifrode Norkom Technologies. Maura ha conseguito una laurea in Gestione delle risorse umane presso il National College of Ireland.<\/p>\n<p>&nbsp;<\/p>\n<hr \/>\n<p>&nbsp;<\/p>\n<h4><img loading=\"lazy\" decoding=\"async\" class=\"alignleft wp-image-3721 size-full\" src=\"https:\/\/natus.com\/wp-content\/uploads\/Todd-Sanford.png\" alt=\"\" width=\"150\" height=\"150\" \/>Todd Sanford<\/h4>\n<p><strong><em>Vicepresidente, Finanza<\/em><\/strong><\/p>\n<p>Todd Sanford \u00e8 entrato a far parte di Natus nel dicembre 2014 e porta con s\u00e9 oltre 22 anni di esperienza nel settore finanziario e contabile. Dopo aver ricoperto di recente il ruolo di vicepresidente del reparto di analisi e pianificazione finanziaria di Natus, Todd ha anche ricoperto diversi ruoli di leadership all\u2019interno dell\u2019organizzazione finanziaria e contabile di Natus. Prima di Natus, ha ricoperto posizioni di crescente responsabilit\u00e0 presso Intersil Corporation. Todd ha conseguito una laurea in Contabilit\u00e0 presso l\u2019University of Florida e un master in contabilit\u00e0 presso l\u2019University of Central Florida.<\/p>\n<p>&nbsp;<\/p>\n<hr \/>\n<p>&nbsp;<\/p>\n<h4><img loading=\"lazy\" decoding=\"async\" class=\"size-full wp-image-22522 alignleft\" src=\"https:\/\/natus.com\/wp-content\/uploads\/Lisa-Schuler.png\" alt=\"Lisa Schuler Headshot\" width=\"150\" height=\"150\" \/>Lisa Schuler<\/h4>\n<p><strong><em>Direttrice senior, Comunicazioni aziendali Neuro<\/em><\/strong><\/p>\n<p>Lisa si \u00e8 unita a Natus Neuro nell\u2019aprile 2024. Il suo percorso professionale \u00e8 segnato dall\u2019impegno a favore dello sviluppo di tecnologie mediche all\u2019avanguardia, in grado di migliorare la salute e il benessere dei pazienti in tutto il mondo. La sua esperienza di oltre 15 anni nella gestione di un\u2019attivit\u00e0 di consulenza di successo nell\u2019ambito della comunicazione marketing e la collaborazione con numerosi clienti del settore delle tecnologie medicali evidenziano la sua profonda passione per l\u2019innovazione nel settore sanitario. L\u2019impegno di Lisa nel far leva sulla comunicazione come catalizzatore di cambiamenti positivi si allinea perfettamente con la visione di Natus di superare i confini della tecnologia medica per migliorare le condizioni dei pazienti.<\/p>\n<p>&nbsp;<\/p>\n<hr \/>\n<p>&nbsp;<\/p>\n<h4><img loading=\"lazy\" decoding=\"async\" class=\"wp-image-18701 size-full alignleft\" src=\"https:\/\/natus.com\/wp-content\/uploads\/Dennis-Tapp.png\" alt=\"Dennis Tapp Headshot\" width=\"150\" height=\"150\" \/>Dennis Tapp<\/h4>\n<p><em><strong>Vicepresidente, Risorse umane mondiali, Neurologia<\/strong><br \/>\n<\/em><\/p>\n<p>Dennis \u00e8 entrato in Natus nel dicembre 2022 come responsabile delle risorse umane per gli Stati Uniti, Prodotti sensoriali. Nel 2023, Dennis \u00e8 stato promosso a direttore delle risorse umane, Prodotti sensoriali, e delle buste paga e sussidi del Nord America e, nel 2024, alla sua attuale posizione di vicepresidente, Risorse umane mondiali, Neurologia. Prima di Natus, Dennis ha ricoperto ruoli dirigenziali nell\u2019ambito delle risorse umane presso Amazon, Symmetry Surgical, Inc., Fort Wayne Newspaper Group e Colwell Industries, sia negli Stati Uniti sia a livello internazionale. Tra le sue aree di responsabilit\u00e0 rientravano sussidi, risarcimenti, buste paga, conformit\u00e0, relazioni con i dipendenti, gestione delle prestazioni, personale e pianificazione dei siti. La carriera di Dennis nel settore delle risorse umane dura da quasi 30 anni e comprende esperienze nei settori della vendita al dettaglio, della produzione\/distribuzione, dei media, dei servizi finanziari, dei dispositivi medici e della tecnologia.<\/p>\n<p>&nbsp;<\/p>\n<p>Dennis ha conseguito una laurea in Economia aziendale in risorse umane presso la Eastern Michigan University. \u00c8 sposato con Beth e hanno tre figli: Austin (padre della nipotina Ella), Evan e Christian. Dennis e Beth vivono a New Smyrna Beach, in Florida, e trascorrono le estati al lago nell\u2019Indiana nordorientale.<\/p>\n<p>&nbsp;<\/p>\n<hr \/>\n<h4><\/h4>\n<h4><img loading=\"lazy\" decoding=\"async\" class=\"alignleft wp-image-19449 size-full\" src=\"https:\/\/natus.com\/wp-content\/uploads\/Douwe-Van-Den-Brink.png\" alt=\"\" width=\"150\" height=\"150\" \/>Douwe van den Brink<\/h4>\n<p><em><strong>Vicepresidente, Strategia, Sviluppo commerciale e integrazione<\/strong><br \/>\n<\/em><\/p>\n<p>Douwe Van den Brink \u00e8 entrato a far parte di Natus Neuro nell\u2019aprile 2024. Prima di entrare a far parte di Natus, Douwe ha ricoperto diverse posizioni di leadership presso Royal Philips nei settori dello sviluppo strategico e commerciale, dello sviluppo aziendale e della gestione generale, con particolare attenzione alla diagnostica per immagini e ai dispositivi medici per interventi cardiovascolari minimamente invasivi. Precedentemente al suo lavoro presso Royal Philips, Douwe ha lavorato per circa 10 anni nel settore bancario, di cui la maggior parte nel settore degli investimenti di ABN AMRO e Deutsche Bank.<\/p>\n<p>&nbsp;<\/p>\n<p>Douwe ha conseguito un Master in International Business Studies presso l\u2019Universit\u00e0 di Maastricht, Paesi Bassi.<\/p>\n<p>&nbsp;<\/p>\n<hr \/>\n<h4><\/h4>\n<h4><img loading=\"lazy\" decoding=\"async\" class=\"size-full wp-image-22532 alignleft\" src=\"https:\/\/natus.com\/wp-content\/uploads\/Betty-Wiggins-Stephas.png\" alt=\"Betty Wiggins-Stephas Headshot\" width=\"150\" height=\"150\" \/>Betty Wiggins-Stephas<\/h4>\n<p><strong><em>Direttrice, Amministrazione<\/em><\/strong><\/p>\n<p>Betty \u00e8 entrata a far parte di Natus Neuro nel luglio 2024 come direttrice dell\u2019Amministrazione. Betty ha raggiunto molti risultati notevoli, tra cui l\u2019eccezionale assistenza amministrativa ai leader impegnati nell\u2019acquisizione di Spectranetics da parte di Philips e l\u2019abile organizzazione di 12 eventi indimenticabili del President Club. Ha un ruolo determinante nel coltivare una cultura vivace di salute e benessere, impegno nella comunit\u00e0 e sviluppo professionale. Betty si dedica con impegno ad aiutare le persone a seguire le proprie passioni, una qualit\u00e0 che si allinea perfettamente con i valori di Natus.<\/p>\n"}}]},"_links":{"self":[{"href":"https:\/\/natus.com\/it\/wp-json\/wp\/v2\/pages\/12726","targetHints":{"allow":["GET"]}}],"collection":[{"href":"https:\/\/natus.com\/it\/wp-json\/wp\/v2\/pages"}],"about":[{"href":"https:\/\/natus.com\/it\/wp-json\/wp\/v2\/types\/page"}],"author":[{"embeddable":true,"href":"https:\/\/natus.com\/it\/wp-json\/wp\/v2\/users\/3"}],"replies":[{"embeddable":true,"href":"https:\/\/natus.com\/it\/wp-json\/wp\/v2\/comments?post=12726"}],"version-history":[{"count":10,"href":"https:\/\/natus.com\/it\/wp-json\/wp\/v2\/pages\/12726\/revisions"}],"predecessor-version":[{"id":26395,"href":"https:\/\/natus.com\/it\/wp-json\/wp\/v2\/pages\/12726\/revisions\/26395"}],"wp:attachment":[{"href":"https:\/\/natus.com\/it\/wp-json\/wp\/v2\/media?parent=12726"}],"wp:term":[{"taxonomy":"category","embeddable":true,"href":"https:\/\/natus.com\/it\/wp-json\/wp\/v2\/categories?post=12726"},{"taxonomy":"post_tag","embeddable":true,"href":"https:\/\/natus.com\/it\/wp-json\/wp\/v2\/tags?post=12726"}],"curies":[{"name":"wp","href":"https:\/\/api.w.org\/{rel}","templated":true}]}}