{"id":18998,"date":"2024-03-08T20:12:26","date_gmt":"2024-03-08T20:12:26","guid":{"rendered":"https:\/\/natus.com\/?page_id=18998"},"modified":"2024-03-14T20:31:30","modified_gmt":"2024-03-14T20:31:30","slug":"progetti-regione-veneto","status":"publish","type":"page","link":"https:\/\/natus.com\/it\/progetti-regione-veneto\/","title":{"rendered":"Progetti Regione Veneto"},"content":{"rendered":"","protected":false},"excerpt":{"rendered":"","protected":false},"author":3,"featured_media":0,"parent":0,"menu_order":0,"comment_status":"closed","ping_status":"closed","template":"","meta":{"_acf_changed":false,"footnotes":""},"categories":[],"tags":[],"class_list":["post-18998","page","type-page","status-publish","hentry"],"acf":{"content_blocks":[{"acf_fc_layout":"hero1","_acfe_flexible_toggle":"","hero_locations":{"unique_id":"n650e12ff3ca82","background":{"ID":929,"id":929,"title":"locations-hero","filename":"locations-hero.jpg","filesize":249977,"url":"https:\/\/natus.com\/wp-content\/uploads\/locations-hero.jpg","link":"https:\/\/natus.com\/it\/sedi\/locations-hero-2\/","alt":"","author":"1","description":"","caption":"","name":"locations-hero-2","status":"inherit","uploaded_to":8343,"date":"2023-07-30 10:59:34","modified":"2023-09-21 15:29:51","menu_order":0,"mime_type":"image\/jpeg","type":"image","subtype":"jpeg","icon":"https:\/\/natus.com\/wp-includes\/images\/media\/default.png","width":1920,"height":500,"sizes":{"thumbnail":"https:\/\/natus.com\/wp-content\/uploads\/locations-hero.jpg","thumbnail-width":128,"thumbnail-height":33,"medium":"https:\/\/natus.com\/wp-content\/uploads\/locations-hero.jpg","medium-width":1920,"medium-height":500,"medium_large":"https:\/\/natus.com\/wp-content\/uploads\/locations-hero-768x200.jpg","medium_large-width":768,"medium_large-height":200,"large":"https:\/\/natus.com\/wp-content\/uploads\/locations-hero.jpg","large-width":1920,"large-height":500,"1536x1536":"https:\/\/natus.com\/wp-content\/uploads\/locations-hero-1536x400.jpg","1536x1536-width":1536,"1536x1536-height":400,"2048x2048":"https:\/\/natus.com\/wp-content\/uploads\/locations-hero.jpg","2048x2048-width":1920,"2048x2048-height":500}},"h1":"Progetti Regione Veneto","description":"Un moltiplicatore di opportunit\u00e0. <br \/>\r\nDa non lasciarsi sfuggire."}},{"acf_fc_layout":"divider","_acfe_flexible_toggle":"","divider":{"module_options":{"":null,"module_id":"n6514658a3ff39","module_class":"","module_background_type":"color","module_background_color":"","module_background_image":false,"module_background_video":"","activate_custom_padding":false,"padding_top_desktop":0,"padding_top_tablet":"","padding_top_mobile":"","padding_bottom_desktop":"","padding_bottom_tablet":"","padding_bottom_mobile":"","activate_custom_margin":false,"margin_top_desktop":"","margin_top_tablet":"","margin_top_mobile":"","margin_bottom_desktop":"","margin_bottom_tablet":"","margin_bottom_mobile":"","disable_on":[],"content_alignment_desktop":"left","content_alignment_tablet":"left","content_alignment_mobile":"left"},"color":"#005e63","height":"12"}},{"acf_fc_layout":"content_multiple_columns","_acfe_flexible_toggle":"","content_multiple_columns":{"module_options":{"":null,"module_id":"n65ef3c95a6e06","module_class":"","module_background_type":"color","module_background_color":"","module_background_image":false,"module_background_video":"","activate_custom_padding":false,"padding_top_desktop":0,"padding_top_tablet":"","padding_top_mobile":"","padding_bottom_desktop":"","padding_bottom_tablet":"","padding_bottom_mobile":"","activate_custom_margin":false,"margin_top_desktop":"","margin_top_tablet":"","margin_top_mobile":"","margin_bottom_desktop":"","margin_bottom_tablet":"","margin_bottom_mobile":"","disable_on":[],"content_alignment_desktop":"left","content_alignment_tablet":"left","content_alignment_mobile":"left"},"columns_per_rows_desktop":"3","columns_per_rows_tablet":"3","columns_per_rows_mobile":"1","columns":[{"column_background":"","column_size":"two-thirds","column_alignment":"align-left","activate_top_right_border_radius":false,"content_type":[{"acf_fc_layout":"simple_content","content":"<h4><span style=\"color: #008080;\">TITOLO DELL\u2019OPERA: SEBiomeD \u2013 SPEEDY EXPO FOR BIOMEDICAL DEVICES<\/span><\/h4>\n<p>Progetto finanziato con il POC della Regione del Veneto 2014-2020<\/p>\n<h4><\/h4>\n<p><img loading=\"lazy\" decoding=\"async\" class=\"size-full wp-image-19002 alignleft\" src=\"https:\/\/natus.com\/wp-content\/uploads\/POC_2022-05_WEB.png\" alt=\"\" width=\"251\" height=\"251\" \/><\/p>\n<h4><span style=\"color: #008080;\">BREVE DESCRIZIONE<\/span><\/h4>\n<p>I proponenti del progetto \u201cSEBiomeD \u2013 Speedy Expo for Biomedical Devices\u201d fanno parte della RIR RIBES-Nest, Soggetto Gestore delle attivit\u00e0 ed operatore diretto nella partnership. Durante numerosi incontri di Rete, \u00e8 emersa la volont\u00e0 di unire le forze per migliorare e rafforzare la capacit\u00e0 dei Soci nell\u2019export, aumentando il livello di internazionalizzazione anche attraverso la pianificazione di una strategia di approccio e di azioni comuni.<\/p>\n<p>&nbsp;<\/p>\n<p>Tra le necessit\u00e0 individuate dai soci \u00e8 sempre stata sottolineata l\u2019esigenza di trasferire ed applicare la cross-fertilization tra imprese operanti in settori diversi, per dare un supporto alle imprese meno abituate ad affrontare nuovi mercati e per sviluppare nuovi prodotti all\u2019avanguardia e innovativi che impieghino tecnologie emergenti, come le KETs (Key Enabling Technologies).<\/p>\n<p>&nbsp;<\/p>\n<p>Il progetto si \u00e8 sviluppato secondo un percorso strutturato in Work Packages, inseriti in un quadro generale di interventi, tutti volti allo scambio di know-how e di esperienze nell\u2019ambito dell\u2019internazionalizzazione.<\/p>\n<p>&nbsp;<\/p>\n<p>Le aziende della partnership si distinguono per la produzione di medical devices ottenuti a seguito di importanti processi di Ricerca &amp; Sviluppo. I dispositivi sviluppati sono utilizzati nel campo della diagnostica e della prevenzione medica oppure dedicati alla riduzione dell\u2019impatto sulla salute derivante da importanti patologie degenerative, oggi sempre pi\u00f9 frequenti anche a causa dell\u2019allungamento della vita media.<\/p>\n<p>&nbsp;<\/p>\n<p>Una seconda caratteristica che accomuna i Partner \u00e8 che tutte le imprese afferiscono al Cluster Tecnologico Nazionale Fabbrica Intelligente. Poich\u00e9 la tecnologia impiegata nei prodotti medicali \u00e8 spesso legata all\u2019efficienza di specifici macchinari impiegati, la loro commercializzazione risente anche della preparazione e della cultura esistente in azienda, oltre che dalla capacit\u00e0 di identificare i buyers pi\u00f9 adatti a trasferire queste capacit\u00e0 e valori in nuovi mercati. In recenti incontri di Rete sono stati identificati target commerciali simili tra loro, ed \u00e8 emersa la volont\u00e0 di alcune imprese di condividere il proprio background di esperienze consolidate in particolari Paesi e con buyers affidabili.<\/p>\n<h3><\/h3>\n<h4><span style=\"color: #008080;\">FINALITA\u2019<\/span><\/h4>\n<p>Il progetto \u201cSEBiomeD\u201d, intende realizzare alcune azioni mirate alle performance di export della partnership, nello specifico migliorando:<\/p>\n<ul>\n<li><span style=\"font-size: 16px;\">La partecipazione ad eventi fieristici o congressi anche per consolidare la posizione nel mercato di riferimento;<\/span><\/li>\n<li><span style=\"font-size: 16px;\">Il portfolio di buyers per la commercializzazione e distribuzione dei prodotti;<\/span><\/li>\n<li><span style=\"font-size: 16px;\">Le proprie attivit\u00e0 di incoming, finalizzandole anche \u201ca fare sistema\u201d proprio grazie al supporto dato dalla Rete, che ha tra le finalit\u00e0 anche quella di favorire l\u2019espansione dei Soci sui mercati esteri;<\/span><\/li>\n<li><span style=\"font-size: 16px;\">Creare un sito web e-commerce per alcune aziende. <\/span><\/li>\n<\/ul>\n<p>&nbsp;<\/p>\n<p>A tal fine sono stati identificati e condivisi strumenti metodologici in grado di valorizzare la forza produttiva del network che, grazie alle competenze della singola impresa, pu\u00f2 usare le expertise interne come moltiplicatore, per migliorare lo sviluppo della partnership nei mercati internazionali e, conseguentemente quello dei singoli Partner, anche e soprattutto grazie la coordinazione di un Temporary Export Manager.<\/p>\n<p>&nbsp;<\/p>\n<p><strong>Spesa complessiva prevista:<\/strong> 420.078,00<br \/>\n<strong>Contributo complessivo previsto:<\/strong> 210.039,00<\/p>\n<p>&nbsp;<\/p>\n<p><strong>Elenco delle imprese che hanno partecipato al progetto:<\/strong><br \/>\nRIBES-Nest per l\u2019Ecosistema salute e l\u2019Alimentazione smart Scarl<br \/>\nBmr-genomics Srl<br \/>\nDWS Srl<br \/>\nMicromed SpA<br \/>\nTelea Electronic Engineering Srl<\/p>\n"}]},{"column_background":"","column_size":"one-third","column_alignment":"align-left","activate_top_right_border_radius":false,"content_type":[{"acf_fc_layout":"simple_content","content":"<p>&nbsp;<\/p>\n<p>&nbsp;<\/p>\n<p>&nbsp;<\/p>\n<p>&nbsp;<\/p>\n<p>&nbsp;<\/p>\n<p><span style=\"font-size: 15px;\"><img loading=\"lazy\" decoding=\"async\" class=\"size-full wp-image-19007 alignnone\" src=\"https:\/\/natus.com\/wp-content\/uploads\/rettangolo-blu-177x400-1.jpg\" alt=\"\" width=\"177\" height=\"400\" \/><\/span><\/p>\n"}]},{"column_background":"","column_size":"two-thirds","column_alignment":"align-left","activate_top_right_border_radius":false,"content_type":[{"acf_fc_layout":"simple_content","content":"<h4><span style=\"color: #008080;\">EMG Line<\/span><\/h4>\n<p><img loading=\"lazy\" decoding=\"async\" class=\"size-full wp-image-19028 alignleft\" src=\"https:\/\/natus.com\/wp-content\/uploads\/banner-web-02.jpg\" alt=\"\" width=\"251\" height=\"251\" \/><strong>Presentato da<\/strong>: Micromed SpA<\/p>\n<p>&nbsp;<\/p>\n<p>Sostegno a progetti di ricerca alle imprese che prevedono l\u2019impiego di ricercatori (dottori di ricerca e laureati magistrali con profili tecnico-scientifici) presso le imprese stesse<\/p>\n<p>&nbsp;<\/p>\n<p>&nbsp;<\/p>\n<p>&nbsp;<\/p>\n<p>&nbsp;<\/p>\n<p>&nbsp;<\/p>\n<table style=\"border-collapse: collapse; width: 100%; height: 48px;\">\n<tbody>\n<tr style=\"height: 24px;\">\n<td style=\"width: 50%; height: 24px;\"><strong>ASSE<\/strong><\/td>\n<td style=\"width: 50%; height: 24px;\"><strong>AZIONE<\/strong><\/td>\n<\/tr>\n<tr style=\"height: 24px;\">\n<td style=\"width: 50%; height: 24px;\">1<\/td>\n<td style=\"width: 50%; height: 24px;\">1.1.1<\/td>\n<\/tr>\n<\/tbody>\n<\/table>\n"}]},{"column_background":"","column_size":"one-third","column_alignment":"align-left","activate_top_right_border_radius":false,"content_type":[{"acf_fc_layout":"simple_content","content":"<p>&nbsp;<\/p>\n<p>&nbsp;<\/p>\n<p><img loading=\"lazy\" decoding=\"async\" class=\"size-full wp-image-19023 alignnone\" src=\"https:\/\/natus.com\/wp-content\/uploads\/rettangolo-green-178x400-1.jpg\" alt=\"\" width=\"178\" height=\"400\" \/><\/p>\n"}]},{"column_background":"","column_size":"two-thirds","column_alignment":"align-left","activate_top_right_border_radius":false,"content_type":[{"acf_fc_layout":"simple_content","content":"<h4><span style=\"color: #008080;\">Cibo intelligente per un futuro sostenibile \u2013 3s_4h<\/span><\/h4>\n<p>(3S_4H \u2013 Safe, Smart, Sustainable Food for Health)<\/p>\n<h4><img loading=\"lazy\" decoding=\"async\" class=\"size-full wp-image-19038 alignleft\" src=\"https:\/\/natus.com\/wp-content\/uploads\/banner-web-02-1.jpg\" alt=\"\" width=\"251\" height=\"251\" \/><\/h4>\n<p><strong>Presentato da:<\/strong> Micromed SpA attraverso la rete di imprese <a href=\"http:\/\/ribesnest.it\/\">RIBES-NEST S.C.A.R.L.<\/a><\/p>\n<p>Il progetto \u00e8 stato realizzato avvalendosi del finanziamento per il sostegno a progetti sviluppati da aggregazioni di imprese <strong>POR FESR fondo europeo di sviluppo regionale 2014-2020<\/strong>: ASSE 1, AZIONE 1.1.4 \u201cSostegno alle attivit\u00e0 collaborative di R&amp;S per lo sviluppo di nuove tecnologie sostenibili, di nuovi prodotti e servizi\u201d.<\/p>\n<p><strong>Spesa complessiva prevista<\/strong><br \/>\nEuro 5.188.650,00<br \/>\n<strong>Contributo complessivo previsto<\/strong><br \/>\nEuro 2.797.600,00<\/p>\n<p>&nbsp;<\/p>\n<p><strong><span style=\"color: #000000;\">Breve descrizione<\/span><\/strong><\/p>\n<p>Il progetto 3S4H \u201c<strong>S<\/strong>afe, <strong>S<\/strong>mart, <strong>S<\/strong>ustainable food <strong>4<\/strong> <strong>H<\/strong>ealth\u201d affronta i temi della produzione alimentare dal punto di vista della sicurezza, produttivit\u00e0, tracciabilit\u00e0, qualit\u00e0 e sostenibilit\u00e0, e della promozione del buono stato di salute attraverso una corretta e attenta alimentazione. Per garantire la qualit\u00e0 alimentare e la sostenibilit\u00e0 delle filiere agro-alimentari \u00e8 necessario controllare la produzione e l\u2019origine delle materie prime e la successiva trasformazione di un prodotto, per assicurarne la validit\u00e0 nutrizionale tutelando la sicurezza intermedia e finale. A questi aspetti si accompagna il concetto di sostenibilit\u00e0: i sistemi di produzione alimentare dovranno diventare estremamente efficienti, filiere in grado di produrre cibo sicuro e nutriente, riducendo al tempo stesso in modo deciso l\u2019impatto ambientale. Nel corso del progetto, che durer\u00e0 tre anni, saranno studiate e migliorate filiere alimentari gi\u00e0 esistenti, grazie alla collaborazione delle aziende partecipanti. Verranno sperimentate soluzioni innovative su sistemi quali le filiere cerealicole, lattiero-casearie, vegetali e delle piante officinali. Il progetto, a cui partecipano 14 aziende e cinque organismi di ricerca, si articola in quattro linee di ricerca (WP), una linea per il management (WP0) ed una per la comunicazione dei risultati pi\u00f9 significativi al pubblico e a esperti del settore (WP5). Nell\u2019ambito della sicurezza degli alimenti (WP1 <strong>S<\/strong>afe Food) si svilupperanno metodiche rapide di determinazione di alcuni patogeni, di micotossine e di contaminanti su diverse matrici alimentari. Nel WP2 sar\u00e0 affrontato il tema dello <strong>S<\/strong>mart Food e della possibilit\u00e0 di valorizzare e di migliorare le capacit\u00e0 nutritive degli alimenti anche attraverso l\u2019addizione di componenti quali biomolecole e fitocomplessi innovativi. Il WP3 (<strong>S<\/strong>ustainable Food) sar\u00e0 dedicato alla sostenibilit\u00e0 dei processi, alla valorizzazione e al recupero dei sottoprodotti, all\u2019applicazione di metodologie alternative nel trattamento delle materie prime, preferibilmente a basso costo. Il WP4 (<strong>H<\/strong>ealth) riguarder\u00e0 gli effetti della nutrizione smart sul mantenimento della salute e di una buona qualit\u00e0 di vita.<\/p>\n<p>&nbsp;<\/p>\n<p><strong>Finalit\u00e0<\/strong><\/p>\n<ul>\n<li><span style=\"font-size: 16px;\">qualificare le materie prime e i prodotti delle filiere agroalimentari tradizionali (cerealicole, lattiero-casearie, vegetali, delle piante officinali) in termini di sicurezza e tracciabilit\u00e0;<\/span><\/li>\n<li><span style=\"font-size: 16px;\">valorizzare le tipicit\u00e0 agroalimentari tradizionali prodotte dal territorio;<\/span><\/li>\n<li><span style=\"font-size: 16px;\">identificare nuovi componenti nutritivi (biomolecole, oligoelementi, fitoderivati) e mettere a punto metodologie non convenzionali per migliorare il valore di alimenti e di integratori alimentari;<\/span><\/li>\n<li><span style=\"font-size: 16px;\">migliorare la produzione in campo alimentare attraverso metodi pi\u00f9 sostenibili, valorizzazione dei sottoprodotti, ridotto consumo energetico per filiere sicure, di eccellenza e integrate nel sistema territoriale;<\/span><\/li>\n<li><span style=\"font-size: 16px;\">studiare gli effetti di una alimentazione smart rispetto a una tradizionale su alcuni processi fisiologici;<\/span><\/li>\n<li><span style=\"font-size: 16px;\">migliorare la competitivit\u00e0 delle aziende partner attraverso la qualificazione professionale e l\u2019innovazione;<\/span><\/li>\n<li><span style=\"font-size: 16px;\">accrescere il valore produttivo e commerciale delle attivit\u00e0 collegate ai settori di interesse;<\/span><\/li>\n<li><span style=\"font-size: 16px;\">sviluppare partnership proattive e continuative tra aziende e soggetti della conoscenza o esperti di settore.<\/span><\/li>\n<\/ul>\n<p>&nbsp;<\/p>\n<p><strong>Risultati attesi<\/strong><br \/>\nMessa a punto di metodologie idonee per la rilevazione rapida e diffusa di micotossine e della tracciabilit\u00e0 su materie prime e prodotti di interesse per le aziende partner; studio di metodologie idonee all\u2019individuazione e valorizzazione di nuovi principi nutritivi in materie prime e prodotti di interesse per le aziende partner; studio di metodologie idonee per la caratterizzazione e la valorizzazione dei sottoprodotti derivanti da processi di produzione e trasformazione dalle materie prime di interesse per le aziende partner; studio di metodologie non tradizionali e sostenibili per il trattamento di materie prime e prodotti di interesse per le aziende partner; studio di metodologie e processi sostenibili per migliorare la produzione in campo alimentare; messa a punto di un prototipo per studiare in modelli sperimentali le potenzialit\u00e0 nutraceutiche degli alimenti sul miglioramento di alcuni processi fisiologici (ciclo sonno\/veglia, tono muscolare); migliorare la competitivit\u00e0 delle aziende attraverso la qualificazione professionale e l\u2019innovazione; consolidare e proseguire la partnership tra aziende e soggetti della conoscenza; fornire utili informazioni sulla composizione e qualit\u00e0 dei prodotti studiati in modo da promuoverli non solo in ambito italiano ma anche internazionale.<\/p>\n<p>&nbsp;<\/p>\n<p><strong>Soggetti partecipanti<\/strong><br \/>\nA.I.A. Agricola Italiana Alimentare S.P.A., Agripharma Societ\u00e0 Cooperativa Agricola, Cereal Docks S.P.A., Chelab Srl, Consiglio Nazionale Delle Ricerche (Cnr), Ecamricert S.R.L., Favero Antonio Srl, Ilsa Spa, Industria Casearia Silvio Belladelli S.R.L., Latteria di Soligo Societa\u2019 Agricola Cooperativa, Micromed S.P.A., Molino Quaglia Spa, Phoenix Ricerca e Tecnologie Ottiche S.R.L., Salix S.R.L., Universit\u00e0 Ca\u2019 Foscari Venezia, Universit\u00e0 degli Studi di Padova, Universita\u2019 degli Studi di Verona, +Watt Srl, EXPERTEAM SRL.<\/p>\n"}]},{"column_background":"","column_size":"one-third","column_alignment":"align-left","activate_top_right_border_radius":false,"content_type":[{"acf_fc_layout":"simple_content","content":"<p>&nbsp;<\/p>\n<p>&nbsp;<\/p>\n<p>&nbsp;<\/p>\n<p>&nbsp;<\/p>\n<p><img loading=\"lazy\" decoding=\"async\" class=\"size-full wp-image-19043 alignnone\" src=\"https:\/\/natus.com\/wp-content\/uploads\/rettangolo-red-177x400-1.jpg\" alt=\"\" width=\"177\" height=\"400\" \/><\/p>\n"}]}]}}]},"_links":{"self":[{"href":"https:\/\/natus.com\/it\/wp-json\/wp\/v2\/pages\/18998","targetHints":{"allow":["GET"]}}],"collection":[{"href":"https:\/\/natus.com\/it\/wp-json\/wp\/v2\/pages"}],"about":[{"href":"https:\/\/natus.com\/it\/wp-json\/wp\/v2\/types\/page"}],"author":[{"embeddable":true,"href":"https:\/\/natus.com\/it\/wp-json\/wp\/v2\/users\/3"}],"replies":[{"embeddable":true,"href":"https:\/\/natus.com\/it\/wp-json\/wp\/v2\/comments?post=18998"}],"version-history":[{"count":10,"href":"https:\/\/natus.com\/it\/wp-json\/wp\/v2\/pages\/18998\/revisions"}],"predecessor-version":[{"id":19147,"href":"https:\/\/natus.com\/it\/wp-json\/wp\/v2\/pages\/18998\/revisions\/19147"}],"wp:attachment":[{"href":"https:\/\/natus.com\/it\/wp-json\/wp\/v2\/media?parent=18998"}],"wp:term":[{"taxonomy":"category","embeddable":true,"href":"https:\/\/natus.com\/it\/wp-json\/wp\/v2\/categories?post=18998"},{"taxonomy":"post_tag","embeddable":true,"href":"https:\/\/natus.com\/it\/wp-json\/wp\/v2\/tags?post=18998"}],"curies":[{"name":"wp","href":"https:\/\/api.w.org\/{rel}","templated":true}]}}