{"id":19144,"date":"2024-03-13T21:57:09","date_gmt":"2024-03-13T21:57:09","guid":{"rendered":"https:\/\/natus.com\/?page_id=19144"},"modified":"2024-11-19T22:17:39","modified_gmt":"2024-11-19T22:17:39","slug":"procedura-whistleblowing","status":"publish","type":"page","link":"https:\/\/natus.com\/it\/procedura-whistleblowing\/","title":{"rendered":"Procedura Whistleblowing"},"content":{"rendered":"","protected":false},"excerpt":{"rendered":"","protected":false},"author":2,"featured_media":0,"parent":0,"menu_order":0,"comment_status":"closed","ping_status":"closed","template":"","meta":{"_acf_changed":false,"footnotes":""},"categories":[],"tags":[],"class_list":["post-19144","page","type-page","status-publish","hentry"],"acf":{"content_blocks":[{"acf_fc_layout":"hero1","_acfe_flexible_toggle":"","hero_locations":{"unique_id":"n650dff0a20711","background":{"ID":929,"id":929,"title":"locations-hero","filename":"locations-hero.jpg","filesize":249977,"url":"https:\/\/natus.com\/wp-content\/uploads\/locations-hero.jpg","link":"https:\/\/natus.com\/it\/sedi\/locations-hero-2\/","alt":"","author":"1","description":"","caption":"","name":"locations-hero-2","status":"inherit","uploaded_to":8343,"date":"2023-07-30 10:59:34","modified":"2023-09-21 15:29:51","menu_order":0,"mime_type":"image\/jpeg","type":"image","subtype":"jpeg","icon":"https:\/\/natus.com\/wp-includes\/images\/media\/default.png","width":1920,"height":500,"sizes":{"thumbnail":"https:\/\/natus.com\/wp-content\/uploads\/locations-hero.jpg","thumbnail-width":128,"thumbnail-height":33,"medium":"https:\/\/natus.com\/wp-content\/uploads\/locations-hero.jpg","medium-width":1920,"medium-height":500,"medium_large":"https:\/\/natus.com\/wp-content\/uploads\/locations-hero-768x200.jpg","medium_large-width":768,"medium_large-height":200,"large":"https:\/\/natus.com\/wp-content\/uploads\/locations-hero.jpg","large-width":1920,"large-height":500,"1536x1536":"https:\/\/natus.com\/wp-content\/uploads\/locations-hero-1536x400.jpg","1536x1536-width":1536,"1536x1536-height":400,"2048x2048":"https:\/\/natus.com\/wp-content\/uploads\/locations-hero.jpg","2048x2048-width":1920,"2048x2048-height":500}},"h1":"Procedura Whistleblowing","description":""}},{"acf_fc_layout":"spacer","_acfe_flexible_toggle":"","spacer":{"module_options":{"":null,"module_id":"n6514c89a99c29","module_class":"","module_background_type":"color","module_background_color":"#f1f1f1","module_background_image":false,"module_background_video":"","activate_custom_padding":false,"padding_top_desktop":"0","padding_top_tablet":"0","padding_top_mobile":"0","padding_bottom_desktop":"0","padding_bottom_tablet":"0","padding_bottom_mobile":"0","activate_custom_margin":false,"margin_top_desktop":"0","margin_top_tablet":"0","margin_top_mobile":"0","margin_bottom_desktop":"0","margin_bottom_tablet":"0","margin_bottom_mobile":"0","disable_on":[],"content_alignment_desktop":"left","content_alignment_tablet":"left","content_alignment_mobile":"left"},"height":"50"}},{"acf_fc_layout":"divider","_acfe_flexible_toggle":"","divider":{"module_options":{"":null,"module_id":"n6514c89a9faaa","module_class":"","module_background_type":"color","module_background_color":"","module_background_image":false,"module_background_video":"","activate_custom_padding":false,"padding_top_desktop":"0","padding_top_tablet":"0","padding_top_mobile":"0","padding_bottom_desktop":"0","padding_bottom_tablet":"0","padding_bottom_mobile":"0","activate_custom_margin":false,"margin_top_desktop":"0","margin_top_tablet":"0","margin_top_mobile":"0","margin_bottom_desktop":"0","margin_bottom_tablet":"0","margin_bottom_mobile":"0","disable_on":[],"content_alignment_desktop":"left","content_alignment_tablet":"left","content_alignment_mobile":"left"},"color":"#00aaa7","height":"12"}},{"acf_fc_layout":"simple_content","_acfe_flexible_toggle":"","content_full_width_landing":{"module_options":{"":null,"module_id":"n6514c7b77fa50","module_class":"","module_background_type":"color","module_background_color":"","module_background_image":false,"module_background_video":"","activate_custom_padding":false,"padding_top_desktop":"0","padding_top_tablet":"0","padding_top_mobile":"0","padding_bottom_desktop":"0","padding_bottom_tablet":"0","padding_bottom_mobile":"0","activate_custom_margin":false,"margin_top_desktop":"0","margin_top_tablet":"0","margin_top_mobile":"0","margin_bottom_desktop":"0","margin_bottom_tablet":"0","margin_bottom_mobile":"0","disable_on":[],"content_alignment_desktop":"left","content_alignment_tablet":"left","content_alignment_mobile":"left"},"content":"<p><a href=\"https:\/\/natus.com\/it\/micromed-unisce-natus\/\" target=\"_blank\" rel=\"noopener\">Micromed S.p.A. (Natus)<\/a>, in conformit\u00e0 a quanto previsto dal D.Lgs. 24\/2023 (c.d. Decreto Whistleblowing), ha istituito dei canali interni per permettere a dipendenti, collaboratori e fornitori di segnalare violazioni delle disposizioni normative nazionali o dell\u2019Unione Europea che ledono l\u2019interesse pubblico o l\u2019integrit\u00e0 della Societ\u00e0, garantendo la tutela della riservatezza del segnalante e protezione dalle ritorsioni. I presupposti e le modalit\u00e0 per inviare e gestire le segnalazioni di Micromed Spa sono disciplinati nella \u201cProcedura whistleblowing&#8221; contenuta nel <a href=\"https:\/\/partner.natus.com\/m\/6c2da1bb5f2aa70a\/original\/Micromed-Whistleblowing-Policy.pdf\" target=\"_blank\" rel=\"noopener\">seguente link a cui ci si rimanda.\u00a0<\/a><\/p>\n"}}]},"_links":{"self":[{"href":"https:\/\/natus.com\/it\/wp-json\/wp\/v2\/pages\/19144","targetHints":{"allow":["GET"]}}],"collection":[{"href":"https:\/\/natus.com\/it\/wp-json\/wp\/v2\/pages"}],"about":[{"href":"https:\/\/natus.com\/it\/wp-json\/wp\/v2\/types\/page"}],"author":[{"embeddable":true,"href":"https:\/\/natus.com\/it\/wp-json\/wp\/v2\/users\/2"}],"replies":[{"embeddable":true,"href":"https:\/\/natus.com\/it\/wp-json\/wp\/v2\/comments?post=19144"}],"version-history":[{"count":3,"href":"https:\/\/natus.com\/it\/wp-json\/wp\/v2\/pages\/19144\/revisions"}],"predecessor-version":[{"id":19704,"href":"https:\/\/natus.com\/it\/wp-json\/wp\/v2\/pages\/19144\/revisions\/19704"}],"wp:attachment":[{"href":"https:\/\/natus.com\/it\/wp-json\/wp\/v2\/media?parent=19144"}],"wp:term":[{"taxonomy":"category","embeddable":true,"href":"https:\/\/natus.com\/it\/wp-json\/wp\/v2\/categories?post=19144"},{"taxonomy":"post_tag","embeddable":true,"href":"https:\/\/natus.com\/it\/wp-json\/wp\/v2\/tags?post=19144"}],"curies":[{"name":"wp","href":"https:\/\/api.w.org\/{rel}","templated":true}]}}