{"id":21425,"date":"2024-09-03T17:17:09","date_gmt":"2024-09-03T17:17:09","guid":{"rendered":"https:\/\/natus.com\/?page_id=21425"},"modified":"2024-09-04T14:21:03","modified_gmt":"2024-09-04T14:21:03","slug":"cloud-home-video-monitoring","status":"publish","type":"page","link":"https:\/\/natus.com\/it\/cloud-home-video-monitoring\/","title":{"rendered":"Cloud Home Video Monitoring"},"content":{"rendered":"","protected":false},"excerpt":{"rendered":"","protected":false},"author":2,"featured_media":0,"parent":0,"menu_order":0,"comment_status":"closed","ping_status":"closed","template":"","meta":{"_acf_changed":false,"footnotes":""},"categories":[],"tags":[],"class_list":["post-21425","page","type-page","status-publish","hentry"],"acf":{"content_blocks":[{"acf_fc_layout":"hero1","_acfe_flexible_toggle":"","hero_locations":{"unique_id":"n650dfe5965a7e","background":{"ID":929,"id":929,"title":"locations-hero","filename":"locations-hero.jpg","filesize":249977,"url":"https:\/\/natus.com\/wp-content\/uploads\/locations-hero.jpg","link":"https:\/\/natus.com\/it\/sedi\/locations-hero-2\/","alt":"","author":"1","description":"","caption":"","name":"locations-hero-2","status":"inherit","uploaded_to":8343,"date":"2023-07-30 10:59:34","modified":"2023-09-21 15:29:51","menu_order":0,"mime_type":"image\/jpeg","type":"image","subtype":"jpeg","icon":"https:\/\/natus.com\/wp-includes\/images\/media\/default.png","width":1920,"height":500,"sizes":{"thumbnail":"https:\/\/natus.com\/wp-content\/uploads\/locations-hero.jpg","thumbnail-width":128,"thumbnail-height":33,"medium":"https:\/\/natus.com\/wp-content\/uploads\/locations-hero.jpg","medium-width":1920,"medium-height":500,"medium_large":"https:\/\/natus.com\/wp-content\/uploads\/locations-hero-768x200.jpg","medium_large-width":768,"medium_large-height":200,"large":"https:\/\/natus.com\/wp-content\/uploads\/locations-hero.jpg","large-width":1920,"large-height":500,"1536x1536":"https:\/\/natus.com\/wp-content\/uploads\/locations-hero-1536x400.jpg","1536x1536-width":1536,"1536x1536-height":400,"2048x2048":"https:\/\/natus.com\/wp-content\/uploads\/locations-hero.jpg","2048x2048-width":1920,"2048x2048-height":500}},"h1":"Cloud Home Video Monitoring","description":"Studio di nuove tecnologie per facilitare il monitoraggio anche a distanza di indicatori della salute- CLOUD HOME VIDEO MONITORING"}},{"acf_fc_layout":"spacer","_acfe_flexible_toggle":"","spacer":{"module_options":{"":null,"module_id":"n6514c945ac306","module_class":"","module_background_type":"color","module_background_color":"#f1f1f1","module_background_image":false,"module_background_video":"","activate_custom_padding":false,"padding_top_desktop":"0","padding_top_tablet":"0","padding_top_mobile":"0","padding_bottom_desktop":"0","padding_bottom_tablet":"0","padding_bottom_mobile":"0","activate_custom_margin":false,"margin_top_desktop":"0","margin_top_tablet":"0","margin_top_mobile":"0","margin_bottom_desktop":"0","margin_bottom_tablet":"0","margin_bottom_mobile":"0","disable_on":[],"content_alignment_desktop":"left","content_alignment_tablet":"left","content_alignment_mobile":"left"},"height":"30"}},{"acf_fc_layout":"divider","_acfe_flexible_toggle":"","divider":{"module_options":{"":null,"module_id":"n6514c945b2b9b","module_class":"","module_background_type":"color","module_background_color":"","module_background_image":false,"module_background_video":"","activate_custom_padding":false,"padding_top_desktop":"0","padding_top_tablet":"0","padding_top_mobile":"0","padding_bottom_desktop":"0","padding_bottom_tablet":"0","padding_bottom_mobile":"0","activate_custom_margin":false,"margin_top_desktop":"0","margin_top_tablet":"0","margin_top_mobile":"0","margin_bottom_desktop":"-50","margin_bottom_tablet":"0","margin_bottom_mobile":"0","disable_on":[],"content_alignment_desktop":"left","content_alignment_tablet":"left","content_alignment_mobile":"left"},"color":"#00aaa7","height":"12"}},{"acf_fc_layout":"simple_content","_acfe_flexible_toggle":"","content_full_width_landing":{"module_options":{"":null,"module_id":"n6514c8b74eda8","module_class":"","module_background_type":"color","module_background_color":"","module_background_image":false,"module_background_video":"","activate_custom_padding":true,"padding_top_desktop":"50","padding_top_tablet":"0","padding_top_mobile":"0","padding_bottom_desktop":"0","padding_bottom_tablet":"0","padding_bottom_mobile":"0","activate_custom_margin":false,"margin_top_desktop":"0","margin_top_tablet":"0","margin_top_mobile":"0","margin_bottom_desktop":"0","margin_bottom_tablet":"0","margin_bottom_mobile":"0","disable_on":[],"content_alignment_desktop":"left","content_alignment_tablet":"left","content_alignment_mobile":"left"},"content":"<p><img loading=\"lazy\" decoding=\"async\" class=\"alignleft size-full wp-image-21418\" src=\"https:\/\/natus.com\/wp-content\/uploads\/Resize-image-project-9.png\" alt=\"\" width=\"2400\" height=\"286\" srcset=\"https:\/\/natus.com\/wp-content\/uploads\/Resize-image-project-9.png 2400w, https:\/\/natus.com\/wp-content\/uploads\/Resize-image-project-9-768x92.png 768w, https:\/\/natus.com\/wp-content\/uploads\/Resize-image-project-9-1536x183.png 1536w, https:\/\/natus.com\/wp-content\/uploads\/Resize-image-project-9-2048x244.png 2048w\" sizes=\"auto, (max-width: 2400px) 100vw, 2400px\" \/><\/p>\n<p><strong>Progetto finanziato con il Piano Sviluppo e Coesione Veneto \u2013 FSC 2021-2027 Stralcio (Delibera CIPESS 79\/2021).<\/strong><\/p>\n<p>Area tematica n. 01 Ricerca e Innovazione &#8211; Settore n. 01.01 Ricerca e Sviluppo. CUP: B69J23000700009<\/p>\n<p><strong>Presentato da: <\/strong>Micromed Spa attraverso il <em>Bando per il sostegno a progetti di ricerca e sviluppo nelle tematiche della salute e del benessere<\/em><strong> (<\/strong>DGR n. 1570 del 6 dicembre 2022).<\/p>\n<p><strong>Durata del progetto:<\/strong> 06\/03\/2023 \u2013 31\/07\/2024<\/p>\n<p><strong>Spesa complessiva prevista: <\/strong>198.895,04 \u20ac<\/p>\n<p><strong>Contributo complessivo previsto: <\/strong>69.613,26 \u20ac<\/p>\n<p>&nbsp;<\/p>\n<p><strong>Breve descrizione<\/strong><\/p>\n<p>Il periodo pandemico spesso ha messo a dura prova l\u2019organizzazione del sistema sanitario che ha dovuto intervenire sugli spazi, personale sanitario e, conseguentemente sui rapporti con i pazienti; tutti gli aspetti della sanit\u00e0 hanno dovuto dunque adattarsi a nuove modalit\u00e0 di espletamento. Nel caso specifico di pazienti con deficienze motorie e\/o cerebrali significative, il percorso di riabilitazione\/monitoraggio \u00e8 una fase che va pianificata con i tempi e le strategie pi\u00f9 adeguati.<\/p>\n<p>Il progetto \u201cCLOUD HOME VIDEO MONITORING\u201d percorre i contenuti della traiettoria 24 \u201cServizi e tecnologie assistive\u201d dell\u2019ambito Smart Health in quanto si prevede di sviluppare un sistema tecnologico che integri componenti hardware e software per offrire un servizio di monitoraggio sfruttando al meglio le potenzialit\u00e0 dei sistemi informativi per potenziare la gestione dei pazienti a distanza e applicare le tecniche di intelligenza artificiale. In particolare, sono stati sviluppati ed integrati nella soluzione finale diversi moduli hardware e software al fine di avere un software in cloud di raccolta ed elaborazione di big data derivanti dalla rilevazione di un dispositivo indossabile, e dalla sensoristica in esso inclusa, per il monitoraggio della salute da remoto e in ambienti domestici di pazienti che necessitano di un follow-up.<\/p>\n<p>L\u2019obiettivo principale di tale proposta, oltre ad agevolare lo sviluppo e la realizzazione di un nuovo sistema tecnologico, sar\u00e0 quello di ridurre la spesa sanitaria (cfr. impatti attesi di Horizon Europe n. 4, 5). Si stima che il 20% di tutti i costi sanitari derivi dalla mancanza di esercizio fisico costante e di sonno adeguato e dalla dipendenza da alcol, droghe e tabacco. Incoraggiando l\u2019attivit\u00e0 fisica e migliorando i modelli di sonno, la tecnologia indossabile pu\u00f2 aiutare i pazienti a essere pi\u00f9 sani e prevenire il verificarsi di condizioni patologiche, riducendo in tal modo l\u2019incidenza dei costi delle cure sul Sistema Sanitario Nazionale (\u201c<em>Wearable device in Sanit\u00e0: cosa sono e quali sono i vantaggi\u201d di Healthtech360<\/em>).<\/p>\n<p>Tale progetto andrebbe a fortificare inoltre un aspetto che al momento risulta debole a livello territoriale, ovvero l\u2019identificazione di modelli di business innovativi: la telemedicina, nello specifico la ricerca al servizio dello sviluppo di dispositivi elettromedicali user friendly, si sta rivelando una soluzione innovativa per accrescere il business delle aziende del settore biomedico che affiancano ospedali e specialisti.<\/p>\n<p>&nbsp;<\/p>\n<p><strong>Finalit\u00e0<\/strong><\/p>\n<ul>\n<li>Sviluppare soluzioni innovative e digitalizzate utili per la salute e benessere dei pazienti e contestualmente utile per una riduzione dei tempi di ospedalizzazione in favore di un monitoraggio efficace eseguito a casa del paziente.<\/li>\n<li>Implementare dispositivi biomedicali miniaturizzati e indossabili per il monitoraggio e l\u2019assistenza domiciliare con decremento del costo sulla spesa pubblica della sanit\u00e0, gestendo ed analizzando in modo ottimale i Big Data derivanti da tali strumenti.<\/li>\n<\/ul>\n<p>&nbsp;<\/p>\n<p><strong>Risultati attesi<\/strong><\/p>\n<p>Sviluppare un software in grado di registrare ed analizzare correttamente i dati ed archiviarli in un cloud a disposizione degli utenti<\/p>\n<p>&nbsp;<\/p>\n<p><strong>Soggetti partecipanti<\/strong><\/p>\n<p>Dipartimento <strong>DEI<\/strong> dell\u2019<em>Universit\u00e0 degli Studi di Padova<\/em>.<\/p>\n<p>&nbsp;<\/p>\n<div id=\"attachment_21426\" style=\"width: 270px\" class=\"wp-caption alignleft\"><img aria-describedby=\"caption-attachment-21426\" loading=\"lazy\" decoding=\"async\" class=\" wp-image-21426\" src=\"https:\/\/natus.com\/wp-content\/uploads\/Ricera-di-compeneti.png\" alt=\"\" width=\"260\" height=\"186\" \/><p id=\"caption-attachment-21426\" class=\"wp-caption-text\"><span style=\"font-size: 12px;\">Ricerca di componenti adeguati per la trasmissione dei dati via CLOUD.<\/span><br \/><span style=\"font-size: 12px;\">Verifiche e validazione del software.<\/span><\/p><\/div>\n<p><img loading=\"lazy\" decoding=\"async\" class=\"alignleft wp-image-21431\" src=\"https:\/\/natus.com\/wp-content\/uploads\/Morpheus.png\" alt=\"\" width=\"140\" height=\"187\" \/><\/p>\n<div id=\"attachment_21436\" style=\"width: 151px\" class=\"wp-caption alignleft\"><img aria-describedby=\"caption-attachment-21436\" loading=\"lazy\" decoding=\"async\" class=\" wp-image-21436\" src=\"https:\/\/natus.com\/wp-content\/uploads\/micropressori.png\" alt=\"\" width=\"141\" height=\"187\" \/><p id=\"caption-attachment-21436\" class=\"wp-caption-text\"><span style=\"font-size: 12px;\">Impiego di microprocessori ARM per sistema di acquisizione portatili e indossabili.<\/span><\/p><\/div>\n"}}]},"_links":{"self":[{"href":"https:\/\/natus.com\/it\/wp-json\/wp\/v2\/pages\/21425","targetHints":{"allow":["GET"]}}],"collection":[{"href":"https:\/\/natus.com\/it\/wp-json\/wp\/v2\/pages"}],"about":[{"href":"https:\/\/natus.com\/it\/wp-json\/wp\/v2\/types\/page"}],"author":[{"embeddable":true,"href":"https:\/\/natus.com\/it\/wp-json\/wp\/v2\/users\/2"}],"replies":[{"embeddable":true,"href":"https:\/\/natus.com\/it\/wp-json\/wp\/v2\/comments?post=21425"}],"version-history":[{"count":7,"href":"https:\/\/natus.com\/it\/wp-json\/wp\/v2\/pages\/21425\/revisions"}],"predecessor-version":[{"id":21461,"href":"https:\/\/natus.com\/it\/wp-json\/wp\/v2\/pages\/21425\/revisions\/21461"}],"wp:attachment":[{"href":"https:\/\/natus.com\/it\/wp-json\/wp\/v2\/media?parent=21425"}],"wp:term":[{"taxonomy":"category","embeddable":true,"href":"https:\/\/natus.com\/it\/wp-json\/wp\/v2\/categories?post=21425"},{"taxonomy":"post_tag","embeddable":true,"href":"https:\/\/natus.com\/it\/wp-json\/wp\/v2\/tags?post=21425"}],"curies":[{"name":"wp","href":"https:\/\/api.w.org\/{rel}","templated":true}]}}