{"id":21932,"date":"2024-11-13T21:11:42","date_gmt":"2024-11-13T21:11:42","guid":{"rendered":"https:\/\/natus.com\/coordinated-vulnerability-disclosure-policy\/"},"modified":"2024-11-22T21:21:02","modified_gmt":"2024-11-22T21:21:02","slug":"politica-di-divulgazione-coordinata-delle-vulnerabilita","status":"publish","type":"page","link":"https:\/\/natus.com\/it\/politica-di-divulgazione-coordinata-delle-vulnerabilita\/","title":{"rendered":"Politica di divulgazione coordinata delle vulnerabilit\u00e0"},"content":{"rendered":"","protected":false},"excerpt":{"rendered":"","protected":false},"author":2,"featured_media":0,"parent":0,"menu_order":0,"comment_status":"closed","ping_status":"closed","template":"","meta":{"_acf_changed":false,"footnotes":""},"categories":[],"tags":[],"class_list":["post-21932","page","type-page","status-publish","hentry"],"acf":{"content_blocks":[{"acf_fc_layout":"hero1","_acfe_flexible_toggle":"","hero_locations":{"unique_id":"n650dff0a20711","background":{"ID":929,"id":929,"title":"locations-hero","filename":"locations-hero.jpg","filesize":249977,"url":"https:\/\/natus.com\/wp-content\/uploads\/locations-hero.jpg","link":"https:\/\/natus.com\/it\/sedi\/locations-hero-2\/","alt":"","author":"1","description":"","caption":"","name":"locations-hero-2","status":"inherit","uploaded_to":8343,"date":"2023-07-30 10:59:34","modified":"2023-09-21 15:29:51","menu_order":0,"mime_type":"image\/jpeg","type":"image","subtype":"jpeg","icon":"https:\/\/natus.com\/wp-includes\/images\/media\/default.png","width":1920,"height":500,"sizes":{"thumbnail":"https:\/\/natus.com\/wp-content\/uploads\/locations-hero.jpg","thumbnail-width":128,"thumbnail-height":33,"medium":"https:\/\/natus.com\/wp-content\/uploads\/locations-hero.jpg","medium-width":1920,"medium-height":500,"medium_large":"https:\/\/natus.com\/wp-content\/uploads\/locations-hero-768x200.jpg","medium_large-width":768,"medium_large-height":200,"large":"https:\/\/natus.com\/wp-content\/uploads\/locations-hero.jpg","large-width":1920,"large-height":500,"1536x1536":"https:\/\/natus.com\/wp-content\/uploads\/locations-hero-1536x400.jpg","1536x1536-width":1536,"1536x1536-height":400,"2048x2048":"https:\/\/natus.com\/wp-content\/uploads\/locations-hero.jpg","2048x2048-width":1920,"2048x2048-height":500}},"h1":"Politica di divulgazione coordinata delle vulnerabilit\u00e0","description":""}},{"acf_fc_layout":"spacer","_acfe_flexible_toggle":"","spacer":{"module_options":{"":null,"module_id":"n6514c89a99c29","module_class":"","module_background_type":"color","module_background_color":"#f1f1f1","module_background_image":false,"module_background_video":"","activate_custom_padding":false,"padding_top_desktop":"0","padding_top_tablet":"0","padding_top_mobile":"0","padding_bottom_desktop":"0","padding_bottom_tablet":"0","padding_bottom_mobile":"0","activate_custom_margin":false,"margin_top_desktop":"0","margin_top_tablet":"0","margin_top_mobile":"0","margin_bottom_desktop":"0","margin_bottom_tablet":"0","margin_bottom_mobile":"0","disable_on":[],"content_alignment_desktop":"left","content_alignment_tablet":"left","content_alignment_mobile":"left"},"height":"30"}},{"acf_fc_layout":"divider","_acfe_flexible_toggle":"","divider":{"module_options":{"":null,"module_id":"n6514c89a9faaa","module_class":"","module_background_type":"color","module_background_color":"","module_background_image":false,"module_background_video":"","activate_custom_padding":false,"padding_top_desktop":"0","padding_top_tablet":"0","padding_top_mobile":"0","padding_bottom_desktop":"0","padding_bottom_tablet":"0","padding_bottom_mobile":"0","activate_custom_margin":false,"margin_top_desktop":"0","margin_top_tablet":"0","margin_top_mobile":"0","margin_bottom_desktop":"0","margin_bottom_tablet":"0","margin_bottom_mobile":"0","disable_on":[],"content_alignment_desktop":"left","content_alignment_tablet":"left","content_alignment_mobile":"left"},"color":"#00aaa7","height":"12"}},{"acf_fc_layout":"simple_content","_acfe_flexible_toggle":"","content_full_width_landing":{"module_options":{"":null,"module_id":"n6514c7b77fa50","module_class":"","module_background_type":"color","module_background_color":"","module_background_image":false,"module_background_video":"","activate_custom_padding":false,"padding_top_desktop":"0","padding_top_tablet":"0","padding_top_mobile":"0","padding_bottom_desktop":"0","padding_bottom_tablet":"0","padding_bottom_mobile":"0","activate_custom_margin":false,"margin_top_desktop":"0","margin_top_tablet":"0","margin_top_mobile":"0","margin_bottom_desktop":"0","margin_bottom_tablet":"0","margin_bottom_mobile":"0","disable_on":[],"content_alignment_desktop":"left","content_alignment_tablet":"left","content_alignment_mobile":"left"},"content":"<p><span style=\"font-size: 15px;\">La Politica di divulgazione coordinata delle vulnerabilit\u00e0 di Natus \u00e8 stata concepita per garantire trasparenza ai nostri clienti con informazioni e indicazioni utili per la gestione dei rischi di sicurezza informatica. Incoraggiamo i clienti e le altre parti interessate esterne a collaborare ai piani di risposta al trattamento in relazione alle vulnerabilit\u00e0 individuate nei prodotti Natus. Il processo di divulgazione coordinata delle vulnerabilit\u00e0 si articola nelle seguenti quattro fasi:<\/span><\/p>\n<p>&nbsp;<\/p>\n<ul>\n<li><span style=\"font-size: 15px;\"><strong>Individuazione<\/strong>: i clienti Natus, i ricercatori di sicurezza informatica e altre parti interessate esterne sono invitati a segnalare vulnerabilit\u00e0 potenziali o individuate, violazioni o altri segnali e incidenti di sicurezza informatica in relazione ai prodotti Natus. Dette vulnerabilit\u00e0 potenziali o individuate devono essere segnalate a Natus sotto forma di reclamo al servizio tecnico, seguendo la procedura di gestione dei reclami di Natus. Una volta ricevuta la segnalazione dalla fonte, Natus ne confermer\u00e0 tempestivamente la ricezione.<\/span><\/li>\n<li><span style=\"font-size: 15px;\"><strong>Triage e analisi<\/strong>: Natus collabora con la fonte che ha segnalato i potenziali problemi ed eventi di sicurezza per indagare e verificare le vulnerabilit\u00e0 segnalate. Se la vulnerabilit\u00e0 \u00e8 verificata e idonea alla pianificazione del trattamento, Natus seguir\u00e0 la procedura di gestione delle vulnerabilit\u00e0 e risposta agli incidenti di sicurezza del prodotto per definire piani di risposta al trattamento efficaci. Le tempistiche per il trattamento e la divulgazione devono essere comunicate prima possibile.<\/span><\/li>\n<li><span style=\"font-size: 15px;\"><strong>Bonifica o mitigazione<\/strong>: la risposta al trattamento consentir\u00e0 di individuare le strategie di bonifica e\/o mitigazione per eliminare la vulnerabilit\u00e0 o ridurre il rischio a un livello accettabile. Ove opportuno, la risposta al trattamento includer\u00e0 comunicazioni di divulgazione destinate a coordinatori, gruppi di condivisione delle informazioni e agenzie normative.<\/span><\/li>\n<li><span style=\"font-size: 15px;\"><strong>Divulgazione delle vulnerabilit\u00e0<\/strong>: Natus pubblica le divulgazioni coordinate delle vulnerabilit\u00e0 rilasciate sotto forma di avvisi o bollettini sulla sicurezza dei prodotti sul sito Web di Natus. Le note sulla versione e altre etichette di prodotto possono essere utilizzate per divulgare le vulnerabilit\u00e0. In questa fase, Natus condivide le informazioni sulle vulnerabilit\u00e0 con i coordinatori e\/o altre parti interessate esterne.<\/span><\/li>\n<\/ul>\n"}}]},"_links":{"self":[{"href":"https:\/\/natus.com\/it\/wp-json\/wp\/v2\/pages\/21932","targetHints":{"allow":["GET"]}}],"collection":[{"href":"https:\/\/natus.com\/it\/wp-json\/wp\/v2\/pages"}],"about":[{"href":"https:\/\/natus.com\/it\/wp-json\/wp\/v2\/types\/page"}],"author":[{"embeddable":true,"href":"https:\/\/natus.com\/it\/wp-json\/wp\/v2\/users\/2"}],"replies":[{"embeddable":true,"href":"https:\/\/natus.com\/it\/wp-json\/wp\/v2\/comments?post=21932"}],"version-history":[{"count":1,"href":"https:\/\/natus.com\/it\/wp-json\/wp\/v2\/pages\/21932\/revisions"}],"predecessor-version":[{"id":21939,"href":"https:\/\/natus.com\/it\/wp-json\/wp\/v2\/pages\/21932\/revisions\/21939"}],"wp:attachment":[{"href":"https:\/\/natus.com\/it\/wp-json\/wp\/v2\/media?parent=21932"}],"wp:term":[{"taxonomy":"category","embeddable":true,"href":"https:\/\/natus.com\/it\/wp-json\/wp\/v2\/categories?post=21932"},{"taxonomy":"post_tag","embeddable":true,"href":"https:\/\/natus.com\/it\/wp-json\/wp\/v2\/tags?post=21932"}],"curies":[{"name":"wp","href":"https:\/\/api.w.org\/{rel}","templated":true}]}}