{"id":25689,"date":"2025-10-31T19:16:05","date_gmt":"2025-10-31T19:16:05","guid":{"rendered":"https:\/\/natus.com\/autoscore-faqs\/"},"modified":"2026-01-22T19:06:59","modified_gmt":"2026-01-22T19:06:59","slug":"faq-di-autoscore","status":"publish","type":"page","link":"https:\/\/natus.com\/it\/faq-di-autoscore\/","title":{"rendered":"FAQ di autoSCORE"},"content":{"rendered":"","protected":false},"excerpt":{"rendered":"","protected":false},"author":3,"featured_media":0,"parent":0,"menu_order":0,"comment_status":"closed","ping_status":"closed","template":"","meta":{"_acf_changed":false,"footnotes":""},"categories":[],"tags":[],"class_list":["post-25689","page","type-page","status-publish","hentry"],"acf":{"content_blocks":[{"acf_fc_layout":"simple_content","_acfe_flexible_layout_title":null,"_acfe_flexible_toggle":null,"content_full_width_landing":{"module_options":{"":null,"module_id":"n6900e23aef134","module_class":"","module_background_type":"image","module_background_color":"","module_background_image":"https:\/\/natus.com\/wp-content\/uploads\/Autoscore-CoverImage-HERO.jpg","module_background_video":"","activate_custom_padding":false,"padding_top_desktop":0,"padding_top_tablet":"","padding_top_mobile":"","padding_bottom_desktop":"","padding_bottom_tablet":"","padding_bottom_mobile":"","activate_custom_margin":false,"margin_top_desktop":"","margin_top_tablet":"","margin_top_mobile":"","margin_bottom_desktop":"","margin_bottom_tablet":"","margin_bottom_mobile":"","disable_on":[],"content_alignment_desktop":"left","content_alignment_tablet":"left","content_alignment_mobile":"left"},"content":"<p>&nbsp;<\/p>\n<p>&nbsp;<\/p>\n<p>&nbsp;<\/p>\n<p>&nbsp;<\/p>\n<p>&nbsp;<\/p>\n<p>&nbsp;<\/p>\n<p>&nbsp;<\/p>\n<p>&nbsp;<\/p>\n<h1 style=\"text-align: center;\"><span style=\"color: #ffffff;\">FAQ di autoSCORE<\/span><\/h1>\n"}},{"acf_fc_layout":"simple_content","_acfe_flexible_layout_title":null,"_acfe_flexible_toggle":null,"content_full_width_landing":{"module_options":{"":null,"module_id":"n6514c7b77fa50","module_class":"","module_background_type":"color","module_background_color":"","module_background_image":false,"module_background_video":"","activate_custom_padding":false,"padding_top_desktop":0,"padding_top_tablet":"","padding_top_mobile":"","padding_bottom_desktop":"","padding_bottom_tablet":"","padding_bottom_mobile":"","activate_custom_margin":false,"margin_top_desktop":"","margin_top_tablet":"","margin_top_mobile":"","margin_bottom_desktop":"","margin_bottom_tablet":"","margin_bottom_mobile":"","disable_on":[],"content_alignment_desktop":"left","content_alignment_tablet":"left","content_alignment_mobile":"left"},"content":"<h6><span style=\"color: #008c9a;\">Qual \u00e8 l\u2019uso dell\u2019IA nell\u2019EEG? <\/span><\/h6>\n<p>I neurologi e gli epilettologi si affidano sempre pi\u00f9 spesso all\u2019intelligenza artificiale per eseguire analisi EEG pi\u00f9 rapide e per aiutare a rilevare e dare priorit\u00e0 alle anomalie in tempi molto pi\u00f9 brevi. In qualit\u00e0 di leader in questa categoria, Natus autoSCORE \u00e8 il primo modello al mondo basato sull\u2019intelligenza artificiale che fornisce un\u2019interpretazione clinica completa dell\u2019EEG, con una precisione pari a quella di medici esperti.<\/p>\n<p>&nbsp;<\/p>\n<p>&nbsp;<\/p>\n<h6><span style=\"color: #008c9a;\">Chi sono i destinatari di autoSCORE?<\/span><\/h6>\n<p>Gli utenti previsti sono professionisti adeguatamente formati e qualificati per esaminare clinicamente le registrazioni EEG.<\/p>\n<h4><\/h4>\n<p>&nbsp;<\/p>\n<h6><span style=\"color: #008c9a;\">Per quali tipi di EEG pu\u00f2 essere utilizzato autoSCORE?<\/span><\/h6>\n<p>autoSCORE \u00e8 destinato all\u2019analisi di EEG di routine per pazienti adulti e pediatrici, EEG di monitoraggio a lungo termine e registrazioni EEG ambulatoriali che utilizzano uno schema 1020 completo pi\u00f9 un canale EKG. autoSCORE non \u00e8 destinato a essere utilizzato per registrazioni in terapia intensiva e neonatali.<\/p>\n<p>&nbsp;<\/p>\n<p>&nbsp;<\/p>\n<h6><span style=\"color: #008c9a;\">Con quale software EEG \u00e8 compatibile autoSCORE? <\/span><\/h6>\n<p>autoSCORE \u00e8 disponibile esclusivamente tramite Natus ed \u00e8 attualmente compatibile con NeuroWorks 10 GMA5.<\/p>\n<p>&nbsp;<\/p>\n<p>&nbsp;<\/p>\n<h6><span style=\"color: #008c9a;\">autoSCORE fornisce conclusioni diagnostiche che sostituiscono la revisione del medico? <\/span><\/h6>\n<p>No, l\u2019utente deve esaminare l\u2019EEG ed esercitare il proprio giudizio clinico per trarre una conclusione indipendente a sostegno o meno della malattia cerebrale.<\/p>\n<p>&nbsp;<\/p>\n<p>&nbsp;<\/p>\n<h6><span style=\"color: #008c9a;\">Quali classificazioni di anomalie fornisce autoSCORE? <\/span><\/h6>\n<p>autoSCORE \u00e8 in grado di identificare gli EEG normali. Per le registrazioni anormali, autoSCORE suddivide ulteriormente le anomalie in quattro categorie clinicamente rilevanti:<\/p>\n<ul>\n<li>Epilettiforme: focale<\/li>\n<li>Epilettiforme: generalizzato<\/li>\n<li>Non epilettiforme: focale<\/li>\n<li>Non-epilettiforme: diffuso<\/li>\n<\/ul>\n<p>&nbsp;<\/p>\n<p>&nbsp;<\/p>\n<h6><span style=\"color: #008c9a;\">Cosa significa la percentuale di probabilit\u00e0 (%)? <\/span><\/h6>\n<p>Negli algoritmi IA, i valori % indicano il livello di confidenza dei risultati dell\u2019analisi, come i marcatori di anomalia nello studio, la conclusione normale\/anormale a livello di studio e le sottocategorie a livello di studio (studi &lt;4h). Pi\u00f9 alte sono le percentuali, maggiore \u00e8 la fiducia che gli utenti possono avere nei risultati di autoSCORE. I rilevamenti con valori di probabilit\u00e0 % pi\u00f9 bassi richiedono maggiore attenzione ed eventualmente competenze per la revisione.<\/p>\n<p>&nbsp;<\/p>\n<p>&nbsp;<\/p>\n<h6><span style=\"color: #008c9a;\">L\u2019algoritmo IA di autoSCORE cambia o migliora da solo nel tempo? <\/span><\/h6>\n<p>No, autoSCORE \u00e8 un algoritmo bloccato addestrato secondo i principi del deep learning per indicare le sezioni EEG, comprese le anomalie, fornendo cos\u00ec prestazioni controllate.<\/p>\n<p>&nbsp;<\/p>\n<p>&nbsp;<\/p>\n<h6><span style=\"color: #008c9a;\">Quanto \u00e8 sicuro autoSCORE? <\/span><\/h6>\n<p>autoSCORE \u00e8 un analizzatore che funziona sul sistema EEG locale, proprio come gli altri analizzatori non basati su IA in NeuroWorks. autoSCORE non soddisfa la definizione di dispositivo cibernetico: non trasmette dati clinici sulla rete locale n\u00e9 su Internet. autoSCORE non interfaccia n\u00e9 raccoglie informazioni sanitarie protette.<\/p>\n<p>&nbsp;<\/p>\n<p>&nbsp;<\/p>\n<h6><span style=\"color: #008c9a;\">Come si colloca autoSCORE rispetto ai rilevatori di picchi e crisi epilettiche? <\/span><\/h6>\n<p>autoSCORE fornisce una classificazione pi\u00f9 completa delle anomalie EEG rispetto agli attuali rilevatori presenti sul mercato. A differenza dei tradizionali rilevatori di picchi e crisi, autoSCORE valuta non solo le anomalie epilettiformi ma anche quelle non epilettiformi, guidando la diagnosi e il trattamento corrispondente. I rilevatori di picchi e convulsioni non forniscono inoltre una valutazione a livello di studio che informi i team di cura se un EEG \u00e8 normale o anormale. Con una sensibilit\u00e0 simile a quella di esperti umani e superiore a quella degli attuali rilevatori basati sull\u2019IA, autoSCORE \u00e8 progettato per ridurre al minimo i falsi positivi.<\/p>\n"}},{"acf_fc_layout":"simple_content","_acfe_flexible_layout_title":null,"_acfe_flexible_toggle":null,"content_full_width_landing":{"module_options":{"":null,"module_id":"n69011c8670d51","module_class":"","module_background_type":"color","module_background_color":"","module_background_image":false,"module_background_video":"","activate_custom_padding":false,"padding_top_desktop":0,"padding_top_tablet":"","padding_top_mobile":"","padding_bottom_desktop":"","padding_bottom_tablet":"","padding_bottom_mobile":"","activate_custom_margin":false,"margin_top_desktop":"","margin_top_tablet":"","margin_top_mobile":"","margin_bottom_desktop":"","margin_bottom_tablet":"","margin_bottom_mobile":"","disable_on":[],"content_alignment_desktop":"left","content_alignment_tablet":"left","content_alignment_mobile":"left"},"content":"<p><span style=\"font-size: 11px;\">052141 RevA<\/span><\/p>\n"}}]},"_links":{"self":[{"href":"https:\/\/natus.com\/it\/wp-json\/wp\/v2\/pages\/25689","targetHints":{"allow":["GET"]}}],"collection":[{"href":"https:\/\/natus.com\/it\/wp-json\/wp\/v2\/pages"}],"about":[{"href":"https:\/\/natus.com\/it\/wp-json\/wp\/v2\/types\/page"}],"author":[{"embeddable":true,"href":"https:\/\/natus.com\/it\/wp-json\/wp\/v2\/users\/3"}],"replies":[{"embeddable":true,"href":"https:\/\/natus.com\/it\/wp-json\/wp\/v2\/comments?post=25689"}],"version-history":[{"count":2,"href":"https:\/\/natus.com\/it\/wp-json\/wp\/v2\/pages\/25689\/revisions"}],"predecessor-version":[{"id":25697,"href":"https:\/\/natus.com\/it\/wp-json\/wp\/v2\/pages\/25689\/revisions\/25697"}],"wp:attachment":[{"href":"https:\/\/natus.com\/it\/wp-json\/wp\/v2\/media?parent=25689"}],"wp:term":[{"taxonomy":"category","embeddable":true,"href":"https:\/\/natus.com\/it\/wp-json\/wp\/v2\/categories?post=25689"},{"taxonomy":"post_tag","embeddable":true,"href":"https:\/\/natus.com\/it\/wp-json\/wp\/v2\/tags?post=25689"}],"curies":[{"name":"wp","href":"https:\/\/api.w.org\/{rel}","templated":true}]}}