{"id":9481,"date":"2023-09-05T17:48:34","date_gmt":"2023-09-05T17:48:34","guid":{"rendered":"https:\/\/natus.com\/emu40ex-ltm-amplifier\/"},"modified":"2025-11-25T20:08:34","modified_gmt":"2025-11-25T20:08:34","slug":"amplificatore-ltm-wireless-emu40ex","status":"publish","type":"page","link":"https:\/\/natus.com\/it\/neuro\/amplificatore-ltm-wireless-emu40ex\/","title":{"rendered":"Amplificatore LTM wireless Natus\u00ae EMU40EX\u2122"},"content":{"rendered":"","protected":false},"excerpt":{"rendered":"","protected":false},"author":2,"featured_media":0,"parent":10463,"menu_order":0,"comment_status":"closed","ping_status":"closed","template":"templates\/page-neuro-solutions-product-landing.php","meta":{"_acf_changed":false,"footnotes":""},"categories":[161],"tags":[251],"class_list":["post-9481","page","type-page","status-publish","hentry","category-elettroencefalografia-eeg-aeeg-it","tag-monitoraggio-lungo-termine-it"],"acf":{"content_blocks":[{"acf_fc_layout":"spacer","_acfe_flexible_toggle":"","spacer":{"module_options":{"":null,"module_id":"n64babb6de86c1","module_class":"","module_background_type":"color","module_background_color":"#00aaa7","module_background_image":false,"module_background_video":"","activate_custom_padding":false,"padding_top_desktop":"0","padding_top_tablet":"0","padding_top_mobile":"0","padding_bottom_desktop":"0","padding_bottom_tablet":"0","padding_bottom_mobile":"0","activate_custom_margin":false,"margin_top_desktop":"0","margin_top_tablet":"0","margin_top_mobile":"0","margin_bottom_desktop":"0","margin_bottom_tablet":"0","margin_bottom_mobile":"0","disable_on":[],"content_alignment_desktop":"left","content_alignment_tablet":"left","content_alignment_mobile":"left"},"height":"270"}},{"acf_fc_layout":"intro_with_sticky_image","_acfe_flexible_toggle":"","left_content_right_image_sticky":{"module_options":{"":null,"module_id":"n64bfe3c147dc3","module_class":"","module_background_type":"color","module_background_color":"#f1f1f1","module_background_image":false,"module_background_video":"","activate_custom_padding":false,"padding_top_desktop":"0","padding_top_tablet":"0","padding_top_mobile":"0","padding_bottom_desktop":"0","padding_bottom_tablet":"0","padding_bottom_mobile":"0","activate_custom_margin":false,"margin_top_desktop":"0","margin_top_tablet":"0","margin_top_mobile":"0","margin_bottom_desktop":"0","margin_bottom_tablet":"0","margin_bottom_mobile":"0","disable_on":[],"content_alignment_desktop":"left","content_alignment_tablet":"left","content_alignment_mobile":"left"},"":null,"title":"Amplificatore LTM Wireless Natus<sup>\u00ae<\/sup>EMU40EX<sup>\u2122<\/sup>","subheader":"<p>L&#8217;amplificatore compatto Natus EMU40EX con funzionalit\u00e0 wireless integrata consente il monitoraggio video EEG anche quando il paziente si disconnette dall&#8217;unit\u00e0 principale per le routine di assistenza quotidiana. La connettivit\u00e0 wireless ad ampio raggio non sacrifica la qualit\u00e0 dei dati con la sua frequenza di campionamento di 1 kHz. I dati EEG vengono salvati sulla memoria interna dell&#8217;unit\u00e0 indossabile e trasferiti quando il paziente si ricollega, assicurando che nessun dato venga perso o compromesso. La connessione Bluetooth dall&#8217;amplificatore alla base unit dell\u2019EMU40EX \u00e8 di tipo punto-punto. I dati non possono essere intercettati o ricevuti da nessun altro dispositivo Bluetooth nell&#8217;area.<\/p>\n<p><span style=\"font-size: 12px;\">Non disponibile in tutti i Paesi. Contattate il vostro rappresentante di zona per la disponibilit\u00e0.<\/span><\/p>\n<p><strong>Robusto e affidabile<\/strong><\/p>\n<p>Dotato di elettronica a stato solido rinforzata, l&#8217;EMU40EX \u00e8 stato progettato per resistere all&#8217;inevitabile usura quotidiana a cui \u00e8 soggetto un amplificatore EEG. L\u2019amplificatore EMU40EX\u00a0leggero e dalle dimensioni di un palmo, salva i dati direttamente su un server centrale, sul disco rigido di una stazione locale o sulla propria memoria flash interna.<\/p>\n<p>EMU40EX garantisce\u00a0che i\u00a0dati registrati permettano un&#8217;interpretazione accurata. Le varie frequenze di campionamento (256, 512 o 1024 Hz) assicurano che EMU40EX fornisca stabilmente EEG diagnostico secondo lo stato dell&#8217;arte. L&#8217;EMU40EX \u00e8 in grado di supportare connettivit\u00e0 USB o TCP\/IP e pu\u00f2 funzionare senza problemi in qualsiasi architettura di rete con indirizzamento fisso e DHCP. L&#8217;EMU40EX unisce alta qualit\u00e0 con flessibilit\u00e0 e affidabilit\u00e0.<\/p>\n","icons":[{"icon":{"ID":2246,"id":2246,"title":"icon-channels","filename":"icon-channels.png","filesize":1062,"url":"https:\/\/natus.com\/wp-content\/uploads\/icon-channels.png","link":"https:\/\/natus.com\/it\/neuro\/icon-channels-2\/","alt":"Icon - Channels","author":"2","description":"","caption":"","name":"icon-channels-2","status":"inherit","uploaded_to":10463,"date":"2023-09-07 23:18:48","modified":"2024-07-29 21:18:55","menu_order":0,"mime_type":"image\/png","type":"image","subtype":"png","icon":"https:\/\/natus.com\/wp-includes\/images\/media\/default.png","width":58,"height":43,"sizes":{"thumbnail":"https:\/\/natus.com\/wp-content\/uploads\/icon-channels.png","thumbnail-width":58,"thumbnail-height":43,"medium":"https:\/\/natus.com\/wp-content\/uploads\/icon-channels.png","medium-width":58,"medium-height":43,"medium_large":"https:\/\/natus.com\/wp-content\/uploads\/icon-channels.png","medium_large-width":58,"medium_large-height":43,"large":"https:\/\/natus.com\/wp-content\/uploads\/icon-channels.png","large-width":58,"large-height":43,"1536x1536":"https:\/\/natus.com\/wp-content\/uploads\/icon-channels.png","1536x1536-width":58,"1536x1536-height":43,"2048x2048":"https:\/\/natus.com\/wp-content\/uploads\/icon-channels.png","2048x2048-width":58,"2048x2048-height":43}},"icon_description":"40 <br \/>\r\nCanali <br \/>\r\nREF + 4 DC"},{"icon":{"ID":2251,"id":2251,"title":"icon-rate","filename":"icon-rate.png","filesize":2246,"url":"https:\/\/natus.com\/wp-content\/uploads\/icon-rate.png","link":"https:\/\/natus.com\/it\/neuro\/icon-rate-2\/","alt":"Icon - Rate","author":"2","description":"","caption":"","name":"icon-rate-2","status":"inherit","uploaded_to":10463,"date":"2023-09-07 23:19:56","modified":"2024-07-29 21:18:51","menu_order":0,"mime_type":"image\/png","type":"image","subtype":"png","icon":"https:\/\/natus.com\/wp-includes\/images\/media\/default.png","width":61,"height":46,"sizes":{"thumbnail":"https:\/\/natus.com\/wp-content\/uploads\/icon-rate.png","thumbnail-width":61,"thumbnail-height":46,"medium":"https:\/\/natus.com\/wp-content\/uploads\/icon-rate.png","medium-width":61,"medium-height":46,"medium_large":"https:\/\/natus.com\/wp-content\/uploads\/icon-rate.png","medium_large-width":61,"medium_large-height":46,"large":"https:\/\/natus.com\/wp-content\/uploads\/icon-rate.png","large-width":61,"large-height":46,"1536x1536":"https:\/\/natus.com\/wp-content\/uploads\/icon-rate.png","1536x1536-width":61,"1536x1536-height":46,"2048x2048":"https:\/\/natus.com\/wp-content\/uploads\/icon-rate.png","2048x2048-width":61,"2048x2048-height":46}},"icon_description":"Frequenza <br \/>\r\ndi Campionamento <br \/>\r\ndi 1 KHZ"},{"icon":{"ID":4694,"id":4694,"title":"icon-wireless","filename":"icon-wireless.png","filesize":1207,"url":"https:\/\/natus.com\/wp-content\/uploads\/icon-wireless.png","link":"https:\/\/natus.com\/it\/neuro\/amplificatore-ltm-wireless-emu40ex\/icon-wireless-2\/","alt":"Icon - Wireless","author":"2","description":"","caption":"","name":"icon-wireless-2","status":"inherit","uploaded_to":9481,"date":"2023-09-15 14:22:46","modified":"2024-07-29 20:20:25","menu_order":0,"mime_type":"image\/png","type":"image","subtype":"png","icon":"https:\/\/natus.com\/wp-includes\/images\/media\/default.png","width":47,"height":39,"sizes":{"thumbnail":"https:\/\/natus.com\/wp-content\/uploads\/icon-wireless.png","thumbnail-width":47,"thumbnail-height":39,"medium":"https:\/\/natus.com\/wp-content\/uploads\/icon-wireless.png","medium-width":47,"medium-height":39,"medium_large":"https:\/\/natus.com\/wp-content\/uploads\/icon-wireless.png","medium_large-width":47,"medium_large-height":39,"large":"https:\/\/natus.com\/wp-content\/uploads\/icon-wireless.png","large-width":47,"large-height":39,"1536x1536":"https:\/\/natus.com\/wp-content\/uploads\/icon-wireless.png","1536x1536-width":47,"1536x1536-height":39,"2048x2048":"https:\/\/natus.com\/wp-content\/uploads\/icon-wireless.png","2048x2048-width":47,"2048x2048-height":39}},"icon_description":"Wireless <br \/>\r\ncon Memoria<br \/>\r\nIntegrata"}],"quick_navigation":[{"quick_link":{"type":"url","value":"#contact-neuro","url":"#contact-neuro","name":"#contact-neuro","title":"Contattaci","target":""}},{"quick_link":{"type":"url","value":"#n64be98eed01eb","url":"#n64be98eed01eb","name":"#n64be98eed01eb","title":"Per Saperne di pi\u00f9","target":""}}],"description":"<p>Progettato specificamente per le strutture dell&#8217;unit\u00e0 di monitoraggio dell&#8217;epilessia (EMU), l&#8217;EMU40EX pu\u00f2 essere utilizzato anche per l&#8217;EEG clinico e alcuni studi sul sonno in laboratorio. Offre 40 canali AC chiaramente contrassegnati che consentono il posizionamento completo degli elettrodi secondo lo schema 10-20. In aggiunta, dal sensore di ossimetria integrato sono disponibili i canali della saturazione dell&#8217;ossigeno e della frequenza cardiaca. Inoltre, sulla base unit sono disponibili 4 canali DC aggiuntivi. Infine, un&#8217;interfaccia per la stimolazione luminosa e un&#8217;interfaccia di commutazione per gli eventi del paziente completano la funzionalit\u00e0 EEG.<\/p>\n<p>L&#8217;EMU40EX \u00e8 adatto per una variet\u00e0 di applicazioni fisse e portatili. Pu\u00f2 essere fissato a una parete o montato su una variet\u00e0 di carrelli, e\u00a0le sue esclusive opzioni di sgancio rapido consentono di spostare l&#8217;unit\u00e0\u00a0in modo semplice e sicuro.<\/p>\n<p>Da un&#8217;estensione di canali di ingresso al monitoraggio wireless ad ampio raggio, questo amplificatore innovativo ha tutte le caratteristiche necessarie per il monitoraggio dell&#8217;attivit\u00e0 cerebrale in una Unit\u00e0 di Monitoraggio dell&#8217;Epilessia.<\/p>\n<p><strong>Caratteristiche principali:<\/strong><\/p>\n<ul>\n<li style=\"list-style-type: none;\">\n<ul>\n<li>Amplificatore a 40 canali;\u00a04 DC, SpO<sub>2<\/sub><\/li>\n<li>Frequenza di campionamento: fino a 1.024 Hz<\/li>\n<li>Wireless con memoria integrata<\/li>\n<li>Larghezza di Banda: Da 0,1 Hz a 400 Hz<\/li>\n<li>Ingressi elettrodi ergonomico per ottimizzare la mobilit\u00e0 del paziente<\/li>\n<li>Ridotte dimensioni e leggero da indossare per il paziente<\/li>\n<\/ul>\n<\/li>\n<\/ul>\n","message_label":"Servizio e Assistenza","message_title":"Cercate un servizio di assistenza o supporto tecnico per i prodotti neuro?","message_link":{"type":"post","value":"8366","url":"https:\/\/natus.com\/it\/supporto\/","name":"Assistenza e Supporto","title":"Servizio e Assistenza Natus","target":""},"right_sticky_image":{"ID":4689,"id":4689,"title":"EMU40EX Main Product Photo - 500x850","filename":"EMU40_Main-Image.png","filesize":234365,"url":"https:\/\/natus.com\/wp-content\/uploads\/EMU40_Main-Image.png","link":"https:\/\/natus.com\/it\/neuro\/amplificatore-ltm-wireless-emu40ex\/emu40ex-main-product-photo-500x850-2\/","alt":"Natus\u00ae EMU40EX\u2122 Wireless LTM Amplifier","author":"2","description":"","caption":"","name":"emu40ex-main-product-photo-500x850-2","status":"inherit","uploaded_to":9481,"date":"2023-09-15 14:20:37","modified":"2024-07-29 20:20:30","menu_order":0,"mime_type":"image\/png","type":"image","subtype":"png","icon":"https:\/\/natus.com\/wp-includes\/images\/media\/default.png","width":500,"height":850,"sizes":{"thumbnail":"https:\/\/natus.com\/wp-content\/uploads\/EMU40_Main-Image.png","thumbnail-width":56,"thumbnail-height":96,"medium":"https:\/\/natus.com\/wp-content\/uploads\/EMU40_Main-Image.png","medium-width":500,"medium-height":850,"medium_large":"https:\/\/natus.com\/wp-content\/uploads\/EMU40_Main-Image.png","medium_large-width":500,"medium_large-height":850,"large":"https:\/\/natus.com\/wp-content\/uploads\/EMU40_Main-Image.png","large-width":500,"large-height":850,"1536x1536":"https:\/\/natus.com\/wp-content\/uploads\/EMU40_Main-Image.png","1536x1536-width":500,"1536x1536-height":850,"2048x2048":"https:\/\/natus.com\/wp-content\/uploads\/EMU40_Main-Image.png","2048x2048-width":500,"2048x2048-height":850}}}},{"acf_fc_layout":"product_information","_acfe_flexible_toggle":"","left_accordion_right_image_landing":{"module_options":{"":null,"module_id":"n64be98eed01eb","module_class":"","module_background_type":"color","module_background_color":"#f1f1f1","module_background_image":false,"module_background_video":"","activate_custom_padding":false,"padding_top_desktop":"0","padding_top_tablet":"0","padding_top_mobile":"0","padding_bottom_desktop":"0","padding_bottom_tablet":"0","padding_bottom_mobile":"0","activate_custom_margin":false,"margin_top_desktop":"0","margin_top_tablet":"0","margin_top_mobile":"0","margin_bottom_desktop":"0","margin_bottom_tablet":"0","margin_bottom_mobile":"0","disable_on":[],"content_alignment_desktop":"left","content_alignment_tablet":"left","content_alignment_mobile":"left"},"intro":"Informazioni sul Prodotto","description":"","accordion":[{"title":"Software","accordion_content":[{"acf_fc_layout":"full_content","accordion_description":"<p><a href=\"https:\/\/natus.com\/it\/neuro\/software-eeg-neuroworks\/\">Il software NeuroWorks EEG<\/a> semplifica il processo di raccolta, monitoraggio, individuazione dei trend e gestione dei dati relativi ai test EEG. Questo consente agli operatori sanitari di risparmiare tempo e di focalizzarsi sulle cure migliori per il paziente.<\/p>\n<p>NeuroWorks, la piattaforma EEG a cui si affidano diverse realt\u00e0 sanitarie e piccoli studi medici in tutto il mondo, ha dimostrato la sua efficacia in tutti gli ambienti clinici, tra cui test EEG di routine, EEG ambulatoriale, monitoraggio a lungo termine (LTM), monitoraggio in terapia intensiva e studi di ricerca.<\/p>\n"}]},{"title":"Download della Documentazione del Prodotto","accordion_content":[{"acf_fc_layout":"full_content","accordion_description":"<p><strong>Brochure Natus NeuroWorks con Quantum, Brain Monitor, EMU40EX, EEG32U e Trex HD<\/strong><br \/>\n<a href=\"https:\/\/partner.natus.com\/m\/20ec46d568b7b45a\/original\/Natus-NeuroWorks-with-Quantum-Brain-Monitor-EMU40EX-EEG32U-Trex-Flyer.pdf\" target=\"_blank\" rel=\"noopener\">Inglese<\/a><br \/>\n<a href=\"https:\/\/natus.bynder.com\/m\/0c74e4b8a296be2a\/original\/Natus-NeuroWorks-with-Quantum-Brain-Monitor-EMU40EX-EEG32U-Trex-Flyer.pdf\">Italiano<\/a><\/p>\n<p><strong>Brochure Soluzioni LTM Natus NeuroWorks<\/strong><br \/>\n<a href=\"https:\/\/natus.bynder.com\/m\/8caf15a9042fd8f8\/original\/Natus-NeuroWorks-LTM-Solutions-with-Quantum-EMU40EX-Brain-Monitor-Cortical-Stimulator-Brain-Monitor-Brochure.pdf\" target=\"_blank\" rel=\"noopener\">Inglese<\/a><br \/>\n<a href=\"https:\/\/natus.bynder.com\/m\/4758214740156367\/original\/Natus-NeuroWorks-LTM-Solutions-with-Quantum-EMU40EX-Brain-Monitor-Cortical-Stimulator-Brain-Monitor-Brochure.pdf\">Italiano<\/a><\/p>\n<p><strong>Brochure Soluzioni ICU Natus NeuroWorks<br \/>\n<\/strong><a href=\"https:\/\/natus.bynder.com\/m\/d08eab22d7c135a2\/original\/Natus-NeuroWorks-ICU-with-Brain-Monitor-EMU40EX-Solutions-Brochure.pdf\" target=\"_blank\" rel=\"noopener\">Inglese<\/a><br \/>\n<a href=\"https:\/\/natus.bynder.com\/m\/b57f0134dc1e4664\/original\/Natus-NeuroWorks-ICU-with-Brain-Monitor-EMU40EX-Solutions-Brochure.pdf\">Italiano<\/a><\/p>\n"}]},{"title":"Accessori","accordion_content":[{"acf_fc_layout":"full_content","accordion_description":"<p>Natus Neuro fornisce una linea completa di accessori per soddisfare tutte le esigenze di registrazione EEG.<\/p>\n<p><img loading=\"lazy\" decoding=\"async\" class=\"alignleft size-full wp-image-3991\" src=\"https:\/\/natus.com\/wp-content\/uploads\/EEG-Supplies_500w.png\" alt=\"\" width=\"500\" height=\"293\" \/><\/p>\n<ul>\n<li>Elettrodi a coppetta EEG Genuine Grass<sup>\u00ae<\/sup>\u00a0riutilizzabili<\/li>\n<li>Elettrodi EEG a coppetta riutilizzabili Grass<\/li>\n<li>Elettrodi EEG a coppetta e coppetta profonda monouso Grass<\/li>\n<li>Cuffie pre-cablate\u00a0<strong>wave<\/strong>guard<sup>\u2122<\/sup>\u00a0original<\/li>\n<li>Cuffie pre-cablate\u00a0<strong>wave<\/strong>guard connect<\/li>\n<li>Prodotti per l\u2019applicazione degli elettrodi<\/li>\n<li>Comodo portale online &#8211; <a href=\"https:\/\/natus.com\/it\/natus-medical-stores\/\">Natus Medical Store<\/a> (disponibile in mercati selezionati)<\/li>\n<\/ul>\n"}]}],"image_left":false}},{"acf_fc_layout":"related_products","_acfe_flexible_toggle":"","tiles_3_columns_landing":{"module_options":{"":null,"module_id":"n64bf9a7609a1f","module_class":"","module_background_type":"color","module_background_color":"#f1f1f1","module_background_image":false,"module_background_video":"","activate_custom_padding":false,"padding_top_desktop":"0","padding_top_tablet":"0","padding_top_mobile":"0","padding_bottom_desktop":"0","padding_bottom_tablet":"0","padding_bottom_mobile":"0","activate_custom_margin":false,"margin_top_desktop":"0","margin_top_tablet":"0","margin_top_mobile":"0","margin_bottom_desktop":"0","margin_bottom_tablet":"0","margin_bottom_mobile":"0","disable_on":[],"content_alignment_desktop":"left","content_alignment_tablet":"left","content_alignment_mobile":"left"},"intro_text":"Prodotti Neuro Correlati","intro_text_color":"#005e63","intro_link":{"type":"post","value":"885","url":"https:\/\/natus.com\/neuro-products\/","name":"Neuro Products","title":"MOSTRA TUTTI I PRODOTTI NEURO","target":""},"tiles":[{"label":"Monitoraggio a Lungo Termine","label_background_color":"#154284","image":{"ID":4226,"id":4226,"title":"Quantum LTM Related Product Photo - 500x400","filename":"Quantum-main-image-10-16-B.png","filesize":169525,"url":"https:\/\/natus.com\/wp-content\/uploads\/Quantum-main-image-10-16-B.png","link":"https:\/\/natus.com\/it\/neuro\/software-eeg-neuroworks\/quantum-ltm-related-product-photo-500x400-2\/","alt":"Quantum LTM","author":"2","description":"","caption":"","name":"quantum-ltm-related-product-photo-500x400-2","status":"inherit","uploaded_to":9423,"date":"2023-09-14 15:28:51","modified":"2024-07-29 20:33:52","menu_order":0,"mime_type":"image\/png","type":"image","subtype":"png","icon":"https:\/\/natus.com\/wp-includes\/images\/media\/default.png","width":500,"height":400,"sizes":{"thumbnail":"https:\/\/natus.com\/wp-content\/uploads\/Quantum-main-image-10-16-B.png","thumbnail-width":120,"thumbnail-height":96,"medium":"https:\/\/natus.com\/wp-content\/uploads\/Quantum-main-image-10-16-B.png","medium-width":500,"medium-height":400,"medium_large":"https:\/\/natus.com\/wp-content\/uploads\/Quantum-main-image-10-16-B.png","medium_large-width":500,"medium_large-height":400,"large":"https:\/\/natus.com\/wp-content\/uploads\/Quantum-main-image-10-16-B.png","large-width":500,"large-height":400,"1536x1536":"https:\/\/natus.com\/wp-content\/uploads\/Quantum-main-image-10-16-B.png","1536x1536-width":500,"1536x1536-height":400,"2048x2048":"https:\/\/natus.com\/wp-content\/uploads\/Quantum-main-image-10-16-B.png","2048x2048-width":500,"2048x2048-height":400}},"title":"Amplificatore LTM Natus\u00ae Quantum\u00ae","link":{"type":"post","value":"9487","url":"https:\/\/natus.com\/it\/neuro\/natus-quantum-ltm\/","name":"Amplificatore LTM Natus\u00ae Quantum\u00ae","title":"Scopri di Pi\u00f9","target":"_blank"}},{"label":"Software EEG","label_background_color":"#154284","image":{"ID":4268,"id":4268,"title":"NeuroWorks Related Product Photo - 500x400","filename":"Neuroworks-10-Related-Product-Photo-500x400-1.png","filesize":211965,"url":"https:\/\/natus.com\/wp-content\/uploads\/Neuroworks-10-Related-Product-Photo-500x400-1.png","link":"https:\/\/natus.com\/it\/neuro\/sistema-video-eeg-ambulatoriale-trex-hd-monitoring\/neuroworks-related-product-photo-500x400-2\/","alt":"","author":"2","description":"","caption":"","name":"neuroworks-related-product-photo-500x400-2","status":"inherit","uploaded_to":9773,"date":"2023-09-14 18:10:52","modified":"2023-09-28 20:12:27","menu_order":0,"mime_type":"image\/png","type":"image","subtype":"png","icon":"https:\/\/natus.com\/wp-includes\/images\/media\/default.png","width":500,"height":400,"sizes":{"thumbnail":"https:\/\/natus.com\/wp-content\/uploads\/Neuroworks-10-Related-Product-Photo-500x400-1.png","thumbnail-width":120,"thumbnail-height":96,"medium":"https:\/\/natus.com\/wp-content\/uploads\/Neuroworks-10-Related-Product-Photo-500x400-1.png","medium-width":500,"medium-height":400,"medium_large":"https:\/\/natus.com\/wp-content\/uploads\/Neuroworks-10-Related-Product-Photo-500x400-1.png","medium_large-width":500,"medium_large-height":400,"large":"https:\/\/natus.com\/wp-content\/uploads\/Neuroworks-10-Related-Product-Photo-500x400-1.png","large-width":500,"large-height":400,"1536x1536":"https:\/\/natus.com\/wp-content\/uploads\/Neuroworks-10-Related-Product-Photo-500x400-1.png","1536x1536-width":500,"1536x1536-height":400,"2048x2048":"https:\/\/natus.com\/wp-content\/uploads\/Neuroworks-10-Related-Product-Photo-500x400-1.png","2048x2048-width":500,"2048x2048-height":400}},"title":"Software EEG Natus\u00ae NeuroWorks\u00ae ","link":{"type":"post","value":"9423","url":"https:\/\/natus.com\/it\/neuro\/software-eeg-neuroworks\/","name":"Software EEG Natus\u00ae NeuroWorks\u00ae","title":"Scopri di Pi\u00f9","target":"_blank"}},{"label":"Monitoraggio a Lungo Termine","label_background_color":"#154284","image":{"ID":4258,"id":4258,"title":"Cortical Stimulator Related Product Photo_500x400","filename":"Cort-Stim-500x400-3.png","filesize":149766,"url":"https:\/\/natus.com\/wp-content\/uploads\/Cort-Stim-500x400-3.png","link":"https:\/\/natus.com\/it\/?attachment_id=4258","alt":"Nicolet Cortical Stimulator","author":"2","description":"","caption":"","name":"cortical-stimulator-related-product-photo_500x400-2","status":"inherit","uploaded_to":9799,"date":"2023-09-14 18:01:53","modified":"2024-07-29 20:33:04","menu_order":0,"mime_type":"image\/png","type":"image","subtype":"png","icon":"https:\/\/natus.com\/wp-includes\/images\/media\/default.png","width":500,"height":400,"sizes":{"thumbnail":"https:\/\/natus.com\/wp-content\/uploads\/Cort-Stim-500x400-3.png","thumbnail-width":120,"thumbnail-height":96,"medium":"https:\/\/natus.com\/wp-content\/uploads\/Cort-Stim-500x400-3.png","medium-width":500,"medium-height":400,"medium_large":"https:\/\/natus.com\/wp-content\/uploads\/Cort-Stim-500x400-3.png","medium_large-width":500,"medium_large-height":400,"large":"https:\/\/natus.com\/wp-content\/uploads\/Cort-Stim-500x400-3.png","large-width":500,"large-height":400,"1536x1536":"https:\/\/natus.com\/wp-content\/uploads\/Cort-Stim-500x400-3.png","1536x1536-width":500,"1536x1536-height":400,"2048x2048":"https:\/\/natus.com\/wp-content\/uploads\/Cort-Stim-500x400-3.png","2048x2048-width":500,"2048x2048-height":400}},"title":"Stimolatore Corticale Nicolet\u00ae ","link":{"type":"post","value":"9502","url":"https:\/\/natus.com\/it\/neuro\/stimolatore-corticale-nicolet\/","name":"Stimolatore Corticale Nicolet\u00ae","title":"Scopri di Pi\u00f9","target":"_blank"}}]}},{"acf_fc_layout":"contact_form","_acfe_flexible_toggle":"","contact_form_landing":{"module_options":{"":null,"module_id":"contact-neuro","module_class":"","module_background_type":"color","module_background_color":"","module_background_image":false,"module_background_video":"","activate_custom_padding":false,"padding_top_desktop":"0","padding_top_tablet":"0","padding_top_mobile":"0","padding_bottom_desktop":"0","padding_bottom_tablet":"0","padding_bottom_mobile":"0","activate_custom_margin":false,"margin_top_desktop":"0","margin_top_tablet":"0","margin_top_mobile":"0","margin_bottom_desktop":"0","margin_bottom_tablet":"0","margin_bottom_mobile":"0","disable_on":[],"content_alignment_desktop":"left","content_alignment_tablet":"left","content_alignment_mobile":"left"},"":null,"activate_intro":true,"intro_text":"Contattate il Vostro Rappresentante Natus","intro_text_color":"#005e63","intro_link":null,"activate_description":true,"description_title":"","description_copy":"Per ulteriori informazioni su questo o altri prodotti, inviateci un messaggio nel modulo sottostante.","embed_code":"<script charset=\"utf-8\" type=\"text\/javascript\" src=\"\/\/js.hsforms.net\/forms\/embed\/v2.js\"><\/script>\r\n<script>\r\n  hbspt.forms.create({\r\n    region: \"na1\",\r\n    portalId: \"3002890\",\r\n    formId: \"ee08c007-f151-4c64-a52b-6221f37556ed\"\r\n  });\r\n<\/script>"}},{"acf_fc_layout":"simple_content","_acfe_flexible_toggle":"","content_full_width_landing":{"module_options":{"":null,"module_id":"n64f769f3689a2","module_class":"","module_background_type":"color","module_background_color":"","module_background_image":false,"module_background_video":"","activate_custom_padding":false,"padding_top_desktop":"0","padding_top_tablet":"0","padding_top_mobile":"0","padding_bottom_desktop":"0","padding_bottom_tablet":"0","padding_bottom_mobile":"0","activate_custom_margin":false,"margin_top_desktop":"0","margin_top_tablet":"0","margin_top_mobile":"0","margin_bottom_desktop":"0","margin_bottom_tablet":"0","margin_bottom_mobile":"0","disable_on":[],"content_alignment_desktop":"left","content_alignment_tablet":"left","content_alignment_mobile":"left"},"content":"<p><span style=\"font-size: 11px;\">041428 RevI<\/span><\/p>\n"}}],"schema_markup":[{"acf_fc_layout":"schema_markup_product","_acfe_flexible_toggle":"","schema_markup_product":{"enable_schema":true,"":null,"device_name":"Amplificatore LTM wireless Natus\u00ae EMU40EX\u2122","device_image":"https:\/\/natus.com\/wp-content\/uploads\/EMU40_Main-Image.png","device_desc":"L\u2019amplificatore LTM a 40 canali con funzionalit\u00e0 wireless integrata consente il monitoraggio video EEG anche quando il paziente si disconnette dall'unit\u00e0 principale.","device_purpose":"","manufacturer_name":"Natus Medical Incorporated","manufacturer_url":"https:\/\/natus.com","brand_name":"Natus","page_url":"https:\/\/natus.com\/it\/neuro\/amplificatore-ltm-wireless-emu40ex\/","in_language":"it","medical_specialty":[]}}]},"_links":{"self":[{"href":"https:\/\/natus.com\/it\/wp-json\/wp\/v2\/pages\/9481","targetHints":{"allow":["GET"]}}],"collection":[{"href":"https:\/\/natus.com\/it\/wp-json\/wp\/v2\/pages"}],"about":[{"href":"https:\/\/natus.com\/it\/wp-json\/wp\/v2\/types\/page"}],"author":[{"embeddable":true,"href":"https:\/\/natus.com\/it\/wp-json\/wp\/v2\/users\/2"}],"replies":[{"embeddable":true,"href":"https:\/\/natus.com\/it\/wp-json\/wp\/v2\/comments?post=9481"}],"version-history":[{"count":9,"href":"https:\/\/natus.com\/it\/wp-json\/wp\/v2\/pages\/9481\/revisions"}],"predecessor-version":[{"id":25493,"href":"https:\/\/natus.com\/it\/wp-json\/wp\/v2\/pages\/9481\/revisions\/25493"}],"up":[{"embeddable":true,"href":"https:\/\/natus.com\/it\/wp-json\/wp\/v2\/pages\/10463"}],"wp:attachment":[{"href":"https:\/\/natus.com\/it\/wp-json\/wp\/v2\/media?parent=9481"}],"wp:term":[{"taxonomy":"category","embeddable":true,"href":"https:\/\/natus.com\/it\/wp-json\/wp\/v2\/categories?post=9481"},{"taxonomy":"post_tag","embeddable":true,"href":"https:\/\/natus.com\/it\/wp-json\/wp\/v2\/tags?post=9481"}],"curies":[{"name":"wp","href":"https:\/\/api.w.org\/{rel}","templated":true}]}}