{"id":9643,"date":"2023-09-08T16:56:39","date_gmt":"2023-09-08T16:56:39","guid":{"rendered":"https:\/\/natus.com\/grass-disposable-deep-cup-eeg-electrodes\/"},"modified":"2024-06-28T20:35:31","modified_gmt":"2024-06-28T20:35:31","slug":"elettrodi-eeg-a-coppetta-profonda-monouso-grass","status":"publish","type":"page","link":"https:\/\/natus.com\/it\/neuro\/elettrodi-eeg-a-coppetta-profonda-monouso-grass\/","title":{"rendered":"Elettrodi EEG a coppetta profonda monouso Grass\u00ae"},"content":{"rendered":"","protected":false},"excerpt":{"rendered":"","protected":false},"author":3,"featured_media":0,"parent":10463,"menu_order":0,"comment_status":"closed","ping_status":"closed","template":"templates\/page-neuro-solutions-product-landing.php","meta":{"_acf_changed":false,"footnotes":""},"categories":[161,200],"tags":[234],"class_list":["post-9643","page","type-page","status-publish","hentry","category-elettroencefalografia-eeg-aeeg-it","category-materiali-neurodiagnostica-it","tag-forniture-eeg-it"],"acf":{"content_blocks":[{"acf_fc_layout":"spacer","_acfe_flexible_toggle":"","spacer":{"module_options":{"":null,"module_id":"n6514e8221cc20","module_class":"","module_background_type":"color","module_background_color":"#00aaa7","module_background_image":false,"module_background_video":"","activate_custom_padding":false,"padding_top_desktop":"0","padding_top_tablet":"0","padding_top_mobile":"0","padding_bottom_desktop":"0","padding_bottom_tablet":"0","padding_bottom_mobile":"0","activate_custom_margin":false,"margin_top_desktop":"0","margin_top_tablet":"0","margin_top_mobile":"0","margin_bottom_desktop":"0","margin_bottom_tablet":"0","margin_bottom_mobile":"0","disable_on":[],"content_alignment_desktop":"left","content_alignment_tablet":"left","content_alignment_mobile":"left"},"height":"270"}},{"acf_fc_layout":"intro_with_sticky_image","_acfe_flexible_toggle":"","left_content_right_image_sticky":{"module_options":{"":null,"module_id":"n6514e82224b20","module_class":"","module_background_type":"color","module_background_color":"#f1f1f1","module_background_image":false,"module_background_video":"","activate_custom_padding":false,"padding_top_desktop":"0","padding_top_tablet":"0","padding_top_mobile":"0","padding_bottom_desktop":"0","padding_bottom_tablet":"0","padding_bottom_mobile":"0","activate_custom_margin":false,"margin_top_desktop":"0","margin_top_tablet":"0","margin_top_mobile":"0","margin_bottom_desktop":"0","margin_bottom_tablet":"0","margin_bottom_mobile":"0","disable_on":[],"content_alignment_desktop":"left","content_alignment_tablet":"left","content_alignment_mobile":"left"},"":null,"title":"Elettrodi EEG a coppetta profonda monouso Grass\u00ae","subheader":"<p>Gli elettrodi EEG a coppetta profonda monouso Grass\u00a0continuano una tradizione di qualit\u00e0 e innovazione del marchio pi\u00f9 affidabile negli elettrodi EEG. L&#8217;aumento del volume della coppetta contiene pi\u00f9 pasta per la registrazione EEG estesa.<\/p>\n<p>&nbsp;<\/p>\n<ul>\n<li>Coppette di 10 mm di diametro in Ag\/AgCl<\/li>\n<li>50% in pi\u00f9 di superficie di contatto e 20% in pi\u00f9 di profondit\u00e0 della coppetta rispetto ai modelli standard<\/li>\n<li>Bassa impedenza sia in EEG di routine che in monitoraggio a lungo termine<\/li>\n<li>Nessuna pulizia e manutenzione; utilizzare una volta e smaltire<\/li>\n<li>Il profilo del connettore touchproof \u00e8 ottimizzato per un facile inserimento e rimozione nell&#8217;amplificatore<\/li>\n<li>Confezione da 10: 10 colori dei cavi: giallo, rosso, arancione, blu, viola, marrone, verde, bianco, grigio, nero<\/li>\n<li>Confezione da 25: 12 colori dei cavi: giallo, rosso, arancione, blu, viola, marrone, verde, bianco, grigio, nero, azzurro, rosa, pi\u00f9 1 extra bianco<\/li>\n<li>Comodo portale online &#8211; <a href=\"https:\/\/natus.com\/it\/natus-medical-stores\/\">Natus Medical Store<\/a> (disponibile in mercati selezionati)<\/li>\n<\/ul>\n<p><span style=\"font-size: 11px;\">Non disponibile in tutti i Paesi. Contattate il vostro rappresentante di zona per la disponibilit\u00e0.<\/span><\/p>\n","icons":[{"icon":{"ID":2227,"id":2227,"title":"icon-feature","filename":"icon-feature.png","filesize":1408,"url":"https:\/\/natus.com\/wp-content\/uploads\/icon-feature.png","link":"https:\/\/natus.com\/it\/neuro\/emg-portatile-dantec-clavis\/icon-feature-2\/","alt":"star","author":"2","description":"Icon - Star","caption":"","name":"icon-feature-2","status":"inherit","uploaded_to":8728,"date":"2023-09-07 22:27:26","modified":"2024-07-29 21:19:16","menu_order":0,"mime_type":"image\/png","type":"image","subtype":"png","icon":"https:\/\/natus.com\/wp-includes\/images\/media\/default.png","width":43,"height":41,"sizes":{"thumbnail":"https:\/\/natus.com\/wp-content\/uploads\/icon-feature.png","thumbnail-width":43,"thumbnail-height":41,"medium":"https:\/\/natus.com\/wp-content\/uploads\/icon-feature.png","medium-width":43,"medium-height":41,"medium_large":"https:\/\/natus.com\/wp-content\/uploads\/icon-feature.png","medium_large-width":43,"medium_large-height":41,"large":"https:\/\/natus.com\/wp-content\/uploads\/icon-feature.png","large-width":43,"large-height":41,"1536x1536":"https:\/\/natus.com\/wp-content\/uploads\/icon-feature.png","1536x1536-width":43,"1536x1536-height":41,"2048x2048":"https:\/\/natus.com\/wp-content\/uploads\/icon-feature.png","2048x2048-width":43,"2048x2048-height":41}},"icon_description":"Disco In ABS <br \/>\r\nRivestito In <br \/>\r\nAg\/AgCl"},{"icon":{"ID":1943,"id":1943,"title":"icon-flag","filename":"icon-flag.png","filesize":664,"url":"https:\/\/natus.com\/wp-content\/uploads\/icon-flag.png","link":"https:\/\/natus.com\/it\/neuro\/emg-portatile-dantec-clavis\/icon-flag-2\/","alt":"Icon - Flag","author":"2","description":"","caption":"","name":"icon-flag-2","status":"inherit","uploaded_to":8728,"date":"2023-09-01 19:14:05","modified":"2024-07-29 21:19:56","menu_order":0,"mime_type":"image\/png","type":"image","subtype":"png","icon":"https:\/\/natus.com\/wp-includes\/images\/media\/default.png","width":30,"height":42,"sizes":{"thumbnail":"https:\/\/natus.com\/wp-content\/uploads\/icon-flag.png","thumbnail-width":30,"thumbnail-height":42,"medium":"https:\/\/natus.com\/wp-content\/uploads\/icon-flag.png","medium-width":30,"medium-height":42,"medium_large":"https:\/\/natus.com\/wp-content\/uploads\/icon-flag.png","medium_large-width":30,"medium_large-height":42,"large":"https:\/\/natus.com\/wp-content\/uploads\/icon-flag.png","large-width":30,"large-height":42,"1536x1536":"https:\/\/natus.com\/wp-content\/uploads\/icon-flag.png","1536x1536-width":30,"1536x1536-height":42,"2048x2048":"https:\/\/natus.com\/wp-content\/uploads\/icon-flag.png","2048x2048-width":30,"2048x2048-height":42}},"icon_description":"Nessuna <br \/>\r\nContaminazione <br \/>\r\nIncrociata"}],"quick_navigation":[{"quick_link":{"type":"url","value":"#contact-neuro","url":"#contact-neuro","name":"#contact-neuro","title":"Contattaci","target":""}},{"quick_link":{"type":"url","value":"#n64be98eed01eb","url":"#n64be98eed01eb","name":"#n64be98eed01eb","title":"Per Saperne di pi\u00f9","target":""}}],"description":"","message_label":"Servizio e Assistenza","message_title":"Cercate un servizio di assistenza o supporto tecnico per i prodotti neuro?","message_link":{"type":"post","value":"8366","url":"https:\/\/natus.com\/it\/supporto\/","name":"Assistenza e Supporto","title":"Servizio e Assistenza Natus","target":""},"right_sticky_image":{"ID":5204,"id":5204,"title":"Grass Disposable Deep Cup Electrodes group_WPI (2)","filename":"Grass-Disposable-Deep-Cup-Electrodes-group_WPI-2.png","filesize":225672,"url":"https:\/\/natus.com\/wp-content\/uploads\/Grass-Disposable-Deep-Cup-Electrodes-group_WPI-2.png","link":"https:\/\/natus.com\/it\/neuro\/elettrodi-eeg-a-coppetta-profonda-monouso-grass\/grass-disposable-deep-cup-electrodes-group_wpi-2-2\/","alt":"Grass Disposable Deep Cup Electrodes ","author":"2","description":"","caption":"","name":"grass-disposable-deep-cup-electrodes-group_wpi-2-2","status":"inherit","uploaded_to":9643,"date":"2023-09-18 19:56:29","modified":"2024-07-26 17:08:35","menu_order":0,"mime_type":"image\/png","type":"image","subtype":"png","icon":"https:\/\/natus.com\/wp-includes\/images\/media\/default.png","width":500,"height":454,"sizes":{"thumbnail":"https:\/\/natus.com\/wp-content\/uploads\/Grass-Disposable-Deep-Cup-Electrodes-group_WPI-2.png","thumbnail-width":106,"thumbnail-height":96,"medium":"https:\/\/natus.com\/wp-content\/uploads\/Grass-Disposable-Deep-Cup-Electrodes-group_WPI-2.png","medium-width":500,"medium-height":454,"medium_large":"https:\/\/natus.com\/wp-content\/uploads\/Grass-Disposable-Deep-Cup-Electrodes-group_WPI-2.png","medium_large-width":500,"medium_large-height":454,"large":"https:\/\/natus.com\/wp-content\/uploads\/Grass-Disposable-Deep-Cup-Electrodes-group_WPI-2.png","large-width":500,"large-height":454,"1536x1536":"https:\/\/natus.com\/wp-content\/uploads\/Grass-Disposable-Deep-Cup-Electrodes-group_WPI-2.png","1536x1536-width":500,"1536x1536-height":454,"2048x2048":"https:\/\/natus.com\/wp-content\/uploads\/Grass-Disposable-Deep-Cup-Electrodes-group_WPI-2.png","2048x2048-width":500,"2048x2048-height":454}}}},{"acf_fc_layout":"product_information","_acfe_flexible_toggle":"","left_accordion_right_image_landing":{"module_options":{"":null,"module_id":"n64be98eed01eb","module_class":"","module_background_type":"color","module_background_color":"","module_background_image":false,"module_background_video":"","activate_custom_padding":false,"padding_top_desktop":"0","padding_top_tablet":"0","padding_top_mobile":"0","padding_bottom_desktop":"0","padding_bottom_tablet":"0","padding_bottom_mobile":"0","activate_custom_margin":false,"margin_top_desktop":"0","margin_top_tablet":"0","margin_top_mobile":"0","margin_bottom_desktop":"0","margin_bottom_tablet":"0","margin_bottom_mobile":"0","disable_on":[],"content_alignment_desktop":"left","content_alignment_tablet":"left","content_alignment_mobile":"left"},"intro":"Informazioni sul Prodotto","description":"","accordion":[{"title":"Specifiche tecniche","accordion_content":[{"acf_fc_layout":"full_content","accordion_description":"<p><strong>Elettrodo<\/strong><\/p>\n<ul>\n<li>Plastica ABS rivestita con\u00a0Ag\/AgCl<\/li>\n<\/ul>\n<p><strong>Dimensioni della coppetta<\/strong><\/p>\n<ul>\n<li><strong>Diametro della coppetta:<\/strong>\u00a010 mm<\/li>\n<li><strong>Altezza della coppetta:<\/strong>\u00a03,0 mm<\/li>\n<li><strong>Diametro interno della coppetta:<\/strong>\u00a06,7 mm<\/li>\n<\/ul>\n<p><strong>Cavo<\/strong><\/p>\n<ul>\n<li><strong>Nucleo:<\/strong>\u00a0Rame stagnato<\/li>\n<li><strong>Guaina:\u00a0<\/strong>PVC<\/li>\n<\/ul>\n<p><strong>Connettore touchproof, 1,5mm femmina (DIN 42 802)<\/strong><\/p>\n<ul>\n<li><strong>Connettore:<\/strong>\u00a0Ottone stagnato<\/li>\n<li><strong>Isolante:<\/strong>\u00a0PVC<\/li>\n<\/ul>\n"}]},{"title":"Download della documentazione del prodotto","accordion_content":[{"acf_fc_layout":"full_content","accordion_description":"<p><strong>Pagina prodotto elettrodi EEG a coppetta monouso Grass<\/strong><br \/>\n<a href=\"https:\/\/natus.bynder.com\/m\/b88701062802c793\/original\/Grass-Disposable-Cup-Electrodes-Flyer.pdf\" target=\"_blank\" rel=\"noopener\">Inglese<\/a><br \/>\n<a href=\"https:\/\/natus.bynder.com\/m\/8859cc6bbf1c22ae\/original\/Grass-Disposable-Cup-Electrodes-Flyer.pdf\" target=\"_blank\" rel=\"noopener\">Francese<\/a><br \/>\n<a href=\"https:\/\/natus.bynder.com\/m\/b6731a54d83ccf8a\/original\/Grass-Disposable-Cup-Electrodes-Flyer.pdf\" target=\"_blank\" rel=\"noopener\">Tedesco<\/a><br \/>\n<a href=\"https:\/\/natus.bynder.com\/m\/8643e7b607f2ea5c\/original\/Grass-Disposable-Cup-Electrodes-Flyer.pdf\" target=\"_blank\" rel=\"noopener\">Italiano<\/a><br \/>\n<a href=\"https:\/\/natus.bynder.com\/m\/77e28e57a304f17b\/original\/Grass-Disposable-Cup-Electrodes-Flyer.pdf\" target=\"_blank\" rel=\"noopener\">Spagnolo<\/a><\/p>\n<p>&nbsp;<\/p>\n<p><strong>Catalogo Accessori per Neurodiagnostica Natus <\/strong><br \/>\n<a href=\"https:\/\/natus.bynder.com\/m\/990029e101bebd22\/original\/Natus-Neurodiagnostic-Supplies-Catalog.pdf\">Inglese<\/a><br \/>\n<a href=\"https:\/\/natus.bynder.com\/m\/158d8472457a8340\/original\/Natus-Neurodiagnostic-Supplies-Catalog.pdf\">Francese<\/a><br \/>\n<a href=\"https:\/\/natus.bynder.com\/m\/2af7bff78ece1e68\/original\/Natus-Neurodiagnostic-Supplies-Catalog.pdf\">Tedesco<\/a><br \/>\n<a href=\"https:\/\/natus.bynder.com\/m\/381843ac1f7e9034\/original\/Natus-Neurodiagnostic-Supplies-Catalog.pdf\">Spagnolo<\/a><\/p>\n"}]}],"image_left":{"ID":5163,"id":5163,"title":"EEG_0074_clinical_RETv1-0","filename":"EEG_0074_clinical_RETv1-0.png","filesize":315008,"url":"https:\/\/natus.com\/wp-content\/uploads\/EEG_0074_clinical_RETv1-0.png","link":"https:\/\/natus.com\/it\/neuro\/elettrodi-eeg-a-coppetta-riutilizzabili-grass-originali\/eeg_0074_clinical_retv1-0-2\/","alt":"Man with electrodes on his scalp","author":"2","description":"","caption":"","name":"eeg_0074_clinical_retv1-0-2","status":"inherit","uploaded_to":9544,"date":"2023-09-18 19:22:21","modified":"2024-07-26 17:09:09","menu_order":0,"mime_type":"image\/png","type":"image","subtype":"png","icon":"https:\/\/natus.com\/wp-includes\/images\/media\/default.png","width":525,"height":350,"sizes":{"thumbnail":"https:\/\/natus.com\/wp-content\/uploads\/EEG_0074_clinical_RETv1-0.png","thumbnail-width":128,"thumbnail-height":85,"medium":"https:\/\/natus.com\/wp-content\/uploads\/EEG_0074_clinical_RETv1-0.png","medium-width":525,"medium-height":350,"medium_large":"https:\/\/natus.com\/wp-content\/uploads\/EEG_0074_clinical_RETv1-0.png","medium_large-width":525,"medium_large-height":350,"large":"https:\/\/natus.com\/wp-content\/uploads\/EEG_0074_clinical_RETv1-0.png","large-width":525,"large-height":350,"1536x1536":"https:\/\/natus.com\/wp-content\/uploads\/EEG_0074_clinical_RETv1-0.png","1536x1536-width":525,"1536x1536-height":350,"2048x2048":"https:\/\/natus.com\/wp-content\/uploads\/EEG_0074_clinical_RETv1-0.png","2048x2048-width":525,"2048x2048-height":350}}}},{"acf_fc_layout":"related_products","_acfe_flexible_toggle":"","tiles_3_columns_landing":{"module_options":{"":null,"module_id":"n6514e82235e03","module_class":"","module_background_type":"color","module_background_color":"","module_background_image":false,"module_background_video":"","activate_custom_padding":false,"padding_top_desktop":"0","padding_top_tablet":"0","padding_top_mobile":"0","padding_bottom_desktop":"0","padding_bottom_tablet":"0","padding_bottom_mobile":"0","activate_custom_margin":false,"margin_top_desktop":"0","margin_top_tablet":"0","margin_top_mobile":"0","margin_bottom_desktop":"0","margin_bottom_tablet":"0","margin_bottom_mobile":"0","disable_on":[],"content_alignment_desktop":"left","content_alignment_tablet":"left","content_alignment_mobile":"left"},"intro_text":"Prodotti Neuro Correlati","intro_text_color":"#005e63","intro_link":{"type":"post","value":"8349","url":"https:\/\/natus.com\/it\/prodotti-neuro\/","name":"Prodotti Neuro","title":"MOSTRA TUTTI I PRODOTTI NEURO","target":""},"tiles":[{"label":"Accessori EEG","label_background_color":"#154284","image":{"ID":4803,"id":4803,"title":"Grass Reuseable Stamped Electrodes Related Product Photo - 500x400","filename":"Grass-Reuseable-Stamped-Electrodes-Related-Product-Photo-500x400-1.png","filesize":163212,"url":"https:\/\/natus.com\/wp-content\/uploads\/Grass-Reuseable-Stamped-Electrodes-Related-Product-Photo-500x400-1.png","link":"https:\/\/natus.com\/it\/neuro\/eeg-aeeg\/accessori-eeg\/grass-reuseable-stamped-electrodes-related-product-photo-500x400-2\/","alt":"Grass Reusable Stamped Electrodes","author":"2","description":"","caption":"","name":"grass-reuseable-stamped-electrodes-related-product-photo-500x400-2","status":"inherit","uploaded_to":12644,"date":"2023-09-15 19:30:08","modified":"2024-07-26 19:13:55","menu_order":0,"mime_type":"image\/png","type":"image","subtype":"png","icon":"https:\/\/natus.com\/wp-includes\/images\/media\/default.png","width":500,"height":400,"sizes":{"thumbnail":"https:\/\/natus.com\/wp-content\/uploads\/Grass-Reuseable-Stamped-Electrodes-Related-Product-Photo-500x400-1.png","thumbnail-width":120,"thumbnail-height":96,"medium":"https:\/\/natus.com\/wp-content\/uploads\/Grass-Reuseable-Stamped-Electrodes-Related-Product-Photo-500x400-1.png","medium-width":500,"medium-height":400,"medium_large":"https:\/\/natus.com\/wp-content\/uploads\/Grass-Reuseable-Stamped-Electrodes-Related-Product-Photo-500x400-1.png","medium_large-width":500,"medium_large-height":400,"large":"https:\/\/natus.com\/wp-content\/uploads\/Grass-Reuseable-Stamped-Electrodes-Related-Product-Photo-500x400-1.png","large-width":500,"large-height":400,"1536x1536":"https:\/\/natus.com\/wp-content\/uploads\/Grass-Reuseable-Stamped-Electrodes-Related-Product-Photo-500x400-1.png","1536x1536-width":500,"1536x1536-height":400,"2048x2048":"https:\/\/natus.com\/wp-content\/uploads\/Grass-Reuseable-Stamped-Electrodes-Related-Product-Photo-500x400-1.png","2048x2048-width":500,"2048x2048-height":400}},"title":"Elettrodi EEG a coppetta riutilizzabili Grass\u00ae","link":{"type":"post","value":"9655","url":"https:\/\/natus.com\/it\/neuro\/elettrodi-eeg-a-coppetta-riutilizzabili-grass\/","name":"Elettrodi EEG a coppetta riutilizzabili Grass\u00ae","title":"Scopri di Pi\u00f9","target":"_blank"}},{"label":"Accessori EEG","label_background_color":"#154284","image":{"ID":4778,"id":4778,"title":"Grass Standard Cup EEG Electrodes Related Product Photo -500x400","filename":"Grass-Disposable-Standard-Cup-EEG-Electrodes-Related-Product-Photo-500x400-1.png","filesize":221785,"url":"https:\/\/natus.com\/wp-content\/uploads\/Grass-Disposable-Standard-Cup-EEG-Electrodes-Related-Product-Photo-500x400-1.png","link":"https:\/\/natus.com\/it\/neuro\/eeg-aeeg\/accessori-eeg\/grass-standard-cup-eeg-electrodes-related-product-photo-500x400-2\/","alt":"Grass Disposable Standard Cup EEG Electrodes","author":"2","description":"","caption":"","name":"grass-standard-cup-eeg-electrodes-related-product-photo-500x400-2","status":"inherit","uploaded_to":12644,"date":"2023-09-15 18:42:55","modified":"2024-07-26 19:14:59","menu_order":0,"mime_type":"image\/png","type":"image","subtype":"png","icon":"https:\/\/natus.com\/wp-includes\/images\/media\/default.png","width":500,"height":400,"sizes":{"thumbnail":"https:\/\/natus.com\/wp-content\/uploads\/Grass-Disposable-Standard-Cup-EEG-Electrodes-Related-Product-Photo-500x400-1.png","thumbnail-width":120,"thumbnail-height":96,"medium":"https:\/\/natus.com\/wp-content\/uploads\/Grass-Disposable-Standard-Cup-EEG-Electrodes-Related-Product-Photo-500x400-1.png","medium-width":500,"medium-height":400,"medium_large":"https:\/\/natus.com\/wp-content\/uploads\/Grass-Disposable-Standard-Cup-EEG-Electrodes-Related-Product-Photo-500x400-1.png","medium_large-width":500,"medium_large-height":400,"large":"https:\/\/natus.com\/wp-content\/uploads\/Grass-Disposable-Standard-Cup-EEG-Electrodes-Related-Product-Photo-500x400-1.png","large-width":500,"large-height":400,"1536x1536":"https:\/\/natus.com\/wp-content\/uploads\/Grass-Disposable-Standard-Cup-EEG-Electrodes-Related-Product-Photo-500x400-1.png","1536x1536-width":500,"1536x1536-height":400,"2048x2048":"https:\/\/natus.com\/wp-content\/uploads\/Grass-Disposable-Standard-Cup-EEG-Electrodes-Related-Product-Photo-500x400-1.png","2048x2048-width":500,"2048x2048-height":400}},"title":"Elettrodi EEG a coppetta monouso Grass\u00ae","link":{"type":"post","value":"9586","url":"https:\/\/natus.com\/it\/neuro\/elettrodi-eeg-a-coppetta-monouso-grass\/","name":"Elettrodi EEG a coppetta monouso Grass\u00ae","title":"Scopri di Pi\u00f9","target":"_blank"}},{"label":"Accessori EEG","label_background_color":"#154284","image":{"ID":4839,"id":4839,"title":"Grass Reusable Cup EEG Electrodes Related Product Photo - 500x400","filename":"Grass-Reusable-Cup-EEG-Electrodes-Related-Product-Photo-500x400-1.png","filesize":153118,"url":"https:\/\/natus.com\/wp-content\/uploads\/Grass-Reusable-Cup-EEG-Electrodes-Related-Product-Photo-500x400-1.png","link":"https:\/\/natus.com\/it\/neuro\/eeg-aeeg\/accessori-eeg\/grass-reusable-cup-eeg-electrodes-related-product-photo-500x400-2\/","alt":"Grass Reusable Cup EEG Electrodes","author":"2","description":"","caption":"","name":"grass-reusable-cup-eeg-electrodes-related-product-photo-500x400-2","status":"inherit","uploaded_to":12644,"date":"2023-09-15 19:32:46","modified":"2024-07-26 19:12:35","menu_order":0,"mime_type":"image\/png","type":"image","subtype":"png","icon":"https:\/\/natus.com\/wp-includes\/images\/media\/default.png","width":500,"height":400,"sizes":{"thumbnail":"https:\/\/natus.com\/wp-content\/uploads\/Grass-Reusable-Cup-EEG-Electrodes-Related-Product-Photo-500x400-1.png","thumbnail-width":120,"thumbnail-height":96,"medium":"https:\/\/natus.com\/wp-content\/uploads\/Grass-Reusable-Cup-EEG-Electrodes-Related-Product-Photo-500x400-1.png","medium-width":500,"medium-height":400,"medium_large":"https:\/\/natus.com\/wp-content\/uploads\/Grass-Reusable-Cup-EEG-Electrodes-Related-Product-Photo-500x400-1.png","medium_large-width":500,"medium_large-height":400,"large":"https:\/\/natus.com\/wp-content\/uploads\/Grass-Reusable-Cup-EEG-Electrodes-Related-Product-Photo-500x400-1.png","large-width":500,"large-height":400,"1536x1536":"https:\/\/natus.com\/wp-content\/uploads\/Grass-Reusable-Cup-EEG-Electrodes-Related-Product-Photo-500x400-1.png","1536x1536-width":500,"1536x1536-height":400,"2048x2048":"https:\/\/natus.com\/wp-content\/uploads\/Grass-Reusable-Cup-EEG-Electrodes-Related-Product-Photo-500x400-1.png","2048x2048-width":500,"2048x2048-height":400}},"title":"Elettrodi EEG a coppetta riutilizzabili Grass\u00ae originali","link":{"type":"post","value":"9544","url":"https:\/\/natus.com\/it\/neuro\/elettrodi-eeg-a-coppetta-riutilizzabili-grass-originali\/","name":"Elettrodi EEG a coppetta riutilizzabili Grass\u00ae originali","title":"Scopri di Pi\u00f9","target":"_blank"}}]}},{"acf_fc_layout":"contact_form","_acfe_flexible_toggle":"","contact_form_landing":{"module_options":{"":null,"module_id":"contact-neuro","module_class":"","module_background_type":"color","module_background_color":"","module_background_image":false,"module_background_video":"","activate_custom_padding":false,"padding_top_desktop":"0","padding_top_tablet":"0","padding_top_mobile":"0","padding_bottom_desktop":"0","padding_bottom_tablet":"0","padding_bottom_mobile":"0","activate_custom_margin":false,"margin_top_desktop":"0","margin_top_tablet":"0","margin_top_mobile":"0","margin_bottom_desktop":"0","margin_bottom_tablet":"0","margin_bottom_mobile":"0","disable_on":[],"content_alignment_desktop":"left","content_alignment_tablet":"left","content_alignment_mobile":"left"},"":null,"activate_intro":true,"intro_text":"Contattate il vostro rappresentante Natus","intro_text_color":"#005e63","intro_link":null,"activate_description":true,"description_title":"","description_copy":"Per ulteriori informazioni su questo o altri prodotti, inviateci un messaggio nel modulo sottostante.","embed_code":"<script charset=\"utf-8\" type=\"text\/javascript\" src=\"\/\/js.hsforms.net\/forms\/embed\/v2.js\"><\/script>\r\n<script>\r\n  hbspt.forms.create({\r\n    region: \"na1\",\r\n    portalId: \"3002890\",\r\n    formId: \"ee08c007-f151-4c64-a52b-6221f37556ed\"\r\n  });\r\n<\/script>"}},{"acf_fc_layout":"simple_content","_acfe_flexible_toggle":"","content_full_width_landing":{"module_options":{"":null,"module_id":"n6514e82244dff","module_class":"","module_background_type":"color","module_background_color":"","module_background_image":false,"module_background_video":"","activate_custom_padding":false,"padding_top_desktop":"0","padding_top_tablet":"0","padding_top_mobile":"0","padding_bottom_desktop":"0","padding_bottom_tablet":"0","padding_bottom_mobile":"0","activate_custom_margin":false,"margin_top_desktop":"0","margin_top_tablet":"0","margin_top_mobile":"0","margin_bottom_desktop":"0","margin_bottom_tablet":"0","margin_bottom_mobile":"0","disable_on":[],"content_alignment_desktop":"left","content_alignment_tablet":"left","content_alignment_mobile":"left"},"content":"<p><span style=\"font-size: 11px;\">041425 RevA<\/span><\/p>\n"}}]},"_links":{"self":[{"href":"https:\/\/natus.com\/it\/wp-json\/wp\/v2\/pages\/9643","targetHints":{"allow":["GET"]}}],"collection":[{"href":"https:\/\/natus.com\/it\/wp-json\/wp\/v2\/pages"}],"about":[{"href":"https:\/\/natus.com\/it\/wp-json\/wp\/v2\/types\/page"}],"author":[{"embeddable":true,"href":"https:\/\/natus.com\/it\/wp-json\/wp\/v2\/users\/3"}],"replies":[{"embeddable":true,"href":"https:\/\/natus.com\/it\/wp-json\/wp\/v2\/comments?post=9643"}],"version-history":[{"count":4,"href":"https:\/\/natus.com\/it\/wp-json\/wp\/v2\/pages\/9643\/revisions"}],"predecessor-version":[{"id":20619,"href":"https:\/\/natus.com\/it\/wp-json\/wp\/v2\/pages\/9643\/revisions\/20619"}],"up":[{"embeddable":true,"href":"https:\/\/natus.com\/it\/wp-json\/wp\/v2\/pages\/10463"}],"wp:attachment":[{"href":"https:\/\/natus.com\/it\/wp-json\/wp\/v2\/media?parent=9643"}],"wp:term":[{"taxonomy":"category","embeddable":true,"href":"https:\/\/natus.com\/it\/wp-json\/wp\/v2\/categories?post=9643"},{"taxonomy":"post_tag","embeddable":true,"href":"https:\/\/natus.com\/it\/wp-json\/wp\/v2\/tags?post=9643"}],"curies":[{"name":"wp","href":"https:\/\/api.w.org\/{rel}","templated":true}]}}