{"id":9727,"date":"2023-09-08T17:40:41","date_gmt":"2023-09-08T17:40:41","guid":{"rendered":"https:\/\/natus.com\/natus-quantum-ar-amplifier\/"},"modified":"2025-12-02T17:59:43","modified_gmt":"2025-12-02T17:59:43","slug":"amplificatore-natus-quantum-ar","status":"publish","type":"page","link":"https:\/\/natus.com\/it\/neuro\/amplificatore-natus-quantum-ar\/","title":{"rendered":"Amplificatore Natus\u00ae Quantum\u00ae AR per la ricerca su animali"},"content":{"rendered":"","protected":false},"excerpt":{"rendered":"","protected":false},"author":2,"featured_media":0,"parent":10463,"menu_order":0,"comment_status":"closed","ping_status":"closed","template":"templates\/page-neuro-solutions-product-landing.php","meta":{"_acf_changed":false,"footnotes":""},"categories":[161],"tags":[220],"class_list":["post-9727","page","type-page","status-publish","hentry","category-elettroencefalografia-eeg-aeeg-it","tag-eeg-animale-it"],"acf":{"content_blocks":[{"acf_fc_layout":"spacer","_acfe_flexible_layout_title":null,"_acfe_flexible_toggle":null,"spacer":{"module_options":{"":null,"module_id":"n64babb6de86c1","module_class":"","module_background_type":"color","module_background_color":"#00aaa7","module_background_image":false,"module_background_video":"","activate_custom_padding":false,"padding_top_desktop":"0","padding_top_tablet":"0","padding_top_mobile":"0","padding_bottom_desktop":"0","padding_bottom_tablet":"0","padding_bottom_mobile":"0","activate_custom_margin":false,"margin_top_desktop":"0","margin_top_tablet":"0","margin_top_mobile":"0","margin_bottom_desktop":"0","margin_bottom_tablet":"0","margin_bottom_mobile":"0","disable_on":[],"content_alignment_desktop":"left","content_alignment_tablet":"left","content_alignment_mobile":"left"},"height":"270"}},{"acf_fc_layout":"intro_with_sticky_image","_acfe_flexible_layout_title":null,"_acfe_flexible_toggle":null,"left_content_right_image_sticky":{"module_options":{"":null,"module_id":"n64bfe3c147dc3","module_class":"","module_background_type":"color","module_background_color":"#f1f1f1","module_background_image":false,"module_background_video":"","activate_custom_padding":false,"padding_top_desktop":"0","padding_top_tablet":"0","padding_top_mobile":"0","padding_bottom_desktop":"0","padding_bottom_tablet":"0","padding_bottom_mobile":"0","activate_custom_margin":false,"margin_top_desktop":"0","margin_top_tablet":"0","margin_top_mobile":"0","margin_bottom_desktop":"0","margin_bottom_tablet":"0","margin_bottom_mobile":"0","disable_on":[],"content_alignment_desktop":"left","content_alignment_tablet":"left","content_alignment_mobile":"left"},"":null,"title":"Amplificatore Natus<sup>\u00ae<\/sup> Quantum<sup>\u2122<\/sup> AR per la ricerca su animali","subheader":"<p>L\u2019\u00a0Amplificatore\u00a0Natus Quantum AR\u00a0\u00e8 specificamente progettato per la ricerca sugli animali con un massimo di 7 riferimenti indipendenti per migliorare la flessibilit\u00e0 e l&#8217;accuratezza nella raccolta dei dati.<\/p>\n<p><span style=\"font-size: 12px;\"><br \/>\nNon disponibile in tutti i Paesi. Contattate il vostro rappresentante di zona per la disponibilit\u00e0..<\/span><\/p>\n","icons":[{"icon":{"ID":2227,"id":2227,"title":"icon-feature","filename":"icon-feature.png","filesize":1408,"url":"https:\/\/natus.com\/wp-content\/uploads\/icon-feature.png","link":"https:\/\/natus.com\/it\/neuro\/emg-portatile-dantec-clavis\/icon-feature-2\/","alt":"star","author":"2","description":"Icon - Star","caption":"","name":"icon-feature-2","status":"inherit","uploaded_to":8728,"date":"2023-09-07 22:27:26","modified":"2024-07-29 21:19:16","menu_order":0,"mime_type":"image\/png","type":"image","subtype":"png","icon":"https:\/\/natus.com\/wp-includes\/images\/media\/default.png","width":43,"height":41,"sizes":{"thumbnail":"https:\/\/natus.com\/wp-content\/uploads\/icon-feature.png","thumbnail-width":43,"thumbnail-height":41,"medium":"https:\/\/natus.com\/wp-content\/uploads\/icon-feature.png","medium-width":43,"medium-height":41,"medium_large":"https:\/\/natus.com\/wp-content\/uploads\/icon-feature.png","medium_large-width":43,"medium_large-height":41,"large":"https:\/\/natus.com\/wp-content\/uploads\/icon-feature.png","large-width":43,"large-height":41,"1536x1536":"https:\/\/natus.com\/wp-content\/uploads\/icon-feature.png","1536x1536-width":43,"1536x1536-height":41,"2048x2048":"https:\/\/natus.com\/wp-content\/uploads\/icon-feature.png","2048x2048-width":43,"2048x2048-height":41}},"icon_description":"Video<br \/>\r\nHD"},{"icon":{"ID":2251,"id":2251,"title":"icon-rate","filename":"icon-rate.png","filesize":2246,"url":"https:\/\/natus.com\/wp-content\/uploads\/icon-rate.png","link":"https:\/\/natus.com\/it\/neuro\/icon-rate-2\/","alt":"Icon - Rate","author":"2","description":"","caption":"","name":"icon-rate-2","status":"inherit","uploaded_to":10463,"date":"2023-09-07 23:19:56","modified":"2024-07-29 21:18:51","menu_order":0,"mime_type":"image\/png","type":"image","subtype":"png","icon":"https:\/\/natus.com\/wp-includes\/images\/media\/default.png","width":61,"height":46,"sizes":{"thumbnail":"https:\/\/natus.com\/wp-content\/uploads\/icon-rate.png","thumbnail-width":61,"thumbnail-height":46,"medium":"https:\/\/natus.com\/wp-content\/uploads\/icon-rate.png","medium-width":61,"medium-height":46,"medium_large":"https:\/\/natus.com\/wp-content\/uploads\/icon-rate.png","medium_large-width":61,"medium_large-height":46,"large":"https:\/\/natus.com\/wp-content\/uploads\/icon-rate.png","large-width":61,"large-height":46,"1536x1536":"https:\/\/natus.com\/wp-content\/uploads\/icon-rate.png","1536x1536-width":61,"1536x1536-height":46,"2048x2048":"https:\/\/natus.com\/wp-content\/uploads\/icon-rate.png","2048x2048-width":61,"2048x2048-height":46}},"icon_description":"Frequenza<br \/>\r\ndi Campionamento<br \/>\r\n16 kHz"},{"icon":{"ID":2246,"id":2246,"title":"icon-channels","filename":"icon-channels.png","filesize":1062,"url":"https:\/\/natus.com\/wp-content\/uploads\/icon-channels.png","link":"https:\/\/natus.com\/it\/neuro\/icon-channels-2\/","alt":"Icon - Channels","author":"2","description":"","caption":"","name":"icon-channels-2","status":"inherit","uploaded_to":10463,"date":"2023-09-07 23:18:48","modified":"2024-07-29 21:18:55","menu_order":0,"mime_type":"image\/png","type":"image","subtype":"png","icon":"https:\/\/natus.com\/wp-includes\/images\/media\/default.png","width":58,"height":43,"sizes":{"thumbnail":"https:\/\/natus.com\/wp-content\/uploads\/icon-channels.png","thumbnail-width":58,"thumbnail-height":43,"medium":"https:\/\/natus.com\/wp-content\/uploads\/icon-channels.png","medium-width":58,"medium-height":43,"medium_large":"https:\/\/natus.com\/wp-content\/uploads\/icon-channels.png","medium_large-width":58,"medium_large-height":43,"large":"https:\/\/natus.com\/wp-content\/uploads\/icon-channels.png","large-width":58,"large-height":43,"1536x1536":"https:\/\/natus.com\/wp-content\/uploads\/icon-channels.png","1536x1536-width":58,"1536x1536-height":43,"2048x2048":"https:\/\/natus.com\/wp-content\/uploads\/icon-channels.png","2048x2048-width":58,"2048x2048-height":43}},"icon_description":"64 Canali <br \/>\r\nReferenziali<br \/>\r\n+ 16 DC"}],"quick_navigation":[{"quick_link":{"type":"url","value":"#contact-neuro","url":"#contact-neuro","name":"#contact-neuro","title":"Contattaci","target":""}},{"quick_link":{"type":"url","value":"#n64be98eed01eb","url":"#n64be98eed01eb","name":"#n64be98eed01eb","title":"Per Saperne di pi\u00f9","target":""}}],"description":"<p>Quantum AR dispone di funzionalit\u00e0 di alta qualit\u00e0, tra cui video HD con zoom digitale, frequenze di campionamento fino a 16 kHz, rilevamento delle punte e delle crisi e si basa sul software intuitivo\u00a0<a title=\"Software EEG Natus\u00ae NeuroWorks\u00ae \" href=\"https:\/\/natus.com\/it\/software-eeg-neuroworks\/\" data-entity-substitution=\"canonical\" data-entity-type=\"node\" data-entity-uuid=\"e22da8f4-4c74-476a-89af-747a983439a2\">NeuroWorks<sup>\u00ae<\/sup><\/a>. Questo sistema pu\u00f2 essere integrato con software di analisi dati di terze parti; e l&#8217;accesso diretto ai dati pu\u00f2 essere reso possibile con il Software Development Kit.<\/p>\n<p>&nbsp;<\/p>\n<p><strong>Caratteristiche principali:<\/strong><\/p>\n<ul>\n<li><span style=\"font-size: 15px;\">64 canali referenziali; 16 DC<\/span><\/li>\n<li><span style=\"font-size: 15px;\">7 riferimenti indipendenti<\/span><\/li>\n<li><span style=\"font-size: 15px;\">Frequenza di campionamento fino a 16 kHz con ampia larghezza di banda da 0,01 Hz a\u00a04 kHz<\/span><\/li>\n<li><span style=\"font-size: 15px;\">Il video ad alta definizione consente a un ricercatore di impostare una singola fotocamera per pi\u00f9 soggetti e di eseguire lo zoom digitale su singoli soggetti.<\/span><\/li>\n<li><span style=\"font-size: 15px;\">Kit di sviluppo software per l&#8217;accesso diretto ai dati<\/span><\/li>\n<li><span style=\"font-size: 15px;\">Software di analisi di terze parti<\/span><\/li>\n<li><span style=\"font-size: 15px;\">Importazione ed esportazione di EDF\/EDF+<\/span><\/li>\n<li><span style=\"font-size: 15px;\">Possibilit\u00e0 di registrare video da pi\u00f9 telecamere<\/span><\/li>\n<li><span style=\"font-size: 15px;\">Trigger esterno a 8 bit per la sincronizzazione di eventi esterni<\/span><\/li>\n<\/ul>\n","message_label":"Servizio e Assistenza","message_title":"Cercate un servizio di assistenza o supporto tecnico per i prodotti neuro?","message_link":{"type":"post","value":"8366","url":"https:\/\/natus.com\/it\/supporto\/","name":"Assistenza e Supporto","title":"Servizio e Assistenza Natus","target":""},"right_sticky_image":{"ID":5044,"id":5044,"title":"Quantum AR Main Product Photo - 500x850","filename":"Quantum-AR_Main-Image.png","filesize":270371,"url":"https:\/\/natus.com\/wp-content\/uploads\/Quantum-AR_Main-Image.png","link":"https:\/\/natus.com\/it\/neuro\/amplificatore-natus-quantum-ar\/quantum-ar-main-product-photo-500x850-2\/","alt":"Natus\u00ae Quantum\u00ae AR Amplifier for Animal Research","author":"2","description":"","caption":"","name":"quantum-ar-main-product-photo-500x850-2","status":"inherit","uploaded_to":9727,"date":"2023-09-18 15:49:28","modified":"2024-07-26 18:48:58","menu_order":0,"mime_type":"image\/png","type":"image","subtype":"png","icon":"https:\/\/natus.com\/wp-includes\/images\/media\/default.png","width":500,"height":850,"sizes":{"thumbnail":"https:\/\/natus.com\/wp-content\/uploads\/Quantum-AR_Main-Image.png","thumbnail-width":56,"thumbnail-height":96,"medium":"https:\/\/natus.com\/wp-content\/uploads\/Quantum-AR_Main-Image.png","medium-width":500,"medium-height":850,"medium_large":"https:\/\/natus.com\/wp-content\/uploads\/Quantum-AR_Main-Image.png","medium_large-width":500,"medium_large-height":850,"large":"https:\/\/natus.com\/wp-content\/uploads\/Quantum-AR_Main-Image.png","large-width":500,"large-height":850,"1536x1536":"https:\/\/natus.com\/wp-content\/uploads\/Quantum-AR_Main-Image.png","1536x1536-width":500,"1536x1536-height":850,"2048x2048":"https:\/\/natus.com\/wp-content\/uploads\/Quantum-AR_Main-Image.png","2048x2048-width":500,"2048x2048-height":850}}}},{"acf_fc_layout":"product_information","_acfe_flexible_layout_title":null,"_acfe_flexible_toggle":null,"left_accordion_right_image_landing":{"module_options":{"":null,"module_id":"n64be98eed01eb","module_class":"","module_background_type":"color","module_background_color":"#f1f1f1","module_background_image":false,"module_background_video":"","activate_custom_padding":false,"padding_top_desktop":"0","padding_top_tablet":"0","padding_top_mobile":"0","padding_bottom_desktop":"0","padding_bottom_tablet":"0","padding_bottom_mobile":"0","activate_custom_margin":false,"margin_top_desktop":"0","margin_top_tablet":"0","margin_top_mobile":"0","margin_bottom_desktop":"0","margin_bottom_tablet":"0","margin_bottom_mobile":"0","disable_on":[],"content_alignment_desktop":"left","content_alignment_tablet":"left","content_alignment_mobile":"left"},"intro":"Informazioni sul Prodotto","description":"","accordion":[{"title":"Software","accordion_content":[{"acf_fc_layout":"full_content","accordion_description":"<p>La\u00a0<a title=\"Software EEG Natus\u00ae NeuroWorks\u00ae \" href=\"https:\/\/natus.com\/it\/software-eeg-neuroworks\/\" data-entity-substitution=\"canonical\" data-entity-type=\"node\" data-entity-uuid=\"e22da8f4-4c74-476a-89af-747a983439a2\">Piattaforma Natus NeuroWorks<sup>\u00ae<\/sup><\/a>\u00a0consente una gestione senza interruzioni di soggetti e studi con acquisizione e revisione degli studi affidabili e flessibili. Queste caratteristiche sono le basi di una soluzione sicura che semplifica la ricerca EEG.<\/p>\n<ul>\n<li>Compatibile con Windows<sup>\u00ae<\/sup>\u00a010<\/li>\n<li>Caratteristiche di sicurezza avanzate<\/li>\n<li>Potente analisi qEEG<\/li>\n<li>Opzioni multiple di analisi automatica picchi ed eventi critici<\/li>\n<li>Video HD completamente sincronizzato<\/li>\n<li>Accesso remoto scalabile con Citrix provisioning<\/li>\n<\/ul>\n"}]},{"title":"Specifiche Fisiche","accordion_content":[{"acf_fc_layout":"full_content","accordion_description":"<p><strong>Dimensioni:\u00a0<\/strong>(HxLxP)<\/p>\n<ul>\n<li><strong>Base unit:<\/strong>\u00a029,2 cm x 26,6 cm x 5,2 cm (11,5\u201d x 10,5\u201d x 2,0\u201d)<\/li>\n<li><strong>Amplificatore:<\/strong>\u00a023,7 cm x 13,3 cm x 5,4 cm (9,3\u201d x 5,25\u201d x 2,1\u201d)<\/li>\n<\/ul>\n<p><strong>Peso:<\/strong><\/p>\n<ul>\n<li><strong>Base Unit:\u00a0\u00a0<\/strong>4,7 lb (2,14 kg)<\/li>\n<li><strong>Centrale di scomposizione:<\/strong>\u00a00,48 kg (1,1 lb)<\/li>\n<\/ul>\n"}]},{"title":"Download della Documentazione del Prodotto","accordion_content":[{"acf_fc_layout":"full_content","accordion_description":"<p><strong>Brochure Amplificatore Natus Quantum AR per la ricerca su animali<\/strong><\/p>\n<p><a href=\"https:\/\/natus.bynder.com\/m\/634633610c7b35d0\/original\/Natus-Quantum-AR-Amplifier-Flyer.pdf\" target=\"_blank\" rel=\"noopener\">Inglese<\/a><\/p>\n"}]},{"title":"Accessori","accordion_content":[{"acf_fc_layout":"full_content","accordion_description":"<p>Natus Neuro fornisce una linea completa di accessori per soddisfare tutte le esigenze di registrazione EEG.<\/p>\n<p><img loading=\"lazy\" decoding=\"async\" class=\"alignleft size-full wp-image-3991\" src=\"https:\/\/natus.com\/wp-content\/uploads\/EEG-Supplies_500w.png\" alt=\"\" width=\"500\" height=\"293\" \/><\/p>\n<ul>\n<li>Elettrodi a coppetta EEG Genuine Grass<sup>\u00ae<\/sup>\u00a0riutilizzabili<\/li>\n<li>Elettrodi EEG a coppetta riutilizzabili Grass<\/li>\n<li>Elettrodi EEG a coppetta e coppetta profonda monouso Grass<\/li>\n<li>Elettrodi ad ago subdermali in platino Genuine Grass<sup>\u00ae<\/sup>riutilizzabili<\/li>\n<li>Elettrodi ad ago subdermali monouso Natus<sup>\u00ae<\/sup>\u00a0Ultra &amp; Classic<\/li>\n<li>Prodotti per l\u2019applicazione degli elettrodi<\/li>\n<li>Comodo portale online &#8211; <a href=\"https:\/\/natus.com\/it\/natus-medical-stores\/\">Natus Medical Store<\/a> (disponibile in mercati selezionati)<\/li>\n<\/ul>\n"}]}],"image_left":false}},{"acf_fc_layout":"related_products","_acfe_flexible_layout_title":null,"_acfe_flexible_toggle":null,"tiles_3_columns_landing":{"module_options":{"":null,"module_id":"n64bf9a7609a1f","module_class":"","module_background_type":"color","module_background_color":"#f1f1f1","module_background_image":false,"module_background_video":"","activate_custom_padding":false,"padding_top_desktop":"0","padding_top_tablet":"0","padding_top_mobile":"0","padding_bottom_desktop":"0","padding_bottom_tablet":"0","padding_bottom_mobile":"0","activate_custom_margin":false,"margin_top_desktop":"0","margin_top_tablet":"0","margin_top_mobile":"0","margin_bottom_desktop":"0","margin_bottom_tablet":"0","margin_bottom_mobile":"0","disable_on":[],"content_alignment_desktop":"left","content_alignment_tablet":"left","content_alignment_mobile":"left"},"intro_text":"Prodotti Neuro Correlati","intro_text_color":"#005e63","intro_link":{"type":"post","value":"8349","url":"https:\/\/natus.com\/it\/prodotti-neuro\/","name":"Prodotti Neuro","title":"MOSTRA TUTTI I PRODOTTI NEURO","target":""},"tiles":[{"label":"Software EEG","label_background_color":"#154284","image":{"ID":4268,"id":4268,"title":"NeuroWorks Related Product Photo - 500x400","filename":"Neuroworks-10-Related-Product-Photo-500x400-1.png","filesize":211965,"url":"https:\/\/natus.com\/wp-content\/uploads\/Neuroworks-10-Related-Product-Photo-500x400-1.png","link":"https:\/\/natus.com\/it\/neuro\/sistema-video-eeg-ambulatoriale-trex-hd-monitoring\/neuroworks-related-product-photo-500x400-2\/","alt":"","author":"2","description":"","caption":"","name":"neuroworks-related-product-photo-500x400-2","status":"inherit","uploaded_to":9773,"date":"2023-09-14 18:10:52","modified":"2023-09-28 20:12:27","menu_order":0,"mime_type":"image\/png","type":"image","subtype":"png","icon":"https:\/\/natus.com\/wp-includes\/images\/media\/default.png","width":500,"height":400,"sizes":{"thumbnail":"https:\/\/natus.com\/wp-content\/uploads\/Neuroworks-10-Related-Product-Photo-500x400-1.png","thumbnail-width":120,"thumbnail-height":96,"medium":"https:\/\/natus.com\/wp-content\/uploads\/Neuroworks-10-Related-Product-Photo-500x400-1.png","medium-width":500,"medium-height":400,"medium_large":"https:\/\/natus.com\/wp-content\/uploads\/Neuroworks-10-Related-Product-Photo-500x400-1.png","medium_large-width":500,"medium_large-height":400,"large":"https:\/\/natus.com\/wp-content\/uploads\/Neuroworks-10-Related-Product-Photo-500x400-1.png","large-width":500,"large-height":400,"1536x1536":"https:\/\/natus.com\/wp-content\/uploads\/Neuroworks-10-Related-Product-Photo-500x400-1.png","1536x1536-width":500,"1536x1536-height":400,"2048x2048":"https:\/\/natus.com\/wp-content\/uploads\/Neuroworks-10-Related-Product-Photo-500x400-1.png","2048x2048-width":500,"2048x2048-height":400}},"title":"Natus\u00ae NeuroWorks\u00ae EEG Software ","link":{"type":"post","value":"9423","url":"https:\/\/natus.com\/it\/neuro\/software-eeg-neuroworks\/","name":"Software EEG Natus\u00ae NeuroWorks\u00ae","title":"Scopri di Pi\u00f9","target":"_blank"}}]}},{"acf_fc_layout":"contact_form","_acfe_flexible_layout_title":null,"_acfe_flexible_toggle":null,"contact_form_landing":{"module_options":{"":null,"module_id":"contact-neuro","module_class":"","module_background_type":"color","module_background_color":"#f1f1f1","module_background_image":false,"module_background_video":"","activate_custom_padding":false,"padding_top_desktop":"0","padding_top_tablet":"0","padding_top_mobile":"0","padding_bottom_desktop":"0","padding_bottom_tablet":"0","padding_bottom_mobile":"0","activate_custom_margin":false,"margin_top_desktop":"0","margin_top_tablet":"0","margin_top_mobile":"0","margin_bottom_desktop":"0","margin_bottom_tablet":"0","margin_bottom_mobile":"0","disable_on":[],"content_alignment_desktop":"left","content_alignment_tablet":"left","content_alignment_mobile":"left"},"":null,"activate_intro":true,"intro_text":"Contattate il Vostro Rappresentante Natus","intro_text_color":"#005e63","intro_link":null,"activate_description":true,"description_title":"","description_copy":"Per ulteriori informazioni su questo o altri prodotti, inviateci un messaggio nel modulo sottostante.","embed_code":"<script charset=\"utf-8\" type=\"text\/javascript\" src=\"\/\/js.hsforms.net\/forms\/embed\/v2.js\"><\/script>\r\n<script>\r\n  hbspt.forms.create({\r\n    region: \"na1\",\r\n    portalId: \"3002890\",\r\n    formId: \"ee08c007-f151-4c64-a52b-6221f37556ed\"\r\n  });\r\n<\/script>"}},{"acf_fc_layout":"simple_content","_acfe_flexible_layout_title":null,"_acfe_flexible_toggle":null,"content_full_width_landing":{"module_options":{"":null,"module_id":"n64f769f3689a2","module_class":"","module_background_type":"color","module_background_color":"","module_background_image":false,"module_background_video":"","activate_custom_padding":false,"padding_top_desktop":"0","padding_top_tablet":"0","padding_top_mobile":"0","padding_bottom_desktop":"0","padding_bottom_tablet":"0","padding_bottom_mobile":"0","activate_custom_margin":false,"margin_top_desktop":"0","margin_top_tablet":"0","margin_top_mobile":"0","margin_bottom_desktop":"0","margin_bottom_tablet":"0","margin_bottom_mobile":"0","disable_on":[],"content_alignment_desktop":"left","content_alignment_tablet":"left","content_alignment_mobile":"left"},"content":"<p><span style=\"font-size: 11px;\">041437 RevC<\/span><\/p>\n"}}],"schema_markup":[{"acf_fc_layout":"schema_markup_product","_acfe_flexible_layout_title":null,"_acfe_flexible_toggle":null,"schema_markup_product":{"enable_schema":true,"":null,"device_name":"Amplificatore Natus\u00ae Quantum\u00ae AR per la ricerca su animali","device_image":"https:\/\/natus.com\/wp-content\/uploads\/Quantum-AR_Main-Image.png","device_desc":"L\u2019Amplificatore AR \u00e8 specificamente progettato per la ricerca sugli animali con un massimo di 7 riferimenti indipendenti per migliorare la flessibilit\u00e0 e l'accuratezza nella raccolta dei dati.","device_purpose":"","manufacturer_name":"Natus Medical Incorporated","manufacturer_url":"https:\/\/natus.com","brand_name":"Natus","page_url":"https:\/\/natus.com\/it\/neuro\/amplificatore-natus-quantum-ar\/","in_language":"it","medical_specialty":["Neurologic"]}}]},"_links":{"self":[{"href":"https:\/\/natus.com\/it\/wp-json\/wp\/v2\/pages\/9727","targetHints":{"allow":["GET"]}}],"collection":[{"href":"https:\/\/natus.com\/it\/wp-json\/wp\/v2\/pages"}],"about":[{"href":"https:\/\/natus.com\/it\/wp-json\/wp\/v2\/types\/page"}],"author":[{"embeddable":true,"href":"https:\/\/natus.com\/it\/wp-json\/wp\/v2\/users\/2"}],"replies":[{"embeddable":true,"href":"https:\/\/natus.com\/it\/wp-json\/wp\/v2\/comments?post=9727"}],"version-history":[{"count":7,"href":"https:\/\/natus.com\/it\/wp-json\/wp\/v2\/pages\/9727\/revisions"}],"predecessor-version":[{"id":25582,"href":"https:\/\/natus.com\/it\/wp-json\/wp\/v2\/pages\/9727\/revisions\/25582"}],"up":[{"embeddable":true,"href":"https:\/\/natus.com\/it\/wp-json\/wp\/v2\/pages\/10463"}],"wp:attachment":[{"href":"https:\/\/natus.com\/it\/wp-json\/wp\/v2\/media?parent=9727"}],"wp:term":[{"taxonomy":"category","embeddable":true,"href":"https:\/\/natus.com\/it\/wp-json\/wp\/v2\/categories?post=9727"},{"taxonomy":"post_tag","embeddable":true,"href":"https:\/\/natus.com\/it\/wp-json\/wp\/v2\/tags?post=9727"}],"curies":[{"name":"wp","href":"https:\/\/api.w.org\/{rel}","templated":true}]}}